{"id":4252,"date":"2017-07-19T13:26:25","date_gmt":"2017-07-19T12:26:25","guid":{"rendered":"http:\/\/new.purejewels.com\/product\/22ct-gold-polki-pendant-3\/"},"modified":"2026-03-09T05:45:35","modified_gmt":"2026-03-09T05:45:35","slug":"22-ayar-altin-polki-kolye-ucu-3","status":"publish","type":"product","link":"https:\/\/www.purejewels.com\/tr\/product\/22ct-gold-polki-pendant-3\/","title":{"rendered":"22 Ayar Alt\u0131n Polki Kolye"},"content":{"rendered":"<p>Bu 22 ayar alt\u0131n Polki kolye ucu ve zincir seti, zarif ve ak\u0131c\u0131 tasar\u0131m\u0131yla geleneksel gelin tak\u0131lar\u0131n\u0131n zarafetini yans\u0131t\u0131yor. G\u00fcl kesim Polki p\u0131rlantalarla s\u00fcsl\u00fc kolye ucu, karma\u015f\u0131k alt\u0131n detaylar i\u00e7inde par\u0131ldayan ta\u015flar\u0131n hassas bir d\u00fczenlemesini sergiliyor. Hafif 22 ayar alt\u0131n zincir kolye, kolye ucunu g\u00fczel bir \u015fekilde tamamlayarak boyun \u00e7izgisi boyunca zarif bir \u015fekilde duran rafine bir siluet olu\u015fturur. D\u00fc\u011f\u00fcnler ve \u00f6zel kutlamalar i\u00e7in tasarlanan bu Polki <a href=\"https:\/\/www.purejewels.com\/tr\/product-category\/22ct-gold-jewellery\/gold-necklaces\/\">geli\u0307n kolye ucu<\/a> set, sofistike ve modern bir \u00e7ekicilik sunarken, tarihi el i\u015f\u00e7ili\u011finin zamans\u0131z cazibesini yakal\u0131yor<\/p>","protected":false},"excerpt":{"rendered":"<ul>\n<li>Kolye ve Zincir Seti<\/li>\n<li>Polki P\u0131rlantal\u0131 22 Ayar Alt\u0131n Gelin Kolyesi<\/li>\n<li>G\u00fcl Kesim Polki P\u0131rlanta, 1,04 karat P\u0131rlanta<\/li>\n<li>a\u011f\u0131rl\u0131k. 4.9g<\/li>\n<li>Fiyat \u00a3755<\/li>\n<\/ul>\n<p>&nbsp;<\/p>\n<ul>\n<li>22 Ayar Alt\u0131n Zincir<\/li>\n<li>A\u011f\u0131rl\u0131k 3 grms<\/li>\n<li>Fiyat \u00a3195<\/li>\n<li>Referans 22112<\/li>\n<\/ul>\n<p>&nbsp;<\/p>\n<ul>\n<li>T\u00fcm fiyatlara KDV dahildir<\/li>\n<li>Londra Tahlil Ofisi Taraf\u0131ndan Damgalanm\u0131\u015f 22 Ayar Alt\u0131n<\/li>\n<li>T\u00fcm Setler Sunum Kutusu ile Birlikte Gelir<\/li>\n<li>Teslimat Dahil<\/li>\n<li>Stok durumu ve stokta bulunan benzer tasar\u0131mlar\u0131n daha fazla g\u00f6r\u00fcnt\u00fcs\u00fc i\u00e7in bizimle canl\u0131 sohbet edin<\/li>\n<\/ul>\n<p>&nbsp;<\/p>","protected":false},"featured_media":4253,"comment_status":"closed","ping_status":"closed","template":"","meta":{"_eb_attr":"","_crsspst_to_jayantr4sg-hostcom":false},"product_brand":[],"product_cat":[1767],"product_tag":[],"class_list":{"0":"post-4252","1":"product","2":"type-product","3":"status-publish","4":"has-post-thumbnail","6":"product_cat-ladies-pendants","8":"first","9":"outofstock","10":"taxable","11":"shipping-taxable","12":"product-type-simple","13":"add-to-wishlist-before_image"},"yoast_head":"<!-- This site is optimized with the Yoast SEO plugin v27.3 - https:\/\/yoast.com\/product\/yoast-seo-wordpress\/ -->\n<title>22ct Gold Polki Bridal Pendant and Chain Set<\/title>\n<meta name=\"description\" content=\"Shop a 22ct gold Polki diamond pendant and chain set crafted for bridal elegance. A delicate gold necklace design featuring traditional rose cut Polki stones.\" \/>\n<meta name=\"robots\" content=\"index, follow, max-snippet:-1, max-image-preview:large, max-video-preview:-1\" \/>\n<link rel=\"canonical\" href=\"https:\/\/www.purejewels.com\/tr\/urun\/22-ayar-altin-polki-kolye-ucu-3\/\" \/>\n<meta property=\"og:locale\" content=\"tr_TR\" \/>\n<meta property=\"og:type\" content=\"article\" \/>\n<meta property=\"og:title\" content=\"22ct Gold Polki Bridal Pendant and Chain Set\" \/>\n<meta property=\"og:description\" content=\"Shop a 22ct gold Polki diamond pendant and chain set crafted for bridal elegance. A delicate gold necklace design featuring traditional rose cut Polki stones.\" \/>\n<meta property=\"og:url\" content=\"https:\/\/www.purejewels.com\/tr\/urun\/22-ayar-altin-polki-kolye-ucu-3\/\" \/>\n<meta property=\"og:site_name\" content=\"PureJewels UK\" \/>\n<meta property=\"article:modified_time\" content=\"2026-03-09T05:45:35+00:00\" \/>\n<meta property=\"og:image\" content=\"https:\/\/static.purejewels.com\/wp-content\/uploads\/2017\/07\/pendant_20423_chain_22112_b_960px-2.jpg\" \/>\n\t<meta property=\"og:image:width\" content=\"960\" \/>\n\t<meta property=\"og:image:height\" content=\"960\" \/>\n\t<meta property=\"og:image:type\" content=\"image\/jpeg\" \/>\n<meta name=\"twitter:card\" content=\"summary_large_image\" \/>\n<meta name=\"twitter:label1\" content=\"Tahmini okuma s\u00fcresi\" \/>\n\t<meta name=\"twitter:data1\" content=\"1 dakika\" \/>\n<script type=\"application\/ld+json\" class=\"yoast-schema-graph\">{\"@context\":\"https:\\\/\\\/schema.org\",\"@graph\":[{\"@type\":[\"WebPage\",\"ItemPage\"],\"@id\":\"https:\\\/\\\/www.purejewels.com\\\/product\\\/22ct-gold-polki-pendant-3\\\/\",\"url\":\"https:\\\/\\\/www.purejewels.com\\\/product\\\/22ct-gold-polki-pendant-3\\\/\",\"name\":\"22ct Gold Polki Bridal Pendant and Chain Set\",\"isPartOf\":{\"@id\":\"https:\\\/\\\/www.purejewels.com\\\/#website\"},\"primaryImageOfPage\":{\"@id\":\"https:\\\/\\\/www.purejewels.com\\\/product\\\/22ct-gold-polki-pendant-3\\\/#primaryimage\"},\"image\":{\"@id\":\"https:\\\/\\\/www.purejewels.com\\\/product\\\/22ct-gold-polki-pendant-3\\\/#primaryimage\"},\"thumbnailUrl\":\"https:\\\/\\\/static.purejewels.com\\\/wp-content\\\/uploads\\\/2017\\\/07\\\/pendant_20423_chain_22112_b_960px-2.jpg\",\"datePublished\":\"2017-07-19T12:26:25+00:00\",\"dateModified\":\"2026-03-09T05:45:35+00:00\",\"description\":\"Shop a 22ct gold Polki diamond pendant and chain set crafted for bridal elegance. A delicate gold necklace design featuring traditional rose cut Polki stones.\",\"breadcrumb\":{\"@id\":\"https:\\\/\\\/www.purejewels.com\\\/product\\\/22ct-gold-polki-pendant-3\\\/#breadcrumb\"},\"inLanguage\":\"tr\",\"potentialAction\":[{\"@type\":\"ReadAction\",\"target\":[\"https:\\\/\\\/www.purejewels.com\\\/product\\\/22ct-gold-polki-pendant-3\\\/\"]}]},{\"@type\":\"ImageObject\",\"inLanguage\":\"tr\",\"@id\":\"https:\\\/\\\/www.purejewels.com\\\/product\\\/22ct-gold-polki-pendant-3\\\/#primaryimage\",\"url\":\"https:\\\/\\\/static.purejewels.com\\\/wp-content\\\/uploads\\\/2017\\\/07\\\/pendant_20423_chain_22112_b_960px-2.jpg\",\"contentUrl\":\"https:\\\/\\\/static.purejewels.com\\\/wp-content\\\/uploads\\\/2017\\\/07\\\/pendant_20423_chain_22112_b_960px-2.jpg\",\"width\":960,\"height\":960,\"caption\":\"pendant_20423_chain_22112_b_960px.jpg\"},{\"@type\":\"BreadcrumbList\",\"@id\":\"https:\\\/\\\/www.purejewels.com\\\/product\\\/22ct-gold-polki-pendant-3\\\/#breadcrumb\",\"itemListElement\":[{\"@type\":\"ListItem\",\"position\":1,\"name\":\"Home\",\"item\":\"https:\\\/\\\/www.purejewels.com\\\/\"},{\"@type\":\"ListItem\",\"position\":2,\"name\":\"Shop\",\"item\":\"https:\\\/\\\/www.purejewels.com\\\/shop\\\/\"},{\"@type\":\"ListItem\",\"position\":3,\"name\":\"22ct Gold Polki Pendant\"}]},{\"@type\":\"WebSite\",\"@id\":\"https:\\\/\\\/www.purejewels.com\\\/#website\",\"url\":\"https:\\\/\\\/www.purejewels.com\\\/\",\"name\":\"PureJewels UK\",\"description\":\"Share the Love\",\"publisher\":{\"@id\":\"https:\\\/\\\/www.purejewels.com\\\/#organization\"},\"potentialAction\":[{\"@type\":\"SearchAction\",\"target\":{\"@type\":\"EntryPoint\",\"urlTemplate\":\"https:\\\/\\\/www.purejewels.com\\\/?s={search_term_string}\"},\"query-input\":{\"@type\":\"PropertyValueSpecification\",\"valueRequired\":true,\"valueName\":\"search_term_string\"}}],\"inLanguage\":\"tr\"},{\"@type\":\"Organization\",\"@id\":\"https:\\\/\\\/www.purejewels.com\\\/#organization\",\"name\":\"PureJewels UK\",\"url\":\"https:\\\/\\\/www.purejewels.com\\\/\",\"logo\":{\"@type\":\"ImageObject\",\"inLanguage\":\"tr\",\"@id\":\"https:\\\/\\\/www.purejewels.com\\\/#\\\/schema\\\/logo\\\/image\\\/\",\"url\":\"https:\\\/\\\/static.purejewels.com\\\/wp-content\\\/uploads\\\/2020\\\/11\\\/Logo-PJ-New-1.png\",\"contentUrl\":\"https:\\\/\\\/static.purejewels.com\\\/wp-content\\\/uploads\\\/2020\\\/11\\\/Logo-PJ-New-1.png\",\"width\":150,\"height\":80,\"caption\":\"PureJewels UK\"},\"image\":{\"@id\":\"https:\\\/\\\/www.purejewels.com\\\/#\\\/schema\\\/logo\\\/image\\\/\"}}]}<\/script>\n<!-- \/ Yoast SEO plugin. -->","yoast_head_json":{"title":"22 Ayar Alt\u0131n Polki Gelin Kolye ve Zincir Seti","description":"Gelin zarafeti i\u00e7in haz\u0131rlanm\u0131\u015f 22 ayar alt\u0131n Polki p\u0131rlanta kolye ucu ve zincir seti sat\u0131n al\u0131n. Geleneksel g\u00fcl kesim Polki ta\u015flar\u0131 i\u00e7eren narin bir alt\u0131n kolye tasar\u0131m\u0131.","robots":{"index":"index","follow":"follow","max-snippet":"max-snippet:-1","max-image-preview":"max-image-preview:large","max-video-preview":"max-video-preview:-1"},"canonical":"https:\/\/www.purejewels.com\/tr\/urun\/22-ayar-altin-polki-kolye-ucu-3\/","og_locale":"tr_TR","og_type":"article","og_title":"22ct Gold Polki Bridal Pendant and Chain Set","og_description":"Shop a 22ct gold Polki diamond pendant and chain set crafted for bridal elegance. A delicate gold necklace design featuring traditional rose cut Polki stones.","og_url":"https:\/\/www.purejewels.com\/tr\/urun\/22-ayar-altin-polki-kolye-ucu-3\/","og_site_name":"PureJewels UK","article_modified_time":"2026-03-09T05:45:35+00:00","og_image":[{"width":960,"height":960,"url":"https:\/\/static.purejewels.com\/wp-content\/uploads\/2017\/07\/pendant_20423_chain_22112_b_960px-2.jpg","type":"image\/jpeg"}],"twitter_card":"summary_large_image","twitter_misc":{"Tahmini okuma s\u00fcresi":"1 dakika"},"schema":{"@context":"https:\/\/schema.org","@graph":[{"@type":["WebPage","ItemPage"],"@id":"https:\/\/www.purejewels.com\/product\/22ct-gold-polki-pendant-3\/","url":"https:\/\/www.purejewels.com\/product\/22ct-gold-polki-pendant-3\/","name":"22 Ayar Alt\u0131n Polki Gelin Kolye ve Zincir Seti","isPartOf":{"@id":"https:\/\/www.purejewels.com\/#website"},"primaryImageOfPage":{"@id":"https:\/\/www.purejewels.com\/product\/22ct-gold-polki-pendant-3\/#primaryimage"},"image":{"@id":"https:\/\/www.purejewels.com\/product\/22ct-gold-polki-pendant-3\/#primaryimage"},"thumbnailUrl":"https:\/\/static.purejewels.com\/wp-content\/uploads\/2017\/07\/pendant_20423_chain_22112_b_960px-2.jpg","datePublished":"2017-07-19T12:26:25+00:00","dateModified":"2026-03-09T05:45:35+00:00","description":"Gelin zarafeti i\u00e7in haz\u0131rlanm\u0131\u015f 22 ayar alt\u0131n Polki p\u0131rlanta kolye ucu ve zincir seti sat\u0131n al\u0131n. Geleneksel g\u00fcl kesim Polki ta\u015flar\u0131 i\u00e7eren narin bir alt\u0131n kolye tasar\u0131m\u0131.","breadcrumb":{"@id":"https:\/\/www.purejewels.com\/product\/22ct-gold-polki-pendant-3\/#breadcrumb"},"inLanguage":"tr","potentialAction":[{"@type":"ReadAction","target":["https:\/\/www.purejewels.com\/product\/22ct-gold-polki-pendant-3\/"]}]},{"@type":"ImageObject","inLanguage":"tr","@id":"https:\/\/www.purejewels.com\/product\/22ct-gold-polki-pendant-3\/#primaryimage","url":"https:\/\/static.purejewels.com\/wp-content\/uploads\/2017\/07\/pendant_20423_chain_22112_b_960px-2.jpg","contentUrl":"https:\/\/static.purejewels.com\/wp-content\/uploads\/2017\/07\/pendant_20423_chain_22112_b_960px-2.jpg","width":960,"height":960,"caption":"pendant_20423_chain_22112_b_960px.jpg"},{"@type":"BreadcrumbList","@id":"https:\/\/www.purejewels.com\/product\/22ct-gold-polki-pendant-3\/#breadcrumb","itemListElement":[{"@type":"ListItem","position":1,"name":"Home","item":"https:\/\/www.purejewels.com\/"},{"@type":"ListItem","position":2,"name":"Shop","item":"https:\/\/www.purejewels.com\/shop\/"},{"@type":"ListItem","position":3,"name":"22ct Gold Polki Pendant"}]},{"@type":"WebSite","@id":"https:\/\/www.purejewels.com\/#website","url":"https:\/\/www.purejewels.com\/","name":"PureJewels \u0130ngiltere","description":"Sevgiyi Payla\u015f\u0131n","publisher":{"@id":"https:\/\/www.purejewels.com\/#organization"},"potentialAction":[{"@type":"SearchAction","target":{"@type":"EntryPoint","urlTemplate":"https:\/\/www.purejewels.com\/?s={search_term_string}"},"query-input":{"@type":"PropertyValueSpecification","valueRequired":true,"valueName":"search_term_string"}}],"inLanguage":"tr"},{"@type":"Organization","@id":"https:\/\/www.purejewels.com\/#organization","name":"PureJewels \u0130ngiltere","url":"https:\/\/www.purejewels.com\/","logo":{"@type":"ImageObject","inLanguage":"tr","@id":"https:\/\/www.purejewels.com\/#\/schema\/logo\/image\/","url":"https:\/\/static.purejewels.com\/wp-content\/uploads\/2020\/11\/Logo-PJ-New-1.png","contentUrl":"https:\/\/static.purejewels.com\/wp-content\/uploads\/2020\/11\/Logo-PJ-New-1.png","width":150,"height":80,"caption":"PureJewels UK"},"image":{"@id":"https:\/\/www.purejewels.com\/#\/schema\/logo\/image\/"}}]}},"_links":{"self":[{"href":"https:\/\/www.purejewels.com\/tr\/wp-json\/wp\/v2\/product\/4252","targetHints":{"allow":["GET"]}}],"collection":[{"href":"https:\/\/www.purejewels.com\/tr\/wp-json\/wp\/v2\/product"}],"about":[{"href":"https:\/\/www.purejewels.com\/tr\/wp-json\/wp\/v2\/types\/product"}],"replies":[{"embeddable":true,"href":"https:\/\/www.purejewels.com\/tr\/wp-json\/wp\/v2\/comments?post=4252"}],"version-history":[{"count":2,"href":"https:\/\/www.purejewels.com\/tr\/wp-json\/wp\/v2\/product\/4252\/revisions"}],"predecessor-version":[{"id":426805,"href":"https:\/\/www.purejewels.com\/tr\/wp-json\/wp\/v2\/product\/4252\/revisions\/426805"}],"wp:featuredmedia":[{"embeddable":true,"href":"https:\/\/www.purejewels.com\/tr\/wp-json\/wp\/v2\/media\/4253"}],"wp:attachment":[{"href":"https:\/\/www.purejewels.com\/tr\/wp-json\/wp\/v2\/media?parent=4252"}],"wp:term":[{"taxonomy":"product_brand","embeddable":true,"href":"https:\/\/www.purejewels.com\/tr\/wp-json\/wp\/v2\/product_brand?post=4252"},{"taxonomy":"product_cat","embeddable":true,"href":"https:\/\/www.purejewels.com\/tr\/wp-json\/wp\/v2\/product_cat?post=4252"},{"taxonomy":"product_tag","embeddable":true,"href":"https:\/\/www.purejewels.com\/tr\/wp-json\/wp\/v2\/product_tag?post=4252"}],"curies":[{"name":"wp","href":"https:\/\/api.w.org\/{rel}","templated":true}]}}