{"id":4260,"date":"2017-07-19T13:26:31","date_gmt":"2017-07-19T12:26:31","guid":{"rendered":"http:\/\/new.purejewels.com\/product\/22ct-gold-mangalsutra-pendant-8\/"},"modified":"2026-01-07T10:51:09","modified_gmt":"2026-01-07T10:51:09","slug":"22-ayar-altin-mangalsutra-kolye-ucu-8","status":"publish","type":"product","link":"https:\/\/www.purejewels.com\/tr\/product\/22ct-gold-mangalsutra-pendant-8\/","title":{"rendered":"22 Ayar Alt\u0131n Mangalsutra Kolye"},"content":{"rendered":"<p>M\u00fckemmel g\u00fcn\u00fcn\u00fcz i\u00e7in, i\u015fte size sansasyonel bir <a href=\"https:\/\/www.purejewels.com\/tr\/product\/22ct-gold-jali-filigree-ring-jali-collection-31926\/\">22ct<\/a> alt\u0131n <a href=\"https:\/\/www.purejewels.com\/tr\/product-category\/22ct-gold-jewellery\/gold-mangalsutras\/\">mangalsutra<\/a> Kolye ucu. Par\u0131ldayan, ay \u0131\u015f\u0131\u011f\u0131 zirkonya, gece yar\u0131s\u0131 siyah\u0131 boncuklar ve s\u0131cak alt\u0131n ile g\u00fczel bir kontrast olu\u015fturur. Kolyenizin en \u00f6nemli par\u00e7as\u0131 <a href=\"https:\/\/www.purejewels.com\/tr\/product\/22ct-gold-bridal-necklace-46262\/\">geli\u0307n takilari<\/a>ve evlilik hayat\u0131n\u0131z boyunca takaca\u011f\u0131n\u0131z bir par\u00e7a. Klasik mangalsutradan esinlenilerek tasarlanan bu \u00e7\u00f6kmekte olan kolye ucu, p\u0131rlantalarla dolu Hint \u015fal\u0131ndan bir g\u00f6zya\u015f\u0131 damlas\u0131na sahiptir. Minimalizm yok: tamamen ihti\u015faml\u0131. Neden olmas\u0131n ki? Sadece bir kez yapaca\u011f\u0131n\u0131z bir yat\u0131r\u0131m.  *Bu Alt\u0131n Mangalsutra Kolye ucu sipari\u015f \u00fczerine \u00f6zel olarak \u00fcretilmektedir, sat\u0131n almak isterseniz bizimle ileti\u015fime ge\u00e7in.<\/p>\n<ul>\n<li>Zincirsiz Alt\u0131n Mangalsutra Kolye<\/li>\n<li>A\u011f\u0131rl\u0131k: 13,4 gms<\/li>\n<li>T\u00fcm fiyatlara KDV dahildir<\/li>\n<li>Londra Tahlil Ofisi Taraf\u0131ndan Damgalanm\u0131\u015f 22 Ayar Alt\u0131n<\/li>\n<li>Sunum Kutusu ile Birlikte Gelir<\/li>\n<li>Teslimat Dahil<\/li>\n<li>S\u0130PAR\u0130\u015e \u00dcZER\u0130NE YAPILIR. Bilgi almak i\u00e7in Canl\u0131 Sohbet'i kullan\u0131n veya \u015fu anda stokta bulunan benzer tasar\u0131mlar\u0131n daha fazla resmini g\u00f6r\u00fcn.<\/li>\n<li>Bu alt\u0131n mangalsutra kolye ucu 22 ayar alt\u0131ndan yap\u0131lm\u0131\u015ft\u0131r. 22 ayar alt\u0131n\u0131 se\u00e7memizin nedeni, kaliteli m\u00fccevher yap\u0131m\u0131 i\u00e7in en iyi kalite olmas\u0131 ve \u00f6m\u00fcr boyu kullan\u0131lacak bir par\u00e7a i\u00e7in m\u00fckemmel bir se\u00e7im olmas\u0131d\u0131r.<\/li>\n<li>Elmas benzeri \u0131\u015f\u0131lt\u0131 i\u00e7in \u00e7ok say\u0131da faset kesimli, en kaliteli zirkonya ile tamamlanm\u0131\u015ft\u0131r.<\/li>\n<li>Bu alt\u0131n mangalsutra kolye ucu, Z\u0130NC\u0130R HAR\u0130\u00c7 13,4 gr a\u011f\u0131rl\u0131\u011f\u0131ndad\u0131r.<\/li>\n<li>Alt\u0131n mangalsutra zincirini ayr\u0131ca sat\u0131n al\u0131n - se\u00e7enekler i\u00e7in bize mesaj at\u0131n. Bu \u015fekilde kendi zincirinizi veya boncuklar\u0131n\u0131z\u0131 se\u00e7erek mangalsutran\u0131z\u0131 \u00f6zelle\u015ftirebilirsiniz.<\/li>\n<li>Londra Assay Ofisi taraf\u0131ndan damgalanm\u0131\u015ft\u0131r.<\/li>\n<\/ul>\n<p><strong>Alt\u0131n Mangalsutra Kolye Gelene\u011fi<\/strong><br \/>\nHindu gelene\u011finde Mangalsutra d\u00fc\u011f\u00fcn g\u00fcn\u00fc geline verilir.  \u00c7e\u015fitli \u015fekillerde kocas\u0131n\u0131n sa\u011fl\u0131\u011f\u0131n\u0131 korudu\u011fu, do\u011furganl\u0131\u011f\u0131 art\u0131rd\u0131\u011f\u0131 veya iyi \u015fans yaratt\u0131\u011f\u0131 d\u00fc\u015f\u00fcn\u00fcl\u00fcr.  Alt\u0131n veya sar\u0131 ve siyah boncuklar\u0131n kombinasyonu, nazardan korunmak i\u00e7in kullan\u0131lan geleneksel renklerden gelmektedir.  Mangalsutra bir zamanlar damat taraf\u0131ndan ba\u011flan\u0131r ve sonsuza dek tak\u0131l\u0131rd\u0131; bug\u00fcnlerde bir\u00e7ok evli kad\u0131n bunu yaln\u0131zca \u00f6zel g\u00fcnlerde tak\u0131yor.  G\u00f6r\u00fc\u015f\u00fcn\u00fcz ne olursa olsun, mangalsutra takmak hala \u00e7ok sevilen bir \u015feydir ve bir kad\u0131n\u0131n m\u00fccevher kutusunun sevilen bir par\u00e7as\u0131 haline gelebilir.  Muhtemelen nesilden nesile de aktar\u0131lacak ve de\u011ferli an\u0131lar\u0131n ta\u015f\u0131y\u0131c\u0131s\u0131 olacakt\u0131r.<\/p>\n<p><strong>Do\u011fru Alt\u0131n Mangalsutra Kolye Nas\u0131l Se\u00e7ilir?<\/strong><br \/>\nMangalsutra d\u00fc\u011f\u00fcn g\u00fcn\u00fcn\u00fcz\u00fcn k\u00fc\u00e7\u00fck bir par\u00e7as\u0131d\u0131r, ancak hayat\u0131n\u0131z\u0131n geri kalan\u0131 boyunca devam eder.  Bu nedenle, biraz klasik (ancak zevkinize \u00e7ok uygun; bu son derece ki\u015fisel bir m\u00fccevher par\u00e7as\u0131d\u0131r) ve kal\u0131c\u0131 bir Mangalsutra se\u00e7mek iyi bir fikirdir.  Bu bir yat\u0131r\u0131md\u0131r; e\u011fer 22 ayar alt\u0131n\u0131 kar\u015f\u0131layabiliyorsan\u0131z, o zaman bunu yap\u0131n.  \u00c7a\u011fda\u015f alt\u0131n Mangalsutra'lar\u0131m\u0131z (beyaz alt\u0131n lehine gelene\u011fi bozan Vinyasa Mangalsutra gibi) ve \u00e7ok geleneksel alt\u0131n Mangalsutra'lar\u0131m\u0131z var. <a href=\"https:\/\/www.purejewels.com\/tr\/product-category\/22ct-gold-jewellery\/gold-pendants\/\">KOLYE<\/a> (bunun gibi 22 ayar alt\u0131n).   Belki de se\u00e7im yapman\u0131n en iyi yolu t\u00fcm tavsiyeleri g\u00f6z ard\u0131 etmektir.  Kalbinize hitap eden bir Mangalsutra se\u00e7in.<\/p>","protected":false},"excerpt":{"rendered":"<ul>\n<li>Zincirsiz Mangalsutra Kolye<\/li>\n<li>A\u011f\u0131rl\u0131k: 13,4 gms<\/li>\n<li>T\u00fcm fiyatlara KDV dahildir<\/li>\n<li>Londra Tahlil Ofisi Taraf\u0131ndan Damgalanm\u0131\u015f 22 Ayar Alt\u0131n<\/li>\n<li>Sunum Kutusu ile Birlikte Gelir<\/li>\n<li>Teslimat Dahil<\/li>\n<li>\u015eu anda Stokta Yok, Stok durumu ve \u015fu anda stokta bulunan benzer tasar\u0131mlar\u0131n daha fazla g\u00f6r\u00fcnt\u00fcs\u00fc i\u00e7in bizimle canl\u0131 sohbet edin<\/li>\n<\/ul>\n<p>&nbsp;<\/p>","protected":false},"featured_media":4261,"comment_status":"closed","ping_status":"closed","template":"","meta":{"_eb_attr":"","_crsspst_to_jayantr4sg-hostcom":true},"product_brand":[],"product_cat":[1776],"product_tag":[],"class_list":{"0":"post-4260","1":"product","2":"type-product","3":"status-publish","4":"has-post-thumbnail","6":"product_cat-occasional-wear-mangalsutras","8":"first","9":"outofstock","10":"taxable","11":"shipping-taxable","12":"product-type-simple","13":"add-to-wishlist-before_image"},"yoast_head":"<!-- This site is optimized with the Yoast SEO plugin v27.3 - https:\/\/yoast.com\/product\/yoast-seo-wordpress\/ -->\n<title>22ct Gold Mangalsutra Pendant - PureJewels UK<\/title>\n<meta name=\"robots\" content=\"index, follow, max-snippet:-1, max-image-preview:large, max-video-preview:-1\" \/>\n<link rel=\"canonical\" href=\"https:\/\/www.purejewels.com\/tr\/urun\/22-ayar-altin-mangalsutra-kolye-ucu-8\/\" \/>\n<meta property=\"og:locale\" content=\"tr_TR\" \/>\n<meta property=\"og:type\" content=\"article\" \/>\n<meta property=\"og:title\" content=\"22ct Gold Mangalsutra Pendant - PureJewels UK\" \/>\n<meta property=\"og:description\" content=\"Mangalsutra Pendant without chain  Wt :\u00a0 13.4 gms  All prices include VAT  22ct Gold\u00a0Hallmarked by London Assay Office  Comes With Presentation Box  Delivery Included  Currently Out of Stock , Live chat with us for availability and more images of similar designs currently in stock  &nbsp;\" \/>\n<meta property=\"og:url\" content=\"https:\/\/www.purejewels.com\/tr\/urun\/22-ayar-altin-mangalsutra-kolye-ucu-8\/\" \/>\n<meta property=\"og:site_name\" content=\"PureJewels UK\" \/>\n<meta property=\"article:modified_time\" content=\"2026-01-07T10:51:09+00:00\" \/>\n<meta property=\"og:image\" content=\"https:\/\/www.purejewels.com\/wp-content\/uploads\/2017\/07\/mangalsutra_22362_960px-2.jpg\" \/>\n\t<meta property=\"og:image:width\" content=\"960\" \/>\n\t<meta property=\"og:image:height\" content=\"960\" \/>\n\t<meta property=\"og:image:type\" content=\"image\/jpeg\" \/>\n<meta name=\"twitter:card\" content=\"summary_large_image\" \/>\n<meta name=\"twitter:label1\" content=\"Tahmini okuma s\u00fcresi\" \/>\n\t<meta name=\"twitter:data1\" content=\"2 dakika\" \/>\n<script type=\"application\/ld+json\" class=\"yoast-schema-graph\">{\"@context\":\"https:\\\/\\\/schema.org\",\"@graph\":[{\"@type\":[\"WebPage\",\"ItemPage\"],\"@id\":\"https:\\\/\\\/www.purejewels.com\\\/product\\\/22ct-gold-mangalsutra-pendant-8\\\/\",\"url\":\"https:\\\/\\\/www.purejewels.com\\\/product\\\/22ct-gold-mangalsutra-pendant-8\\\/\",\"name\":\"22ct Gold Mangalsutra Pendant - PureJewels UK\",\"isPartOf\":{\"@id\":\"https:\\\/\\\/www.purejewels.com\\\/#website\"},\"primaryImageOfPage\":{\"@id\":\"https:\\\/\\\/www.purejewels.com\\\/product\\\/22ct-gold-mangalsutra-pendant-8\\\/#primaryimage\"},\"image\":{\"@id\":\"https:\\\/\\\/www.purejewels.com\\\/product\\\/22ct-gold-mangalsutra-pendant-8\\\/#primaryimage\"},\"thumbnailUrl\":\"https:\\\/\\\/static.purejewels.com\\\/wp-content\\\/uploads\\\/2017\\\/07\\\/mangalsutra_22362_960px-2.jpg\",\"datePublished\":\"2017-07-19T12:26:31+00:00\",\"dateModified\":\"2026-01-07T10:51:09+00:00\",\"breadcrumb\":{\"@id\":\"https:\\\/\\\/www.purejewels.com\\\/product\\\/22ct-gold-mangalsutra-pendant-8\\\/#breadcrumb\"},\"inLanguage\":\"tr\",\"potentialAction\":[{\"@type\":\"ReadAction\",\"target\":[\"https:\\\/\\\/www.purejewels.com\\\/product\\\/22ct-gold-mangalsutra-pendant-8\\\/\"]}]},{\"@type\":\"ImageObject\",\"inLanguage\":\"tr\",\"@id\":\"https:\\\/\\\/www.purejewels.com\\\/product\\\/22ct-gold-mangalsutra-pendant-8\\\/#primaryimage\",\"url\":\"https:\\\/\\\/static.purejewels.com\\\/wp-content\\\/uploads\\\/2017\\\/07\\\/mangalsutra_22362_960px-2.jpg\",\"contentUrl\":\"https:\\\/\\\/static.purejewels.com\\\/wp-content\\\/uploads\\\/2017\\\/07\\\/mangalsutra_22362_960px-2.jpg\",\"width\":960,\"height\":960,\"caption\":\"mangalsutra_22362_960px.jpg\"},{\"@type\":\"BreadcrumbList\",\"@id\":\"https:\\\/\\\/www.purejewels.com\\\/product\\\/22ct-gold-mangalsutra-pendant-8\\\/#breadcrumb\",\"itemListElement\":[{\"@type\":\"ListItem\",\"position\":1,\"name\":\"Home\",\"item\":\"https:\\\/\\\/www.purejewels.com\\\/\"},{\"@type\":\"ListItem\",\"position\":2,\"name\":\"Shop\",\"item\":\"https:\\\/\\\/www.purejewels.com\\\/shop\\\/\"},{\"@type\":\"ListItem\",\"position\":3,\"name\":\"22ct Gold Mangalsutra Pendant\"}]},{\"@type\":\"WebSite\",\"@id\":\"https:\\\/\\\/www.purejewels.com\\\/#website\",\"url\":\"https:\\\/\\\/www.purejewels.com\\\/\",\"name\":\"PureJewels UK\",\"description\":\"Share the Love\",\"publisher\":{\"@id\":\"https:\\\/\\\/www.purejewels.com\\\/#organization\"},\"potentialAction\":[{\"@type\":\"SearchAction\",\"target\":{\"@type\":\"EntryPoint\",\"urlTemplate\":\"https:\\\/\\\/www.purejewels.com\\\/?s={search_term_string}\"},\"query-input\":{\"@type\":\"PropertyValueSpecification\",\"valueRequired\":true,\"valueName\":\"search_term_string\"}}],\"inLanguage\":\"tr\"},{\"@type\":\"Organization\",\"@id\":\"https:\\\/\\\/www.purejewels.com\\\/#organization\",\"name\":\"PureJewels UK\",\"url\":\"https:\\\/\\\/www.purejewels.com\\\/\",\"logo\":{\"@type\":\"ImageObject\",\"inLanguage\":\"tr\",\"@id\":\"https:\\\/\\\/www.purejewels.com\\\/#\\\/schema\\\/logo\\\/image\\\/\",\"url\":\"https:\\\/\\\/static.purejewels.com\\\/wp-content\\\/uploads\\\/2020\\\/11\\\/Logo-PJ-New-1.png\",\"contentUrl\":\"https:\\\/\\\/static.purejewels.com\\\/wp-content\\\/uploads\\\/2020\\\/11\\\/Logo-PJ-New-1.png\",\"width\":150,\"height\":80,\"caption\":\"PureJewels UK\"},\"image\":{\"@id\":\"https:\\\/\\\/www.purejewels.com\\\/#\\\/schema\\\/logo\\\/image\\\/\"}}]}<\/script>\n<!-- \/ Yoast SEO plugin. -->","yoast_head_json":{"title":"22 Ayar Alt\u0131n Mangalsutra Kolye Ucu - PureJewels UK","robots":{"index":"index","follow":"follow","max-snippet":"max-snippet:-1","max-image-preview":"max-image-preview:large","max-video-preview":"max-video-preview:-1"},"canonical":"https:\/\/www.purejewels.com\/tr\/urun\/22-ayar-altin-mangalsutra-kolye-ucu-8\/","og_locale":"tr_TR","og_type":"article","og_title":"22ct Gold Mangalsutra Pendant - PureJewels UK","og_description":"Mangalsutra Pendant without chain  Wt :\u00a0 13.4 gms  All prices include VAT  22ct Gold\u00a0Hallmarked by London Assay Office  Comes With Presentation Box  Delivery Included  Currently Out of Stock , Live chat with us for availability and more images of similar designs currently in stock  &nbsp;","og_url":"https:\/\/www.purejewels.com\/tr\/urun\/22-ayar-altin-mangalsutra-kolye-ucu-8\/","og_site_name":"PureJewels UK","article_modified_time":"2026-01-07T10:51:09+00:00","og_image":[{"width":960,"height":960,"url":"https:\/\/www.purejewels.com\/wp-content\/uploads\/2017\/07\/mangalsutra_22362_960px-2.jpg","type":"image\/jpeg"}],"twitter_card":"summary_large_image","twitter_misc":{"Tahmini okuma s\u00fcresi":"2 dakika"},"schema":{"@context":"https:\/\/schema.org","@graph":[{"@type":["WebPage","ItemPage"],"@id":"https:\/\/www.purejewels.com\/product\/22ct-gold-mangalsutra-pendant-8\/","url":"https:\/\/www.purejewels.com\/product\/22ct-gold-mangalsutra-pendant-8\/","name":"22 Ayar Alt\u0131n Mangalsutra Kolye Ucu - PureJewels UK","isPartOf":{"@id":"https:\/\/www.purejewels.com\/#website"},"primaryImageOfPage":{"@id":"https:\/\/www.purejewels.com\/product\/22ct-gold-mangalsutra-pendant-8\/#primaryimage"},"image":{"@id":"https:\/\/www.purejewels.com\/product\/22ct-gold-mangalsutra-pendant-8\/#primaryimage"},"thumbnailUrl":"https:\/\/static.purejewels.com\/wp-content\/uploads\/2017\/07\/mangalsutra_22362_960px-2.jpg","datePublished":"2017-07-19T12:26:31+00:00","dateModified":"2026-01-07T10:51:09+00:00","breadcrumb":{"@id":"https:\/\/www.purejewels.com\/product\/22ct-gold-mangalsutra-pendant-8\/#breadcrumb"},"inLanguage":"tr","potentialAction":[{"@type":"ReadAction","target":["https:\/\/www.purejewels.com\/product\/22ct-gold-mangalsutra-pendant-8\/"]}]},{"@type":"ImageObject","inLanguage":"tr","@id":"https:\/\/www.purejewels.com\/product\/22ct-gold-mangalsutra-pendant-8\/#primaryimage","url":"https:\/\/static.purejewels.com\/wp-content\/uploads\/2017\/07\/mangalsutra_22362_960px-2.jpg","contentUrl":"https:\/\/static.purejewels.com\/wp-content\/uploads\/2017\/07\/mangalsutra_22362_960px-2.jpg","width":960,"height":960,"caption":"mangalsutra_22362_960px.jpg"},{"@type":"BreadcrumbList","@id":"https:\/\/www.purejewels.com\/product\/22ct-gold-mangalsutra-pendant-8\/#breadcrumb","itemListElement":[{"@type":"ListItem","position":1,"name":"Home","item":"https:\/\/www.purejewels.com\/"},{"@type":"ListItem","position":2,"name":"Shop","item":"https:\/\/www.purejewels.com\/shop\/"},{"@type":"ListItem","position":3,"name":"22ct Gold Mangalsutra Pendant"}]},{"@type":"WebSite","@id":"https:\/\/www.purejewels.com\/#website","url":"https:\/\/www.purejewels.com\/","name":"PureJewels \u0130ngiltere","description":"Sevgiyi Payla\u015f\u0131n","publisher":{"@id":"https:\/\/www.purejewels.com\/#organization"},"potentialAction":[{"@type":"SearchAction","target":{"@type":"EntryPoint","urlTemplate":"https:\/\/www.purejewels.com\/?s={search_term_string}"},"query-input":{"@type":"PropertyValueSpecification","valueRequired":true,"valueName":"search_term_string"}}],"inLanguage":"tr"},{"@type":"Organization","@id":"https:\/\/www.purejewels.com\/#organization","name":"PureJewels \u0130ngiltere","url":"https:\/\/www.purejewels.com\/","logo":{"@type":"ImageObject","inLanguage":"tr","@id":"https:\/\/www.purejewels.com\/#\/schema\/logo\/image\/","url":"https:\/\/static.purejewels.com\/wp-content\/uploads\/2020\/11\/Logo-PJ-New-1.png","contentUrl":"https:\/\/static.purejewels.com\/wp-content\/uploads\/2020\/11\/Logo-PJ-New-1.png","width":150,"height":80,"caption":"PureJewels UK"},"image":{"@id":"https:\/\/www.purejewels.com\/#\/schema\/logo\/image\/"}}]}},"_links":{"self":[{"href":"https:\/\/www.purejewels.com\/tr\/wp-json\/wp\/v2\/product\/4260","targetHints":{"allow":["GET"]}}],"collection":[{"href":"https:\/\/www.purejewels.com\/tr\/wp-json\/wp\/v2\/product"}],"about":[{"href":"https:\/\/www.purejewels.com\/tr\/wp-json\/wp\/v2\/types\/product"}],"replies":[{"embeddable":true,"href":"https:\/\/www.purejewels.com\/tr\/wp-json\/wp\/v2\/comments?post=4260"}],"version-history":[{"count":1,"href":"https:\/\/www.purejewels.com\/tr\/wp-json\/wp\/v2\/product\/4260\/revisions"}],"predecessor-version":[{"id":392623,"href":"https:\/\/www.purejewels.com\/tr\/wp-json\/wp\/v2\/product\/4260\/revisions\/392623"}],"wp:featuredmedia":[{"embeddable":true,"href":"https:\/\/www.purejewels.com\/tr\/wp-json\/wp\/v2\/media\/4261"}],"wp:attachment":[{"href":"https:\/\/www.purejewels.com\/tr\/wp-json\/wp\/v2\/media?parent=4260"}],"wp:term":[{"taxonomy":"product_brand","embeddable":true,"href":"https:\/\/www.purejewels.com\/tr\/wp-json\/wp\/v2\/product_brand?post=4260"},{"taxonomy":"product_cat","embeddable":true,"href":"https:\/\/www.purejewels.com\/tr\/wp-json\/wp\/v2\/product_cat?post=4260"},{"taxonomy":"product_tag","embeddable":true,"href":"https:\/\/www.purejewels.com\/tr\/wp-json\/wp\/v2\/product_tag?post=4260"}],"curies":[{"name":"wp","href":"https:\/\/api.w.org\/{rel}","templated":true}]}}