{"id":426144,"date":"2025-08-17T08:23:25","date_gmt":"2025-08-17T07:23:25","guid":{"rendered":"https:\/\/www.purejewels.com\/?post_type=product&#038;p=426144"},"modified":"2026-04-27T05:25:04","modified_gmt":"2026-04-27T04:25:04","slug":"22-ayar-altin-duz-alyans-3-mm-50159","status":"publish","type":"product","link":"https:\/\/www.purejewels.com\/tr\/product\/22ct-gold-plain-wedding-band-3-5mm-50159\/","title":{"rendered":"22 Ayar Sunrise Alt\u0131n D\u00fcz Alyans 3,5 mm"},"content":{"rendered":"<h2 data-start=\"110\" data-end=\"127\">Tasar\u0131m Konsepti<\/h2>\n<p data-start=\"129\" data-end=\"404\">Bu <strong data-start=\"134\" data-end=\"166\">22 Ayar Alt\u0131n D\u00fcz Alyans<\/strong> yeni ba\u015flang\u0131\u00e7lar\u0131n ve ya\u015fam boyu ba\u011fl\u0131l\u0131\u011f\u0131n sembol\u00fc olan g\u00fcn do\u011fumunun s\u0131cakl\u0131\u011f\u0131 ve iyimserli\u011finden esinlenmi\u015ftir. Yumu\u015fak Sunrise kaplama, 22 ayar alt\u0131n\u0131n do\u011fal zenginli\u011fini art\u0131rarak hem geleneksel hem de \u00e7a\u011fda\u015f bir \u0131\u015f\u0131lt\u0131 yarat\u0131r.<\/p>\n<p data-start=\"406\" data-end=\"667\">Temiz, kesintisiz y\u00fczeyi birli\u011fi ve sonsuzlu\u011fu temsil eder - ba\u015flang\u0131c\u0131 ve sonu olmayan s\u00fcrekli bir daire. Zarif sadeli\u011fi takdir edenler i\u00e7in tasarlanan bu 3,5 mm'lik kordon, zamans\u0131z \u0130ngiliz d\u00fc\u011f\u00fcn gelene\u011fini modern, minimalist bir dokunu\u015fla somutla\u015ft\u0131r\u0131yor.<\/p>\n<h2 data-start=\"674\" data-end=\"690\">Zanaatkarl\u0131k<\/h2>\n<p data-start=\"692\" data-end=\"940\">Som 22 ayar alt\u0131ndan ustal\u0131kla \u00fcretilen bu alyans, p\u00fcr\u00fczs\u00fcz ve kusursuz bir y\u00fczey elde etmek i\u00e7in \u00f6zenle \u015fekillendirilmi\u015f ve parlat\u0131lm\u0131\u015ft\u0131r. G\u00fcndo\u011fumu cilas\u0131, metalin do\u011fal s\u0131cakl\u0131\u011f\u0131n\u0131 artt\u0131r\u0131rken y\u00fcksek cila parlakl\u0131\u011f\u0131n\u0131 korumak i\u00e7in titizlikle uygulanm\u0131\u015ft\u0131r.<\/p>\n<p data-start=\"942\" data-end=\"978\">Her y\u00fcz\u00fck hassas bir \u015fekilde i\u015flenmi\u015ftir:<\/p>\n<ul>\n<li data-start=\"982\" data-end=\"1032\">G\u00fcnl\u00fck konfor i\u00e7in p\u00fcr\u00fczs\u00fcz, yuvarlat\u0131lm\u0131\u015f i\u00e7 kenarlar<\/li>\n<li data-start=\"1035\" data-end=\"1091\">Dayan\u0131kl\u0131l\u0131k ve \u015f\u0131kl\u0131k i\u00e7in dengeli 3,5 mm oranlar<\/li>\n<li data-start=\"1094\" data-end=\"1126\">Kusursuz, ayna benzeri bir cila<\/li>\n<li data-start=\"1129\" data-end=\"1171\">G\u00fcnl\u00fck kullan\u0131ma uygun uzun \u00f6m\u00fcrl\u00fc a\u015f\u0131nma<\/li>\n<\/ul>\n<p data-start=\"1173\" data-end=\"1284\">Sonu\u00e7 olarak, \u00f6m\u00fcr boyu tak\u0131lmak ve de\u011fer verilmek \u00fczere \u00fcretilmi\u015f, sa\u011flam ama zarif bir alyans ortaya \u00e7\u0131kt\u0131.<\/p>\n<h2 data-start=\"1291\" data-end=\"1307\">Stil Fikirleri<\/h2>\n<p data-start=\"1851\" data-end=\"1954\">Bu 22 Ayar Alt\u0131n D\u00fcz Alyans, zahmetsizce \u00e7ok y\u00f6nl\u00fcd\u00fcr ve hem g\u00fcnl\u00fck kullan\u0131m hem de \u00f6zel g\u00fcnler i\u00e7in m\u00fckemmeldir. S\u0131cak Sunrise kaplamas\u0131, geleneksel sar\u0131 alt\u0131n tak\u0131larla g\u00fczel bir \u015fekilde e\u015fle\u015ferek uyumlu ve zarif bir g\u00f6r\u00fcn\u00fcm yarat\u0131r. Gelinler i\u00e7in 3,5 mm'lik bant, tekta\u015f veya halo ni\u015fan y\u00fcz\u00fc\u011f\u00fcn\u00fcn yan\u0131na zarif bir \u015fekilde oturur ve merkez ta\u015f\u0131 bast\u0131rmadan derinlik katar. Ayr\u0131ca modern bir katmanl\u0131 gelin stili i\u00e7in ince alt\u0131n veya p\u0131rlanta sonsuzluk bantlar\u0131yla da istiflenebilir. Damatlar i\u00e7in sade ve abart\u0131s\u0131z tasar\u0131m, hem resmi terzilik hem de \u015f\u0131k g\u00fcndelik k\u0131yafetleri tamamlayarak zamans\u0131z bir sofistike g\u00f6r\u00fcn\u00fcm sunar. \u0130ster klasik bir ifade i\u00e7in tek ba\u015f\u0131na tak\u0131ls\u0131n, ister uyumlu bir \u00e7ift setinin par\u00e7as\u0131 olarak tasarlans\u0131n, bu y\u00fcz\u00fck t\u00fcm m\u00fccevher koleksiyonlar\u0131yla kusursuz bir uyum sa\u011flar.<\/p>","protected":false},"excerpt":{"rendered":"<table class=\"sh_desc\">\n<tbody>\n<tr>\n<td>Y\u00fcz\u00fck Tipi<\/td>\n<td>D\u00fc\u011f\u00fcn Bandosu<\/td>\n<\/tr>\n<tr>\n<td>SKU<\/td>\n<td>50159<\/td>\n<\/tr>\n<tr>\n<td>Y\u00fcz\u00fck \u00d6l\u00e7\u00fcs\u00fc<\/td>\n<td>Q<\/td>\n<\/tr>\n<tr>\n<td>Geni\u015flik<\/td>\n<td>3,5 mm<\/td>\n<\/tr>\n<tr>\n<td>A\u011f\u0131rl\u0131k<\/td>\n<td>4.7 Gms<\/td>\n<\/tr>\n<tr>\n<td>Metal<\/td>\n<td>22 Ayar G\u00fcndo\u011fumu Alt\u0131n<\/td>\n<\/tr>\n<tr>\n<td>\u00dccretler<\/td>\n<td>Teslimat ve KDV Dahil<\/td>\n<\/tr>\n<tr>\n<td>Paketleme<\/td>\n<td>Sunum Kutusu ile Birlikte Gelir<\/td>\n<\/tr>\n<tr>\n<td>Daha Fazla Bilgi<\/td>\n<td>\n<ul>\n<li>M\u00fcsaitlik durumu ve daha fazla resim i\u00e7in bizimle canl\u0131 sohbet edin<\/li>\n<li>Kontrol Etmek \u0130\u00e7in Buraya T\u0131klay\u0131n\u00a0<strong>Y\u00fcz\u00fck \u00d6l\u00e7\u00fcs\u00fc<\/strong><\/li>\n<\/ul>\n<\/td>\n<\/tr>\n<\/tbody>\n<\/table>","protected":false},"featured_media":355733,"comment_status":"closed","ping_status":"closed","template":"","meta":{"_eb_attr":"","_crsspst_to_jayantr4sg-hostcom":false},"product_brand":[],"product_cat":[1640,5756,1559,1229,1235,1783,229,1573,226,1574],"product_tag":[64],"class_list":{"0":"post-426144","1":"product","2":"type-product","3":"status-publish","4":"has-post-thumbnail","6":"product_cat-22ct-gold-bands","7":"product_cat-22ct-sunrise-gold-bands","8":"product_cat-birthday-gifts","9":"product_cat-22ct-gold-jewellery","10":"product_cat-gold-rings","11":"product_cat-ladies-rings","12":"product_cat-wedding-bands","13":"product_cat-wedding-gifts","14":"product_cat-wedding-rings-bands","15":"product_cat-womens-jewellery","16":"product_tag-rings","18":"first","19":"outofstock","20":"taxable","21":"shipping-taxable","22":"product-type-simple","23":"add-to-wishlist-before_image"},"yoast_head":"<!-- This site is optimized with the Yoast SEO plugin v27.5 - https:\/\/yoast.com\/product\/yoast-seo-wordpress\/ -->\n<title>Classic 22 Carat Gold Wedding Band 3.5mm UK | PureJewels UK<\/title>\n<meta name=\"description\" content=\"Timeless 22ct gold plain wedding ring with a warm Sunrise finish. 3.5mm classic band in size Q, crafted for everyday comfort and lasting elegance.\" \/>\n<meta name=\"robots\" content=\"index, follow, max-snippet:-1, max-image-preview:large, max-video-preview:-1\" \/>\n<link rel=\"canonical\" href=\"https:\/\/www.purejewels.com\/tr\/urun\/22-ayar-altin-duz-alyans-3-mm-50159\/\" \/>\n<meta property=\"og:locale\" content=\"tr_TR\" \/>\n<meta property=\"og:type\" content=\"article\" \/>\n<meta property=\"og:title\" content=\"Classic 22 Carat Gold Wedding Band 3.5mm UK | PureJewels UK\" \/>\n<meta property=\"og:description\" content=\"Timeless 22ct gold plain wedding ring with a warm Sunrise finish. 3.5mm classic band in size Q, crafted for everyday comfort and lasting elegance.\" \/>\n<meta property=\"og:url\" content=\"https:\/\/www.purejewels.com\/tr\/urun\/22-ayar-altin-duz-alyans-3-mm-50159\/\" \/>\n<meta property=\"og:site_name\" content=\"PureJewels UK\" \/>\n<meta property=\"article:modified_time\" content=\"2026-04-27T04:25:04+00:00\" \/>\n<meta property=\"og:image\" content=\"https:\/\/static.purejewels.com\/wp-content\/uploads\/2024\/01\/46293_2.jpg\" \/>\n\t<meta property=\"og:image:width\" content=\"1000\" \/>\n\t<meta property=\"og:image:height\" content=\"1000\" \/>\n\t<meta property=\"og:image:type\" content=\"image\/jpeg\" \/>\n<meta name=\"twitter:card\" content=\"summary_large_image\" \/>\n<meta name=\"twitter:label1\" content=\"Tahmini okuma s\u00fcresi\" \/>\n\t<meta name=\"twitter:data1\" content=\"2 dakika\" \/>\n<script type=\"application\/ld+json\" class=\"yoast-schema-graph\">{\"@context\":\"https:\\\/\\\/schema.org\",\"@graph\":[{\"@type\":[\"WebPage\",\"ItemPage\"],\"@id\":\"https:\\\/\\\/www.purejewels.com\\\/product\\\/22ct-gold-plain-wedding-band-3-5mm-50159\\\/\",\"url\":\"https:\\\/\\\/www.purejewels.com\\\/product\\\/22ct-gold-plain-wedding-band-3-5mm-50159\\\/\",\"name\":\"Classic 22 Carat Gold Wedding Band 3.5mm UK | PureJewels UK\",\"isPartOf\":{\"@id\":\"https:\\\/\\\/www.purejewels.com\\\/#website\"},\"primaryImageOfPage\":{\"@id\":\"https:\\\/\\\/www.purejewels.com\\\/product\\\/22ct-gold-plain-wedding-band-3-5mm-50159\\\/#primaryimage\"},\"image\":{\"@id\":\"https:\\\/\\\/www.purejewels.com\\\/product\\\/22ct-gold-plain-wedding-band-3-5mm-50159\\\/#primaryimage\"},\"thumbnailUrl\":\"https:\\\/\\\/static.purejewels.com\\\/wp-content\\\/uploads\\\/2024\\\/01\\\/46293_2.jpg\",\"datePublished\":\"2025-08-17T07:23:25+00:00\",\"dateModified\":\"2026-04-27T04:25:04+00:00\",\"description\":\"Timeless 22ct gold plain wedding ring with a warm Sunrise finish. 3.5mm classic band in size Q, crafted for everyday comfort and lasting elegance.\",\"breadcrumb\":{\"@id\":\"https:\\\/\\\/www.purejewels.com\\\/product\\\/22ct-gold-plain-wedding-band-3-5mm-50159\\\/#breadcrumb\"},\"inLanguage\":\"tr\",\"potentialAction\":[{\"@type\":\"ReadAction\",\"target\":[\"https:\\\/\\\/www.purejewels.com\\\/product\\\/22ct-gold-plain-wedding-band-3-5mm-50159\\\/\"]}]},{\"@type\":\"ImageObject\",\"inLanguage\":\"tr\",\"@id\":\"https:\\\/\\\/www.purejewels.com\\\/product\\\/22ct-gold-plain-wedding-band-3-5mm-50159\\\/#primaryimage\",\"url\":\"https:\\\/\\\/static.purejewels.com\\\/wp-content\\\/uploads\\\/2024\\\/01\\\/46293_2.jpg\",\"contentUrl\":\"https:\\\/\\\/static.purejewels.com\\\/wp-content\\\/uploads\\\/2024\\\/01\\\/46293_2.jpg\",\"width\":1000,\"height\":1000,\"caption\":\"Wedding Band in 22ct Sunrise Gold\"},{\"@type\":\"BreadcrumbList\",\"@id\":\"https:\\\/\\\/www.purejewels.com\\\/product\\\/22ct-gold-plain-wedding-band-3-5mm-50159\\\/#breadcrumb\",\"itemListElement\":[{\"@type\":\"ListItem\",\"position\":1,\"name\":\"Home\",\"item\":\"https:\\\/\\\/www.purejewels.com\\\/\"},{\"@type\":\"ListItem\",\"position\":2,\"name\":\"Shop\",\"item\":\"https:\\\/\\\/www.purejewels.com\\\/shop\\\/\"},{\"@type\":\"ListItem\",\"position\":3,\"name\":\"22ct Sunrise Gold Plain Wedding Band 3.5mm\"}]},{\"@type\":\"WebSite\",\"@id\":\"https:\\\/\\\/www.purejewels.com\\\/#website\",\"url\":\"https:\\\/\\\/www.purejewels.com\\\/\",\"name\":\"PureJewels UK\",\"description\":\"Share the Love\",\"publisher\":{\"@id\":\"https:\\\/\\\/www.purejewels.com\\\/#organization\"},\"potentialAction\":[{\"@type\":\"SearchAction\",\"target\":{\"@type\":\"EntryPoint\",\"urlTemplate\":\"https:\\\/\\\/www.purejewels.com\\\/?s={search_term_string}\"},\"query-input\":{\"@type\":\"PropertyValueSpecification\",\"valueRequired\":true,\"valueName\":\"search_term_string\"}}],\"inLanguage\":\"tr\"},{\"@type\":\"Organization\",\"@id\":\"https:\\\/\\\/www.purejewels.com\\\/#organization\",\"name\":\"PureJewels UK\",\"url\":\"https:\\\/\\\/www.purejewels.com\\\/\",\"logo\":{\"@type\":\"ImageObject\",\"inLanguage\":\"tr\",\"@id\":\"https:\\\/\\\/www.purejewels.com\\\/#\\\/schema\\\/logo\\\/image\\\/\",\"url\":\"https:\\\/\\\/static.purejewels.com\\\/wp-content\\\/uploads\\\/2020\\\/11\\\/Logo-PJ-New-1.png\",\"contentUrl\":\"https:\\\/\\\/static.purejewels.com\\\/wp-content\\\/uploads\\\/2020\\\/11\\\/Logo-PJ-New-1.png\",\"width\":150,\"height\":80,\"caption\":\"PureJewels UK\"},\"image\":{\"@id\":\"https:\\\/\\\/www.purejewels.com\\\/#\\\/schema\\\/logo\\\/image\\\/\"}}]}<\/script>\n<!-- \/ Yoast SEO plugin. -->","yoast_head_json":{"title":"Klasik 22 Ayar Alt\u0131n Alyans 3,5 mm \u0130ngiltere | PureJewels \u0130ngiltere","description":"S\u0131cak Sunrise kaplamal\u0131 zamans\u0131z 22 ayar alt\u0131n d\u00fcz alyans. Q beden 3,5 mm klasik bant, g\u00fcnl\u00fck konfor ve kal\u0131c\u0131 \u015f\u0131kl\u0131k i\u00e7in \u00fcretilmi\u015ftir.","robots":{"index":"index","follow":"follow","max-snippet":"max-snippet:-1","max-image-preview":"max-image-preview:large","max-video-preview":"max-video-preview:-1"},"canonical":"https:\/\/www.purejewels.com\/tr\/urun\/22-ayar-altin-duz-alyans-3-mm-50159\/","og_locale":"tr_TR","og_type":"article","og_title":"Classic 22 Carat Gold Wedding Band 3.5mm UK | PureJewels UK","og_description":"Timeless 22ct gold plain wedding ring with a warm Sunrise finish. 3.5mm classic band in size Q, crafted for everyday comfort and lasting elegance.","og_url":"https:\/\/www.purejewels.com\/tr\/urun\/22-ayar-altin-duz-alyans-3-mm-50159\/","og_site_name":"PureJewels UK","article_modified_time":"2026-04-27T04:25:04+00:00","og_image":[{"width":1000,"height":1000,"url":"https:\/\/static.purejewels.com\/wp-content\/uploads\/2024\/01\/46293_2.jpg","type":"image\/jpeg"}],"twitter_card":"summary_large_image","twitter_misc":{"Tahmini okuma s\u00fcresi":"2 dakika"},"schema":{"@context":"https:\/\/schema.org","@graph":[{"@type":["WebPage","ItemPage"],"@id":"https:\/\/www.purejewels.com\/product\/22ct-gold-plain-wedding-band-3-5mm-50159\/","url":"https:\/\/www.purejewels.com\/product\/22ct-gold-plain-wedding-band-3-5mm-50159\/","name":"Klasik 22 Ayar Alt\u0131n Alyans 3,5 mm \u0130ngiltere | PureJewels \u0130ngiltere","isPartOf":{"@id":"https:\/\/www.purejewels.com\/#website"},"primaryImageOfPage":{"@id":"https:\/\/www.purejewels.com\/product\/22ct-gold-plain-wedding-band-3-5mm-50159\/#primaryimage"},"image":{"@id":"https:\/\/www.purejewels.com\/product\/22ct-gold-plain-wedding-band-3-5mm-50159\/#primaryimage"},"thumbnailUrl":"https:\/\/static.purejewels.com\/wp-content\/uploads\/2024\/01\/46293_2.jpg","datePublished":"2025-08-17T07:23:25+00:00","dateModified":"2026-04-27T04:25:04+00:00","description":"S\u0131cak Sunrise kaplamal\u0131 zamans\u0131z 22 ayar alt\u0131n d\u00fcz alyans. Q beden 3,5 mm klasik bant, g\u00fcnl\u00fck konfor ve kal\u0131c\u0131 \u015f\u0131kl\u0131k i\u00e7in \u00fcretilmi\u015ftir.","breadcrumb":{"@id":"https:\/\/www.purejewels.com\/product\/22ct-gold-plain-wedding-band-3-5mm-50159\/#breadcrumb"},"inLanguage":"tr","potentialAction":[{"@type":"ReadAction","target":["https:\/\/www.purejewels.com\/product\/22ct-gold-plain-wedding-band-3-5mm-50159\/"]}]},{"@type":"ImageObject","inLanguage":"tr","@id":"https:\/\/www.purejewels.com\/product\/22ct-gold-plain-wedding-band-3-5mm-50159\/#primaryimage","url":"https:\/\/static.purejewels.com\/wp-content\/uploads\/2024\/01\/46293_2.jpg","contentUrl":"https:\/\/static.purejewels.com\/wp-content\/uploads\/2024\/01\/46293_2.jpg","width":1000,"height":1000,"caption":"Wedding Band in 22ct Sunrise Gold"},{"@type":"BreadcrumbList","@id":"https:\/\/www.purejewels.com\/product\/22ct-gold-plain-wedding-band-3-5mm-50159\/#breadcrumb","itemListElement":[{"@type":"ListItem","position":1,"name":"Home","item":"https:\/\/www.purejewels.com\/"},{"@type":"ListItem","position":2,"name":"Shop","item":"https:\/\/www.purejewels.com\/shop\/"},{"@type":"ListItem","position":3,"name":"22ct Sunrise Gold Plain Wedding Band 3.5mm"}]},{"@type":"WebSite","@id":"https:\/\/www.purejewels.com\/#website","url":"https:\/\/www.purejewels.com\/","name":"PureJewels \u0130ngiltere","description":"Sevgiyi Payla\u015f\u0131n","publisher":{"@id":"https:\/\/www.purejewels.com\/#organization"},"potentialAction":[{"@type":"SearchAction","target":{"@type":"EntryPoint","urlTemplate":"https:\/\/www.purejewels.com\/?s={search_term_string}"},"query-input":{"@type":"PropertyValueSpecification","valueRequired":true,"valueName":"search_term_string"}}],"inLanguage":"tr"},{"@type":"Organization","@id":"https:\/\/www.purejewels.com\/#organization","name":"PureJewels \u0130ngiltere","url":"https:\/\/www.purejewels.com\/","logo":{"@type":"ImageObject","inLanguage":"tr","@id":"https:\/\/www.purejewels.com\/#\/schema\/logo\/image\/","url":"https:\/\/static.purejewels.com\/wp-content\/uploads\/2020\/11\/Logo-PJ-New-1.png","contentUrl":"https:\/\/static.purejewels.com\/wp-content\/uploads\/2020\/11\/Logo-PJ-New-1.png","width":150,"height":80,"caption":"PureJewels UK"},"image":{"@id":"https:\/\/www.purejewels.com\/#\/schema\/logo\/image\/"}}]}},"_links":{"self":[{"href":"https:\/\/www.purejewels.com\/tr\/wp-json\/wp\/v2\/product\/426144","targetHints":{"allow":["GET"]}}],"collection":[{"href":"https:\/\/www.purejewels.com\/tr\/wp-json\/wp\/v2\/product"}],"about":[{"href":"https:\/\/www.purejewels.com\/tr\/wp-json\/wp\/v2\/types\/product"}],"replies":[{"embeddable":true,"href":"https:\/\/www.purejewels.com\/tr\/wp-json\/wp\/v2\/comments?post=426144"}],"version-history":[{"count":2,"href":"https:\/\/www.purejewels.com\/tr\/wp-json\/wp\/v2\/product\/426144\/revisions"}],"predecessor-version":[{"id":426146,"href":"https:\/\/www.purejewels.com\/tr\/wp-json\/wp\/v2\/product\/426144\/revisions\/426146"}],"wp:featuredmedia":[{"embeddable":true,"href":"https:\/\/www.purejewels.com\/tr\/wp-json\/wp\/v2\/media\/355733"}],"wp:attachment":[{"href":"https:\/\/www.purejewels.com\/tr\/wp-json\/wp\/v2\/media?parent=426144"}],"wp:term":[{"taxonomy":"product_brand","embeddable":true,"href":"https:\/\/www.purejewels.com\/tr\/wp-json\/wp\/v2\/product_brand?post=426144"},{"taxonomy":"product_cat","embeddable":true,"href":"https:\/\/www.purejewels.com\/tr\/wp-json\/wp\/v2\/product_cat?post=426144"},{"taxonomy":"product_tag","embeddable":true,"href":"https:\/\/www.purejewels.com\/tr\/wp-json\/wp\/v2\/product_tag?post=426144"}],"curies":[{"name":"wp","href":"https:\/\/api.w.org\/{rel}","templated":true}]}}