{"id":426419,"date":"2026-01-27T10:56:48","date_gmt":"2026-01-27T10:56:48","guid":{"rendered":"https:\/\/www.purejewels.com\/?post_type=product&#038;p=426419"},"modified":"2026-04-24T06:44:22","modified_gmt":"2026-04-24T05:44:22","slug":"dokulu-halka-kupeler-54061","status":"publish","type":"product","link":"https:\/\/www.purejewels.com\/tr\/product\/textured-hoop-earrings-54061\/","title":{"rendered":"Dokulu Halka K\u00fcpeler"},"content":{"rendered":"<p><strong>Tasar\u0131m<\/strong><\/p>\n<p>Bu 22 ayar alt\u0131n halka baliler, \u0131\u015f\u0131\u011f\u0131 g\u00fczel bir \u015fekilde yakalayan ve yans\u0131tan zarif, dokulu bir y\u00fczeye sahip klasik dairesel bir siluette \u015fekillendirilmi\u015ftir. D\u0131\u015f kenar boyunca uzanan karma\u015f\u0131k boncuklu detaylar derinlik ve karakter katarak zamans\u0131z bir g\u00fcnl\u00fck forma ince bir gelenek dokunu\u015fu getiriyor.<\/p>\n<p><strong>Zanaatkarl\u0131k<\/strong><\/p>\n<p>PureJewels imzal\u0131 22 ayar alt\u0131ndan el yap\u0131m\u0131 olarak \u00fcretilen her bir \u00e7ift, yumu\u015fak ve parlak bir \u0131\u015f\u0131lt\u0131 elde etmek i\u00e7in yetenekli zanaatkarlar taraf\u0131ndan \u015fekillendirilir, parlat\u0131l\u0131r ve tamamlan\u0131r. Hassas doku, hassas kal\u0131plama ile uygulan\u0131rken, g\u00fcvenli toka g\u00fcnl\u00fck kullan\u0131m i\u00e7in rahatl\u0131k ve dayan\u0131kl\u0131l\u0131k sa\u011flar.<\/p>\n<p><strong>\u015eekillendirme &amp; Hediyele\u015fme<\/strong><\/p>\n<p>Zahmetsizce \u00e7ok y\u00f6nl\u00fc olan bu baliler, g\u00fcnd\u00fczden ak\u015fama sorunsuz bir \u015fekilde ge\u00e7i\u015f yapar. Uyumlu bir g\u00f6r\u00fcn\u00fcm i\u00e7in \u015f\u0131k zincirler veya bilekliklerle e\u015fle\u015ftirin veya sade bir \u015f\u0131kl\u0131k i\u00e7in tek ba\u015f\u0131na tak\u0131n. Do\u011fum g\u00fcnleri, y\u0131l d\u00f6n\u00fcmleri veya bayram kutlamalar\u0131 i\u00e7in d\u00fc\u015f\u00fcnceli bir hediye - y\u0131llarca el \u00fcst\u00fcnde tutulmak \u00fczere \u00fcretildi.<\/p>","protected":false},"excerpt":{"rendered":"<p>Bu 22ct Dokulu Halka Bali K\u00fcpe ile g\u00fcnl\u00fck stilinizi y\u00fckseltin. Narin, kabartmal\u0131 deseni ve klasik yuvarlak siluetiyle gelenekseli ince bir incelikle harmanl\u0131yor.<\/p>\n<p><strong>Malzeme:<\/strong>\u00a022 Ayar Alt\u0131n<strong><br \/>\nHallmark:\u00a0<\/strong>\u0130ngiliz Damgas\u0131<strong><br \/>\n<\/strong><strong>Br\u00fct A\u011f\u0131rl\u0131k: <\/strong>3,5 Gms<br \/>\n<strong>\u0130\u00e7 \u00e7ap:<\/strong> 19mm<br \/>\n<strong>SKU:<\/strong> 53953, 54063, 54061, 54060, 53962, 53961, 53960, 53955, 53952, 53950,<\/p>\n<p><strong>Fiyat ve Teslimat<\/strong>:KDV ve teslimat \u00fccreti dahil<\/p>\n<p><a href=\"https:\/\/www.purejewels.com\/tr\/i%cc%87ade-poli%cc%87ti%cc%87kasi\/\">\u0130ade Politikas\u0131<\/a><\/p>","protected":false},"featured_media":401674,"comment_status":"closed","ping_status":"closed","template":"","meta":{"_eb_attr":"","_crsspst_to_jayantr4sg-hostcom":false},"product_brand":[],"product_cat":[1791,1254,1229,1579,5344,1570,5338,5608,1574,5349],"product_tag":[66],"class_list":{"0":"post-426419","1":"product","2":"type-product","3":"status-publish","4":"has-post-thumbnail","6":"product_cat-anniversary-gifts","7":"product_cat-gold-earrings","8":"product_cat-22ct-gold-jewellery","9":"product_cat-hoop-earrings","10":"product_cat-jewellery-under-750","11":"product_cat-mothers-day-gifts","12":"product_cat-shop-by-price","13":"product_cat-simple-hoops","14":"product_cat-womens-jewellery","15":"product_cat-yellow-gold-jewellery","16":"product_tag-earrings","18":"first","19":"instock","20":"taxable","21":"shipping-taxable","22":"purchasable","23":"product-type-simple","24":"add-to-wishlist-before_image"},"yoast_head":"<!-- This site is optimized with the Yoast SEO plugin v27.5 - https:\/\/yoast.com\/product\/yoast-seo-wordpress\/ -->\n<title>22ct Gold Hoop Earrings for Everyday Wear online at PureJewels<\/title>\n<meta name=\"description\" content=\"Indulge in timeless elegance with Purejewels UK&#039;s exquisite 22ct gold DC hoop earrings. Expertly crafted in rich 22-carat gold.\" \/>\n<meta name=\"robots\" content=\"index, follow, max-snippet:-1, max-image-preview:large, max-video-preview:-1\" \/>\n<link rel=\"canonical\" href=\"https:\/\/www.purejewels.com\/tr\/urun\/dokulu-halka-kupeler-54061\/\" \/>\n<meta property=\"og:locale\" content=\"tr_TR\" \/>\n<meta property=\"og:type\" content=\"article\" \/>\n<meta property=\"og:title\" content=\"22ct Gold Hoop Earrings for Everyday Wear online at PureJewels\" \/>\n<meta property=\"og:description\" content=\"Indulge in timeless elegance with Purejewels UK&#039;s exquisite 22ct gold DC hoop earrings. Expertly crafted in rich 22-carat gold.\" \/>\n<meta property=\"og:url\" content=\"https:\/\/www.purejewels.com\/tr\/urun\/dokulu-halka-kupeler-54061\/\" \/>\n<meta property=\"og:site_name\" content=\"PureJewels UK\" \/>\n<meta property=\"article:modified_time\" content=\"2026-04-24T05:44:22+00:00\" \/>\n<meta property=\"og:image\" content=\"https:\/\/static.purejewels.com\/wp-content\/uploads\/2024\/06\/SKU-51879.png\" \/>\n\t<meta property=\"og:image:width\" content=\"1000\" \/>\n\t<meta property=\"og:image:height\" content=\"1000\" \/>\n\t<meta property=\"og:image:type\" content=\"image\/png\" \/>\n<meta name=\"twitter:card\" content=\"summary_large_image\" \/>\n<meta name=\"twitter:label1\" content=\"Tahmini okuma s\u00fcresi\" \/>\n\t<meta name=\"twitter:data1\" content=\"1 dakika\" \/>\n<script type=\"application\/ld+json\" class=\"yoast-schema-graph\">{\"@context\":\"https:\\\/\\\/schema.org\",\"@graph\":[{\"@type\":[\"WebPage\",\"ItemPage\"],\"@id\":\"https:\\\/\\\/www.purejewels.com\\\/product\\\/textured-hoop-earrings-54061\\\/\",\"url\":\"https:\\\/\\\/www.purejewels.com\\\/product\\\/textured-hoop-earrings-54061\\\/\",\"name\":\"22ct Gold Hoop Earrings for Everyday Wear online at PureJewels\",\"isPartOf\":{\"@id\":\"https:\\\/\\\/www.purejewels.com\\\/#website\"},\"primaryImageOfPage\":{\"@id\":\"https:\\\/\\\/www.purejewels.com\\\/product\\\/textured-hoop-earrings-54061\\\/#primaryimage\"},\"image\":{\"@id\":\"https:\\\/\\\/www.purejewels.com\\\/product\\\/textured-hoop-earrings-54061\\\/#primaryimage\"},\"thumbnailUrl\":\"https:\\\/\\\/static.purejewels.com\\\/wp-content\\\/uploads\\\/2024\\\/06\\\/SKU-51879.png\",\"datePublished\":\"2026-01-27T10:56:48+00:00\",\"dateModified\":\"2026-04-24T05:44:22+00:00\",\"description\":\"Indulge in timeless elegance with Purejewels UK's exquisite 22ct gold DC hoop earrings. Expertly crafted in rich 22-carat gold.\",\"breadcrumb\":{\"@id\":\"https:\\\/\\\/www.purejewels.com\\\/product\\\/textured-hoop-earrings-54061\\\/#breadcrumb\"},\"inLanguage\":\"tr\",\"potentialAction\":[{\"@type\":\"ReadAction\",\"target\":[\"https:\\\/\\\/www.purejewels.com\\\/product\\\/textured-hoop-earrings-54061\\\/\"]}]},{\"@type\":\"ImageObject\",\"inLanguage\":\"tr\",\"@id\":\"https:\\\/\\\/www.purejewels.com\\\/product\\\/textured-hoop-earrings-54061\\\/#primaryimage\",\"url\":\"https:\\\/\\\/static.purejewels.com\\\/wp-content\\\/uploads\\\/2024\\\/06\\\/SKU-51879.png\",\"contentUrl\":\"https:\\\/\\\/static.purejewels.com\\\/wp-content\\\/uploads\\\/2024\\\/06\\\/SKU-51879.png\",\"width\":1000,\"height\":1000,\"caption\":\"Textured Hoop Bali Earrings\"},{\"@type\":\"BreadcrumbList\",\"@id\":\"https:\\\/\\\/www.purejewels.com\\\/product\\\/textured-hoop-earrings-54061\\\/#breadcrumb\",\"itemListElement\":[{\"@type\":\"ListItem\",\"position\":1,\"name\":\"Home\",\"item\":\"https:\\\/\\\/www.purejewels.com\\\/\"},{\"@type\":\"ListItem\",\"position\":2,\"name\":\"Shop\",\"item\":\"https:\\\/\\\/www.purejewels.com\\\/shop\\\/\"},{\"@type\":\"ListItem\",\"position\":3,\"name\":\"Textured Hoop Earrings\"}]},{\"@type\":\"WebSite\",\"@id\":\"https:\\\/\\\/www.purejewels.com\\\/#website\",\"url\":\"https:\\\/\\\/www.purejewels.com\\\/\",\"name\":\"PureJewels UK\",\"description\":\"Share the Love\",\"publisher\":{\"@id\":\"https:\\\/\\\/www.purejewels.com\\\/#organization\"},\"potentialAction\":[{\"@type\":\"SearchAction\",\"target\":{\"@type\":\"EntryPoint\",\"urlTemplate\":\"https:\\\/\\\/www.purejewels.com\\\/?s={search_term_string}\"},\"query-input\":{\"@type\":\"PropertyValueSpecification\",\"valueRequired\":true,\"valueName\":\"search_term_string\"}}],\"inLanguage\":\"tr\"},{\"@type\":\"Organization\",\"@id\":\"https:\\\/\\\/www.purejewels.com\\\/#organization\",\"name\":\"PureJewels UK\",\"url\":\"https:\\\/\\\/www.purejewels.com\\\/\",\"logo\":{\"@type\":\"ImageObject\",\"inLanguage\":\"tr\",\"@id\":\"https:\\\/\\\/www.purejewels.com\\\/#\\\/schema\\\/logo\\\/image\\\/\",\"url\":\"https:\\\/\\\/static.purejewels.com\\\/wp-content\\\/uploads\\\/2020\\\/11\\\/Logo-PJ-New-1.png\",\"contentUrl\":\"https:\\\/\\\/static.purejewels.com\\\/wp-content\\\/uploads\\\/2020\\\/11\\\/Logo-PJ-New-1.png\",\"width\":150,\"height\":80,\"caption\":\"PureJewels UK\"},\"image\":{\"@id\":\"https:\\\/\\\/www.purejewels.com\\\/#\\\/schema\\\/logo\\\/image\\\/\"}}]}<\/script>\n<!-- \/ Yoast SEO plugin. -->","yoast_head_json":{"title":"G\u00fcnl\u00fck Kullan\u0131m i\u00e7in 22 Ayar Alt\u0131n Halka K\u00fcpeler PureJewels'te online","description":"Purejewels UK'nin enfes 22 ayar alt\u0131n DC halka k\u00fcpeleriyle zamans\u0131z \u015f\u0131kl\u0131\u011f\u0131n tad\u0131n\u0131 \u00e7\u0131kar\u0131n. Zengin 22 ayar alt\u0131ndan ustal\u0131kla \u00fcretilmi\u015ftir.","robots":{"index":"index","follow":"follow","max-snippet":"max-snippet:-1","max-image-preview":"max-image-preview:large","max-video-preview":"max-video-preview:-1"},"canonical":"https:\/\/www.purejewels.com\/tr\/urun\/dokulu-halka-kupeler-54061\/","og_locale":"tr_TR","og_type":"article","og_title":"22ct Gold Hoop Earrings for Everyday Wear online at PureJewels","og_description":"Indulge in timeless elegance with Purejewels UK's exquisite 22ct gold DC hoop earrings. Expertly crafted in rich 22-carat gold.","og_url":"https:\/\/www.purejewels.com\/tr\/urun\/dokulu-halka-kupeler-54061\/","og_site_name":"PureJewels UK","article_modified_time":"2026-04-24T05:44:22+00:00","og_image":[{"width":1000,"height":1000,"url":"https:\/\/static.purejewels.com\/wp-content\/uploads\/2024\/06\/SKU-51879.png","type":"image\/png"}],"twitter_card":"summary_large_image","twitter_misc":{"Tahmini okuma s\u00fcresi":"1 dakika"},"schema":{"@context":"https:\/\/schema.org","@graph":[{"@type":["WebPage","ItemPage"],"@id":"https:\/\/www.purejewels.com\/product\/textured-hoop-earrings-54061\/","url":"https:\/\/www.purejewels.com\/product\/textured-hoop-earrings-54061\/","name":"G\u00fcnl\u00fck Kullan\u0131m i\u00e7in 22 Ayar Alt\u0131n Halka K\u00fcpeler PureJewels'te online","isPartOf":{"@id":"https:\/\/www.purejewels.com\/#website"},"primaryImageOfPage":{"@id":"https:\/\/www.purejewels.com\/product\/textured-hoop-earrings-54061\/#primaryimage"},"image":{"@id":"https:\/\/www.purejewels.com\/product\/textured-hoop-earrings-54061\/#primaryimage"},"thumbnailUrl":"https:\/\/static.purejewels.com\/wp-content\/uploads\/2024\/06\/SKU-51879.png","datePublished":"2026-01-27T10:56:48+00:00","dateModified":"2026-04-24T05:44:22+00:00","description":"Purejewels UK'nin enfes 22 ayar alt\u0131n DC halka k\u00fcpeleriyle zamans\u0131z \u015f\u0131kl\u0131\u011f\u0131n tad\u0131n\u0131 \u00e7\u0131kar\u0131n. Zengin 22 ayar alt\u0131ndan ustal\u0131kla \u00fcretilmi\u015ftir.","breadcrumb":{"@id":"https:\/\/www.purejewels.com\/product\/textured-hoop-earrings-54061\/#breadcrumb"},"inLanguage":"tr","potentialAction":[{"@type":"ReadAction","target":["https:\/\/www.purejewels.com\/product\/textured-hoop-earrings-54061\/"]}]},{"@type":"ImageObject","inLanguage":"tr","@id":"https:\/\/www.purejewels.com\/product\/textured-hoop-earrings-54061\/#primaryimage","url":"https:\/\/static.purejewels.com\/wp-content\/uploads\/2024\/06\/SKU-51879.png","contentUrl":"https:\/\/static.purejewels.com\/wp-content\/uploads\/2024\/06\/SKU-51879.png","width":1000,"height":1000,"caption":"Textured Hoop Bali Earrings"},{"@type":"BreadcrumbList","@id":"https:\/\/www.purejewels.com\/product\/textured-hoop-earrings-54061\/#breadcrumb","itemListElement":[{"@type":"ListItem","position":1,"name":"Home","item":"https:\/\/www.purejewels.com\/"},{"@type":"ListItem","position":2,"name":"Shop","item":"https:\/\/www.purejewels.com\/shop\/"},{"@type":"ListItem","position":3,"name":"Textured Hoop Earrings"}]},{"@type":"WebSite","@id":"https:\/\/www.purejewels.com\/#website","url":"https:\/\/www.purejewels.com\/","name":"PureJewels \u0130ngiltere","description":"Sevgiyi Payla\u015f\u0131n","publisher":{"@id":"https:\/\/www.purejewels.com\/#organization"},"potentialAction":[{"@type":"SearchAction","target":{"@type":"EntryPoint","urlTemplate":"https:\/\/www.purejewels.com\/?s={search_term_string}"},"query-input":{"@type":"PropertyValueSpecification","valueRequired":true,"valueName":"search_term_string"}}],"inLanguage":"tr"},{"@type":"Organization","@id":"https:\/\/www.purejewels.com\/#organization","name":"PureJewels \u0130ngiltere","url":"https:\/\/www.purejewels.com\/","logo":{"@type":"ImageObject","inLanguage":"tr","@id":"https:\/\/www.purejewels.com\/#\/schema\/logo\/image\/","url":"https:\/\/static.purejewels.com\/wp-content\/uploads\/2020\/11\/Logo-PJ-New-1.png","contentUrl":"https:\/\/static.purejewels.com\/wp-content\/uploads\/2020\/11\/Logo-PJ-New-1.png","width":150,"height":80,"caption":"PureJewels UK"},"image":{"@id":"https:\/\/www.purejewels.com\/#\/schema\/logo\/image\/"}}]}},"_links":{"self":[{"href":"https:\/\/www.purejewels.com\/tr\/wp-json\/wp\/v2\/product\/426419","targetHints":{"allow":["GET"]}}],"collection":[{"href":"https:\/\/www.purejewels.com\/tr\/wp-json\/wp\/v2\/product"}],"about":[{"href":"https:\/\/www.purejewels.com\/tr\/wp-json\/wp\/v2\/types\/product"}],"replies":[{"embeddable":true,"href":"https:\/\/www.purejewels.com\/tr\/wp-json\/wp\/v2\/comments?post=426419"}],"version-history":[{"count":1,"href":"https:\/\/www.purejewels.com\/tr\/wp-json\/wp\/v2\/product\/426419\/revisions"}],"predecessor-version":[{"id":426421,"href":"https:\/\/www.purejewels.com\/tr\/wp-json\/wp\/v2\/product\/426419\/revisions\/426421"}],"wp:featuredmedia":[{"embeddable":true,"href":"https:\/\/www.purejewels.com\/tr\/wp-json\/wp\/v2\/media\/401674"}],"wp:attachment":[{"href":"https:\/\/www.purejewels.com\/tr\/wp-json\/wp\/v2\/media?parent=426419"}],"wp:term":[{"taxonomy":"product_brand","embeddable":true,"href":"https:\/\/www.purejewels.com\/tr\/wp-json\/wp\/v2\/product_brand?post=426419"},{"taxonomy":"product_cat","embeddable":true,"href":"https:\/\/www.purejewels.com\/tr\/wp-json\/wp\/v2\/product_cat?post=426419"},{"taxonomy":"product_tag","embeddable":true,"href":"https:\/\/www.purejewels.com\/tr\/wp-json\/wp\/v2\/product_tag?post=426419"}],"curies":[{"name":"wp","href":"https:\/\/api.w.org\/{rel}","templated":true}]}}