{"id":426910,"date":"2025-03-10T12:42:42","date_gmt":"2025-03-10T12:42:42","guid":{"rendered":"https:\/\/www.purejewels.com\/?post_type=product&#038;p=426910"},"modified":"2026-03-16T08:39:11","modified_gmt":"2026-03-16T08:39:11","slug":"22-ayar-gundogumu-altindan-ghungri-ile-ayarlanabilir-vanki-yuzuk-55095","status":"publish","type":"product","link":"https:\/\/www.purejewels.com\/tr\/product\/adjustable-vanki-ring-with-ghungri-in-22ct-sunrise-gold-55095\/","title":{"rendered":"22 Ayar G\u00fcndo\u011fumu Alt\u0131n Ayarlanabilir Vanki Y\u00fcz\u00fck, Ghungri ile"},"content":{"rendered":"<p>22 ayar g\u00fcndo\u011fumu alt\u0131n\u0131ndan Ghungri'li ayarlanabilir Vanki y\u00fcz\u00fck, geleneksel Hint tak\u0131 formlar\u0131ndan ilham al\u0131yor. Kendine \u00f6zg\u00fc V \u015fekilli tasar\u0131m parma\u011f\u0131n etraf\u0131n\u0131 zarif\u00e7e sararken, narin Ghungri boncuk damlalar\u0131 nazik bir hareket ve e\u011flenceli bir \u00e7ekicilik yarat\u0131r. S\u0131cak g\u00fcndo\u011fumu alt\u0131n\u0131ndan \u00fcretilen y\u00fcz\u00fck, miras tasar\u0131m\u0131n\u0131 modern kullan\u0131m i\u00e7in rahat ve ayarlanabilir bir uyumla birle\u015ftiriyor.<\/p>\n<h3 data-section-id=\"1qj9e1g\" data-start=\"1282\" data-end=\"1302\">Tasar\u0131m Konsepti<\/h3>\n<p data-start=\"1303\" data-end=\"1487\">Geleneksel Vanki kolye siluetinden esinlenen y\u00fcz\u00fck, miras zarafetini ve sembolik g\u00fcc\u00fc yans\u0131t\u0131yor. Ghungri boncuklar zarif bir hareket ve kutlama karakteri sunuyor.<\/p>\n<h3 data-section-id=\"n147pz\" data-start=\"1494\" data-end=\"1513\">Zanaatkarl\u0131k<\/h3>\n<p data-start=\"1514\" data-end=\"1725\">Y\u00fcksek safl\u0131kta 22 ayar g\u00fcndo\u011fumu alt\u0131ndan ustal\u0131kla \u00fcretilen y\u00fcz\u00fck, ince \u015fekillendirilmi\u015f alt\u0131n sarmallara ve \u00f6zenle tutturulmu\u015f Ghungri boncuklara sahiptir. Her bir unsur, denge konforu ve dayan\u0131kl\u0131l\u0131k sa\u011flamak i\u00e7in hassasiyetle \u015fekillendirilmi\u015ftir.<\/p>\n<h3 data-section-id=\"lvxqx6\" data-start=\"1732\" data-end=\"1750\">Stil \u0130pu\u00e7lar\u0131<\/h3>\n<p data-start=\"1751\" data-end=\"1936\" data-is-last-node=\"\" data-is-only-node=\"\">Festival etkinlikleri i\u00e7in bir ifade y\u00fcz\u00fc\u011f\u00fc olarak tak\u0131n.<br data-start=\"1798\" data-end=\"1801\" \/>E\u015fg\u00fcd\u00fcml\u00fc bir miras g\u00f6r\u00fcn\u00fcm\u00fc i\u00e7in geleneksel alt\u0131n bileziklerle e\u015fle\u015ftirin.<br data-start=\"1868\" data-end=\"1871\" \/>Ay\u0131rt edici tasar\u0131m\u0131 vurgulamak i\u00e7in minimal m\u00fccevherlerle stil olu\u015fturun.<\/p>","protected":false},"excerpt":{"rendered":"<p>Dokulu alt\u0131n tel ve nazik hareket ve ses yaratan narin ghungri tak\u0131lar i\u00e7eren 22 ayar Sunrise Alt\u0131ndan \u00fcretilmi\u015f heykelsi, ayarlanabilir Vanki y\u00fcz\u00fck.<\/p>\n<p><strong>Malzeme:<\/strong> 22 Ayar G\u00fcndo\u011fumu Alt\u0131n<br \/>\n<strong>Safl\u0131k:<\/strong> 91.6% saf alt\u0131n<br \/>\n<strong>Hallmark:<\/strong> \u0130ngiliz Damgas\u0131<br \/>\n<strong>SKU:<\/strong> 55095<br \/>\n<strong>A\u011f\u0131rl\u0131k:<\/strong> 5.12Gms<br \/>\n<strong>Y\u00fcz\u00fck \u00d6l\u00e7\u00fcs\u00fc:<\/strong> Ayarlanabilir<br \/>\n<strong>Geni\u015flik:<\/strong> 1.8 mm<\/p>\n<p><strong>Fiyat ve Teslimat:<\/strong>\u00a0KDV ve teslimat \u00fccretleri dahil<br \/>\n<a href=\"https:\/\/www.purejewels.com\/tr\/i%cc%87ade-poli%cc%87ti%cc%87kasi\/\"><strong>\u0130ade Politikas\u0131<\/strong><\/a><\/p>","protected":false},"featured_media":389929,"comment_status":"closed","ping_status":"closed","template":"","meta":{"_eb_attr":"","_crsspst_to_jayantr4sg-hostcom":false},"product_brand":[],"product_cat":[5756,1559,5701,1792,1229,1235,1783,1786,6081,1573,1574,5349],"product_tag":[],"class_list":{"0":"post-426910","1":"product","2":"type-product","3":"status-publish","4":"has-post-thumbnail","6":"product_cat-22ct-sunrise-gold-bands","7":"product_cat-birthday-gifts","8":"product_cat-eid-jewellery","9":"product_cat-festival-gifts","10":"product_cat-22ct-gold-jewellery","11":"product_cat-gold-rings","12":"product_cat-ladies-rings","13":"product_cat-occasional-wear-rings","14":"product_cat-sunrise-gold","15":"product_cat-wedding-gifts","16":"product_cat-womens-jewellery","17":"product_cat-yellow-gold-jewellery","19":"first","20":"instock","21":"taxable","22":"shipping-taxable","23":"purchasable","24":"product-type-simple","25":"add-to-wishlist-before_image"},"yoast_head":"<!-- This site is optimized with the Yoast SEO plugin v27.5 - https:\/\/yoast.com\/product\/yoast-seo-wordpress\/ -->\n<title>Shop the Adjustable Vanki Ring in 22ct Sunrise Gold | PureJewels<\/title>\n<meta name=\"description\" content=\"Shop the Adjustable Vanki Ring with Ghungri from PureJewels. Crafted in 22ct Sunrise Gold this handcrafted ring features a textured Vanki form with ghungri.\" \/>\n<meta name=\"robots\" content=\"index, follow, max-snippet:-1, max-image-preview:large, max-video-preview:-1\" \/>\n<link rel=\"canonical\" href=\"https:\/\/www.purejewels.com\/tr\/urun\/22-ayar-gundogumu-altindan-ghungri-ile-ayarlanabilir-vanki-yuzuk-55095\/\" \/>\n<meta property=\"og:locale\" content=\"tr_TR\" \/>\n<meta property=\"og:type\" content=\"article\" \/>\n<meta property=\"og:title\" content=\"Shop the Adjustable Vanki Ring in 22ct Sunrise Gold | PureJewels\" \/>\n<meta property=\"og:description\" content=\"Shop the Adjustable Vanki Ring with Ghungri from PureJewels. Crafted in 22ct Sunrise Gold this handcrafted ring features a textured Vanki form with ghungri.\" \/>\n<meta property=\"og:url\" content=\"https:\/\/www.purejewels.com\/tr\/urun\/22-ayar-gundogumu-altindan-ghungri-ile-ayarlanabilir-vanki-yuzuk-55095\/\" \/>\n<meta property=\"og:site_name\" content=\"PureJewels UK\" \/>\n<meta property=\"article:modified_time\" content=\"2026-03-16T08:39:11+00:00\" \/>\n<meta property=\"og:image\" content=\"https:\/\/static.purejewels.com\/wp-content\/uploads\/2025\/01\/50577.png\" \/>\n\t<meta property=\"og:image:width\" content=\"1000\" \/>\n\t<meta property=\"og:image:height\" content=\"1000\" \/>\n\t<meta property=\"og:image:type\" content=\"image\/png\" \/>\n<meta name=\"twitter:card\" content=\"summary_large_image\" \/>\n<meta name=\"twitter:label1\" content=\"Tahmini okuma s\u00fcresi\" \/>\n\t<meta name=\"twitter:data1\" content=\"1 dakika\" \/>\n<script type=\"application\/ld+json\" class=\"yoast-schema-graph\">{\"@context\":\"https:\\\/\\\/schema.org\",\"@graph\":[{\"@type\":[\"WebPage\",\"ItemPage\"],\"@id\":\"https:\\\/\\\/www.purejewels.com\\\/product\\\/adjustable-vanki-ring-with-ghungri-in-22ct-sunrise-gold-55095\\\/\",\"url\":\"https:\\\/\\\/www.purejewels.com\\\/product\\\/adjustable-vanki-ring-with-ghungri-in-22ct-sunrise-gold-55095\\\/\",\"name\":\"Shop the Adjustable Vanki Ring in 22ct Sunrise Gold | PureJewels\",\"isPartOf\":{\"@id\":\"https:\\\/\\\/www.purejewels.com\\\/#website\"},\"primaryImageOfPage\":{\"@id\":\"https:\\\/\\\/www.purejewels.com\\\/product\\\/adjustable-vanki-ring-with-ghungri-in-22ct-sunrise-gold-55095\\\/#primaryimage\"},\"image\":{\"@id\":\"https:\\\/\\\/www.purejewels.com\\\/product\\\/adjustable-vanki-ring-with-ghungri-in-22ct-sunrise-gold-55095\\\/#primaryimage\"},\"thumbnailUrl\":\"https:\\\/\\\/static.purejewels.com\\\/wp-content\\\/uploads\\\/2025\\\/01\\\/50577.png\",\"datePublished\":\"2025-03-10T12:42:42+00:00\",\"dateModified\":\"2026-03-16T08:39:11+00:00\",\"description\":\"Shop the Adjustable Vanki Ring with Ghungri from PureJewels. Crafted in 22ct Sunrise Gold this handcrafted ring features a textured Vanki form with ghungri.\",\"breadcrumb\":{\"@id\":\"https:\\\/\\\/www.purejewels.com\\\/product\\\/adjustable-vanki-ring-with-ghungri-in-22ct-sunrise-gold-55095\\\/#breadcrumb\"},\"inLanguage\":\"tr\",\"potentialAction\":[{\"@type\":\"ReadAction\",\"target\":[\"https:\\\/\\\/www.purejewels.com\\\/product\\\/adjustable-vanki-ring-with-ghungri-in-22ct-sunrise-gold-55095\\\/\"]}]},{\"@type\":\"ImageObject\",\"inLanguage\":\"tr\",\"@id\":\"https:\\\/\\\/www.purejewels.com\\\/product\\\/adjustable-vanki-ring-with-ghungri-in-22ct-sunrise-gold-55095\\\/#primaryimage\",\"url\":\"https:\\\/\\\/static.purejewels.com\\\/wp-content\\\/uploads\\\/2025\\\/01\\\/50577.png\",\"contentUrl\":\"https:\\\/\\\/static.purejewels.com\\\/wp-content\\\/uploads\\\/2025\\\/01\\\/50577.png\",\"width\":1000,\"height\":1000,\"caption\":\"22ct Sunrise Gold Vanki Ring\"},{\"@type\":\"BreadcrumbList\",\"@id\":\"https:\\\/\\\/www.purejewels.com\\\/product\\\/adjustable-vanki-ring-with-ghungri-in-22ct-sunrise-gold-55095\\\/#breadcrumb\",\"itemListElement\":[{\"@type\":\"ListItem\",\"position\":1,\"name\":\"Home\",\"item\":\"https:\\\/\\\/www.purejewels.com\\\/\"},{\"@type\":\"ListItem\",\"position\":2,\"name\":\"Shop\",\"item\":\"https:\\\/\\\/www.purejewels.com\\\/shop\\\/\"},{\"@type\":\"ListItem\",\"position\":3,\"name\":\"22ct Sunrise Gold Adjustable Vanki Ring with Ghungri\"}]},{\"@type\":\"WebSite\",\"@id\":\"https:\\\/\\\/www.purejewels.com\\\/#website\",\"url\":\"https:\\\/\\\/www.purejewels.com\\\/\",\"name\":\"PureJewels UK\",\"description\":\"Share the Love\",\"publisher\":{\"@id\":\"https:\\\/\\\/www.purejewels.com\\\/#organization\"},\"potentialAction\":[{\"@type\":\"SearchAction\",\"target\":{\"@type\":\"EntryPoint\",\"urlTemplate\":\"https:\\\/\\\/www.purejewels.com\\\/?s={search_term_string}\"},\"query-input\":{\"@type\":\"PropertyValueSpecification\",\"valueRequired\":true,\"valueName\":\"search_term_string\"}}],\"inLanguage\":\"tr\"},{\"@type\":\"Organization\",\"@id\":\"https:\\\/\\\/www.purejewels.com\\\/#organization\",\"name\":\"PureJewels UK\",\"url\":\"https:\\\/\\\/www.purejewels.com\\\/\",\"logo\":{\"@type\":\"ImageObject\",\"inLanguage\":\"tr\",\"@id\":\"https:\\\/\\\/www.purejewels.com\\\/#\\\/schema\\\/logo\\\/image\\\/\",\"url\":\"https:\\\/\\\/static.purejewels.com\\\/wp-content\\\/uploads\\\/2020\\\/11\\\/Logo-PJ-New-1.png\",\"contentUrl\":\"https:\\\/\\\/static.purejewels.com\\\/wp-content\\\/uploads\\\/2020\\\/11\\\/Logo-PJ-New-1.png\",\"width\":150,\"height\":80,\"caption\":\"PureJewels UK\"},\"image\":{\"@id\":\"https:\\\/\\\/www.purejewels.com\\\/#\\\/schema\\\/logo\\\/image\\\/\"}}]}<\/script>\n<!-- \/ Yoast SEO plugin. -->","yoast_head_json":{"title":"22ct G\u00fcndo\u011fumu Alt\u0131n\u0131ndan Ayarlanabilir Vanki Y\u00fcz\u00fck | PureJewels","description":"PureJewels'ten Ayarlanabilir Vanki Y\u00fcz\u00fck ve Ghungri sat\u0131n al\u0131n. 22 ayar Sunrise Alt\u0131ndan \u00fcretilen bu el yap\u0131m\u0131 y\u00fcz\u00fck, ghungri ile dokulu bir Vanki formuna sahiptir.","robots":{"index":"index","follow":"follow","max-snippet":"max-snippet:-1","max-image-preview":"max-image-preview:large","max-video-preview":"max-video-preview:-1"},"canonical":"https:\/\/www.purejewels.com\/tr\/urun\/22-ayar-gundogumu-altindan-ghungri-ile-ayarlanabilir-vanki-yuzuk-55095\/","og_locale":"tr_TR","og_type":"article","og_title":"Shop the Adjustable Vanki Ring in 22ct Sunrise Gold | PureJewels","og_description":"Shop the Adjustable Vanki Ring with Ghungri from PureJewels. Crafted in 22ct Sunrise Gold this handcrafted ring features a textured Vanki form with ghungri.","og_url":"https:\/\/www.purejewels.com\/tr\/urun\/22-ayar-gundogumu-altindan-ghungri-ile-ayarlanabilir-vanki-yuzuk-55095\/","og_site_name":"PureJewels UK","article_modified_time":"2026-03-16T08:39:11+00:00","og_image":[{"width":1000,"height":1000,"url":"https:\/\/static.purejewels.com\/wp-content\/uploads\/2025\/01\/50577.png","type":"image\/png"}],"twitter_card":"summary_large_image","twitter_misc":{"Tahmini okuma s\u00fcresi":"1 dakika"},"schema":{"@context":"https:\/\/schema.org","@graph":[{"@type":["WebPage","ItemPage"],"@id":"https:\/\/www.purejewels.com\/product\/adjustable-vanki-ring-with-ghungri-in-22ct-sunrise-gold-55095\/","url":"https:\/\/www.purejewels.com\/product\/adjustable-vanki-ring-with-ghungri-in-22ct-sunrise-gold-55095\/","name":"22ct G\u00fcndo\u011fumu Alt\u0131n\u0131ndan Ayarlanabilir Vanki Y\u00fcz\u00fck | PureJewels","isPartOf":{"@id":"https:\/\/www.purejewels.com\/#website"},"primaryImageOfPage":{"@id":"https:\/\/www.purejewels.com\/product\/adjustable-vanki-ring-with-ghungri-in-22ct-sunrise-gold-55095\/#primaryimage"},"image":{"@id":"https:\/\/www.purejewels.com\/product\/adjustable-vanki-ring-with-ghungri-in-22ct-sunrise-gold-55095\/#primaryimage"},"thumbnailUrl":"https:\/\/static.purejewels.com\/wp-content\/uploads\/2025\/01\/50577.png","datePublished":"2025-03-10T12:42:42+00:00","dateModified":"2026-03-16T08:39:11+00:00","description":"PureJewels'ten Ayarlanabilir Vanki Y\u00fcz\u00fck ve Ghungri sat\u0131n al\u0131n. 22 ayar Sunrise Alt\u0131ndan \u00fcretilen bu el yap\u0131m\u0131 y\u00fcz\u00fck, ghungri ile dokulu bir Vanki formuna sahiptir.","breadcrumb":{"@id":"https:\/\/www.purejewels.com\/product\/adjustable-vanki-ring-with-ghungri-in-22ct-sunrise-gold-55095\/#breadcrumb"},"inLanguage":"tr","potentialAction":[{"@type":"ReadAction","target":["https:\/\/www.purejewels.com\/product\/adjustable-vanki-ring-with-ghungri-in-22ct-sunrise-gold-55095\/"]}]},{"@type":"ImageObject","inLanguage":"tr","@id":"https:\/\/www.purejewels.com\/product\/adjustable-vanki-ring-with-ghungri-in-22ct-sunrise-gold-55095\/#primaryimage","url":"https:\/\/static.purejewels.com\/wp-content\/uploads\/2025\/01\/50577.png","contentUrl":"https:\/\/static.purejewels.com\/wp-content\/uploads\/2025\/01\/50577.png","width":1000,"height":1000,"caption":"22ct Sunrise Gold Vanki Ring"},{"@type":"BreadcrumbList","@id":"https:\/\/www.purejewels.com\/product\/adjustable-vanki-ring-with-ghungri-in-22ct-sunrise-gold-55095\/#breadcrumb","itemListElement":[{"@type":"ListItem","position":1,"name":"Home","item":"https:\/\/www.purejewels.com\/"},{"@type":"ListItem","position":2,"name":"Shop","item":"https:\/\/www.purejewels.com\/shop\/"},{"@type":"ListItem","position":3,"name":"22ct Sunrise Gold Adjustable Vanki Ring with Ghungri"}]},{"@type":"WebSite","@id":"https:\/\/www.purejewels.com\/#website","url":"https:\/\/www.purejewels.com\/","name":"PureJewels \u0130ngiltere","description":"Sevgiyi Payla\u015f\u0131n","publisher":{"@id":"https:\/\/www.purejewels.com\/#organization"},"potentialAction":[{"@type":"SearchAction","target":{"@type":"EntryPoint","urlTemplate":"https:\/\/www.purejewels.com\/?s={search_term_string}"},"query-input":{"@type":"PropertyValueSpecification","valueRequired":true,"valueName":"search_term_string"}}],"inLanguage":"tr"},{"@type":"Organization","@id":"https:\/\/www.purejewels.com\/#organization","name":"PureJewels \u0130ngiltere","url":"https:\/\/www.purejewels.com\/","logo":{"@type":"ImageObject","inLanguage":"tr","@id":"https:\/\/www.purejewels.com\/#\/schema\/logo\/image\/","url":"https:\/\/static.purejewels.com\/wp-content\/uploads\/2020\/11\/Logo-PJ-New-1.png","contentUrl":"https:\/\/static.purejewels.com\/wp-content\/uploads\/2020\/11\/Logo-PJ-New-1.png","width":150,"height":80,"caption":"PureJewels UK"},"image":{"@id":"https:\/\/www.purejewels.com\/#\/schema\/logo\/image\/"}}]}},"_links":{"self":[{"href":"https:\/\/www.purejewels.com\/tr\/wp-json\/wp\/v2\/product\/426910","targetHints":{"allow":["GET"]}}],"collection":[{"href":"https:\/\/www.purejewels.com\/tr\/wp-json\/wp\/v2\/product"}],"about":[{"href":"https:\/\/www.purejewels.com\/tr\/wp-json\/wp\/v2\/types\/product"}],"replies":[{"embeddable":true,"href":"https:\/\/www.purejewels.com\/tr\/wp-json\/wp\/v2\/comments?post=426910"}],"version-history":[{"count":3,"href":"https:\/\/www.purejewels.com\/tr\/wp-json\/wp\/v2\/product\/426910\/revisions"}],"predecessor-version":[{"id":427147,"href":"https:\/\/www.purejewels.com\/tr\/wp-json\/wp\/v2\/product\/426910\/revisions\/427147"}],"wp:featuredmedia":[{"embeddable":true,"href":"https:\/\/www.purejewels.com\/tr\/wp-json\/wp\/v2\/media\/389929"}],"wp:attachment":[{"href":"https:\/\/www.purejewels.com\/tr\/wp-json\/wp\/v2\/media?parent=426910"}],"wp:term":[{"taxonomy":"product_brand","embeddable":true,"href":"https:\/\/www.purejewels.com\/tr\/wp-json\/wp\/v2\/product_brand?post=426910"},{"taxonomy":"product_cat","embeddable":true,"href":"https:\/\/www.purejewels.com\/tr\/wp-json\/wp\/v2\/product_cat?post=426910"},{"taxonomy":"product_tag","embeddable":true,"href":"https:\/\/www.purejewels.com\/tr\/wp-json\/wp\/v2\/product_tag?post=426910"}],"curies":[{"name":"wp","href":"https:\/\/api.w.org\/{rel}","templated":true}]}}