{"id":426944,"date":"2025-03-11T07:39:46","date_gmt":"2025-03-11T07:39:46","guid":{"rendered":"https:\/\/www.purejewels.com\/?post_type=product&#038;p=426944"},"modified":"2026-03-11T07:54:26","modified_gmt":"2026-03-11T07:54:26","slug":"rozet-koleksiyonu-kolye-ucu-22-ayar-gundogumu-altin-cap-12mm-54836","status":"publish","type":"product","link":"https:\/\/www.purejewels.com\/tr\/product\/rosette-collection-pendant-in-22ct-sunrise-gold-diameter-12mm-54836\/","title":{"rendered":"22 Ayar G\u00fcndo\u011fumu Alt\u0131n Kolye | \u00c7ap 12mm | Rozet Koleksiyonu"},"content":{"rendered":"<p>22 ayar g\u00fcndo\u011fumu alt\u0131ndan Rosette Koleksiyonu kolye ucu, rafine heykelsi detaylarla \u00e7i\u00e7ek a\u00e7an bir \u00e7i\u00e7e\u011fin g\u00fczelli\u011fini yans\u0131t\u0131yor. Yumu\u015fak dokulu ta\u00e7 yapraklar\u0131, parlat\u0131lm\u0131\u015f bir merkezi \u00e7evreleyerek derinlik ve yumu\u015fak bir parlakl\u0131k yarat\u0131r. G\u00fcndo\u011fumu alt\u0131n\u0131n\u0131n s\u0131cak \u0131\u015f\u0131lt\u0131s\u0131 \u00e7i\u00e7ek formunu zenginle\u015ftirerek zarafet miras\u0131n\u0131 ve zarif sadeli\u011fi yans\u0131tan zamans\u0131z bir kolye ucu sunuyor.<\/p>\n<h3 data-section-id=\"1qj9e1g\" data-start=\"1197\" data-end=\"1217\">Tasar\u0131m Konsepti<\/h3>\n<p data-start=\"1218\" data-end=\"1392\">\u00c7i\u00e7ek a\u00e7an rozetlerden ilham alan kolye ucu, g\u00fczellik kutlamalar\u0131n\u0131 ve ki\u015fisel yolculuklar\u0131 simgeliyor. Katmanl\u0131 ta\u00e7 yapra\u011f\u0131 tasar\u0131m\u0131 denge derinli\u011fi ve narin \u00e7i\u00e7ek ifadesi yarat\u0131r.<\/p>\n<h3 data-section-id=\"n147pz\" data-start=\"1399\" data-end=\"1418\">Zanaatkarl\u0131k<\/h3>\n<p data-start=\"1419\" data-end=\"1608\">Y\u00fcksek safl\u0131kta 22 ayar g\u00fcndo\u011fumu alt\u0131ndan ustal\u0131kla i\u015flenen her bir ta\u00e7 yapra\u011f\u0131, doku derinli\u011fini ve parlakl\u0131\u011f\u0131 vurgulamak i\u00e7in \u00f6zenle \u015fekillendirilmi\u015ftir. Kolye ucu yetenekli kuyumculu\u011fu ve hassas finisaj\u0131 yans\u0131tmaktad\u0131r.<\/p>\n<h3 data-section-id=\"lvxqx6\" data-start=\"1615\" data-end=\"1633\">Stil \u0130pu\u00e7lar\u0131<\/h3>\n<p data-start=\"1634\" data-end=\"1807\" data-is-last-node=\"\" data-is-only-node=\"\">G\u00fcnl\u00fck \u015f\u0131kl\u0131k i\u00e7in zarif bir 22 ayar alt\u0131n zincirle e\u015fle\u015ftirin.<br data-start=\"1693\" data-end=\"1696\" \/>Uyumlu bir stil i\u00e7in Rosette k\u00fcpelerle tak\u0131n.<br data-start=\"1747\" data-end=\"1750\" \/>Modern ve zarif bir g\u00f6r\u00fcn\u00fcm i\u00e7in ince alt\u0131n kolyelerle tamamlay\u0131n.<\/p>","protected":false},"excerpt":{"rendered":"<table class=\"sh_desc\">\n<tbody>\n<tr>\n<td>Kolye Tipi<\/td>\n<td>S\u00fcsl\u00fc Kolye<\/td>\n<\/tr>\n<tr>\n<td>SKU<\/td>\n<td>54832, 54833, 54834, 54835, 54836<\/td>\n<\/tr>\n<tr>\n<td>A\u011f\u0131rl\u0131k<\/td>\n<td>2.07 gram<\/td>\n<\/tr>\n<tr>\n<td>geni\u015flik<\/td>\n<td>12mm<\/td>\n<\/tr>\n<tr>\n<td>Metal<\/td>\n<td>22 Ayar G\u00fcndo\u011fumu Alt\u0131n<\/td>\n<\/tr>\n<tr>\n<td>Koleksiyon<\/td>\n<td><strong>Rozet Koleksiyonu<\/strong><\/td>\n<\/tr>\n<tr>\n<td>\u00dccretler<\/td>\n<td>Teslimat ve KDV Dahil<\/td>\n<\/tr>\n<tr>\n<td>Paketleme<\/td>\n<td>Sunum Kutusu ile Birlikte Gelir<\/td>\n<\/tr>\n<tr>\n<td>Daha Fazla Bilgi<\/td>\n<td>\n<ul>\n<li>Zincir dahil de\u011fildir<\/li>\n<li>Koleksiyonumuzu g\u00f6r\u00fcnt\u00fcleyin\u00a0<strong>Alt\u0131n Zincirler<\/strong><\/li>\n<li>M\u00fcsaitlik durumu ve daha fazla resim i\u00e7in bizimle canl\u0131 sohbet edin<\/li>\n<\/ul>\n<\/td>\n<\/tr>\n<\/tbody>\n<\/table>","protected":false},"featured_media":426947,"comment_status":"closed","ping_status":"closed","template":"","meta":{"_eb_attr":"","_crsspst_to_jayantr4sg-hostcom":false},"product_brand":[],"product_cat":[1791,1559,5701,1255,5343,1767,1570,5585,1656,6081,1573,1574,5349],"product_tag":[],"class_list":{"0":"post-426944","1":"product","2":"type-product","3":"status-publish","4":"has-post-thumbnail","6":"product_cat-anniversary-gifts","7":"product_cat-birthday-gifts","8":"product_cat-eid-jewellery","9":"product_cat-gold-pendants","10":"product_cat-jewellery-under-550","11":"product_cat-ladies-pendants","12":"product_cat-mothers-day-gifts","13":"product_cat-rosette-pendant","14":"product_cat-rosettes-collections","15":"product_cat-sunrise-gold","16":"product_cat-wedding-gifts","17":"product_cat-womens-jewellery","18":"product_cat-yellow-gold-jewellery","20":"first","21":"instock","22":"taxable","23":"shipping-taxable","24":"purchasable","25":"product-type-simple","26":"add-to-wishlist-before_image"},"yoast_head":"<!-- This site is optimized with the Yoast SEO plugin v27.5 - https:\/\/yoast.com\/product\/yoast-seo-wordpress\/ -->\n<title>Rosette Collection Pendant 22ct Sunrise Gold PureJewels UK<\/title>\n<meta name=\"description\" content=\"Discover the Rosette Collection pendant crafted in 22ct sunrise gold. A delicate floral design celebrating heritage craftsmanship and timeless elegance.\" \/>\n<meta name=\"robots\" content=\"index, follow, max-snippet:-1, max-image-preview:large, max-video-preview:-1\" \/>\n<link rel=\"canonical\" href=\"https:\/\/www.purejewels.com\/tr\/urun\/rozet-koleksiyonu-kolye-ucu-22-ayar-gundogumu-altin-cap-12mm-54836\/\" \/>\n<meta property=\"og:locale\" content=\"tr_TR\" \/>\n<meta property=\"og:type\" content=\"article\" \/>\n<meta property=\"og:title\" content=\"Rosette Collection Pendant 22ct Sunrise Gold PureJewels UK\" \/>\n<meta property=\"og:description\" content=\"Discover the Rosette Collection pendant crafted in 22ct sunrise gold. A delicate floral design celebrating heritage craftsmanship and timeless elegance.\" \/>\n<meta property=\"og:url\" content=\"https:\/\/www.purejewels.com\/tr\/urun\/rozet-koleksiyonu-kolye-ucu-22-ayar-gundogumu-altin-cap-12mm-54836\/\" \/>\n<meta property=\"og:site_name\" content=\"PureJewels UK\" \/>\n<meta property=\"article:modified_time\" content=\"2026-03-11T07:54:26+00:00\" \/>\n<meta property=\"og:image\" content=\"https:\/\/static.purejewels.com\/wp-content\/uploads\/2025\/03\/44834-SUNRISE.jpg\" \/>\n\t<meta property=\"og:image:width\" content=\"1000\" \/>\n\t<meta property=\"og:image:height\" content=\"1000\" \/>\n\t<meta property=\"og:image:type\" content=\"image\/jpeg\" \/>\n<meta name=\"twitter:card\" content=\"summary_large_image\" \/>\n<meta name=\"twitter:label1\" content=\"Tahmini okuma s\u00fcresi\" \/>\n\t<meta name=\"twitter:data1\" content=\"1 dakika\" \/>\n<script type=\"application\/ld+json\" class=\"yoast-schema-graph\">{\"@context\":\"https:\\\/\\\/schema.org\",\"@graph\":[{\"@type\":[\"WebPage\",\"ItemPage\"],\"@id\":\"https:\\\/\\\/www.purejewels.com\\\/product\\\/rosette-collection-pendant-in-22ct-sunrise-gold-diameter-12mm-54836\\\/\",\"url\":\"https:\\\/\\\/www.purejewels.com\\\/product\\\/rosette-collection-pendant-in-22ct-sunrise-gold-diameter-12mm-54836\\\/\",\"name\":\"Rosette Collection Pendant 22ct Sunrise Gold PureJewels UK\",\"isPartOf\":{\"@id\":\"https:\\\/\\\/www.purejewels.com\\\/#website\"},\"primaryImageOfPage\":{\"@id\":\"https:\\\/\\\/www.purejewels.com\\\/product\\\/rosette-collection-pendant-in-22ct-sunrise-gold-diameter-12mm-54836\\\/#primaryimage\"},\"image\":{\"@id\":\"https:\\\/\\\/www.purejewels.com\\\/product\\\/rosette-collection-pendant-in-22ct-sunrise-gold-diameter-12mm-54836\\\/#primaryimage\"},\"thumbnailUrl\":\"https:\\\/\\\/static.purejewels.com\\\/wp-content\\\/uploads\\\/2025\\\/03\\\/44834-SUNRISE.jpg\",\"datePublished\":\"2025-03-11T07:39:46+00:00\",\"dateModified\":\"2026-03-11T07:54:26+00:00\",\"description\":\"Discover the Rosette Collection pendant crafted in 22ct sunrise gold. A delicate floral design celebrating heritage craftsmanship and timeless elegance.\",\"breadcrumb\":{\"@id\":\"https:\\\/\\\/www.purejewels.com\\\/product\\\/rosette-collection-pendant-in-22ct-sunrise-gold-diameter-12mm-54836\\\/#breadcrumb\"},\"inLanguage\":\"tr\",\"potentialAction\":[{\"@type\":\"ReadAction\",\"target\":[\"https:\\\/\\\/www.purejewels.com\\\/product\\\/rosette-collection-pendant-in-22ct-sunrise-gold-diameter-12mm-54836\\\/\"]}]},{\"@type\":\"ImageObject\",\"inLanguage\":\"tr\",\"@id\":\"https:\\\/\\\/www.purejewels.com\\\/product\\\/rosette-collection-pendant-in-22ct-sunrise-gold-diameter-12mm-54836\\\/#primaryimage\",\"url\":\"https:\\\/\\\/static.purejewels.com\\\/wp-content\\\/uploads\\\/2025\\\/03\\\/44834-SUNRISE.jpg\",\"contentUrl\":\"https:\\\/\\\/static.purejewels.com\\\/wp-content\\\/uploads\\\/2025\\\/03\\\/44834-SUNRISE.jpg\",\"width\":1000,\"height\":1000},{\"@type\":\"BreadcrumbList\",\"@id\":\"https:\\\/\\\/www.purejewels.com\\\/product\\\/rosette-collection-pendant-in-22ct-sunrise-gold-diameter-12mm-54836\\\/#breadcrumb\",\"itemListElement\":[{\"@type\":\"ListItem\",\"position\":1,\"name\":\"Home\",\"item\":\"https:\\\/\\\/www.purejewels.com\\\/\"},{\"@type\":\"ListItem\",\"position\":2,\"name\":\"Shop\",\"item\":\"https:\\\/\\\/www.purejewels.com\\\/shop\\\/\"},{\"@type\":\"ListItem\",\"position\":3,\"name\":\"22ct Sunrise Gold Pendant | Diameter 12mm | Rosette Collection\"}]},{\"@type\":\"WebSite\",\"@id\":\"https:\\\/\\\/www.purejewels.com\\\/#website\",\"url\":\"https:\\\/\\\/www.purejewels.com\\\/\",\"name\":\"PureJewels UK\",\"description\":\"Share the Love\",\"publisher\":{\"@id\":\"https:\\\/\\\/www.purejewels.com\\\/#organization\"},\"potentialAction\":[{\"@type\":\"SearchAction\",\"target\":{\"@type\":\"EntryPoint\",\"urlTemplate\":\"https:\\\/\\\/www.purejewels.com\\\/?s={search_term_string}\"},\"query-input\":{\"@type\":\"PropertyValueSpecification\",\"valueRequired\":true,\"valueName\":\"search_term_string\"}}],\"inLanguage\":\"tr\"},{\"@type\":\"Organization\",\"@id\":\"https:\\\/\\\/www.purejewels.com\\\/#organization\",\"name\":\"PureJewels UK\",\"url\":\"https:\\\/\\\/www.purejewels.com\\\/\",\"logo\":{\"@type\":\"ImageObject\",\"inLanguage\":\"tr\",\"@id\":\"https:\\\/\\\/www.purejewels.com\\\/#\\\/schema\\\/logo\\\/image\\\/\",\"url\":\"https:\\\/\\\/static.purejewels.com\\\/wp-content\\\/uploads\\\/2020\\\/11\\\/Logo-PJ-New-1.png\",\"contentUrl\":\"https:\\\/\\\/static.purejewels.com\\\/wp-content\\\/uploads\\\/2020\\\/11\\\/Logo-PJ-New-1.png\",\"width\":150,\"height\":80,\"caption\":\"PureJewels UK\"},\"image\":{\"@id\":\"https:\\\/\\\/www.purejewels.com\\\/#\\\/schema\\\/logo\\\/image\\\/\"}}]}<\/script>\n<!-- \/ Yoast SEO plugin. -->","yoast_head_json":{"title":"Rozet Koleksiyonu Kolye 22ct Sunrise Alt\u0131n PureJewels UK","description":"22 ayar g\u00fcndo\u011fumu alt\u0131n\u0131yla haz\u0131rlanm\u0131\u015f Rosette Koleksiyonu kolyeyi ke\u015ffedin. Tarihi i\u015f\u00e7ili\u011fi ve zamans\u0131z zarafeti kutlayan narin bir \u00e7i\u00e7ek tasar\u0131m\u0131.","robots":{"index":"index","follow":"follow","max-snippet":"max-snippet:-1","max-image-preview":"max-image-preview:large","max-video-preview":"max-video-preview:-1"},"canonical":"https:\/\/www.purejewels.com\/tr\/urun\/rozet-koleksiyonu-kolye-ucu-22-ayar-gundogumu-altin-cap-12mm-54836\/","og_locale":"tr_TR","og_type":"article","og_title":"Rosette Collection Pendant 22ct Sunrise Gold PureJewels UK","og_description":"Discover the Rosette Collection pendant crafted in 22ct sunrise gold. A delicate floral design celebrating heritage craftsmanship and timeless elegance.","og_url":"https:\/\/www.purejewels.com\/tr\/urun\/rozet-koleksiyonu-kolye-ucu-22-ayar-gundogumu-altin-cap-12mm-54836\/","og_site_name":"PureJewels UK","article_modified_time":"2026-03-11T07:54:26+00:00","og_image":[{"width":1000,"height":1000,"url":"https:\/\/static.purejewels.com\/wp-content\/uploads\/2025\/03\/44834-SUNRISE.jpg","type":"image\/jpeg"}],"twitter_card":"summary_large_image","twitter_misc":{"Tahmini okuma s\u00fcresi":"1 dakika"},"schema":{"@context":"https:\/\/schema.org","@graph":[{"@type":["WebPage","ItemPage"],"@id":"https:\/\/www.purejewels.com\/product\/rosette-collection-pendant-in-22ct-sunrise-gold-diameter-12mm-54836\/","url":"https:\/\/www.purejewels.com\/product\/rosette-collection-pendant-in-22ct-sunrise-gold-diameter-12mm-54836\/","name":"Rozet Koleksiyonu Kolye 22ct Sunrise Alt\u0131n PureJewels UK","isPartOf":{"@id":"https:\/\/www.purejewels.com\/#website"},"primaryImageOfPage":{"@id":"https:\/\/www.purejewels.com\/product\/rosette-collection-pendant-in-22ct-sunrise-gold-diameter-12mm-54836\/#primaryimage"},"image":{"@id":"https:\/\/www.purejewels.com\/product\/rosette-collection-pendant-in-22ct-sunrise-gold-diameter-12mm-54836\/#primaryimage"},"thumbnailUrl":"https:\/\/static.purejewels.com\/wp-content\/uploads\/2025\/03\/44834-SUNRISE.jpg","datePublished":"2025-03-11T07:39:46+00:00","dateModified":"2026-03-11T07:54:26+00:00","description":"22 ayar g\u00fcndo\u011fumu alt\u0131n\u0131yla haz\u0131rlanm\u0131\u015f Rosette Koleksiyonu kolyeyi ke\u015ffedin. Tarihi i\u015f\u00e7ili\u011fi ve zamans\u0131z zarafeti kutlayan narin bir \u00e7i\u00e7ek tasar\u0131m\u0131.","breadcrumb":{"@id":"https:\/\/www.purejewels.com\/product\/rosette-collection-pendant-in-22ct-sunrise-gold-diameter-12mm-54836\/#breadcrumb"},"inLanguage":"tr","potentialAction":[{"@type":"ReadAction","target":["https:\/\/www.purejewels.com\/product\/rosette-collection-pendant-in-22ct-sunrise-gold-diameter-12mm-54836\/"]}]},{"@type":"ImageObject","inLanguage":"tr","@id":"https:\/\/www.purejewels.com\/product\/rosette-collection-pendant-in-22ct-sunrise-gold-diameter-12mm-54836\/#primaryimage","url":"https:\/\/static.purejewels.com\/wp-content\/uploads\/2025\/03\/44834-SUNRISE.jpg","contentUrl":"https:\/\/static.purejewels.com\/wp-content\/uploads\/2025\/03\/44834-SUNRISE.jpg","width":1000,"height":1000},{"@type":"BreadcrumbList","@id":"https:\/\/www.purejewels.com\/product\/rosette-collection-pendant-in-22ct-sunrise-gold-diameter-12mm-54836\/#breadcrumb","itemListElement":[{"@type":"ListItem","position":1,"name":"Home","item":"https:\/\/www.purejewels.com\/"},{"@type":"ListItem","position":2,"name":"Shop","item":"https:\/\/www.purejewels.com\/shop\/"},{"@type":"ListItem","position":3,"name":"22ct Sunrise Gold Pendant | Diameter 12mm | Rosette Collection"}]},{"@type":"WebSite","@id":"https:\/\/www.purejewels.com\/#website","url":"https:\/\/www.purejewels.com\/","name":"PureJewels \u0130ngiltere","description":"Sevgiyi Payla\u015f\u0131n","publisher":{"@id":"https:\/\/www.purejewels.com\/#organization"},"potentialAction":[{"@type":"SearchAction","target":{"@type":"EntryPoint","urlTemplate":"https:\/\/www.purejewels.com\/?s={search_term_string}"},"query-input":{"@type":"PropertyValueSpecification","valueRequired":true,"valueName":"search_term_string"}}],"inLanguage":"tr"},{"@type":"Organization","@id":"https:\/\/www.purejewels.com\/#organization","name":"PureJewels \u0130ngiltere","url":"https:\/\/www.purejewels.com\/","logo":{"@type":"ImageObject","inLanguage":"tr","@id":"https:\/\/www.purejewels.com\/#\/schema\/logo\/image\/","url":"https:\/\/static.purejewels.com\/wp-content\/uploads\/2020\/11\/Logo-PJ-New-1.png","contentUrl":"https:\/\/static.purejewels.com\/wp-content\/uploads\/2020\/11\/Logo-PJ-New-1.png","width":150,"height":80,"caption":"PureJewels UK"},"image":{"@id":"https:\/\/www.purejewels.com\/#\/schema\/logo\/image\/"}}]}},"_links":{"self":[{"href":"https:\/\/www.purejewels.com\/tr\/wp-json\/wp\/v2\/product\/426944","targetHints":{"allow":["GET"]}}],"collection":[{"href":"https:\/\/www.purejewels.com\/tr\/wp-json\/wp\/v2\/product"}],"about":[{"href":"https:\/\/www.purejewels.com\/tr\/wp-json\/wp\/v2\/types\/product"}],"replies":[{"embeddable":true,"href":"https:\/\/www.purejewels.com\/tr\/wp-json\/wp\/v2\/comments?post=426944"}],"version-history":[{"count":2,"href":"https:\/\/www.purejewels.com\/tr\/wp-json\/wp\/v2\/product\/426944\/revisions"}],"predecessor-version":[{"id":426946,"href":"https:\/\/www.purejewels.com\/tr\/wp-json\/wp\/v2\/product\/426944\/revisions\/426946"}],"wp:featuredmedia":[{"embeddable":true,"href":"https:\/\/www.purejewels.com\/tr\/wp-json\/wp\/v2\/media\/426947"}],"wp:attachment":[{"href":"https:\/\/www.purejewels.com\/tr\/wp-json\/wp\/v2\/media?parent=426944"}],"wp:term":[{"taxonomy":"product_brand","embeddable":true,"href":"https:\/\/www.purejewels.com\/tr\/wp-json\/wp\/v2\/product_brand?post=426944"},{"taxonomy":"product_cat","embeddable":true,"href":"https:\/\/www.purejewels.com\/tr\/wp-json\/wp\/v2\/product_cat?post=426944"},{"taxonomy":"product_tag","embeddable":true,"href":"https:\/\/www.purejewels.com\/tr\/wp-json\/wp\/v2\/product_tag?post=426944"}],"curies":[{"name":"wp","href":"https:\/\/api.w.org\/{rel}","templated":true}]}}