{"id":427048,"date":"2025-03-13T08:14:28","date_gmt":"2025-03-13T08:14:28","guid":{"rendered":"https:\/\/www.purejewels.com\/?post_type=product&#038;p=427048"},"modified":"2026-05-08T06:00:39","modified_gmt":"2026-05-08T05:00:39","slug":"22-ayar-altin-klasik-top-saplama-kupe-4mm","status":"publish","type":"product","link":"https:\/\/www.purejewels.com\/tr\/product\/22ct-gold-classic-ball-stud-earrings-4mm\/","title":{"rendered":"22 Ayar Alt\u0131n Klasik Top Saplama K\u00fcpe | 4mm"},"content":{"rendered":"<p data-start=\"460\" data-end=\"724\">4 mm'lik 22 ayar g\u00fcndo\u011fumu alt\u0131n klasik top k\u00fcpeler, zarif sadeli\u011fi ve zamans\u0131z zarafeti kutluyor. P\u00fcr\u00fczs\u00fcz k\u00fcresel formlar\u0131 ve parlak cilal\u0131 y\u00fczeyiyle tasarlanan bu k\u00fcpeler g\u00fcn do\u011fumu alt\u0131n\u0131n\u0131n s\u0131cak \u0131\u015f\u0131lt\u0131s\u0131n\u0131 vurgular. Narin boyutlar\u0131 ve minimal tasar\u0131mlar\u0131, sofistike bir klasik g\u00f6r\u00fcn\u00fcm\u00fc korurken g\u00fcnl\u00fck kullan\u0131m i\u00e7in m\u00fckemmeldir.<\/p>\n<h3 data-section-id=\"1qj9e1g\" data-start=\"1179\" data-end=\"1199\">Tasar\u0131m Konsepti<\/h3>\n<p data-start=\"1200\" data-end=\"1391\">Basit geometrik formun safl\u0131\u011f\u0131ndan ilham alan k\u00fcresel tasar\u0131m, denge uyumunu ve zamans\u0131z g\u00fczelli\u011fi simgeliyor. Minimal siluet, g\u00fcn do\u011fumu alt\u0131n\u0131n\u0131n do\u011fal parlakl\u0131\u011f\u0131n\u0131 vurgular.<\/p>\n<h3 data-section-id=\"n147pz\" data-start=\"1398\" data-end=\"1417\">Zanaatkarl\u0131k<\/h3>\n<p data-start=\"1418\" data-end=\"1629\">Y\u00fcksek safl\u0131kta 22 ayar g\u00fcn do\u011fumu alt\u0131ndan ustal\u0131kla \u00fcretilen her bir k\u00fcre, kusursuz p\u00fcr\u00fczs\u00fcz bir y\u00fczey ve rafine bir parlakl\u0131k elde etmek i\u00e7in \u00f6zenle \u015fekillendirilmi\u015f ve parlat\u0131lm\u0131\u015ft\u0131r. Geri vidal\u0131 ba\u011flant\u0131 par\u00e7alar\u0131 g\u00fcvenli ve rahat bir kullan\u0131m sa\u011flar.<\/p>\n<h3 data-section-id=\"lvxqx6\" data-start=\"1636\" data-end=\"1654\">Stil \u0130pu\u00e7lar\u0131<\/h3>\n<p data-start=\"1655\" data-end=\"1850\" data-is-last-node=\"\" data-is-only-node=\"\">G\u00fcnl\u00fck ve resmi k\u0131yafetlerle g\u00fcnl\u00fck kullan\u0131m i\u00e7in m\u00fckemmeldir.<br data-start=\"1712\" data-end=\"1715\" \/>Zarif bir minimalist g\u00f6r\u00fcn\u00fcm i\u00e7in narin alt\u0131n zincirler veya bileziklerle e\u015fle\u015ftirin.<br data-start=\"1789\" data-end=\"1792\" \/>Zamans\u0131z bir m\u00fccevher veya d\u00fc\u015f\u00fcnceli bir hediye olarak idealdir.<\/p>","protected":false},"excerpt":{"rendered":"<p>Hassas g\u00fcnl\u00fck \u015f\u0131kl\u0131k i\u00e7in tasarlanm\u0131\u015f p\u00fcr\u00fczs\u00fcz cilal\u0131 kaplamaya sahip 4 mm'lik klasik 22 ayar g\u00fcndo\u011fumu alt\u0131n top k\u00fcpe.<\/p>\n<p><strong>Malzeme:<\/strong> 22 Ayar G\u00fcndo\u011fumu Alt\u0131n<br \/>\n<strong>Safl\u0131k:<\/strong>\u00a091.6% saf<br \/>\n<strong>Hallmark:<\/strong>\u00a0\u0130ngiliz Damgas\u0131<strong><br \/>\n<\/strong><strong>Br\u00fct A\u011f\u0131rl\u0131k: <\/strong>1.08 Gms<br \/>\n<strong>Geni\u015flik: <\/strong>4mm<br \/>\n<strong>SKU:<\/strong> 54918, 54917<\/p>\n<p><strong>Fiyat ve Teslimat<\/strong>: KDV ve teslimat \u00fccreti dahil<br \/>\n<a href=\"https:\/\/www.purejewels.com\/tr\/i%cc%87ade-poli%cc%87ti%cc%87kasi\/\">\u0130ade Politikas\u0131<\/a><\/p>","protected":false},"featured_media":427050,"comment_status":"closed","ping_status":"closed","template":"","meta":{"_eb_attr":"","_crsspst_to_jayantr4sg-hostcom":false},"product_brand":[],"product_cat":[1559,1576,1793,5701,1792,1790,1254,5342,5599,5943,1577,1575,1574,5349],"product_tag":[66],"class_list":{"0":"post-427048","1":"product","2":"type-product","3":"status-publish","4":"has-post-thumbnail","6":"product_cat-birthday-gifts","7":"product_cat-childrens-jewellery","8":"product_cat-diwali-gifts","9":"product_cat-eid-jewellery","10":"product_cat-festival-gifts","11":"product_cat-for-whom-when","12":"product_cat-gold-earrings","13":"product_cat-jewellery-under-250","14":"product_cat-baby-earring","15":"product_cat-kids-jewellery","16":"product_cat-stud-earrings","17":"product_cat-teenage-jewellery","18":"product_cat-womens-jewellery","19":"product_cat-yellow-gold-jewellery","20":"product_tag-earrings","22":"first","23":"outofstock","24":"taxable","25":"shipping-taxable","26":"product-type-simple","27":"add-to-wishlist-before_image"},"yoast_head":"<!-- This site is optimized with the Yoast SEO plugin v27.5 - https:\/\/yoast.com\/product\/yoast-seo-wordpress\/ -->\n<title>22ct Sunrise Gold Classic Ball Stud Earrings 4mm PureJewels UK<\/title>\n<meta name=\"description\" content=\"Discover 22ct sunrise gold classic ball stud earrings in 4mm. A timeless minimalist design crafted for everyday elegance and refined style.\" \/>\n<meta name=\"robots\" content=\"index, follow, max-snippet:-1, max-image-preview:large, max-video-preview:-1\" \/>\n<link rel=\"canonical\" href=\"https:\/\/www.purejewels.com\/tr\/urun\/22-ayar-altin-klasik-top-saplama-kupe-4mm\/\" \/>\n<meta property=\"og:locale\" content=\"tr_TR\" \/>\n<meta property=\"og:type\" content=\"article\" \/>\n<meta property=\"og:title\" content=\"22ct Sunrise Gold Classic Ball Stud Earrings 4mm PureJewels UK\" \/>\n<meta property=\"og:description\" content=\"Discover 22ct sunrise gold classic ball stud earrings in 4mm. A timeless minimalist design crafted for everyday elegance and refined style.\" \/>\n<meta property=\"og:url\" content=\"https:\/\/www.purejewels.com\/tr\/urun\/22-ayar-altin-klasik-top-saplama-kupe-4mm\/\" \/>\n<meta property=\"og:site_name\" content=\"PureJewels UK\" \/>\n<meta property=\"article:modified_time\" content=\"2026-05-08T05:00:39+00:00\" \/>\n<meta property=\"og:image\" content=\"https:\/\/static.purejewels.com\/wp-content\/uploads\/2025\/03\/54918_1.png\" \/>\n\t<meta property=\"og:image:width\" content=\"1000\" \/>\n\t<meta property=\"og:image:height\" content=\"1000\" \/>\n\t<meta property=\"og:image:type\" content=\"image\/png\" \/>\n<meta name=\"twitter:card\" content=\"summary_large_image\" \/>\n<meta name=\"twitter:label1\" content=\"Tahmini okuma s\u00fcresi\" \/>\n\t<meta name=\"twitter:data1\" content=\"1 dakika\" \/>\n<script type=\"application\/ld+json\" class=\"yoast-schema-graph\">{\"@context\":\"https:\\\/\\\/schema.org\",\"@graph\":[{\"@type\":[\"WebPage\",\"ItemPage\"],\"@id\":\"https:\\\/\\\/www.purejewels.com\\\/product\\\/22ct-gold-classic-ball-stud-earrings-4mm\\\/\",\"url\":\"https:\\\/\\\/www.purejewels.com\\\/product\\\/22ct-gold-classic-ball-stud-earrings-4mm\\\/\",\"name\":\"22ct Sunrise Gold Classic Ball Stud Earrings 4mm PureJewels UK\",\"isPartOf\":{\"@id\":\"https:\\\/\\\/www.purejewels.com\\\/#website\"},\"primaryImageOfPage\":{\"@id\":\"https:\\\/\\\/www.purejewels.com\\\/product\\\/22ct-gold-classic-ball-stud-earrings-4mm\\\/#primaryimage\"},\"image\":{\"@id\":\"https:\\\/\\\/www.purejewels.com\\\/product\\\/22ct-gold-classic-ball-stud-earrings-4mm\\\/#primaryimage\"},\"thumbnailUrl\":\"https:\\\/\\\/static.purejewels.com\\\/wp-content\\\/uploads\\\/2025\\\/03\\\/54918_1.png\",\"datePublished\":\"2025-03-13T08:14:28+00:00\",\"dateModified\":\"2026-05-08T05:00:39+00:00\",\"description\":\"Discover 22ct sunrise gold classic ball stud earrings in 4mm. A timeless minimalist design crafted for everyday elegance and refined style.\",\"breadcrumb\":{\"@id\":\"https:\\\/\\\/www.purejewels.com\\\/product\\\/22ct-gold-classic-ball-stud-earrings-4mm\\\/#breadcrumb\"},\"inLanguage\":\"tr\",\"potentialAction\":[{\"@type\":\"ReadAction\",\"target\":[\"https:\\\/\\\/www.purejewels.com\\\/product\\\/22ct-gold-classic-ball-stud-earrings-4mm\\\/\"]}]},{\"@type\":\"ImageObject\",\"inLanguage\":\"tr\",\"@id\":\"https:\\\/\\\/www.purejewels.com\\\/product\\\/22ct-gold-classic-ball-stud-earrings-4mm\\\/#primaryimage\",\"url\":\"https:\\\/\\\/static.purejewels.com\\\/wp-content\\\/uploads\\\/2025\\\/03\\\/54918_1.png\",\"contentUrl\":\"https:\\\/\\\/static.purejewels.com\\\/wp-content\\\/uploads\\\/2025\\\/03\\\/54918_1.png\",\"width\":1000,\"height\":1000},{\"@type\":\"BreadcrumbList\",\"@id\":\"https:\\\/\\\/www.purejewels.com\\\/product\\\/22ct-gold-classic-ball-stud-earrings-4mm\\\/#breadcrumb\",\"itemListElement\":[{\"@type\":\"ListItem\",\"position\":1,\"name\":\"Home\",\"item\":\"https:\\\/\\\/www.purejewels.com\\\/\"},{\"@type\":\"ListItem\",\"position\":2,\"name\":\"Shop\",\"item\":\"https:\\\/\\\/www.purejewels.com\\\/shop\\\/\"},{\"@type\":\"ListItem\",\"position\":3,\"name\":\"22ct Gold Classic Ball Stud Earrings | 4mm\"}]},{\"@type\":\"WebSite\",\"@id\":\"https:\\\/\\\/www.purejewels.com\\\/#website\",\"url\":\"https:\\\/\\\/www.purejewels.com\\\/\",\"name\":\"PureJewels UK\",\"description\":\"Share the Love\",\"publisher\":{\"@id\":\"https:\\\/\\\/www.purejewels.com\\\/#organization\"},\"potentialAction\":[{\"@type\":\"SearchAction\",\"target\":{\"@type\":\"EntryPoint\",\"urlTemplate\":\"https:\\\/\\\/www.purejewels.com\\\/?s={search_term_string}\"},\"query-input\":{\"@type\":\"PropertyValueSpecification\",\"valueRequired\":true,\"valueName\":\"search_term_string\"}}],\"inLanguage\":\"tr\"},{\"@type\":\"Organization\",\"@id\":\"https:\\\/\\\/www.purejewels.com\\\/#organization\",\"name\":\"PureJewels UK\",\"url\":\"https:\\\/\\\/www.purejewels.com\\\/\",\"logo\":{\"@type\":\"ImageObject\",\"inLanguage\":\"tr\",\"@id\":\"https:\\\/\\\/www.purejewels.com\\\/#\\\/schema\\\/logo\\\/image\\\/\",\"url\":\"https:\\\/\\\/static.purejewels.com\\\/wp-content\\\/uploads\\\/2020\\\/11\\\/Logo-PJ-New-1.png\",\"contentUrl\":\"https:\\\/\\\/static.purejewels.com\\\/wp-content\\\/uploads\\\/2020\\\/11\\\/Logo-PJ-New-1.png\",\"width\":150,\"height\":80,\"caption\":\"PureJewels UK\"},\"image\":{\"@id\":\"https:\\\/\\\/www.purejewels.com\\\/#\\\/schema\\\/logo\\\/image\\\/\"}}]}<\/script>\n<!-- \/ Yoast SEO plugin. -->","yoast_head_json":{"title":"22ct Sunrise Alt\u0131n Klasik Top Saplama K\u00fcpe 4mm PureJewels UK","description":"4 mm'lik 22 ayar g\u00fcndo\u011fumu alt\u0131n klasik top k\u00fcpeleri ke\u015ffedin. G\u00fcnl\u00fck \u015f\u0131kl\u0131k ve rafine stil i\u00e7in haz\u0131rlanm\u0131\u015f zamans\u0131z minimalist bir tasar\u0131m.","robots":{"index":"index","follow":"follow","max-snippet":"max-snippet:-1","max-image-preview":"max-image-preview:large","max-video-preview":"max-video-preview:-1"},"canonical":"https:\/\/www.purejewels.com\/tr\/urun\/22-ayar-altin-klasik-top-saplama-kupe-4mm\/","og_locale":"tr_TR","og_type":"article","og_title":"22ct Sunrise Gold Classic Ball Stud Earrings 4mm PureJewels UK","og_description":"Discover 22ct sunrise gold classic ball stud earrings in 4mm. A timeless minimalist design crafted for everyday elegance and refined style.","og_url":"https:\/\/www.purejewels.com\/tr\/urun\/22-ayar-altin-klasik-top-saplama-kupe-4mm\/","og_site_name":"PureJewels UK","article_modified_time":"2026-05-08T05:00:39+00:00","og_image":[{"width":1000,"height":1000,"url":"https:\/\/static.purejewels.com\/wp-content\/uploads\/2025\/03\/54918_1.png","type":"image\/png"}],"twitter_card":"summary_large_image","twitter_misc":{"Tahmini okuma s\u00fcresi":"1 dakika"},"schema":{"@context":"https:\/\/schema.org","@graph":[{"@type":["WebPage","ItemPage"],"@id":"https:\/\/www.purejewels.com\/product\/22ct-gold-classic-ball-stud-earrings-4mm\/","url":"https:\/\/www.purejewels.com\/product\/22ct-gold-classic-ball-stud-earrings-4mm\/","name":"22ct Sunrise Alt\u0131n Klasik Top Saplama K\u00fcpe 4mm PureJewels UK","isPartOf":{"@id":"https:\/\/www.purejewels.com\/#website"},"primaryImageOfPage":{"@id":"https:\/\/www.purejewels.com\/product\/22ct-gold-classic-ball-stud-earrings-4mm\/#primaryimage"},"image":{"@id":"https:\/\/www.purejewels.com\/product\/22ct-gold-classic-ball-stud-earrings-4mm\/#primaryimage"},"thumbnailUrl":"https:\/\/static.purejewels.com\/wp-content\/uploads\/2025\/03\/54918_1.png","datePublished":"2025-03-13T08:14:28+00:00","dateModified":"2026-05-08T05:00:39+00:00","description":"4 mm'lik 22 ayar g\u00fcndo\u011fumu alt\u0131n klasik top k\u00fcpeleri ke\u015ffedin. G\u00fcnl\u00fck \u015f\u0131kl\u0131k ve rafine stil i\u00e7in haz\u0131rlanm\u0131\u015f zamans\u0131z minimalist bir tasar\u0131m.","breadcrumb":{"@id":"https:\/\/www.purejewels.com\/product\/22ct-gold-classic-ball-stud-earrings-4mm\/#breadcrumb"},"inLanguage":"tr","potentialAction":[{"@type":"ReadAction","target":["https:\/\/www.purejewels.com\/product\/22ct-gold-classic-ball-stud-earrings-4mm\/"]}]},{"@type":"ImageObject","inLanguage":"tr","@id":"https:\/\/www.purejewels.com\/product\/22ct-gold-classic-ball-stud-earrings-4mm\/#primaryimage","url":"https:\/\/static.purejewels.com\/wp-content\/uploads\/2025\/03\/54918_1.png","contentUrl":"https:\/\/static.purejewels.com\/wp-content\/uploads\/2025\/03\/54918_1.png","width":1000,"height":1000},{"@type":"BreadcrumbList","@id":"https:\/\/www.purejewels.com\/product\/22ct-gold-classic-ball-stud-earrings-4mm\/#breadcrumb","itemListElement":[{"@type":"ListItem","position":1,"name":"Home","item":"https:\/\/www.purejewels.com\/"},{"@type":"ListItem","position":2,"name":"Shop","item":"https:\/\/www.purejewels.com\/shop\/"},{"@type":"ListItem","position":3,"name":"22ct Gold Classic Ball Stud Earrings | 4mm"}]},{"@type":"WebSite","@id":"https:\/\/www.purejewels.com\/#website","url":"https:\/\/www.purejewels.com\/","name":"PureJewels \u0130ngiltere","description":"Sevgiyi Payla\u015f\u0131n","publisher":{"@id":"https:\/\/www.purejewels.com\/#organization"},"potentialAction":[{"@type":"SearchAction","target":{"@type":"EntryPoint","urlTemplate":"https:\/\/www.purejewels.com\/?s={search_term_string}"},"query-input":{"@type":"PropertyValueSpecification","valueRequired":true,"valueName":"search_term_string"}}],"inLanguage":"tr"},{"@type":"Organization","@id":"https:\/\/www.purejewels.com\/#organization","name":"PureJewels \u0130ngiltere","url":"https:\/\/www.purejewels.com\/","logo":{"@type":"ImageObject","inLanguage":"tr","@id":"https:\/\/www.purejewels.com\/#\/schema\/logo\/image\/","url":"https:\/\/static.purejewels.com\/wp-content\/uploads\/2020\/11\/Logo-PJ-New-1.png","contentUrl":"https:\/\/static.purejewels.com\/wp-content\/uploads\/2020\/11\/Logo-PJ-New-1.png","width":150,"height":80,"caption":"PureJewels UK"},"image":{"@id":"https:\/\/www.purejewels.com\/#\/schema\/logo\/image\/"}}]}},"_links":{"self":[{"href":"https:\/\/www.purejewels.com\/tr\/wp-json\/wp\/v2\/product\/427048","targetHints":{"allow":["GET"]}}],"collection":[{"href":"https:\/\/www.purejewels.com\/tr\/wp-json\/wp\/v2\/product"}],"about":[{"href":"https:\/\/www.purejewels.com\/tr\/wp-json\/wp\/v2\/types\/product"}],"replies":[{"embeddable":true,"href":"https:\/\/www.purejewels.com\/tr\/wp-json\/wp\/v2\/comments?post=427048"}],"version-history":[{"count":1,"href":"https:\/\/www.purejewels.com\/tr\/wp-json\/wp\/v2\/product\/427048\/revisions"}],"predecessor-version":[{"id":427049,"href":"https:\/\/www.purejewels.com\/tr\/wp-json\/wp\/v2\/product\/427048\/revisions\/427049"}],"wp:featuredmedia":[{"embeddable":true,"href":"https:\/\/www.purejewels.com\/tr\/wp-json\/wp\/v2\/media\/427050"}],"wp:attachment":[{"href":"https:\/\/www.purejewels.com\/tr\/wp-json\/wp\/v2\/media?parent=427048"}],"wp:term":[{"taxonomy":"product_brand","embeddable":true,"href":"https:\/\/www.purejewels.com\/tr\/wp-json\/wp\/v2\/product_brand?post=427048"},{"taxonomy":"product_cat","embeddable":true,"href":"https:\/\/www.purejewels.com\/tr\/wp-json\/wp\/v2\/product_cat?post=427048"},{"taxonomy":"product_tag","embeddable":true,"href":"https:\/\/www.purejewels.com\/tr\/wp-json\/wp\/v2\/product_tag?post=427048"}],"curies":[{"name":"wp","href":"https:\/\/api.w.org\/{rel}","templated":true}]}}