{"id":427053,"date":"2026-02-13T09:43:12","date_gmt":"2026-02-13T09:43:12","guid":{"rendered":"https:\/\/www.purejewels.com\/?post_type=product&#038;p=427053"},"modified":"2026-04-20T05:58:51","modified_gmt":"2026-04-20T04:58:51","slug":"22-ayar-altin-cicek-saplama-kupe-54751","status":"publish","type":"product","link":"https:\/\/www.purejewels.com\/tr\/product\/22ct-gold-bloom-stud-earrings-54751\/","title":{"rendered":"22 Ayar Alt\u0131n \u00c7i\u00e7ek Saplama K\u00fcpe"},"content":{"rendered":"<p><strong>Tasar\u0131m Konsepti<\/strong><\/p>\n<p>A\u00e7an bir \u00e7i\u00e7e\u011fin g\u00fczelli\u011finden ilham alan bu \u00e7\u0131t\u00e7\u0131tlar, do\u011fan\u0131n simetrisini ve zarafetini kutluyor. Tasar\u0131m, merkezi bir alt\u0131n boncuktan yay\u0131lan yumu\u015fak ta\u00e7 yapra\u011f\u0131 benzeri unsurlar i\u00e7erir ve hem narin hem de yap\u0131land\u0131r\u0131lm\u0131\u015f hissi veren bir \u00e7i\u00e7ek formu olu\u015fturur. Karma\u015f\u0131k detaylar derinlik ve doku katarak k\u00fcpelerin \u0131\u015f\u0131\u011f\u0131 g\u00fczel bir \u015fekilde yakalamas\u0131n\u0131 sa\u011flarken rafine, abart\u0131s\u0131z bir zarafeti de koruyor.<\/p>\n<p><strong>Zanaatkarl\u0131k<\/strong><\/p>\n<p>Y\u00fcksek safl\u0131kta 22 ayar alt\u0131ndan ustal\u0131kla \u00fcretilen bu k\u00fcpeler, geleneksel alt\u0131n tak\u0131 i\u015f\u00e7ili\u011finin miras\u0131n\u0131 yans\u0131tmaktad\u0131r. \u0130nce detayl\u0131 yapraklar ve boncuk vurgular, uyumlu bir \u00e7i\u00e7ek kompozisyonu olu\u015fturmak i\u00e7in \u00f6zenle \u015fekillendirilmi\u015ftir. Her bir \u00e7ift, alt\u0131n\u0131n s\u0131cak \u0131\u015f\u0131lt\u0131s\u0131n\u0131 artt\u0131rmak i\u00e7in parlat\u0131lm\u0131\u015f ve \u00f6zg\u00fcnl\u00fck ve safl\u0131\u011f\u0131 garanti eden damgalama ile rahat g\u00fcnl\u00fck kullan\u0131m i\u00e7in tamamlanm\u0131\u015ft\u0131r.<\/p>\n<p><strong>Stil Fikirleri<\/strong><\/p>\n<p>Bloom Alt\u0131n Saplama K\u00fcpeler harika bir \u015fekilde \u00e7ok y\u00f6nl\u00fcd\u00fcr ve g\u00fcnl\u00fck stil i\u00e7in idealdir. G\u00fcnl\u00fck \u015f\u0131k bir g\u00f6r\u00fcn\u00fcm i\u00e7in sade bir alt\u0131n zincirle e\u015fle\u015ftirin veya modern bir dokunu\u015f i\u00e7in katmanl\u0131 kolyelerle kombinleyin. Narin \u00e7i\u00e7ek tasar\u0131mlar\u0131 geleneksel k\u0131yafetleri ve bayram k\u0131yafetlerini de tamamlayarak hem g\u00fcndelik \u015f\u0131kl\u0131k hem de \u00f6zel g\u00fcnler i\u00e7in m\u00fckemmel bir se\u00e7imdir.<\/p>","protected":false},"excerpt":{"rendered":"<p>Bloom 22 Ayar Alt\u0131n Vidal\u0131 K\u00fcpe, parlak 22 ayar alt\u0131ndan \u00fcretilmi\u015f narin bir \u00e7i\u00e7ek tasar\u0131m\u0131na sahiptir. Karma\u015f\u0131k boncuk detaylar\u0131 ve g\u00fczel bir \u015fekilde dengelenmi\u015f \u015fekliyle bu k\u00fcpeler g\u00fcnl\u00fck kullan\u0131ma zamans\u0131z bir \u015f\u0131kl\u0131k getiriyor.<\/p>\n<p><strong>Malzeme:<\/strong>\u00a022 Ayar Alt\u0131n<br \/>\n<strong>Safl\u0131k:<\/strong>\u00a091.6% saf<br \/>\n<strong>Hallmark:<\/strong>\u00a0\u0130ngiliz Damgas\u0131<strong><br \/>\n<\/strong><strong>Br\u00fct A\u011f\u0131rl\u0131k: <\/strong>1.59 Gms<br \/>\n<strong>Geni\u015flik:<\/strong> 5,2 mm<br \/>\n<strong>SKU:<\/strong> 54751, 54754, 54748, 54757, 54759, 54762<\/p>\n<p><strong>Fiyat ve Teslimat<\/strong>: KDV ve teslimat \u00fccreti dahil<br \/>\n<a href=\"https:\/\/www.purejewels.com\/tr\/i%cc%87ade-poli%cc%87ti%cc%87kasi\/\">\u0130ade Politikas\u0131<\/a><\/p>","protected":false},"featured_media":427054,"comment_status":"closed","ping_status":"closed","template":"","meta":{"_eb_attr":"","_crsspst_to_jayantr4sg-hostcom":true},"product_brand":[],"product_cat":[236,1793,1792,1790,1254,252,5611,5343,1570,1577,1574,5349],"product_tag":[66],"class_list":{"0":"post-427053","1":"product","2":"type-product","3":"status-publish","4":"has-post-thumbnail","6":"product_cat-collections","7":"product_cat-diwali-gifts","8":"product_cat-festival-gifts","9":"product_cat-for-whom-when","10":"product_cat-gold-earrings","11":"product_cat-jali-collections","12":"product_cat-jali-earrings","13":"product_cat-jewellery-under-550","14":"product_cat-mothers-day-gifts","15":"product_cat-stud-earrings","16":"product_cat-womens-jewellery","17":"product_cat-yellow-gold-jewellery","18":"product_tag-earrings","20":"first","21":"instock","22":"taxable","23":"shipping-taxable","24":"purchasable","25":"product-type-simple","26":"add-to-wishlist-before_image"},"yoast_head":"<!-- This site is optimized with the Yoast SEO plugin v27.4 - https:\/\/yoast.com\/product\/yoast-seo-wordpress\/ -->\n<title>Elegant 22ct Gold Floral Stud Earrings | Bloom Gold Studs<\/title>\n<meta name=\"description\" content=\"Discover Bloom 22ct Gold Stud Earrings, crafted in radiant 22ct gold with delicate floral detailing. A timeless everyday gold stud designed for elegance and versatility.\" \/>\n<meta name=\"robots\" content=\"index, follow, max-snippet:-1, max-image-preview:large, max-video-preview:-1\" \/>\n<link rel=\"canonical\" href=\"https:\/\/www.purejewels.com\/tr\/urun\/22-ayar-altin-cicek-saplama-kupe-54751\/\" \/>\n<meta property=\"og:locale\" content=\"tr_TR\" \/>\n<meta property=\"og:type\" content=\"article\" \/>\n<meta property=\"og:title\" content=\"Elegant 22ct Gold Floral Stud Earrings | Bloom Gold Studs\" \/>\n<meta property=\"og:description\" content=\"Discover Bloom 22ct Gold Stud Earrings, crafted in radiant 22ct gold with delicate floral detailing. A timeless everyday gold stud designed for elegance and versatility.\" \/>\n<meta property=\"og:url\" content=\"https:\/\/www.purejewels.com\/tr\/urun\/22-ayar-altin-cicek-saplama-kupe-54751\/\" \/>\n<meta property=\"og:site_name\" content=\"PureJewels UK\" \/>\n<meta property=\"article:modified_time\" content=\"2026-04-20T04:58:51+00:00\" \/>\n<meta property=\"og:image\" content=\"https:\/\/static.purejewels.com\/wp-content\/uploads\/2026\/03\/54751.jpg\" \/>\n\t<meta property=\"og:image:width\" content=\"1000\" \/>\n\t<meta property=\"og:image:height\" content=\"1000\" \/>\n\t<meta property=\"og:image:type\" content=\"image\/jpeg\" \/>\n<meta name=\"twitter:card\" content=\"summary_large_image\" \/>\n<meta name=\"twitter:label1\" content=\"Tahmini okuma s\u00fcresi\" \/>\n\t<meta name=\"twitter:data1\" content=\"1 dakika\" \/>\n<script type=\"application\/ld+json\" class=\"yoast-schema-graph\">{\"@context\":\"https:\\\/\\\/schema.org\",\"@graph\":[{\"@type\":[\"WebPage\",\"ItemPage\"],\"@id\":\"https:\\\/\\\/www.purejewels.com\\\/product\\\/22ct-gold-bloom-stud-earrings-54751\\\/\",\"url\":\"https:\\\/\\\/www.purejewels.com\\\/product\\\/22ct-gold-bloom-stud-earrings-54751\\\/\",\"name\":\"Elegant 22ct Gold Floral Stud Earrings | Bloom Gold Studs\",\"isPartOf\":{\"@id\":\"https:\\\/\\\/www.purejewels.com\\\/#website\"},\"primaryImageOfPage\":{\"@id\":\"https:\\\/\\\/www.purejewels.com\\\/product\\\/22ct-gold-bloom-stud-earrings-54751\\\/#primaryimage\"},\"image\":{\"@id\":\"https:\\\/\\\/www.purejewels.com\\\/product\\\/22ct-gold-bloom-stud-earrings-54751\\\/#primaryimage\"},\"thumbnailUrl\":\"https:\\\/\\\/static.purejewels.com\\\/wp-content\\\/uploads\\\/2026\\\/03\\\/54751.jpg\",\"datePublished\":\"2026-02-13T09:43:12+00:00\",\"dateModified\":\"2026-04-20T04:58:51+00:00\",\"description\":\"Discover Bloom 22ct Gold Stud Earrings, crafted in radiant 22ct gold with delicate floral detailing. A timeless everyday gold stud designed for elegance and versatility.\",\"breadcrumb\":{\"@id\":\"https:\\\/\\\/www.purejewels.com\\\/product\\\/22ct-gold-bloom-stud-earrings-54751\\\/#breadcrumb\"},\"inLanguage\":\"tr\",\"potentialAction\":[{\"@type\":\"ReadAction\",\"target\":[\"https:\\\/\\\/www.purejewels.com\\\/product\\\/22ct-gold-bloom-stud-earrings-54751\\\/\"]}]},{\"@type\":\"ImageObject\",\"inLanguage\":\"tr\",\"@id\":\"https:\\\/\\\/www.purejewels.com\\\/product\\\/22ct-gold-bloom-stud-earrings-54751\\\/#primaryimage\",\"url\":\"https:\\\/\\\/static.purejewels.com\\\/wp-content\\\/uploads\\\/2026\\\/03\\\/54751.jpg\",\"contentUrl\":\"https:\\\/\\\/static.purejewels.com\\\/wp-content\\\/uploads\\\/2026\\\/03\\\/54751.jpg\",\"width\":1000,\"height\":1000,\"caption\":\"22ct Gold Bloom Stud Earrings\"},{\"@type\":\"BreadcrumbList\",\"@id\":\"https:\\\/\\\/www.purejewels.com\\\/product\\\/22ct-gold-bloom-stud-earrings-54751\\\/#breadcrumb\",\"itemListElement\":[{\"@type\":\"ListItem\",\"position\":1,\"name\":\"Home\",\"item\":\"https:\\\/\\\/www.purejewels.com\\\/\"},{\"@type\":\"ListItem\",\"position\":2,\"name\":\"Shop\",\"item\":\"https:\\\/\\\/www.purejewels.com\\\/shop\\\/\"},{\"@type\":\"ListItem\",\"position\":3,\"name\":\"22ct Gold Bloom Stud Earrings\"}]},{\"@type\":\"WebSite\",\"@id\":\"https:\\\/\\\/www.purejewels.com\\\/#website\",\"url\":\"https:\\\/\\\/www.purejewels.com\\\/\",\"name\":\"PureJewels UK\",\"description\":\"Share the Love\",\"publisher\":{\"@id\":\"https:\\\/\\\/www.purejewels.com\\\/#organization\"},\"potentialAction\":[{\"@type\":\"SearchAction\",\"target\":{\"@type\":\"EntryPoint\",\"urlTemplate\":\"https:\\\/\\\/www.purejewels.com\\\/?s={search_term_string}\"},\"query-input\":{\"@type\":\"PropertyValueSpecification\",\"valueRequired\":true,\"valueName\":\"search_term_string\"}}],\"inLanguage\":\"tr\"},{\"@type\":\"Organization\",\"@id\":\"https:\\\/\\\/www.purejewels.com\\\/#organization\",\"name\":\"PureJewels UK\",\"url\":\"https:\\\/\\\/www.purejewels.com\\\/\",\"logo\":{\"@type\":\"ImageObject\",\"inLanguage\":\"tr\",\"@id\":\"https:\\\/\\\/www.purejewels.com\\\/#\\\/schema\\\/logo\\\/image\\\/\",\"url\":\"https:\\\/\\\/static.purejewels.com\\\/wp-content\\\/uploads\\\/2020\\\/11\\\/Logo-PJ-New-1.png\",\"contentUrl\":\"https:\\\/\\\/static.purejewels.com\\\/wp-content\\\/uploads\\\/2020\\\/11\\\/Logo-PJ-New-1.png\",\"width\":150,\"height\":80,\"caption\":\"PureJewels UK\"},\"image\":{\"@id\":\"https:\\\/\\\/www.purejewels.com\\\/#\\\/schema\\\/logo\\\/image\\\/\"}}]}<\/script>\n<!-- \/ Yoast SEO plugin. -->","yoast_head_json":{"title":"Zarif 22 Ayar Alt\u0131n \u00c7i\u00e7ekli Saplama K\u00fcpe | Bloom Alt\u0131n Saplamalar","description":"Narin \u00e7i\u00e7ek detaylar\u0131yla \u0131\u015f\u0131lt\u0131l\u0131 22 ayar alt\u0131ndan \u00fcretilen Bloom 22 Ayar Alt\u0131n Saplama K\u00fcpeleri ke\u015ffedin. Zarafet ve \u00e7ok y\u00f6nl\u00fcl\u00fck i\u00e7in tasarlanm\u0131\u015f zamans\u0131z bir g\u00fcnl\u00fck alt\u0131n saplama.","robots":{"index":"index","follow":"follow","max-snippet":"max-snippet:-1","max-image-preview":"max-image-preview:large","max-video-preview":"max-video-preview:-1"},"canonical":"https:\/\/www.purejewels.com\/tr\/urun\/22-ayar-altin-cicek-saplama-kupe-54751\/","og_locale":"tr_TR","og_type":"article","og_title":"Elegant 22ct Gold Floral Stud Earrings | Bloom Gold Studs","og_description":"Discover Bloom 22ct Gold Stud Earrings, crafted in radiant 22ct gold with delicate floral detailing. A timeless everyday gold stud designed for elegance and versatility.","og_url":"https:\/\/www.purejewels.com\/tr\/urun\/22-ayar-altin-cicek-saplama-kupe-54751\/","og_site_name":"PureJewels UK","article_modified_time":"2026-04-20T04:58:51+00:00","og_image":[{"width":1000,"height":1000,"url":"https:\/\/static.purejewels.com\/wp-content\/uploads\/2026\/03\/54751.jpg","type":"image\/jpeg"}],"twitter_card":"summary_large_image","twitter_misc":{"Tahmini okuma s\u00fcresi":"1 dakika"},"schema":{"@context":"https:\/\/schema.org","@graph":[{"@type":["WebPage","ItemPage"],"@id":"https:\/\/www.purejewels.com\/product\/22ct-gold-bloom-stud-earrings-54751\/","url":"https:\/\/www.purejewels.com\/product\/22ct-gold-bloom-stud-earrings-54751\/","name":"Zarif 22 Ayar Alt\u0131n \u00c7i\u00e7ekli Saplama K\u00fcpe | Bloom Alt\u0131n Saplamalar","isPartOf":{"@id":"https:\/\/www.purejewels.com\/#website"},"primaryImageOfPage":{"@id":"https:\/\/www.purejewels.com\/product\/22ct-gold-bloom-stud-earrings-54751\/#primaryimage"},"image":{"@id":"https:\/\/www.purejewels.com\/product\/22ct-gold-bloom-stud-earrings-54751\/#primaryimage"},"thumbnailUrl":"https:\/\/static.purejewels.com\/wp-content\/uploads\/2026\/03\/54751.jpg","datePublished":"2026-02-13T09:43:12+00:00","dateModified":"2026-04-20T04:58:51+00:00","description":"Narin \u00e7i\u00e7ek detaylar\u0131yla \u0131\u015f\u0131lt\u0131l\u0131 22 ayar alt\u0131ndan \u00fcretilen Bloom 22 Ayar Alt\u0131n Saplama K\u00fcpeleri ke\u015ffedin. Zarafet ve \u00e7ok y\u00f6nl\u00fcl\u00fck i\u00e7in tasarlanm\u0131\u015f zamans\u0131z bir g\u00fcnl\u00fck alt\u0131n saplama.","breadcrumb":{"@id":"https:\/\/www.purejewels.com\/product\/22ct-gold-bloom-stud-earrings-54751\/#breadcrumb"},"inLanguage":"tr","potentialAction":[{"@type":"ReadAction","target":["https:\/\/www.purejewels.com\/product\/22ct-gold-bloom-stud-earrings-54751\/"]}]},{"@type":"ImageObject","inLanguage":"tr","@id":"https:\/\/www.purejewels.com\/product\/22ct-gold-bloom-stud-earrings-54751\/#primaryimage","url":"https:\/\/static.purejewels.com\/wp-content\/uploads\/2026\/03\/54751.jpg","contentUrl":"https:\/\/static.purejewels.com\/wp-content\/uploads\/2026\/03\/54751.jpg","width":1000,"height":1000,"caption":"22ct Gold Bloom Stud Earrings"},{"@type":"BreadcrumbList","@id":"https:\/\/www.purejewels.com\/product\/22ct-gold-bloom-stud-earrings-54751\/#breadcrumb","itemListElement":[{"@type":"ListItem","position":1,"name":"Home","item":"https:\/\/www.purejewels.com\/"},{"@type":"ListItem","position":2,"name":"Shop","item":"https:\/\/www.purejewels.com\/shop\/"},{"@type":"ListItem","position":3,"name":"22ct Gold Bloom Stud Earrings"}]},{"@type":"WebSite","@id":"https:\/\/www.purejewels.com\/#website","url":"https:\/\/www.purejewels.com\/","name":"PureJewels \u0130ngiltere","description":"Sevgiyi Payla\u015f\u0131n","publisher":{"@id":"https:\/\/www.purejewels.com\/#organization"},"potentialAction":[{"@type":"SearchAction","target":{"@type":"EntryPoint","urlTemplate":"https:\/\/www.purejewels.com\/?s={search_term_string}"},"query-input":{"@type":"PropertyValueSpecification","valueRequired":true,"valueName":"search_term_string"}}],"inLanguage":"tr"},{"@type":"Organization","@id":"https:\/\/www.purejewels.com\/#organization","name":"PureJewels \u0130ngiltere","url":"https:\/\/www.purejewels.com\/","logo":{"@type":"ImageObject","inLanguage":"tr","@id":"https:\/\/www.purejewels.com\/#\/schema\/logo\/image\/","url":"https:\/\/static.purejewels.com\/wp-content\/uploads\/2020\/11\/Logo-PJ-New-1.png","contentUrl":"https:\/\/static.purejewels.com\/wp-content\/uploads\/2020\/11\/Logo-PJ-New-1.png","width":150,"height":80,"caption":"PureJewels UK"},"image":{"@id":"https:\/\/www.purejewels.com\/#\/schema\/logo\/image\/"}}]}},"_links":{"self":[{"href":"https:\/\/www.purejewels.com\/tr\/wp-json\/wp\/v2\/product\/427053","targetHints":{"allow":["GET"]}}],"collection":[{"href":"https:\/\/www.purejewels.com\/tr\/wp-json\/wp\/v2\/product"}],"about":[{"href":"https:\/\/www.purejewels.com\/tr\/wp-json\/wp\/v2\/types\/product"}],"replies":[{"embeddable":true,"href":"https:\/\/www.purejewels.com\/tr\/wp-json\/wp\/v2\/comments?post=427053"}],"version-history":[{"count":2,"href":"https:\/\/www.purejewels.com\/tr\/wp-json\/wp\/v2\/product\/427053\/revisions"}],"predecessor-version":[{"id":427056,"href":"https:\/\/www.purejewels.com\/tr\/wp-json\/wp\/v2\/product\/427053\/revisions\/427056"}],"wp:featuredmedia":[{"embeddable":true,"href":"https:\/\/www.purejewels.com\/tr\/wp-json\/wp\/v2\/media\/427054"}],"wp:attachment":[{"href":"https:\/\/www.purejewels.com\/tr\/wp-json\/wp\/v2\/media?parent=427053"}],"wp:term":[{"taxonomy":"product_brand","embeddable":true,"href":"https:\/\/www.purejewels.com\/tr\/wp-json\/wp\/v2\/product_brand?post=427053"},{"taxonomy":"product_cat","embeddable":true,"href":"https:\/\/www.purejewels.com\/tr\/wp-json\/wp\/v2\/product_cat?post=427053"},{"taxonomy":"product_tag","embeddable":true,"href":"https:\/\/www.purejewels.com\/tr\/wp-json\/wp\/v2\/product_tag?post=427053"}],"curies":[{"name":"wp","href":"https:\/\/api.w.org\/{rel}","templated":true}]}}