{"id":427057,"date":"2025-07-13T10:09:33","date_gmt":"2025-07-13T09:09:33","guid":{"rendered":"https:\/\/www.purejewels.com\/?post_type=product&#038;p=427057"},"modified":"2026-03-28T18:21:40","modified_gmt":"2026-03-28T18:21:40","slug":"18-ayar-sari-altin-pirlanta-sonsuzluk-bandi-m-beden-50789","status":"publish","type":"product","link":"https:\/\/www.purejewels.com\/tr\/product\/18ct-yellow-gold-diamond-eternity-band-size-m-50789\/","title":{"rendered":"18 Ayar Sar\u0131 Alt\u0131n P\u0131rlanta Y\u00fcz\u00fck | M Beden"},"content":{"rendered":"<p data-start=\"366\" data-end=\"391\">18 ayar sar\u0131 alt\u0131n p\u0131rlanta y\u00fcz\u00fck band\u0131 zarafet ve parlakl\u0131\u011f\u0131n zamans\u0131z bir ifadesidir. \u00d6zenle yerle\u015ftirilmi\u015f bir s\u0131ra p\u0131rlanta, ince bant boyunca akarak sar\u0131 alt\u0131n\u0131n s\u0131cakl\u0131\u011f\u0131n\u0131 art\u0131ran zarif bir \u0131\u015f\u0131k \u00e7izgisi olu\u015fturur. Zarif bir sadelikle tasarlanan bu y\u00fcz\u00fck, g\u00fcnl\u00fck kullan\u0131m veya anlaml\u0131 g\u00fcnler i\u00e7in kal\u0131c\u0131 bir g\u00fczellik ve incelik sunar.<\/p>\n<h3 data-section-id=\"1qj9e1g\" data-start=\"1200\" data-end=\"1220\">Tasar\u0131m Konsepti<\/h3>\n<p data-start=\"1221\" data-end=\"1409\">Zamans\u0131z zarafetten ilham alan kesintisiz p\u0131rlanta s\u0131ras\u0131, sonsuzluk parlakl\u0131\u011f\u0131n\u0131 ve kal\u0131c\u0131 ba\u011f\u0131 simgeliyor. \u0130nce bant, p\u0131rlantalar\u0131n zarif bir sadelikle parlamas\u0131n\u0131 sa\u011flar.<\/p>\n<h3 data-section-id=\"n147pz\" data-start=\"1416\" data-end=\"1435\">Zanaatkarl\u0131k<\/h3>\n<p data-start=\"1436\" data-end=\"1648\">18 ayar sar\u0131 alt\u0131ndan ustal\u0131kla \u00fcretilen her bir p\u0131rlanta \u00f6zenle se\u00e7ilmi\u015f ve kusursuz bir \u0131\u015f\u0131lt\u0131 \u00e7izgisi olu\u015fturmak i\u00e7in hassas bir \u015fekilde yerle\u015ftirilmi\u015ftir. Bant, rahatl\u0131k ve uzun s\u00fcreli dayan\u0131kl\u0131l\u0131k i\u00e7in p\u00fcr\u00fczs\u00fcz cilal\u0131 kenarlarla tamamlanm\u0131\u015ft\u0131r.<\/p>\n<h3 data-section-id=\"lvxqx6\" data-start=\"1655\" data-end=\"1673\">Stil \u0130pu\u00e7lar\u0131<\/h3>\n<p data-start=\"1674\" data-end=\"1840\" data-is-last-node=\"\" data-is-only-node=\"\">Alyans veya sonsuzluk y\u00fcz\u00fc\u011f\u00fc olarak tak\u0131n.<br data-start=\"1714\" data-end=\"1717\" \/>Uyumlu bir gelin g\u00f6r\u00fcn\u00fcm\u00fc i\u00e7in p\u0131rlanta bir ni\u015fan y\u00fcz\u00fc\u011f\u00fc ile e\u015fle\u015ftirin.<br data-start=\"1783\" data-end=\"1786\" \/>Modern katmanl\u0131 bir stil i\u00e7in ince alt\u0131n bantlarla istifleyin.<\/p>\n<p data-start=\"366\" data-end=\"391\">","protected":false},"excerpt":{"rendered":"<table>\n<tbody>\n<tr>\n<td>Y\u00fcz\u00fck Tipi<\/td>\n<td>P\u0131rlanta Sonsuzluk Band\u0131<\/td>\n<\/tr>\n<tr>\n<td>SKU<\/td>\n<td>50789<\/td>\n<\/tr>\n<tr>\n<td>Metal<\/td>\n<td>18 Ayar Sar\u0131 Alt\u0131n<\/td>\n<\/tr>\n<tr>\n<td>Y\u00fcz\u00fck \u00d6l\u00e7\u00fcs\u00fc<\/td>\n<td>M<\/td>\n<\/tr>\n<tr>\n<td>Elmas A\u011f\u0131rl\u0131\u011f\u0131.<\/td>\n<td>0.08ct<\/td>\n<\/tr>\n<tr>\n<td>\u00dccretler<\/td>\n<td>Teslimat ve KDV Dahil<\/td>\n<\/tr>\n<tr>\n<td>Paketleme<\/td>\n<td>Sunum Kutusu ile Birlikte Gelir<\/td>\n<\/tr>\n<tr>\n<td>Daha Fazla Bilgi<\/td>\n<td>M\u00fcsaitlik durumu ve daha fazla resim i\u00e7in bizimle canl\u0131 sohbet edin<\/td>\n<\/tr>\n<\/tbody>\n<\/table>","protected":false},"featured_media":388328,"comment_status":"closed","ping_status":"closed","template":"","meta":{"_eb_attr":"","_crsspst_to_jayantr4sg-hostcom":false},"product_brand":[],"product_cat":[5679,6085,1791,1794,5457,5460,1793,5701,5931,1235,1783,1570,1786,1569,1574],"product_tag":[],"class_list":{"0":"post-427057","1":"product","2":"type-product","3":"status-publish","4":"has-post-thumbnail","6":"product_cat-18ct-gold-jewellery","7":"product_cat-18ct-gold-ring","8":"product_cat-anniversary-gifts","9":"product_cat-christmas-gifts","10":"product_cat-diamond-jewellery","11":"product_cat-diamond-ring","12":"product_cat-diwali-gifts","13":"product_cat-eid-jewellery","14":"product_cat-eternity-ring","15":"product_cat-gold-rings","16":"product_cat-ladies-rings","17":"product_cat-mothers-day-gifts","18":"product_cat-occasional-wear-rings","19":"product_cat-valentine-day-gifts","20":"product_cat-womens-jewellery","22":"first","23":"instock","24":"taxable","25":"shipping-taxable","26":"purchasable","27":"product-type-simple","28":"add-to-wishlist-before_image"},"yoast_head":"<!-- This site is optimized with the Yoast SEO plugin v27.5 - https:\/\/yoast.com\/product\/yoast-seo-wordpress\/ -->\n<title>18ct Yellow Gold Diamond Ring Band PureJewels London<\/title>\n<meta name=\"description\" content=\"Discover an elegant 18ct yellow gold diamond ring band featuring a row of brilliant diamonds. A timeless design crafted for refined everyday luxury.\" \/>\n<meta name=\"robots\" content=\"index, follow, max-snippet:-1, max-image-preview:large, max-video-preview:-1\" \/>\n<link rel=\"canonical\" href=\"https:\/\/www.purejewels.com\/tr\/urun\/18-ayar-sari-altin-pirlanta-sonsuzluk-bandi-m-beden-50789\/\" \/>\n<meta property=\"og:locale\" content=\"tr_TR\" \/>\n<meta property=\"og:type\" content=\"article\" \/>\n<meta property=\"og:title\" content=\"18ct Yellow Gold Diamond Ring Band PureJewels London\" \/>\n<meta property=\"og:description\" content=\"Discover an elegant 18ct yellow gold diamond ring band featuring a row of brilliant diamonds. A timeless design crafted for refined everyday luxury.\" \/>\n<meta property=\"og:url\" content=\"https:\/\/www.purejewels.com\/tr\/urun\/18-ayar-sari-altin-pirlanta-sonsuzluk-bandi-m-beden-50789\/\" \/>\n<meta property=\"og:site_name\" content=\"PureJewels UK\" \/>\n<meta property=\"article:modified_time\" content=\"2026-03-28T18:21:40+00:00\" \/>\n<meta property=\"og:image\" content=\"https:\/\/static.purejewels.com\/wp-content\/uploads\/2025\/03\/47471_2_1.png\" \/>\n\t<meta property=\"og:image:width\" content=\"1000\" \/>\n\t<meta property=\"og:image:height\" content=\"1000\" \/>\n\t<meta property=\"og:image:type\" content=\"image\/png\" \/>\n<meta name=\"twitter:card\" content=\"summary_large_image\" \/>\n<meta name=\"twitter:label1\" content=\"Tahmini okuma s\u00fcresi\" \/>\n\t<meta name=\"twitter:data1\" content=\"1 dakika\" \/>\n<script type=\"application\/ld+json\" class=\"yoast-schema-graph\">{\"@context\":\"https:\\\/\\\/schema.org\",\"@graph\":[{\"@type\":[\"WebPage\",\"ItemPage\"],\"@id\":\"https:\\\/\\\/www.purejewels.com\\\/product\\\/18ct-yellow-gold-diamond-eternity-band-size-m-50789\\\/\",\"url\":\"https:\\\/\\\/www.purejewels.com\\\/product\\\/18ct-yellow-gold-diamond-eternity-band-size-m-50789\\\/\",\"name\":\"18ct Yellow Gold Diamond Ring Band PureJewels London\",\"isPartOf\":{\"@id\":\"https:\\\/\\\/www.purejewels.com\\\/#website\"},\"primaryImageOfPage\":{\"@id\":\"https:\\\/\\\/www.purejewels.com\\\/product\\\/18ct-yellow-gold-diamond-eternity-band-size-m-50789\\\/#primaryimage\"},\"image\":{\"@id\":\"https:\\\/\\\/www.purejewels.com\\\/product\\\/18ct-yellow-gold-diamond-eternity-band-size-m-50789\\\/#primaryimage\"},\"thumbnailUrl\":\"https:\\\/\\\/static.purejewels.com\\\/wp-content\\\/uploads\\\/2025\\\/03\\\/47471_2_1.png\",\"datePublished\":\"2025-07-13T09:09:33+00:00\",\"dateModified\":\"2026-03-28T18:21:40+00:00\",\"description\":\"Discover an elegant 18ct yellow gold diamond ring band featuring a row of brilliant diamonds. A timeless design crafted for refined everyday luxury.\",\"breadcrumb\":{\"@id\":\"https:\\\/\\\/www.purejewels.com\\\/product\\\/18ct-yellow-gold-diamond-eternity-band-size-m-50789\\\/#breadcrumb\"},\"inLanguage\":\"tr\",\"potentialAction\":[{\"@type\":\"ReadAction\",\"target\":[\"https:\\\/\\\/www.purejewels.com\\\/product\\\/18ct-yellow-gold-diamond-eternity-band-size-m-50789\\\/\"]}]},{\"@type\":\"ImageObject\",\"inLanguage\":\"tr\",\"@id\":\"https:\\\/\\\/www.purejewels.com\\\/product\\\/18ct-yellow-gold-diamond-eternity-band-size-m-50789\\\/#primaryimage\",\"url\":\"https:\\\/\\\/static.purejewels.com\\\/wp-content\\\/uploads\\\/2025\\\/03\\\/47471_2_1.png\",\"contentUrl\":\"https:\\\/\\\/static.purejewels.com\\\/wp-content\\\/uploads\\\/2025\\\/03\\\/47471_2_1.png\",\"width\":1000,\"height\":1000,\"caption\":\"18ct Gold Diamond Band\"},{\"@type\":\"BreadcrumbList\",\"@id\":\"https:\\\/\\\/www.purejewels.com\\\/product\\\/18ct-yellow-gold-diamond-eternity-band-size-m-50789\\\/#breadcrumb\",\"itemListElement\":[{\"@type\":\"ListItem\",\"position\":1,\"name\":\"Home\",\"item\":\"https:\\\/\\\/www.purejewels.com\\\/\"},{\"@type\":\"ListItem\",\"position\":2,\"name\":\"Shop\",\"item\":\"https:\\\/\\\/www.purejewels.com\\\/shop\\\/\"},{\"@type\":\"ListItem\",\"position\":3,\"name\":\"18ct Yellow Gold Diamond Ring | Size M\"}]},{\"@type\":\"WebSite\",\"@id\":\"https:\\\/\\\/www.purejewels.com\\\/#website\",\"url\":\"https:\\\/\\\/www.purejewels.com\\\/\",\"name\":\"PureJewels UK\",\"description\":\"Share the Love\",\"publisher\":{\"@id\":\"https:\\\/\\\/www.purejewels.com\\\/#organization\"},\"potentialAction\":[{\"@type\":\"SearchAction\",\"target\":{\"@type\":\"EntryPoint\",\"urlTemplate\":\"https:\\\/\\\/www.purejewels.com\\\/?s={search_term_string}\"},\"query-input\":{\"@type\":\"PropertyValueSpecification\",\"valueRequired\":true,\"valueName\":\"search_term_string\"}}],\"inLanguage\":\"tr\"},{\"@type\":\"Organization\",\"@id\":\"https:\\\/\\\/www.purejewels.com\\\/#organization\",\"name\":\"PureJewels UK\",\"url\":\"https:\\\/\\\/www.purejewels.com\\\/\",\"logo\":{\"@type\":\"ImageObject\",\"inLanguage\":\"tr\",\"@id\":\"https:\\\/\\\/www.purejewels.com\\\/#\\\/schema\\\/logo\\\/image\\\/\",\"url\":\"https:\\\/\\\/static.purejewels.com\\\/wp-content\\\/uploads\\\/2020\\\/11\\\/Logo-PJ-New-1.png\",\"contentUrl\":\"https:\\\/\\\/static.purejewels.com\\\/wp-content\\\/uploads\\\/2020\\\/11\\\/Logo-PJ-New-1.png\",\"width\":150,\"height\":80,\"caption\":\"PureJewels UK\"},\"image\":{\"@id\":\"https:\\\/\\\/www.purejewels.com\\\/#\\\/schema\\\/logo\\\/image\\\/\"}}]}<\/script>\n<!-- \/ Yoast SEO plugin. -->","yoast_head_json":{"title":"18 Ayar Sar\u0131 Alt\u0131n P\u0131rlanta Y\u00fcz\u00fck Band\u0131 PureJewels London","description":"Bir s\u0131ra parlak p\u0131rlanta i\u00e7eren zarif 18 ayar sar\u0131 alt\u0131n p\u0131rlanta y\u00fcz\u00fck band\u0131n\u0131 ke\u015ffedin. Rafine g\u00fcnl\u00fck l\u00fcks i\u00e7in haz\u0131rlanm\u0131\u015f zamans\u0131z bir tasar\u0131m.","robots":{"index":"index","follow":"follow","max-snippet":"max-snippet:-1","max-image-preview":"max-image-preview:large","max-video-preview":"max-video-preview:-1"},"canonical":"https:\/\/www.purejewels.com\/tr\/urun\/18-ayar-sari-altin-pirlanta-sonsuzluk-bandi-m-beden-50789\/","og_locale":"tr_TR","og_type":"article","og_title":"18ct Yellow Gold Diamond Ring Band PureJewels London","og_description":"Discover an elegant 18ct yellow gold diamond ring band featuring a row of brilliant diamonds. A timeless design crafted for refined everyday luxury.","og_url":"https:\/\/www.purejewels.com\/tr\/urun\/18-ayar-sari-altin-pirlanta-sonsuzluk-bandi-m-beden-50789\/","og_site_name":"PureJewels UK","article_modified_time":"2026-03-28T18:21:40+00:00","og_image":[{"width":1000,"height":1000,"url":"https:\/\/static.purejewels.com\/wp-content\/uploads\/2025\/03\/47471_2_1.png","type":"image\/png"}],"twitter_card":"summary_large_image","twitter_misc":{"Tahmini okuma s\u00fcresi":"1 dakika"},"schema":{"@context":"https:\/\/schema.org","@graph":[{"@type":["WebPage","ItemPage"],"@id":"https:\/\/www.purejewels.com\/product\/18ct-yellow-gold-diamond-eternity-band-size-m-50789\/","url":"https:\/\/www.purejewels.com\/product\/18ct-yellow-gold-diamond-eternity-band-size-m-50789\/","name":"18 Ayar Sar\u0131 Alt\u0131n P\u0131rlanta Y\u00fcz\u00fck Band\u0131 PureJewels London","isPartOf":{"@id":"https:\/\/www.purejewels.com\/#website"},"primaryImageOfPage":{"@id":"https:\/\/www.purejewels.com\/product\/18ct-yellow-gold-diamond-eternity-band-size-m-50789\/#primaryimage"},"image":{"@id":"https:\/\/www.purejewels.com\/product\/18ct-yellow-gold-diamond-eternity-band-size-m-50789\/#primaryimage"},"thumbnailUrl":"https:\/\/static.purejewels.com\/wp-content\/uploads\/2025\/03\/47471_2_1.png","datePublished":"2025-07-13T09:09:33+00:00","dateModified":"2026-03-28T18:21:40+00:00","description":"Bir s\u0131ra parlak p\u0131rlanta i\u00e7eren zarif 18 ayar sar\u0131 alt\u0131n p\u0131rlanta y\u00fcz\u00fck band\u0131n\u0131 ke\u015ffedin. Rafine g\u00fcnl\u00fck l\u00fcks i\u00e7in haz\u0131rlanm\u0131\u015f zamans\u0131z bir tasar\u0131m.","breadcrumb":{"@id":"https:\/\/www.purejewels.com\/product\/18ct-yellow-gold-diamond-eternity-band-size-m-50789\/#breadcrumb"},"inLanguage":"tr","potentialAction":[{"@type":"ReadAction","target":["https:\/\/www.purejewels.com\/product\/18ct-yellow-gold-diamond-eternity-band-size-m-50789\/"]}]},{"@type":"ImageObject","inLanguage":"tr","@id":"https:\/\/www.purejewels.com\/product\/18ct-yellow-gold-diamond-eternity-band-size-m-50789\/#primaryimage","url":"https:\/\/static.purejewels.com\/wp-content\/uploads\/2025\/03\/47471_2_1.png","contentUrl":"https:\/\/static.purejewels.com\/wp-content\/uploads\/2025\/03\/47471_2_1.png","width":1000,"height":1000,"caption":"18ct Gold Diamond Band"},{"@type":"BreadcrumbList","@id":"https:\/\/www.purejewels.com\/product\/18ct-yellow-gold-diamond-eternity-band-size-m-50789\/#breadcrumb","itemListElement":[{"@type":"ListItem","position":1,"name":"Home","item":"https:\/\/www.purejewels.com\/"},{"@type":"ListItem","position":2,"name":"Shop","item":"https:\/\/www.purejewels.com\/shop\/"},{"@type":"ListItem","position":3,"name":"18ct Yellow Gold Diamond Ring | Size M"}]},{"@type":"WebSite","@id":"https:\/\/www.purejewels.com\/#website","url":"https:\/\/www.purejewels.com\/","name":"PureJewels \u0130ngiltere","description":"Sevgiyi Payla\u015f\u0131n","publisher":{"@id":"https:\/\/www.purejewels.com\/#organization"},"potentialAction":[{"@type":"SearchAction","target":{"@type":"EntryPoint","urlTemplate":"https:\/\/www.purejewels.com\/?s={search_term_string}"},"query-input":{"@type":"PropertyValueSpecification","valueRequired":true,"valueName":"search_term_string"}}],"inLanguage":"tr"},{"@type":"Organization","@id":"https:\/\/www.purejewels.com\/#organization","name":"PureJewels \u0130ngiltere","url":"https:\/\/www.purejewels.com\/","logo":{"@type":"ImageObject","inLanguage":"tr","@id":"https:\/\/www.purejewels.com\/#\/schema\/logo\/image\/","url":"https:\/\/static.purejewels.com\/wp-content\/uploads\/2020\/11\/Logo-PJ-New-1.png","contentUrl":"https:\/\/static.purejewels.com\/wp-content\/uploads\/2020\/11\/Logo-PJ-New-1.png","width":150,"height":80,"caption":"PureJewels UK"},"image":{"@id":"https:\/\/www.purejewels.com\/#\/schema\/logo\/image\/"}}]}},"_links":{"self":[{"href":"https:\/\/www.purejewels.com\/tr\/wp-json\/wp\/v2\/product\/427057","targetHints":{"allow":["GET"]}}],"collection":[{"href":"https:\/\/www.purejewels.com\/tr\/wp-json\/wp\/v2\/product"}],"about":[{"href":"https:\/\/www.purejewels.com\/tr\/wp-json\/wp\/v2\/types\/product"}],"replies":[{"embeddable":true,"href":"https:\/\/www.purejewels.com\/tr\/wp-json\/wp\/v2\/comments?post=427057"}],"version-history":[{"count":4,"href":"https:\/\/www.purejewels.com\/tr\/wp-json\/wp\/v2\/product\/427057\/revisions"}],"predecessor-version":[{"id":427764,"href":"https:\/\/www.purejewels.com\/tr\/wp-json\/wp\/v2\/product\/427057\/revisions\/427764"}],"wp:featuredmedia":[{"embeddable":true,"href":"https:\/\/www.purejewels.com\/tr\/wp-json\/wp\/v2\/media\/388328"}],"wp:attachment":[{"href":"https:\/\/www.purejewels.com\/tr\/wp-json\/wp\/v2\/media?parent=427057"}],"wp:term":[{"taxonomy":"product_brand","embeddable":true,"href":"https:\/\/www.purejewels.com\/tr\/wp-json\/wp\/v2\/product_brand?post=427057"},{"taxonomy":"product_cat","embeddable":true,"href":"https:\/\/www.purejewels.com\/tr\/wp-json\/wp\/v2\/product_cat?post=427057"},{"taxonomy":"product_tag","embeddable":true,"href":"https:\/\/www.purejewels.com\/tr\/wp-json\/wp\/v2\/product_tag?post=427057"}],"curies":[{"name":"wp","href":"https:\/\/api.w.org\/{rel}","templated":true}]}}