{"id":427077,"date":"2026-01-13T11:45:53","date_gmt":"2026-01-13T11:45:53","guid":{"rendered":"https:\/\/www.purejewels.com\/?post_type=product&#038;p=427077"},"modified":"2026-04-20T10:32:26","modified_gmt":"2026-04-20T09:32:26","slug":"22-ayar-gundogumu-altin-rozet-v-ayarlanabilir-yuzuk-52596","status":"publish","type":"product","link":"https:\/\/www.purejewels.com\/tr\/product\/22ct-sunrise-gold-rosette-v-adjustable-ring-52596\/","title":{"rendered":"22 Ayar Sunrise Alt\u0131n Rozet V Ayarlanabilir Y\u00fcz\u00fck"},"content":{"rendered":"<p><strong>Tasar\u0131m Konsepti<\/strong><\/p>\n<p>Rosette V Ayarlanabilir Y\u00fcz\u00fck, geleneksel Vanki formundan ilham alarak parma\u011f\u0131 zarif\u00e7e \u00e7er\u00e7eveleyen modern bir y\u00fcz\u00fck olarak yeniden tasarland\u0131. Y\u00fcz\u00fc\u011f\u00fcn merkezinde, ya\u015fam yolculu\u011funu \u015fekillendiren anlar\u0131n g\u00fczel mozai\u011fini simgeleyen, imzas\u0131 niteli\u011findeki rozet motifi \u00e7i\u00e7ek a\u00e7\u0131yor. Heykelsi V \u015fekli parma\u011f\u0131 nazik\u00e7e sararken \u00e7i\u00e7ek unsuru yumu\u015fakl\u0131k ve denge katarak hem etkileyici hem de zamans\u0131z bir tasar\u0131m yarat\u0131yor.<\/p>\n<p><strong>Zanaatkarl\u0131k<\/strong><\/p>\n<p>Parlak 22 ayar Sunrise Alt\u0131ndan \u00fcretilen y\u00fcz\u00fck, kaliteli alt\u0131n tak\u0131lar\u0131 tan\u0131mlayan zengin renk ve safl\u0131\u011f\u0131 sergiliyor. B\u00fck\u00fclm\u00fc\u015f bantlar dengeli bir V silueti olu\u015fturmak i\u00e7in \u00f6zenle \u015fekillendirilirken, rozet narin ta\u00e7 yapra\u011f\u0131 detaylar\u0131 ve \u0131\u015f\u0131\u011f\u0131 yakalayan cilal\u0131 bir merkezle karma\u015f\u0131k bir \u015fekilde yontulmu\u015ftur. Ayarlanabilir yap\u0131s\u0131, tasar\u0131m\u0131n zarafetini korurken rahatl\u0131k ve \u00e7ok y\u00f6nl\u00fcl\u00fck sa\u011flar.<\/p>\n<p><strong>Stil Fikirleri<\/strong><\/p>\n<p>Rozet V Ayarlanabilir Y\u00fcz\u00fck, tek ba\u015f\u0131na tak\u0131ld\u0131\u011f\u0131nda heykelsi V \u015feklinin \u00f6ne \u00e7\u0131kmas\u0131n\u0131 sa\u011flayarak g\u00fczel bir ifade olu\u015fturur. Ayr\u0131ca, modern bir \u00fcst \u00fcste g\u00f6r\u00fcn\u00fcm i\u00e7in narin alt\u0131n bantlarla zahmetsizce e\u015fle\u015fir. \u00c7i\u00e7ek motifi ve s\u0131cak alt\u0131n tonu hem \u00e7a\u011fda\u015f k\u0131yafetleri hem de geleneksel k\u0131yafetleri tamamlayarak g\u00fcnl\u00fck \u015f\u0131kl\u0131k veya \u00f6zel kutlamalar i\u00e7in uygun \u00e7ok y\u00f6nl\u00fc bir par\u00e7a haline getirir.<\/p>","protected":false},"excerpt":{"rendered":"<p>22 Ayar G\u00fcn Do\u011fumu Alt\u0131n Rozet V Ayarlanabilir Y\u00fcz\u00fck, narin bir rozet motifiyle s\u00fcslenmi\u015f zarif V \u015feklinde bir siluete sahiptir. I\u015f\u0131lt\u0131l\u0131 22 ayar G\u00fcn Do\u011fumu Alt\u0131n\u0131ndan \u00fcretilen ve burgulu bant tasar\u0131m\u0131na sahip bu ayarlanabilir y\u00fcz\u00fck, mirastan ald\u0131\u011f\u0131 ilham\u0131 \u00e7a\u011fda\u015f zarafetle harmanl\u0131yor.<\/p>\n<p><strong>Malzeme:<\/strong> 22 Ayar G\u00fcndo\u011fumu Alt\u0131n<br \/>\n<strong>Safl\u0131k:<\/strong> 91.6% saf alt\u0131n<br \/>\n<strong>Hallmark:<\/strong> \u0130ngiliz Damgas\u0131<br \/>\n<strong>SKU:<\/strong> 52596, 52595<br \/>\n<strong>A\u011f\u0131rl\u0131k:<\/strong> 4.85 gram<br \/>\n<strong>Y\u00fcz\u00fck \u00d6l\u00e7\u00fcs\u00fc:<\/strong> Ayarlanabilir<br \/>\n<strong>Rozet \u00c7i\u00e7e\u011fi Geni\u015fli\u011fi:<\/strong> 6mm<\/p>\n<p><strong>Fiyat ve Teslimat:<\/strong>\u00a0KDV ve teslimat \u00fccretleri dahil<br \/>\n<a href=\"https:\/\/www.purejewels.com\/tr\/i%cc%87ade-poli%cc%87ti%cc%87kasi\/\"><strong>\u0130ade Politikas\u0131<\/strong><\/a><\/p>","protected":false},"featured_media":427078,"comment_status":"closed","ping_status":"closed","template":"","meta":{"_eb_attr":"","_crsspst_to_jayantr4sg-hostcom":false},"product_brand":[],"product_cat":[1559,236,1793,6190,5701,1792,1229,1235,1783,1570,1786,1656,5276,1573,1574],"product_tag":[],"class_list":{"0":"post-427077","1":"product","2":"type-product","3":"status-publish","4":"has-post-thumbnail","6":"product_cat-birthday-gifts","7":"product_cat-collections","8":"product_cat-diwali-gifts","9":"product_cat-easter-jewellery","10":"product_cat-eid-jewellery","11":"product_cat-festival-gifts","12":"product_cat-22ct-gold-jewellery","13":"product_cat-gold-rings","14":"product_cat-ladies-rings","15":"product_cat-mothers-day-gifts","16":"product_cat-occasional-wear-rings","17":"product_cat-rosettes-collections","18":"product_cat-rosettes-ring","19":"product_cat-wedding-gifts","20":"product_cat-womens-jewellery","22":"first","23":"instock","24":"taxable","25":"shipping-taxable","26":"purchasable","27":"product-type-simple","28":"add-to-wishlist-before_image"},"yoast_head":"<!-- This site is optimized with the Yoast SEO plugin v27.5 - https:\/\/yoast.com\/product\/yoast-seo-wordpress\/ -->\n<title>Discover the 22ct Sunrise Gold Rosette V Adjustable Ring UK<\/title>\n<meta name=\"description\" content=\"Shop the 22ct Sunrise Gold Rosette V Adjustable Ring featuring a delicate rosette motif and elegant V-shaped design. Crafted in 22ct Sunrise gold for timeless style.\" \/>\n<meta name=\"robots\" content=\"index, follow, max-snippet:-1, max-image-preview:large, max-video-preview:-1\" \/>\n<link rel=\"canonical\" href=\"https:\/\/www.purejewels.com\/tr\/urun\/22-ayar-gundogumu-altin-rozet-v-ayarlanabilir-yuzuk-52596\/\" \/>\n<meta property=\"og:locale\" content=\"tr_TR\" \/>\n<meta property=\"og:type\" content=\"article\" \/>\n<meta property=\"og:title\" content=\"Discover the 22ct Sunrise Gold Rosette V Adjustable Ring UK\" \/>\n<meta property=\"og:description\" content=\"Shop the 22ct Sunrise Gold Rosette V Adjustable Ring featuring a delicate rosette motif and elegant V-shaped design. Crafted in 22ct Sunrise gold for timeless style.\" \/>\n<meta property=\"og:url\" content=\"https:\/\/www.purejewels.com\/tr\/urun\/22-ayar-gundogumu-altin-rozet-v-ayarlanabilir-yuzuk-52596\/\" \/>\n<meta property=\"og:site_name\" content=\"PureJewels UK\" \/>\n<meta property=\"article:modified_time\" content=\"2026-04-20T09:32:26+00:00\" \/>\n<meta property=\"og:image\" content=\"https:\/\/static.purejewels.com\/wp-content\/uploads\/2026\/03\/SKU-52596-front.jpg\" \/>\n\t<meta property=\"og:image:width\" content=\"1000\" \/>\n\t<meta property=\"og:image:height\" content=\"1000\" \/>\n\t<meta property=\"og:image:type\" content=\"image\/jpeg\" \/>\n<meta name=\"twitter:card\" content=\"summary_large_image\" \/>\n<meta name=\"twitter:label1\" content=\"Tahmini okuma s\u00fcresi\" \/>\n\t<meta name=\"twitter:data1\" content=\"2 dakika\" \/>\n<script type=\"application\/ld+json\" class=\"yoast-schema-graph\">{\"@context\":\"https:\\\/\\\/schema.org\",\"@graph\":[{\"@type\":[\"WebPage\",\"ItemPage\"],\"@id\":\"https:\\\/\\\/www.purejewels.com\\\/product\\\/22ct-sunrise-gold-rosette-v-adjustable-ring-52596\\\/\",\"url\":\"https:\\\/\\\/www.purejewels.com\\\/product\\\/22ct-sunrise-gold-rosette-v-adjustable-ring-52596\\\/\",\"name\":\"Discover the 22ct Sunrise Gold Rosette V Adjustable Ring UK\",\"isPartOf\":{\"@id\":\"https:\\\/\\\/www.purejewels.com\\\/#website\"},\"primaryImageOfPage\":{\"@id\":\"https:\\\/\\\/www.purejewels.com\\\/product\\\/22ct-sunrise-gold-rosette-v-adjustable-ring-52596\\\/#primaryimage\"},\"image\":{\"@id\":\"https:\\\/\\\/www.purejewels.com\\\/product\\\/22ct-sunrise-gold-rosette-v-adjustable-ring-52596\\\/#primaryimage\"},\"thumbnailUrl\":\"https:\\\/\\\/static.purejewels.com\\\/wp-content\\\/uploads\\\/2026\\\/03\\\/SKU-52596-front.jpg\",\"datePublished\":\"2026-01-13T11:45:53+00:00\",\"dateModified\":\"2026-04-20T09:32:26+00:00\",\"description\":\"Shop the 22ct Sunrise Gold Rosette V Adjustable Ring featuring a delicate rosette motif and elegant V-shaped design. Crafted in 22ct Sunrise gold for timeless style.\",\"breadcrumb\":{\"@id\":\"https:\\\/\\\/www.purejewels.com\\\/product\\\/22ct-sunrise-gold-rosette-v-adjustable-ring-52596\\\/#breadcrumb\"},\"inLanguage\":\"tr\",\"potentialAction\":[{\"@type\":\"ReadAction\",\"target\":[\"https:\\\/\\\/www.purejewels.com\\\/product\\\/22ct-sunrise-gold-rosette-v-adjustable-ring-52596\\\/\"]}]},{\"@type\":\"ImageObject\",\"inLanguage\":\"tr\",\"@id\":\"https:\\\/\\\/www.purejewels.com\\\/product\\\/22ct-sunrise-gold-rosette-v-adjustable-ring-52596\\\/#primaryimage\",\"url\":\"https:\\\/\\\/static.purejewels.com\\\/wp-content\\\/uploads\\\/2026\\\/03\\\/SKU-52596-front.jpg\",\"contentUrl\":\"https:\\\/\\\/static.purejewels.com\\\/wp-content\\\/uploads\\\/2026\\\/03\\\/SKU-52596-front.jpg\",\"width\":1000,\"height\":1000,\"caption\":\"Stacked from 5 images. Method=B (R=8,S=4)\"},{\"@type\":\"BreadcrumbList\",\"@id\":\"https:\\\/\\\/www.purejewels.com\\\/product\\\/22ct-sunrise-gold-rosette-v-adjustable-ring-52596\\\/#breadcrumb\",\"itemListElement\":[{\"@type\":\"ListItem\",\"position\":1,\"name\":\"Home\",\"item\":\"https:\\\/\\\/www.purejewels.com\\\/\"},{\"@type\":\"ListItem\",\"position\":2,\"name\":\"Shop\",\"item\":\"https:\\\/\\\/www.purejewels.com\\\/shop\\\/\"},{\"@type\":\"ListItem\",\"position\":3,\"name\":\"22ct Sunrise Gold Rosette V Adjustable Ring\"}]},{\"@type\":\"WebSite\",\"@id\":\"https:\\\/\\\/www.purejewels.com\\\/#website\",\"url\":\"https:\\\/\\\/www.purejewels.com\\\/\",\"name\":\"PureJewels UK\",\"description\":\"Share the Love\",\"publisher\":{\"@id\":\"https:\\\/\\\/www.purejewels.com\\\/#organization\"},\"potentialAction\":[{\"@type\":\"SearchAction\",\"target\":{\"@type\":\"EntryPoint\",\"urlTemplate\":\"https:\\\/\\\/www.purejewels.com\\\/?s={search_term_string}\"},\"query-input\":{\"@type\":\"PropertyValueSpecification\",\"valueRequired\":true,\"valueName\":\"search_term_string\"}}],\"inLanguage\":\"tr\"},{\"@type\":\"Organization\",\"@id\":\"https:\\\/\\\/www.purejewels.com\\\/#organization\",\"name\":\"PureJewels UK\",\"url\":\"https:\\\/\\\/www.purejewels.com\\\/\",\"logo\":{\"@type\":\"ImageObject\",\"inLanguage\":\"tr\",\"@id\":\"https:\\\/\\\/www.purejewels.com\\\/#\\\/schema\\\/logo\\\/image\\\/\",\"url\":\"https:\\\/\\\/static.purejewels.com\\\/wp-content\\\/uploads\\\/2020\\\/11\\\/Logo-PJ-New-1.png\",\"contentUrl\":\"https:\\\/\\\/static.purejewels.com\\\/wp-content\\\/uploads\\\/2020\\\/11\\\/Logo-PJ-New-1.png\",\"width\":150,\"height\":80,\"caption\":\"PureJewels UK\"},\"image\":{\"@id\":\"https:\\\/\\\/www.purejewels.com\\\/#\\\/schema\\\/logo\\\/image\\\/\"}}]}<\/script>\n<!-- \/ Yoast SEO plugin. -->","yoast_head_json":{"title":"22 Ayar Sunrise Alt\u0131n Rozet V Ayarlanabilir Y\u00fcz\u00fck \u0130ngiltere'yi ke\u015ffedin","description":"Zarif bir rozet motifine ve zarif V \u015fekilli tasar\u0131ma sahip 22 Ayar Sunrise Alt\u0131n Rozet V Ayarlanabilir Y\u00fcz\u00fc\u011f\u00fc sat\u0131n al\u0131n. Zamans\u0131z bir stil i\u00e7in 22 ayar Sunrise alt\u0131ndan \u00fcretilmi\u015ftir.","robots":{"index":"index","follow":"follow","max-snippet":"max-snippet:-1","max-image-preview":"max-image-preview:large","max-video-preview":"max-video-preview:-1"},"canonical":"https:\/\/www.purejewels.com\/tr\/urun\/22-ayar-gundogumu-altin-rozet-v-ayarlanabilir-yuzuk-52596\/","og_locale":"tr_TR","og_type":"article","og_title":"Discover the 22ct Sunrise Gold Rosette V Adjustable Ring UK","og_description":"Shop the 22ct Sunrise Gold Rosette V Adjustable Ring featuring a delicate rosette motif and elegant V-shaped design. Crafted in 22ct Sunrise gold for timeless style.","og_url":"https:\/\/www.purejewels.com\/tr\/urun\/22-ayar-gundogumu-altin-rozet-v-ayarlanabilir-yuzuk-52596\/","og_site_name":"PureJewels UK","article_modified_time":"2026-04-20T09:32:26+00:00","og_image":[{"width":1000,"height":1000,"url":"https:\/\/static.purejewels.com\/wp-content\/uploads\/2026\/03\/SKU-52596-front.jpg","type":"image\/jpeg"}],"twitter_card":"summary_large_image","twitter_misc":{"Tahmini okuma s\u00fcresi":"2 dakika"},"schema":{"@context":"https:\/\/schema.org","@graph":[{"@type":["WebPage","ItemPage"],"@id":"https:\/\/www.purejewels.com\/product\/22ct-sunrise-gold-rosette-v-adjustable-ring-52596\/","url":"https:\/\/www.purejewels.com\/product\/22ct-sunrise-gold-rosette-v-adjustable-ring-52596\/","name":"22 Ayar Sunrise Alt\u0131n Rozet V Ayarlanabilir Y\u00fcz\u00fck \u0130ngiltere'yi ke\u015ffedin","isPartOf":{"@id":"https:\/\/www.purejewels.com\/#website"},"primaryImageOfPage":{"@id":"https:\/\/www.purejewels.com\/product\/22ct-sunrise-gold-rosette-v-adjustable-ring-52596\/#primaryimage"},"image":{"@id":"https:\/\/www.purejewels.com\/product\/22ct-sunrise-gold-rosette-v-adjustable-ring-52596\/#primaryimage"},"thumbnailUrl":"https:\/\/static.purejewels.com\/wp-content\/uploads\/2026\/03\/SKU-52596-front.jpg","datePublished":"2026-01-13T11:45:53+00:00","dateModified":"2026-04-20T09:32:26+00:00","description":"Zarif bir rozet motifine ve zarif V \u015fekilli tasar\u0131ma sahip 22 Ayar Sunrise Alt\u0131n Rozet V Ayarlanabilir Y\u00fcz\u00fc\u011f\u00fc sat\u0131n al\u0131n. Zamans\u0131z bir stil i\u00e7in 22 ayar Sunrise alt\u0131ndan \u00fcretilmi\u015ftir.","breadcrumb":{"@id":"https:\/\/www.purejewels.com\/product\/22ct-sunrise-gold-rosette-v-adjustable-ring-52596\/#breadcrumb"},"inLanguage":"tr","potentialAction":[{"@type":"ReadAction","target":["https:\/\/www.purejewels.com\/product\/22ct-sunrise-gold-rosette-v-adjustable-ring-52596\/"]}]},{"@type":"ImageObject","inLanguage":"tr","@id":"https:\/\/www.purejewels.com\/product\/22ct-sunrise-gold-rosette-v-adjustable-ring-52596\/#primaryimage","url":"https:\/\/static.purejewels.com\/wp-content\/uploads\/2026\/03\/SKU-52596-front.jpg","contentUrl":"https:\/\/static.purejewels.com\/wp-content\/uploads\/2026\/03\/SKU-52596-front.jpg","width":1000,"height":1000,"caption":"Stacked from 5 images. Method=B (R=8,S=4)"},{"@type":"BreadcrumbList","@id":"https:\/\/www.purejewels.com\/product\/22ct-sunrise-gold-rosette-v-adjustable-ring-52596\/#breadcrumb","itemListElement":[{"@type":"ListItem","position":1,"name":"Home","item":"https:\/\/www.purejewels.com\/"},{"@type":"ListItem","position":2,"name":"Shop","item":"https:\/\/www.purejewels.com\/shop\/"},{"@type":"ListItem","position":3,"name":"22ct Sunrise Gold Rosette V Adjustable Ring"}]},{"@type":"WebSite","@id":"https:\/\/www.purejewels.com\/#website","url":"https:\/\/www.purejewels.com\/","name":"PureJewels \u0130ngiltere","description":"Sevgiyi Payla\u015f\u0131n","publisher":{"@id":"https:\/\/www.purejewels.com\/#organization"},"potentialAction":[{"@type":"SearchAction","target":{"@type":"EntryPoint","urlTemplate":"https:\/\/www.purejewels.com\/?s={search_term_string}"},"query-input":{"@type":"PropertyValueSpecification","valueRequired":true,"valueName":"search_term_string"}}],"inLanguage":"tr"},{"@type":"Organization","@id":"https:\/\/www.purejewels.com\/#organization","name":"PureJewels \u0130ngiltere","url":"https:\/\/www.purejewels.com\/","logo":{"@type":"ImageObject","inLanguage":"tr","@id":"https:\/\/www.purejewels.com\/#\/schema\/logo\/image\/","url":"https:\/\/static.purejewels.com\/wp-content\/uploads\/2020\/11\/Logo-PJ-New-1.png","contentUrl":"https:\/\/static.purejewels.com\/wp-content\/uploads\/2020\/11\/Logo-PJ-New-1.png","width":150,"height":80,"caption":"PureJewels UK"},"image":{"@id":"https:\/\/www.purejewels.com\/#\/schema\/logo\/image\/"}}]}},"_links":{"self":[{"href":"https:\/\/www.purejewels.com\/tr\/wp-json\/wp\/v2\/product\/427077","targetHints":{"allow":["GET"]}}],"collection":[{"href":"https:\/\/www.purejewels.com\/tr\/wp-json\/wp\/v2\/product"}],"about":[{"href":"https:\/\/www.purejewels.com\/tr\/wp-json\/wp\/v2\/types\/product"}],"replies":[{"embeddable":true,"href":"https:\/\/www.purejewels.com\/tr\/wp-json\/wp\/v2\/comments?post=427077"}],"version-history":[{"count":1,"href":"https:\/\/www.purejewels.com\/tr\/wp-json\/wp\/v2\/product\/427077\/revisions"}],"predecessor-version":[{"id":427080,"href":"https:\/\/www.purejewels.com\/tr\/wp-json\/wp\/v2\/product\/427077\/revisions\/427080"}],"wp:featuredmedia":[{"embeddable":true,"href":"https:\/\/www.purejewels.com\/tr\/wp-json\/wp\/v2\/media\/427078"}],"wp:attachment":[{"href":"https:\/\/www.purejewels.com\/tr\/wp-json\/wp\/v2\/media?parent=427077"}],"wp:term":[{"taxonomy":"product_brand","embeddable":true,"href":"https:\/\/www.purejewels.com\/tr\/wp-json\/wp\/v2\/product_brand?post=427077"},{"taxonomy":"product_cat","embeddable":true,"href":"https:\/\/www.purejewels.com\/tr\/wp-json\/wp\/v2\/product_cat?post=427077"},{"taxonomy":"product_tag","embeddable":true,"href":"https:\/\/www.purejewels.com\/tr\/wp-json\/wp\/v2\/product_tag?post=427077"}],"curies":[{"name":"wp","href":"https:\/\/api.w.org\/{rel}","templated":true}]}}