{"id":427083,"date":"2026-01-13T12:16:04","date_gmt":"2026-01-13T12:16:04","guid":{"rendered":"https:\/\/www.purejewels.com\/?post_type=product&#038;p=427083"},"modified":"2026-03-23T07:14:14","modified_gmt":"2026-03-23T07:14:14","slug":"22-ayar-gundogumu-altin-rozet-celenk-bileklik-53220","status":"publish","type":"product","link":"https:\/\/www.purejewels.com\/tr\/product\/22ct-sunrise-gold-rosette-garland-bracelet-53220\/","title":{"rendered":"22 Ayar Sunrise Alt\u0131n Rozet Garland Bileklik"},"content":{"rendered":"<p><strong>Tasar\u0131m Konsepti<\/strong><\/p>\n<p>Bir \u00e7elenk \u015feklinde dizilmi\u015f \u00e7i\u00e7eklerin g\u00fczelli\u011finden ilham alan Rozet Garland Bileklik, hayat\u0131n yolculu\u011funu olu\u015fturan k\u00fc\u00e7\u00fck ama anlaml\u0131 anlar\u0131 kutluyor. \u0130mza niteli\u011findeki rozet motifleri, bilezik boyunca basamakl\u0131 bir d\u00fczenlemeyle a\u00e7arak yumu\u015fak ve ritmik bir ak\u0131\u015f yarat\u0131yor. Her bir \u00e7i\u00e7ek unsuru doku ve \u00e7ekicilik katarak kad\u0131ns\u0131, zarif ve zamans\u0131z hissettiren hassas bir kompozisyon olu\u015fturuyor.<\/p>\n<p><strong>Zanaatkarl\u0131k<\/strong><\/p>\n<p>I\u015f\u0131lt\u0131l\u0131 22 ayar G\u00fcn Do\u011fumu Alt\u0131n\u0131ndan \u00fcretilen bilezik, kaliteli alt\u0131n tak\u0131lar\u0131 tan\u0131mlayan s\u0131cakl\u0131\u011f\u0131 ve safl\u0131\u011f\u0131 sergiliyor. Her bir rozet, ta\u00e7 yapra\u011f\u0131 benzeri detaylarla karma\u015f\u0131k bir \u015fekilde \u015fekillendirilmi\u015f ve bilek boyunca nazik bir hareket sa\u011flamak i\u00e7in ayr\u0131 ayr\u0131 ba\u011flanm\u0131\u015ft\u0131r. Basamakl\u0131 \u00e7i\u00e7ek tak\u0131lar ak\u0131c\u0131 bir \u00e7elenk etkisi yarat\u0131rken, ince zincir rahat ve zarif bir uyum sa\u011flar. Yetenekli zanaatkarlar taraf\u0131ndan \u00f6zenle tamamlanan bu par\u00e7a, her PureJewels kreasyonunun kalbinde yatan titiz i\u015f\u00e7ili\u011fi yans\u0131tmaktad\u0131r.<\/p>\n<p><strong>Stil Fikirleri<\/strong><\/p>\n<p>Rozet Garland Bileklik, hem g\u00fcnl\u00fck hem de f\u0131rsat stiline zahmetsiz bir \u015f\u0131kl\u0131k katmak i\u00e7in tasarlanm\u0131\u015ft\u0131r. Narin \u00e7i\u00e7ek hareketi, katmanl\u0131 stil i\u00e7in basit bir alt\u0131n zincir bilezikle g\u00fczel bir \u015fekilde e\u015fle\u015fir veya zarif bir ifade olarak tek ba\u015f\u0131na tak\u0131labilir. 22 ayar alt\u0131n\u0131n s\u0131cak \u0131\u015f\u0131lt\u0131s\u0131, geleneksel k\u0131yafetlerin yan\u0131 s\u0131ra \u00e7a\u011fda\u015f k\u0131yafetleri de tamamlar ve onu g\u00fcnd\u00fczden ak\u015fama g\u00fczel bir \u015fekilde ge\u00e7i\u015f yapan \u00e7ok y\u00f6nl\u00fc bir par\u00e7a haline getirir.<\/p>","protected":false},"excerpt":{"rendered":"<p>22 Ayar G\u00fcn Do\u011fumu Alt\u0131n Rozet Garland Bilezik, zarif bir garland tasar\u0131m\u0131nda d\u00fczenlenmi\u015f narin basamakl\u0131 rozet motiflerine sahiptir. I\u015f\u0131lt\u0131l\u0131 22 ayar G\u00fcn Do\u011fumu Alt\u0131n\u0131ndan \u00fcretilen bu bilezik, \u00e7i\u00e7eksi g\u00fczelli\u011fi, hareketi ve zarif i\u015f\u00e7ili\u011fi bir araya getiriyor.<\/p>\n<p><strong>Malzeme:<\/strong>\u00a022 Ayar G\u00fcndo\u011fumu Alt\u0131n<br \/>\n<strong>Safl\u0131k:<\/strong>\u00a091.6% saf alt\u0131n<br \/>\n<strong>Hallmark:<\/strong>\u00a0\u0130ngiliz Damgas\u0131<br \/>\n<strong>SKU:<\/strong> 53220<br \/>\n<strong>A\u011f\u0131rl\u0131k:<\/strong> 10.40 Gms<br \/>\n<strong>Uzunluk: <\/strong>7 \u0130n\u00e7<\/p>\n<p><strong>Fiyat ve Teslimat:<\/strong>\u00a0KDV ve teslimat \u00fccretleri dahil<br \/>\n<a href=\"https:\/\/www.purejewels.com\/tr\/i%cc%87ade-poli%cc%87ti%cc%87kasi\/\"><strong>\u0130ade Politikas\u0131<\/strong><\/a><\/p>","protected":false},"featured_media":427203,"comment_status":"closed","ping_status":"closed","template":"","meta":{"_eb_attr":"","_crsspst_to_jayantr4sg-hostcom":false},"product_brand":[],"product_cat":[1791,236,1790,1324,1627,1229,5586,1656,1574,5349],"product_tag":[5634,5910],"class_list":{"0":"post-427083","1":"product","2":"type-product","3":"status-publish","4":"has-post-thumbnail","6":"product_cat-anniversary-gifts","7":"product_cat-collections","8":"product_cat-for-whom-when","9":"product_cat-gold-bracelet","10":"product_cat-ladies-bracelet","11":"product_cat-22ct-gold-jewellery","12":"product_cat-rosette-bracelet","13":"product_cat-rosettes-collections","14":"product_cat-womens-jewellery","15":"product_cat-yellow-gold-jewellery","16":"product_tag-22ct-gold-bracelet-for-ladies","17":"product_tag-real-gold-bracelet","19":"first","20":"instock","21":"taxable","22":"shipping-taxable","23":"purchasable","24":"product-type-simple","25":"add-to-wishlist-before_image"},"yoast_head":"<!-- This site is optimized with the Yoast SEO plugin v27.5 - https:\/\/yoast.com\/product\/yoast-seo-wordpress\/ -->\n<title>Discover the 22ct Sunrise Gold Rosette Garland Bracelet<\/title>\n<meta name=\"description\" content=\"Shop the 22ct Sunrise Gold Rosette Garland Bracelet featuring delicate cascading rosette motifs. Crafted in radiant 22ct gold for elegant everyday wear and special occasions.\" \/>\n<meta name=\"robots\" content=\"index, follow, max-snippet:-1, max-image-preview:large, max-video-preview:-1\" \/>\n<link rel=\"canonical\" href=\"https:\/\/www.purejewels.com\/tr\/urun\/22-ayar-gundogumu-altin-rozet-celenk-bileklik-53220\/\" \/>\n<meta property=\"og:locale\" content=\"tr_TR\" \/>\n<meta property=\"og:type\" content=\"article\" \/>\n<meta property=\"og:title\" content=\"Discover the 22ct Sunrise Gold Rosette Garland Bracelet\" \/>\n<meta property=\"og:description\" content=\"Shop the 22ct Sunrise Gold Rosette Garland Bracelet featuring delicate cascading rosette motifs. Crafted in radiant 22ct gold for elegant everyday wear and special occasions.\" \/>\n<meta property=\"og:url\" content=\"https:\/\/www.purejewels.com\/tr\/urun\/22-ayar-gundogumu-altin-rozet-celenk-bileklik-53220\/\" \/>\n<meta property=\"og:site_name\" content=\"PureJewels UK\" \/>\n<meta property=\"article:modified_time\" content=\"2026-03-23T07:14:14+00:00\" \/>\n<meta property=\"og:image\" content=\"https:\/\/static.purejewels.com\/wp-content\/uploads\/2026\/03\/SKU-53220-TOP-SIDE.jpg\" \/>\n\t<meta property=\"og:image:width\" content=\"1000\" \/>\n\t<meta property=\"og:image:height\" content=\"1000\" \/>\n\t<meta property=\"og:image:type\" content=\"image\/jpeg\" \/>\n<meta name=\"twitter:card\" content=\"summary_large_image\" \/>\n<meta name=\"twitter:label1\" content=\"Tahmini okuma s\u00fcresi\" \/>\n\t<meta name=\"twitter:data1\" content=\"2 dakika\" \/>\n<script type=\"application\/ld+json\" class=\"yoast-schema-graph\">{\"@context\":\"https:\\\/\\\/schema.org\",\"@graph\":[{\"@type\":[\"WebPage\",\"ItemPage\"],\"@id\":\"https:\\\/\\\/www.purejewels.com\\\/product\\\/22ct-sunrise-gold-rosette-garland-bracelet-53220\\\/\",\"url\":\"https:\\\/\\\/www.purejewels.com\\\/product\\\/22ct-sunrise-gold-rosette-garland-bracelet-53220\\\/\",\"name\":\"Discover the 22ct Sunrise Gold Rosette Garland Bracelet\",\"isPartOf\":{\"@id\":\"https:\\\/\\\/www.purejewels.com\\\/#website\"},\"primaryImageOfPage\":{\"@id\":\"https:\\\/\\\/www.purejewels.com\\\/product\\\/22ct-sunrise-gold-rosette-garland-bracelet-53220\\\/#primaryimage\"},\"image\":{\"@id\":\"https:\\\/\\\/www.purejewels.com\\\/product\\\/22ct-sunrise-gold-rosette-garland-bracelet-53220\\\/#primaryimage\"},\"thumbnailUrl\":\"https:\\\/\\\/static.purejewels.com\\\/wp-content\\\/uploads\\\/2026\\\/03\\\/SKU-53220-TOP-SIDE.jpg\",\"datePublished\":\"2026-01-13T12:16:04+00:00\",\"dateModified\":\"2026-03-23T07:14:14+00:00\",\"description\":\"Shop the 22ct Sunrise Gold Rosette Garland Bracelet featuring delicate cascading rosette motifs. Crafted in radiant 22ct gold for elegant everyday wear and special occasions.\",\"breadcrumb\":{\"@id\":\"https:\\\/\\\/www.purejewels.com\\\/product\\\/22ct-sunrise-gold-rosette-garland-bracelet-53220\\\/#breadcrumb\"},\"inLanguage\":\"tr\",\"potentialAction\":[{\"@type\":\"ReadAction\",\"target\":[\"https:\\\/\\\/www.purejewels.com\\\/product\\\/22ct-sunrise-gold-rosette-garland-bracelet-53220\\\/\"]}]},{\"@type\":\"ImageObject\",\"inLanguage\":\"tr\",\"@id\":\"https:\\\/\\\/www.purejewels.com\\\/product\\\/22ct-sunrise-gold-rosette-garland-bracelet-53220\\\/#primaryimage\",\"url\":\"https:\\\/\\\/static.purejewels.com\\\/wp-content\\\/uploads\\\/2026\\\/03\\\/SKU-53220-TOP-SIDE.jpg\",\"contentUrl\":\"https:\\\/\\\/static.purejewels.com\\\/wp-content\\\/uploads\\\/2026\\\/03\\\/SKU-53220-TOP-SIDE.jpg\",\"width\":1000,\"height\":1000,\"caption\":\"Stacked from 10 images. Method=B (R=8,S=4)\"},{\"@type\":\"BreadcrumbList\",\"@id\":\"https:\\\/\\\/www.purejewels.com\\\/product\\\/22ct-sunrise-gold-rosette-garland-bracelet-53220\\\/#breadcrumb\",\"itemListElement\":[{\"@type\":\"ListItem\",\"position\":1,\"name\":\"Home\",\"item\":\"https:\\\/\\\/www.purejewels.com\\\/\"},{\"@type\":\"ListItem\",\"position\":2,\"name\":\"Shop\",\"item\":\"https:\\\/\\\/www.purejewels.com\\\/shop\\\/\"},{\"@type\":\"ListItem\",\"position\":3,\"name\":\"22ct Sunrise Gold Rosette Garland Bracelet\"}]},{\"@type\":\"WebSite\",\"@id\":\"https:\\\/\\\/www.purejewels.com\\\/#website\",\"url\":\"https:\\\/\\\/www.purejewels.com\\\/\",\"name\":\"PureJewels UK\",\"description\":\"Share the Love\",\"publisher\":{\"@id\":\"https:\\\/\\\/www.purejewels.com\\\/#organization\"},\"potentialAction\":[{\"@type\":\"SearchAction\",\"target\":{\"@type\":\"EntryPoint\",\"urlTemplate\":\"https:\\\/\\\/www.purejewels.com\\\/?s={search_term_string}\"},\"query-input\":{\"@type\":\"PropertyValueSpecification\",\"valueRequired\":true,\"valueName\":\"search_term_string\"}}],\"inLanguage\":\"tr\"},{\"@type\":\"Organization\",\"@id\":\"https:\\\/\\\/www.purejewels.com\\\/#organization\",\"name\":\"PureJewels UK\",\"url\":\"https:\\\/\\\/www.purejewels.com\\\/\",\"logo\":{\"@type\":\"ImageObject\",\"inLanguage\":\"tr\",\"@id\":\"https:\\\/\\\/www.purejewels.com\\\/#\\\/schema\\\/logo\\\/image\\\/\",\"url\":\"https:\\\/\\\/static.purejewels.com\\\/wp-content\\\/uploads\\\/2020\\\/11\\\/Logo-PJ-New-1.png\",\"contentUrl\":\"https:\\\/\\\/static.purejewels.com\\\/wp-content\\\/uploads\\\/2020\\\/11\\\/Logo-PJ-New-1.png\",\"width\":150,\"height\":80,\"caption\":\"PureJewels UK\"},\"image\":{\"@id\":\"https:\\\/\\\/www.purejewels.com\\\/#\\\/schema\\\/logo\\\/image\\\/\"}}]}<\/script>\n<!-- \/ Yoast SEO plugin. -->","yoast_head_json":{"title":"22 Ayar Sunrise Alt\u0131n Rozet Garland Bilezi\u011fi ke\u015ffedin","description":"Narin basamakl\u0131 rozet motiflerine sahip 22 ayar Sunrise Alt\u0131n Rozet Garland Bilezi\u011fi sat\u0131n al\u0131n. Zarif g\u00fcnl\u00fck kullan\u0131m ve \u00f6zel g\u00fcnler i\u00e7in \u0131\u015f\u0131lt\u0131l\u0131 22 ayar alt\u0131ndan \u00fcretilmi\u015ftir.","robots":{"index":"index","follow":"follow","max-snippet":"max-snippet:-1","max-image-preview":"max-image-preview:large","max-video-preview":"max-video-preview:-1"},"canonical":"https:\/\/www.purejewels.com\/tr\/urun\/22-ayar-gundogumu-altin-rozet-celenk-bileklik-53220\/","og_locale":"tr_TR","og_type":"article","og_title":"Discover the 22ct Sunrise Gold Rosette Garland Bracelet","og_description":"Shop the 22ct Sunrise Gold Rosette Garland Bracelet featuring delicate cascading rosette motifs. Crafted in radiant 22ct gold for elegant everyday wear and special occasions.","og_url":"https:\/\/www.purejewels.com\/tr\/urun\/22-ayar-gundogumu-altin-rozet-celenk-bileklik-53220\/","og_site_name":"PureJewels UK","article_modified_time":"2026-03-23T07:14:14+00:00","og_image":[{"width":1000,"height":1000,"url":"https:\/\/static.purejewels.com\/wp-content\/uploads\/2026\/03\/SKU-53220-TOP-SIDE.jpg","type":"image\/jpeg"}],"twitter_card":"summary_large_image","twitter_misc":{"Tahmini okuma s\u00fcresi":"2 dakika"},"schema":{"@context":"https:\/\/schema.org","@graph":[{"@type":["WebPage","ItemPage"],"@id":"https:\/\/www.purejewels.com\/product\/22ct-sunrise-gold-rosette-garland-bracelet-53220\/","url":"https:\/\/www.purejewels.com\/product\/22ct-sunrise-gold-rosette-garland-bracelet-53220\/","name":"22 Ayar Sunrise Alt\u0131n Rozet Garland Bilezi\u011fi ke\u015ffedin","isPartOf":{"@id":"https:\/\/www.purejewels.com\/#website"},"primaryImageOfPage":{"@id":"https:\/\/www.purejewels.com\/product\/22ct-sunrise-gold-rosette-garland-bracelet-53220\/#primaryimage"},"image":{"@id":"https:\/\/www.purejewels.com\/product\/22ct-sunrise-gold-rosette-garland-bracelet-53220\/#primaryimage"},"thumbnailUrl":"https:\/\/static.purejewels.com\/wp-content\/uploads\/2026\/03\/SKU-53220-TOP-SIDE.jpg","datePublished":"2026-01-13T12:16:04+00:00","dateModified":"2026-03-23T07:14:14+00:00","description":"Narin basamakl\u0131 rozet motiflerine sahip 22 ayar Sunrise Alt\u0131n Rozet Garland Bilezi\u011fi sat\u0131n al\u0131n. Zarif g\u00fcnl\u00fck kullan\u0131m ve \u00f6zel g\u00fcnler i\u00e7in \u0131\u015f\u0131lt\u0131l\u0131 22 ayar alt\u0131ndan \u00fcretilmi\u015ftir.","breadcrumb":{"@id":"https:\/\/www.purejewels.com\/product\/22ct-sunrise-gold-rosette-garland-bracelet-53220\/#breadcrumb"},"inLanguage":"tr","potentialAction":[{"@type":"ReadAction","target":["https:\/\/www.purejewels.com\/product\/22ct-sunrise-gold-rosette-garland-bracelet-53220\/"]}]},{"@type":"ImageObject","inLanguage":"tr","@id":"https:\/\/www.purejewels.com\/product\/22ct-sunrise-gold-rosette-garland-bracelet-53220\/#primaryimage","url":"https:\/\/static.purejewels.com\/wp-content\/uploads\/2026\/03\/SKU-53220-TOP-SIDE.jpg","contentUrl":"https:\/\/static.purejewels.com\/wp-content\/uploads\/2026\/03\/SKU-53220-TOP-SIDE.jpg","width":1000,"height":1000,"caption":"Stacked from 10 images. Method=B (R=8,S=4)"},{"@type":"BreadcrumbList","@id":"https:\/\/www.purejewels.com\/product\/22ct-sunrise-gold-rosette-garland-bracelet-53220\/#breadcrumb","itemListElement":[{"@type":"ListItem","position":1,"name":"Home","item":"https:\/\/www.purejewels.com\/"},{"@type":"ListItem","position":2,"name":"Shop","item":"https:\/\/www.purejewels.com\/shop\/"},{"@type":"ListItem","position":3,"name":"22ct Sunrise Gold Rosette Garland Bracelet"}]},{"@type":"WebSite","@id":"https:\/\/www.purejewels.com\/#website","url":"https:\/\/www.purejewels.com\/","name":"PureJewels \u0130ngiltere","description":"Sevgiyi Payla\u015f\u0131n","publisher":{"@id":"https:\/\/www.purejewels.com\/#organization"},"potentialAction":[{"@type":"SearchAction","target":{"@type":"EntryPoint","urlTemplate":"https:\/\/www.purejewels.com\/?s={search_term_string}"},"query-input":{"@type":"PropertyValueSpecification","valueRequired":true,"valueName":"search_term_string"}}],"inLanguage":"tr"},{"@type":"Organization","@id":"https:\/\/www.purejewels.com\/#organization","name":"PureJewels \u0130ngiltere","url":"https:\/\/www.purejewels.com\/","logo":{"@type":"ImageObject","inLanguage":"tr","@id":"https:\/\/www.purejewels.com\/#\/schema\/logo\/image\/","url":"https:\/\/static.purejewels.com\/wp-content\/uploads\/2020\/11\/Logo-PJ-New-1.png","contentUrl":"https:\/\/static.purejewels.com\/wp-content\/uploads\/2020\/11\/Logo-PJ-New-1.png","width":150,"height":80,"caption":"PureJewels UK"},"image":{"@id":"https:\/\/www.purejewels.com\/#\/schema\/logo\/image\/"}}]}},"_links":{"self":[{"href":"https:\/\/www.purejewels.com\/tr\/wp-json\/wp\/v2\/product\/427083","targetHints":{"allow":["GET"]}}],"collection":[{"href":"https:\/\/www.purejewels.com\/tr\/wp-json\/wp\/v2\/product"}],"about":[{"href":"https:\/\/www.purejewels.com\/tr\/wp-json\/wp\/v2\/types\/product"}],"replies":[{"embeddable":true,"href":"https:\/\/www.purejewels.com\/tr\/wp-json\/wp\/v2\/comments?post=427083"}],"version-history":[{"count":1,"href":"https:\/\/www.purejewels.com\/tr\/wp-json\/wp\/v2\/product\/427083\/revisions"}],"predecessor-version":[{"id":427204,"href":"https:\/\/www.purejewels.com\/tr\/wp-json\/wp\/v2\/product\/427083\/revisions\/427204"}],"wp:featuredmedia":[{"embeddable":true,"href":"https:\/\/www.purejewels.com\/tr\/wp-json\/wp\/v2\/media\/427203"}],"wp:attachment":[{"href":"https:\/\/www.purejewels.com\/tr\/wp-json\/wp\/v2\/media?parent=427083"}],"wp:term":[{"taxonomy":"product_brand","embeddable":true,"href":"https:\/\/www.purejewels.com\/tr\/wp-json\/wp\/v2\/product_brand?post=427083"},{"taxonomy":"product_cat","embeddable":true,"href":"https:\/\/www.purejewels.com\/tr\/wp-json\/wp\/v2\/product_cat?post=427083"},{"taxonomy":"product_tag","embeddable":true,"href":"https:\/\/www.purejewels.com\/tr\/wp-json\/wp\/v2\/product_tag?post=427083"}],"curies":[{"name":"wp","href":"https:\/\/api.w.org\/{rel}","templated":true}]}}