{"id":427109,"date":"2026-01-16T04:17:46","date_gmt":"2026-01-16T04:17:46","guid":{"rendered":"https:\/\/www.purejewels.com\/?post_type=product&#038;p=427109"},"modified":"2026-04-28T13:53:02","modified_gmt":"2026-04-28T12:53:02","slug":"22-ayar-altin-yuvarlak-cicekli-citcit-54624","status":"publish","type":"product","link":"https:\/\/www.purejewels.com\/tr\/product\/22ct-gold-round-floral-studs-54624\/","title":{"rendered":"22 Ayar Alt\u0131n Yuvarlak \u00c7i\u00e7ekli \u00c7\u0131t\u00e7\u0131t"},"content":{"rendered":"<p><strong>Tasar\u0131m Konsepti<\/strong><\/p>\n<p>Do\u011fan\u0131n zamans\u0131z g\u00fczelli\u011finden ilham alan bu 22 Ayar Alt\u0131n Yuvarlak \u00c7i\u00e7ekli Saplama K\u00fcpeler, uyumlu bir dairesel formda d\u00fczenlenmi\u015f narin bir \u00e7i\u00e7ek motifine sahiptir. Her bir ta\u00e7 yapra\u011f\u0131 benzeri detay, parlat\u0131lm\u0131\u015f bir merkezden yay\u0131larak a\u00e7an bir \u00e7i\u00e7e\u011fin zarafetini yans\u0131tan dengeli bir tasar\u0131m olu\u015fturur. Yuvarlak siluet klasik bir estetik sunarken, karma\u015f\u0131k desen derinlik ve doku katarak k\u00fcpeleri hem zarif hem de ay\u0131rt edici k\u0131l\u0131yor.<\/p>\n<p>\u00c7i\u00e7eklerden al\u0131nan ilham, miras m\u00fccevher tasar\u0131mlar\u0131nda s\u0131kl\u0131kla rastlanan do\u011fal motifleri yans\u0131tarak g\u00fczelli\u011fi, b\u00fcy\u00fcmeyi ve zamans\u0131z kad\u0131ns\u0131l\u0131\u011f\u0131 simgeliyor.<\/p>\n<p><strong>Zanaatkarl\u0131k<\/strong><\/p>\n<p>Zengin 22 ayar alt\u0131ndan \u00fcretilen bu k\u00fcpeler, yaln\u0131zca y\u00fcksek safl\u0131ktaki alt\u0131n\u0131n sunabilece\u011fi s\u0131cakl\u0131\u011f\u0131 ve parlakl\u0131\u011f\u0131 sergiliyor. Tasar\u0131m, her bir ta\u00e7 yapra\u011f\u0131 boyunca ince ayr\u0131nt\u0131lar\u0131 vurgulayarak dokulu y\u00fczey ve cilal\u0131 merkez boyunca ince bir \u0131\u015f\u0131k etkile\u015fimi yarat\u0131r.<\/p>\n<p>Her bir \u00e7ift, g\u00fcnl\u00fck kullan\u0131m i\u00e7in rahatl\u0131k, denge ve dayan\u0131kl\u0131l\u0131k sa\u011flamak \u00fczere \u00f6zenle tamamlanm\u0131\u015ft\u0131r. Orijinallik damgas\u0131 ta\u015f\u0131yan k\u00fcpeler, kaliteli 22 ayar alt\u0131n tak\u0131lar\u0131n g\u00fcvenilir i\u015f\u00e7ili\u011fini ve gelene\u011fini yans\u0131tmaktad\u0131r.<\/p>\n<p><strong>Stil Fikirleri<\/strong><\/p>\n<p>Bu \u00e7i\u00e7ekli alt\u0131n k\u00fcpeler son derece \u00e7ok y\u00f6nl\u00fcd\u00fcr ve hem geleneksel hem de modern stilleri tamamlayabilir.<\/p>\n<ul>\n<li>G\u00fcnl\u00fck \u015f\u0131kl\u0131k: Zarif bir g\u00fcnl\u00fck g\u00f6r\u00fcn\u00fcm i\u00e7in sade bir alt\u0131n zincir veya kolye ucu ile e\u015fle\u015ftirin.<\/li>\n<li>Geleneksel g\u00fcnler: 22ct alt\u0131n tak\u0131lar\u0131n zenginli\u011fini artt\u0131rmak i\u00e7in sare, lehenga veya bayram k\u0131yafetleri gibi etnik k\u0131yafetlerle stilize edin.<\/li>\n<li>Katmanl\u0131 alt\u0131n stil: Uyumlu bir tak\u0131 toplulu\u011fu i\u00e7in alt\u0131n bilezikler veya g\u00f6steri\u015fli bir y\u00fcz\u00fckle kombinleyin.<\/li>\n<li>D\u00fc\u015f\u00fcnceli hediye: Zamans\u0131z \u00e7i\u00e7ek tasar\u0131mlar\u0131, onlar\u0131 do\u011fum g\u00fcnleri, kutlamalar veya anlaml\u0131 d\u00f6n\u00fcm noktalar\u0131 i\u00e7in g\u00fczel bir hediye haline getirir<\/li>\n<\/ul>","protected":false},"excerpt":{"rendered":"<p>Narin ve zamans\u0131z bu 22 ayar alt\u0131n yuvarlak \u00e7i\u00e7ekli k\u00fcpeler, karma\u015f\u0131k detaylara sahip zarif bir \u00e7i\u00e7ek esintili tasar\u0131ma sahiptir. Zengin 22 ayar alt\u0131ndan \u00fcretilen bu k\u00fcpeler, g\u00fcnl\u00fck kullan\u0131m i\u00e7in veya anlaml\u0131 bir hediye olarak m\u00fckemmeldir ve her m\u00fccevher koleksiyonuna klasik cazibenin ince bir dokunu\u015funu ekler.<\/p>\n<p><strong>Malzeme:<\/strong>\u00a022 Ayar Alt\u0131n<br \/>\n<strong>Safl\u0131k:<\/strong>\u00a091.6% saf<br \/>\n<strong>Hallmark:<\/strong>\u00a0\u0130ngiliz Damgas\u0131<strong><br \/>\n<\/strong><strong>Br\u00fct A\u011f\u0131rl\u0131k: <\/strong>1.3 Gms<br \/>\n<strong>Geni\u015flik:<\/strong> 7 mm<br \/>\n<strong>SKU:<\/strong> 54624<\/p>\n<p><strong>Fiyat ve Teslimat<\/strong>: KDV ve teslimat \u00fccreti dahil<br \/>\n<a href=\"https:\/\/www.purejewels.com\/tr\/i%cc%87ade-poli%cc%87ti%cc%87kasi\/\">\u0130ade Politikas\u0131<\/a><\/p>","protected":false},"featured_media":428095,"comment_status":"closed","ping_status":"closed","template":"","meta":{"_eb_attr":"","_crsspst_to_jayantr4sg-hostcom":true},"product_brand":[],"product_cat":[236,1793,1792,1790,1254,252,5611,5343,1570,5338,1577,1574,5349],"product_tag":[66],"class_list":{"0":"post-427109","1":"product","2":"type-product","3":"status-publish","4":"has-post-thumbnail","6":"product_cat-collections","7":"product_cat-diwali-gifts","8":"product_cat-festival-gifts","9":"product_cat-for-whom-when","10":"product_cat-gold-earrings","11":"product_cat-jali-collections","12":"product_cat-jali-earrings","13":"product_cat-jewellery-under-550","14":"product_cat-mothers-day-gifts","15":"product_cat-shop-by-price","16":"product_cat-stud-earrings","17":"product_cat-womens-jewellery","18":"product_cat-yellow-gold-jewellery","19":"product_tag-earrings","21":"first","22":"instock","23":"taxable","24":"shipping-taxable","25":"purchasable","26":"product-type-simple","27":"add-to-wishlist-before_image"},"yoast_head":"<!-- This site is optimized with the Yoast SEO plugin v27.5 - https:\/\/yoast.com\/product\/yoast-seo-wordpress\/ -->\n<title>Shop Elegant 22ct Gold Floral Stud Earrings \u2013 Classic Gold Studs<\/title>\n<meta name=\"description\" content=\"Discover beautifully crafted 22ct gold round floral stud earrings. A timeless everyday gold jewellery piece designed with delicate floral detailing and radiant 22ct gold purity.\" \/>\n<meta name=\"robots\" content=\"index, follow, max-snippet:-1, max-image-preview:large, max-video-preview:-1\" \/>\n<link rel=\"canonical\" href=\"https:\/\/www.purejewels.com\/tr\/urun\/22-ayar-altin-yuvarlak-cicekli-citcit-54624\/\" \/>\n<meta property=\"og:locale\" content=\"tr_TR\" \/>\n<meta property=\"og:type\" content=\"article\" \/>\n<meta property=\"og:title\" content=\"Shop Elegant 22ct Gold Floral Stud Earrings \u2013 Classic Gold Studs\" \/>\n<meta property=\"og:description\" content=\"Discover beautifully crafted 22ct gold round floral stud earrings. A timeless everyday gold jewellery piece designed with delicate floral detailing and radiant 22ct gold purity.\" \/>\n<meta property=\"og:url\" content=\"https:\/\/www.purejewels.com\/tr\/urun\/22-ayar-altin-yuvarlak-cicekli-citcit-54624\/\" \/>\n<meta property=\"og:site_name\" content=\"PureJewels UK\" \/>\n<meta property=\"article:modified_time\" content=\"2026-04-28T12:53:02+00:00\" \/>\n<meta property=\"og:image\" content=\"https:\/\/static.purejewels.com\/wp-content\/uploads\/2026\/01\/SKU-JWERSTSG001W7-PAIR.jpg\" \/>\n\t<meta property=\"og:image:width\" content=\"1000\" \/>\n\t<meta property=\"og:image:height\" content=\"1000\" \/>\n\t<meta property=\"og:image:type\" content=\"image\/jpeg\" \/>\n<meta name=\"twitter:card\" content=\"summary_large_image\" \/>\n<meta name=\"twitter:label1\" content=\"Tahmini okuma s\u00fcresi\" \/>\n\t<meta name=\"twitter:data1\" content=\"2 dakika\" \/>\n<script type=\"application\/ld+json\" class=\"yoast-schema-graph\">{\"@context\":\"https:\\\/\\\/schema.org\",\"@graph\":[{\"@type\":[\"WebPage\",\"ItemPage\"],\"@id\":\"https:\\\/\\\/www.purejewels.com\\\/product\\\/22ct-gold-round-floral-studs-54624\\\/\",\"url\":\"https:\\\/\\\/www.purejewels.com\\\/product\\\/22ct-gold-round-floral-studs-54624\\\/\",\"name\":\"Shop Elegant 22ct Gold Floral Stud Earrings \u2013 Classic Gold Studs\",\"isPartOf\":{\"@id\":\"https:\\\/\\\/www.purejewels.com\\\/#website\"},\"primaryImageOfPage\":{\"@id\":\"https:\\\/\\\/www.purejewels.com\\\/product\\\/22ct-gold-round-floral-studs-54624\\\/#primaryimage\"},\"image\":{\"@id\":\"https:\\\/\\\/www.purejewels.com\\\/product\\\/22ct-gold-round-floral-studs-54624\\\/#primaryimage\"},\"thumbnailUrl\":\"https:\\\/\\\/static.purejewels.com\\\/wp-content\\\/uploads\\\/2026\\\/01\\\/SKU-JWERSTSG001W7-PAIR.jpg\",\"datePublished\":\"2026-01-16T04:17:46+00:00\",\"dateModified\":\"2026-04-28T12:53:02+00:00\",\"description\":\"Discover beautifully crafted 22ct gold round floral stud earrings. A timeless everyday gold jewellery piece designed with delicate floral detailing and radiant 22ct gold purity.\",\"breadcrumb\":{\"@id\":\"https:\\\/\\\/www.purejewels.com\\\/product\\\/22ct-gold-round-floral-studs-54624\\\/#breadcrumb\"},\"inLanguage\":\"tr\",\"potentialAction\":[{\"@type\":\"ReadAction\",\"target\":[\"https:\\\/\\\/www.purejewels.com\\\/product\\\/22ct-gold-round-floral-studs-54624\\\/\"]}]},{\"@type\":\"ImageObject\",\"inLanguage\":\"tr\",\"@id\":\"https:\\\/\\\/www.purejewels.com\\\/product\\\/22ct-gold-round-floral-studs-54624\\\/#primaryimage\",\"url\":\"https:\\\/\\\/static.purejewels.com\\\/wp-content\\\/uploads\\\/2026\\\/01\\\/SKU-JWERSTSG001W7-PAIR.jpg\",\"contentUrl\":\"https:\\\/\\\/static.purejewels.com\\\/wp-content\\\/uploads\\\/2026\\\/01\\\/SKU-JWERSTSG001W7-PAIR.jpg\",\"width\":1000,\"height\":1000},{\"@type\":\"BreadcrumbList\",\"@id\":\"https:\\\/\\\/www.purejewels.com\\\/product\\\/22ct-gold-round-floral-studs-54624\\\/#breadcrumb\",\"itemListElement\":[{\"@type\":\"ListItem\",\"position\":1,\"name\":\"Home\",\"item\":\"https:\\\/\\\/www.purejewels.com\\\/\"},{\"@type\":\"ListItem\",\"position\":2,\"name\":\"Shop\",\"item\":\"https:\\\/\\\/www.purejewels.com\\\/shop\\\/\"},{\"@type\":\"ListItem\",\"position\":3,\"name\":\"22ct Gold Round Floral Studs\"}]},{\"@type\":\"WebSite\",\"@id\":\"https:\\\/\\\/www.purejewels.com\\\/#website\",\"url\":\"https:\\\/\\\/www.purejewels.com\\\/\",\"name\":\"PureJewels UK\",\"description\":\"Share the Love\",\"publisher\":{\"@id\":\"https:\\\/\\\/www.purejewels.com\\\/#organization\"},\"potentialAction\":[{\"@type\":\"SearchAction\",\"target\":{\"@type\":\"EntryPoint\",\"urlTemplate\":\"https:\\\/\\\/www.purejewels.com\\\/?s={search_term_string}\"},\"query-input\":{\"@type\":\"PropertyValueSpecification\",\"valueRequired\":true,\"valueName\":\"search_term_string\"}}],\"inLanguage\":\"tr\"},{\"@type\":\"Organization\",\"@id\":\"https:\\\/\\\/www.purejewels.com\\\/#organization\",\"name\":\"PureJewels UK\",\"url\":\"https:\\\/\\\/www.purejewels.com\\\/\",\"logo\":{\"@type\":\"ImageObject\",\"inLanguage\":\"tr\",\"@id\":\"https:\\\/\\\/www.purejewels.com\\\/#\\\/schema\\\/logo\\\/image\\\/\",\"url\":\"https:\\\/\\\/static.purejewels.com\\\/wp-content\\\/uploads\\\/2020\\\/11\\\/Logo-PJ-New-1.png\",\"contentUrl\":\"https:\\\/\\\/static.purejewels.com\\\/wp-content\\\/uploads\\\/2020\\\/11\\\/Logo-PJ-New-1.png\",\"width\":150,\"height\":80,\"caption\":\"PureJewels UK\"},\"image\":{\"@id\":\"https:\\\/\\\/www.purejewels.com\\\/#\\\/schema\\\/logo\\\/image\\\/\"}}]}<\/script>\n<!-- \/ Yoast SEO plugin. -->","yoast_head_json":{"title":"Zarif 22 Ayar Alt\u0131n \u00c7i\u00e7ekli Saplama K\u00fcpe Al\u0131\u015fveri\u015fi - Klasik Alt\u0131n Saplamalar","description":"G\u00fczelce i\u015flenmi\u015f 22 ayar alt\u0131n yuvarlak \u00e7i\u00e7ekli k\u00fcpeleri ke\u015ffedin. Narin \u00e7i\u00e7ek detaylar\u0131 ve \u0131\u015f\u0131lt\u0131l\u0131 22 ayar alt\u0131n safl\u0131\u011f\u0131yla tasarlanm\u0131\u015f zamans\u0131z bir g\u00fcnl\u00fck alt\u0131n tak\u0131 par\u00e7as\u0131.","robots":{"index":"index","follow":"follow","max-snippet":"max-snippet:-1","max-image-preview":"max-image-preview:large","max-video-preview":"max-video-preview:-1"},"canonical":"https:\/\/www.purejewels.com\/tr\/urun\/22-ayar-altin-yuvarlak-cicekli-citcit-54624\/","og_locale":"tr_TR","og_type":"article","og_title":"Shop Elegant 22ct Gold Floral Stud Earrings \u2013 Classic Gold Studs","og_description":"Discover beautifully crafted 22ct gold round floral stud earrings. A timeless everyday gold jewellery piece designed with delicate floral detailing and radiant 22ct gold purity.","og_url":"https:\/\/www.purejewels.com\/tr\/urun\/22-ayar-altin-yuvarlak-cicekli-citcit-54624\/","og_site_name":"PureJewels UK","article_modified_time":"2026-04-28T12:53:02+00:00","og_image":[{"width":1000,"height":1000,"url":"https:\/\/static.purejewels.com\/wp-content\/uploads\/2026\/01\/SKU-JWERSTSG001W7-PAIR.jpg","type":"image\/jpeg"}],"twitter_card":"summary_large_image","twitter_misc":{"Tahmini okuma s\u00fcresi":"2 dakika"},"schema":{"@context":"https:\/\/schema.org","@graph":[{"@type":["WebPage","ItemPage"],"@id":"https:\/\/www.purejewels.com\/product\/22ct-gold-round-floral-studs-54624\/","url":"https:\/\/www.purejewels.com\/product\/22ct-gold-round-floral-studs-54624\/","name":"Zarif 22 Ayar Alt\u0131n \u00c7i\u00e7ekli Saplama K\u00fcpe Al\u0131\u015fveri\u015fi - Klasik Alt\u0131n Saplamalar","isPartOf":{"@id":"https:\/\/www.purejewels.com\/#website"},"primaryImageOfPage":{"@id":"https:\/\/www.purejewels.com\/product\/22ct-gold-round-floral-studs-54624\/#primaryimage"},"image":{"@id":"https:\/\/www.purejewels.com\/product\/22ct-gold-round-floral-studs-54624\/#primaryimage"},"thumbnailUrl":"https:\/\/static.purejewels.com\/wp-content\/uploads\/2026\/01\/SKU-JWERSTSG001W7-PAIR.jpg","datePublished":"2026-01-16T04:17:46+00:00","dateModified":"2026-04-28T12:53:02+00:00","description":"G\u00fczelce i\u015flenmi\u015f 22 ayar alt\u0131n yuvarlak \u00e7i\u00e7ekli k\u00fcpeleri ke\u015ffedin. Narin \u00e7i\u00e7ek detaylar\u0131 ve \u0131\u015f\u0131lt\u0131l\u0131 22 ayar alt\u0131n safl\u0131\u011f\u0131yla tasarlanm\u0131\u015f zamans\u0131z bir g\u00fcnl\u00fck alt\u0131n tak\u0131 par\u00e7as\u0131.","breadcrumb":{"@id":"https:\/\/www.purejewels.com\/product\/22ct-gold-round-floral-studs-54624\/#breadcrumb"},"inLanguage":"tr","potentialAction":[{"@type":"ReadAction","target":["https:\/\/www.purejewels.com\/product\/22ct-gold-round-floral-studs-54624\/"]}]},{"@type":"ImageObject","inLanguage":"tr","@id":"https:\/\/www.purejewels.com\/product\/22ct-gold-round-floral-studs-54624\/#primaryimage","url":"https:\/\/static.purejewels.com\/wp-content\/uploads\/2026\/01\/SKU-JWERSTSG001W7-PAIR.jpg","contentUrl":"https:\/\/static.purejewels.com\/wp-content\/uploads\/2026\/01\/SKU-JWERSTSG001W7-PAIR.jpg","width":1000,"height":1000},{"@type":"BreadcrumbList","@id":"https:\/\/www.purejewels.com\/product\/22ct-gold-round-floral-studs-54624\/#breadcrumb","itemListElement":[{"@type":"ListItem","position":1,"name":"Home","item":"https:\/\/www.purejewels.com\/"},{"@type":"ListItem","position":2,"name":"Shop","item":"https:\/\/www.purejewels.com\/shop\/"},{"@type":"ListItem","position":3,"name":"22ct Gold Round Floral Studs"}]},{"@type":"WebSite","@id":"https:\/\/www.purejewels.com\/#website","url":"https:\/\/www.purejewels.com\/","name":"PureJewels \u0130ngiltere","description":"Sevgiyi Payla\u015f\u0131n","publisher":{"@id":"https:\/\/www.purejewels.com\/#organization"},"potentialAction":[{"@type":"SearchAction","target":{"@type":"EntryPoint","urlTemplate":"https:\/\/www.purejewels.com\/?s={search_term_string}"},"query-input":{"@type":"PropertyValueSpecification","valueRequired":true,"valueName":"search_term_string"}}],"inLanguage":"tr"},{"@type":"Organization","@id":"https:\/\/www.purejewels.com\/#organization","name":"PureJewels \u0130ngiltere","url":"https:\/\/www.purejewels.com\/","logo":{"@type":"ImageObject","inLanguage":"tr","@id":"https:\/\/www.purejewels.com\/#\/schema\/logo\/image\/","url":"https:\/\/static.purejewels.com\/wp-content\/uploads\/2020\/11\/Logo-PJ-New-1.png","contentUrl":"https:\/\/static.purejewels.com\/wp-content\/uploads\/2020\/11\/Logo-PJ-New-1.png","width":150,"height":80,"caption":"PureJewels UK"},"image":{"@id":"https:\/\/www.purejewels.com\/#\/schema\/logo\/image\/"}}]}},"_links":{"self":[{"href":"https:\/\/www.purejewels.com\/tr\/wp-json\/wp\/v2\/product\/427109","targetHints":{"allow":["GET"]}}],"collection":[{"href":"https:\/\/www.purejewels.com\/tr\/wp-json\/wp\/v2\/product"}],"about":[{"href":"https:\/\/www.purejewels.com\/tr\/wp-json\/wp\/v2\/types\/product"}],"replies":[{"embeddable":true,"href":"https:\/\/www.purejewels.com\/tr\/wp-json\/wp\/v2\/comments?post=427109"}],"version-history":[{"count":1,"href":"https:\/\/www.purejewels.com\/tr\/wp-json\/wp\/v2\/product\/427109\/revisions"}],"predecessor-version":[{"id":427110,"href":"https:\/\/www.purejewels.com\/tr\/wp-json\/wp\/v2\/product\/427109\/revisions\/427110"}],"wp:featuredmedia":[{"embeddable":true,"href":"https:\/\/www.purejewels.com\/tr\/wp-json\/wp\/v2\/media\/428095"}],"wp:attachment":[{"href":"https:\/\/www.purejewels.com\/tr\/wp-json\/wp\/v2\/media?parent=427109"}],"wp:term":[{"taxonomy":"product_brand","embeddable":true,"href":"https:\/\/www.purejewels.com\/tr\/wp-json\/wp\/v2\/product_brand?post=427109"},{"taxonomy":"product_cat","embeddable":true,"href":"https:\/\/www.purejewels.com\/tr\/wp-json\/wp\/v2\/product_cat?post=427109"},{"taxonomy":"product_tag","embeddable":true,"href":"https:\/\/www.purejewels.com\/tr\/wp-json\/wp\/v2\/product_tag?post=427109"}],"curies":[{"name":"wp","href":"https:\/\/api.w.org\/{rel}","templated":true}]}}