{"id":427123,"date":"2026-01-16T05:05:48","date_gmt":"2026-01-16T05:05:48","guid":{"rendered":"https:\/\/www.purejewels.com\/?post_type=product&#038;p=427123"},"modified":"2026-05-08T11:51:13","modified_gmt":"2026-05-08T10:51:13","slug":"22-ayar-altin-mini-cicekli-saplama-kupe-54742","status":"publish","type":"product","link":"https:\/\/www.purejewels.com\/tr\/product\/22ct-gold-mini-floral-stud-earrings-54742\/","title":{"rendered":"22 Ayar Alt\u0131n Mini \u00c7i\u00e7ekli Saplama K\u00fcpe"},"content":{"rendered":"<p><strong>Tasar\u0131m Konsepti<\/strong><\/p>\n<p>A\u00e7an \u00e7i\u00e7eklerin g\u00fczelli\u011finden ilham alan 22 Ayar Alt\u0131n Mini Floral Saplama K\u00fcpe, dengeli dairesel bir tasar\u0131mda d\u00fczenlenmi\u015f narin bir \u00e7i\u00e7ek motifine sahiptir. Her bir ta\u00e7 yapra\u011f\u0131 benzeri unsur, ince detayl\u0131 bir merkezi \u00e7evreleyerek zamans\u0131z zarafeti yans\u0131tan zarif bir desen olu\u015fturur. Mini boyutu, bu k\u00fcpelere zarif ve abart\u0131s\u0131z bir g\u00f6r\u00fcn\u00fcm kazand\u0131rarak ince ama sofistike alt\u0131n tak\u0131lara de\u011fer verenler i\u00e7in m\u00fckemmel bir se\u00e7im olmas\u0131n\u0131 sa\u011fl\u0131yor.<\/p>\n<p><strong>Zanaatkarl\u0131k<\/strong><\/p>\n<p>Y\u00fcksek safl\u0131kta 22 ayar alt\u0131ndan ustal\u0131kla \u00fcretilen bu k\u00fcpeler, her bir ta\u00e7 yapra\u011f\u0131 ve merkezi motif boyunca ince detaylar sergiliyor. Dokulu unsurlar ve cilal\u0131 y\u00fczeylerin birle\u015fimi, alt\u0131n\u0131n zengin s\u0131cakl\u0131\u011f\u0131n\u0131 vurgulayarak hafif bir \u0131\u015f\u0131k oyunu yarat\u0131r. Her bir \u00e7ift, g\u00fcnl\u00fck kullan\u0131mda rahatl\u0131k ve dayan\u0131kl\u0131l\u0131k sa\u011flamak i\u00e7in \u00f6zenle tamamlanm\u0131\u015ft\u0131r. Orijinallik damgas\u0131 ta\u015f\u0131yan k\u00fcpeler, kaliteli 22 ayar alt\u0131n tak\u0131lar\u0131n g\u00fcvenilir i\u015f\u00e7ili\u011fini yans\u0131tmaktad\u0131r.<\/p>\n<p><strong>Stil Fikirleri<\/strong><\/p>\n<p>Bu \u00e7ok y\u00f6nl\u00fc mini \u00e7i\u00e7ekli alt\u0131n k\u00fcpeler hem modern hem de geleneksel g\u00f6r\u00fcn\u00fcmleri tamamlayabilir.<\/p>\n<ul>\n<li>G\u00fcnl\u00fck kullan\u0131m: Sade ve zarif bir g\u00fcnl\u00fck stil i\u00e7in narin bir alt\u0131n zincirle e\u015fle\u015ftirin.<\/li>\n<li>Geleneksel k\u0131yafetler: 22 ayar alt\u0131n tak\u0131lar\u0131n s\u0131cakl\u0131\u011f\u0131n\u0131 art\u0131rmak i\u00e7in sare veya bayram k\u0131yafetleriyle m\u00fckemmel uyum sa\u011flar.<\/li>\n<li>Katmanl\u0131 tak\u0131lar: Koordineli bir alt\u0131n g\u00f6r\u00fcn\u00fcm i\u00e7in alt\u0131n bilezik veya y\u00fcz\u00fcklerle kombinleyin.<\/li>\n<li>D\u00fc\u015f\u00fcnceli hediye: Do\u011fum g\u00fcnleri, kutlamalar veya anlaml\u0131 d\u00f6n\u00fcm noktalar\u0131 i\u00e7in g\u00fczel bir hediye se\u00e7ene\u011fi.<\/li>\n<\/ul>","protected":false},"excerpt":{"rendered":"<p>Zarif ve narin bu 22 Ayar Alt\u0131n Mini \u00c7i\u00e7ekli Saplama K\u00fcpeler, ince detayl\u0131 yapraklar\u0131 ve parlat\u0131lm\u0131\u015f merkeziyle \u00e7i\u00e7eklerden ilham alan b\u00fcy\u00fcleyici bir tasar\u0131ma sahiptir. I\u015f\u0131lt\u0131l\u0131 22 ayar alt\u0131ndan \u00fcretilen bu k\u00fcpeler, g\u00fcnl\u00fck \u015f\u0131kl\u0131k i\u00e7in m\u00fckemmel olan ince ama zamans\u0131z bir g\u00f6r\u00fcn\u00fcm sunar.<\/p>\n<p><strong>Malzeme:<\/strong>\u00a022 Ayar Alt\u0131n<br \/>\n<strong>Safl\u0131k:<\/strong>\u00a091.6% saf<br \/>\n<strong>Hallmark:<\/strong>\u00a0\u0130ngiliz Damgas\u0131<strong><br \/>\n<\/strong><strong>Br\u00fct A\u011f\u0131rl\u0131k: <\/strong>1.26 Gms<br \/>\n<strong>Geni\u015flik:<\/strong> 5 mm<br \/>\n<strong>SKU:<\/strong> 54742, 54741, 54738, 54736, 54632<\/p>\n<p><strong>Fiyat ve Teslimat<\/strong>: KDV ve teslimat \u00fccreti dahil<br \/>\n<a href=\"https:\/\/www.purejewels.com\/tr\/i%cc%87ade-poli%cc%87ti%cc%87kasi\/\">\u0130ade Politikas\u0131<\/a><\/p>","protected":false},"featured_media":427119,"comment_status":"closed","ping_status":"closed","template":"","meta":{"_eb_attr":"","_crsspst_to_jayantr4sg-hostcom":true},"product_brand":[],"product_cat":[236,1793,1792,1790,1254,252,5611,5343,1570,1577,1574,5349],"product_tag":[66],"class_list":{"0":"post-427123","1":"product","2":"type-product","3":"status-publish","4":"has-post-thumbnail","6":"product_cat-collections","7":"product_cat-diwali-gifts","8":"product_cat-festival-gifts","9":"product_cat-for-whom-when","10":"product_cat-gold-earrings","11":"product_cat-jali-collections","12":"product_cat-jali-earrings","13":"product_cat-jewellery-under-550","14":"product_cat-mothers-day-gifts","15":"product_cat-stud-earrings","16":"product_cat-womens-jewellery","17":"product_cat-yellow-gold-jewellery","18":"product_tag-earrings","20":"first","21":"instock","22":"taxable","23":"shipping-taxable","24":"purchasable","25":"product-type-simple","26":"add-to-wishlist-before_image"},"yoast_head":"<!-- This site is optimized with the Yoast SEO plugin v27.5 - https:\/\/yoast.com\/product\/yoast-seo-wordpress\/ -->\n<title>Discover Delicate 22ct Gold Mini Floral Stud Earrings UK<\/title>\n<meta name=\"description\" content=\"Shop beautifully crafted 22ct gold mini floral stud earrings featuring delicate petal detailing and radiant gold brilliance. A timeless everyday gold jewellery.\" \/>\n<meta name=\"robots\" content=\"index, follow, max-snippet:-1, max-image-preview:large, max-video-preview:-1\" \/>\n<link rel=\"canonical\" href=\"https:\/\/www.purejewels.com\/tr\/urun\/22-ayar-altin-mini-cicekli-saplama-kupe-54742\/\" \/>\n<meta property=\"og:locale\" content=\"tr_TR\" \/>\n<meta property=\"og:type\" content=\"article\" \/>\n<meta property=\"og:title\" content=\"Discover Delicate 22ct Gold Mini Floral Stud Earrings UK\" \/>\n<meta property=\"og:description\" content=\"Shop beautifully crafted 22ct gold mini floral stud earrings featuring delicate petal detailing and radiant gold brilliance. A timeless everyday gold jewellery.\" \/>\n<meta property=\"og:url\" content=\"https:\/\/www.purejewels.com\/tr\/urun\/22-ayar-altin-mini-cicekli-saplama-kupe-54742\/\" \/>\n<meta property=\"og:site_name\" content=\"PureJewels UK\" \/>\n<meta property=\"article:modified_time\" content=\"2026-05-08T10:51:13+00:00\" \/>\n<meta property=\"og:image\" content=\"https:\/\/static.purejewels.com\/wp-content\/uploads\/2026\/03\/JWERSTJL125W5.jpg\" \/>\n\t<meta property=\"og:image:width\" content=\"1000\" \/>\n\t<meta property=\"og:image:height\" content=\"1000\" \/>\n\t<meta property=\"og:image:type\" content=\"image\/jpeg\" \/>\n<meta name=\"twitter:card\" content=\"summary_large_image\" \/>\n<meta name=\"twitter:label1\" content=\"Tahmini okuma s\u00fcresi\" \/>\n\t<meta name=\"twitter:data1\" content=\"2 dakika\" \/>\n<script type=\"application\/ld+json\" class=\"yoast-schema-graph\">{\"@context\":\"https:\\\/\\\/schema.org\",\"@graph\":[{\"@type\":[\"WebPage\",\"ItemPage\"],\"@id\":\"https:\\\/\\\/www.purejewels.com\\\/product\\\/22ct-gold-mini-floral-stud-earrings-54742\\\/\",\"url\":\"https:\\\/\\\/www.purejewels.com\\\/product\\\/22ct-gold-mini-floral-stud-earrings-54742\\\/\",\"name\":\"Discover Delicate 22ct Gold Mini Floral Stud Earrings UK\",\"isPartOf\":{\"@id\":\"https:\\\/\\\/www.purejewels.com\\\/#website\"},\"primaryImageOfPage\":{\"@id\":\"https:\\\/\\\/www.purejewels.com\\\/product\\\/22ct-gold-mini-floral-stud-earrings-54742\\\/#primaryimage\"},\"image\":{\"@id\":\"https:\\\/\\\/www.purejewels.com\\\/product\\\/22ct-gold-mini-floral-stud-earrings-54742\\\/#primaryimage\"},\"thumbnailUrl\":\"https:\\\/\\\/static.purejewels.com\\\/wp-content\\\/uploads\\\/2026\\\/03\\\/JWERSTJL125W5.jpg\",\"datePublished\":\"2026-01-16T05:05:48+00:00\",\"dateModified\":\"2026-05-08T10:51:13+00:00\",\"description\":\"Shop beautifully crafted 22ct gold mini floral stud earrings featuring delicate petal detailing and radiant gold brilliance. A timeless everyday gold jewellery.\",\"breadcrumb\":{\"@id\":\"https:\\\/\\\/www.purejewels.com\\\/product\\\/22ct-gold-mini-floral-stud-earrings-54742\\\/#breadcrumb\"},\"inLanguage\":\"tr\",\"potentialAction\":[{\"@type\":\"ReadAction\",\"target\":[\"https:\\\/\\\/www.purejewels.com\\\/product\\\/22ct-gold-mini-floral-stud-earrings-54742\\\/\"]}]},{\"@type\":\"ImageObject\",\"inLanguage\":\"tr\",\"@id\":\"https:\\\/\\\/www.purejewels.com\\\/product\\\/22ct-gold-mini-floral-stud-earrings-54742\\\/#primaryimage\",\"url\":\"https:\\\/\\\/static.purejewels.com\\\/wp-content\\\/uploads\\\/2026\\\/03\\\/JWERSTJL125W5.jpg\",\"contentUrl\":\"https:\\\/\\\/static.purejewels.com\\\/wp-content\\\/uploads\\\/2026\\\/03\\\/JWERSTJL125W5.jpg\",\"width\":1000,\"height\":1000,\"caption\":\"22ct Gold Petite Floral Stud Earrings\"},{\"@type\":\"BreadcrumbList\",\"@id\":\"https:\\\/\\\/www.purejewels.com\\\/product\\\/22ct-gold-mini-floral-stud-earrings-54742\\\/#breadcrumb\",\"itemListElement\":[{\"@type\":\"ListItem\",\"position\":1,\"name\":\"Home\",\"item\":\"https:\\\/\\\/www.purejewels.com\\\/\"},{\"@type\":\"ListItem\",\"position\":2,\"name\":\"Shop\",\"item\":\"https:\\\/\\\/www.purejewels.com\\\/shop\\\/\"},{\"@type\":\"ListItem\",\"position\":3,\"name\":\"22ct Gold Mini Floral Stud Earrings\"}]},{\"@type\":\"WebSite\",\"@id\":\"https:\\\/\\\/www.purejewels.com\\\/#website\",\"url\":\"https:\\\/\\\/www.purejewels.com\\\/\",\"name\":\"PureJewels UK\",\"description\":\"Share the Love\",\"publisher\":{\"@id\":\"https:\\\/\\\/www.purejewels.com\\\/#organization\"},\"potentialAction\":[{\"@type\":\"SearchAction\",\"target\":{\"@type\":\"EntryPoint\",\"urlTemplate\":\"https:\\\/\\\/www.purejewels.com\\\/?s={search_term_string}\"},\"query-input\":{\"@type\":\"PropertyValueSpecification\",\"valueRequired\":true,\"valueName\":\"search_term_string\"}}],\"inLanguage\":\"tr\"},{\"@type\":\"Organization\",\"@id\":\"https:\\\/\\\/www.purejewels.com\\\/#organization\",\"name\":\"PureJewels UK\",\"url\":\"https:\\\/\\\/www.purejewels.com\\\/\",\"logo\":{\"@type\":\"ImageObject\",\"inLanguage\":\"tr\",\"@id\":\"https:\\\/\\\/www.purejewels.com\\\/#\\\/schema\\\/logo\\\/image\\\/\",\"url\":\"https:\\\/\\\/static.purejewels.com\\\/wp-content\\\/uploads\\\/2020\\\/11\\\/Logo-PJ-New-1.png\",\"contentUrl\":\"https:\\\/\\\/static.purejewels.com\\\/wp-content\\\/uploads\\\/2020\\\/11\\\/Logo-PJ-New-1.png\",\"width\":150,\"height\":80,\"caption\":\"PureJewels UK\"},\"image\":{\"@id\":\"https:\\\/\\\/www.purejewels.com\\\/#\\\/schema\\\/logo\\\/image\\\/\"}}]}<\/script>\n<!-- \/ Yoast SEO plugin. -->","yoast_head_json":{"title":"Narin 22 Ayar Alt\u0131n Mini \u00c7i\u00e7ekli Saplama K\u00fcpe \u0130ngiltere'yi Ke\u015ffedin","description":"Narin ta\u00e7 yapra\u011f\u0131 detaylar\u0131na ve \u0131\u015f\u0131lt\u0131l\u0131 alt\u0131n parlakl\u0131\u011f\u0131na sahip, g\u00fczelce i\u015flenmi\u015f 22 ayar alt\u0131n mini \u00e7i\u00e7ek k\u00fcpeler sat\u0131n al\u0131n. Zamans\u0131z bir g\u00fcnl\u00fck alt\u0131n tak\u0131.","robots":{"index":"index","follow":"follow","max-snippet":"max-snippet:-1","max-image-preview":"max-image-preview:large","max-video-preview":"max-video-preview:-1"},"canonical":"https:\/\/www.purejewels.com\/tr\/urun\/22-ayar-altin-mini-cicekli-saplama-kupe-54742\/","og_locale":"tr_TR","og_type":"article","og_title":"Discover Delicate 22ct Gold Mini Floral Stud Earrings UK","og_description":"Shop beautifully crafted 22ct gold mini floral stud earrings featuring delicate petal detailing and radiant gold brilliance. A timeless everyday gold jewellery.","og_url":"https:\/\/www.purejewels.com\/tr\/urun\/22-ayar-altin-mini-cicekli-saplama-kupe-54742\/","og_site_name":"PureJewels UK","article_modified_time":"2026-05-08T10:51:13+00:00","og_image":[{"width":1000,"height":1000,"url":"https:\/\/static.purejewels.com\/wp-content\/uploads\/2026\/03\/JWERSTJL125W5.jpg","type":"image\/jpeg"}],"twitter_card":"summary_large_image","twitter_misc":{"Tahmini okuma s\u00fcresi":"2 dakika"},"schema":{"@context":"https:\/\/schema.org","@graph":[{"@type":["WebPage","ItemPage"],"@id":"https:\/\/www.purejewels.com\/product\/22ct-gold-mini-floral-stud-earrings-54742\/","url":"https:\/\/www.purejewels.com\/product\/22ct-gold-mini-floral-stud-earrings-54742\/","name":"Narin 22 Ayar Alt\u0131n Mini \u00c7i\u00e7ekli Saplama K\u00fcpe \u0130ngiltere'yi Ke\u015ffedin","isPartOf":{"@id":"https:\/\/www.purejewels.com\/#website"},"primaryImageOfPage":{"@id":"https:\/\/www.purejewels.com\/product\/22ct-gold-mini-floral-stud-earrings-54742\/#primaryimage"},"image":{"@id":"https:\/\/www.purejewels.com\/product\/22ct-gold-mini-floral-stud-earrings-54742\/#primaryimage"},"thumbnailUrl":"https:\/\/static.purejewels.com\/wp-content\/uploads\/2026\/03\/JWERSTJL125W5.jpg","datePublished":"2026-01-16T05:05:48+00:00","dateModified":"2026-05-08T10:51:13+00:00","description":"Narin ta\u00e7 yapra\u011f\u0131 detaylar\u0131na ve \u0131\u015f\u0131lt\u0131l\u0131 alt\u0131n parlakl\u0131\u011f\u0131na sahip, g\u00fczelce i\u015flenmi\u015f 22 ayar alt\u0131n mini \u00e7i\u00e7ek k\u00fcpeler sat\u0131n al\u0131n. Zamans\u0131z bir g\u00fcnl\u00fck alt\u0131n tak\u0131.","breadcrumb":{"@id":"https:\/\/www.purejewels.com\/product\/22ct-gold-mini-floral-stud-earrings-54742\/#breadcrumb"},"inLanguage":"tr","potentialAction":[{"@type":"ReadAction","target":["https:\/\/www.purejewels.com\/product\/22ct-gold-mini-floral-stud-earrings-54742\/"]}]},{"@type":"ImageObject","inLanguage":"tr","@id":"https:\/\/www.purejewels.com\/product\/22ct-gold-mini-floral-stud-earrings-54742\/#primaryimage","url":"https:\/\/static.purejewels.com\/wp-content\/uploads\/2026\/03\/JWERSTJL125W5.jpg","contentUrl":"https:\/\/static.purejewels.com\/wp-content\/uploads\/2026\/03\/JWERSTJL125W5.jpg","width":1000,"height":1000,"caption":"22ct Gold Petite Floral Stud Earrings"},{"@type":"BreadcrumbList","@id":"https:\/\/www.purejewels.com\/product\/22ct-gold-mini-floral-stud-earrings-54742\/#breadcrumb","itemListElement":[{"@type":"ListItem","position":1,"name":"Home","item":"https:\/\/www.purejewels.com\/"},{"@type":"ListItem","position":2,"name":"Shop","item":"https:\/\/www.purejewels.com\/shop\/"},{"@type":"ListItem","position":3,"name":"22ct Gold Mini Floral Stud Earrings"}]},{"@type":"WebSite","@id":"https:\/\/www.purejewels.com\/#website","url":"https:\/\/www.purejewels.com\/","name":"PureJewels \u0130ngiltere","description":"Sevgiyi Payla\u015f\u0131n","publisher":{"@id":"https:\/\/www.purejewels.com\/#organization"},"potentialAction":[{"@type":"SearchAction","target":{"@type":"EntryPoint","urlTemplate":"https:\/\/www.purejewels.com\/?s={search_term_string}"},"query-input":{"@type":"PropertyValueSpecification","valueRequired":true,"valueName":"search_term_string"}}],"inLanguage":"tr"},{"@type":"Organization","@id":"https:\/\/www.purejewels.com\/#organization","name":"PureJewels \u0130ngiltere","url":"https:\/\/www.purejewels.com\/","logo":{"@type":"ImageObject","inLanguage":"tr","@id":"https:\/\/www.purejewels.com\/#\/schema\/logo\/image\/","url":"https:\/\/static.purejewels.com\/wp-content\/uploads\/2020\/11\/Logo-PJ-New-1.png","contentUrl":"https:\/\/static.purejewels.com\/wp-content\/uploads\/2020\/11\/Logo-PJ-New-1.png","width":150,"height":80,"caption":"PureJewels UK"},"image":{"@id":"https:\/\/www.purejewels.com\/#\/schema\/logo\/image\/"}}]}},"_links":{"self":[{"href":"https:\/\/www.purejewels.com\/tr\/wp-json\/wp\/v2\/product\/427123","targetHints":{"allow":["GET"]}}],"collection":[{"href":"https:\/\/www.purejewels.com\/tr\/wp-json\/wp\/v2\/product"}],"about":[{"href":"https:\/\/www.purejewels.com\/tr\/wp-json\/wp\/v2\/types\/product"}],"replies":[{"embeddable":true,"href":"https:\/\/www.purejewels.com\/tr\/wp-json\/wp\/v2\/comments?post=427123"}],"version-history":[{"count":2,"href":"https:\/\/www.purejewels.com\/tr\/wp-json\/wp\/v2\/product\/427123\/revisions"}],"predecessor-version":[{"id":427142,"href":"https:\/\/www.purejewels.com\/tr\/wp-json\/wp\/v2\/product\/427123\/revisions\/427142"}],"wp:featuredmedia":[{"embeddable":true,"href":"https:\/\/www.purejewels.com\/tr\/wp-json\/wp\/v2\/media\/427119"}],"wp:attachment":[{"href":"https:\/\/www.purejewels.com\/tr\/wp-json\/wp\/v2\/media?parent=427123"}],"wp:term":[{"taxonomy":"product_brand","embeddable":true,"href":"https:\/\/www.purejewels.com\/tr\/wp-json\/wp\/v2\/product_brand?post=427123"},{"taxonomy":"product_cat","embeddable":true,"href":"https:\/\/www.purejewels.com\/tr\/wp-json\/wp\/v2\/product_cat?post=427123"},{"taxonomy":"product_tag","embeddable":true,"href":"https:\/\/www.purejewels.com\/tr\/wp-json\/wp\/v2\/product_tag?post=427123"}],"curies":[{"name":"wp","href":"https:\/\/api.w.org\/{rel}","templated":true}]}}