{"id":427286,"date":"2026-03-18T07:31:36","date_gmt":"2026-03-18T07:31:36","guid":{"rendered":"https:\/\/www.purejewels.com\/?post_type=product&#038;p=427286"},"modified":"2026-03-31T08:26:40","modified_gmt":"2026-03-31T07:26:40","slug":"22-ayar-sari-altin-ghungri-burgu-bileklik-50923","status":"publish","type":"product","link":"https:\/\/www.purejewels.com\/tr\/product\/22ct-yellow-gold-ghungri-twist-bangle-50923\/","title":{"rendered":"22 Ayar Sar\u0131 Alt\u0131n Ghungri Twist Bileklik"},"content":{"rendered":"<p><strong>Tasar\u0131m Konsepti<\/strong><br \/>\nRitim, hareket ve s\u00fcslemenin \u015fiirselli\u011finden ilham alan 22 Ayar Sar\u0131 Alt\u0131n Ghungri Twist Bileklik, yumu\u015fak hareketin \u00f6z\u00fcn\u00fc yakal\u0131yor. B\u00fck\u00fclm\u00fc\u015f halat formu hayat\u0131n yolculuklar\u0131n\u0131 yans\u0131tan s\u00fcreklili\u011fi ve ak\u0131\u015f\u0131 simgelerken, ghungri damlac\u0131klar\u0131 e\u011flenceli ama rafine bir m\u00fczikalite getiriyor. Her bir \u00f6\u011fe, denge yaratmak \u00fczere \u00f6zenle yerle\u015ftirilerek par\u00e7an\u0131n hem geleneksel hem de \u00e7a\u011fda\u015f bir his uyand\u0131rmas\u0131n\u0131 sa\u011fl\u0131yor.<\/p>\n<p><strong>Zanaatkarl\u0131k<\/strong><br \/>\nY\u00fcksek safl\u0131kta 22 ayar alt\u0131ndan el i\u015f\u00e7ili\u011fiyle \u00fcretilen bu bileklik, PureJewels'in hassasiyeti benimserken eski teknikleri korumaya olan ba\u011fl\u0131l\u0131\u011f\u0131n\u0131 yans\u0131t\u0131yor. B\u00fck\u00fclm\u00fc\u015f form, ak\u0131\u015fkanl\u0131k ve dayan\u0131kl\u0131l\u0131k i\u00e7in titizlikle tasarlanm\u0131\u015ft\u0131r ve yap\u0131dan \u00f6d\u00fcn vermeden rahatl\u0131k sa\u011flar. Her bir ghungri damlal\u0131k ayr\u0131 ayr\u0131 monte edilerek ince bir hareket ve yumu\u015fak, zarif bir ses sa\u011flar. T\u00fcm kreasyonlar\u0131m\u0131zda oldu\u011fu gibi, bu par\u00e7a da \u00f6zg\u00fcnl\u00fck ve alt\u0131n safl\u0131\u011f\u0131n\u0131 garanti eden damgal\u0131d\u0131r.<\/p>\n<p><strong>Stil Fikirleri<\/strong><br \/>\nBu bileklik hem g\u00fcnl\u00fck \u015f\u0131kl\u0131\u011fa hem de \u00f6zel g\u00fcnlerde tak\u0131lmaya \u00e7ok uygundur.<\/p>\n<ul>\n<li>Minimal ama etkileyici bir ifade i\u00e7in tek ba\u015f\u0131na kullan\u0131n.<\/li>\n<li>Katmanl\u0131, \u015fenlikli bir g\u00f6r\u00fcn\u00fcm i\u00e7in di\u011fer 22 ayar alt\u0131n bilekliklerle e\u015fle\u015ftirin.<\/li>\n<li>K\u00fclt\u00fcrel zenginli\u011fini art\u0131rmak i\u00e7in geleneksel k\u0131yafetlerle tamamlay\u0131n veya ince bir f\u00fczyon esteti\u011fi i\u00e7in modern sil\u00fcetlerle stil olu\u015fturun.<\/li>\n<\/ul>\n<p>Sizinle birlikte hareket eden bir par\u00e7a - sessiz bir \u015fekilde etkileyici, ruhu zamans\u0131z ve varl\u0131\u011f\u0131yla son derece ki\u015fisel.<\/p>","protected":false},"excerpt":{"rendered":"<p>Narin burgu tasar\u0131m\u0131 ve zarif ghungri damlal\u0131klar\u0131yla 22 ayar sar\u0131 alt\u0131ndan zarif bir bileklik; sizinle birlikte g\u00fczelce hareket etmek i\u00e7in \u00fcretildi.<\/p>\n<ul>\n<li><strong>Malzeme:<\/strong>\u00a022 Ayar Alt\u0131n (91,6% Saf Alt\u0131n)<\/li>\n<li><strong>Hallmark:\u00a0<\/strong>\u0130ngiliz Damgas\u0131<\/li>\n<li><strong>Br\u00fct A\u011f\u0131rl\u0131k: <\/strong>11.60 Gms<\/li>\n<li><b>Boyut: <\/b>2.8<\/li>\n<li><strong>Geni\u015flik:<\/strong> 2mm<\/li>\n<li><strong>SKU: <\/strong>50923<\/li>\n<\/ul>\n<p><strong>Fiyat ve Teslimat:\u00a0<\/strong>KDV ve teslimat \u00fccretleri dahil<br \/>\n<strong><a href=\"https:\/\/www.purejewels.com\/tr\/i%cc%87ade-poli%cc%87ti%cc%87kasi\/\">\u0130ade Politikas\u0131<\/a><\/strong><\/p>","protected":false},"featured_media":427287,"comment_status":"closed","ping_status":"closed","template":"","meta":{"_eb_attr":"","_crsspst_to_jayantr4sg-hostcom":false},"product_brand":[],"product_cat":[1791,1559,5270,1793,5701,5370,1792,1790,1233,1229,5371,1573,1574,5349],"product_tag":[1514],"class_list":{"0":"post-427286","1":"product","2":"type-product","3":"status-publish","4":"has-post-thumbnail","6":"product_cat-anniversary-gifts","7":"product_cat-birthday-gifts","8":"product_cat-daily-wear-bangles","9":"product_cat-diwali-gifts","10":"product_cat-eid-jewellery","11":"product_cat-ethnic-jewellery","12":"product_cat-festival-gifts","13":"product_cat-for-whom-when","14":"product_cat-gold-bangles","15":"product_cat-22ct-gold-jewellery","16":"product_cat-jewellery-for-hands","17":"product_cat-wedding-gifts","18":"product_cat-womens-jewellery","19":"product_cat-yellow-gold-jewellery","20":"product_tag-bangles","22":"first","23":"instock","24":"taxable","25":"shipping-taxable","26":"purchasable","27":"product-type-simple","28":"add-to-wishlist-before_image"},"yoast_head":"<!-- This site is optimized with the Yoast SEO plugin v27.6 - https:\/\/yoast.com\/product\/yoast-seo-wordpress\/ -->\n<title>hop Elegant 22ct Gold Ghungri Twist Bangle Online | PureJewels<\/title>\n<meta name=\"description\" content=\"Shop the 22ct Yellow Gold Ghungri Twist Bangle, crafted in high-purity gold with delicate ghungri drops. Discover timeless elegance and order online with PureJewels London.\" \/>\n<meta name=\"robots\" content=\"index, follow, max-snippet:-1, max-image-preview:large, max-video-preview:-1\" \/>\n<link rel=\"canonical\" href=\"https:\/\/www.purejewels.com\/tr\/urun\/22-ayar-sari-altin-ghungri-burgu-bileklik-50923\/\" \/>\n<meta property=\"og:locale\" content=\"tr_TR\" \/>\n<meta property=\"og:type\" content=\"article\" \/>\n<meta property=\"og:title\" content=\"hop Elegant 22ct Gold Ghungri Twist Bangle Online | PureJewels\" \/>\n<meta property=\"og:description\" content=\"Shop the 22ct Yellow Gold Ghungri Twist Bangle, crafted in high-purity gold with delicate ghungri drops. Discover timeless elegance and order online with PureJewels London.\" \/>\n<meta property=\"og:url\" content=\"https:\/\/www.purejewels.com\/tr\/urun\/22-ayar-sari-altin-ghungri-burgu-bileklik-50923\/\" \/>\n<meta property=\"og:site_name\" content=\"PureJewels UK\" \/>\n<meta property=\"article:modified_time\" content=\"2026-03-31T07:26:40+00:00\" \/>\n<meta property=\"og:image\" content=\"https:\/\/static.purejewels.com\/wp-content\/uploads\/2026\/03\/50923.jpg\" \/>\n\t<meta property=\"og:image:width\" content=\"1024\" \/>\n\t<meta property=\"og:image:height\" content=\"1024\" \/>\n\t<meta property=\"og:image:type\" content=\"image\/jpeg\" \/>\n<meta name=\"twitter:card\" content=\"summary_large_image\" \/>\n<meta name=\"twitter:label1\" content=\"Tahmini okuma s\u00fcresi\" \/>\n\t<meta name=\"twitter:data1\" content=\"2 dakika\" \/>\n<script type=\"application\/ld+json\" class=\"yoast-schema-graph\">{\"@context\":\"https:\\\/\\\/schema.org\",\"@graph\":[{\"@type\":[\"WebPage\",\"ItemPage\"],\"@id\":\"https:\\\/\\\/www.purejewels.com\\\/product\\\/22ct-yellow-gold-ghungri-twist-bangle-50923\\\/\",\"url\":\"https:\\\/\\\/www.purejewels.com\\\/product\\\/22ct-yellow-gold-ghungri-twist-bangle-50923\\\/\",\"name\":\"hop Elegant 22ct Gold Ghungri Twist Bangle Online | PureJewels\",\"isPartOf\":{\"@id\":\"https:\\\/\\\/www.purejewels.com\\\/#website\"},\"primaryImageOfPage\":{\"@id\":\"https:\\\/\\\/www.purejewels.com\\\/product\\\/22ct-yellow-gold-ghungri-twist-bangle-50923\\\/#primaryimage\"},\"image\":{\"@id\":\"https:\\\/\\\/www.purejewels.com\\\/product\\\/22ct-yellow-gold-ghungri-twist-bangle-50923\\\/#primaryimage\"},\"thumbnailUrl\":\"https:\\\/\\\/static.purejewels.com\\\/wp-content\\\/uploads\\\/2026\\\/03\\\/50923.jpg\",\"datePublished\":\"2026-03-18T07:31:36+00:00\",\"dateModified\":\"2026-03-31T07:26:40+00:00\",\"description\":\"Shop the 22ct Yellow Gold Ghungri Twist Bangle, crafted in high-purity gold with delicate ghungri drops. Discover timeless elegance and order online with PureJewels London.\",\"breadcrumb\":{\"@id\":\"https:\\\/\\\/www.purejewels.com\\\/product\\\/22ct-yellow-gold-ghungri-twist-bangle-50923\\\/#breadcrumb\"},\"inLanguage\":\"tr\",\"potentialAction\":[{\"@type\":\"ReadAction\",\"target\":[\"https:\\\/\\\/www.purejewels.com\\\/product\\\/22ct-yellow-gold-ghungri-twist-bangle-50923\\\/\"]}]},{\"@type\":\"ImageObject\",\"inLanguage\":\"tr\",\"@id\":\"https:\\\/\\\/www.purejewels.com\\\/product\\\/22ct-yellow-gold-ghungri-twist-bangle-50923\\\/#primaryimage\",\"url\":\"https:\\\/\\\/static.purejewels.com\\\/wp-content\\\/uploads\\\/2026\\\/03\\\/50923.jpg\",\"contentUrl\":\"https:\\\/\\\/static.purejewels.com\\\/wp-content\\\/uploads\\\/2026\\\/03\\\/50923.jpg\",\"width\":1024,\"height\":1024,\"caption\":\"22ct Yellow Gold Ghungri Twist Bangle\"},{\"@type\":\"BreadcrumbList\",\"@id\":\"https:\\\/\\\/www.purejewels.com\\\/product\\\/22ct-yellow-gold-ghungri-twist-bangle-50923\\\/#breadcrumb\",\"itemListElement\":[{\"@type\":\"ListItem\",\"position\":1,\"name\":\"Home\",\"item\":\"https:\\\/\\\/www.purejewels.com\\\/\"},{\"@type\":\"ListItem\",\"position\":2,\"name\":\"Shop\",\"item\":\"https:\\\/\\\/www.purejewels.com\\\/shop\\\/\"},{\"@type\":\"ListItem\",\"position\":3,\"name\":\"22ct Yellow Gold Ghungri Twist Bangle\"}]},{\"@type\":\"WebSite\",\"@id\":\"https:\\\/\\\/www.purejewels.com\\\/#website\",\"url\":\"https:\\\/\\\/www.purejewels.com\\\/\",\"name\":\"PureJewels UK\",\"description\":\"Share the Love\",\"publisher\":{\"@id\":\"https:\\\/\\\/www.purejewels.com\\\/#organization\"},\"potentialAction\":[{\"@type\":\"SearchAction\",\"target\":{\"@type\":\"EntryPoint\",\"urlTemplate\":\"https:\\\/\\\/www.purejewels.com\\\/?s={search_term_string}\"},\"query-input\":{\"@type\":\"PropertyValueSpecification\",\"valueRequired\":true,\"valueName\":\"search_term_string\"}}],\"inLanguage\":\"tr\"},{\"@type\":\"Organization\",\"@id\":\"https:\\\/\\\/www.purejewels.com\\\/#organization\",\"name\":\"PureJewels UK\",\"url\":\"https:\\\/\\\/www.purejewels.com\\\/\",\"logo\":{\"@type\":\"ImageObject\",\"inLanguage\":\"tr\",\"@id\":\"https:\\\/\\\/www.purejewels.com\\\/#\\\/schema\\\/logo\\\/image\\\/\",\"url\":\"https:\\\/\\\/static.purejewels.com\\\/wp-content\\\/uploads\\\/2020\\\/11\\\/Logo-PJ-New-1.png\",\"contentUrl\":\"https:\\\/\\\/static.purejewels.com\\\/wp-content\\\/uploads\\\/2020\\\/11\\\/Logo-PJ-New-1.png\",\"width\":150,\"height\":80,\"caption\":\"PureJewels UK\"},\"image\":{\"@id\":\"https:\\\/\\\/www.purejewels.com\\\/#\\\/schema\\\/logo\\\/image\\\/\"}}]}<\/script>\n<!-- \/ Yoast SEO plugin. -->","yoast_head_json":{"title":"hop Elegant 22 Ayar Alt\u0131n Ghungri Twist Bileklik Online | PureJewels","description":"Narin ghungri damlalar\u0131yla y\u00fcksek safl\u0131kta alt\u0131ndan \u00fcretilmi\u015f 22 Ayar Sar\u0131 Alt\u0131n Ghungri Twist Bilekli\u011fi sat\u0131n al\u0131n. Zamans\u0131z \u015f\u0131kl\u0131\u011f\u0131 ke\u015ffedin ve PureJewels London ile online sipari\u015f verin.","robots":{"index":"index","follow":"follow","max-snippet":"max-snippet:-1","max-image-preview":"max-image-preview:large","max-video-preview":"max-video-preview:-1"},"canonical":"https:\/\/www.purejewels.com\/tr\/urun\/22-ayar-sari-altin-ghungri-burgu-bileklik-50923\/","og_locale":"tr_TR","og_type":"article","og_title":"hop Elegant 22ct Gold Ghungri Twist Bangle Online | PureJewels","og_description":"Shop the 22ct Yellow Gold Ghungri Twist Bangle, crafted in high-purity gold with delicate ghungri drops. Discover timeless elegance and order online with PureJewels London.","og_url":"https:\/\/www.purejewels.com\/tr\/urun\/22-ayar-sari-altin-ghungri-burgu-bileklik-50923\/","og_site_name":"PureJewels UK","article_modified_time":"2026-03-31T07:26:40+00:00","og_image":[{"width":1024,"height":1024,"url":"https:\/\/static.purejewels.com\/wp-content\/uploads\/2026\/03\/50923.jpg","type":"image\/jpeg"}],"twitter_card":"summary_large_image","twitter_misc":{"Tahmini okuma s\u00fcresi":"2 dakika"},"schema":{"@context":"https:\/\/schema.org","@graph":[{"@type":["WebPage","ItemPage"],"@id":"https:\/\/www.purejewels.com\/product\/22ct-yellow-gold-ghungri-twist-bangle-50923\/","url":"https:\/\/www.purejewels.com\/product\/22ct-yellow-gold-ghungri-twist-bangle-50923\/","name":"hop Elegant 22 Ayar Alt\u0131n Ghungri Twist Bileklik Online | PureJewels","isPartOf":{"@id":"https:\/\/www.purejewels.com\/#website"},"primaryImageOfPage":{"@id":"https:\/\/www.purejewels.com\/product\/22ct-yellow-gold-ghungri-twist-bangle-50923\/#primaryimage"},"image":{"@id":"https:\/\/www.purejewels.com\/product\/22ct-yellow-gold-ghungri-twist-bangle-50923\/#primaryimage"},"thumbnailUrl":"https:\/\/static.purejewels.com\/wp-content\/uploads\/2026\/03\/50923.jpg","datePublished":"2026-03-18T07:31:36+00:00","dateModified":"2026-03-31T07:26:40+00:00","description":"Narin ghungri damlalar\u0131yla y\u00fcksek safl\u0131kta alt\u0131ndan \u00fcretilmi\u015f 22 Ayar Sar\u0131 Alt\u0131n Ghungri Twist Bilekli\u011fi sat\u0131n al\u0131n. Zamans\u0131z \u015f\u0131kl\u0131\u011f\u0131 ke\u015ffedin ve PureJewels London ile online sipari\u015f verin.","breadcrumb":{"@id":"https:\/\/www.purejewels.com\/product\/22ct-yellow-gold-ghungri-twist-bangle-50923\/#breadcrumb"},"inLanguage":"tr","potentialAction":[{"@type":"ReadAction","target":["https:\/\/www.purejewels.com\/product\/22ct-yellow-gold-ghungri-twist-bangle-50923\/"]}]},{"@type":"ImageObject","inLanguage":"tr","@id":"https:\/\/www.purejewels.com\/product\/22ct-yellow-gold-ghungri-twist-bangle-50923\/#primaryimage","url":"https:\/\/static.purejewels.com\/wp-content\/uploads\/2026\/03\/50923.jpg","contentUrl":"https:\/\/static.purejewels.com\/wp-content\/uploads\/2026\/03\/50923.jpg","width":1024,"height":1024,"caption":"22ct Yellow Gold Ghungri Twist Bangle"},{"@type":"BreadcrumbList","@id":"https:\/\/www.purejewels.com\/product\/22ct-yellow-gold-ghungri-twist-bangle-50923\/#breadcrumb","itemListElement":[{"@type":"ListItem","position":1,"name":"Home","item":"https:\/\/www.purejewels.com\/"},{"@type":"ListItem","position":2,"name":"Shop","item":"https:\/\/www.purejewels.com\/shop\/"},{"@type":"ListItem","position":3,"name":"22ct Yellow Gold Ghungri Twist Bangle"}]},{"@type":"WebSite","@id":"https:\/\/www.purejewels.com\/#website","url":"https:\/\/www.purejewels.com\/","name":"PureJewels \u0130ngiltere","description":"Sevgiyi Payla\u015f\u0131n","publisher":{"@id":"https:\/\/www.purejewels.com\/#organization"},"potentialAction":[{"@type":"SearchAction","target":{"@type":"EntryPoint","urlTemplate":"https:\/\/www.purejewels.com\/?s={search_term_string}"},"query-input":{"@type":"PropertyValueSpecification","valueRequired":true,"valueName":"search_term_string"}}],"inLanguage":"tr"},{"@type":"Organization","@id":"https:\/\/www.purejewels.com\/#organization","name":"PureJewels \u0130ngiltere","url":"https:\/\/www.purejewels.com\/","logo":{"@type":"ImageObject","inLanguage":"tr","@id":"https:\/\/www.purejewels.com\/#\/schema\/logo\/image\/","url":"https:\/\/static.purejewels.com\/wp-content\/uploads\/2020\/11\/Logo-PJ-New-1.png","contentUrl":"https:\/\/static.purejewels.com\/wp-content\/uploads\/2020\/11\/Logo-PJ-New-1.png","width":150,"height":80,"caption":"PureJewels UK"},"image":{"@id":"https:\/\/www.purejewels.com\/#\/schema\/logo\/image\/"}}]}},"_links":{"self":[{"href":"https:\/\/www.purejewels.com\/tr\/wp-json\/wp\/v2\/product\/427286","targetHints":{"allow":["GET"]}}],"collection":[{"href":"https:\/\/www.purejewels.com\/tr\/wp-json\/wp\/v2\/product"}],"about":[{"href":"https:\/\/www.purejewels.com\/tr\/wp-json\/wp\/v2\/types\/product"}],"replies":[{"embeddable":true,"href":"https:\/\/www.purejewels.com\/tr\/wp-json\/wp\/v2\/comments?post=427286"}],"version-history":[{"count":2,"href":"https:\/\/www.purejewels.com\/tr\/wp-json\/wp\/v2\/product\/427286\/revisions"}],"predecessor-version":[{"id":427557,"href":"https:\/\/www.purejewels.com\/tr\/wp-json\/wp\/v2\/product\/427286\/revisions\/427557"}],"wp:featuredmedia":[{"embeddable":true,"href":"https:\/\/www.purejewels.com\/tr\/wp-json\/wp\/v2\/media\/427287"}],"wp:attachment":[{"href":"https:\/\/www.purejewels.com\/tr\/wp-json\/wp\/v2\/media?parent=427286"}],"wp:term":[{"taxonomy":"product_brand","embeddable":true,"href":"https:\/\/www.purejewels.com\/tr\/wp-json\/wp\/v2\/product_brand?post=427286"},{"taxonomy":"product_cat","embeddable":true,"href":"https:\/\/www.purejewels.com\/tr\/wp-json\/wp\/v2\/product_cat?post=427286"},{"taxonomy":"product_tag","embeddable":true,"href":"https:\/\/www.purejewels.com\/tr\/wp-json\/wp\/v2\/product_tag?post=427286"}],"curies":[{"name":"wp","href":"https:\/\/api.w.org\/{rel}","templated":true}]}}