{"id":427337,"date":"2026-01-19T04:07:41","date_gmt":"2026-01-19T04:07:41","guid":{"rendered":"https:\/\/www.purejewels.com\/?post_type=product&#038;p=427337"},"modified":"2026-04-13T14:25:31","modified_gmt":"2026-04-13T13:25:31","slug":"22-ayar-altin-kare-cz-yuzuk-382","status":"publish","type":"product","link":"https:\/\/www.purejewels.com\/tr\/product\/22ct-gold-square-cz-ring-382\/","title":{"rendered":"22 Ayar Alt\u0131n Kare Kesim CZ Y\u00fcz\u00fck | K Beden"},"content":{"rendered":"<p><strong>Tasar\u0131m Konsepti<\/strong><\/p>\n<p>PureJewels'in ak\u0131ll\u0131 tasar\u0131m ve anlaml\u0131 hikaye anlat\u0131m\u0131 felsefesine dayanan bu y\u00fcz\u00fck, merkezdeki ta\u015f\u0131n zahmetsizce parlamas\u0131n\u0131 sa\u011flayan minimal bir silueti benimsiyor.<\/p>\n<p>Kare kesimin temiz hatlar\u0131 denge, berrakl\u0131k ve modern g\u00fcc\u00fc simgelerken, 22 ayar alt\u0131n\u0131n s\u0131cak tonu miras ve zamans\u0131zl\u0131k hissi kat\u0131yor. Hem \u00e7a\u011fda\u015f hem de kal\u0131c\u0131 bir par\u00e7a.<\/p>\n<p><strong>Zanaatkarl\u0131k<\/strong><\/p>\n<p>Y\u00fcksek safl\u0131kta 22 ayar alt\u0131ndan \u00fcretilen bu y\u00fcz\u00fck, ince metal\u00fcrji ve detaylara olan ba\u011fl\u0131l\u0131\u011f\u0131m\u0131z\u0131 yans\u0131tmaktad\u0131r. Ayar, maksimum \u0131\u015f\u0131k yans\u0131mas\u0131na izin verirken CZ ta\u015f\u0131 g\u00fcvenli bir \u015fekilde tutmak i\u00e7in \u00f6zenle tasarlanm\u0131\u015ft\u0131r. Bant, g\u00fcnl\u00fck rahatl\u0131k i\u00e7in p\u00fcr\u00fczs\u00fcz, parlak bir y\u00fczeyle parlat\u0131lm\u0131\u015ft\u0131r. Her bir par\u00e7a orijinalli\u011fi ve safl\u0131\u011f\u0131 garanti edecek \u015fekilde damgalanm\u0131\u015ft\u0131r.<\/p>\n<p><strong>Stil Fikirleri<\/strong><\/p>\n<p>Bu y\u00fcz\u00fck \u00e7ok y\u00f6nl\u00fc \u015fekillendirmeye g\u00fczel bir \u015fekilde uyum sa\u011flar:<\/p>\n<ul>\n<li>G\u00fcnl\u00fck \u015e\u0131kl\u0131k: Temiz ve zarif bir g\u00f6r\u00fcn\u00fcm i\u00e7in tek ba\u015f\u0131na kullan\u0131n<\/li>\n<li>\u0130stifleme Stili: Katmanl\u0131, \u00e7a\u011fda\u015f bir estetik i\u00e7in ince alt\u0131n bantlarla e\u015fle\u015ftirin<\/li>\n<li>\u00d6zel G\u00fcnlerde Giyilebilir: Hem etnik hem de bat\u0131 kombinlerini zahmetsiz bir zarafetle tamamlamas\u0131na izin verin<\/li>\n<li>Anlaml\u0131 bir hediye: Kilometre ta\u015flar\u0131n\u0131, kutlamalar\u0131 veya ki\u015fisel ba\u015far\u0131lar\u0131 i\u015faretlemek i\u00e7in d\u00fc\u015f\u00fcnceli bir par\u00e7a<\/li>\n<\/ul>","protected":false},"excerpt":{"rendered":"<p>Modern zarafetin zarif bir ifadesi olan bu 22 ayar alt\u0131n y\u00fcz\u00fck, her hareketinde \u0131\u015f\u0131\u011f\u0131 yakalamak i\u00e7in \u00f6zenle yerle\u015ftirilmi\u015f parlak kare kesimli bir CZ ta\u015fa sahiptir; g\u00fcnl\u00fck sofistike kullan\u0131m i\u00e7in m\u00fckemmeldir.<\/p>\n<p><strong>Malzeme:<\/strong> 22 Ayar Alt\u0131n (91,6% Saf Alt\u0131n)<strong><br \/>\nHallmark:\u00a0<\/strong>\u0130ngiliz Damgas\u0131<strong><br \/>\n<\/strong><strong>Br\u00fct A\u011f\u0131rl\u0131k: <\/strong>1.4 Gms<br \/>\n<strong>Boyut:<\/strong> K<br \/>\n<strong>SKU:<\/strong> 382<\/p>\n<p><strong>Fiyat ve Teslimat<\/strong>: KDV ve teslimat \u00fccretleri dahil<br \/>\n<a href=\"https:\/\/www.purejewels.com\/tr\/i%cc%87ade-poli%cc%87ti%cc%87kasi\/\">\u0130ade Politikas\u0131<\/a><\/p>","protected":false},"featured_media":427339,"comment_status":"closed","ping_status":"closed","template":"","meta":{"_eb_attr":"","_crsspst_to_jayantr4sg-hostcom":true},"product_brand":[],"product_cat":[1791,1559,1785,1793,5701,1790,1229,1235,5343,1783,5353,5349],"product_tag":[],"class_list":{"0":"post-427337","1":"product","2":"type-product","3":"status-publish","4":"has-post-thumbnail","6":"product_cat-anniversary-gifts","7":"product_cat-birthday-gifts","8":"product_cat-daily-wear-rings","9":"product_cat-diwali-gifts","10":"product_cat-eid-jewellery","11":"product_cat-for-whom-when","12":"product_cat-22ct-gold-jewellery","13":"product_cat-gold-rings","14":"product_cat-jewellery-under-550","15":"product_cat-ladies-rings","16":"product_cat-shop-by","17":"product_cat-yellow-gold-jewellery","19":"first","20":"outofstock","21":"taxable","22":"shipping-taxable","23":"product-type-simple","24":"add-to-wishlist-before_image"},"yoast_head":"<!-- This site is optimized with the Yoast SEO plugin v27.5 - https:\/\/yoast.com\/product\/yoast-seo-wordpress\/ -->\n<title>22ct Gold Square Cut CZ Ring | Elegant Minimal Gold Ring<\/title>\n<meta name=\"description\" content=\"Discover our 22ct Gold Square Cut CZ Ring, crafted with precision and elegance. A timeless minimal design perfect for everyday wear or gifting.\" \/>\n<meta name=\"robots\" content=\"index, follow, max-snippet:-1, max-image-preview:large, max-video-preview:-1\" \/>\n<link rel=\"canonical\" href=\"https:\/\/www.purejewels.com\/tr\/urun\/22-ayar-altin-kare-cz-yuzuk-382\/\" \/>\n<meta property=\"og:locale\" content=\"tr_TR\" \/>\n<meta property=\"og:type\" content=\"article\" \/>\n<meta property=\"og:title\" content=\"22ct Gold Square Cut CZ Ring | Elegant Minimal Gold Ring\" \/>\n<meta property=\"og:description\" content=\"Discover our 22ct Gold Square Cut CZ Ring, crafted with precision and elegance. A timeless minimal design perfect for everyday wear or gifting.\" \/>\n<meta property=\"og:url\" content=\"https:\/\/www.purejewels.com\/tr\/urun\/22-ayar-altin-kare-cz-yuzuk-382\/\" \/>\n<meta property=\"og:site_name\" content=\"PureJewels UK\" \/>\n<meta property=\"article:modified_time\" content=\"2026-04-13T13:25:31+00:00\" \/>\n<meta property=\"og:image\" content=\"https:\/\/static.purejewels.com\/wp-content\/uploads\/2026\/03\/JWRNCZCB036.jpg\" \/>\n\t<meta property=\"og:image:width\" content=\"1000\" \/>\n\t<meta property=\"og:image:height\" content=\"1000\" \/>\n\t<meta property=\"og:image:type\" content=\"image\/jpeg\" \/>\n<meta name=\"twitter:card\" content=\"summary_large_image\" \/>\n<meta name=\"twitter:label1\" content=\"Tahmini okuma s\u00fcresi\" \/>\n\t<meta name=\"twitter:data1\" content=\"1 dakika\" \/>\n<script type=\"application\/ld+json\" class=\"yoast-schema-graph\">{\"@context\":\"https:\\\/\\\/schema.org\",\"@graph\":[{\"@type\":[\"WebPage\",\"ItemPage\"],\"@id\":\"https:\\\/\\\/www.purejewels.com\\\/product\\\/22ct-gold-square-cz-ring-382\\\/\",\"url\":\"https:\\\/\\\/www.purejewels.com\\\/product\\\/22ct-gold-square-cz-ring-382\\\/\",\"name\":\"22ct Gold Square Cut CZ Ring | Elegant Minimal Gold Ring\",\"isPartOf\":{\"@id\":\"https:\\\/\\\/www.purejewels.com\\\/#website\"},\"primaryImageOfPage\":{\"@id\":\"https:\\\/\\\/www.purejewels.com\\\/product\\\/22ct-gold-square-cz-ring-382\\\/#primaryimage\"},\"image\":{\"@id\":\"https:\\\/\\\/www.purejewels.com\\\/product\\\/22ct-gold-square-cz-ring-382\\\/#primaryimage\"},\"thumbnailUrl\":\"https:\\\/\\\/static.purejewels.com\\\/wp-content\\\/uploads\\\/2026\\\/03\\\/JWRNCZCB036.jpg\",\"datePublished\":\"2026-01-19T04:07:41+00:00\",\"dateModified\":\"2026-04-13T13:25:31+00:00\",\"description\":\"Discover our 22ct Gold Square Cut CZ Ring, crafted with precision and elegance. A timeless minimal design perfect for everyday wear or gifting.\",\"breadcrumb\":{\"@id\":\"https:\\\/\\\/www.purejewels.com\\\/product\\\/22ct-gold-square-cz-ring-382\\\/#breadcrumb\"},\"inLanguage\":\"tr\",\"potentialAction\":[{\"@type\":\"ReadAction\",\"target\":[\"https:\\\/\\\/www.purejewels.com\\\/product\\\/22ct-gold-square-cz-ring-382\\\/\"]}]},{\"@type\":\"ImageObject\",\"inLanguage\":\"tr\",\"@id\":\"https:\\\/\\\/www.purejewels.com\\\/product\\\/22ct-gold-square-cz-ring-382\\\/#primaryimage\",\"url\":\"https:\\\/\\\/static.purejewels.com\\\/wp-content\\\/uploads\\\/2026\\\/03\\\/JWRNCZCB036.jpg\",\"contentUrl\":\"https:\\\/\\\/static.purejewels.com\\\/wp-content\\\/uploads\\\/2026\\\/03\\\/JWRNCZCB036.jpg\",\"width\":1000,\"height\":1000,\"caption\":\"22ct Gold Square Cut CZ Ring\"},{\"@type\":\"BreadcrumbList\",\"@id\":\"https:\\\/\\\/www.purejewels.com\\\/product\\\/22ct-gold-square-cz-ring-382\\\/#breadcrumb\",\"itemListElement\":[{\"@type\":\"ListItem\",\"position\":1,\"name\":\"Home\",\"item\":\"https:\\\/\\\/www.purejewels.com\\\/\"},{\"@type\":\"ListItem\",\"position\":2,\"name\":\"Shop\",\"item\":\"https:\\\/\\\/www.purejewels.com\\\/shop\\\/\"},{\"@type\":\"ListItem\",\"position\":3,\"name\":\"22ct Gold Square Cut CZ Ring | Size K\"}]},{\"@type\":\"WebSite\",\"@id\":\"https:\\\/\\\/www.purejewels.com\\\/#website\",\"url\":\"https:\\\/\\\/www.purejewels.com\\\/\",\"name\":\"PureJewels UK\",\"description\":\"Share the Love\",\"publisher\":{\"@id\":\"https:\\\/\\\/www.purejewels.com\\\/#organization\"},\"potentialAction\":[{\"@type\":\"SearchAction\",\"target\":{\"@type\":\"EntryPoint\",\"urlTemplate\":\"https:\\\/\\\/www.purejewels.com\\\/?s={search_term_string}\"},\"query-input\":{\"@type\":\"PropertyValueSpecification\",\"valueRequired\":true,\"valueName\":\"search_term_string\"}}],\"inLanguage\":\"tr\"},{\"@type\":\"Organization\",\"@id\":\"https:\\\/\\\/www.purejewels.com\\\/#organization\",\"name\":\"PureJewels UK\",\"url\":\"https:\\\/\\\/www.purejewels.com\\\/\",\"logo\":{\"@type\":\"ImageObject\",\"inLanguage\":\"tr\",\"@id\":\"https:\\\/\\\/www.purejewels.com\\\/#\\\/schema\\\/logo\\\/image\\\/\",\"url\":\"https:\\\/\\\/static.purejewels.com\\\/wp-content\\\/uploads\\\/2020\\\/11\\\/Logo-PJ-New-1.png\",\"contentUrl\":\"https:\\\/\\\/static.purejewels.com\\\/wp-content\\\/uploads\\\/2020\\\/11\\\/Logo-PJ-New-1.png\",\"width\":150,\"height\":80,\"caption\":\"PureJewels UK\"},\"image\":{\"@id\":\"https:\\\/\\\/www.purejewels.com\\\/#\\\/schema\\\/logo\\\/image\\\/\"}}]}<\/script>\n<!-- \/ Yoast SEO plugin. -->","yoast_head_json":{"title":"22 Ayar Alt\u0131n Kare Kesim CZ Y\u00fcz\u00fck | Zarif Minimal Alt\u0131n Y\u00fcz\u00fck","description":"Hassasiyet ve zarafetle haz\u0131rlanm\u0131\u015f 22 Ayar Alt\u0131n Kare Kesim CZ Y\u00fcz\u00fc\u011f\u00fcm\u00fcz\u00fc ke\u015ffedin. G\u00fcnl\u00fck kullan\u0131m veya hediye i\u00e7in m\u00fckemmel, zamans\u0131z ve minimal bir tasar\u0131m.","robots":{"index":"index","follow":"follow","max-snippet":"max-snippet:-1","max-image-preview":"max-image-preview:large","max-video-preview":"max-video-preview:-1"},"canonical":"https:\/\/www.purejewels.com\/tr\/urun\/22-ayar-altin-kare-cz-yuzuk-382\/","og_locale":"tr_TR","og_type":"article","og_title":"22ct Gold Square Cut CZ Ring | Elegant Minimal Gold Ring","og_description":"Discover our 22ct Gold Square Cut CZ Ring, crafted with precision and elegance. A timeless minimal design perfect for everyday wear or gifting.","og_url":"https:\/\/www.purejewels.com\/tr\/urun\/22-ayar-altin-kare-cz-yuzuk-382\/","og_site_name":"PureJewels UK","article_modified_time":"2026-04-13T13:25:31+00:00","og_image":[{"width":1000,"height":1000,"url":"https:\/\/static.purejewels.com\/wp-content\/uploads\/2026\/03\/JWRNCZCB036.jpg","type":"image\/jpeg"}],"twitter_card":"summary_large_image","twitter_misc":{"Tahmini okuma s\u00fcresi":"1 dakika"},"schema":{"@context":"https:\/\/schema.org","@graph":[{"@type":["WebPage","ItemPage"],"@id":"https:\/\/www.purejewels.com\/product\/22ct-gold-square-cz-ring-382\/","url":"https:\/\/www.purejewels.com\/product\/22ct-gold-square-cz-ring-382\/","name":"22 Ayar Alt\u0131n Kare Kesim CZ Y\u00fcz\u00fck | Zarif Minimal Alt\u0131n Y\u00fcz\u00fck","isPartOf":{"@id":"https:\/\/www.purejewels.com\/#website"},"primaryImageOfPage":{"@id":"https:\/\/www.purejewels.com\/product\/22ct-gold-square-cz-ring-382\/#primaryimage"},"image":{"@id":"https:\/\/www.purejewels.com\/product\/22ct-gold-square-cz-ring-382\/#primaryimage"},"thumbnailUrl":"https:\/\/static.purejewels.com\/wp-content\/uploads\/2026\/03\/JWRNCZCB036.jpg","datePublished":"2026-01-19T04:07:41+00:00","dateModified":"2026-04-13T13:25:31+00:00","description":"Hassasiyet ve zarafetle haz\u0131rlanm\u0131\u015f 22 Ayar Alt\u0131n Kare Kesim CZ Y\u00fcz\u00fc\u011f\u00fcm\u00fcz\u00fc ke\u015ffedin. G\u00fcnl\u00fck kullan\u0131m veya hediye i\u00e7in m\u00fckemmel, zamans\u0131z ve minimal bir tasar\u0131m.","breadcrumb":{"@id":"https:\/\/www.purejewels.com\/product\/22ct-gold-square-cz-ring-382\/#breadcrumb"},"inLanguage":"tr","potentialAction":[{"@type":"ReadAction","target":["https:\/\/www.purejewels.com\/product\/22ct-gold-square-cz-ring-382\/"]}]},{"@type":"ImageObject","inLanguage":"tr","@id":"https:\/\/www.purejewels.com\/product\/22ct-gold-square-cz-ring-382\/#primaryimage","url":"https:\/\/static.purejewels.com\/wp-content\/uploads\/2026\/03\/JWRNCZCB036.jpg","contentUrl":"https:\/\/static.purejewels.com\/wp-content\/uploads\/2026\/03\/JWRNCZCB036.jpg","width":1000,"height":1000,"caption":"22ct Gold Square Cut CZ Ring"},{"@type":"BreadcrumbList","@id":"https:\/\/www.purejewels.com\/product\/22ct-gold-square-cz-ring-382\/#breadcrumb","itemListElement":[{"@type":"ListItem","position":1,"name":"Home","item":"https:\/\/www.purejewels.com\/"},{"@type":"ListItem","position":2,"name":"Shop","item":"https:\/\/www.purejewels.com\/shop\/"},{"@type":"ListItem","position":3,"name":"22ct Gold Square Cut CZ Ring | Size K"}]},{"@type":"WebSite","@id":"https:\/\/www.purejewels.com\/#website","url":"https:\/\/www.purejewels.com\/","name":"PureJewels \u0130ngiltere","description":"Sevgiyi Payla\u015f\u0131n","publisher":{"@id":"https:\/\/www.purejewels.com\/#organization"},"potentialAction":[{"@type":"SearchAction","target":{"@type":"EntryPoint","urlTemplate":"https:\/\/www.purejewels.com\/?s={search_term_string}"},"query-input":{"@type":"PropertyValueSpecification","valueRequired":true,"valueName":"search_term_string"}}],"inLanguage":"tr"},{"@type":"Organization","@id":"https:\/\/www.purejewels.com\/#organization","name":"PureJewels \u0130ngiltere","url":"https:\/\/www.purejewels.com\/","logo":{"@type":"ImageObject","inLanguage":"tr","@id":"https:\/\/www.purejewels.com\/#\/schema\/logo\/image\/","url":"https:\/\/static.purejewels.com\/wp-content\/uploads\/2020\/11\/Logo-PJ-New-1.png","contentUrl":"https:\/\/static.purejewels.com\/wp-content\/uploads\/2020\/11\/Logo-PJ-New-1.png","width":150,"height":80,"caption":"PureJewels UK"},"image":{"@id":"https:\/\/www.purejewels.com\/#\/schema\/logo\/image\/"}}]}},"_links":{"self":[{"href":"https:\/\/www.purejewels.com\/tr\/wp-json\/wp\/v2\/product\/427337","targetHints":{"allow":["GET"]}}],"collection":[{"href":"https:\/\/www.purejewels.com\/tr\/wp-json\/wp\/v2\/product"}],"about":[{"href":"https:\/\/www.purejewels.com\/tr\/wp-json\/wp\/v2\/types\/product"}],"replies":[{"embeddable":true,"href":"https:\/\/www.purejewels.com\/tr\/wp-json\/wp\/v2\/comments?post=427337"}],"version-history":[{"count":3,"href":"https:\/\/www.purejewels.com\/tr\/wp-json\/wp\/v2\/product\/427337\/revisions"}],"predecessor-version":[{"id":427610,"href":"https:\/\/www.purejewels.com\/tr\/wp-json\/wp\/v2\/product\/427337\/revisions\/427610"}],"wp:featuredmedia":[{"embeddable":true,"href":"https:\/\/www.purejewels.com\/tr\/wp-json\/wp\/v2\/media\/427339"}],"wp:attachment":[{"href":"https:\/\/www.purejewels.com\/tr\/wp-json\/wp\/v2\/media?parent=427337"}],"wp:term":[{"taxonomy":"product_brand","embeddable":true,"href":"https:\/\/www.purejewels.com\/tr\/wp-json\/wp\/v2\/product_brand?post=427337"},{"taxonomy":"product_cat","embeddable":true,"href":"https:\/\/www.purejewels.com\/tr\/wp-json\/wp\/v2\/product_cat?post=427337"},{"taxonomy":"product_tag","embeddable":true,"href":"https:\/\/www.purejewels.com\/tr\/wp-json\/wp\/v2\/product_tag?post=427337"}],"curies":[{"name":"wp","href":"https:\/\/api.w.org\/{rel}","templated":true}]}}