{"id":427342,"date":"2026-01-19T04:55:06","date_gmt":"2026-01-19T04:55:06","guid":{"rendered":"https:\/\/www.purejewels.com\/?post_type=product&#038;p=427342"},"modified":"2026-03-19T05:07:04","modified_gmt":"2026-03-19T05:07:04","slug":"18-ayar-sari-altin-pirlanta-halo-saplama-kupe-49788","status":"publish","type":"product","link":"https:\/\/www.purejewels.com\/tr\/product\/18ct-yellow-gold-diamond-halo-stud-earrings-49788\/","title":{"rendered":"18 Ayar Sar\u0131 Alt\u0131n P\u0131rlanta Halo Saplama K\u00fcpe"},"content":{"rendered":"<p><strong>Tasar\u0131m Konsepti<\/strong><br \/>\n18 Ayar Sar\u0131 Alt\u0131n P\u0131rlanta Halo Saplama K\u00fcpe, parlakl\u0131\u011f\u0131n ve dengenin bir kutlamas\u0131d\u0131r. Her bir k\u00fcpenin kalbinde, \u0131\u015f\u0131\u011f\u0131 g\u00fc\u00e7lendiren ve daha dolgun, daha \u0131\u015f\u0131lt\u0131l\u0131 bir g\u00f6r\u00fcn\u00fcm yaratan yuvarlak p\u0131rlantalardan olu\u015fan bir haleyle \u00e7er\u00e7evelenmi\u015f prenses kesim bir p\u0131rlanta yer al\u0131r. Oval siluet, geometri ve zarafetin uyumlu bir kar\u0131\u015f\u0131m\u0131n\u0131 sunarak yap\u0131y\u0131 yumu\u015fat\u0131r.<\/p>\n<p><strong>Zanaatkarl\u0131k<\/strong><br \/>\n18 ayar sar\u0131 alt\u0131ndan ustal\u0131kla \u00fcretilen bu k\u00fcpeler, zarif bir \u00e7ift ton esteti\u011fine sahiptir; p\u0131rlanta ayar\u0131 parlak ve beyaz g\u00f6r\u00fcnerek \u0131\u015f\u0131lt\u0131y\u0131 art\u0131r\u0131rken, ince bir sar\u0131 alt\u0131n kenar tasar\u0131m\u0131 \u00e7er\u00e7eveler. Ta\u015flar, \u0131\u015f\u0131\u011f\u0131n y\u00fczeyde zahmetsizce akmas\u0131na izin veren kusursuz, \u00e7atal-minimal bir y\u00fczey olu\u015fturmak i\u00e7in titizlikle d\u00fczenlenmi\u015ftir. Her ayr\u0131nt\u0131 hassasiyeti yans\u0131tarak hem g\u00fczellik hem de dayan\u0131kl\u0131l\u0131k sa\u011flar.<\/p>\n<p><strong>Stil Fikirleri<\/strong><\/p>\n<p>G\u00fcnl\u00fck \u015f\u0131kl\u0131k i\u00e7in m\u00fckemmeldir, her g\u00f6r\u00fcn\u00fcme \u0131\u015f\u0131lt\u0131l\u0131 bir dokunu\u015f katar<\/p>\n<ul>\n<li>Uyumlu bir tak\u0131m i\u00e7in p\u0131rlanta kolye ucu veya tenis bilezi\u011fi ile e\u015fle\u015ftirin<\/li>\n<li>\u00d6zel g\u00fcnler veya hediye vermek i\u00e7in idealdir, zamans\u0131z bir \u00e7ekicilik sunar<\/li>\n<li>Temiz, sofistike bir ifade i\u00e7in tek ba\u015f\u0131na giyin<\/li>\n<\/ul>","protected":false},"excerpt":{"rendered":"<div class=\"woocommerce-product-details__short-description\">\n<table class=\"sh_desc\">\n<tbody>\n<tr>\n<td>K\u00fcpe T\u00fcr\u00fc<\/td>\n<td>Saplama K\u00fcpe<\/td>\n<\/tr>\n<tr>\n<td>SKU<\/td>\n<td>49788<\/td>\n<\/tr>\n<tr>\n<td>Br\u00fct A\u011f\u0131rl\u0131k.<\/td>\n<td>2.27<\/td>\n<\/tr>\n<tr>\n<td>Elmas A\u011f\u0131rl\u0131\u011f\u0131.<\/td>\n<td>0.50ct<\/td>\n<\/tr>\n<tr>\n<td>Metal<\/td>\n<td>18 Ayar Alt\u0131n<\/td>\n<\/tr>\n<tr>\n<td>\u00dccretler<\/td>\n<td>Teslimat ve KDV Dahil<\/td>\n<\/tr>\n<tr>\n<td>Paketleme<\/td>\n<td>Sunum Kutusu ile Birlikte Gelir<\/td>\n<\/tr>\n<tr>\n<td>Daha Fazla Bilgi<\/td>\n<td>M\u00fcsaitlik durumu ve daha fazla resim i\u00e7in bizimle canl\u0131 sohbet edin<\/td>\n<\/tr>\n<\/tbody>\n<\/table>\n<\/div>","protected":false},"featured_media":383903,"comment_status":"closed","ping_status":"closed","template":"","meta":{"_eb_attr":"","_crsspst_to_jayantr4sg-hostcom":false},"product_brand":[],"product_cat":[6086,5679,1791,1794,5458,5457,1569,1574],"product_tag":[66],"class_list":{"0":"post-427342","1":"product","2":"type-product","3":"status-publish","4":"has-post-thumbnail","6":"product_cat-18ct-gold-earring","7":"product_cat-18ct-gold-jewellery","8":"product_cat-anniversary-gifts","9":"product_cat-christmas-gifts","10":"product_cat-diamond-earring","11":"product_cat-diamond-jewellery","12":"product_cat-valentine-day-gifts","13":"product_cat-womens-jewellery","14":"product_tag-earrings","16":"first","17":"instock","18":"taxable","19":"shipping-taxable","20":"purchasable","21":"product-type-simple","22":"add-to-wishlist-before_image"},"yoast_head":"<!-- This site is optimized with the Yoast SEO plugin v27.5 - https:\/\/yoast.com\/product\/yoast-seo-wordpress\/ -->\n<title>Shop Diamond Halo Stud Earrings in 18ct Gold | Elegant Sparkle<\/title>\n<meta name=\"description\" content=\"Discover radiant 18ct Yellow Gold Diamond Halo Stud Earrings, designed to enhance brilliance with a timeless halo setting. Shop now for everyday luxury.\" \/>\n<meta name=\"robots\" content=\"index, follow, max-snippet:-1, max-image-preview:large, max-video-preview:-1\" \/>\n<link rel=\"canonical\" href=\"https:\/\/www.purejewels.com\/tr\/urun\/18-ayar-sari-altin-pirlanta-halo-saplama-kupe-49788\/\" \/>\n<meta property=\"og:locale\" content=\"tr_TR\" \/>\n<meta property=\"og:type\" content=\"article\" \/>\n<meta property=\"og:title\" content=\"Shop Diamond Halo Stud Earrings in 18ct Gold | Elegant Sparkle\" \/>\n<meta property=\"og:description\" content=\"Discover radiant 18ct Yellow Gold Diamond Halo Stud Earrings, designed to enhance brilliance with a timeless halo setting. Shop now for everyday luxury.\" \/>\n<meta property=\"og:url\" content=\"https:\/\/www.purejewels.com\/tr\/urun\/18-ayar-sari-altin-pirlanta-halo-saplama-kupe-49788\/\" \/>\n<meta property=\"og:site_name\" content=\"PureJewels UK\" \/>\n<meta property=\"article:modified_time\" content=\"2026-03-19T05:07:04+00:00\" \/>\n<meta property=\"og:image\" content=\"https:\/\/static.purejewels.com\/wp-content\/uploads\/2023\/06\/49780.png\" \/>\n\t<meta property=\"og:image:width\" content=\"1000\" \/>\n\t<meta property=\"og:image:height\" content=\"1000\" \/>\n\t<meta property=\"og:image:type\" content=\"image\/png\" \/>\n<meta name=\"twitter:card\" content=\"summary_large_image\" \/>\n<meta name=\"twitter:label1\" content=\"Tahmini okuma s\u00fcresi\" \/>\n\t<meta name=\"twitter:data1\" content=\"1 dakika\" \/>\n<script type=\"application\/ld+json\" class=\"yoast-schema-graph\">{\"@context\":\"https:\\\/\\\/schema.org\",\"@graph\":[{\"@type\":[\"WebPage\",\"ItemPage\"],\"@id\":\"https:\\\/\\\/www.purejewels.com\\\/product\\\/18ct-yellow-gold-diamond-halo-stud-earrings-49788\\\/\",\"url\":\"https:\\\/\\\/www.purejewels.com\\\/product\\\/18ct-yellow-gold-diamond-halo-stud-earrings-49788\\\/\",\"name\":\"Shop Diamond Halo Stud Earrings in 18ct Gold | Elegant Sparkle\",\"isPartOf\":{\"@id\":\"https:\\\/\\\/www.purejewels.com\\\/#website\"},\"primaryImageOfPage\":{\"@id\":\"https:\\\/\\\/www.purejewels.com\\\/product\\\/18ct-yellow-gold-diamond-halo-stud-earrings-49788\\\/#primaryimage\"},\"image\":{\"@id\":\"https:\\\/\\\/www.purejewels.com\\\/product\\\/18ct-yellow-gold-diamond-halo-stud-earrings-49788\\\/#primaryimage\"},\"thumbnailUrl\":\"https:\\\/\\\/static.purejewels.com\\\/wp-content\\\/uploads\\\/2023\\\/06\\\/49780.png\",\"datePublished\":\"2026-01-19T04:55:06+00:00\",\"dateModified\":\"2026-03-19T05:07:04+00:00\",\"description\":\"Discover radiant 18ct Yellow Gold Diamond Halo Stud Earrings, designed to enhance brilliance with a timeless halo setting. Shop now for everyday luxury.\",\"breadcrumb\":{\"@id\":\"https:\\\/\\\/www.purejewels.com\\\/product\\\/18ct-yellow-gold-diamond-halo-stud-earrings-49788\\\/#breadcrumb\"},\"inLanguage\":\"tr\",\"potentialAction\":[{\"@type\":\"ReadAction\",\"target\":[\"https:\\\/\\\/www.purejewels.com\\\/product\\\/18ct-yellow-gold-diamond-halo-stud-earrings-49788\\\/\"]}]},{\"@type\":\"ImageObject\",\"inLanguage\":\"tr\",\"@id\":\"https:\\\/\\\/www.purejewels.com\\\/product\\\/18ct-yellow-gold-diamond-halo-stud-earrings-49788\\\/#primaryimage\",\"url\":\"https:\\\/\\\/static.purejewels.com\\\/wp-content\\\/uploads\\\/2023\\\/06\\\/49780.png\",\"contentUrl\":\"https:\\\/\\\/static.purejewels.com\\\/wp-content\\\/uploads\\\/2023\\\/06\\\/49780.png\",\"width\":1000,\"height\":1000,\"caption\":\"18ct Yellow Gold Diamond Studs\"},{\"@type\":\"BreadcrumbList\",\"@id\":\"https:\\\/\\\/www.purejewels.com\\\/product\\\/18ct-yellow-gold-diamond-halo-stud-earrings-49788\\\/#breadcrumb\",\"itemListElement\":[{\"@type\":\"ListItem\",\"position\":1,\"name\":\"Home\",\"item\":\"https:\\\/\\\/www.purejewels.com\\\/\"},{\"@type\":\"ListItem\",\"position\":2,\"name\":\"Shop\",\"item\":\"https:\\\/\\\/www.purejewels.com\\\/shop\\\/\"},{\"@type\":\"ListItem\",\"position\":3,\"name\":\"18ct Yellow Gold Diamond Halo Stud Earrings\"}]},{\"@type\":\"WebSite\",\"@id\":\"https:\\\/\\\/www.purejewels.com\\\/#website\",\"url\":\"https:\\\/\\\/www.purejewels.com\\\/\",\"name\":\"PureJewels UK\",\"description\":\"Share the Love\",\"publisher\":{\"@id\":\"https:\\\/\\\/www.purejewels.com\\\/#organization\"},\"potentialAction\":[{\"@type\":\"SearchAction\",\"target\":{\"@type\":\"EntryPoint\",\"urlTemplate\":\"https:\\\/\\\/www.purejewels.com\\\/?s={search_term_string}\"},\"query-input\":{\"@type\":\"PropertyValueSpecification\",\"valueRequired\":true,\"valueName\":\"search_term_string\"}}],\"inLanguage\":\"tr\"},{\"@type\":\"Organization\",\"@id\":\"https:\\\/\\\/www.purejewels.com\\\/#organization\",\"name\":\"PureJewels UK\",\"url\":\"https:\\\/\\\/www.purejewels.com\\\/\",\"logo\":{\"@type\":\"ImageObject\",\"inLanguage\":\"tr\",\"@id\":\"https:\\\/\\\/www.purejewels.com\\\/#\\\/schema\\\/logo\\\/image\\\/\",\"url\":\"https:\\\/\\\/static.purejewels.com\\\/wp-content\\\/uploads\\\/2020\\\/11\\\/Logo-PJ-New-1.png\",\"contentUrl\":\"https:\\\/\\\/static.purejewels.com\\\/wp-content\\\/uploads\\\/2020\\\/11\\\/Logo-PJ-New-1.png\",\"width\":150,\"height\":80,\"caption\":\"PureJewels UK\"},\"image\":{\"@id\":\"https:\\\/\\\/www.purejewels.com\\\/#\\\/schema\\\/logo\\\/image\\\/\"}}]}<\/script>\n<!-- \/ Yoast SEO plugin. -->","yoast_head_json":{"title":"Al\u0131\u015fveri\u015f 18 Ayar Alt\u0131n P\u0131rlanta Halo Saplama K\u00fcpe | Elegant Sparkle","description":"Zamans\u0131z bir hale ayar\u0131 ile parlakl\u0131\u011f\u0131 art\u0131rmak i\u00e7in tasarlanm\u0131\u015f, \u0131\u015f\u0131lt\u0131l\u0131 18 Ayar Sar\u0131 Alt\u0131n P\u0131rlanta Halo Saplama K\u00fcpeleri ke\u015ffedin. G\u00fcnl\u00fck l\u00fcks i\u00e7in \u015fimdi al\u0131\u015fveri\u015f yap\u0131n.","robots":{"index":"index","follow":"follow","max-snippet":"max-snippet:-1","max-image-preview":"max-image-preview:large","max-video-preview":"max-video-preview:-1"},"canonical":"https:\/\/www.purejewels.com\/tr\/urun\/18-ayar-sari-altin-pirlanta-halo-saplama-kupe-49788\/","og_locale":"tr_TR","og_type":"article","og_title":"Shop Diamond Halo Stud Earrings in 18ct Gold | Elegant Sparkle","og_description":"Discover radiant 18ct Yellow Gold Diamond Halo Stud Earrings, designed to enhance brilliance with a timeless halo setting. Shop now for everyday luxury.","og_url":"https:\/\/www.purejewels.com\/tr\/urun\/18-ayar-sari-altin-pirlanta-halo-saplama-kupe-49788\/","og_site_name":"PureJewels UK","article_modified_time":"2026-03-19T05:07:04+00:00","og_image":[{"width":1000,"height":1000,"url":"https:\/\/static.purejewels.com\/wp-content\/uploads\/2023\/06\/49780.png","type":"image\/png"}],"twitter_card":"summary_large_image","twitter_misc":{"Tahmini okuma s\u00fcresi":"1 dakika"},"schema":{"@context":"https:\/\/schema.org","@graph":[{"@type":["WebPage","ItemPage"],"@id":"https:\/\/www.purejewels.com\/product\/18ct-yellow-gold-diamond-halo-stud-earrings-49788\/","url":"https:\/\/www.purejewels.com\/product\/18ct-yellow-gold-diamond-halo-stud-earrings-49788\/","name":"Al\u0131\u015fveri\u015f 18 Ayar Alt\u0131n P\u0131rlanta Halo Saplama K\u00fcpe | Elegant Sparkle","isPartOf":{"@id":"https:\/\/www.purejewels.com\/#website"},"primaryImageOfPage":{"@id":"https:\/\/www.purejewels.com\/product\/18ct-yellow-gold-diamond-halo-stud-earrings-49788\/#primaryimage"},"image":{"@id":"https:\/\/www.purejewels.com\/product\/18ct-yellow-gold-diamond-halo-stud-earrings-49788\/#primaryimage"},"thumbnailUrl":"https:\/\/static.purejewels.com\/wp-content\/uploads\/2023\/06\/49780.png","datePublished":"2026-01-19T04:55:06+00:00","dateModified":"2026-03-19T05:07:04+00:00","description":"Zamans\u0131z bir hale ayar\u0131 ile parlakl\u0131\u011f\u0131 art\u0131rmak i\u00e7in tasarlanm\u0131\u015f, \u0131\u015f\u0131lt\u0131l\u0131 18 Ayar Sar\u0131 Alt\u0131n P\u0131rlanta Halo Saplama K\u00fcpeleri ke\u015ffedin. G\u00fcnl\u00fck l\u00fcks i\u00e7in \u015fimdi al\u0131\u015fveri\u015f yap\u0131n.","breadcrumb":{"@id":"https:\/\/www.purejewels.com\/product\/18ct-yellow-gold-diamond-halo-stud-earrings-49788\/#breadcrumb"},"inLanguage":"tr","potentialAction":[{"@type":"ReadAction","target":["https:\/\/www.purejewels.com\/product\/18ct-yellow-gold-diamond-halo-stud-earrings-49788\/"]}]},{"@type":"ImageObject","inLanguage":"tr","@id":"https:\/\/www.purejewels.com\/product\/18ct-yellow-gold-diamond-halo-stud-earrings-49788\/#primaryimage","url":"https:\/\/static.purejewels.com\/wp-content\/uploads\/2023\/06\/49780.png","contentUrl":"https:\/\/static.purejewels.com\/wp-content\/uploads\/2023\/06\/49780.png","width":1000,"height":1000,"caption":"18ct Yellow Gold Diamond Studs"},{"@type":"BreadcrumbList","@id":"https:\/\/www.purejewels.com\/product\/18ct-yellow-gold-diamond-halo-stud-earrings-49788\/#breadcrumb","itemListElement":[{"@type":"ListItem","position":1,"name":"Home","item":"https:\/\/www.purejewels.com\/"},{"@type":"ListItem","position":2,"name":"Shop","item":"https:\/\/www.purejewels.com\/shop\/"},{"@type":"ListItem","position":3,"name":"18ct Yellow Gold Diamond Halo Stud Earrings"}]},{"@type":"WebSite","@id":"https:\/\/www.purejewels.com\/#website","url":"https:\/\/www.purejewels.com\/","name":"PureJewels \u0130ngiltere","description":"Sevgiyi Payla\u015f\u0131n","publisher":{"@id":"https:\/\/www.purejewels.com\/#organization"},"potentialAction":[{"@type":"SearchAction","target":{"@type":"EntryPoint","urlTemplate":"https:\/\/www.purejewels.com\/?s={search_term_string}"},"query-input":{"@type":"PropertyValueSpecification","valueRequired":true,"valueName":"search_term_string"}}],"inLanguage":"tr"},{"@type":"Organization","@id":"https:\/\/www.purejewels.com\/#organization","name":"PureJewels \u0130ngiltere","url":"https:\/\/www.purejewels.com\/","logo":{"@type":"ImageObject","inLanguage":"tr","@id":"https:\/\/www.purejewels.com\/#\/schema\/logo\/image\/","url":"https:\/\/static.purejewels.com\/wp-content\/uploads\/2020\/11\/Logo-PJ-New-1.png","contentUrl":"https:\/\/static.purejewels.com\/wp-content\/uploads\/2020\/11\/Logo-PJ-New-1.png","width":150,"height":80,"caption":"PureJewels UK"},"image":{"@id":"https:\/\/www.purejewels.com\/#\/schema\/logo\/image\/"}}]}},"_links":{"self":[{"href":"https:\/\/www.purejewels.com\/tr\/wp-json\/wp\/v2\/product\/427342","targetHints":{"allow":["GET"]}}],"collection":[{"href":"https:\/\/www.purejewels.com\/tr\/wp-json\/wp\/v2\/product"}],"about":[{"href":"https:\/\/www.purejewels.com\/tr\/wp-json\/wp\/v2\/types\/product"}],"replies":[{"embeddable":true,"href":"https:\/\/www.purejewels.com\/tr\/wp-json\/wp\/v2\/comments?post=427342"}],"version-history":[{"count":3,"href":"https:\/\/www.purejewels.com\/tr\/wp-json\/wp\/v2\/product\/427342\/revisions"}],"predecessor-version":[{"id":427345,"href":"https:\/\/www.purejewels.com\/tr\/wp-json\/wp\/v2\/product\/427342\/revisions\/427345"}],"wp:featuredmedia":[{"embeddable":true,"href":"https:\/\/www.purejewels.com\/tr\/wp-json\/wp\/v2\/media\/383903"}],"wp:attachment":[{"href":"https:\/\/www.purejewels.com\/tr\/wp-json\/wp\/v2\/media?parent=427342"}],"wp:term":[{"taxonomy":"product_brand","embeddable":true,"href":"https:\/\/www.purejewels.com\/tr\/wp-json\/wp\/v2\/product_brand?post=427342"},{"taxonomy":"product_cat","embeddable":true,"href":"https:\/\/www.purejewels.com\/tr\/wp-json\/wp\/v2\/product_cat?post=427342"},{"taxonomy":"product_tag","embeddable":true,"href":"https:\/\/www.purejewels.com\/tr\/wp-json\/wp\/v2\/product_tag?post=427342"}],"curies":[{"name":"wp","href":"https:\/\/api.w.org\/{rel}","templated":true}]}}