{"id":427390,"date":"2026-01-20T05:11:58","date_gmt":"2026-01-20T05:11:58","guid":{"rendered":"https:\/\/www.purejewels.com\/?post_type=product&#038;p=427390"},"modified":"2026-03-20T05:33:48","modified_gmt":"2026-03-20T05:33:48","slug":"22-ayar-altin-tektas-cz-acik-yuzuk-53102","status":"publish","type":"product","link":"https:\/\/www.purejewels.com\/tr\/product\/22ct-gold-solitaire-cz-open-ring-53102\/","title":{"rendered":"22 Ayar Alt\u0131n Tekta\u015f CZ A\u00e7\u0131k Y\u00fcz\u00fck | N Beden"},"content":{"rendered":"<p data-start=\"675\" data-end=\"960\"><strong data-start=\"675\" data-end=\"693\">Tasar\u0131m Konsepti<\/strong><br data-start=\"693\" data-end=\"696\" \/>Sadeli\u011fin g\u00fczelli\u011fine dayanan bu y\u00fcz\u00fck, berrakl\u0131\u011f\u0131 ve sessiz g\u00fcveni simgeleyen tek bir parlak CZ ta\u015f\u0131na sahiptir. A\u00e7\u0131k u\u00e7lu formu modern ve havadar bir dokunu\u015f katarak tasar\u0131m\u0131n hafif, ak\u0131c\u0131 ve \u00e7a\u011fda\u015f hissettirmesini sa\u011flarken zamans\u0131z \u00e7ekicili\u011fini de koruyor.<\/p>\n<p data-start=\"962\" data-end=\"1303\"><strong data-start=\"962\" data-end=\"979\">Zanaatkarl\u0131k<\/strong><br data-start=\"979\" data-end=\"982\" \/>Zengin 22 ayar alt\u0131ndan \u00fcretilen y\u00fcz\u00fck, hassas bir \u015fekilde ayarlanm\u0131\u015f tekta\u015f CZ ta\u015f ile e\u015fle\u015ftirilmi\u015f ince cilal\u0131 bir bant sergiliyor. Temiz \u00e7er\u00e7eve ayar\u0131 ta\u015f\u0131n parlakl\u0131\u011f\u0131n\u0131 art\u0131r\u0131rken g\u00fcnl\u00fck kullan\u0131m i\u00e7in dayan\u0131kl\u0131l\u0131k sa\u011flar. Orijinallik damgas\u0131 ta\u015f\u0131yan bu y\u00fcz\u00fck, PureJewels'in kaliteye ve zarif i\u015f\u00e7ili\u011fe olan ba\u011fl\u0131l\u0131\u011f\u0131n\u0131 yans\u0131tmaktad\u0131r.<\/p>\n<p data-start=\"1305\" data-end=\"1370\"><strong data-start=\"1305\" data-end=\"1322\">Stil Fikirleri<\/strong><br data-start=\"1322\" data-end=\"1325\" \/>G\u00fcn\u00fcn\u00fcz\u00fc sorunsuz bir \u015fekilde ge\u00e7irmeniz i\u00e7in tasarland\u0131:<\/p>\n<ul>\n<li data-start=\"1373\" data-end=\"1418\">Minimal, zarif bir ifade i\u00e7in tek ba\u015f\u0131na giyin<\/li>\n<li data-start=\"1421\" data-end=\"1482\">Katmanl\u0131, modern bir g\u00f6r\u00fcn\u00fcm i\u00e7in di\u011fer ince alt\u0131n y\u00fcz\u00fcklerle birlikte kullan\u0131n<\/li>\n<li data-start=\"1485\" data-end=\"1551\">Abart\u0131s\u0131z bir \u0131\u015f\u0131lt\u0131 i\u00e7in hem g\u00fcndelik hem de resmi k\u0131yafetlerle e\u015fle\u015ftirin<\/li>\n<\/ul>\n<p data-start=\"1553\" data-end=\"1679\">\u0130nce g\u00fczelli\u011fi kutlayan \u00e7ok y\u00f6nl\u00fc bir par\u00e7a - ki\u015fisel bir temel veya \u00f6zel bir an\u0131 i\u015faretleyen d\u00fc\u015f\u00fcnceli bir hediye olarak m\u00fckemmel.<\/p>","protected":false},"excerpt":{"rendered":"<p>Sadelik ve \u0131\u015f\u0131lt\u0131n\u0131n hassas bir dengesi olan bu 22 ayar alt\u0131n tekta\u015f CZ a\u00e7\u0131k y\u00fcz\u00fck, zahmetsiz g\u00fcnl\u00fck \u015f\u0131kl\u0131k i\u00e7in tasarlanm\u0131\u015ft\u0131r.<\/p>\n<p><strong>Malzeme:<\/strong> 22 Ayar Alt\u0131n (91,6% Saf Alt\u0131n)<strong><br \/>\nHallmark:\u00a0<\/strong>\u0130ngiliz Damgas\u0131<strong><br \/>\n<\/strong><strong>Br\u00fct A\u011f\u0131rl\u0131k: <\/strong>1.78 Gms<br \/>\n<strong>Net A\u011f\u0131rl\u0131k: <\/strong>1.74 Gms<br \/>\n<strong>Boyut: <\/strong>N<br \/>\n<strong>SKU:<\/strong> 53102<\/p>\n<p><strong>Fiyat ve Teslimat<\/strong>: KDV ve teslimat \u00fccretleri dahil<br \/>\n<a href=\"https:\/\/www.purejewels.com\/tr\/i%cc%87ade-poli%cc%87ti%cc%87kasi\/\">\u0130ade Politikas\u0131<\/a><\/p>","protected":false},"featured_media":427391,"comment_status":"closed","ping_status":"closed","template":"","meta":{"_eb_attr":"","_crsspst_to_jayantr4sg-hostcom":true},"product_brand":[],"product_cat":[1791,1559,1785,1793,5701,1790,1229,1235,5343,1783,5338,5353,5349],"product_tag":[],"class_list":{"0":"post-427390","1":"product","2":"type-product","3":"status-publish","4":"has-post-thumbnail","6":"product_cat-anniversary-gifts","7":"product_cat-birthday-gifts","8":"product_cat-daily-wear-rings","9":"product_cat-diwali-gifts","10":"product_cat-eid-jewellery","11":"product_cat-for-whom-when","12":"product_cat-22ct-gold-jewellery","13":"product_cat-gold-rings","14":"product_cat-jewellery-under-550","15":"product_cat-ladies-rings","16":"product_cat-shop-by-price","17":"product_cat-shop-by","18":"product_cat-yellow-gold-jewellery","20":"first","21":"instock","22":"taxable","23":"shipping-taxable","24":"purchasable","25":"product-type-simple","26":"add-to-wishlist-before_image"},"yoast_head":"<!-- This site is optimized with the Yoast SEO plugin v27.3 - https:\/\/yoast.com\/product\/yoast-seo-wordpress\/ -->\n<title>Minimal 22ct Gold CZ Solitaire Open Ring for Daily Wear<\/title>\n<meta name=\"description\" content=\"Shop 22ct gold solitaire CZ open ring. A sleek, minimal design perfect for everyday wear, stacking or gifting with timeless elegance and subtle sparkle.\" \/>\n<meta name=\"robots\" content=\"index, follow, max-snippet:-1, max-image-preview:large, max-video-preview:-1\" \/>\n<link rel=\"canonical\" href=\"https:\/\/www.purejewels.com\/tr\/urun\/22-ayar-altin-tektas-cz-acik-yuzuk-53102\/\" \/>\n<meta property=\"og:locale\" content=\"tr_TR\" \/>\n<meta property=\"og:type\" content=\"article\" \/>\n<meta property=\"og:title\" content=\"Minimal 22ct Gold CZ Solitaire Open Ring for Daily Wear\" \/>\n<meta property=\"og:description\" content=\"Shop 22ct gold solitaire CZ open ring. A sleek, minimal design perfect for everyday wear, stacking or gifting with timeless elegance and subtle sparkle.\" \/>\n<meta property=\"og:url\" content=\"https:\/\/www.purejewels.com\/tr\/urun\/22-ayar-altin-tektas-cz-acik-yuzuk-53102\/\" \/>\n<meta property=\"og:site_name\" content=\"PureJewels UK\" \/>\n<meta property=\"article:modified_time\" content=\"2026-03-20T05:33:48+00:00\" \/>\n<meta property=\"og:image\" content=\"https:\/\/static.purejewels.com\/wp-content\/uploads\/2026\/03\/53102-1.png\" \/>\n\t<meta property=\"og:image:width\" content=\"1024\" \/>\n\t<meta property=\"og:image:height\" content=\"1024\" \/>\n\t<meta property=\"og:image:type\" content=\"image\/png\" \/>\n<meta name=\"twitter:card\" content=\"summary_large_image\" \/>\n<meta name=\"twitter:label1\" content=\"Tahmini okuma s\u00fcresi\" \/>\n\t<meta name=\"twitter:data1\" content=\"1 dakika\" \/>\n<script type=\"application\/ld+json\" class=\"yoast-schema-graph\">{\"@context\":\"https:\\\/\\\/schema.org\",\"@graph\":[{\"@type\":[\"WebPage\",\"ItemPage\"],\"@id\":\"https:\\\/\\\/www.purejewels.com\\\/product\\\/22ct-gold-solitaire-cz-open-ring-53102\\\/\",\"url\":\"https:\\\/\\\/www.purejewels.com\\\/product\\\/22ct-gold-solitaire-cz-open-ring-53102\\\/\",\"name\":\"Minimal 22ct Gold CZ Solitaire Open Ring for Daily Wear\",\"isPartOf\":{\"@id\":\"https:\\\/\\\/www.purejewels.com\\\/#website\"},\"primaryImageOfPage\":{\"@id\":\"https:\\\/\\\/www.purejewels.com\\\/product\\\/22ct-gold-solitaire-cz-open-ring-53102\\\/#primaryimage\"},\"image\":{\"@id\":\"https:\\\/\\\/www.purejewels.com\\\/product\\\/22ct-gold-solitaire-cz-open-ring-53102\\\/#primaryimage\"},\"thumbnailUrl\":\"https:\\\/\\\/static.purejewels.com\\\/wp-content\\\/uploads\\\/2026\\\/03\\\/53102-1.png\",\"datePublished\":\"2026-01-20T05:11:58+00:00\",\"dateModified\":\"2026-03-20T05:33:48+00:00\",\"description\":\"Shop 22ct gold solitaire CZ open ring. A sleek, minimal design perfect for everyday wear, stacking or gifting with timeless elegance and subtle sparkle.\",\"breadcrumb\":{\"@id\":\"https:\\\/\\\/www.purejewels.com\\\/product\\\/22ct-gold-solitaire-cz-open-ring-53102\\\/#breadcrumb\"},\"inLanguage\":\"tr\",\"potentialAction\":[{\"@type\":\"ReadAction\",\"target\":[\"https:\\\/\\\/www.purejewels.com\\\/product\\\/22ct-gold-solitaire-cz-open-ring-53102\\\/\"]}]},{\"@type\":\"ImageObject\",\"inLanguage\":\"tr\",\"@id\":\"https:\\\/\\\/www.purejewels.com\\\/product\\\/22ct-gold-solitaire-cz-open-ring-53102\\\/#primaryimage\",\"url\":\"https:\\\/\\\/static.purejewels.com\\\/wp-content\\\/uploads\\\/2026\\\/03\\\/53102-1.png\",\"contentUrl\":\"https:\\\/\\\/static.purejewels.com\\\/wp-content\\\/uploads\\\/2026\\\/03\\\/53102-1.png\",\"width\":1024,\"height\":1024,\"caption\":\"22ct Gold Solitaire CZ Open Ring\"},{\"@type\":\"BreadcrumbList\",\"@id\":\"https:\\\/\\\/www.purejewels.com\\\/product\\\/22ct-gold-solitaire-cz-open-ring-53102\\\/#breadcrumb\",\"itemListElement\":[{\"@type\":\"ListItem\",\"position\":1,\"name\":\"Home\",\"item\":\"https:\\\/\\\/www.purejewels.com\\\/\"},{\"@type\":\"ListItem\",\"position\":2,\"name\":\"Shop\",\"item\":\"https:\\\/\\\/www.purejewels.com\\\/shop\\\/\"},{\"@type\":\"ListItem\",\"position\":3,\"name\":\"22ct Gold Solitaire CZ Open Ring | Size N\"}]},{\"@type\":\"WebSite\",\"@id\":\"https:\\\/\\\/www.purejewels.com\\\/#website\",\"url\":\"https:\\\/\\\/www.purejewels.com\\\/\",\"name\":\"PureJewels UK\",\"description\":\"Share the Love\",\"publisher\":{\"@id\":\"https:\\\/\\\/www.purejewels.com\\\/#organization\"},\"potentialAction\":[{\"@type\":\"SearchAction\",\"target\":{\"@type\":\"EntryPoint\",\"urlTemplate\":\"https:\\\/\\\/www.purejewels.com\\\/?s={search_term_string}\"},\"query-input\":{\"@type\":\"PropertyValueSpecification\",\"valueRequired\":true,\"valueName\":\"search_term_string\"}}],\"inLanguage\":\"tr\"},{\"@type\":\"Organization\",\"@id\":\"https:\\\/\\\/www.purejewels.com\\\/#organization\",\"name\":\"PureJewels UK\",\"url\":\"https:\\\/\\\/www.purejewels.com\\\/\",\"logo\":{\"@type\":\"ImageObject\",\"inLanguage\":\"tr\",\"@id\":\"https:\\\/\\\/www.purejewels.com\\\/#\\\/schema\\\/logo\\\/image\\\/\",\"url\":\"https:\\\/\\\/static.purejewels.com\\\/wp-content\\\/uploads\\\/2020\\\/11\\\/Logo-PJ-New-1.png\",\"contentUrl\":\"https:\\\/\\\/static.purejewels.com\\\/wp-content\\\/uploads\\\/2020\\\/11\\\/Logo-PJ-New-1.png\",\"width\":150,\"height\":80,\"caption\":\"PureJewels UK\"},\"image\":{\"@id\":\"https:\\\/\\\/www.purejewels.com\\\/#\\\/schema\\\/logo\\\/image\\\/\"}}]}<\/script>\n<!-- \/ Yoast SEO plugin. -->","yoast_head_json":{"title":"G\u00fcnl\u00fck Kullan\u0131m i\u00e7in Minimal 22 Ayar Alt\u0131n CZ Tekta\u015f A\u00e7\u0131k Y\u00fcz\u00fck","description":"22 ayar alt\u0131n tekta\u015f CZ a\u00e7\u0131k y\u00fcz\u00fck sat\u0131n al\u0131n. Zamans\u0131z zarafeti ve ince \u0131\u015f\u0131lt\u0131s\u0131yla g\u00fcnl\u00fck kullan\u0131m, istifleme veya hediye i\u00e7in m\u00fckemmel, \u015f\u0131k ve minimal bir tasar\u0131m.","robots":{"index":"index","follow":"follow","max-snippet":"max-snippet:-1","max-image-preview":"max-image-preview:large","max-video-preview":"max-video-preview:-1"},"canonical":"https:\/\/www.purejewels.com\/tr\/urun\/22-ayar-altin-tektas-cz-acik-yuzuk-53102\/","og_locale":"tr_TR","og_type":"article","og_title":"Minimal 22ct Gold CZ Solitaire Open Ring for Daily Wear","og_description":"Shop 22ct gold solitaire CZ open ring. A sleek, minimal design perfect for everyday wear, stacking or gifting with timeless elegance and subtle sparkle.","og_url":"https:\/\/www.purejewels.com\/tr\/urun\/22-ayar-altin-tektas-cz-acik-yuzuk-53102\/","og_site_name":"PureJewels UK","article_modified_time":"2026-03-20T05:33:48+00:00","og_image":[{"width":1024,"height":1024,"url":"https:\/\/static.purejewels.com\/wp-content\/uploads\/2026\/03\/53102-1.png","type":"image\/png"}],"twitter_card":"summary_large_image","twitter_misc":{"Tahmini okuma s\u00fcresi":"1 dakika"},"schema":{"@context":"https:\/\/schema.org","@graph":[{"@type":["WebPage","ItemPage"],"@id":"https:\/\/www.purejewels.com\/product\/22ct-gold-solitaire-cz-open-ring-53102\/","url":"https:\/\/www.purejewels.com\/product\/22ct-gold-solitaire-cz-open-ring-53102\/","name":"G\u00fcnl\u00fck Kullan\u0131m i\u00e7in Minimal 22 Ayar Alt\u0131n CZ Tekta\u015f A\u00e7\u0131k Y\u00fcz\u00fck","isPartOf":{"@id":"https:\/\/www.purejewels.com\/#website"},"primaryImageOfPage":{"@id":"https:\/\/www.purejewels.com\/product\/22ct-gold-solitaire-cz-open-ring-53102\/#primaryimage"},"image":{"@id":"https:\/\/www.purejewels.com\/product\/22ct-gold-solitaire-cz-open-ring-53102\/#primaryimage"},"thumbnailUrl":"https:\/\/static.purejewels.com\/wp-content\/uploads\/2026\/03\/53102-1.png","datePublished":"2026-01-20T05:11:58+00:00","dateModified":"2026-03-20T05:33:48+00:00","description":"22 ayar alt\u0131n tekta\u015f CZ a\u00e7\u0131k y\u00fcz\u00fck sat\u0131n al\u0131n. Zamans\u0131z zarafeti ve ince \u0131\u015f\u0131lt\u0131s\u0131yla g\u00fcnl\u00fck kullan\u0131m, istifleme veya hediye i\u00e7in m\u00fckemmel, \u015f\u0131k ve minimal bir tasar\u0131m.","breadcrumb":{"@id":"https:\/\/www.purejewels.com\/product\/22ct-gold-solitaire-cz-open-ring-53102\/#breadcrumb"},"inLanguage":"tr","potentialAction":[{"@type":"ReadAction","target":["https:\/\/www.purejewels.com\/product\/22ct-gold-solitaire-cz-open-ring-53102\/"]}]},{"@type":"ImageObject","inLanguage":"tr","@id":"https:\/\/www.purejewels.com\/product\/22ct-gold-solitaire-cz-open-ring-53102\/#primaryimage","url":"https:\/\/static.purejewels.com\/wp-content\/uploads\/2026\/03\/53102-1.png","contentUrl":"https:\/\/static.purejewels.com\/wp-content\/uploads\/2026\/03\/53102-1.png","width":1024,"height":1024,"caption":"22ct Gold Solitaire CZ Open Ring"},{"@type":"BreadcrumbList","@id":"https:\/\/www.purejewels.com\/product\/22ct-gold-solitaire-cz-open-ring-53102\/#breadcrumb","itemListElement":[{"@type":"ListItem","position":1,"name":"Home","item":"https:\/\/www.purejewels.com\/"},{"@type":"ListItem","position":2,"name":"Shop","item":"https:\/\/www.purejewels.com\/shop\/"},{"@type":"ListItem","position":3,"name":"22ct Gold Solitaire CZ Open Ring | Size N"}]},{"@type":"WebSite","@id":"https:\/\/www.purejewels.com\/#website","url":"https:\/\/www.purejewels.com\/","name":"PureJewels \u0130ngiltere","description":"Sevgiyi Payla\u015f\u0131n","publisher":{"@id":"https:\/\/www.purejewels.com\/#organization"},"potentialAction":[{"@type":"SearchAction","target":{"@type":"EntryPoint","urlTemplate":"https:\/\/www.purejewels.com\/?s={search_term_string}"},"query-input":{"@type":"PropertyValueSpecification","valueRequired":true,"valueName":"search_term_string"}}],"inLanguage":"tr"},{"@type":"Organization","@id":"https:\/\/www.purejewels.com\/#organization","name":"PureJewels \u0130ngiltere","url":"https:\/\/www.purejewels.com\/","logo":{"@type":"ImageObject","inLanguage":"tr","@id":"https:\/\/www.purejewels.com\/#\/schema\/logo\/image\/","url":"https:\/\/static.purejewels.com\/wp-content\/uploads\/2020\/11\/Logo-PJ-New-1.png","contentUrl":"https:\/\/static.purejewels.com\/wp-content\/uploads\/2020\/11\/Logo-PJ-New-1.png","width":150,"height":80,"caption":"PureJewels UK"},"image":{"@id":"https:\/\/www.purejewels.com\/#\/schema\/logo\/image\/"}}]}},"_links":{"self":[{"href":"https:\/\/www.purejewels.com\/tr\/wp-json\/wp\/v2\/product\/427390","targetHints":{"allow":["GET"]}}],"collection":[{"href":"https:\/\/www.purejewels.com\/tr\/wp-json\/wp\/v2\/product"}],"about":[{"href":"https:\/\/www.purejewels.com\/tr\/wp-json\/wp\/v2\/types\/product"}],"replies":[{"embeddable":true,"href":"https:\/\/www.purejewels.com\/tr\/wp-json\/wp\/v2\/comments?post=427390"}],"version-history":[{"count":2,"href":"https:\/\/www.purejewels.com\/tr\/wp-json\/wp\/v2\/product\/427390\/revisions"}],"predecessor-version":[{"id":427393,"href":"https:\/\/www.purejewels.com\/tr\/wp-json\/wp\/v2\/product\/427390\/revisions\/427393"}],"wp:featuredmedia":[{"embeddable":true,"href":"https:\/\/www.purejewels.com\/tr\/wp-json\/wp\/v2\/media\/427391"}],"wp:attachment":[{"href":"https:\/\/www.purejewels.com\/tr\/wp-json\/wp\/v2\/media?parent=427390"}],"wp:term":[{"taxonomy":"product_brand","embeddable":true,"href":"https:\/\/www.purejewels.com\/tr\/wp-json\/wp\/v2\/product_brand?post=427390"},{"taxonomy":"product_cat","embeddable":true,"href":"https:\/\/www.purejewels.com\/tr\/wp-json\/wp\/v2\/product_cat?post=427390"},{"taxonomy":"product_tag","embeddable":true,"href":"https:\/\/www.purejewels.com\/tr\/wp-json\/wp\/v2\/product_tag?post=427390"}],"curies":[{"name":"wp","href":"https:\/\/api.w.org\/{rel}","templated":true}]}}