{"id":427492,"date":"2025-05-23T11:24:49","date_gmt":"2025-05-23T10:24:49","guid":{"rendered":"https:\/\/www.purejewels.com\/?post_type=product&#038;p=427492"},"modified":"2026-04-24T12:27:17","modified_gmt":"2026-04-24T11:27:17","slug":"22-ayar-altin-cicekli-girdap-cz-saplama-kupe-44727","status":"publish","type":"product","link":"https:\/\/www.purejewels.com\/tr\/product\/22ct-gold-floral-swirl-cz-stud-earrings-44727\/","title":{"rendered":"22 Ayar Alt\u0131n \u00c7i\u00e7ekli Girdap CZ Saplama K\u00fcpe"},"content":{"rendered":"<h3 data-section-id=\"15k7u7o\" data-start=\"582\" data-end=\"598\"><span role=\"text\"><strong data-start=\"586\" data-end=\"596\">Tasar\u0131m<\/strong><\/span><\/h3>\n<p data-start=\"599\" data-end=\"953\">Floral Swirl k\u00fcpe, a\u015fa\u011f\u0131da zarif kavisli bir forma d\u00f6n\u00fc\u015fen narin bir \u00e7i\u00e7e\u011fin etraf\u0131nda \u015fekilleniyor. CZ ta\u015flardan olu\u015fan bir k\u00fcme \u00e7i\u00e7e\u011fin merkezini olu\u015ftururken, geni\u015f alt\u0131n girdap siluete hareket ve yumu\u015fakl\u0131k kat\u0131yor. Kompozisyon, yap\u0131 ve ak\u0131\u015fkanl\u0131\u011f\u0131 dengeleyerek hem etkileyici hem de rafine bir his veren \u00f6zg\u00fcn bir tasar\u0131m yarat\u0131yor.<\/p>\n<h3 data-section-id=\"4dnwuv\" data-start=\"955\" data-end=\"978\"><span role=\"text\"><strong data-start=\"959\" data-end=\"976\">Zanaatkarl\u0131k<\/strong><\/span><\/h3>\n<p data-start=\"979\" data-end=\"1334\">Zengin 22 ayar alt\u0131ndan \u00fcretilen her bir k\u00fcpe, p\u00fcr\u00fczs\u00fcz k\u0131vr\u0131mlar ve hassas detaylar elde etmek i\u00e7in \u00f6zenle \u015fekillendirilmi\u015ftir. CZ ta\u015flar, parlakl\u0131\u011f\u0131 art\u0131rmak ve tasar\u0131m i\u00e7inde g\u00fcvenli yerle\u015fimi sa\u011flamak i\u00e7in ayr\u0131 ayr\u0131 ayarlanm\u0131\u015ft\u0131r. Cilal\u0131 kaplama alt\u0131n\u0131n s\u0131cakl\u0131\u011f\u0131n\u0131 vurgular ve her par\u00e7a Birle\u015fik Krall\u0131k'ta damgalanarak sertifikal\u0131 safl\u0131k ve g\u00fcvenilir i\u015f\u00e7ilik sa\u011flar.<\/p>\n<h3 data-section-id=\"1qe8r4e\" data-start=\"1336\" data-end=\"1363\"><span role=\"text\"><strong data-start=\"1340\" data-end=\"1361\">\u015eekillendirme &amp; Hediyele\u015fme<\/strong><\/span><\/h3>\n<p data-start=\"1364\" data-end=\"1697\">G\u00fcnd\u00fczden ak\u015fama zahmetsizce ge\u00e7i\u015f yapmak i\u00e7in tasarlanan bu k\u00fcpeler, hem g\u00fcnl\u00fck hem de f\u0131rsat giysilerine ince bir ifade katar. Minimal alt\u0131n par\u00e7alarla g\u00fczel bir \u015fekilde e\u015fle\u015fir veya odak aksesuar\u0131 olarak \u015fekillendirilebilir. Do\u011fum g\u00fcnleri, y\u0131l d\u00f6n\u00fcmleri veya bayram kutlamalar\u0131 i\u00e7in ideal bir hediye olan bu k\u00fcpeler, zarafeti \u00e7a\u011fda\u015f bir dokunu\u015fla yans\u0131t\u0131yor.<\/p>","protected":false},"excerpt":{"rendered":"<p>\u00c7i\u00e7ek k\u00fcmesi ve ak\u0131c\u0131 girdap tasar\u0131m\u0131na sahip zarif 22 ayar alt\u0131n k\u00fcpeler, daha fazla parlakl\u0131k i\u00e7in CZ ta\u015flarla ayarlanm\u0131\u015ft\u0131r.<\/p>\n<ul>\n<li style=\"list-style-type: none;\">\n<ul>\n<li><strong>Malzeme:<\/strong> 22 Ayar Alt\u0131n (91,6% Saf Alt\u0131n)<\/li>\n<li><strong>Hallmark: <\/strong>\u0130ngiliz Damgas\u0131<\/li>\n<li><strong>Br\u00fct A\u011f\u0131rl\u0131k: <\/strong>2.97 Gms<\/li>\n<li><strong>Net A\u011f\u0131rl\u0131k: <\/strong>2.88 Gms<\/li>\n<li><strong>SKU: <\/strong>44727<\/li>\n<\/ul>\n<\/li>\n<\/ul>\n<p><strong><br \/>\nFiyat ve Teslimat: <\/strong>KDV ve teslimat \u00fccretleri dahil<\/p>\n<p><strong><a href=\"https:\/\/www.purejewels.com\/tr\/i%cc%87ade-poli%cc%87ti%cc%87kasi\/\">\u0130ade Politikas\u0131<\/a><\/strong><\/p>","protected":false},"featured_media":427494,"comment_status":"closed","ping_status":"closed","template":"","meta":{"_eb_attr":"","_crsspst_to_jayantr4sg-hostcom":false},"product_brand":[],"product_cat":[1793,6190,1792,1790,1254,1229,5344,1570,5338,1577,1573,1574,5349],"product_tag":[5933,5922,66],"class_list":{"0":"post-427492","1":"product","2":"type-product","3":"status-publish","4":"has-post-thumbnail","6":"product_cat-diwali-gifts","7":"product_cat-easter-jewellery","8":"product_cat-festival-gifts","9":"product_cat-for-whom-when","10":"product_cat-gold-earrings","11":"product_cat-22ct-gold-jewellery","12":"product_cat-jewellery-under-750","13":"product_cat-mothers-day-gifts","14":"product_cat-shop-by-price","15":"product_cat-stud-earrings","16":"product_cat-wedding-gifts","17":"product_cat-womens-jewellery","18":"product_cat-yellow-gold-jewellery","19":"product_tag-22ct-gold","20":"product_tag-22ct-gold-earrings","21":"product_tag-earrings","23":"first","24":"instock","25":"taxable","26":"shipping-taxable","27":"purchasable","28":"product-type-simple","29":"add-to-wishlist-before_image"},"yoast_head":"<!-- This site is optimized with the Yoast SEO plugin v27.5 - https:\/\/yoast.com\/product\/yoast-seo-wordpress\/ -->\n<title>22ct Gold CZ Stud Earrings | Floral Swirl Design UK<\/title>\n<meta name=\"description\" content=\"Shop 22ct gold CZ stud earrings featuring a floral swirl design. A refined pair crafted for everyday elegance and special occasions.\" \/>\n<meta name=\"robots\" content=\"index, follow, max-snippet:-1, max-image-preview:large, max-video-preview:-1\" \/>\n<link rel=\"canonical\" href=\"https:\/\/www.purejewels.com\/tr\/urun\/22-ayar-altin-cicekli-girdap-cz-saplama-kupe-44727\/\" \/>\n<meta property=\"og:locale\" content=\"tr_TR\" \/>\n<meta property=\"og:type\" content=\"article\" \/>\n<meta property=\"og:title\" content=\"22ct Gold CZ Stud Earrings | Floral Swirl Design UK\" \/>\n<meta property=\"og:description\" content=\"Shop 22ct gold CZ stud earrings featuring a floral swirl design. A refined pair crafted for everyday elegance and special occasions.\" \/>\n<meta property=\"og:url\" content=\"https:\/\/www.purejewels.com\/tr\/urun\/22-ayar-altin-cicekli-girdap-cz-saplama-kupe-44727\/\" \/>\n<meta property=\"og:site_name\" content=\"PureJewels UK\" \/>\n<meta property=\"article:modified_time\" content=\"2026-04-24T11:27:17+00:00\" \/>\n<meta property=\"og:image\" content=\"https:\/\/static.purejewels.com\/wp-content\/uploads\/2026\/03\/1678094125_44727-1.jpg\" \/>\n\t<meta property=\"og:image:width\" content=\"1000\" \/>\n\t<meta property=\"og:image:height\" content=\"1000\" \/>\n\t<meta property=\"og:image:type\" content=\"image\/jpeg\" \/>\n<meta name=\"twitter:card\" content=\"summary_large_image\" \/>\n<meta name=\"twitter:label1\" content=\"Tahmini okuma s\u00fcresi\" \/>\n\t<meta name=\"twitter:data1\" content=\"1 dakika\" \/>\n<script type=\"application\/ld+json\" class=\"yoast-schema-graph\">{\"@context\":\"https:\\\/\\\/schema.org\",\"@graph\":[{\"@type\":[\"WebPage\",\"ItemPage\"],\"@id\":\"https:\\\/\\\/www.purejewels.com\\\/product\\\/22ct-gold-floral-swirl-cz-stud-earrings-44727\\\/\",\"url\":\"https:\\\/\\\/www.purejewels.com\\\/product\\\/22ct-gold-floral-swirl-cz-stud-earrings-44727\\\/\",\"name\":\"22ct Gold CZ Stud Earrings | Floral Swirl Design UK\",\"isPartOf\":{\"@id\":\"https:\\\/\\\/www.purejewels.com\\\/#website\"},\"primaryImageOfPage\":{\"@id\":\"https:\\\/\\\/www.purejewels.com\\\/product\\\/22ct-gold-floral-swirl-cz-stud-earrings-44727\\\/#primaryimage\"},\"image\":{\"@id\":\"https:\\\/\\\/www.purejewels.com\\\/product\\\/22ct-gold-floral-swirl-cz-stud-earrings-44727\\\/#primaryimage\"},\"thumbnailUrl\":\"https:\\\/\\\/static.purejewels.com\\\/wp-content\\\/uploads\\\/2026\\\/03\\\/1678094125_44727-1.jpg\",\"datePublished\":\"2025-05-23T10:24:49+00:00\",\"dateModified\":\"2026-04-24T11:27:17+00:00\",\"description\":\"Shop 22ct gold CZ stud earrings featuring a floral swirl design. A refined pair crafted for everyday elegance and special occasions.\",\"breadcrumb\":{\"@id\":\"https:\\\/\\\/www.purejewels.com\\\/product\\\/22ct-gold-floral-swirl-cz-stud-earrings-44727\\\/#breadcrumb\"},\"inLanguage\":\"tr\",\"potentialAction\":[{\"@type\":\"ReadAction\",\"target\":[\"https:\\\/\\\/www.purejewels.com\\\/product\\\/22ct-gold-floral-swirl-cz-stud-earrings-44727\\\/\"]}]},{\"@type\":\"ImageObject\",\"inLanguage\":\"tr\",\"@id\":\"https:\\\/\\\/www.purejewels.com\\\/product\\\/22ct-gold-floral-swirl-cz-stud-earrings-44727\\\/#primaryimage\",\"url\":\"https:\\\/\\\/static.purejewels.com\\\/wp-content\\\/uploads\\\/2026\\\/03\\\/1678094125_44727-1.jpg\",\"contentUrl\":\"https:\\\/\\\/static.purejewels.com\\\/wp-content\\\/uploads\\\/2026\\\/03\\\/1678094125_44727-1.jpg\",\"width\":1000,\"height\":1000,\"caption\":\"Stacked from 13 images. Method=B (R=8,S=4)\"},{\"@type\":\"BreadcrumbList\",\"@id\":\"https:\\\/\\\/www.purejewels.com\\\/product\\\/22ct-gold-floral-swirl-cz-stud-earrings-44727\\\/#breadcrumb\",\"itemListElement\":[{\"@type\":\"ListItem\",\"position\":1,\"name\":\"Home\",\"item\":\"https:\\\/\\\/www.purejewels.com\\\/\"},{\"@type\":\"ListItem\",\"position\":2,\"name\":\"Shop\",\"item\":\"https:\\\/\\\/www.purejewels.com\\\/shop\\\/\"},{\"@type\":\"ListItem\",\"position\":3,\"name\":\"22ct Gold Floral Swirl CZ Stud Earrings\"}]},{\"@type\":\"WebSite\",\"@id\":\"https:\\\/\\\/www.purejewels.com\\\/#website\",\"url\":\"https:\\\/\\\/www.purejewels.com\\\/\",\"name\":\"PureJewels UK\",\"description\":\"Share the Love\",\"publisher\":{\"@id\":\"https:\\\/\\\/www.purejewels.com\\\/#organization\"},\"potentialAction\":[{\"@type\":\"SearchAction\",\"target\":{\"@type\":\"EntryPoint\",\"urlTemplate\":\"https:\\\/\\\/www.purejewels.com\\\/?s={search_term_string}\"},\"query-input\":{\"@type\":\"PropertyValueSpecification\",\"valueRequired\":true,\"valueName\":\"search_term_string\"}}],\"inLanguage\":\"tr\"},{\"@type\":\"Organization\",\"@id\":\"https:\\\/\\\/www.purejewels.com\\\/#organization\",\"name\":\"PureJewels UK\",\"url\":\"https:\\\/\\\/www.purejewels.com\\\/\",\"logo\":{\"@type\":\"ImageObject\",\"inLanguage\":\"tr\",\"@id\":\"https:\\\/\\\/www.purejewels.com\\\/#\\\/schema\\\/logo\\\/image\\\/\",\"url\":\"https:\\\/\\\/static.purejewels.com\\\/wp-content\\\/uploads\\\/2020\\\/11\\\/Logo-PJ-New-1.png\",\"contentUrl\":\"https:\\\/\\\/static.purejewels.com\\\/wp-content\\\/uploads\\\/2020\\\/11\\\/Logo-PJ-New-1.png\",\"width\":150,\"height\":80,\"caption\":\"PureJewels UK\"},\"image\":{\"@id\":\"https:\\\/\\\/www.purejewels.com\\\/#\\\/schema\\\/logo\\\/image\\\/\"}}]}<\/script>\n<!-- \/ Yoast SEO plugin. -->","yoast_head_json":{"title":"22 Ayar Alt\u0131n CZ Saplama K\u00fcpe | \u00c7i\u00e7ekli Girdap Tasar\u0131m\u0131 \u0130ngiltere","description":"\u00c7i\u00e7ekli girdap tasar\u0131m\u0131na sahip 22 ayar alt\u0131n CZ k\u00fcpe sat\u0131n al\u0131n. G\u00fcnl\u00fck \u015f\u0131kl\u0131k ve \u00f6zel g\u00fcnler i\u00e7in haz\u0131rlanm\u0131\u015f zarif bir \u00e7ift.","robots":{"index":"index","follow":"follow","max-snippet":"max-snippet:-1","max-image-preview":"max-image-preview:large","max-video-preview":"max-video-preview:-1"},"canonical":"https:\/\/www.purejewels.com\/tr\/urun\/22-ayar-altin-cicekli-girdap-cz-saplama-kupe-44727\/","og_locale":"tr_TR","og_type":"article","og_title":"22ct Gold CZ Stud Earrings | Floral Swirl Design UK","og_description":"Shop 22ct gold CZ stud earrings featuring a floral swirl design. A refined pair crafted for everyday elegance and special occasions.","og_url":"https:\/\/www.purejewels.com\/tr\/urun\/22-ayar-altin-cicekli-girdap-cz-saplama-kupe-44727\/","og_site_name":"PureJewels UK","article_modified_time":"2026-04-24T11:27:17+00:00","og_image":[{"width":1000,"height":1000,"url":"https:\/\/static.purejewels.com\/wp-content\/uploads\/2026\/03\/1678094125_44727-1.jpg","type":"image\/jpeg"}],"twitter_card":"summary_large_image","twitter_misc":{"Tahmini okuma s\u00fcresi":"1 dakika"},"schema":{"@context":"https:\/\/schema.org","@graph":[{"@type":["WebPage","ItemPage"],"@id":"https:\/\/www.purejewels.com\/product\/22ct-gold-floral-swirl-cz-stud-earrings-44727\/","url":"https:\/\/www.purejewels.com\/product\/22ct-gold-floral-swirl-cz-stud-earrings-44727\/","name":"22 Ayar Alt\u0131n CZ Saplama K\u00fcpe | \u00c7i\u00e7ekli Girdap Tasar\u0131m\u0131 \u0130ngiltere","isPartOf":{"@id":"https:\/\/www.purejewels.com\/#website"},"primaryImageOfPage":{"@id":"https:\/\/www.purejewels.com\/product\/22ct-gold-floral-swirl-cz-stud-earrings-44727\/#primaryimage"},"image":{"@id":"https:\/\/www.purejewels.com\/product\/22ct-gold-floral-swirl-cz-stud-earrings-44727\/#primaryimage"},"thumbnailUrl":"https:\/\/static.purejewels.com\/wp-content\/uploads\/2026\/03\/1678094125_44727-1.jpg","datePublished":"2025-05-23T10:24:49+00:00","dateModified":"2026-04-24T11:27:17+00:00","description":"\u00c7i\u00e7ekli girdap tasar\u0131m\u0131na sahip 22 ayar alt\u0131n CZ k\u00fcpe sat\u0131n al\u0131n. G\u00fcnl\u00fck \u015f\u0131kl\u0131k ve \u00f6zel g\u00fcnler i\u00e7in haz\u0131rlanm\u0131\u015f zarif bir \u00e7ift.","breadcrumb":{"@id":"https:\/\/www.purejewels.com\/product\/22ct-gold-floral-swirl-cz-stud-earrings-44727\/#breadcrumb"},"inLanguage":"tr","potentialAction":[{"@type":"ReadAction","target":["https:\/\/www.purejewels.com\/product\/22ct-gold-floral-swirl-cz-stud-earrings-44727\/"]}]},{"@type":"ImageObject","inLanguage":"tr","@id":"https:\/\/www.purejewels.com\/product\/22ct-gold-floral-swirl-cz-stud-earrings-44727\/#primaryimage","url":"https:\/\/static.purejewels.com\/wp-content\/uploads\/2026\/03\/1678094125_44727-1.jpg","contentUrl":"https:\/\/static.purejewels.com\/wp-content\/uploads\/2026\/03\/1678094125_44727-1.jpg","width":1000,"height":1000,"caption":"Stacked from 13 images. Method=B (R=8,S=4)"},{"@type":"BreadcrumbList","@id":"https:\/\/www.purejewels.com\/product\/22ct-gold-floral-swirl-cz-stud-earrings-44727\/#breadcrumb","itemListElement":[{"@type":"ListItem","position":1,"name":"Home","item":"https:\/\/www.purejewels.com\/"},{"@type":"ListItem","position":2,"name":"Shop","item":"https:\/\/www.purejewels.com\/shop\/"},{"@type":"ListItem","position":3,"name":"22ct Gold Floral Swirl CZ Stud Earrings"}]},{"@type":"WebSite","@id":"https:\/\/www.purejewels.com\/#website","url":"https:\/\/www.purejewels.com\/","name":"PureJewels \u0130ngiltere","description":"Sevgiyi Payla\u015f\u0131n","publisher":{"@id":"https:\/\/www.purejewels.com\/#organization"},"potentialAction":[{"@type":"SearchAction","target":{"@type":"EntryPoint","urlTemplate":"https:\/\/www.purejewels.com\/?s={search_term_string}"},"query-input":{"@type":"PropertyValueSpecification","valueRequired":true,"valueName":"search_term_string"}}],"inLanguage":"tr"},{"@type":"Organization","@id":"https:\/\/www.purejewels.com\/#organization","name":"PureJewels \u0130ngiltere","url":"https:\/\/www.purejewels.com\/","logo":{"@type":"ImageObject","inLanguage":"tr","@id":"https:\/\/www.purejewels.com\/#\/schema\/logo\/image\/","url":"https:\/\/static.purejewels.com\/wp-content\/uploads\/2020\/11\/Logo-PJ-New-1.png","contentUrl":"https:\/\/static.purejewels.com\/wp-content\/uploads\/2020\/11\/Logo-PJ-New-1.png","width":150,"height":80,"caption":"PureJewels UK"},"image":{"@id":"https:\/\/www.purejewels.com\/#\/schema\/logo\/image\/"}}]}},"_links":{"self":[{"href":"https:\/\/www.purejewels.com\/tr\/wp-json\/wp\/v2\/product\/427492","targetHints":{"allow":["GET"]}}],"collection":[{"href":"https:\/\/www.purejewels.com\/tr\/wp-json\/wp\/v2\/product"}],"about":[{"href":"https:\/\/www.purejewels.com\/tr\/wp-json\/wp\/v2\/types\/product"}],"replies":[{"embeddable":true,"href":"https:\/\/www.purejewels.com\/tr\/wp-json\/wp\/v2\/comments?post=427492"}],"version-history":[{"count":2,"href":"https:\/\/www.purejewels.com\/tr\/wp-json\/wp\/v2\/product\/427492\/revisions"}],"predecessor-version":[{"id":427496,"href":"https:\/\/www.purejewels.com\/tr\/wp-json\/wp\/v2\/product\/427492\/revisions\/427496"}],"wp:featuredmedia":[{"embeddable":true,"href":"https:\/\/www.purejewels.com\/tr\/wp-json\/wp\/v2\/media\/427494"}],"wp:attachment":[{"href":"https:\/\/www.purejewels.com\/tr\/wp-json\/wp\/v2\/media?parent=427492"}],"wp:term":[{"taxonomy":"product_brand","embeddable":true,"href":"https:\/\/www.purejewels.com\/tr\/wp-json\/wp\/v2\/product_brand?post=427492"},{"taxonomy":"product_cat","embeddable":true,"href":"https:\/\/www.purejewels.com\/tr\/wp-json\/wp\/v2\/product_cat?post=427492"},{"taxonomy":"product_tag","embeddable":true,"href":"https:\/\/www.purejewels.com\/tr\/wp-json\/wp\/v2\/product_tag?post=427492"}],"curies":[{"name":"wp","href":"https:\/\/api.w.org\/{rel}","templated":true}]}}