{"id":427554,"date":"2026-01-25T07:38:21","date_gmt":"2026-01-25T07:38:21","guid":{"rendered":"https:\/\/www.purejewels.com\/?post_type=product&#038;p=427554"},"modified":"2026-04-28T13:36:30","modified_gmt":"2026-04-28T12:36:30","slug":"22-ayar-altin-cz-kelebek-saplama-kupe-53145","status":"publish","type":"product","link":"https:\/\/www.purejewels.com\/tr\/product\/22ct-gold-cz-butterfly-stud-earrings-53145\/","title":{"rendered":"22 Ayar Alt\u0131n CZ Kelebek Saplama K\u00fcpe"},"content":{"rendered":"<p><strong>Tasar\u0131m Konsepti<\/strong><\/p>\n<p>Do\u011fan\u0131n hafifli\u011fi ve g\u00fczelli\u011finden ilham alan bu kelebek k\u00fcpe, zarafet ve d\u00f6n\u00fc\u015f\u00fcm hissini yans\u0131t\u0131yor. Ak\u0131c\u0131 kelebek silueti, par\u0131ldayan k\u00fcbik zirkon ta\u015flarla zenginle\u015ftirilerek 22 ayar alt\u0131n\u0131n s\u0131cakl\u0131\u011f\u0131yla g\u00fczel bir kontrast olu\u015fturan yumu\u015fak bir \u0131\u015f\u0131lt\u0131 yarat\u0131yor. A\u00e7\u0131k, havadar tasar\u0131m, zamans\u0131z bir cazibeyi korurken \u00e7a\u011fda\u015f bir dokunu\u015f katar; ince ama etkileyici m\u00fccevherleri takdir edenler i\u00e7in m\u00fckemmeldir.<\/p>\n<p><strong>Zanaatkarl\u0131k<\/strong><\/p>\n<p>22 ayar alt\u0131ndan ustal\u0131kla \u00fcretilen her bir k\u00fcpe, zarif ve dengeli bir form elde etmek i\u00e7in hassasiyetle tasarlanm\u0131\u015ft\u0131r. CZ ta\u015flar parlakl\u0131\u011f\u0131 en \u00fcst d\u00fczeye \u00e7\u0131karmak i\u00e7in \u00f6zenle ayarlan\u0131rken, p\u00fcr\u00fczs\u00fcz alt\u0131n kaplama konforu ve dayan\u0131kl\u0131l\u0131\u011f\u0131 art\u0131r\u0131r. Hafif ve d\u00fc\u015f\u00fcnceli bir \u015fekilde orant\u0131lanm\u0131\u015f bu k\u00fcpeler t\u00fcm g\u00fcn kullan\u0131m i\u00e7in idealdir. Londra Assay Ofisi taraf\u0131ndan damgalanan bu \u00fcr\u00fcnler PureJewels'in \u00f6zg\u00fcnl\u00fck ve ince i\u015f\u00e7ili\u011fe olan ba\u011fl\u0131l\u0131\u011f\u0131n\u0131 yans\u0131tmaktad\u0131r.<\/p>\n<p><strong>Stil Fikirleri<\/strong><\/p>\n<p>G\u00fcnl\u00fck stil i\u00e7in m\u00fckemmel olan bu kelebek \u00e7\u0131t\u00e7\u0131tlar, her g\u00f6r\u00fcn\u00fcme hafif bir \u0131\u015f\u0131lt\u0131 katar. Minimal, zarif bir ifade i\u00e7in tek ba\u015f\u0131na tak\u0131n veya katmanl\u0131, feminen bir stil i\u00e7in di\u011fer narin par\u00e7alarla e\u015fle\u015ftirin. \u00c7ok y\u00f6nl\u00fc tasar\u0131mlar\u0131 sayesinde hem g\u00fcndelik giyime hem de \u00f6zel g\u00fcnlere uygundur ve her ana cazibe katar.<\/p>","protected":false},"excerpt":{"rendered":"<p>Narin ve feminen bu 22 ayar alt\u0131n CZ kelebek k\u00fcpeler, zarif bir kelebek sil\u00fcetine sahip \u0131\u015f\u0131lt\u0131l\u0131 ta\u015flarla g\u00fcnl\u00fck \u015f\u0131kl\u0131k i\u00e7in m\u00fckemmeldir.<\/p>\n<ul>\n<li><strong>Malzeme:<\/strong> 22 Ayar Alt\u0131n<\/li>\n<li><strong>Hallmark: <\/strong>\u0130ngiliz Damgas\u0131<\/li>\n<li><strong>Br\u00fct A\u011f\u0131rl\u0131k: <\/strong>2.44 Gms<\/li>\n<li><strong>SKU: <\/strong>53145<\/li>\n<\/ul>\n<p><strong><br \/>\nFiyat ve Teslimat: <\/strong>KDV ve teslimat \u00fccretleri dahil<br \/>\n<strong><a href=\"https:\/\/www.purejewels.com\/tr\/i%cc%87ade-poli%cc%87ti%cc%87kasi\/\">\u0130ade Politikas\u0131<\/a><\/strong><\/p>","protected":false},"featured_media":427555,"comment_status":"closed","ping_status":"closed","template":"","meta":{"_eb_attr":"","_crsspst_to_jayantr4sg-hostcom":true},"product_brand":[],"product_cat":[1559,1576,1793,6190,1792,1790,1254,1229,5343,1570,5338,1577,1575,1574,5349],"product_tag":[],"class_list":{"0":"post-427554","1":"product","2":"type-product","3":"status-publish","4":"has-post-thumbnail","6":"product_cat-birthday-gifts","7":"product_cat-childrens-jewellery","8":"product_cat-diwali-gifts","9":"product_cat-easter-jewellery","10":"product_cat-festival-gifts","11":"product_cat-for-whom-when","12":"product_cat-gold-earrings","13":"product_cat-22ct-gold-jewellery","14":"product_cat-jewellery-under-550","15":"product_cat-mothers-day-gifts","16":"product_cat-shop-by-price","17":"product_cat-stud-earrings","18":"product_cat-teenage-jewellery","19":"product_cat-womens-jewellery","20":"product_cat-yellow-gold-jewellery","22":"first","23":"instock","24":"taxable","25":"shipping-taxable","26":"purchasable","27":"product-type-simple","28":"add-to-wishlist-before_image"},"yoast_head":"<!-- This site is optimized with the Yoast SEO plugin v27.5 - https:\/\/yoast.com\/product\/yoast-seo-wordpress\/ -->\n<title>Gold Studs UK | 22ct Gold CZ Butterfly Stud Earrings<\/title>\n<meta name=\"description\" content=\"Shop 22ct gold CZ butterfly stud earrings with a delicate dual-tone design. Elegant, lightweight, and perfect for everyday wear.\" \/>\n<meta name=\"robots\" content=\"index, follow, max-snippet:-1, max-image-preview:large, max-video-preview:-1\" \/>\n<link rel=\"canonical\" href=\"https:\/\/www.purejewels.com\/tr\/urun\/22-ayar-altin-cz-kelebek-saplama-kupe-53145\/\" \/>\n<meta property=\"og:locale\" content=\"tr_TR\" \/>\n<meta property=\"og:type\" content=\"article\" \/>\n<meta property=\"og:title\" content=\"Gold Studs UK | 22ct Gold CZ Butterfly Stud Earrings\" \/>\n<meta property=\"og:description\" content=\"Shop 22ct gold CZ butterfly stud earrings with a delicate dual-tone design. Elegant, lightweight, and perfect for everyday wear.\" \/>\n<meta property=\"og:url\" content=\"https:\/\/www.purejewels.com\/tr\/urun\/22-ayar-altin-cz-kelebek-saplama-kupe-53145\/\" \/>\n<meta property=\"og:site_name\" content=\"PureJewels UK\" \/>\n<meta property=\"article:modified_time\" content=\"2026-04-28T12:36:30+00:00\" \/>\n<meta property=\"og:image\" content=\"https:\/\/static.purejewels.com\/wp-content\/uploads\/2026\/03\/53145.jpg\" \/>\n\t<meta property=\"og:image:width\" content=\"1024\" \/>\n\t<meta property=\"og:image:height\" content=\"1024\" \/>\n\t<meta property=\"og:image:type\" content=\"image\/jpeg\" \/>\n<meta name=\"twitter:card\" content=\"summary_large_image\" \/>\n<meta name=\"twitter:label1\" content=\"Tahmini okuma s\u00fcresi\" \/>\n\t<meta name=\"twitter:data1\" content=\"2 dakika\" \/>\n<script type=\"application\/ld+json\" class=\"yoast-schema-graph\">{\"@context\":\"https:\\\/\\\/schema.org\",\"@graph\":[{\"@type\":[\"WebPage\",\"ItemPage\"],\"@id\":\"https:\\\/\\\/www.purejewels.com\\\/product\\\/22ct-gold-cz-butterfly-stud-earrings-53145\\\/\",\"url\":\"https:\\\/\\\/www.purejewels.com\\\/product\\\/22ct-gold-cz-butterfly-stud-earrings-53145\\\/\",\"name\":\"Gold Studs UK | 22ct Gold CZ Butterfly Stud Earrings\",\"isPartOf\":{\"@id\":\"https:\\\/\\\/www.purejewels.com\\\/#website\"},\"primaryImageOfPage\":{\"@id\":\"https:\\\/\\\/www.purejewels.com\\\/product\\\/22ct-gold-cz-butterfly-stud-earrings-53145\\\/#primaryimage\"},\"image\":{\"@id\":\"https:\\\/\\\/www.purejewels.com\\\/product\\\/22ct-gold-cz-butterfly-stud-earrings-53145\\\/#primaryimage\"},\"thumbnailUrl\":\"https:\\\/\\\/static.purejewels.com\\\/wp-content\\\/uploads\\\/2026\\\/03\\\/53145.jpg\",\"datePublished\":\"2026-01-25T07:38:21+00:00\",\"dateModified\":\"2026-04-28T12:36:30+00:00\",\"description\":\"Shop 22ct gold CZ butterfly stud earrings with a delicate dual-tone design. Elegant, lightweight, and perfect for everyday wear.\",\"breadcrumb\":{\"@id\":\"https:\\\/\\\/www.purejewels.com\\\/product\\\/22ct-gold-cz-butterfly-stud-earrings-53145\\\/#breadcrumb\"},\"inLanguage\":\"tr\",\"potentialAction\":[{\"@type\":\"ReadAction\",\"target\":[\"https:\\\/\\\/www.purejewels.com\\\/product\\\/22ct-gold-cz-butterfly-stud-earrings-53145\\\/\"]}]},{\"@type\":\"ImageObject\",\"inLanguage\":\"tr\",\"@id\":\"https:\\\/\\\/www.purejewels.com\\\/product\\\/22ct-gold-cz-butterfly-stud-earrings-53145\\\/#primaryimage\",\"url\":\"https:\\\/\\\/static.purejewels.com\\\/wp-content\\\/uploads\\\/2026\\\/03\\\/53145.jpg\",\"contentUrl\":\"https:\\\/\\\/static.purejewels.com\\\/wp-content\\\/uploads\\\/2026\\\/03\\\/53145.jpg\",\"width\":1024,\"height\":1024,\"caption\":\"22ct Gold CZ Butterfly Stud Earrings\"},{\"@type\":\"BreadcrumbList\",\"@id\":\"https:\\\/\\\/www.purejewels.com\\\/product\\\/22ct-gold-cz-butterfly-stud-earrings-53145\\\/#breadcrumb\",\"itemListElement\":[{\"@type\":\"ListItem\",\"position\":1,\"name\":\"Home\",\"item\":\"https:\\\/\\\/www.purejewels.com\\\/\"},{\"@type\":\"ListItem\",\"position\":2,\"name\":\"Shop\",\"item\":\"https:\\\/\\\/www.purejewels.com\\\/shop\\\/\"},{\"@type\":\"ListItem\",\"position\":3,\"name\":\"22ct Gold CZ Butterfly Stud Earrings\"}]},{\"@type\":\"WebSite\",\"@id\":\"https:\\\/\\\/www.purejewels.com\\\/#website\",\"url\":\"https:\\\/\\\/www.purejewels.com\\\/\",\"name\":\"PureJewels UK\",\"description\":\"Share the Love\",\"publisher\":{\"@id\":\"https:\\\/\\\/www.purejewels.com\\\/#organization\"},\"potentialAction\":[{\"@type\":\"SearchAction\",\"target\":{\"@type\":\"EntryPoint\",\"urlTemplate\":\"https:\\\/\\\/www.purejewels.com\\\/?s={search_term_string}\"},\"query-input\":{\"@type\":\"PropertyValueSpecification\",\"valueRequired\":true,\"valueName\":\"search_term_string\"}}],\"inLanguage\":\"tr\"},{\"@type\":\"Organization\",\"@id\":\"https:\\\/\\\/www.purejewels.com\\\/#organization\",\"name\":\"PureJewels UK\",\"url\":\"https:\\\/\\\/www.purejewels.com\\\/\",\"logo\":{\"@type\":\"ImageObject\",\"inLanguage\":\"tr\",\"@id\":\"https:\\\/\\\/www.purejewels.com\\\/#\\\/schema\\\/logo\\\/image\\\/\",\"url\":\"https:\\\/\\\/static.purejewels.com\\\/wp-content\\\/uploads\\\/2020\\\/11\\\/Logo-PJ-New-1.png\",\"contentUrl\":\"https:\\\/\\\/static.purejewels.com\\\/wp-content\\\/uploads\\\/2020\\\/11\\\/Logo-PJ-New-1.png\",\"width\":150,\"height\":80,\"caption\":\"PureJewels UK\"},\"image\":{\"@id\":\"https:\\\/\\\/www.purejewels.com\\\/#\\\/schema\\\/logo\\\/image\\\/\"}}]}<\/script>\n<!-- \/ Yoast SEO plugin. -->","yoast_head_json":{"title":"Gold Studs UK | 22 Ayar Alt\u0131n CZ Kelebek Saplama K\u00fcpe","description":"Zarif \u00e7ift tonlu tasar\u0131ma sahip 22 ayar alt\u0131n CZ kelebek k\u00fcpe sat\u0131n al\u0131n. Zarif, hafif ve g\u00fcnl\u00fck kullan\u0131m i\u00e7in m\u00fckemmel.","robots":{"index":"index","follow":"follow","max-snippet":"max-snippet:-1","max-image-preview":"max-image-preview:large","max-video-preview":"max-video-preview:-1"},"canonical":"https:\/\/www.purejewels.com\/tr\/urun\/22-ayar-altin-cz-kelebek-saplama-kupe-53145\/","og_locale":"tr_TR","og_type":"article","og_title":"Gold Studs UK | 22ct Gold CZ Butterfly Stud Earrings","og_description":"Shop 22ct gold CZ butterfly stud earrings with a delicate dual-tone design. Elegant, lightweight, and perfect for everyday wear.","og_url":"https:\/\/www.purejewels.com\/tr\/urun\/22-ayar-altin-cz-kelebek-saplama-kupe-53145\/","og_site_name":"PureJewels UK","article_modified_time":"2026-04-28T12:36:30+00:00","og_image":[{"width":1024,"height":1024,"url":"https:\/\/static.purejewels.com\/wp-content\/uploads\/2026\/03\/53145.jpg","type":"image\/jpeg"}],"twitter_card":"summary_large_image","twitter_misc":{"Tahmini okuma s\u00fcresi":"2 dakika"},"schema":{"@context":"https:\/\/schema.org","@graph":[{"@type":["WebPage","ItemPage"],"@id":"https:\/\/www.purejewels.com\/product\/22ct-gold-cz-butterfly-stud-earrings-53145\/","url":"https:\/\/www.purejewels.com\/product\/22ct-gold-cz-butterfly-stud-earrings-53145\/","name":"Gold Studs UK | 22 Ayar Alt\u0131n CZ Kelebek Saplama K\u00fcpe","isPartOf":{"@id":"https:\/\/www.purejewels.com\/#website"},"primaryImageOfPage":{"@id":"https:\/\/www.purejewels.com\/product\/22ct-gold-cz-butterfly-stud-earrings-53145\/#primaryimage"},"image":{"@id":"https:\/\/www.purejewels.com\/product\/22ct-gold-cz-butterfly-stud-earrings-53145\/#primaryimage"},"thumbnailUrl":"https:\/\/static.purejewels.com\/wp-content\/uploads\/2026\/03\/53145.jpg","datePublished":"2026-01-25T07:38:21+00:00","dateModified":"2026-04-28T12:36:30+00:00","description":"Zarif \u00e7ift tonlu tasar\u0131ma sahip 22 ayar alt\u0131n CZ kelebek k\u00fcpe sat\u0131n al\u0131n. Zarif, hafif ve g\u00fcnl\u00fck kullan\u0131m i\u00e7in m\u00fckemmel.","breadcrumb":{"@id":"https:\/\/www.purejewels.com\/product\/22ct-gold-cz-butterfly-stud-earrings-53145\/#breadcrumb"},"inLanguage":"tr","potentialAction":[{"@type":"ReadAction","target":["https:\/\/www.purejewels.com\/product\/22ct-gold-cz-butterfly-stud-earrings-53145\/"]}]},{"@type":"ImageObject","inLanguage":"tr","@id":"https:\/\/www.purejewels.com\/product\/22ct-gold-cz-butterfly-stud-earrings-53145\/#primaryimage","url":"https:\/\/static.purejewels.com\/wp-content\/uploads\/2026\/03\/53145.jpg","contentUrl":"https:\/\/static.purejewels.com\/wp-content\/uploads\/2026\/03\/53145.jpg","width":1024,"height":1024,"caption":"22ct Gold CZ Butterfly Stud Earrings"},{"@type":"BreadcrumbList","@id":"https:\/\/www.purejewels.com\/product\/22ct-gold-cz-butterfly-stud-earrings-53145\/#breadcrumb","itemListElement":[{"@type":"ListItem","position":1,"name":"Home","item":"https:\/\/www.purejewels.com\/"},{"@type":"ListItem","position":2,"name":"Shop","item":"https:\/\/www.purejewels.com\/shop\/"},{"@type":"ListItem","position":3,"name":"22ct Gold CZ Butterfly Stud Earrings"}]},{"@type":"WebSite","@id":"https:\/\/www.purejewels.com\/#website","url":"https:\/\/www.purejewels.com\/","name":"PureJewels \u0130ngiltere","description":"Sevgiyi Payla\u015f\u0131n","publisher":{"@id":"https:\/\/www.purejewels.com\/#organization"},"potentialAction":[{"@type":"SearchAction","target":{"@type":"EntryPoint","urlTemplate":"https:\/\/www.purejewels.com\/?s={search_term_string}"},"query-input":{"@type":"PropertyValueSpecification","valueRequired":true,"valueName":"search_term_string"}}],"inLanguage":"tr"},{"@type":"Organization","@id":"https:\/\/www.purejewels.com\/#organization","name":"PureJewels \u0130ngiltere","url":"https:\/\/www.purejewels.com\/","logo":{"@type":"ImageObject","inLanguage":"tr","@id":"https:\/\/www.purejewels.com\/#\/schema\/logo\/image\/","url":"https:\/\/static.purejewels.com\/wp-content\/uploads\/2020\/11\/Logo-PJ-New-1.png","contentUrl":"https:\/\/static.purejewels.com\/wp-content\/uploads\/2020\/11\/Logo-PJ-New-1.png","width":150,"height":80,"caption":"PureJewels UK"},"image":{"@id":"https:\/\/www.purejewels.com\/#\/schema\/logo\/image\/"}}]}},"_links":{"self":[{"href":"https:\/\/www.purejewels.com\/tr\/wp-json\/wp\/v2\/product\/427554","targetHints":{"allow":["GET"]}}],"collection":[{"href":"https:\/\/www.purejewels.com\/tr\/wp-json\/wp\/v2\/product"}],"about":[{"href":"https:\/\/www.purejewels.com\/tr\/wp-json\/wp\/v2\/types\/product"}],"replies":[{"embeddable":true,"href":"https:\/\/www.purejewels.com\/tr\/wp-json\/wp\/v2\/comments?post=427554"}],"version-history":[{"count":2,"href":"https:\/\/www.purejewels.com\/tr\/wp-json\/wp\/v2\/product\/427554\/revisions"}],"predecessor-version":[{"id":428102,"href":"https:\/\/www.purejewels.com\/tr\/wp-json\/wp\/v2\/product\/427554\/revisions\/428102"}],"wp:featuredmedia":[{"embeddable":true,"href":"https:\/\/www.purejewels.com\/tr\/wp-json\/wp\/v2\/media\/427555"}],"wp:attachment":[{"href":"https:\/\/www.purejewels.com\/tr\/wp-json\/wp\/v2\/media?parent=427554"}],"wp:term":[{"taxonomy":"product_brand","embeddable":true,"href":"https:\/\/www.purejewels.com\/tr\/wp-json\/wp\/v2\/product_brand?post=427554"},{"taxonomy":"product_cat","embeddable":true,"href":"https:\/\/www.purejewels.com\/tr\/wp-json\/wp\/v2\/product_cat?post=427554"},{"taxonomy":"product_tag","embeddable":true,"href":"https:\/\/www.purejewels.com\/tr\/wp-json\/wp\/v2\/product_tag?post=427554"}],"curies":[{"name":"wp","href":"https:\/\/api.w.org\/{rel}","templated":true}]}}