{"id":427561,"date":"2026-01-25T09:14:27","date_gmt":"2026-01-25T09:14:27","guid":{"rendered":"https:\/\/www.purejewels.com\/?post_type=product&#038;p=427561"},"modified":"2026-03-25T09:24:21","modified_gmt":"2026-03-25T09:24:21","slug":"22-ayar-altin-armari-tapinak-kolye-48076","status":"publish","type":"product","link":"https:\/\/www.purejewels.com\/tr\/product\/22ct-gold-armari-temple-pendant-48076\/","title":{"rendered":"22 Ayar Alt\u0131n Armari Tap\u0131nak Kolye"},"content":{"rendered":"<p><strong>Tasar\u0131m Konsepti<\/strong><\/p>\n<p>Geleneksel tap\u0131nak mimarisinden esinlenen bu Armari kolye ucu, miras\u0131n ve sanat\u0131n bir kutlamas\u0131d\u0131r. Yap\u0131land\u0131r\u0131lm\u0131\u015f siluet, kutsal alanlarda bulunan klasik oymalar\u0131 an\u0131msatan karma\u015f\u0131k \u00e7i\u00e7ek ve geometrik motiflerle s\u00fcslenmi\u015ftir. Y\u00fczeydeki s\u00fcsl\u00fc detaylar derinlik ve zenginlik yarat\u0131rken, narin sarkan alt\u0131n boncuklar zarif bir hareket kat\u0131yor. Cesur ama zarif olan bu kolye ucu, zamans\u0131z gelene\u011fi muhte\u015fem bir duru\u015fla somutla\u015ft\u0131r\u0131yor.<\/p>\n<p><strong>Zanaatkarl\u0131k<\/strong><\/p>\n<p>Zengin 22 ayar alt\u0131ndan \u00fcretilen bu kolye ucu, detaylara g\u00f6sterilen ola\u011fan\u00fcst\u00fc dikkati ve zanaatk\u00e2r becerisini sergiliyor. Her bir unsur, hem dokuyu hem de parlakl\u0131\u011f\u0131 art\u0131ran katmanl\u0131, boyutsal bir etki yaratmak i\u00e7in \u00f6zenle yontulmu\u015ftur. Karma\u015f\u0131k desen \u00e7al\u0131\u015fmas\u0131 \u0131\u015f\u0131\u011f\u0131 g\u00fczel bir \u015fekilde yans\u0131t\u0131rken, dengeli yap\u0131s\u0131 rahat bir kullan\u0131m sa\u011flar. Londra Assay Ofisi taraf\u0131ndan damgalanan bu \u00fcr\u00fcn, \u00f6zg\u00fcnl\u00fc\u011f\u00fcn ve \u00fcst\u00fcn i\u015f\u00e7ili\u011fin bir i\u015faretidir.<\/p>\n<p><strong>Stil Fikirleri<\/strong><\/p>\n<p>D\u00fc\u011f\u00fcnler, bayramlar ve k\u00fclt\u00fcrel kutlamalar i\u00e7in m\u00fckemmel olan bu tap\u0131nak kolyesi, sare ve lehengalar gibi geleneksel k\u0131yafetlerle g\u00fczel bir uyum sa\u011flar. Zarif bir ifade i\u00e7in klasik bir alt\u0131n zincirle stilize edin veya daha ayr\u0131nt\u0131l\u0131 bir g\u00f6r\u00fcn\u00fcm i\u00e7in Armari koleksiyonundaki tamamlay\u0131c\u0131 par\u00e7alarla katmanlay\u0131n. Cesur ancak zarif tasar\u0131m\u0131, onu her m\u00fccevher koleksiyonu i\u00e7in g\u00f6ze \u00e7arpan bir eklenti haline getirir.<\/p>","protected":false},"excerpt":{"rendered":"<p>Miras ve modern tasar\u0131m\u0131n zarif bir birle\u015fimi olan 22 ayar Armari Dantel Kolye, heykelsi alt\u0131n formunda narin bir ajur i\u00e7erir. Geleneksel z\u0131rh ve s\u00fcsl\u00fc kafeslerden esinlenen bu kolye, g\u00fc\u00e7 ve zarafetin \u00e7arp\u0131c\u0131 bir sembol\u00fcd\u00fcr.<\/p>\n<p><strong>Malzeme:<\/strong>\u00a022 Ayar Alt\u0131n<br \/>\n<strong>Safl\u0131k:<\/strong>\u00a091.6% saf<br \/>\n<strong>Hallmark:<\/strong>\u00a0\u0130ngiliz Damgas\u0131<strong><br \/>\n<\/strong><strong>Br\u00fct A\u011f\u0131rl\u0131k: <\/strong>12.13 Gms<br \/>\n<strong>SKU:<\/strong> 48076<\/p>\n<p><strong>Fiyat ve Teslimat<\/strong>: KDV ve teslimat \u00fccreti dahil<br \/>\n<a href=\"https:\/\/www.purejewels.com\/tr\/i%cc%87ade-poli%cc%87ti%cc%87kasi\/\">\u0130ade Politikas\u0131<\/a><\/p>","protected":false},"featured_media":427562,"comment_status":"closed","ping_status":"closed","template":"","meta":{"_eb_attr":"","_crsspst_to_jayantr4sg-hostcom":false},"product_brand":[],"product_cat":[245,5670,236,5701,1229,1255,1767,1573,1574,5349],"product_tag":[],"class_list":{"0":"post-427561","1":"product","2":"type-product","3":"status-publish","4":"has-post-thumbnail","6":"product_cat-armari-collections","7":"product_cat-armari-pendant","8":"product_cat-collections","9":"product_cat-eid-jewellery","10":"product_cat-22ct-gold-jewellery","11":"product_cat-gold-pendants","12":"product_cat-ladies-pendants","13":"product_cat-wedding-gifts","14":"product_cat-womens-jewellery","15":"product_cat-yellow-gold-jewellery","17":"first","18":"instock","19":"taxable","20":"shipping-taxable","21":"purchasable","22":"product-type-simple","23":"add-to-wishlist-before_image"},"yoast_head":"<!-- This site is optimized with the Yoast SEO plugin v27.3 - https:\/\/yoast.com\/product\/yoast-seo-wordpress\/ -->\n<title>22ct Gold Armari Temple Pendant | Traditional Gold Pendant UK<\/title>\n<meta name=\"description\" content=\"Shop 22ct gold Armari temple pendant with intricate traditional detailing. A statement heritage piece perfect for special occasions.\" \/>\n<meta name=\"robots\" content=\"index, follow, max-snippet:-1, max-image-preview:large, max-video-preview:-1\" \/>\n<link rel=\"canonical\" href=\"https:\/\/www.purejewels.com\/tr\/urun\/22-ayar-altin-armari-tapinak-kolye-48076\/\" \/>\n<meta property=\"og:locale\" content=\"tr_TR\" \/>\n<meta property=\"og:type\" content=\"article\" \/>\n<meta property=\"og:title\" content=\"22ct Gold Armari Temple Pendant | Traditional Gold Pendant UK\" \/>\n<meta property=\"og:description\" content=\"Shop 22ct gold Armari temple pendant with intricate traditional detailing. A statement heritage piece perfect for special occasions.\" \/>\n<meta property=\"og:url\" content=\"https:\/\/www.purejewels.com\/tr\/urun\/22-ayar-altin-armari-tapinak-kolye-48076\/\" \/>\n<meta property=\"og:site_name\" content=\"PureJewels UK\" \/>\n<meta property=\"article:modified_time\" content=\"2026-03-25T09:24:21+00:00\" \/>\n<meta property=\"og:image\" content=\"https:\/\/static.purejewels.com\/wp-content\/uploads\/2026\/03\/SKU-48076-FRONT.jpg\" \/>\n\t<meta property=\"og:image:width\" content=\"1000\" \/>\n\t<meta property=\"og:image:height\" content=\"1000\" \/>\n\t<meta property=\"og:image:type\" content=\"image\/jpeg\" \/>\n<meta name=\"twitter:card\" content=\"summary_large_image\" \/>\n<meta name=\"twitter:label1\" content=\"Tahmini okuma s\u00fcresi\" \/>\n\t<meta name=\"twitter:data1\" content=\"2 dakika\" \/>\n<script type=\"application\/ld+json\" class=\"yoast-schema-graph\">{\"@context\":\"https:\\\/\\\/schema.org\",\"@graph\":[{\"@type\":[\"WebPage\",\"ItemPage\"],\"@id\":\"https:\\\/\\\/www.purejewels.com\\\/product\\\/22ct-gold-armari-temple-pendant-48076\\\/\",\"url\":\"https:\\\/\\\/www.purejewels.com\\\/product\\\/22ct-gold-armari-temple-pendant-48076\\\/\",\"name\":\"22ct Gold Armari Temple Pendant | Traditional Gold Pendant UK\",\"isPartOf\":{\"@id\":\"https:\\\/\\\/www.purejewels.com\\\/#website\"},\"primaryImageOfPage\":{\"@id\":\"https:\\\/\\\/www.purejewels.com\\\/product\\\/22ct-gold-armari-temple-pendant-48076\\\/#primaryimage\"},\"image\":{\"@id\":\"https:\\\/\\\/www.purejewels.com\\\/product\\\/22ct-gold-armari-temple-pendant-48076\\\/#primaryimage\"},\"thumbnailUrl\":\"https:\\\/\\\/static.purejewels.com\\\/wp-content\\\/uploads\\\/2026\\\/03\\\/SKU-48076-FRONT.jpg\",\"datePublished\":\"2026-01-25T09:14:27+00:00\",\"dateModified\":\"2026-03-25T09:24:21+00:00\",\"description\":\"Shop 22ct gold Armari temple pendant with intricate traditional detailing. A statement heritage piece perfect for special occasions.\",\"breadcrumb\":{\"@id\":\"https:\\\/\\\/www.purejewels.com\\\/product\\\/22ct-gold-armari-temple-pendant-48076\\\/#breadcrumb\"},\"inLanguage\":\"tr\",\"potentialAction\":[{\"@type\":\"ReadAction\",\"target\":[\"https:\\\/\\\/www.purejewels.com\\\/product\\\/22ct-gold-armari-temple-pendant-48076\\\/\"]}]},{\"@type\":\"ImageObject\",\"inLanguage\":\"tr\",\"@id\":\"https:\\\/\\\/www.purejewels.com\\\/product\\\/22ct-gold-armari-temple-pendant-48076\\\/#primaryimage\",\"url\":\"https:\\\/\\\/static.purejewels.com\\\/wp-content\\\/uploads\\\/2026\\\/03\\\/SKU-48076-FRONT.jpg\",\"contentUrl\":\"https:\\\/\\\/static.purejewels.com\\\/wp-content\\\/uploads\\\/2026\\\/03\\\/SKU-48076-FRONT.jpg\",\"width\":1000,\"height\":1000,\"caption\":\"Stacked from 4 images. Method=B (R=8,S=4)\"},{\"@type\":\"BreadcrumbList\",\"@id\":\"https:\\\/\\\/www.purejewels.com\\\/product\\\/22ct-gold-armari-temple-pendant-48076\\\/#breadcrumb\",\"itemListElement\":[{\"@type\":\"ListItem\",\"position\":1,\"name\":\"Home\",\"item\":\"https:\\\/\\\/www.purejewels.com\\\/\"},{\"@type\":\"ListItem\",\"position\":2,\"name\":\"Shop\",\"item\":\"https:\\\/\\\/www.purejewels.com\\\/shop\\\/\"},{\"@type\":\"ListItem\",\"position\":3,\"name\":\"22ct Gold Armari Temple Pendant\"}]},{\"@type\":\"WebSite\",\"@id\":\"https:\\\/\\\/www.purejewels.com\\\/#website\",\"url\":\"https:\\\/\\\/www.purejewels.com\\\/\",\"name\":\"PureJewels UK\",\"description\":\"Share the Love\",\"publisher\":{\"@id\":\"https:\\\/\\\/www.purejewels.com\\\/#organization\"},\"potentialAction\":[{\"@type\":\"SearchAction\",\"target\":{\"@type\":\"EntryPoint\",\"urlTemplate\":\"https:\\\/\\\/www.purejewels.com\\\/?s={search_term_string}\"},\"query-input\":{\"@type\":\"PropertyValueSpecification\",\"valueRequired\":true,\"valueName\":\"search_term_string\"}}],\"inLanguage\":\"tr\"},{\"@type\":\"Organization\",\"@id\":\"https:\\\/\\\/www.purejewels.com\\\/#organization\",\"name\":\"PureJewels UK\",\"url\":\"https:\\\/\\\/www.purejewels.com\\\/\",\"logo\":{\"@type\":\"ImageObject\",\"inLanguage\":\"tr\",\"@id\":\"https:\\\/\\\/www.purejewels.com\\\/#\\\/schema\\\/logo\\\/image\\\/\",\"url\":\"https:\\\/\\\/static.purejewels.com\\\/wp-content\\\/uploads\\\/2020\\\/11\\\/Logo-PJ-New-1.png\",\"contentUrl\":\"https:\\\/\\\/static.purejewels.com\\\/wp-content\\\/uploads\\\/2020\\\/11\\\/Logo-PJ-New-1.png\",\"width\":150,\"height\":80,\"caption\":\"PureJewels UK\"},\"image\":{\"@id\":\"https:\\\/\\\/www.purejewels.com\\\/#\\\/schema\\\/logo\\\/image\\\/\"}}]}<\/script>\n<!-- \/ Yoast SEO plugin. -->","yoast_head_json":{"title":"22 Ayar Alt\u0131n Armari Tap\u0131nak Kolye | Geleneksel Alt\u0131n Kolye \u0130ngiltere","description":"Karma\u015f\u0131k geleneksel detaylara sahip 22 ayar alt\u0131n Armari tap\u0131nak kolyesi sat\u0131n al\u0131n. \u00d6zel g\u00fcnler i\u00e7in m\u00fckemmel bir miras par\u00e7as\u0131.","robots":{"index":"index","follow":"follow","max-snippet":"max-snippet:-1","max-image-preview":"max-image-preview:large","max-video-preview":"max-video-preview:-1"},"canonical":"https:\/\/www.purejewels.com\/tr\/urun\/22-ayar-altin-armari-tapinak-kolye-48076\/","og_locale":"tr_TR","og_type":"article","og_title":"22ct Gold Armari Temple Pendant | Traditional Gold Pendant UK","og_description":"Shop 22ct gold Armari temple pendant with intricate traditional detailing. A statement heritage piece perfect for special occasions.","og_url":"https:\/\/www.purejewels.com\/tr\/urun\/22-ayar-altin-armari-tapinak-kolye-48076\/","og_site_name":"PureJewels UK","article_modified_time":"2026-03-25T09:24:21+00:00","og_image":[{"width":1000,"height":1000,"url":"https:\/\/static.purejewels.com\/wp-content\/uploads\/2026\/03\/SKU-48076-FRONT.jpg","type":"image\/jpeg"}],"twitter_card":"summary_large_image","twitter_misc":{"Tahmini okuma s\u00fcresi":"2 dakika"},"schema":{"@context":"https:\/\/schema.org","@graph":[{"@type":["WebPage","ItemPage"],"@id":"https:\/\/www.purejewels.com\/product\/22ct-gold-armari-temple-pendant-48076\/","url":"https:\/\/www.purejewels.com\/product\/22ct-gold-armari-temple-pendant-48076\/","name":"22 Ayar Alt\u0131n Armari Tap\u0131nak Kolye | Geleneksel Alt\u0131n Kolye \u0130ngiltere","isPartOf":{"@id":"https:\/\/www.purejewels.com\/#website"},"primaryImageOfPage":{"@id":"https:\/\/www.purejewels.com\/product\/22ct-gold-armari-temple-pendant-48076\/#primaryimage"},"image":{"@id":"https:\/\/www.purejewels.com\/product\/22ct-gold-armari-temple-pendant-48076\/#primaryimage"},"thumbnailUrl":"https:\/\/static.purejewels.com\/wp-content\/uploads\/2026\/03\/SKU-48076-FRONT.jpg","datePublished":"2026-01-25T09:14:27+00:00","dateModified":"2026-03-25T09:24:21+00:00","description":"Karma\u015f\u0131k geleneksel detaylara sahip 22 ayar alt\u0131n Armari tap\u0131nak kolyesi sat\u0131n al\u0131n. \u00d6zel g\u00fcnler i\u00e7in m\u00fckemmel bir miras par\u00e7as\u0131.","breadcrumb":{"@id":"https:\/\/www.purejewels.com\/product\/22ct-gold-armari-temple-pendant-48076\/#breadcrumb"},"inLanguage":"tr","potentialAction":[{"@type":"ReadAction","target":["https:\/\/www.purejewels.com\/product\/22ct-gold-armari-temple-pendant-48076\/"]}]},{"@type":"ImageObject","inLanguage":"tr","@id":"https:\/\/www.purejewels.com\/product\/22ct-gold-armari-temple-pendant-48076\/#primaryimage","url":"https:\/\/static.purejewels.com\/wp-content\/uploads\/2026\/03\/SKU-48076-FRONT.jpg","contentUrl":"https:\/\/static.purejewels.com\/wp-content\/uploads\/2026\/03\/SKU-48076-FRONT.jpg","width":1000,"height":1000,"caption":"Stacked from 4 images. Method=B (R=8,S=4)"},{"@type":"BreadcrumbList","@id":"https:\/\/www.purejewels.com\/product\/22ct-gold-armari-temple-pendant-48076\/#breadcrumb","itemListElement":[{"@type":"ListItem","position":1,"name":"Home","item":"https:\/\/www.purejewels.com\/"},{"@type":"ListItem","position":2,"name":"Shop","item":"https:\/\/www.purejewels.com\/shop\/"},{"@type":"ListItem","position":3,"name":"22ct Gold Armari Temple Pendant"}]},{"@type":"WebSite","@id":"https:\/\/www.purejewels.com\/#website","url":"https:\/\/www.purejewels.com\/","name":"PureJewels \u0130ngiltere","description":"Sevgiyi Payla\u015f\u0131n","publisher":{"@id":"https:\/\/www.purejewels.com\/#organization"},"potentialAction":[{"@type":"SearchAction","target":{"@type":"EntryPoint","urlTemplate":"https:\/\/www.purejewels.com\/?s={search_term_string}"},"query-input":{"@type":"PropertyValueSpecification","valueRequired":true,"valueName":"search_term_string"}}],"inLanguage":"tr"},{"@type":"Organization","@id":"https:\/\/www.purejewels.com\/#organization","name":"PureJewels \u0130ngiltere","url":"https:\/\/www.purejewels.com\/","logo":{"@type":"ImageObject","inLanguage":"tr","@id":"https:\/\/www.purejewels.com\/#\/schema\/logo\/image\/","url":"https:\/\/static.purejewels.com\/wp-content\/uploads\/2020\/11\/Logo-PJ-New-1.png","contentUrl":"https:\/\/static.purejewels.com\/wp-content\/uploads\/2020\/11\/Logo-PJ-New-1.png","width":150,"height":80,"caption":"PureJewels UK"},"image":{"@id":"https:\/\/www.purejewels.com\/#\/schema\/logo\/image\/"}}]}},"_links":{"self":[{"href":"https:\/\/www.purejewels.com\/tr\/wp-json\/wp\/v2\/product\/427561","targetHints":{"allow":["GET"]}}],"collection":[{"href":"https:\/\/www.purejewels.com\/tr\/wp-json\/wp\/v2\/product"}],"about":[{"href":"https:\/\/www.purejewels.com\/tr\/wp-json\/wp\/v2\/types\/product"}],"replies":[{"embeddable":true,"href":"https:\/\/www.purejewels.com\/tr\/wp-json\/wp\/v2\/comments?post=427561"}],"version-history":[{"count":2,"href":"https:\/\/www.purejewels.com\/tr\/wp-json\/wp\/v2\/product\/427561\/revisions"}],"predecessor-version":[{"id":427564,"href":"https:\/\/www.purejewels.com\/tr\/wp-json\/wp\/v2\/product\/427561\/revisions\/427564"}],"wp:featuredmedia":[{"embeddable":true,"href":"https:\/\/www.purejewels.com\/tr\/wp-json\/wp\/v2\/media\/427562"}],"wp:attachment":[{"href":"https:\/\/www.purejewels.com\/tr\/wp-json\/wp\/v2\/media?parent=427561"}],"wp:term":[{"taxonomy":"product_brand","embeddable":true,"href":"https:\/\/www.purejewels.com\/tr\/wp-json\/wp\/v2\/product_brand?post=427561"},{"taxonomy":"product_cat","embeddable":true,"href":"https:\/\/www.purejewels.com\/tr\/wp-json\/wp\/v2\/product_cat?post=427561"},{"taxonomy":"product_tag","embeddable":true,"href":"https:\/\/www.purejewels.com\/tr\/wp-json\/wp\/v2\/product_tag?post=427561"}],"curies":[{"name":"wp","href":"https:\/\/api.w.org\/{rel}","templated":true}]}}