{"id":427578,"date":"2026-01-25T10:13:20","date_gmt":"2026-01-25T10:13:20","guid":{"rendered":"https:\/\/www.purejewels.com\/?post_type=product&#038;p=427578"},"modified":"2026-03-25T10:26:43","modified_gmt":"2026-03-25T10:26:43","slug":"22-ayar-altin-armari-bukum-tel-cicekli-kolye-ucu-49711","status":"publish","type":"product","link":"https:\/\/www.purejewels.com\/tr\/product\/22ct-gold-armari-twist-wire-floral-pendant-49711\/","title":{"rendered":"22 Ayar Alt\u0131n Armari B\u00fck\u00fcml\u00fc Tel \u00c7i\u00e7ekli Kolye"},"content":{"rendered":"<p><strong>Tasar\u0131m Konsepti<\/strong><\/p>\n<p>Bu Armari kolye ucu, simetri ve i\u015f\u00e7ili\u011fin zarif bir ifadesidir. Klasik dairesel bir siluette tasarlanan kolyenin merkezinde, uyum ve s\u00fcreklili\u011fi simgeleyen g\u00fczel yap\u0131land\u0131r\u0131lm\u0131\u015f bir \u00e7i\u00e7ek motifi yer al\u0131r. Kendine \u00f6zg\u00fc b\u00fck\u00fcml\u00fc tel bord\u00fcr, tasar\u0131m\u0131 ince bir doku ile \u00e7er\u00e7eveleyerek derinlik ve karakter katar. Yap\u0131land\u0131r\u0131lm\u0131\u015f desen ve el i\u015fi detaylar aras\u0131ndaki etkile\u015fim, hem geleneksel hem de zahmetsizce zarif hissettiren bir par\u00e7a yarat\u0131r.<\/p>\n<p><strong>Zanaatkarl\u0131k<\/strong><\/p>\n<p>Zengin 22 ayar alt\u0131ndan titizlikle i\u015flenen bu kolye ucu, detaylara g\u00f6sterilen ola\u011fan\u00fcst\u00fc \u00f6zeni sergiliyor. \u0130nce bir \u015fekilde yontulmu\u015f \u00e7i\u00e7ek deseninden karma\u015f\u0131k bir \u015fekilde \u015fekillendirilmi\u015f b\u00fck\u00fcml\u00fc tel kenar\u0131na kadar her bir unsur, yetenekli zanaatk\u00e2rlar taraf\u0131ndan \u00f6zenle i\u015flenmi\u015ftir. Dokulu y\u00fczey \u0131\u015f\u0131\u011f\u0131n yans\u0131mas\u0131n\u0131 art\u0131rarak par\u00e7aya s\u0131cak ve \u0131\u015f\u0131lt\u0131l\u0131 bir parlakl\u0131k kazand\u0131r\u0131r. Londra Assay Ofisi taraf\u0131ndan damgalanan bu par\u00e7a, PureJewels'in \u00f6zg\u00fcnl\u00fck, hassasiyet ve kal\u0131c\u0131 kaliteye olan ba\u011fl\u0131l\u0131\u011f\u0131n\u0131 yans\u0131tmaktad\u0131r.<\/p>\n<p><strong>Stil Fikirleri<\/strong><\/p>\n<p>\u00c7ok y\u00f6nl\u00fc ve zamans\u0131z olan bu kolye ucu, zarif bir g\u00fcnl\u00fck g\u00f6r\u00fcn\u00fcm i\u00e7in basit bir alt\u0131n zincirle tak\u0131labilir veya daha uyumlu, mirastan ilham alan bir topluluk i\u00e7in di\u011fer Armari par\u00e7alar\u0131yla \u015fekillendirilebilir. Dengeli tasar\u0131m\u0131 hem modern hem de geleneksel k\u0131yafetler i\u00e7in uygun olmas\u0131n\u0131 sa\u011flar ve her duruma ince ama sofistike bir ifade katar.<\/p>","protected":false},"excerpt":{"rendered":"<p>22 ayar alt\u0131ndan zarif bir \u015fekilde \u00fcretilen bu Armari b\u00fck\u00fcm telli \u00e7i\u00e7ekli kolye ucu, klasik dairesel formuyla karma\u015f\u0131k detaylara sahiptir ve zamans\u0131z bir stil i\u00e7in m\u00fckemmeldir.<\/p>\n<p><strong>Malzeme:<\/strong>\u00a022 Ayar Alt\u0131n<br \/>\n<strong>Safl\u0131k:<\/strong>\u00a091.6% saf<br \/>\n<strong>Hallmark:<\/strong>\u00a0\u0130ngiliz Damgas\u0131<strong><br \/>\n<\/strong><strong>Br\u00fct A\u011f\u0131rl\u0131k: <\/strong>2.40 Gms<br \/>\n<strong>Geni\u015flik: <\/strong>15 mm<br \/>\n<strong>SKU:<\/strong> 49711<\/p>\n<p><strong>Fiyat ve Teslimat<\/strong>: KDV ve teslimat \u00fccreti dahil<br \/>\n<a href=\"https:\/\/www.purejewels.com\/tr\/i%cc%87ade-poli%cc%87ti%cc%87kasi\/\">\u0130ade Politikas\u0131<\/a><\/p>","protected":false},"featured_media":427584,"comment_status":"closed","ping_status":"closed","template":"","meta":{"_eb_attr":"","_crsspst_to_jayantr4sg-hostcom":false},"product_brand":[],"product_cat":[245,5670,236,1770,1229,1255,5344,1767,5349],"product_tag":[],"class_list":{"0":"post-427578","1":"product","2":"type-product","3":"status-publish","4":"has-post-thumbnail","6":"product_cat-armari-collections","7":"product_cat-armari-pendant","8":"product_cat-collections","9":"product_cat-fancy-pendants","10":"product_cat-22ct-gold-jewellery","11":"product_cat-gold-pendants","12":"product_cat-jewellery-under-750","13":"product_cat-ladies-pendants","14":"product_cat-yellow-gold-jewellery","16":"first","17":"instock","18":"taxable","19":"shipping-taxable","20":"purchasable","21":"product-type-simple","22":"add-to-wishlist-before_image"},"yoast_head":"<!-- This site is optimized with the Yoast SEO plugin v27.5 - https:\/\/yoast.com\/product\/yoast-seo-wordpress\/ -->\n<title>22ct Gold Armari Twist Wire Floral Pendant | Gold Pendant UK<\/title>\n<meta name=\"description\" content=\"Shop 22ct gold Armari twist wire floral pendant with intricate detailing. A timeless heritage design perfect for everyday or occasion wear. Hallmarked by PureJewels London.\" \/>\n<meta name=\"robots\" content=\"index, follow, max-snippet:-1, max-image-preview:large, max-video-preview:-1\" \/>\n<link rel=\"canonical\" href=\"https:\/\/www.purejewels.com\/tr\/urun\/22-ayar-altin-armari-bukum-tel-cicekli-kolye-ucu-49711\/\" \/>\n<meta property=\"og:locale\" content=\"tr_TR\" \/>\n<meta property=\"og:type\" content=\"article\" \/>\n<meta property=\"og:title\" content=\"22ct Gold Armari Twist Wire Floral Pendant | Gold Pendant UK\" \/>\n<meta property=\"og:description\" content=\"Shop 22ct gold Armari twist wire floral pendant with intricate detailing. A timeless heritage design perfect for everyday or occasion wear. Hallmarked by PureJewels London.\" \/>\n<meta property=\"og:url\" content=\"https:\/\/www.purejewels.com\/tr\/urun\/22-ayar-altin-armari-bukum-tel-cicekli-kolye-ucu-49711\/\" \/>\n<meta property=\"og:site_name\" content=\"PureJewels UK\" \/>\n<meta property=\"article:modified_time\" content=\"2026-03-25T10:26:43+00:00\" \/>\n<meta property=\"og:image\" content=\"https:\/\/static.purejewels.com\/wp-content\/uploads\/2026\/03\/SKU-49711-FRONT.jpg\" \/>\n\t<meta property=\"og:image:width\" content=\"1000\" \/>\n\t<meta property=\"og:image:height\" content=\"1000\" \/>\n\t<meta property=\"og:image:type\" content=\"image\/jpeg\" \/>\n<meta name=\"twitter:card\" content=\"summary_large_image\" \/>\n<meta name=\"twitter:label1\" content=\"Tahmini okuma s\u00fcresi\" \/>\n\t<meta name=\"twitter:data1\" content=\"2 dakika\" \/>\n<script type=\"application\/ld+json\" class=\"yoast-schema-graph\">{\"@context\":\"https:\\\/\\\/schema.org\",\"@graph\":[{\"@type\":[\"WebPage\",\"ItemPage\"],\"@id\":\"https:\\\/\\\/www.purejewels.com\\\/product\\\/22ct-gold-armari-twist-wire-floral-pendant-49711\\\/\",\"url\":\"https:\\\/\\\/www.purejewels.com\\\/product\\\/22ct-gold-armari-twist-wire-floral-pendant-49711\\\/\",\"name\":\"22ct Gold Armari Twist Wire Floral Pendant | Gold Pendant UK\",\"isPartOf\":{\"@id\":\"https:\\\/\\\/www.purejewels.com\\\/#website\"},\"primaryImageOfPage\":{\"@id\":\"https:\\\/\\\/www.purejewels.com\\\/product\\\/22ct-gold-armari-twist-wire-floral-pendant-49711\\\/#primaryimage\"},\"image\":{\"@id\":\"https:\\\/\\\/www.purejewels.com\\\/product\\\/22ct-gold-armari-twist-wire-floral-pendant-49711\\\/#primaryimage\"},\"thumbnailUrl\":\"https:\\\/\\\/static.purejewels.com\\\/wp-content\\\/uploads\\\/2026\\\/03\\\/SKU-49711-FRONT.jpg\",\"datePublished\":\"2026-01-25T10:13:20+00:00\",\"dateModified\":\"2026-03-25T10:26:43+00:00\",\"description\":\"Shop 22ct gold Armari twist wire floral pendant with intricate detailing. A timeless heritage design perfect for everyday or occasion wear. Hallmarked by PureJewels London.\",\"breadcrumb\":{\"@id\":\"https:\\\/\\\/www.purejewels.com\\\/product\\\/22ct-gold-armari-twist-wire-floral-pendant-49711\\\/#breadcrumb\"},\"inLanguage\":\"tr\",\"potentialAction\":[{\"@type\":\"ReadAction\",\"target\":[\"https:\\\/\\\/www.purejewels.com\\\/product\\\/22ct-gold-armari-twist-wire-floral-pendant-49711\\\/\"]}]},{\"@type\":\"ImageObject\",\"inLanguage\":\"tr\",\"@id\":\"https:\\\/\\\/www.purejewels.com\\\/product\\\/22ct-gold-armari-twist-wire-floral-pendant-49711\\\/#primaryimage\",\"url\":\"https:\\\/\\\/static.purejewels.com\\\/wp-content\\\/uploads\\\/2026\\\/03\\\/SKU-49711-FRONT.jpg\",\"contentUrl\":\"https:\\\/\\\/static.purejewels.com\\\/wp-content\\\/uploads\\\/2026\\\/03\\\/SKU-49711-FRONT.jpg\",\"width\":1000,\"height\":1000,\"caption\":\"Stacked from 4 images. Method=B (R=8,S=4)\"},{\"@type\":\"BreadcrumbList\",\"@id\":\"https:\\\/\\\/www.purejewels.com\\\/product\\\/22ct-gold-armari-twist-wire-floral-pendant-49711\\\/#breadcrumb\",\"itemListElement\":[{\"@type\":\"ListItem\",\"position\":1,\"name\":\"Home\",\"item\":\"https:\\\/\\\/www.purejewels.com\\\/\"},{\"@type\":\"ListItem\",\"position\":2,\"name\":\"Shop\",\"item\":\"https:\\\/\\\/www.purejewels.com\\\/shop\\\/\"},{\"@type\":\"ListItem\",\"position\":3,\"name\":\"22ct Gold Armari Twist Wire Floral Pendant\"}]},{\"@type\":\"WebSite\",\"@id\":\"https:\\\/\\\/www.purejewels.com\\\/#website\",\"url\":\"https:\\\/\\\/www.purejewels.com\\\/\",\"name\":\"PureJewels UK\",\"description\":\"Share the Love\",\"publisher\":{\"@id\":\"https:\\\/\\\/www.purejewels.com\\\/#organization\"},\"potentialAction\":[{\"@type\":\"SearchAction\",\"target\":{\"@type\":\"EntryPoint\",\"urlTemplate\":\"https:\\\/\\\/www.purejewels.com\\\/?s={search_term_string}\"},\"query-input\":{\"@type\":\"PropertyValueSpecification\",\"valueRequired\":true,\"valueName\":\"search_term_string\"}}],\"inLanguage\":\"tr\"},{\"@type\":\"Organization\",\"@id\":\"https:\\\/\\\/www.purejewels.com\\\/#organization\",\"name\":\"PureJewels UK\",\"url\":\"https:\\\/\\\/www.purejewels.com\\\/\",\"logo\":{\"@type\":\"ImageObject\",\"inLanguage\":\"tr\",\"@id\":\"https:\\\/\\\/www.purejewels.com\\\/#\\\/schema\\\/logo\\\/image\\\/\",\"url\":\"https:\\\/\\\/static.purejewels.com\\\/wp-content\\\/uploads\\\/2020\\\/11\\\/Logo-PJ-New-1.png\",\"contentUrl\":\"https:\\\/\\\/static.purejewels.com\\\/wp-content\\\/uploads\\\/2020\\\/11\\\/Logo-PJ-New-1.png\",\"width\":150,\"height\":80,\"caption\":\"PureJewels UK\"},\"image\":{\"@id\":\"https:\\\/\\\/www.purejewels.com\\\/#\\\/schema\\\/logo\\\/image\\\/\"}}]}<\/script>\n<!-- \/ Yoast SEO plugin. -->","yoast_head_json":{"title":"22 Ayar Alt\u0131n Armari B\u00fck\u00fcm Tel \u00c7i\u00e7ekli Kolye | Alt\u0131n Kolye \u0130ngiltere","description":"Karma\u015f\u0131k detaylara sahip 22 ayar alt\u0131n Armari b\u00fck\u00fcm tel \u00e7i\u00e7ekli kolye ucu sat\u0131n al\u0131n. G\u00fcnl\u00fck veya \u00f6zel g\u00fcnler i\u00e7in m\u00fckemmel, zamans\u0131z bir miras tasar\u0131m\u0131. PureJewels London taraf\u0131ndan damgalanm\u0131\u015ft\u0131r.","robots":{"index":"index","follow":"follow","max-snippet":"max-snippet:-1","max-image-preview":"max-image-preview:large","max-video-preview":"max-video-preview:-1"},"canonical":"https:\/\/www.purejewels.com\/tr\/urun\/22-ayar-altin-armari-bukum-tel-cicekli-kolye-ucu-49711\/","og_locale":"tr_TR","og_type":"article","og_title":"22ct Gold Armari Twist Wire Floral Pendant | Gold Pendant UK","og_description":"Shop 22ct gold Armari twist wire floral pendant with intricate detailing. A timeless heritage design perfect for everyday or occasion wear. Hallmarked by PureJewels London.","og_url":"https:\/\/www.purejewels.com\/tr\/urun\/22-ayar-altin-armari-bukum-tel-cicekli-kolye-ucu-49711\/","og_site_name":"PureJewels UK","article_modified_time":"2026-03-25T10:26:43+00:00","og_image":[{"width":1000,"height":1000,"url":"https:\/\/static.purejewels.com\/wp-content\/uploads\/2026\/03\/SKU-49711-FRONT.jpg","type":"image\/jpeg"}],"twitter_card":"summary_large_image","twitter_misc":{"Tahmini okuma s\u00fcresi":"2 dakika"},"schema":{"@context":"https:\/\/schema.org","@graph":[{"@type":["WebPage","ItemPage"],"@id":"https:\/\/www.purejewels.com\/product\/22ct-gold-armari-twist-wire-floral-pendant-49711\/","url":"https:\/\/www.purejewels.com\/product\/22ct-gold-armari-twist-wire-floral-pendant-49711\/","name":"22 Ayar Alt\u0131n Armari B\u00fck\u00fcm Tel \u00c7i\u00e7ekli Kolye | Alt\u0131n Kolye \u0130ngiltere","isPartOf":{"@id":"https:\/\/www.purejewels.com\/#website"},"primaryImageOfPage":{"@id":"https:\/\/www.purejewels.com\/product\/22ct-gold-armari-twist-wire-floral-pendant-49711\/#primaryimage"},"image":{"@id":"https:\/\/www.purejewels.com\/product\/22ct-gold-armari-twist-wire-floral-pendant-49711\/#primaryimage"},"thumbnailUrl":"https:\/\/static.purejewels.com\/wp-content\/uploads\/2026\/03\/SKU-49711-FRONT.jpg","datePublished":"2026-01-25T10:13:20+00:00","dateModified":"2026-03-25T10:26:43+00:00","description":"Karma\u015f\u0131k detaylara sahip 22 ayar alt\u0131n Armari b\u00fck\u00fcm tel \u00e7i\u00e7ekli kolye ucu sat\u0131n al\u0131n. G\u00fcnl\u00fck veya \u00f6zel g\u00fcnler i\u00e7in m\u00fckemmel, zamans\u0131z bir miras tasar\u0131m\u0131. PureJewels London taraf\u0131ndan damgalanm\u0131\u015ft\u0131r.","breadcrumb":{"@id":"https:\/\/www.purejewels.com\/product\/22ct-gold-armari-twist-wire-floral-pendant-49711\/#breadcrumb"},"inLanguage":"tr","potentialAction":[{"@type":"ReadAction","target":["https:\/\/www.purejewels.com\/product\/22ct-gold-armari-twist-wire-floral-pendant-49711\/"]}]},{"@type":"ImageObject","inLanguage":"tr","@id":"https:\/\/www.purejewels.com\/product\/22ct-gold-armari-twist-wire-floral-pendant-49711\/#primaryimage","url":"https:\/\/static.purejewels.com\/wp-content\/uploads\/2026\/03\/SKU-49711-FRONT.jpg","contentUrl":"https:\/\/static.purejewels.com\/wp-content\/uploads\/2026\/03\/SKU-49711-FRONT.jpg","width":1000,"height":1000,"caption":"Stacked from 4 images. Method=B (R=8,S=4)"},{"@type":"BreadcrumbList","@id":"https:\/\/www.purejewels.com\/product\/22ct-gold-armari-twist-wire-floral-pendant-49711\/#breadcrumb","itemListElement":[{"@type":"ListItem","position":1,"name":"Home","item":"https:\/\/www.purejewels.com\/"},{"@type":"ListItem","position":2,"name":"Shop","item":"https:\/\/www.purejewels.com\/shop\/"},{"@type":"ListItem","position":3,"name":"22ct Gold Armari Twist Wire Floral Pendant"}]},{"@type":"WebSite","@id":"https:\/\/www.purejewels.com\/#website","url":"https:\/\/www.purejewels.com\/","name":"PureJewels \u0130ngiltere","description":"Sevgiyi Payla\u015f\u0131n","publisher":{"@id":"https:\/\/www.purejewels.com\/#organization"},"potentialAction":[{"@type":"SearchAction","target":{"@type":"EntryPoint","urlTemplate":"https:\/\/www.purejewels.com\/?s={search_term_string}"},"query-input":{"@type":"PropertyValueSpecification","valueRequired":true,"valueName":"search_term_string"}}],"inLanguage":"tr"},{"@type":"Organization","@id":"https:\/\/www.purejewels.com\/#organization","name":"PureJewels \u0130ngiltere","url":"https:\/\/www.purejewels.com\/","logo":{"@type":"ImageObject","inLanguage":"tr","@id":"https:\/\/www.purejewels.com\/#\/schema\/logo\/image\/","url":"https:\/\/static.purejewels.com\/wp-content\/uploads\/2020\/11\/Logo-PJ-New-1.png","contentUrl":"https:\/\/static.purejewels.com\/wp-content\/uploads\/2020\/11\/Logo-PJ-New-1.png","width":150,"height":80,"caption":"PureJewels UK"},"image":{"@id":"https:\/\/www.purejewels.com\/#\/schema\/logo\/image\/"}}]}},"_links":{"self":[{"href":"https:\/\/www.purejewels.com\/tr\/wp-json\/wp\/v2\/product\/427578","targetHints":{"allow":["GET"]}}],"collection":[{"href":"https:\/\/www.purejewels.com\/tr\/wp-json\/wp\/v2\/product"}],"about":[{"href":"https:\/\/www.purejewels.com\/tr\/wp-json\/wp\/v2\/types\/product"}],"replies":[{"embeddable":true,"href":"https:\/\/www.purejewels.com\/tr\/wp-json\/wp\/v2\/comments?post=427578"}],"version-history":[{"count":1,"href":"https:\/\/www.purejewels.com\/tr\/wp-json\/wp\/v2\/product\/427578\/revisions"}],"predecessor-version":[{"id":427586,"href":"https:\/\/www.purejewels.com\/tr\/wp-json\/wp\/v2\/product\/427578\/revisions\/427586"}],"wp:featuredmedia":[{"embeddable":true,"href":"https:\/\/www.purejewels.com\/tr\/wp-json\/wp\/v2\/media\/427584"}],"wp:attachment":[{"href":"https:\/\/www.purejewels.com\/tr\/wp-json\/wp\/v2\/media?parent=427578"}],"wp:term":[{"taxonomy":"product_brand","embeddable":true,"href":"https:\/\/www.purejewels.com\/tr\/wp-json\/wp\/v2\/product_brand?post=427578"},{"taxonomy":"product_cat","embeddable":true,"href":"https:\/\/www.purejewels.com\/tr\/wp-json\/wp\/v2\/product_cat?post=427578"},{"taxonomy":"product_tag","embeddable":true,"href":"https:\/\/www.purejewels.com\/tr\/wp-json\/wp\/v2\/product_tag?post=427578"}],"curies":[{"name":"wp","href":"https:\/\/api.w.org\/{rel}","templated":true}]}}