{"id":427597,"date":"2026-01-25T11:11:50","date_gmt":"2026-01-25T11:11:50","guid":{"rendered":"https:\/\/www.purejewels.com\/?post_type=product&#038;p=427597"},"modified":"2026-03-25T11:32:47","modified_gmt":"2026-03-25T11:32:47","slug":"22-ayar-altin-armari-bukum-tel-mini-cicek-kolye-49716","status":"publish","type":"product","link":"https:\/\/www.purejewels.com\/tr\/product\/22ct-gold-armari-twist-wire-mini-floral-pendant-49716\/","title":{"rendered":"22 Ayar Alt\u0131n Armari B\u00fck\u00fcm Tel Mini \u00c7i\u00e7ekli Kolye"},"content":{"rendered":"<p><strong>Tasar\u0131m Konsepti<\/strong><\/p>\n<p>Klasik Armari sanat\u0131n\u0131n rafine bir yorumu olan bu mini \u00e7i\u00e7ekli kolye ucu, karma\u015f\u0131k detaylarla sadeli\u011fi kucakl\u0131yor. Minik bir dairesel formda tasarlanan kolye, uyum ve g\u00fczelli\u011fi simgeleyen merkezi bir \u00e7i\u00e7ek motifine sahiptir. B\u00fck\u00fcml\u00fc tel bord\u00fcr, ince bir dokusal \u00e7er\u00e7eve ekleyerek tasar\u0131m\u0131 el i\u015fi hissiyle zenginle\u015ftirir. K\u00fc\u00e7\u00fck \u00f6l\u00e7e\u011fi narin bir \u00e7ekicilik katarak g\u00fcnl\u00fck kullan\u0131m i\u00e7in zahmetsiz bir par\u00e7a haline getirir.<\/p>\n<p><strong>Zanaatkarl\u0131k<\/strong><\/p>\n<p>Zengin 22 ayar alt\u0131ndan \u00fcretilen bu kolye ucu, her ayr\u0131nt\u0131s\u0131nda hassasiyet ve zanaatk\u00e2r inceli\u011fi sergiliyor. \u0130nce yontulmu\u015f \u00e7i\u00e7ek deseni dairesel form i\u00e7inde dikkatle dengelenirken, b\u00fck\u00fcml\u00fc tel kenar derinlik ve boyut katmak i\u00e7in titizlikle \u015fekillendirilmi\u015ftir. Hafif ancak dayan\u0131kl\u0131 olan bu \u00fcr\u00fcn, rahatl\u0131k ve uzun \u00f6m\u00fcrl\u00fcl\u00fck i\u00e7in tasarlanm\u0131\u015ft\u0131r. Londra Assay Ofisi taraf\u0131ndan damgalanm\u0131\u015ft\u0131r, \u00f6zg\u00fcnl\u00fc\u011f\u00fc ve ola\u011fan\u00fcst\u00fc kaliteyi garanti eder.<\/p>\n<p><strong>Stil Fikirleri<\/strong><\/p>\n<p>G\u00fcnl\u00fck stil i\u00e7in m\u00fckemmel olan bu mini kolye ucu, ince ve zarif bir g\u00f6r\u00fcn\u00fcm i\u00e7in ince bir alt\u0131n zincirle g\u00fczel bir \u015fekilde e\u015fle\u015fir. Ki\u015fiselle\u015ftirilmi\u015f bir stil olu\u015fturmak i\u00e7in di\u011fer narin kolyelerle de katmanland\u0131r\u0131labilir. Sade tasar\u0131m\u0131 sayesinde hem modern k\u0131yafetler hem de geleneksel giyim i\u00e7in uygundur ve her duruma yumu\u015fak bir alt\u0131n dokunu\u015fu katar.<\/p>","protected":false},"excerpt":{"rendered":"<p>22 ayar alt\u0131ndan incelikle i\u015flenmi\u015f bu Armari mini \u00e7i\u00e7ekli kolye ucu, b\u00fck\u00fcml\u00fc tel kenarl\u0131\u011fa ve karma\u015f\u0131k detaylara sahiptir; g\u00fcnl\u00fck \u015f\u0131kl\u0131k i\u00e7in m\u00fckemmeldir.<\/p>\n<p><strong>Malzeme:<\/strong>\u00a022 Ayar Alt\u0131n<br \/>\n<strong>Safl\u0131k:<\/strong>\u00a091.6% saf<br \/>\n<strong>Hallmark:<\/strong>\u00a0\u0130ngiliz Damgas\u0131<strong><br \/>\n<\/strong><strong>Br\u00fct A\u011f\u0131rl\u0131k: <\/strong>0.80 Gms<br \/>\n<strong>Geni\u015flik:<\/strong> 8 mm<br \/>\n<strong>SKU:<\/strong> 49716<\/p>\n<p><strong>Fiyat ve Teslimat<\/strong>: KDV ve teslimat \u00fccreti dahil<br \/>\n<a href=\"https:\/\/www.purejewels.com\/tr\/i%cc%87ade-poli%cc%87ti%cc%87kasi\/\">\u0130ade Politikas\u0131<\/a><\/p>","protected":false},"featured_media":427598,"comment_status":"closed","ping_status":"closed","template":"","meta":{"_eb_attr":"","_crsspst_to_jayantr4sg-hostcom":false},"product_brand":[],"product_cat":[245,5670,1559,236,1793,5701,1770,1792,1229,1255,5342,1767,1574,5349],"product_tag":[],"class_list":{"0":"post-427597","1":"product","2":"type-product","3":"status-publish","4":"has-post-thumbnail","6":"product_cat-armari-collections","7":"product_cat-armari-pendant","8":"product_cat-birthday-gifts","9":"product_cat-collections","10":"product_cat-diwali-gifts","11":"product_cat-eid-jewellery","12":"product_cat-fancy-pendants","13":"product_cat-festival-gifts","14":"product_cat-22ct-gold-jewellery","15":"product_cat-gold-pendants","16":"product_cat-jewellery-under-250","17":"product_cat-ladies-pendants","18":"product_cat-womens-jewellery","19":"product_cat-yellow-gold-jewellery","21":"first","22":"instock","23":"taxable","24":"shipping-taxable","25":"purchasable","26":"product-type-simple","27":"add-to-wishlist-before_image"},"yoast_head":"<!-- This site is optimized with the Yoast SEO plugin v27.5 - https:\/\/yoast.com\/product\/yoast-seo-wordpress\/ -->\n<title>22ct Gold Armari Twist Wire Mini Floral Pendant | Gold Pendant UK<\/title>\n<meta name=\"description\" content=\"Shop 22ct gold Armari twist wire mini floral pendant. A delicate, intricate design perfect for everyday elegance. Hallmarked gold jewellery by PureJewels London.\" \/>\n<meta name=\"robots\" content=\"index, follow, max-snippet:-1, max-image-preview:large, max-video-preview:-1\" \/>\n<link rel=\"canonical\" href=\"https:\/\/www.purejewels.com\/tr\/urun\/22-ayar-altin-armari-bukum-tel-mini-cicek-kolye-49716\/\" \/>\n<meta property=\"og:locale\" content=\"tr_TR\" \/>\n<meta property=\"og:type\" content=\"article\" \/>\n<meta property=\"og:title\" content=\"22ct Gold Armari Twist Wire Mini Floral Pendant | Gold Pendant UK\" \/>\n<meta property=\"og:description\" content=\"Shop 22ct gold Armari twist wire mini floral pendant. A delicate, intricate design perfect for everyday elegance. Hallmarked gold jewellery by PureJewels London.\" \/>\n<meta property=\"og:url\" content=\"https:\/\/www.purejewels.com\/tr\/urun\/22-ayar-altin-armari-bukum-tel-mini-cicek-kolye-49716\/\" \/>\n<meta property=\"og:site_name\" content=\"PureJewels UK\" \/>\n<meta property=\"article:modified_time\" content=\"2026-03-25T11:32:47+00:00\" \/>\n<meta property=\"og:image\" content=\"https:\/\/static.purejewels.com\/wp-content\/uploads\/2026\/03\/SKU-49716-FRONT.jpg\" \/>\n\t<meta property=\"og:image:width\" content=\"1000\" \/>\n\t<meta property=\"og:image:height\" content=\"1000\" \/>\n\t<meta property=\"og:image:type\" content=\"image\/jpeg\" \/>\n<meta name=\"twitter:card\" content=\"summary_large_image\" \/>\n<meta name=\"twitter:label1\" content=\"Tahmini okuma s\u00fcresi\" \/>\n\t<meta name=\"twitter:data1\" content=\"2 dakika\" \/>\n<script type=\"application\/ld+json\" class=\"yoast-schema-graph\">{\"@context\":\"https:\\\/\\\/schema.org\",\"@graph\":[{\"@type\":[\"WebPage\",\"ItemPage\"],\"@id\":\"https:\\\/\\\/www.purejewels.com\\\/product\\\/22ct-gold-armari-twist-wire-mini-floral-pendant-49716\\\/\",\"url\":\"https:\\\/\\\/www.purejewels.com\\\/product\\\/22ct-gold-armari-twist-wire-mini-floral-pendant-49716\\\/\",\"name\":\"22ct Gold Armari Twist Wire Mini Floral Pendant | Gold Pendant UK\",\"isPartOf\":{\"@id\":\"https:\\\/\\\/www.purejewels.com\\\/#website\"},\"primaryImageOfPage\":{\"@id\":\"https:\\\/\\\/www.purejewels.com\\\/product\\\/22ct-gold-armari-twist-wire-mini-floral-pendant-49716\\\/#primaryimage\"},\"image\":{\"@id\":\"https:\\\/\\\/www.purejewels.com\\\/product\\\/22ct-gold-armari-twist-wire-mini-floral-pendant-49716\\\/#primaryimage\"},\"thumbnailUrl\":\"https:\\\/\\\/static.purejewels.com\\\/wp-content\\\/uploads\\\/2026\\\/03\\\/SKU-49716-FRONT.jpg\",\"datePublished\":\"2026-01-25T11:11:50+00:00\",\"dateModified\":\"2026-03-25T11:32:47+00:00\",\"description\":\"Shop 22ct gold Armari twist wire mini floral pendant. A delicate, intricate design perfect for everyday elegance. Hallmarked gold jewellery by PureJewels London.\",\"breadcrumb\":{\"@id\":\"https:\\\/\\\/www.purejewels.com\\\/product\\\/22ct-gold-armari-twist-wire-mini-floral-pendant-49716\\\/#breadcrumb\"},\"inLanguage\":\"tr\",\"potentialAction\":[{\"@type\":\"ReadAction\",\"target\":[\"https:\\\/\\\/www.purejewels.com\\\/product\\\/22ct-gold-armari-twist-wire-mini-floral-pendant-49716\\\/\"]}]},{\"@type\":\"ImageObject\",\"inLanguage\":\"tr\",\"@id\":\"https:\\\/\\\/www.purejewels.com\\\/product\\\/22ct-gold-armari-twist-wire-mini-floral-pendant-49716\\\/#primaryimage\",\"url\":\"https:\\\/\\\/static.purejewels.com\\\/wp-content\\\/uploads\\\/2026\\\/03\\\/SKU-49716-FRONT.jpg\",\"contentUrl\":\"https:\\\/\\\/static.purejewels.com\\\/wp-content\\\/uploads\\\/2026\\\/03\\\/SKU-49716-FRONT.jpg\",\"width\":1000,\"height\":1000,\"caption\":\"Stacked from 4 images. Method=B (R=8,S=4)\"},{\"@type\":\"BreadcrumbList\",\"@id\":\"https:\\\/\\\/www.purejewels.com\\\/product\\\/22ct-gold-armari-twist-wire-mini-floral-pendant-49716\\\/#breadcrumb\",\"itemListElement\":[{\"@type\":\"ListItem\",\"position\":1,\"name\":\"Home\",\"item\":\"https:\\\/\\\/www.purejewels.com\\\/\"},{\"@type\":\"ListItem\",\"position\":2,\"name\":\"Shop\",\"item\":\"https:\\\/\\\/www.purejewels.com\\\/shop\\\/\"},{\"@type\":\"ListItem\",\"position\":3,\"name\":\"22ct Gold Armari Twist Wire Mini Floral Pendant\"}]},{\"@type\":\"WebSite\",\"@id\":\"https:\\\/\\\/www.purejewels.com\\\/#website\",\"url\":\"https:\\\/\\\/www.purejewels.com\\\/\",\"name\":\"PureJewels UK\",\"description\":\"Share the Love\",\"publisher\":{\"@id\":\"https:\\\/\\\/www.purejewels.com\\\/#organization\"},\"potentialAction\":[{\"@type\":\"SearchAction\",\"target\":{\"@type\":\"EntryPoint\",\"urlTemplate\":\"https:\\\/\\\/www.purejewels.com\\\/?s={search_term_string}\"},\"query-input\":{\"@type\":\"PropertyValueSpecification\",\"valueRequired\":true,\"valueName\":\"search_term_string\"}}],\"inLanguage\":\"tr\"},{\"@type\":\"Organization\",\"@id\":\"https:\\\/\\\/www.purejewels.com\\\/#organization\",\"name\":\"PureJewels UK\",\"url\":\"https:\\\/\\\/www.purejewels.com\\\/\",\"logo\":{\"@type\":\"ImageObject\",\"inLanguage\":\"tr\",\"@id\":\"https:\\\/\\\/www.purejewels.com\\\/#\\\/schema\\\/logo\\\/image\\\/\",\"url\":\"https:\\\/\\\/static.purejewels.com\\\/wp-content\\\/uploads\\\/2020\\\/11\\\/Logo-PJ-New-1.png\",\"contentUrl\":\"https:\\\/\\\/static.purejewels.com\\\/wp-content\\\/uploads\\\/2020\\\/11\\\/Logo-PJ-New-1.png\",\"width\":150,\"height\":80,\"caption\":\"PureJewels UK\"},\"image\":{\"@id\":\"https:\\\/\\\/www.purejewels.com\\\/#\\\/schema\\\/logo\\\/image\\\/\"}}]}<\/script>\n<!-- \/ Yoast SEO plugin. -->","yoast_head_json":{"title":"22 Ayar Alt\u0131n Armari B\u00fck\u00fcm Tel Mini \u00c7i\u00e7ekli Kolye | Alt\u0131n Kolye \u0130ngiltere","description":"22 ayar alt\u0131n Armari b\u00fck\u00fcm telli mini \u00e7i\u00e7ekli kolye ucu sat\u0131n al\u0131n. G\u00fcnl\u00fck \u015f\u0131kl\u0131k i\u00e7in m\u00fckemmel, narin ve karma\u015f\u0131k bir tasar\u0131m. PureJewels London taraf\u0131ndan damgalanm\u0131\u015f alt\u0131n tak\u0131lar.","robots":{"index":"index","follow":"follow","max-snippet":"max-snippet:-1","max-image-preview":"max-image-preview:large","max-video-preview":"max-video-preview:-1"},"canonical":"https:\/\/www.purejewels.com\/tr\/urun\/22-ayar-altin-armari-bukum-tel-mini-cicek-kolye-49716\/","og_locale":"tr_TR","og_type":"article","og_title":"22ct Gold Armari Twist Wire Mini Floral Pendant | Gold Pendant UK","og_description":"Shop 22ct gold Armari twist wire mini floral pendant. A delicate, intricate design perfect for everyday elegance. Hallmarked gold jewellery by PureJewels London.","og_url":"https:\/\/www.purejewels.com\/tr\/urun\/22-ayar-altin-armari-bukum-tel-mini-cicek-kolye-49716\/","og_site_name":"PureJewels UK","article_modified_time":"2026-03-25T11:32:47+00:00","og_image":[{"width":1000,"height":1000,"url":"https:\/\/static.purejewels.com\/wp-content\/uploads\/2026\/03\/SKU-49716-FRONT.jpg","type":"image\/jpeg"}],"twitter_card":"summary_large_image","twitter_misc":{"Tahmini okuma s\u00fcresi":"2 dakika"},"schema":{"@context":"https:\/\/schema.org","@graph":[{"@type":["WebPage","ItemPage"],"@id":"https:\/\/www.purejewels.com\/product\/22ct-gold-armari-twist-wire-mini-floral-pendant-49716\/","url":"https:\/\/www.purejewels.com\/product\/22ct-gold-armari-twist-wire-mini-floral-pendant-49716\/","name":"22 Ayar Alt\u0131n Armari B\u00fck\u00fcm Tel Mini \u00c7i\u00e7ekli Kolye | Alt\u0131n Kolye \u0130ngiltere","isPartOf":{"@id":"https:\/\/www.purejewels.com\/#website"},"primaryImageOfPage":{"@id":"https:\/\/www.purejewels.com\/product\/22ct-gold-armari-twist-wire-mini-floral-pendant-49716\/#primaryimage"},"image":{"@id":"https:\/\/www.purejewels.com\/product\/22ct-gold-armari-twist-wire-mini-floral-pendant-49716\/#primaryimage"},"thumbnailUrl":"https:\/\/static.purejewels.com\/wp-content\/uploads\/2026\/03\/SKU-49716-FRONT.jpg","datePublished":"2026-01-25T11:11:50+00:00","dateModified":"2026-03-25T11:32:47+00:00","description":"22 ayar alt\u0131n Armari b\u00fck\u00fcm telli mini \u00e7i\u00e7ekli kolye ucu sat\u0131n al\u0131n. G\u00fcnl\u00fck \u015f\u0131kl\u0131k i\u00e7in m\u00fckemmel, narin ve karma\u015f\u0131k bir tasar\u0131m. PureJewels London taraf\u0131ndan damgalanm\u0131\u015f alt\u0131n tak\u0131lar.","breadcrumb":{"@id":"https:\/\/www.purejewels.com\/product\/22ct-gold-armari-twist-wire-mini-floral-pendant-49716\/#breadcrumb"},"inLanguage":"tr","potentialAction":[{"@type":"ReadAction","target":["https:\/\/www.purejewels.com\/product\/22ct-gold-armari-twist-wire-mini-floral-pendant-49716\/"]}]},{"@type":"ImageObject","inLanguage":"tr","@id":"https:\/\/www.purejewels.com\/product\/22ct-gold-armari-twist-wire-mini-floral-pendant-49716\/#primaryimage","url":"https:\/\/static.purejewels.com\/wp-content\/uploads\/2026\/03\/SKU-49716-FRONT.jpg","contentUrl":"https:\/\/static.purejewels.com\/wp-content\/uploads\/2026\/03\/SKU-49716-FRONT.jpg","width":1000,"height":1000,"caption":"Stacked from 4 images. Method=B (R=8,S=4)"},{"@type":"BreadcrumbList","@id":"https:\/\/www.purejewels.com\/product\/22ct-gold-armari-twist-wire-mini-floral-pendant-49716\/#breadcrumb","itemListElement":[{"@type":"ListItem","position":1,"name":"Home","item":"https:\/\/www.purejewels.com\/"},{"@type":"ListItem","position":2,"name":"Shop","item":"https:\/\/www.purejewels.com\/shop\/"},{"@type":"ListItem","position":3,"name":"22ct Gold Armari Twist Wire Mini Floral Pendant"}]},{"@type":"WebSite","@id":"https:\/\/www.purejewels.com\/#website","url":"https:\/\/www.purejewels.com\/","name":"PureJewels \u0130ngiltere","description":"Sevgiyi Payla\u015f\u0131n","publisher":{"@id":"https:\/\/www.purejewels.com\/#organization"},"potentialAction":[{"@type":"SearchAction","target":{"@type":"EntryPoint","urlTemplate":"https:\/\/www.purejewels.com\/?s={search_term_string}"},"query-input":{"@type":"PropertyValueSpecification","valueRequired":true,"valueName":"search_term_string"}}],"inLanguage":"tr"},{"@type":"Organization","@id":"https:\/\/www.purejewels.com\/#organization","name":"PureJewels \u0130ngiltere","url":"https:\/\/www.purejewels.com\/","logo":{"@type":"ImageObject","inLanguage":"tr","@id":"https:\/\/www.purejewels.com\/#\/schema\/logo\/image\/","url":"https:\/\/static.purejewels.com\/wp-content\/uploads\/2020\/11\/Logo-PJ-New-1.png","contentUrl":"https:\/\/static.purejewels.com\/wp-content\/uploads\/2020\/11\/Logo-PJ-New-1.png","width":150,"height":80,"caption":"PureJewels UK"},"image":{"@id":"https:\/\/www.purejewels.com\/#\/schema\/logo\/image\/"}}]}},"_links":{"self":[{"href":"https:\/\/www.purejewels.com\/tr\/wp-json\/wp\/v2\/product\/427597","targetHints":{"allow":["GET"]}}],"collection":[{"href":"https:\/\/www.purejewels.com\/tr\/wp-json\/wp\/v2\/product"}],"about":[{"href":"https:\/\/www.purejewels.com\/tr\/wp-json\/wp\/v2\/types\/product"}],"replies":[{"embeddable":true,"href":"https:\/\/www.purejewels.com\/tr\/wp-json\/wp\/v2\/comments?post=427597"}],"version-history":[{"count":1,"href":"https:\/\/www.purejewels.com\/tr\/wp-json\/wp\/v2\/product\/427597\/revisions"}],"predecessor-version":[{"id":427599,"href":"https:\/\/www.purejewels.com\/tr\/wp-json\/wp\/v2\/product\/427597\/revisions\/427599"}],"wp:featuredmedia":[{"embeddable":true,"href":"https:\/\/www.purejewels.com\/tr\/wp-json\/wp\/v2\/media\/427598"}],"wp:attachment":[{"href":"https:\/\/www.purejewels.com\/tr\/wp-json\/wp\/v2\/media?parent=427597"}],"wp:term":[{"taxonomy":"product_brand","embeddable":true,"href":"https:\/\/www.purejewels.com\/tr\/wp-json\/wp\/v2\/product_brand?post=427597"},{"taxonomy":"product_cat","embeddable":true,"href":"https:\/\/www.purejewels.com\/tr\/wp-json\/wp\/v2\/product_cat?post=427597"},{"taxonomy":"product_tag","embeddable":true,"href":"https:\/\/www.purejewels.com\/tr\/wp-json\/wp\/v2\/product_tag?post=427597"}],"curies":[{"name":"wp","href":"https:\/\/api.w.org\/{rel}","templated":true}]}}