{"id":427627,"date":"2026-01-26T04:30:37","date_gmt":"2026-01-26T04:30:37","guid":{"rendered":"https:\/\/www.purejewels.com\/?post_type=product&#038;p=427627"},"modified":"2026-03-26T04:56:39","modified_gmt":"2026-03-26T04:56:39","slug":"22-ayar-altin-armari-dokuma-yuvarlak-kolye-ucu-52259","status":"publish","type":"product","link":"https:\/\/www.purejewels.com\/tr\/product\/22ct-gold-armari-woven-round-pendant-52259\/","title":{"rendered":"22 Ayar Alt\u0131n Armari Dokuma Yuvarlak Kolye"},"content":{"rendered":"<p><strong>Tasar\u0131m Konsepti<\/strong><br \/>\nArmari Dokuma Yuvarlak Sark\u0131t, her bir \u00f6\u011fenin uyumlu bir b\u00fct\u00fcne katk\u0131da bulundu\u011fu birbirine ba\u011fl\u0131 formlar\u0131n g\u00fczelli\u011finden ilham al\u0131yor. Dairesel silueti s\u00fcreklili\u011fi ve b\u00fct\u00fcnl\u00fc\u011f\u00fc simgelerken, dokuma deseni g\u00fcc\u00fc, birli\u011fi ve zamans\u0131z tasar\u0131m geleneklerini \u00e7a\u011fr\u0131\u015ft\u0131r\u0131r.<br \/>\nZarif bir \u015fekilde \u00e7er\u00e7evelenmi\u015f kenar, hem ayaklar\u0131 yere basan hem de zarif bir par\u00e7a yaratarak belirginlik kazand\u0131r\u0131r.<\/p>\n<p><strong>Zanaatkarl\u0131k<\/strong><br \/>\nZengin 22 ayar alt\u0131ndan ustal\u0131kla \u00fcretilen bu kolye ucu, detayl\u0131 el i\u015flemecili\u011finin sanat\u0131n\u0131 yans\u0131tmaktad\u0131r. Dokuma y\u00fczey, hassas dokuland\u0131rma ile \u015fekillendirilerek \u0131\u015f\u0131k ve g\u00f6lgenin ritmik bir etkile\u015fimini yarat\u0131r.<br \/>\nHer bir unsur denge ve simetriyi sa\u011flamak i\u00e7in dikkatlice hizalan\u0131rken, yumu\u015fak bir \u015fekilde yontulmu\u015f kenarlar ve zarif kefalet, PureJewels'in kal\u0131c\u0131 i\u015f\u00e7ili\u011fe olan ba\u011fl\u0131l\u0131\u011f\u0131na sad\u0131k kalarak par\u00e7ay\u0131 incelikle tamaml\u0131yor.<\/p>\n<p><strong>Stil Fikirleri<\/strong><br \/>\nBu kolye ucu zahmetsizce \u00e7ok y\u00f6nl\u00fcd\u00fcr ve her m\u00fccevher koleksiyonuna de\u011ferli bir katk\u0131 sa\u011flar.<\/p>\n<ul>\n<li>Klasik, g\u00fcnl\u00fck bir ifade i\u00e7in orta a\u011f\u0131rl\u0131kta alt\u0131n bir zincirle e\u015fle\u015ftirin<\/li>\n<li>Karma\u015f\u0131k detaylar\u0131n\u0131 yans\u0131tmak i\u00e7in dokulu bileklikler veya y\u00fcz\u00fcklerle birlikte stilize edin<\/li>\n<li>\u00a0\u0130nce sofistikeli\u011fin \u00e7ok \u015fey ifade etti\u011fi durumlar i\u00e7in tek ba\u015f\u0131na bir merkez par\u00e7as\u0131 olarak giyin<\/li>\n<\/ul>","protected":false},"excerpt":{"rendered":"<p>Karma\u015f\u0131k dokuma detaylar\u0131n\u0131 ve yumu\u015fak yap\u0131l\u0131 formunu sergileyen 22 ayar alt\u0131ndan zarif bir dairesel kolye ucu; tarihi el i\u015f\u00e7ili\u011finin zarif bir ifadesi.<\/p>\n<p><strong>Malzeme:<\/strong>\u00a022 Ayar Alt\u0131n<br \/>\n<strong>Safl\u0131k:<\/strong>\u00a091.6% saf<br \/>\n<strong>Hallmark:<\/strong>\u00a0\u0130ngiliz Damgas\u0131<strong><br \/>\n<\/strong><strong>Br\u00fct A\u011f\u0131rl\u0131k: <\/strong>4.47 Gms<br \/>\n<strong>Geni\u015flik:<\/strong> 25 mm<br \/>\n<strong>SKU:<\/strong> 52259<\/p>\n<p><strong>Fiyat ve Teslimat<\/strong>: KDV ve teslimat \u00fccreti dahil<br \/>\n<a href=\"https:\/\/www.purejewels.com\/tr\/i%cc%87ade-poli%cc%87ti%cc%87kasi\/\">\u0130ade Politikas\u0131<\/a><\/p>","protected":false},"featured_media":427628,"comment_status":"closed","ping_status":"closed","template":"","meta":{"_eb_attr":"","_crsspst_to_jayantr4sg-hostcom":false},"product_brand":[],"product_cat":[245,5670,1794,236,1793,1770,1792,1229,1255,1767,5349],"product_tag":[],"class_list":{"0":"post-427627","1":"product","2":"type-product","3":"status-publish","4":"has-post-thumbnail","6":"product_cat-armari-collections","7":"product_cat-armari-pendant","8":"product_cat-christmas-gifts","9":"product_cat-collections","10":"product_cat-diwali-gifts","11":"product_cat-fancy-pendants","12":"product_cat-festival-gifts","13":"product_cat-22ct-gold-jewellery","14":"product_cat-gold-pendants","15":"product_cat-ladies-pendants","16":"product_cat-yellow-gold-jewellery","18":"first","19":"instock","20":"taxable","21":"shipping-taxable","22":"purchasable","23":"product-type-simple","24":"add-to-wishlist-before_image"},"yoast_head":"<!-- This site is optimized with the Yoast SEO plugin v27.5 - https:\/\/yoast.com\/product\/yoast-seo-wordpress\/ -->\n<title>Shop online 22ct Gold Armari Woven Round Pendant | PureJewels<\/title>\n<meta name=\"description\" content=\"Explore the 22ct Gold Armari Woven Round Pendant, featuring intricate lattice-inspired detailing in rich 22ct gold. Free delivery across UK.\" \/>\n<meta name=\"robots\" content=\"index, follow, max-snippet:-1, max-image-preview:large, max-video-preview:-1\" \/>\n<link rel=\"canonical\" href=\"https:\/\/www.purejewels.com\/tr\/urun\/22-ayar-altin-armari-dokuma-yuvarlak-kolye-ucu-52259\/\" \/>\n<meta property=\"og:locale\" content=\"tr_TR\" \/>\n<meta property=\"og:type\" content=\"article\" \/>\n<meta property=\"og:title\" content=\"Shop online 22ct Gold Armari Woven Round Pendant | PureJewels\" \/>\n<meta property=\"og:description\" content=\"Explore the 22ct Gold Armari Woven Round Pendant, featuring intricate lattice-inspired detailing in rich 22ct gold. Free delivery across UK.\" \/>\n<meta property=\"og:url\" content=\"https:\/\/www.purejewels.com\/tr\/urun\/22-ayar-altin-armari-dokuma-yuvarlak-kolye-ucu-52259\/\" \/>\n<meta property=\"og:site_name\" content=\"PureJewels UK\" \/>\n<meta property=\"article:modified_time\" content=\"2026-03-26T04:56:39+00:00\" \/>\n<meta property=\"og:image\" content=\"https:\/\/static.purejewels.com\/wp-content\/uploads\/2026\/03\/sku-52259-front.jpg\" \/>\n\t<meta property=\"og:image:width\" content=\"1000\" \/>\n\t<meta property=\"og:image:height\" content=\"1000\" \/>\n\t<meta property=\"og:image:type\" content=\"image\/jpeg\" \/>\n<meta name=\"twitter:card\" content=\"summary_large_image\" \/>\n<meta name=\"twitter:label1\" content=\"Tahmini okuma s\u00fcresi\" \/>\n\t<meta name=\"twitter:data1\" content=\"1 dakika\" \/>\n<script type=\"application\/ld+json\" class=\"yoast-schema-graph\">{\"@context\":\"https:\\\/\\\/schema.org\",\"@graph\":[{\"@type\":[\"WebPage\",\"ItemPage\"],\"@id\":\"https:\\\/\\\/www.purejewels.com\\\/product\\\/22ct-gold-armari-woven-round-pendant-52259\\\/\",\"url\":\"https:\\\/\\\/www.purejewels.com\\\/product\\\/22ct-gold-armari-woven-round-pendant-52259\\\/\",\"name\":\"Shop online 22ct Gold Armari Woven Round Pendant | PureJewels\",\"isPartOf\":{\"@id\":\"https:\\\/\\\/www.purejewels.com\\\/#website\"},\"primaryImageOfPage\":{\"@id\":\"https:\\\/\\\/www.purejewels.com\\\/product\\\/22ct-gold-armari-woven-round-pendant-52259\\\/#primaryimage\"},\"image\":{\"@id\":\"https:\\\/\\\/www.purejewels.com\\\/product\\\/22ct-gold-armari-woven-round-pendant-52259\\\/#primaryimage\"},\"thumbnailUrl\":\"https:\\\/\\\/static.purejewels.com\\\/wp-content\\\/uploads\\\/2026\\\/03\\\/sku-52259-front.jpg\",\"datePublished\":\"2026-01-26T04:30:37+00:00\",\"dateModified\":\"2026-03-26T04:56:39+00:00\",\"description\":\"Explore the 22ct Gold Armari Woven Round Pendant, featuring intricate lattice-inspired detailing in rich 22ct gold. Free delivery across UK.\",\"breadcrumb\":{\"@id\":\"https:\\\/\\\/www.purejewels.com\\\/product\\\/22ct-gold-armari-woven-round-pendant-52259\\\/#breadcrumb\"},\"inLanguage\":\"tr\",\"potentialAction\":[{\"@type\":\"ReadAction\",\"target\":[\"https:\\\/\\\/www.purejewels.com\\\/product\\\/22ct-gold-armari-woven-round-pendant-52259\\\/\"]}]},{\"@type\":\"ImageObject\",\"inLanguage\":\"tr\",\"@id\":\"https:\\\/\\\/www.purejewels.com\\\/product\\\/22ct-gold-armari-woven-round-pendant-52259\\\/#primaryimage\",\"url\":\"https:\\\/\\\/static.purejewels.com\\\/wp-content\\\/uploads\\\/2026\\\/03\\\/sku-52259-front.jpg\",\"contentUrl\":\"https:\\\/\\\/static.purejewels.com\\\/wp-content\\\/uploads\\\/2026\\\/03\\\/sku-52259-front.jpg\",\"width\":1000,\"height\":1000,\"caption\":\"Stacked from 5 images. Method=B (R=8,S=4)\"},{\"@type\":\"BreadcrumbList\",\"@id\":\"https:\\\/\\\/www.purejewels.com\\\/product\\\/22ct-gold-armari-woven-round-pendant-52259\\\/#breadcrumb\",\"itemListElement\":[{\"@type\":\"ListItem\",\"position\":1,\"name\":\"Home\",\"item\":\"https:\\\/\\\/www.purejewels.com\\\/\"},{\"@type\":\"ListItem\",\"position\":2,\"name\":\"Shop\",\"item\":\"https:\\\/\\\/www.purejewels.com\\\/shop\\\/\"},{\"@type\":\"ListItem\",\"position\":3,\"name\":\"22ct Gold Armari Woven Round Pendant\"}]},{\"@type\":\"WebSite\",\"@id\":\"https:\\\/\\\/www.purejewels.com\\\/#website\",\"url\":\"https:\\\/\\\/www.purejewels.com\\\/\",\"name\":\"PureJewels UK\",\"description\":\"Share the Love\",\"publisher\":{\"@id\":\"https:\\\/\\\/www.purejewels.com\\\/#organization\"},\"potentialAction\":[{\"@type\":\"SearchAction\",\"target\":{\"@type\":\"EntryPoint\",\"urlTemplate\":\"https:\\\/\\\/www.purejewels.com\\\/?s={search_term_string}\"},\"query-input\":{\"@type\":\"PropertyValueSpecification\",\"valueRequired\":true,\"valueName\":\"search_term_string\"}}],\"inLanguage\":\"tr\"},{\"@type\":\"Organization\",\"@id\":\"https:\\\/\\\/www.purejewels.com\\\/#organization\",\"name\":\"PureJewels UK\",\"url\":\"https:\\\/\\\/www.purejewels.com\\\/\",\"logo\":{\"@type\":\"ImageObject\",\"inLanguage\":\"tr\",\"@id\":\"https:\\\/\\\/www.purejewels.com\\\/#\\\/schema\\\/logo\\\/image\\\/\",\"url\":\"https:\\\/\\\/static.purejewels.com\\\/wp-content\\\/uploads\\\/2020\\\/11\\\/Logo-PJ-New-1.png\",\"contentUrl\":\"https:\\\/\\\/static.purejewels.com\\\/wp-content\\\/uploads\\\/2020\\\/11\\\/Logo-PJ-New-1.png\",\"width\":150,\"height\":80,\"caption\":\"PureJewels UK\"},\"image\":{\"@id\":\"https:\\\/\\\/www.purejewels.com\\\/#\\\/schema\\\/logo\\\/image\\\/\"}}]}<\/script>\n<!-- \/ Yoast SEO plugin. -->","yoast_head_json":{"title":"Online al\u0131\u015fveri\u015f 22 Ayar Alt\u0131n Armari Dokuma Yuvarlak Kolye | PureJewels","description":"22 ayar alt\u0131n Armari Dokuma Yuvarlak Kolye ucunu ke\u015ffedin; zengin 22 ayar alt\u0131n renginde karma\u015f\u0131k kafes esintili detaylara sahiptir. Birle\u015fik Krall\u0131k genelinde \u00fccretsiz teslimat.","robots":{"index":"index","follow":"follow","max-snippet":"max-snippet:-1","max-image-preview":"max-image-preview:large","max-video-preview":"max-video-preview:-1"},"canonical":"https:\/\/www.purejewels.com\/tr\/urun\/22-ayar-altin-armari-dokuma-yuvarlak-kolye-ucu-52259\/","og_locale":"tr_TR","og_type":"article","og_title":"Shop online 22ct Gold Armari Woven Round Pendant | PureJewels","og_description":"Explore the 22ct Gold Armari Woven Round Pendant, featuring intricate lattice-inspired detailing in rich 22ct gold. Free delivery across UK.","og_url":"https:\/\/www.purejewels.com\/tr\/urun\/22-ayar-altin-armari-dokuma-yuvarlak-kolye-ucu-52259\/","og_site_name":"PureJewels UK","article_modified_time":"2026-03-26T04:56:39+00:00","og_image":[{"width":1000,"height":1000,"url":"https:\/\/static.purejewels.com\/wp-content\/uploads\/2026\/03\/sku-52259-front.jpg","type":"image\/jpeg"}],"twitter_card":"summary_large_image","twitter_misc":{"Tahmini okuma s\u00fcresi":"1 dakika"},"schema":{"@context":"https:\/\/schema.org","@graph":[{"@type":["WebPage","ItemPage"],"@id":"https:\/\/www.purejewels.com\/product\/22ct-gold-armari-woven-round-pendant-52259\/","url":"https:\/\/www.purejewels.com\/product\/22ct-gold-armari-woven-round-pendant-52259\/","name":"Online al\u0131\u015fveri\u015f 22 Ayar Alt\u0131n Armari Dokuma Yuvarlak Kolye | PureJewels","isPartOf":{"@id":"https:\/\/www.purejewels.com\/#website"},"primaryImageOfPage":{"@id":"https:\/\/www.purejewels.com\/product\/22ct-gold-armari-woven-round-pendant-52259\/#primaryimage"},"image":{"@id":"https:\/\/www.purejewels.com\/product\/22ct-gold-armari-woven-round-pendant-52259\/#primaryimage"},"thumbnailUrl":"https:\/\/static.purejewels.com\/wp-content\/uploads\/2026\/03\/sku-52259-front.jpg","datePublished":"2026-01-26T04:30:37+00:00","dateModified":"2026-03-26T04:56:39+00:00","description":"22 ayar alt\u0131n Armari Dokuma Yuvarlak Kolye ucunu ke\u015ffedin; zengin 22 ayar alt\u0131n renginde karma\u015f\u0131k kafes esintili detaylara sahiptir. Birle\u015fik Krall\u0131k genelinde \u00fccretsiz teslimat.","breadcrumb":{"@id":"https:\/\/www.purejewels.com\/product\/22ct-gold-armari-woven-round-pendant-52259\/#breadcrumb"},"inLanguage":"tr","potentialAction":[{"@type":"ReadAction","target":["https:\/\/www.purejewels.com\/product\/22ct-gold-armari-woven-round-pendant-52259\/"]}]},{"@type":"ImageObject","inLanguage":"tr","@id":"https:\/\/www.purejewels.com\/product\/22ct-gold-armari-woven-round-pendant-52259\/#primaryimage","url":"https:\/\/static.purejewels.com\/wp-content\/uploads\/2026\/03\/sku-52259-front.jpg","contentUrl":"https:\/\/static.purejewels.com\/wp-content\/uploads\/2026\/03\/sku-52259-front.jpg","width":1000,"height":1000,"caption":"Stacked from 5 images. Method=B (R=8,S=4)"},{"@type":"BreadcrumbList","@id":"https:\/\/www.purejewels.com\/product\/22ct-gold-armari-woven-round-pendant-52259\/#breadcrumb","itemListElement":[{"@type":"ListItem","position":1,"name":"Home","item":"https:\/\/www.purejewels.com\/"},{"@type":"ListItem","position":2,"name":"Shop","item":"https:\/\/www.purejewels.com\/shop\/"},{"@type":"ListItem","position":3,"name":"22ct Gold Armari Woven Round Pendant"}]},{"@type":"WebSite","@id":"https:\/\/www.purejewels.com\/#website","url":"https:\/\/www.purejewels.com\/","name":"PureJewels \u0130ngiltere","description":"Sevgiyi Payla\u015f\u0131n","publisher":{"@id":"https:\/\/www.purejewels.com\/#organization"},"potentialAction":[{"@type":"SearchAction","target":{"@type":"EntryPoint","urlTemplate":"https:\/\/www.purejewels.com\/?s={search_term_string}"},"query-input":{"@type":"PropertyValueSpecification","valueRequired":true,"valueName":"search_term_string"}}],"inLanguage":"tr"},{"@type":"Organization","@id":"https:\/\/www.purejewels.com\/#organization","name":"PureJewels \u0130ngiltere","url":"https:\/\/www.purejewels.com\/","logo":{"@type":"ImageObject","inLanguage":"tr","@id":"https:\/\/www.purejewels.com\/#\/schema\/logo\/image\/","url":"https:\/\/static.purejewels.com\/wp-content\/uploads\/2020\/11\/Logo-PJ-New-1.png","contentUrl":"https:\/\/static.purejewels.com\/wp-content\/uploads\/2020\/11\/Logo-PJ-New-1.png","width":150,"height":80,"caption":"PureJewels UK"},"image":{"@id":"https:\/\/www.purejewels.com\/#\/schema\/logo\/image\/"}}]}},"_links":{"self":[{"href":"https:\/\/www.purejewels.com\/tr\/wp-json\/wp\/v2\/product\/427627","targetHints":{"allow":["GET"]}}],"collection":[{"href":"https:\/\/www.purejewels.com\/tr\/wp-json\/wp\/v2\/product"}],"about":[{"href":"https:\/\/www.purejewels.com\/tr\/wp-json\/wp\/v2\/types\/product"}],"replies":[{"embeddable":true,"href":"https:\/\/www.purejewels.com\/tr\/wp-json\/wp\/v2\/comments?post=427627"}],"version-history":[{"count":3,"href":"https:\/\/www.purejewels.com\/tr\/wp-json\/wp\/v2\/product\/427627\/revisions"}],"predecessor-version":[{"id":427631,"href":"https:\/\/www.purejewels.com\/tr\/wp-json\/wp\/v2\/product\/427627\/revisions\/427631"}],"wp:featuredmedia":[{"embeddable":true,"href":"https:\/\/www.purejewels.com\/tr\/wp-json\/wp\/v2\/media\/427628"}],"wp:attachment":[{"href":"https:\/\/www.purejewels.com\/tr\/wp-json\/wp\/v2\/media?parent=427627"}],"wp:term":[{"taxonomy":"product_brand","embeddable":true,"href":"https:\/\/www.purejewels.com\/tr\/wp-json\/wp\/v2\/product_brand?post=427627"},{"taxonomy":"product_cat","embeddable":true,"href":"https:\/\/www.purejewels.com\/tr\/wp-json\/wp\/v2\/product_cat?post=427627"},{"taxonomy":"product_tag","embeddable":true,"href":"https:\/\/www.purejewels.com\/tr\/wp-json\/wp\/v2\/product_tag?post=427627"}],"curies":[{"name":"wp","href":"https:\/\/api.w.org\/{rel}","templated":true}]}}