{"id":427732,"date":"2026-01-27T10:21:29","date_gmt":"2026-01-27T10:21:29","guid":{"rendered":"https:\/\/www.purejewels.com\/?post_type=product&#038;p=427732"},"modified":"2026-03-27T10:34:40","modified_gmt":"2026-03-27T10:34:40","slug":"22-ayar-altin-armari-cicekli-damla-burun-ignesi-49197","status":"publish","type":"product","link":"https:\/\/www.purejewels.com\/tr\/product\/22ct-gold-armari-floral-drop-nose-pin-49197\/","title":{"rendered":"22 Ayar Alt\u0131n Armari \u00c7i\u00e7ekli Damla Burun Y\u00fcz\u00fck"},"content":{"rendered":"<h3 data-section-id=\"15k7u7o\" data-start=\"552\" data-end=\"568\"><span role=\"text\"><strong data-start=\"556\" data-end=\"566\">Tasar\u0131m<\/strong><\/span><\/h3>\n<p data-start=\"569\" data-end=\"927\">Armari Floral Damla Burun Y\u00fcz\u00fc\u011f\u00fc, yumu\u015fak k\u0131vr\u0131ml\u0131 formu ve as\u0131l\u0131 \u00e7i\u00e7ek motifiyle her kullan\u0131mda hafif bir hareket yarat\u0131yor. Armari koleksiyonunun yap\u0131sal dilinden ilham alan bu y\u00fcz\u00fck, s\u00fcsleme detaylar\u0131n\u0131 hafif ve etkileyici bir siluetle dengeliyor. Damla \u00f6\u011fesi, y\u00fcz\u00fcn do\u011fal profilini geli\u015ftiren zarif bir vurgu ekler.<\/p>\n<h3 data-section-id=\"4dnwuv\" data-start=\"929\" data-end=\"952\"><span role=\"text\"><strong data-start=\"933\" data-end=\"950\">Zanaatkarl\u0131k<\/strong><\/span><\/h3>\n<p data-start=\"953\" data-end=\"1271\">Zengin 22 ayar alt\u0131ndan \u00fcretilen par\u00e7a, karma\u015f\u0131k detaylar\u0131n\u0131 \u00f6ne \u00e7\u0131karan ince dokulu bir y\u00fczey sergiliyor. Her bir par\u00e7a, hem sa\u011flaml\u0131\u011f\u0131 hem de inceli\u011fi korumak i\u00e7in \u00f6zenle \u015fekillendirilmi\u015f ve bir araya getirilmi\u015ftir. Burun halkas\u0131, safl\u0131\u011f\u0131n\u0131 belgeleyen ve PureJewels'in i\u015f\u00e7ili\u011fe olan ba\u011fl\u0131l\u0131\u011f\u0131n\u0131 yans\u0131tan \u0130ngiltere damgal\u0131d\u0131r.<\/p>\n<h3 data-section-id=\"1qe8r4e\" data-start=\"1273\" data-end=\"1300\"><span role=\"text\"><strong data-start=\"1277\" data-end=\"1298\">\u015eekillendirme &amp; Hediyele\u015fme<\/strong><\/span><\/h3>\n<p data-start=\"1301\" data-end=\"1613\" data-is-last-node=\"\" data-is-only-node=\"\">\u00c7ok y\u00f6nl\u00fc kullan\u0131m i\u00e7in tasarlanan bu h\u0131zma, g\u00fcnl\u00fck olarak tak\u0131labilece\u011fi gibi bayramlarda da kullan\u0131labilir. Minimal alt\u0131n tak\u0131larla veya daha katmanl\u0131, geleneksel g\u00f6r\u00fcn\u00fcmlerle zahmetsizce e\u015fle\u015fir. Do\u011fum g\u00fcnleri, kutlamalar veya ki\u015fisel d\u00f6n\u00fcm noktalar\u0131 i\u00e7in anlaml\u0131 bir hediye olan bu \u00fcr\u00fcn, miras detaylar\u0131n\u0131 ve \u00e7a\u011fda\u015f giyilebilirli\u011fi bir araya getiriyor.<\/p>","protected":false},"excerpt":{"rendered":"<p>G\u00fcnl\u00fck alt\u0131n stiline ince bir hareket ve detay getiren, s\u00fcsl\u00fc bir \u00e7i\u00e7ek damlas\u0131na sahip, zarif\u00e7e \u015fekillendirilmi\u015f bir burun halkas\u0131.<\/p>\n<p><strong>Malzeme:<\/strong> 22 Ayar Alt\u0131n<br \/>\n<strong>Safl\u0131k:<\/strong> 91.6% saf alt\u0131n<br \/>\n<strong>Hallmark:<\/strong> \u0130ngiliz Damgas\u0131<br \/>\n<strong>SKU:<\/strong> 49197<br \/>\n<strong>A\u011f\u0131rl\u0131k:<\/strong> 1 Gms<\/p>\n<p><strong>Fiyat ve Teslimat:<\/strong>\u00a0KDV ve teslimat \u00fccretleri dahil<br \/>\n<a href=\"https:\/\/www.purejewels.com\/tr\/i%cc%87ade-poli%cc%87ti%cc%87kasi\/\"><strong>\u0130ade Politikas\u0131<\/strong><\/a><\/p>","protected":false},"featured_media":427734,"comment_status":"closed","ping_status":"closed","template":"","meta":{"_eb_attr":"","_crsspst_to_jayantr4sg-hostcom":false},"product_brand":[],"product_cat":[245,236,1793,5701,1792,1229,1712,5342,5942,1574,5349],"product_tag":[],"class_list":{"0":"post-427732","1":"product","2":"type-product","3":"status-publish","4":"has-post-thumbnail","6":"product_cat-armari-collections","7":"product_cat-collections","8":"product_cat-diwali-gifts","9":"product_cat-eid-jewellery","10":"product_cat-festival-gifts","11":"product_cat-22ct-gold-jewellery","12":"product_cat-gold-nose-ring","13":"product_cat-jewellery-under-250","14":"product_cat-nose-jewellery","15":"product_cat-womens-jewellery","16":"product_cat-yellow-gold-jewellery","18":"first","19":"instock","20":"taxable","21":"shipping-taxable","22":"purchasable","23":"product-type-simple","24":"add-to-wishlist-before_image"},"yoast_head":"<!-- This site is optimized with the Yoast SEO plugin v27.3 - https:\/\/yoast.com\/product\/yoast-seo-wordpress\/ -->\n<title>22ct Gold Nose Ring UK | Armari Floral Drop Design<\/title>\n<meta name=\"description\" content=\"Shop a 22ct gold floral drop nose ring from the Armari collection. Hallmarked in the UK, crafted with intricate detail for everyday and occasion wear.\" \/>\n<meta name=\"robots\" content=\"index, follow, max-snippet:-1, max-image-preview:large, max-video-preview:-1\" \/>\n<link rel=\"canonical\" href=\"https:\/\/www.purejewels.com\/tr\/urun\/22-ayar-altin-armari-cicekli-damla-burun-ignesi-49197\/\" \/>\n<meta property=\"og:locale\" content=\"tr_TR\" \/>\n<meta property=\"og:type\" content=\"article\" \/>\n<meta property=\"og:title\" content=\"22ct Gold Nose Ring UK | Armari Floral Drop Design\" \/>\n<meta property=\"og:description\" content=\"Shop a 22ct gold floral drop nose ring from the Armari collection. Hallmarked in the UK, crafted with intricate detail for everyday and occasion wear.\" \/>\n<meta property=\"og:url\" content=\"https:\/\/www.purejewels.com\/tr\/urun\/22-ayar-altin-armari-cicekli-damla-burun-ignesi-49197\/\" \/>\n<meta property=\"og:site_name\" content=\"PureJewels UK\" \/>\n<meta property=\"article:modified_time\" content=\"2026-03-27T10:34:40+00:00\" \/>\n<meta property=\"og:image\" content=\"https:\/\/static.purejewels.com\/wp-content\/uploads\/2026\/03\/SKU-49197-FRONT.jpg\" \/>\n\t<meta property=\"og:image:width\" content=\"1000\" \/>\n\t<meta property=\"og:image:height\" content=\"1000\" \/>\n\t<meta property=\"og:image:type\" content=\"image\/jpeg\" \/>\n<meta name=\"twitter:card\" content=\"summary_large_image\" \/>\n<meta name=\"twitter:label1\" content=\"Tahmini okuma s\u00fcresi\" \/>\n\t<meta name=\"twitter:data1\" content=\"1 dakika\" \/>\n<script type=\"application\/ld+json\" class=\"yoast-schema-graph\">{\"@context\":\"https:\\\/\\\/schema.org\",\"@graph\":[{\"@type\":[\"WebPage\",\"ItemPage\"],\"@id\":\"https:\\\/\\\/www.purejewels.com\\\/product\\\/22ct-gold-armari-floral-drop-nose-pin-49197\\\/\",\"url\":\"https:\\\/\\\/www.purejewels.com\\\/product\\\/22ct-gold-armari-floral-drop-nose-pin-49197\\\/\",\"name\":\"22ct Gold Nose Ring UK | Armari Floral Drop Design\",\"isPartOf\":{\"@id\":\"https:\\\/\\\/www.purejewels.com\\\/#website\"},\"primaryImageOfPage\":{\"@id\":\"https:\\\/\\\/www.purejewels.com\\\/product\\\/22ct-gold-armari-floral-drop-nose-pin-49197\\\/#primaryimage\"},\"image\":{\"@id\":\"https:\\\/\\\/www.purejewels.com\\\/product\\\/22ct-gold-armari-floral-drop-nose-pin-49197\\\/#primaryimage\"},\"thumbnailUrl\":\"https:\\\/\\\/static.purejewels.com\\\/wp-content\\\/uploads\\\/2026\\\/03\\\/SKU-49197-FRONT.jpg\",\"datePublished\":\"2026-01-27T10:21:29+00:00\",\"dateModified\":\"2026-03-27T10:34:40+00:00\",\"description\":\"Shop a 22ct gold floral drop nose ring from the Armari collection. Hallmarked in the UK, crafted with intricate detail for everyday and occasion wear.\",\"breadcrumb\":{\"@id\":\"https:\\\/\\\/www.purejewels.com\\\/product\\\/22ct-gold-armari-floral-drop-nose-pin-49197\\\/#breadcrumb\"},\"inLanguage\":\"tr\",\"potentialAction\":[{\"@type\":\"ReadAction\",\"target\":[\"https:\\\/\\\/www.purejewels.com\\\/product\\\/22ct-gold-armari-floral-drop-nose-pin-49197\\\/\"]}]},{\"@type\":\"ImageObject\",\"inLanguage\":\"tr\",\"@id\":\"https:\\\/\\\/www.purejewels.com\\\/product\\\/22ct-gold-armari-floral-drop-nose-pin-49197\\\/#primaryimage\",\"url\":\"https:\\\/\\\/static.purejewels.com\\\/wp-content\\\/uploads\\\/2026\\\/03\\\/SKU-49197-FRONT.jpg\",\"contentUrl\":\"https:\\\/\\\/static.purejewels.com\\\/wp-content\\\/uploads\\\/2026\\\/03\\\/SKU-49197-FRONT.jpg\",\"width\":1000,\"height\":1000,\"caption\":\"Stacked from 5 images. Method=B (R=8,S=4)\"},{\"@type\":\"BreadcrumbList\",\"@id\":\"https:\\\/\\\/www.purejewels.com\\\/product\\\/22ct-gold-armari-floral-drop-nose-pin-49197\\\/#breadcrumb\",\"itemListElement\":[{\"@type\":\"ListItem\",\"position\":1,\"name\":\"Home\",\"item\":\"https:\\\/\\\/www.purejewels.com\\\/\"},{\"@type\":\"ListItem\",\"position\":2,\"name\":\"Shop\",\"item\":\"https:\\\/\\\/www.purejewels.com\\\/shop\\\/\"},{\"@type\":\"ListItem\",\"position\":3,\"name\":\"22ct Gold Armari Floral Drop Nose Ring\"}]},{\"@type\":\"WebSite\",\"@id\":\"https:\\\/\\\/www.purejewels.com\\\/#website\",\"url\":\"https:\\\/\\\/www.purejewels.com\\\/\",\"name\":\"PureJewels UK\",\"description\":\"Share the Love\",\"publisher\":{\"@id\":\"https:\\\/\\\/www.purejewels.com\\\/#organization\"},\"potentialAction\":[{\"@type\":\"SearchAction\",\"target\":{\"@type\":\"EntryPoint\",\"urlTemplate\":\"https:\\\/\\\/www.purejewels.com\\\/?s={search_term_string}\"},\"query-input\":{\"@type\":\"PropertyValueSpecification\",\"valueRequired\":true,\"valueName\":\"search_term_string\"}}],\"inLanguage\":\"tr\"},{\"@type\":\"Organization\",\"@id\":\"https:\\\/\\\/www.purejewels.com\\\/#organization\",\"name\":\"PureJewels UK\",\"url\":\"https:\\\/\\\/www.purejewels.com\\\/\",\"logo\":{\"@type\":\"ImageObject\",\"inLanguage\":\"tr\",\"@id\":\"https:\\\/\\\/www.purejewels.com\\\/#\\\/schema\\\/logo\\\/image\\\/\",\"url\":\"https:\\\/\\\/static.purejewels.com\\\/wp-content\\\/uploads\\\/2020\\\/11\\\/Logo-PJ-New-1.png\",\"contentUrl\":\"https:\\\/\\\/static.purejewels.com\\\/wp-content\\\/uploads\\\/2020\\\/11\\\/Logo-PJ-New-1.png\",\"width\":150,\"height\":80,\"caption\":\"PureJewels UK\"},\"image\":{\"@id\":\"https:\\\/\\\/www.purejewels.com\\\/#\\\/schema\\\/logo\\\/image\\\/\"}}]}<\/script>\n<!-- \/ Yoast SEO plugin. -->","yoast_head_json":{"title":"22 Ayar Alt\u0131n Burun Y\u00fcz\u00fc\u011f\u00fc \u0130ngiltere | Armari \u00c7i\u00e7ek Damla Tasar\u0131m\u0131","description":"Armari koleksiyonundan 22 ayar alt\u0131n \u00e7i\u00e7ekli damla burun y\u00fcz\u00fc\u011f\u00fc sat\u0131n al\u0131n. \u0130ngiltere'de damgalanm\u0131\u015f, g\u00fcnl\u00fck ve \u00f6zel g\u00fcnler i\u00e7in karma\u015f\u0131k detaylarla \u00fcretilmi\u015ftir.","robots":{"index":"index","follow":"follow","max-snippet":"max-snippet:-1","max-image-preview":"max-image-preview:large","max-video-preview":"max-video-preview:-1"},"canonical":"https:\/\/www.purejewels.com\/tr\/urun\/22-ayar-altin-armari-cicekli-damla-burun-ignesi-49197\/","og_locale":"tr_TR","og_type":"article","og_title":"22ct Gold Nose Ring UK | Armari Floral Drop Design","og_description":"Shop a 22ct gold floral drop nose ring from the Armari collection. Hallmarked in the UK, crafted with intricate detail for everyday and occasion wear.","og_url":"https:\/\/www.purejewels.com\/tr\/urun\/22-ayar-altin-armari-cicekli-damla-burun-ignesi-49197\/","og_site_name":"PureJewels UK","article_modified_time":"2026-03-27T10:34:40+00:00","og_image":[{"width":1000,"height":1000,"url":"https:\/\/static.purejewels.com\/wp-content\/uploads\/2026\/03\/SKU-49197-FRONT.jpg","type":"image\/jpeg"}],"twitter_card":"summary_large_image","twitter_misc":{"Tahmini okuma s\u00fcresi":"1 dakika"},"schema":{"@context":"https:\/\/schema.org","@graph":[{"@type":["WebPage","ItemPage"],"@id":"https:\/\/www.purejewels.com\/product\/22ct-gold-armari-floral-drop-nose-pin-49197\/","url":"https:\/\/www.purejewels.com\/product\/22ct-gold-armari-floral-drop-nose-pin-49197\/","name":"22 Ayar Alt\u0131n Burun Y\u00fcz\u00fc\u011f\u00fc \u0130ngiltere | Armari \u00c7i\u00e7ek Damla Tasar\u0131m\u0131","isPartOf":{"@id":"https:\/\/www.purejewels.com\/#website"},"primaryImageOfPage":{"@id":"https:\/\/www.purejewels.com\/product\/22ct-gold-armari-floral-drop-nose-pin-49197\/#primaryimage"},"image":{"@id":"https:\/\/www.purejewels.com\/product\/22ct-gold-armari-floral-drop-nose-pin-49197\/#primaryimage"},"thumbnailUrl":"https:\/\/static.purejewels.com\/wp-content\/uploads\/2026\/03\/SKU-49197-FRONT.jpg","datePublished":"2026-01-27T10:21:29+00:00","dateModified":"2026-03-27T10:34:40+00:00","description":"Armari koleksiyonundan 22 ayar alt\u0131n \u00e7i\u00e7ekli damla burun y\u00fcz\u00fc\u011f\u00fc sat\u0131n al\u0131n. \u0130ngiltere'de damgalanm\u0131\u015f, g\u00fcnl\u00fck ve \u00f6zel g\u00fcnler i\u00e7in karma\u015f\u0131k detaylarla \u00fcretilmi\u015ftir.","breadcrumb":{"@id":"https:\/\/www.purejewels.com\/product\/22ct-gold-armari-floral-drop-nose-pin-49197\/#breadcrumb"},"inLanguage":"tr","potentialAction":[{"@type":"ReadAction","target":["https:\/\/www.purejewels.com\/product\/22ct-gold-armari-floral-drop-nose-pin-49197\/"]}]},{"@type":"ImageObject","inLanguage":"tr","@id":"https:\/\/www.purejewels.com\/product\/22ct-gold-armari-floral-drop-nose-pin-49197\/#primaryimage","url":"https:\/\/static.purejewels.com\/wp-content\/uploads\/2026\/03\/SKU-49197-FRONT.jpg","contentUrl":"https:\/\/static.purejewels.com\/wp-content\/uploads\/2026\/03\/SKU-49197-FRONT.jpg","width":1000,"height":1000,"caption":"Stacked from 5 images. Method=B (R=8,S=4)"},{"@type":"BreadcrumbList","@id":"https:\/\/www.purejewels.com\/product\/22ct-gold-armari-floral-drop-nose-pin-49197\/#breadcrumb","itemListElement":[{"@type":"ListItem","position":1,"name":"Home","item":"https:\/\/www.purejewels.com\/"},{"@type":"ListItem","position":2,"name":"Shop","item":"https:\/\/www.purejewels.com\/shop\/"},{"@type":"ListItem","position":3,"name":"22ct Gold Armari Floral Drop Nose Ring"}]},{"@type":"WebSite","@id":"https:\/\/www.purejewels.com\/#website","url":"https:\/\/www.purejewels.com\/","name":"PureJewels \u0130ngiltere","description":"Sevgiyi Payla\u015f\u0131n","publisher":{"@id":"https:\/\/www.purejewels.com\/#organization"},"potentialAction":[{"@type":"SearchAction","target":{"@type":"EntryPoint","urlTemplate":"https:\/\/www.purejewels.com\/?s={search_term_string}"},"query-input":{"@type":"PropertyValueSpecification","valueRequired":true,"valueName":"search_term_string"}}],"inLanguage":"tr"},{"@type":"Organization","@id":"https:\/\/www.purejewels.com\/#organization","name":"PureJewels \u0130ngiltere","url":"https:\/\/www.purejewels.com\/","logo":{"@type":"ImageObject","inLanguage":"tr","@id":"https:\/\/www.purejewels.com\/#\/schema\/logo\/image\/","url":"https:\/\/static.purejewels.com\/wp-content\/uploads\/2020\/11\/Logo-PJ-New-1.png","contentUrl":"https:\/\/static.purejewels.com\/wp-content\/uploads\/2020\/11\/Logo-PJ-New-1.png","width":150,"height":80,"caption":"PureJewels UK"},"image":{"@id":"https:\/\/www.purejewels.com\/#\/schema\/logo\/image\/"}}]}},"_links":{"self":[{"href":"https:\/\/www.purejewels.com\/tr\/wp-json\/wp\/v2\/product\/427732","targetHints":{"allow":["GET"]}}],"collection":[{"href":"https:\/\/www.purejewels.com\/tr\/wp-json\/wp\/v2\/product"}],"about":[{"href":"https:\/\/www.purejewels.com\/tr\/wp-json\/wp\/v2\/types\/product"}],"replies":[{"embeddable":true,"href":"https:\/\/www.purejewels.com\/tr\/wp-json\/wp\/v2\/comments?post=427732"}],"version-history":[{"count":3,"href":"https:\/\/www.purejewels.com\/tr\/wp-json\/wp\/v2\/product\/427732\/revisions"}],"predecessor-version":[{"id":427737,"href":"https:\/\/www.purejewels.com\/tr\/wp-json\/wp\/v2\/product\/427732\/revisions\/427737"}],"wp:featuredmedia":[{"embeddable":true,"href":"https:\/\/www.purejewels.com\/tr\/wp-json\/wp\/v2\/media\/427734"}],"wp:attachment":[{"href":"https:\/\/www.purejewels.com\/tr\/wp-json\/wp\/v2\/media?parent=427732"}],"wp:term":[{"taxonomy":"product_brand","embeddable":true,"href":"https:\/\/www.purejewels.com\/tr\/wp-json\/wp\/v2\/product_brand?post=427732"},{"taxonomy":"product_cat","embeddable":true,"href":"https:\/\/www.purejewels.com\/tr\/wp-json\/wp\/v2\/product_cat?post=427732"},{"taxonomy":"product_tag","embeddable":true,"href":"https:\/\/www.purejewels.com\/tr\/wp-json\/wp\/v2\/product_tag?post=427732"}],"curies":[{"name":"wp","href":"https:\/\/api.w.org\/{rel}","templated":true}]}}