{"id":427959,"date":"2026-01-01T05:44:27","date_gmt":"2026-01-01T05:44:27","guid":{"rendered":"https:\/\/www.purejewels.com\/?post_type=product&#038;p=427959"},"modified":"2026-04-01T05:58:11","modified_gmt":"2026-04-01T04:58:11","slug":"22-ayar-altin-armari-kadin-el-zinciri-yuzuk-poncha-52995","status":"publish","type":"product","link":"https:\/\/www.purejewels.com\/tr\/product\/22ct-gold-armari-womens-hand-chain-ring-poncha-52995\/","title":{"rendered":"22 Ayar Alt\u0131n Armari Kad\u0131n El Zinciri Y\u00fcz\u00fck Poncha"},"content":{"rendered":"<p><strong>Tasar\u0131m Konsepti<\/strong><\/p>\n<p>Armari Kad\u0131n El Zinciri Y\u00fcz\u00fck Poncha, karma\u015f\u0131k bir \u015fekilde bi\u00e7imlendirilmi\u015f her bir \u00f6\u011fenin bileklikten y\u00fcz\u00fc\u011fe sorunsuzca akt\u0131\u011f\u0131 \u015fiirsel bir ba\u011flant\u0131 ifadesidir. Yolculuklar\u0131n ritminden ve birlikteli\u011fin g\u00fczelli\u011finden ilham alan tasar\u0131m, yontulmu\u015f dokular\u0131 ve narin ba\u011flant\u0131lar\u0131 bir araya getirerek hem miras\u0131 hem de \u00e7a\u011fda\u015f zarafeti kutlarken el ile zahmetsizce hareket eden zarif bir siluet yarat\u0131yor.<\/p>\n<p><strong>Zanaatkarl\u0131k<\/strong><\/p>\n<p>I\u015f\u0131lt\u0131l\u0131 22 ayar alt\u0131ndan \u00fcretilen bu poncha, her bir detay\u0131 hassasiyet ve \u00f6zenle \u015fekillendiren yetenekli zanaatk\u00e2rlar\u0131n ustal\u0131\u011f\u0131n\u0131 yans\u0131t\u0131yor. Dokulu unsurlar derinlik ve zenginlik elde etmek i\u00e7in titizlikle \u015fekillendirilirken, ince zincirler ak\u0131\u015fkanl\u0131k, rahatl\u0131k ve dayan\u0131kl\u0131l\u0131k sa\u011flamak i\u00e7in bir araya getirilmi\u015ftir. Her bir ba\u011flant\u0131 \u00f6zenle tasarlanm\u0131\u015f olup, sa\u011flaml\u0131k ve dengeyi korurken par\u00e7an\u0131n elin \u00fczerinde do\u011fal bir \u015fekilde \u00f6rt\u00fclmesine olanak tan\u0131r.<\/p>\n<p><strong>Stil Fikirleri<\/strong><\/p>\n<p>\u00c7arp\u0131c\u0131 ama zarif Armari Poncha, gelin ve davet giyimi i\u00e7in m\u00fckemmeldir ve geleneksel tak\u0131mlara iddial\u0131 bir dokunu\u015f katar. Karma\u015f\u0131k g\u00fczelli\u011fini vurgulamak i\u00e7in tek ba\u015f\u0131na bir par\u00e7a olarak tak\u0131labilir veya daha katmanl\u0131, kutlamal\u0131 bir g\u00f6r\u00fcn\u00fcm i\u00e7in e\u015fle\u015fen alt\u0131n bileziklerle e\u015fle\u015ftirilebilir. Ayn\u0131 \u015fekilde, minimalist k\u0131yafetlerle birlikte kullan\u0131ld\u0131\u011f\u0131nda \u00e7a\u011fda\u015f bir hava katarak farkl\u0131 durumlarda zarafetin \u00e7ok y\u00f6nl\u00fc bir ifadesi haline gelir.<\/p>","protected":false},"excerpt":{"rendered":"<div class=\"woocommerce-product-details__short-description\">Parlak 22 ayar alt\u0131ndan \u00fcretilen Armari Kad\u0131n El Zinciri Y\u00fcz\u00fck Poncha, karma\u015f\u0131k boncuk i\u015f\u00e7ili\u011fi ve ak\u0131c\u0131 formuyla bile\u011fi parma\u011fa zarif bir \u015fekilde ba\u011flar. Zarif ve modern bir s\u00fcsleme i\u00e7in tasarlanm\u0131\u015f, k\u00f6kleri gelene\u011fe dayanan zamans\u0131z bir ifade.<\/div>\n<div><\/div>\n<div>\n<p><strong>Malzeme:<\/strong> 22 Ayar Alt\u0131n (91,6% saf alt\u0131n)<br \/>\n<strong>Hallmark:\u00a0<\/strong>\u0130ngiliz Damgas\u0131<strong><br \/>\n<\/strong><strong>A\u011f\u0131rl\u0131k: <\/strong>17.30 Gms<br \/>\n<strong>SKU: <\/strong>52995<br \/>\n<strong>Uzunluk:<\/strong>\u00a07 in\u00e7<\/p>\n<p><strong>Fiyat ve Teslimat:\u00a0<\/strong>KDV ve teslimat \u00fccretleri dahil<strong><br \/>\n<a href=\"https:\/\/www.purejewels.com\/tr\/i%cc%87ade-poli%cc%87ti%cc%87kasi\/\">\u0130ade Politikas\u0131<\/a><\/strong><\/p>\n<\/div>\n<div class=\"btn-atc atc-slide\"><\/div>\n<div class=\"product_meta\"><\/div>","protected":false},"featured_media":427960,"comment_status":"closed","ping_status":"closed","template":"","meta":{"_eb_attr":"","_crsspst_to_jayantr4sg-hostcom":false},"product_brand":[],"product_cat":[1791,245,6009,236,5701,5370,1792,1229,1718,5371,1574,5349],"product_tag":[],"class_list":{"0":"post-427959","1":"product","2":"type-product","3":"status-publish","4":"has-post-thumbnail","6":"product_cat-anniversary-gifts","7":"product_cat-armari-collections","8":"product_cat-bracelet-poncha","9":"product_cat-collections","10":"product_cat-eid-jewellery","11":"product_cat-ethnic-jewellery","12":"product_cat-festival-gifts","13":"product_cat-22ct-gold-jewellery","14":"product_cat-ladies-poncha","15":"product_cat-jewellery-for-hands","16":"product_cat-womens-jewellery","17":"product_cat-yellow-gold-jewellery","19":"first","20":"instock","21":"taxable","22":"shipping-taxable","23":"purchasable","24":"product-type-simple","25":"add-to-wishlist-before_image"},"yoast_head":"<!-- This site is optimized with the Yoast SEO plugin v27.3 - https:\/\/yoast.com\/product\/yoast-seo-wordpress\/ -->\n<title>Shop online 22ct Gold Armari Women\u2019s Hand Chain Ring Poncha<\/title>\n<meta name=\"description\" content=\"Discover the 22ct Gold Armari Women\u2019s Hand Chain Ring Poncha, crafted with intricate detailing and timeless design. A statement bridal and occasion piece by PureJewels.\" \/>\n<meta name=\"robots\" content=\"index, follow, max-snippet:-1, max-image-preview:large, max-video-preview:-1\" \/>\n<link rel=\"canonical\" href=\"https:\/\/www.purejewels.com\/tr\/urun\/22-ayar-altin-armari-kadin-el-zinciri-yuzuk-poncha-52995\/\" \/>\n<meta property=\"og:locale\" content=\"tr_TR\" \/>\n<meta property=\"og:type\" content=\"article\" \/>\n<meta property=\"og:title\" content=\"Shop online 22ct Gold Armari Women\u2019s Hand Chain Ring Poncha\" \/>\n<meta property=\"og:description\" content=\"Discover the 22ct Gold Armari Women\u2019s Hand Chain Ring Poncha, crafted with intricate detailing and timeless design. A statement bridal and occasion piece by PureJewels.\" \/>\n<meta property=\"og:url\" content=\"https:\/\/www.purejewels.com\/tr\/urun\/22-ayar-altin-armari-kadin-el-zinciri-yuzuk-poncha-52995\/\" \/>\n<meta property=\"og:site_name\" content=\"PureJewels UK\" \/>\n<meta property=\"article:modified_time\" content=\"2026-04-01T04:58:11+00:00\" \/>\n<meta property=\"og:image\" content=\"https:\/\/static.purejewels.com\/wp-content\/uploads\/2026\/04\/sku-52995-front.jpg\" \/>\n\t<meta property=\"og:image:width\" content=\"1000\" \/>\n\t<meta property=\"og:image:height\" content=\"1000\" \/>\n\t<meta property=\"og:image:type\" content=\"image\/jpeg\" \/>\n<meta name=\"twitter:card\" content=\"summary_large_image\" \/>\n<meta name=\"twitter:label1\" content=\"Tahmini okuma s\u00fcresi\" \/>\n\t<meta name=\"twitter:data1\" content=\"2 dakika\" \/>\n<script type=\"application\/ld+json\" class=\"yoast-schema-graph\">{\"@context\":\"https:\\\/\\\/schema.org\",\"@graph\":[{\"@type\":[\"WebPage\",\"ItemPage\"],\"@id\":\"https:\\\/\\\/www.purejewels.com\\\/product\\\/22ct-gold-armari-womens-hand-chain-ring-poncha-52995\\\/\",\"url\":\"https:\\\/\\\/www.purejewels.com\\\/product\\\/22ct-gold-armari-womens-hand-chain-ring-poncha-52995\\\/\",\"name\":\"Shop online 22ct Gold Armari Women\u2019s Hand Chain Ring Poncha\",\"isPartOf\":{\"@id\":\"https:\\\/\\\/www.purejewels.com\\\/#website\"},\"primaryImageOfPage\":{\"@id\":\"https:\\\/\\\/www.purejewels.com\\\/product\\\/22ct-gold-armari-womens-hand-chain-ring-poncha-52995\\\/#primaryimage\"},\"image\":{\"@id\":\"https:\\\/\\\/www.purejewels.com\\\/product\\\/22ct-gold-armari-womens-hand-chain-ring-poncha-52995\\\/#primaryimage\"},\"thumbnailUrl\":\"https:\\\/\\\/static.purejewels.com\\\/wp-content\\\/uploads\\\/2026\\\/04\\\/sku-52995-front.jpg\",\"datePublished\":\"2026-01-01T05:44:27+00:00\",\"dateModified\":\"2026-04-01T04:58:11+00:00\",\"description\":\"Discover the 22ct Gold Armari Women\u2019s Hand Chain Ring Poncha, crafted with intricate detailing and timeless design. A statement bridal and occasion piece by PureJewels.\",\"breadcrumb\":{\"@id\":\"https:\\\/\\\/www.purejewels.com\\\/product\\\/22ct-gold-armari-womens-hand-chain-ring-poncha-52995\\\/#breadcrumb\"},\"inLanguage\":\"tr\",\"potentialAction\":[{\"@type\":\"ReadAction\",\"target\":[\"https:\\\/\\\/www.purejewels.com\\\/product\\\/22ct-gold-armari-womens-hand-chain-ring-poncha-52995\\\/\"]}]},{\"@type\":\"ImageObject\",\"inLanguage\":\"tr\",\"@id\":\"https:\\\/\\\/www.purejewels.com\\\/product\\\/22ct-gold-armari-womens-hand-chain-ring-poncha-52995\\\/#primaryimage\",\"url\":\"https:\\\/\\\/static.purejewels.com\\\/wp-content\\\/uploads\\\/2026\\\/04\\\/sku-52995-front.jpg\",\"contentUrl\":\"https:\\\/\\\/static.purejewels.com\\\/wp-content\\\/uploads\\\/2026\\\/04\\\/sku-52995-front.jpg\",\"width\":1000,\"height\":1000,\"caption\":\"Stacked from 11 images. Method=B (R=8,S=4)\"},{\"@type\":\"BreadcrumbList\",\"@id\":\"https:\\\/\\\/www.purejewels.com\\\/product\\\/22ct-gold-armari-womens-hand-chain-ring-poncha-52995\\\/#breadcrumb\",\"itemListElement\":[{\"@type\":\"ListItem\",\"position\":1,\"name\":\"Home\",\"item\":\"https:\\\/\\\/www.purejewels.com\\\/\"},{\"@type\":\"ListItem\",\"position\":2,\"name\":\"Shop\",\"item\":\"https:\\\/\\\/www.purejewels.com\\\/shop\\\/\"},{\"@type\":\"ListItem\",\"position\":3,\"name\":\"22ct Gold Armari Women\u2019s Hand Chain Ring Poncha\"}]},{\"@type\":\"WebSite\",\"@id\":\"https:\\\/\\\/www.purejewels.com\\\/#website\",\"url\":\"https:\\\/\\\/www.purejewels.com\\\/\",\"name\":\"PureJewels UK\",\"description\":\"Share the Love\",\"publisher\":{\"@id\":\"https:\\\/\\\/www.purejewels.com\\\/#organization\"},\"potentialAction\":[{\"@type\":\"SearchAction\",\"target\":{\"@type\":\"EntryPoint\",\"urlTemplate\":\"https:\\\/\\\/www.purejewels.com\\\/?s={search_term_string}\"},\"query-input\":{\"@type\":\"PropertyValueSpecification\",\"valueRequired\":true,\"valueName\":\"search_term_string\"}}],\"inLanguage\":\"tr\"},{\"@type\":\"Organization\",\"@id\":\"https:\\\/\\\/www.purejewels.com\\\/#organization\",\"name\":\"PureJewels UK\",\"url\":\"https:\\\/\\\/www.purejewels.com\\\/\",\"logo\":{\"@type\":\"ImageObject\",\"inLanguage\":\"tr\",\"@id\":\"https:\\\/\\\/www.purejewels.com\\\/#\\\/schema\\\/logo\\\/image\\\/\",\"url\":\"https:\\\/\\\/static.purejewels.com\\\/wp-content\\\/uploads\\\/2020\\\/11\\\/Logo-PJ-New-1.png\",\"contentUrl\":\"https:\\\/\\\/static.purejewels.com\\\/wp-content\\\/uploads\\\/2020\\\/11\\\/Logo-PJ-New-1.png\",\"width\":150,\"height\":80,\"caption\":\"PureJewels UK\"},\"image\":{\"@id\":\"https:\\\/\\\/www.purejewels.com\\\/#\\\/schema\\\/logo\\\/image\\\/\"}}]}<\/script>\n<!-- \/ Yoast SEO plugin. -->","yoast_head_json":{"title":"Online al\u0131\u015fveri\u015f 22 Ayar Alt\u0131n Armari Kad\u0131n El Zinciri Y\u00fcz\u00fck Poncha","description":"Karma\u015f\u0131k detaylar ve zamans\u0131z tasar\u0131mla haz\u0131rlanm\u0131\u015f 22 Ayar Alt\u0131n Armari Kad\u0131n El Zinciri Y\u00fcz\u00fck Poncha'y\u0131 ke\u015ffedin. PureJewels'ten etkileyici bir gelin ve \u00f6zel g\u00fcn par\u00e7as\u0131.","robots":{"index":"index","follow":"follow","max-snippet":"max-snippet:-1","max-image-preview":"max-image-preview:large","max-video-preview":"max-video-preview:-1"},"canonical":"https:\/\/www.purejewels.com\/tr\/urun\/22-ayar-altin-armari-kadin-el-zinciri-yuzuk-poncha-52995\/","og_locale":"tr_TR","og_type":"article","og_title":"Shop online 22ct Gold Armari Women\u2019s Hand Chain Ring Poncha","og_description":"Discover the 22ct Gold Armari Women\u2019s Hand Chain Ring Poncha, crafted with intricate detailing and timeless design. A statement bridal and occasion piece by PureJewels.","og_url":"https:\/\/www.purejewels.com\/tr\/urun\/22-ayar-altin-armari-kadin-el-zinciri-yuzuk-poncha-52995\/","og_site_name":"PureJewels UK","article_modified_time":"2026-04-01T04:58:11+00:00","og_image":[{"width":1000,"height":1000,"url":"https:\/\/static.purejewels.com\/wp-content\/uploads\/2026\/04\/sku-52995-front.jpg","type":"image\/jpeg"}],"twitter_card":"summary_large_image","twitter_misc":{"Tahmini okuma s\u00fcresi":"2 dakika"},"schema":{"@context":"https:\/\/schema.org","@graph":[{"@type":["WebPage","ItemPage"],"@id":"https:\/\/www.purejewels.com\/product\/22ct-gold-armari-womens-hand-chain-ring-poncha-52995\/","url":"https:\/\/www.purejewels.com\/product\/22ct-gold-armari-womens-hand-chain-ring-poncha-52995\/","name":"Online al\u0131\u015fveri\u015f 22 Ayar Alt\u0131n Armari Kad\u0131n El Zinciri Y\u00fcz\u00fck Poncha","isPartOf":{"@id":"https:\/\/www.purejewels.com\/#website"},"primaryImageOfPage":{"@id":"https:\/\/www.purejewels.com\/product\/22ct-gold-armari-womens-hand-chain-ring-poncha-52995\/#primaryimage"},"image":{"@id":"https:\/\/www.purejewels.com\/product\/22ct-gold-armari-womens-hand-chain-ring-poncha-52995\/#primaryimage"},"thumbnailUrl":"https:\/\/static.purejewels.com\/wp-content\/uploads\/2026\/04\/sku-52995-front.jpg","datePublished":"2026-01-01T05:44:27+00:00","dateModified":"2026-04-01T04:58:11+00:00","description":"Karma\u015f\u0131k detaylar ve zamans\u0131z tasar\u0131mla haz\u0131rlanm\u0131\u015f 22 Ayar Alt\u0131n Armari Kad\u0131n El Zinciri Y\u00fcz\u00fck Poncha'y\u0131 ke\u015ffedin. PureJewels'ten etkileyici bir gelin ve \u00f6zel g\u00fcn par\u00e7as\u0131.","breadcrumb":{"@id":"https:\/\/www.purejewels.com\/product\/22ct-gold-armari-womens-hand-chain-ring-poncha-52995\/#breadcrumb"},"inLanguage":"tr","potentialAction":[{"@type":"ReadAction","target":["https:\/\/www.purejewels.com\/product\/22ct-gold-armari-womens-hand-chain-ring-poncha-52995\/"]}]},{"@type":"ImageObject","inLanguage":"tr","@id":"https:\/\/www.purejewels.com\/product\/22ct-gold-armari-womens-hand-chain-ring-poncha-52995\/#primaryimage","url":"https:\/\/static.purejewels.com\/wp-content\/uploads\/2026\/04\/sku-52995-front.jpg","contentUrl":"https:\/\/static.purejewels.com\/wp-content\/uploads\/2026\/04\/sku-52995-front.jpg","width":1000,"height":1000,"caption":"Stacked from 11 images. Method=B (R=8,S=4)"},{"@type":"BreadcrumbList","@id":"https:\/\/www.purejewels.com\/product\/22ct-gold-armari-womens-hand-chain-ring-poncha-52995\/#breadcrumb","itemListElement":[{"@type":"ListItem","position":1,"name":"Home","item":"https:\/\/www.purejewels.com\/"},{"@type":"ListItem","position":2,"name":"Shop","item":"https:\/\/www.purejewels.com\/shop\/"},{"@type":"ListItem","position":3,"name":"22ct Gold Armari Women\u2019s Hand Chain Ring Poncha"}]},{"@type":"WebSite","@id":"https:\/\/www.purejewels.com\/#website","url":"https:\/\/www.purejewels.com\/","name":"PureJewels \u0130ngiltere","description":"Sevgiyi Payla\u015f\u0131n","publisher":{"@id":"https:\/\/www.purejewels.com\/#organization"},"potentialAction":[{"@type":"SearchAction","target":{"@type":"EntryPoint","urlTemplate":"https:\/\/www.purejewels.com\/?s={search_term_string}"},"query-input":{"@type":"PropertyValueSpecification","valueRequired":true,"valueName":"search_term_string"}}],"inLanguage":"tr"},{"@type":"Organization","@id":"https:\/\/www.purejewels.com\/#organization","name":"PureJewels \u0130ngiltere","url":"https:\/\/www.purejewels.com\/","logo":{"@type":"ImageObject","inLanguage":"tr","@id":"https:\/\/www.purejewels.com\/#\/schema\/logo\/image\/","url":"https:\/\/static.purejewels.com\/wp-content\/uploads\/2020\/11\/Logo-PJ-New-1.png","contentUrl":"https:\/\/static.purejewels.com\/wp-content\/uploads\/2020\/11\/Logo-PJ-New-1.png","width":150,"height":80,"caption":"PureJewels UK"},"image":{"@id":"https:\/\/www.purejewels.com\/#\/schema\/logo\/image\/"}}]}},"_links":{"self":[{"href":"https:\/\/www.purejewels.com\/tr\/wp-json\/wp\/v2\/product\/427959","targetHints":{"allow":["GET"]}}],"collection":[{"href":"https:\/\/www.purejewels.com\/tr\/wp-json\/wp\/v2\/product"}],"about":[{"href":"https:\/\/www.purejewels.com\/tr\/wp-json\/wp\/v2\/types\/product"}],"replies":[{"embeddable":true,"href":"https:\/\/www.purejewels.com\/tr\/wp-json\/wp\/v2\/comments?post=427959"}],"version-history":[{"count":1,"href":"https:\/\/www.purejewels.com\/tr\/wp-json\/wp\/v2\/product\/427959\/revisions"}],"predecessor-version":[{"id":427962,"href":"https:\/\/www.purejewels.com\/tr\/wp-json\/wp\/v2\/product\/427959\/revisions\/427962"}],"wp:featuredmedia":[{"embeddable":true,"href":"https:\/\/www.purejewels.com\/tr\/wp-json\/wp\/v2\/media\/427960"}],"wp:attachment":[{"href":"https:\/\/www.purejewels.com\/tr\/wp-json\/wp\/v2\/media?parent=427959"}],"wp:term":[{"taxonomy":"product_brand","embeddable":true,"href":"https:\/\/www.purejewels.com\/tr\/wp-json\/wp\/v2\/product_brand?post=427959"},{"taxonomy":"product_cat","embeddable":true,"href":"https:\/\/www.purejewels.com\/tr\/wp-json\/wp\/v2\/product_cat?post=427959"},{"taxonomy":"product_tag","embeddable":true,"href":"https:\/\/www.purejewels.com\/tr\/wp-json\/wp\/v2\/product_tag?post=427959"}],"curies":[{"name":"wp","href":"https:\/\/api.w.org\/{rel}","templated":true}]}}