{"id":428033,"date":"2026-01-03T05:07:51","date_gmt":"2026-01-03T05:07:51","guid":{"rendered":"https:\/\/www.purejewels.com\/?post_type=product&#038;p=428033"},"modified":"2026-04-03T05:13:57","modified_gmt":"2026-04-03T04:13:57","slug":"22-ayar-altin-uclu-granul-zincir-bileklik-55440","status":"publish","type":"product","link":"https:\/\/www.purejewels.com\/tr\/product\/22ct-gold-trio-granule-chain-bracelet-55440\/","title":{"rendered":"22 Ayar Alt\u0131n Trio Gran\u00fcl Zincir Bileklik"},"content":{"rendered":"<p><strong>Tasar\u0131m<\/strong><\/p>\n<p>Narin tek s\u0131ra zincir, her biri yumu\u015fak, dokunsal bir nokta dokusuyla \u015fekillendirilmi\u015f \u00fc\u00e7 merkezi gran\u00fcl boncukla hayat buluyor. \u00dc\u00e7l\u00fc d\u00fczenleme dengeli bir odak noktas\u0131 yarat\u0131yor; minimal ama varl\u0131\u011f\u0131yla ay\u0131rt edici. Sessiz bir hassasiyetle tasarlanan form, geleneksel gran\u00fclasyonun modern bir yorumunu yans\u0131t\u0131yor.<\/p>\n<p><strong>Zanaatkarl\u0131k<\/strong><\/p>\n<p>Zengin 22 ayar alt\u0131ndan el i\u015f\u00e7ili\u011fiyle \u00fcretilen bileklik, miras tekniklerini yans\u0131tan detayl\u0131 y\u00fczey i\u015flemelerini sergiliyor. Her bir boncuk, bilekte hafif ve ak\u0131c\u0131 bir his b\u0131rak\u0131rken rafine bir doku elde etmek i\u00e7in \u00f6zenle tamamlanm\u0131\u015ft\u0131r. Par\u00e7a \u0130ngiltere'de damgalanarak alt\u0131n\u0131n safl\u0131\u011f\u0131 ve kalitesi belgelenmi\u015ftir.<\/p>\n<p><strong>\u015eekillendirme &amp; Hediyele\u015fme<\/strong><\/p>\n<p>Tek ba\u015f\u0131na veya ince bileklikler ve zincirlerle katmanl\u0131 olarak tak\u0131lmas\u0131 zahmetsiz olan bu bileklik, g\u00fcnl\u00fck stile kolayl\u0131kla uyum sa\u011flar. Sade tasar\u0131m\u0131, do\u011fum g\u00fcn\u00fc, k\u00fc\u00e7\u00fck bir d\u00f6n\u00fcm noktas\u0131 veya d\u00fc\u015f\u00fcnceli bir g\u00fcnl\u00fck jest olarak hediye etmek i\u00e7in idealdir. G\u00fcnd\u00fczden ak\u015fama sorunsuzca ge\u00e7i\u015f yapabilen \u00e7ok y\u00f6nl\u00fc bir par\u00e7a.<\/p>","protected":false},"excerpt":{"rendered":"<p>\u00dc\u00e7 gran\u00fcl boncukla ortalanm\u0131\u015f, ince bir doku ve g\u00fcnl\u00fck \u015f\u0131kl\u0131k sunan 22 ayar alt\u0131n zincir bileklik.<\/p>\n<p><strong>Malzeme:<\/strong> 22 Ayar Alt\u0131n (91,6% Saf Alt\u0131n)<strong><br \/>\nHallmark:\u00a0<\/strong>\u0130ngiliz Damgas\u0131<strong><br \/>\n<\/strong><strong>Br\u00fct A\u011f\u0131rl\u0131k: <\/strong>1.91 Gms<br \/>\n<strong>Uzunluk:<\/strong> 6,75 in\u00e7<br \/>\n<strong>SKU:<\/strong> 55437, 55439, 55440<\/p>\n<p><strong>Fiyat ve Teslimat<\/strong>: KDV ve teslimat \u00fccreti dahil<br \/>\n<a href=\"https:\/\/www.purejewels.com\/tr\/i%cc%87ade-poli%cc%87ti%cc%87kasi\/\">\u0130ade Politikas\u0131<\/a><\/p>","protected":false},"featured_media":423658,"comment_status":"closed","ping_status":"closed","template":"","meta":{"_eb_attr":"","_crsspst_to_jayantr4sg-hostcom":true},"product_brand":[],"product_cat":[1791,5441,1559,1793,1792,1324,1627,1229,5343,1575,1569,1574,5349],"product_tag":[5634],"class_list":{"0":"post-428033","1":"product","2":"type-product","3":"status-publish","4":"has-post-thumbnail","6":"product_cat-anniversary-gifts","7":"product_cat-gold-bead-bracelets","8":"product_cat-birthday-gifts","9":"product_cat-diwali-gifts","10":"product_cat-festival-gifts","11":"product_cat-gold-bracelet","12":"product_cat-ladies-bracelet","13":"product_cat-22ct-gold-jewellery","14":"product_cat-jewellery-under-550","15":"product_cat-teenage-jewellery","16":"product_cat-valentine-day-gifts","17":"product_cat-womens-jewellery","18":"product_cat-yellow-gold-jewellery","19":"product_tag-22ct-gold-bracelet-for-ladies","21":"first","22":"instock","23":"taxable","24":"shipping-taxable","25":"purchasable","26":"product-type-simple","27":"add-to-wishlist-before_image"},"yoast_head":"<!-- This site is optimized with the Yoast SEO plugin v27.3 - https:\/\/yoast.com\/product\/yoast-seo-wordpress\/ -->\n<title>Shop online 22ct Gold Trio Granule Bracelet | PureJewels UK<\/title>\n<meta name=\"description\" content=\"Shop the 22ct Gold Trio Granule Chain Bracelet from PureJewels. Featuring finely textured bead accents, this handcrafted design celebrates refined everyday gold.\" \/>\n<meta name=\"robots\" content=\"index, follow, max-snippet:-1, max-image-preview:large, max-video-preview:-1\" \/>\n<link rel=\"canonical\" href=\"https:\/\/www.purejewels.com\/tr\/urun\/22-ayar-altin-uclu-granul-zincir-bileklik-55440\/\" \/>\n<meta property=\"og:locale\" content=\"tr_TR\" \/>\n<meta property=\"og:type\" content=\"article\" \/>\n<meta property=\"og:title\" content=\"Shop online 22ct Gold Trio Granule Bracelet | PureJewels UK\" \/>\n<meta property=\"og:description\" content=\"Shop the 22ct Gold Trio Granule Chain Bracelet from PureJewels. Featuring finely textured bead accents, this handcrafted design celebrates refined everyday gold.\" \/>\n<meta property=\"og:url\" content=\"https:\/\/www.purejewels.com\/tr\/urun\/22-ayar-altin-uclu-granul-zincir-bileklik-55440\/\" \/>\n<meta property=\"og:site_name\" content=\"PureJewels UK\" \/>\n<meta property=\"article:modified_time\" content=\"2026-04-03T04:13:57+00:00\" \/>\n<meta property=\"og:image\" content=\"https:\/\/static.purejewels.com\/wp-content\/uploads\/2025\/12\/53978.jpg\" \/>\n\t<meta property=\"og:image:width\" content=\"1000\" \/>\n\t<meta property=\"og:image:height\" content=\"1000\" \/>\n\t<meta property=\"og:image:type\" content=\"image\/jpeg\" \/>\n<meta name=\"twitter:card\" content=\"summary_large_image\" \/>\n<meta name=\"twitter:label1\" content=\"Tahmini okuma s\u00fcresi\" \/>\n\t<meta name=\"twitter:data1\" content=\"1 dakika\" \/>\n<script type=\"application\/ld+json\" class=\"yoast-schema-graph\">{\"@context\":\"https:\\\/\\\/schema.org\",\"@graph\":[{\"@type\":[\"WebPage\",\"ItemPage\"],\"@id\":\"https:\\\/\\\/www.purejewels.com\\\/product\\\/22ct-gold-trio-granule-chain-bracelet-55440\\\/\",\"url\":\"https:\\\/\\\/www.purejewels.com\\\/product\\\/22ct-gold-trio-granule-chain-bracelet-55440\\\/\",\"name\":\"Shop online 22ct Gold Trio Granule Bracelet | PureJewels UK\",\"isPartOf\":{\"@id\":\"https:\\\/\\\/www.purejewels.com\\\/#website\"},\"primaryImageOfPage\":{\"@id\":\"https:\\\/\\\/www.purejewels.com\\\/product\\\/22ct-gold-trio-granule-chain-bracelet-55440\\\/#primaryimage\"},\"image\":{\"@id\":\"https:\\\/\\\/www.purejewels.com\\\/product\\\/22ct-gold-trio-granule-chain-bracelet-55440\\\/#primaryimage\"},\"thumbnailUrl\":\"https:\\\/\\\/static.purejewels.com\\\/wp-content\\\/uploads\\\/2025\\\/12\\\/53978.jpg\",\"datePublished\":\"2026-01-03T05:07:51+00:00\",\"dateModified\":\"2026-04-03T04:13:57+00:00\",\"description\":\"Shop the 22ct Gold Trio Granule Chain Bracelet from PureJewels. Featuring finely textured bead accents, this handcrafted design celebrates refined everyday gold.\",\"breadcrumb\":{\"@id\":\"https:\\\/\\\/www.purejewels.com\\\/product\\\/22ct-gold-trio-granule-chain-bracelet-55440\\\/#breadcrumb\"},\"inLanguage\":\"tr\",\"potentialAction\":[{\"@type\":\"ReadAction\",\"target\":[\"https:\\\/\\\/www.purejewels.com\\\/product\\\/22ct-gold-trio-granule-chain-bracelet-55440\\\/\"]}]},{\"@type\":\"ImageObject\",\"inLanguage\":\"tr\",\"@id\":\"https:\\\/\\\/www.purejewels.com\\\/product\\\/22ct-gold-trio-granule-chain-bracelet-55440\\\/#primaryimage\",\"url\":\"https:\\\/\\\/static.purejewels.com\\\/wp-content\\\/uploads\\\/2025\\\/12\\\/53978.jpg\",\"contentUrl\":\"https:\\\/\\\/static.purejewels.com\\\/wp-content\\\/uploads\\\/2025\\\/12\\\/53978.jpg\",\"width\":1000,\"height\":1000,\"caption\":\"22ct Gold Delicate Bracelet with Trio Beads\"},{\"@type\":\"BreadcrumbList\",\"@id\":\"https:\\\/\\\/www.purejewels.com\\\/product\\\/22ct-gold-trio-granule-chain-bracelet-55440\\\/#breadcrumb\",\"itemListElement\":[{\"@type\":\"ListItem\",\"position\":1,\"name\":\"Home\",\"item\":\"https:\\\/\\\/www.purejewels.com\\\/\"},{\"@type\":\"ListItem\",\"position\":2,\"name\":\"Shop\",\"item\":\"https:\\\/\\\/www.purejewels.com\\\/shop\\\/\"},{\"@type\":\"ListItem\",\"position\":3,\"name\":\"22ct Gold Trio Granule Chain Bracelet\"}]},{\"@type\":\"WebSite\",\"@id\":\"https:\\\/\\\/www.purejewels.com\\\/#website\",\"url\":\"https:\\\/\\\/www.purejewels.com\\\/\",\"name\":\"PureJewels UK\",\"description\":\"Share the Love\",\"publisher\":{\"@id\":\"https:\\\/\\\/www.purejewels.com\\\/#organization\"},\"potentialAction\":[{\"@type\":\"SearchAction\",\"target\":{\"@type\":\"EntryPoint\",\"urlTemplate\":\"https:\\\/\\\/www.purejewels.com\\\/?s={search_term_string}\"},\"query-input\":{\"@type\":\"PropertyValueSpecification\",\"valueRequired\":true,\"valueName\":\"search_term_string\"}}],\"inLanguage\":\"tr\"},{\"@type\":\"Organization\",\"@id\":\"https:\\\/\\\/www.purejewels.com\\\/#organization\",\"name\":\"PureJewels UK\",\"url\":\"https:\\\/\\\/www.purejewels.com\\\/\",\"logo\":{\"@type\":\"ImageObject\",\"inLanguage\":\"tr\",\"@id\":\"https:\\\/\\\/www.purejewels.com\\\/#\\\/schema\\\/logo\\\/image\\\/\",\"url\":\"https:\\\/\\\/static.purejewels.com\\\/wp-content\\\/uploads\\\/2020\\\/11\\\/Logo-PJ-New-1.png\",\"contentUrl\":\"https:\\\/\\\/static.purejewels.com\\\/wp-content\\\/uploads\\\/2020\\\/11\\\/Logo-PJ-New-1.png\",\"width\":150,\"height\":80,\"caption\":\"PureJewels UK\"},\"image\":{\"@id\":\"https:\\\/\\\/www.purejewels.com\\\/#\\\/schema\\\/logo\\\/image\\\/\"}}]}<\/script>\n<!-- \/ Yoast SEO plugin. -->","yoast_head_json":{"title":"Online al\u0131\u015fveri\u015f 22 Ayar Alt\u0131n Trio Gran\u00fcl Bileklik | PureJewels UK","description":"PureJewels'ten 22 Ayar Alt\u0131n Trio Gran\u00fcl Zincir Bileklik sat\u0131n al\u0131n. \u0130nce dokulu boncuk vurgulara sahip bu el yap\u0131m\u0131 tasar\u0131m, rafine g\u00fcnl\u00fck alt\u0131n\u0131 kutluyor.","robots":{"index":"index","follow":"follow","max-snippet":"max-snippet:-1","max-image-preview":"max-image-preview:large","max-video-preview":"max-video-preview:-1"},"canonical":"https:\/\/www.purejewels.com\/tr\/urun\/22-ayar-altin-uclu-granul-zincir-bileklik-55440\/","og_locale":"tr_TR","og_type":"article","og_title":"Shop online 22ct Gold Trio Granule Bracelet | PureJewels UK","og_description":"Shop the 22ct Gold Trio Granule Chain Bracelet from PureJewels. Featuring finely textured bead accents, this handcrafted design celebrates refined everyday gold.","og_url":"https:\/\/www.purejewels.com\/tr\/urun\/22-ayar-altin-uclu-granul-zincir-bileklik-55440\/","og_site_name":"PureJewels UK","article_modified_time":"2026-04-03T04:13:57+00:00","og_image":[{"width":1000,"height":1000,"url":"https:\/\/static.purejewels.com\/wp-content\/uploads\/2025\/12\/53978.jpg","type":"image\/jpeg"}],"twitter_card":"summary_large_image","twitter_misc":{"Tahmini okuma s\u00fcresi":"1 dakika"},"schema":{"@context":"https:\/\/schema.org","@graph":[{"@type":["WebPage","ItemPage"],"@id":"https:\/\/www.purejewels.com\/product\/22ct-gold-trio-granule-chain-bracelet-55440\/","url":"https:\/\/www.purejewels.com\/product\/22ct-gold-trio-granule-chain-bracelet-55440\/","name":"Online al\u0131\u015fveri\u015f 22 Ayar Alt\u0131n Trio Gran\u00fcl Bileklik | PureJewels UK","isPartOf":{"@id":"https:\/\/www.purejewels.com\/#website"},"primaryImageOfPage":{"@id":"https:\/\/www.purejewels.com\/product\/22ct-gold-trio-granule-chain-bracelet-55440\/#primaryimage"},"image":{"@id":"https:\/\/www.purejewels.com\/product\/22ct-gold-trio-granule-chain-bracelet-55440\/#primaryimage"},"thumbnailUrl":"https:\/\/static.purejewels.com\/wp-content\/uploads\/2025\/12\/53978.jpg","datePublished":"2026-01-03T05:07:51+00:00","dateModified":"2026-04-03T04:13:57+00:00","description":"PureJewels'ten 22 Ayar Alt\u0131n Trio Gran\u00fcl Zincir Bileklik sat\u0131n al\u0131n. \u0130nce dokulu boncuk vurgulara sahip bu el yap\u0131m\u0131 tasar\u0131m, rafine g\u00fcnl\u00fck alt\u0131n\u0131 kutluyor.","breadcrumb":{"@id":"https:\/\/www.purejewels.com\/product\/22ct-gold-trio-granule-chain-bracelet-55440\/#breadcrumb"},"inLanguage":"tr","potentialAction":[{"@type":"ReadAction","target":["https:\/\/www.purejewels.com\/product\/22ct-gold-trio-granule-chain-bracelet-55440\/"]}]},{"@type":"ImageObject","inLanguage":"tr","@id":"https:\/\/www.purejewels.com\/product\/22ct-gold-trio-granule-chain-bracelet-55440\/#primaryimage","url":"https:\/\/static.purejewels.com\/wp-content\/uploads\/2025\/12\/53978.jpg","contentUrl":"https:\/\/static.purejewels.com\/wp-content\/uploads\/2025\/12\/53978.jpg","width":1000,"height":1000,"caption":"22ct Gold Delicate Bracelet with Trio Beads"},{"@type":"BreadcrumbList","@id":"https:\/\/www.purejewels.com\/product\/22ct-gold-trio-granule-chain-bracelet-55440\/#breadcrumb","itemListElement":[{"@type":"ListItem","position":1,"name":"Home","item":"https:\/\/www.purejewels.com\/"},{"@type":"ListItem","position":2,"name":"Shop","item":"https:\/\/www.purejewels.com\/shop\/"},{"@type":"ListItem","position":3,"name":"22ct Gold Trio Granule Chain Bracelet"}]},{"@type":"WebSite","@id":"https:\/\/www.purejewels.com\/#website","url":"https:\/\/www.purejewels.com\/","name":"PureJewels \u0130ngiltere","description":"Sevgiyi Payla\u015f\u0131n","publisher":{"@id":"https:\/\/www.purejewels.com\/#organization"},"potentialAction":[{"@type":"SearchAction","target":{"@type":"EntryPoint","urlTemplate":"https:\/\/www.purejewels.com\/?s={search_term_string}"},"query-input":{"@type":"PropertyValueSpecification","valueRequired":true,"valueName":"search_term_string"}}],"inLanguage":"tr"},{"@type":"Organization","@id":"https:\/\/www.purejewels.com\/#organization","name":"PureJewels \u0130ngiltere","url":"https:\/\/www.purejewels.com\/","logo":{"@type":"ImageObject","inLanguage":"tr","@id":"https:\/\/www.purejewels.com\/#\/schema\/logo\/image\/","url":"https:\/\/static.purejewels.com\/wp-content\/uploads\/2020\/11\/Logo-PJ-New-1.png","contentUrl":"https:\/\/static.purejewels.com\/wp-content\/uploads\/2020\/11\/Logo-PJ-New-1.png","width":150,"height":80,"caption":"PureJewels UK"},"image":{"@id":"https:\/\/www.purejewels.com\/#\/schema\/logo\/image\/"}}]}},"_links":{"self":[{"href":"https:\/\/www.purejewels.com\/tr\/wp-json\/wp\/v2\/product\/428033","targetHints":{"allow":["GET"]}}],"collection":[{"href":"https:\/\/www.purejewels.com\/tr\/wp-json\/wp\/v2\/product"}],"about":[{"href":"https:\/\/www.purejewels.com\/tr\/wp-json\/wp\/v2\/types\/product"}],"replies":[{"embeddable":true,"href":"https:\/\/www.purejewels.com\/tr\/wp-json\/wp\/v2\/comments?post=428033"}],"version-history":[{"count":1,"href":"https:\/\/www.purejewels.com\/tr\/wp-json\/wp\/v2\/product\/428033\/revisions"}],"predecessor-version":[{"id":428034,"href":"https:\/\/www.purejewels.com\/tr\/wp-json\/wp\/v2\/product\/428033\/revisions\/428034"}],"wp:featuredmedia":[{"embeddable":true,"href":"https:\/\/www.purejewels.com\/tr\/wp-json\/wp\/v2\/media\/423658"}],"wp:attachment":[{"href":"https:\/\/www.purejewels.com\/tr\/wp-json\/wp\/v2\/media?parent=428033"}],"wp:term":[{"taxonomy":"product_brand","embeddable":true,"href":"https:\/\/www.purejewels.com\/tr\/wp-json\/wp\/v2\/product_brand?post=428033"},{"taxonomy":"product_cat","embeddable":true,"href":"https:\/\/www.purejewels.com\/tr\/wp-json\/wp\/v2\/product_cat?post=428033"},{"taxonomy":"product_tag","embeddable":true,"href":"https:\/\/www.purejewels.com\/tr\/wp-json\/wp\/v2\/product_tag?post=428033"}],"curies":[{"name":"wp","href":"https:\/\/api.w.org\/{rel}","templated":true}]}}