{"id":428045,"date":"2026-01-03T10:15:01","date_gmt":"2026-01-03T10:15:01","guid":{"rendered":"https:\/\/www.purejewels.com\/?post_type=product&#038;p=428045"},"modified":"2026-04-03T10:28:02","modified_gmt":"2026-04-03T09:28:02","slug":"22-ayar-altin-granul-cicekli-saplama-kupe-55407","status":"publish","type":"product","link":"https:\/\/www.purejewels.com\/tr\/product\/22ct-gold-granule-floral-stud-earrings-55407\/","title":{"rendered":"22 Ayar Alt\u0131n Gran\u00fcl \u00c7i\u00e7ekli Saplama K\u00fcpe"},"content":{"rendered":"<p><strong>Tasar\u0131m<\/strong><\/p>\n<p>\u00c7i\u00e7ek formunda \u015fekillendirilmi\u015f bu k\u00fcpelerin merkezinde, \u0131\u015f\u0131\u011f\u0131 zarif bir hareketle yakalayan fasetli bir alt\u0131n boncuk yer al\u0131yor. Etraf\u0131n\u0131 saran gran\u00fcll\u00fc dokular ta\u00e7 yapra\u011f\u0131 benzeri konturlar olu\u015fturarak tasar\u0131ma derinlik ve boyut kat\u0131yor. Kompozisyon, yumu\u015fakl\u0131k ile yap\u0131y\u0131 dengeleyerek hem klasik hem de ay\u0131rt edici bir par\u00e7a yarat\u0131yor.<\/p>\n<p><strong>Zanaatkarl\u0131k<\/strong><\/p>\n<p>Zengin 22 ayar alt\u0131ndan el i\u015f\u00e7ili\u011fiyle \u00fcretilen her bir par\u00e7a, hem bi\u00e7im hem de y\u00fczey a\u00e7\u0131s\u0131ndan hassasiyeti yans\u0131t\u0131yor. Gran\u00fcl detaylar, rafine bir y\u00fczey dokusu elde etmek i\u00e7in \u00f6zenle uygulanan geleneksel tekniklerden al\u0131nm\u0131\u015ft\u0131r. Her bir \u00e7ift \u0130ngiltere'de damgalanarak alt\u0131n\u0131n safl\u0131\u011f\u0131 belgelenir ve kal\u0131c\u0131 kalite sa\u011flan\u0131r.<\/p>\n<p><strong>\u015eekillendirme &amp; Hediyele\u015fme<\/strong><\/p>\n<p>G\u00fcnl\u00fck kullan\u0131m i\u00e7in tasarlanan bu \u00e7\u0131t\u00e7\u0131tlar, kula\u011fa d\u00fczg\u00fcn bir \u015fekilde oturarak zarif ama etkileyici bir vurgu sunar. Yumu\u015fak g\u00fcnl\u00fck k\u0131yafetlerden gece g\u00f6r\u00fcn\u00fcmlerine kadar hem g\u00fcndelik hem de f\u0131rsat stiliyle zahmetsizce e\u015fle\u015fir. Do\u011fum g\u00fcnleri, kutlamalar veya anlaml\u0131 d\u00f6n\u00fcm noktalar\u0131 i\u00e7in ideal bir hediye olan bu k\u00fcpeler, \u00f6zenli i\u015f\u00e7ilik hissini kompakt bir formda ta\u015f\u0131r.<\/p>","protected":false},"excerpt":{"rendered":"<p>Karma\u015f\u0131k gran\u00fcl detaylara sahip \u00e7i\u00e7ek formlu ve yumu\u015fak y\u00f6nl\u00fc bir merkeze sahip bir \u00e7ift 22 ayar alt\u0131n saplama k\u00fcpe.<\/p>\n<p><strong>Malzeme:<\/strong>\u00a022 Ayar Alt\u0131n<br \/>\n<strong>Safl\u0131k:<\/strong>\u00a091.6% saf<br \/>\n<strong>Hallmark:<\/strong>\u00a0\u0130ngiliz Damgas\u0131<strong><br \/>\n<\/strong><strong>Br\u00fct A\u011f\u0131rl\u0131k: <\/strong>1.05 Gms<br \/>\n<strong>SKU:<\/strong> 55407, 55411, 55409<\/p>\n<p><strong>Fiyat ve Teslimat<\/strong>: KDV ve teslimat \u00fccreti dahil<br \/>\n<a href=\"https:\/\/www.purejewels.com\/tr\/i%cc%87ade-poli%cc%87ti%cc%87kasi\/\">\u0130ade Politikas\u0131<\/a><\/p>","protected":false},"featured_media":428046,"comment_status":"closed","ping_status":"closed","template":"","meta":{"_eb_attr":"","_crsspst_to_jayantr4sg-hostcom":true},"product_brand":[],"product_cat":[1793,1792,1790,1254,5342,1577,1574,5349],"product_tag":[66],"class_list":{"0":"post-428045","1":"product","2":"type-product","3":"status-publish","4":"has-post-thumbnail","6":"product_cat-diwali-gifts","7":"product_cat-festival-gifts","8":"product_cat-for-whom-when","9":"product_cat-gold-earrings","10":"product_cat-jewellery-under-250","11":"product_cat-stud-earrings","12":"product_cat-womens-jewellery","13":"product_cat-yellow-gold-jewellery","14":"product_tag-earrings","16":"first","17":"instock","18":"taxable","19":"shipping-taxable","20":"purchasable","21":"product-type-simple","22":"add-to-wishlist-before_image"},"yoast_head":"<!-- This site is optimized with the Yoast SEO plugin v27.3 - https:\/\/yoast.com\/product\/yoast-seo-wordpress\/ -->\n<title>Shop 22ct Gold Granule Floral Stud Earrings | PureJewels UK<\/title>\n<meta name=\"description\" content=\"Shop the 22ct Gold Granule Floral Stud Earrings from PureJewels. Featuring textured granule detailing in a floral form, handcrafted in radiant gold.\" \/>\n<meta name=\"robots\" content=\"index, follow, max-snippet:-1, max-image-preview:large, max-video-preview:-1\" \/>\n<link rel=\"canonical\" href=\"https:\/\/www.purejewels.com\/tr\/urun\/22-ayar-altin-granul-cicekli-saplama-kupe-55407\/\" \/>\n<meta property=\"og:locale\" content=\"tr_TR\" \/>\n<meta property=\"og:type\" content=\"article\" \/>\n<meta property=\"og:title\" content=\"Shop 22ct Gold Granule Floral Stud Earrings | PureJewels UK\" \/>\n<meta property=\"og:description\" content=\"Shop the 22ct Gold Granule Floral Stud Earrings from PureJewels. Featuring textured granule detailing in a floral form, handcrafted in radiant gold.\" \/>\n<meta property=\"og:url\" content=\"https:\/\/www.purejewels.com\/tr\/urun\/22-ayar-altin-granul-cicekli-saplama-kupe-55407\/\" \/>\n<meta property=\"og:site_name\" content=\"PureJewels UK\" \/>\n<meta property=\"article:modified_time\" content=\"2026-04-03T09:28:02+00:00\" \/>\n<meta property=\"og:image\" content=\"https:\/\/static.purejewels.com\/wp-content\/uploads\/2026\/04\/ChatGPT-Image-Apr-3-2026-02_44_11-PM.jpg\" \/>\n\t<meta property=\"og:image:width\" content=\"1024\" \/>\n\t<meta property=\"og:image:height\" content=\"1024\" \/>\n\t<meta property=\"og:image:type\" content=\"image\/jpeg\" \/>\n<meta name=\"twitter:card\" content=\"summary_large_image\" \/>\n<meta name=\"twitter:label1\" content=\"Tahmini okuma s\u00fcresi\" \/>\n\t<meta name=\"twitter:data1\" content=\"1 dakika\" \/>\n<script type=\"application\/ld+json\" class=\"yoast-schema-graph\">{\"@context\":\"https:\\\/\\\/schema.org\",\"@graph\":[{\"@type\":[\"WebPage\",\"ItemPage\"],\"@id\":\"https:\\\/\\\/www.purejewels.com\\\/product\\\/22ct-gold-granule-floral-stud-earrings-55407\\\/\",\"url\":\"https:\\\/\\\/www.purejewels.com\\\/product\\\/22ct-gold-granule-floral-stud-earrings-55407\\\/\",\"name\":\"Shop 22ct Gold Granule Floral Stud Earrings | PureJewels UK\",\"isPartOf\":{\"@id\":\"https:\\\/\\\/www.purejewels.com\\\/#website\"},\"primaryImageOfPage\":{\"@id\":\"https:\\\/\\\/www.purejewels.com\\\/product\\\/22ct-gold-granule-floral-stud-earrings-55407\\\/#primaryimage\"},\"image\":{\"@id\":\"https:\\\/\\\/www.purejewels.com\\\/product\\\/22ct-gold-granule-floral-stud-earrings-55407\\\/#primaryimage\"},\"thumbnailUrl\":\"https:\\\/\\\/static.purejewels.com\\\/wp-content\\\/uploads\\\/2026\\\/04\\\/ChatGPT-Image-Apr-3-2026-02_44_11-PM.jpg\",\"datePublished\":\"2026-01-03T10:15:01+00:00\",\"dateModified\":\"2026-04-03T09:28:02+00:00\",\"description\":\"Shop the 22ct Gold Granule Floral Stud Earrings from PureJewels. Featuring textured granule detailing in a floral form, handcrafted in radiant gold.\",\"breadcrumb\":{\"@id\":\"https:\\\/\\\/www.purejewels.com\\\/product\\\/22ct-gold-granule-floral-stud-earrings-55407\\\/#breadcrumb\"},\"inLanguage\":\"tr\",\"potentialAction\":[{\"@type\":\"ReadAction\",\"target\":[\"https:\\\/\\\/www.purejewels.com\\\/product\\\/22ct-gold-granule-floral-stud-earrings-55407\\\/\"]}]},{\"@type\":\"ImageObject\",\"inLanguage\":\"tr\",\"@id\":\"https:\\\/\\\/www.purejewels.com\\\/product\\\/22ct-gold-granule-floral-stud-earrings-55407\\\/#primaryimage\",\"url\":\"https:\\\/\\\/static.purejewels.com\\\/wp-content\\\/uploads\\\/2026\\\/04\\\/ChatGPT-Image-Apr-3-2026-02_44_11-PM.jpg\",\"contentUrl\":\"https:\\\/\\\/static.purejewels.com\\\/wp-content\\\/uploads\\\/2026\\\/04\\\/ChatGPT-Image-Apr-3-2026-02_44_11-PM.jpg\",\"width\":1024,\"height\":1024,\"caption\":\"22ct Yellow Gold Earring\"},{\"@type\":\"BreadcrumbList\",\"@id\":\"https:\\\/\\\/www.purejewels.com\\\/product\\\/22ct-gold-granule-floral-stud-earrings-55407\\\/#breadcrumb\",\"itemListElement\":[{\"@type\":\"ListItem\",\"position\":1,\"name\":\"Home\",\"item\":\"https:\\\/\\\/www.purejewels.com\\\/\"},{\"@type\":\"ListItem\",\"position\":2,\"name\":\"Shop\",\"item\":\"https:\\\/\\\/www.purejewels.com\\\/shop\\\/\"},{\"@type\":\"ListItem\",\"position\":3,\"name\":\"22ct Gold Granule Floral Stud Earrings\"}]},{\"@type\":\"WebSite\",\"@id\":\"https:\\\/\\\/www.purejewels.com\\\/#website\",\"url\":\"https:\\\/\\\/www.purejewels.com\\\/\",\"name\":\"PureJewels UK\",\"description\":\"Share the Love\",\"publisher\":{\"@id\":\"https:\\\/\\\/www.purejewels.com\\\/#organization\"},\"potentialAction\":[{\"@type\":\"SearchAction\",\"target\":{\"@type\":\"EntryPoint\",\"urlTemplate\":\"https:\\\/\\\/www.purejewels.com\\\/?s={search_term_string}\"},\"query-input\":{\"@type\":\"PropertyValueSpecification\",\"valueRequired\":true,\"valueName\":\"search_term_string\"}}],\"inLanguage\":\"tr\"},{\"@type\":\"Organization\",\"@id\":\"https:\\\/\\\/www.purejewels.com\\\/#organization\",\"name\":\"PureJewels UK\",\"url\":\"https:\\\/\\\/www.purejewels.com\\\/\",\"logo\":{\"@type\":\"ImageObject\",\"inLanguage\":\"tr\",\"@id\":\"https:\\\/\\\/www.purejewels.com\\\/#\\\/schema\\\/logo\\\/image\\\/\",\"url\":\"https:\\\/\\\/static.purejewels.com\\\/wp-content\\\/uploads\\\/2020\\\/11\\\/Logo-PJ-New-1.png\",\"contentUrl\":\"https:\\\/\\\/static.purejewels.com\\\/wp-content\\\/uploads\\\/2020\\\/11\\\/Logo-PJ-New-1.png\",\"width\":150,\"height\":80,\"caption\":\"PureJewels UK\"},\"image\":{\"@id\":\"https:\\\/\\\/www.purejewels.com\\\/#\\\/schema\\\/logo\\\/image\\\/\"}}]}<\/script>\n<!-- \/ Yoast SEO plugin. -->","yoast_head_json":{"title":"22 Ayar Alt\u0131n Gran\u00fcl \u00c7i\u00e7ekli Saplama K\u00fcpe Al\u0131\u015fveri\u015fi | PureJewels UK","description":"PureJewels'in 22 Ayar Alt\u0131n Gran\u00fcl \u00c7i\u00e7ekli Saplama K\u00fcpelerini sat\u0131n al\u0131n. \u00c7i\u00e7ek formunda dokulu gran\u00fcl detaylara sahip, \u0131\u015f\u0131lt\u0131l\u0131 alt\u0131ndan el i\u015f\u00e7ili\u011fiyle \u00fcretilmi\u015ftir.","robots":{"index":"index","follow":"follow","max-snippet":"max-snippet:-1","max-image-preview":"max-image-preview:large","max-video-preview":"max-video-preview:-1"},"canonical":"https:\/\/www.purejewels.com\/tr\/urun\/22-ayar-altin-granul-cicekli-saplama-kupe-55407\/","og_locale":"tr_TR","og_type":"article","og_title":"Shop 22ct Gold Granule Floral Stud Earrings | PureJewels UK","og_description":"Shop the 22ct Gold Granule Floral Stud Earrings from PureJewels. Featuring textured granule detailing in a floral form, handcrafted in radiant gold.","og_url":"https:\/\/www.purejewels.com\/tr\/urun\/22-ayar-altin-granul-cicekli-saplama-kupe-55407\/","og_site_name":"PureJewels UK","article_modified_time":"2026-04-03T09:28:02+00:00","og_image":[{"width":1024,"height":1024,"url":"https:\/\/static.purejewels.com\/wp-content\/uploads\/2026\/04\/ChatGPT-Image-Apr-3-2026-02_44_11-PM.jpg","type":"image\/jpeg"}],"twitter_card":"summary_large_image","twitter_misc":{"Tahmini okuma s\u00fcresi":"1 dakika"},"schema":{"@context":"https:\/\/schema.org","@graph":[{"@type":["WebPage","ItemPage"],"@id":"https:\/\/www.purejewels.com\/product\/22ct-gold-granule-floral-stud-earrings-55407\/","url":"https:\/\/www.purejewels.com\/product\/22ct-gold-granule-floral-stud-earrings-55407\/","name":"22 Ayar Alt\u0131n Gran\u00fcl \u00c7i\u00e7ekli Saplama K\u00fcpe Al\u0131\u015fveri\u015fi | PureJewels UK","isPartOf":{"@id":"https:\/\/www.purejewels.com\/#website"},"primaryImageOfPage":{"@id":"https:\/\/www.purejewels.com\/product\/22ct-gold-granule-floral-stud-earrings-55407\/#primaryimage"},"image":{"@id":"https:\/\/www.purejewels.com\/product\/22ct-gold-granule-floral-stud-earrings-55407\/#primaryimage"},"thumbnailUrl":"https:\/\/static.purejewels.com\/wp-content\/uploads\/2026\/04\/ChatGPT-Image-Apr-3-2026-02_44_11-PM.jpg","datePublished":"2026-01-03T10:15:01+00:00","dateModified":"2026-04-03T09:28:02+00:00","description":"PureJewels'in 22 Ayar Alt\u0131n Gran\u00fcl \u00c7i\u00e7ekli Saplama K\u00fcpelerini sat\u0131n al\u0131n. \u00c7i\u00e7ek formunda dokulu gran\u00fcl detaylara sahip, \u0131\u015f\u0131lt\u0131l\u0131 alt\u0131ndan el i\u015f\u00e7ili\u011fiyle \u00fcretilmi\u015ftir.","breadcrumb":{"@id":"https:\/\/www.purejewels.com\/product\/22ct-gold-granule-floral-stud-earrings-55407\/#breadcrumb"},"inLanguage":"tr","potentialAction":[{"@type":"ReadAction","target":["https:\/\/www.purejewels.com\/product\/22ct-gold-granule-floral-stud-earrings-55407\/"]}]},{"@type":"ImageObject","inLanguage":"tr","@id":"https:\/\/www.purejewels.com\/product\/22ct-gold-granule-floral-stud-earrings-55407\/#primaryimage","url":"https:\/\/static.purejewels.com\/wp-content\/uploads\/2026\/04\/ChatGPT-Image-Apr-3-2026-02_44_11-PM.jpg","contentUrl":"https:\/\/static.purejewels.com\/wp-content\/uploads\/2026\/04\/ChatGPT-Image-Apr-3-2026-02_44_11-PM.jpg","width":1024,"height":1024,"caption":"22ct Yellow Gold Earring"},{"@type":"BreadcrumbList","@id":"https:\/\/www.purejewels.com\/product\/22ct-gold-granule-floral-stud-earrings-55407\/#breadcrumb","itemListElement":[{"@type":"ListItem","position":1,"name":"Home","item":"https:\/\/www.purejewels.com\/"},{"@type":"ListItem","position":2,"name":"Shop","item":"https:\/\/www.purejewels.com\/shop\/"},{"@type":"ListItem","position":3,"name":"22ct Gold Granule Floral Stud Earrings"}]},{"@type":"WebSite","@id":"https:\/\/www.purejewels.com\/#website","url":"https:\/\/www.purejewels.com\/","name":"PureJewels \u0130ngiltere","description":"Sevgiyi Payla\u015f\u0131n","publisher":{"@id":"https:\/\/www.purejewels.com\/#organization"},"potentialAction":[{"@type":"SearchAction","target":{"@type":"EntryPoint","urlTemplate":"https:\/\/www.purejewels.com\/?s={search_term_string}"},"query-input":{"@type":"PropertyValueSpecification","valueRequired":true,"valueName":"search_term_string"}}],"inLanguage":"tr"},{"@type":"Organization","@id":"https:\/\/www.purejewels.com\/#organization","name":"PureJewels \u0130ngiltere","url":"https:\/\/www.purejewels.com\/","logo":{"@type":"ImageObject","inLanguage":"tr","@id":"https:\/\/www.purejewels.com\/#\/schema\/logo\/image\/","url":"https:\/\/static.purejewels.com\/wp-content\/uploads\/2020\/11\/Logo-PJ-New-1.png","contentUrl":"https:\/\/static.purejewels.com\/wp-content\/uploads\/2020\/11\/Logo-PJ-New-1.png","width":150,"height":80,"caption":"PureJewels UK"},"image":{"@id":"https:\/\/www.purejewels.com\/#\/schema\/logo\/image\/"}}]}},"_links":{"self":[{"href":"https:\/\/www.purejewels.com\/tr\/wp-json\/wp\/v2\/product\/428045","targetHints":{"allow":["GET"]}}],"collection":[{"href":"https:\/\/www.purejewels.com\/tr\/wp-json\/wp\/v2\/product"}],"about":[{"href":"https:\/\/www.purejewels.com\/tr\/wp-json\/wp\/v2\/types\/product"}],"replies":[{"embeddable":true,"href":"https:\/\/www.purejewels.com\/tr\/wp-json\/wp\/v2\/comments?post=428045"}],"version-history":[{"count":1,"href":"https:\/\/www.purejewels.com\/tr\/wp-json\/wp\/v2\/product\/428045\/revisions"}],"predecessor-version":[{"id":428047,"href":"https:\/\/www.purejewels.com\/tr\/wp-json\/wp\/v2\/product\/428045\/revisions\/428047"}],"wp:featuredmedia":[{"embeddable":true,"href":"https:\/\/www.purejewels.com\/tr\/wp-json\/wp\/v2\/media\/428046"}],"wp:attachment":[{"href":"https:\/\/www.purejewels.com\/tr\/wp-json\/wp\/v2\/media?parent=428045"}],"wp:term":[{"taxonomy":"product_brand","embeddable":true,"href":"https:\/\/www.purejewels.com\/tr\/wp-json\/wp\/v2\/product_brand?post=428045"},{"taxonomy":"product_cat","embeddable":true,"href":"https:\/\/www.purejewels.com\/tr\/wp-json\/wp\/v2\/product_cat?post=428045"},{"taxonomy":"product_tag","embeddable":true,"href":"https:\/\/www.purejewels.com\/tr\/wp-json\/wp\/v2\/product_tag?post=428045"}],"curies":[{"name":"wp","href":"https:\/\/api.w.org\/{rel}","templated":true}]}}