{"id":428048,"date":"2026-01-03T10:38:27","date_gmt":"2026-01-03T10:38:27","guid":{"rendered":"https:\/\/www.purejewels.com\/?post_type=product&#038;p=428048"},"modified":"2026-04-03T10:47:58","modified_gmt":"2026-04-03T09:47:58","slug":"22-ayar-altin-rodyum-merkez-cicek-citcit-55423","status":"publish","type":"product","link":"https:\/\/www.purejewels.com\/tr\/product\/22ct-gold-rhodium-centre-flower-studs-55423\/","title":{"rendered":"22 Ayar Alt\u0131n Rodyum Merkezli \u00c7i\u00e7ek \u00c7\u0131t\u00e7\u0131t"},"content":{"rendered":"<p><strong>Tasar\u0131m<\/strong><\/p>\n<p>Yumu\u015fak bir \u00e7i\u00e7ek formunda \u015fekillendirilen bu \u00e7\u0131t\u00e7\u0131tlar\u0131n merkezinde, alt\u0131n\u0131n s\u0131cakl\u0131\u011f\u0131na kar\u015f\u0131 ince bir kontrast olu\u015fturan y\u00f6nl\u00fc rodyum kaplamal\u0131 bir boncuk yer al\u0131yor. \u00c7evreleyen konturlar dokulu detaylarla tan\u0131mlanarak ta\u00e7 yapra\u011f\u0131 benzeri bir derinlik ve hareket yarat\u0131r. \u00c7ift tonlu kompozisyon, gelenekselden ilham alan bir forma \u00e7a\u011fda\u015f bir hava kat\u0131yor.<\/p>\n<p><strong>Zanaatkarl\u0131k<\/strong><\/p>\n<p>Zengin 22 ayar alt\u0131ndan el i\u015f\u00e7ili\u011fiyle \u00fcretilen k\u00fcpeler, hassas finisaj\u0131 karma\u015f\u0131k y\u00fczey \u00e7al\u0131\u015fmalar\u0131yla birle\u015ftiriyor. Merkezdeki boncuk, belirgin bir g\u00f6rsel kontrast yaratmak i\u00e7in rodyum kaplama ile zenginle\u015ftirilirken, \u00e7evresindeki alt\u0131n unsurlar denge ve dayan\u0131kl\u0131l\u0131k i\u00e7in \u00f6zenle \u015fekillendirilmi\u015ftir. Her bir \u00e7ift \u0130ngiltere'de damgalanarak alt\u0131n\u0131n safl\u0131\u011f\u0131 ve kalitesi belgelenmi\u015ftir.<\/p>\n<p><strong>\u015eekillendirme &amp; Hediyele\u015fme<\/strong><\/p>\n<p>G\u00fcnl\u00fck kullan\u0131m i\u00e7in tasarlanan bu \u00e7\u0131t\u00e7\u0131tlar kula\u011fa rahat\u00e7a otururken zarif bir ifade sunar. \u0130ki tonlu kaplama, hem alt\u0131n hem de kar\u0131\u015f\u0131k metal tak\u0131larla kolayca e\u015fle\u015ftirilebilmesini sa\u011flar. Hediye vermek i\u00e7in d\u00fc\u015f\u00fcnceli bir se\u00e7im olan bu k\u00fcpeler do\u011fum g\u00fcnleri, kutlamalar ve g\u00fcnl\u00fck d\u00f6n\u00fcm noktalar\u0131 i\u00e7in \u00e7ok uygundur.<\/p>","protected":false},"excerpt":{"rendered":"<p>Y\u00f6nl\u00fc rodyum merkeze ve zarif iki tonlu bir g\u00f6r\u00fcn\u00fcm i\u00e7in dokulu gran\u00fcl detaylara sahip 22 ayar alt\u0131n \u00e7i\u00e7ek saplamalar.<\/p>\n<p><strong>Malzeme:<\/strong>\u00a022 Ayar Alt\u0131n<br \/>\n<strong>Safl\u0131k:<\/strong>\u00a091.6% saf<br \/>\n<strong>Hallmark:<\/strong>\u00a0\u0130ngiliz Damgas\u0131<strong><br \/>\n<\/strong><strong>Br\u00fct A\u011f\u0131rl\u0131k: <\/strong>1.03 Gms<br \/>\n<strong>SKU:<\/strong> 55423, 55418, 55421, 55424<\/p>\n<p><strong>Fiyat ve Teslimat<\/strong>: KDV ve teslimat \u00fccreti dahil<br \/>\n<a href=\"https:\/\/www.purejewels.com\/tr\/i%cc%87ade-poli%cc%87ti%cc%87kasi\/\">\u0130ade Politikas\u0131<\/a><\/p>","protected":false},"featured_media":428049,"comment_status":"closed","ping_status":"closed","template":"","meta":{"_eb_attr":"","_crsspst_to_jayantr4sg-hostcom":true},"product_brand":[],"product_cat":[1793,1792,1790,1254,252,5611,5342,1577,1574,5349],"product_tag":[66],"class_list":{"0":"post-428048","1":"product","2":"type-product","3":"status-publish","4":"has-post-thumbnail","6":"product_cat-diwali-gifts","7":"product_cat-festival-gifts","8":"product_cat-for-whom-when","9":"product_cat-gold-earrings","10":"product_cat-jali-collections","11":"product_cat-jali-earrings","12":"product_cat-jewellery-under-250","13":"product_cat-stud-earrings","14":"product_cat-womens-jewellery","15":"product_cat-yellow-gold-jewellery","16":"product_tag-earrings","18":"first","19":"instock","20":"taxable","21":"shipping-taxable","22":"purchasable","23":"product-type-simple","24":"add-to-wishlist-before_image"},"yoast_head":"<!-- This site is optimized with the Yoast SEO plugin v27.3 - https:\/\/yoast.com\/product\/yoast-seo-wordpress\/ -->\n<title>Shop online 22ct Gold Rhodium Centre Flower Studs | PureJewels<\/title>\n<meta name=\"description\" content=\"Shop the 22ct Gold Rhodium Centre Flower Studs from PureJewels. Featuring a dual-tone floral design with a faceted rhodium centre, handcrafted in gold.\" \/>\n<meta name=\"robots\" content=\"index, follow, max-snippet:-1, max-image-preview:large, max-video-preview:-1\" \/>\n<link rel=\"canonical\" href=\"https:\/\/www.purejewels.com\/tr\/urun\/22-ayar-altin-rodyum-merkez-cicek-citcit-55423\/\" \/>\n<meta property=\"og:locale\" content=\"tr_TR\" \/>\n<meta property=\"og:type\" content=\"article\" \/>\n<meta property=\"og:title\" content=\"Shop online 22ct Gold Rhodium Centre Flower Studs | PureJewels\" \/>\n<meta property=\"og:description\" content=\"Shop the 22ct Gold Rhodium Centre Flower Studs from PureJewels. Featuring a dual-tone floral design with a faceted rhodium centre, handcrafted in gold.\" \/>\n<meta property=\"og:url\" content=\"https:\/\/www.purejewels.com\/tr\/urun\/22-ayar-altin-rodyum-merkez-cicek-citcit-55423\/\" \/>\n<meta property=\"og:site_name\" content=\"PureJewels UK\" \/>\n<meta property=\"article:modified_time\" content=\"2026-04-03T09:47:58+00:00\" \/>\n<meta property=\"og:image\" content=\"https:\/\/static.purejewels.com\/wp-content\/uploads\/2026\/04\/55423.jpg\" \/>\n\t<meta property=\"og:image:width\" content=\"1024\" \/>\n\t<meta property=\"og:image:height\" content=\"1024\" \/>\n\t<meta property=\"og:image:type\" content=\"image\/jpeg\" \/>\n<meta name=\"twitter:card\" content=\"summary_large_image\" \/>\n<meta name=\"twitter:label1\" content=\"Tahmini okuma s\u00fcresi\" \/>\n\t<meta name=\"twitter:data1\" content=\"1 dakika\" \/>\n<script type=\"application\/ld+json\" class=\"yoast-schema-graph\">{\"@context\":\"https:\\\/\\\/schema.org\",\"@graph\":[{\"@type\":[\"WebPage\",\"ItemPage\"],\"@id\":\"https:\\\/\\\/www.purejewels.com\\\/product\\\/22ct-gold-rhodium-centre-flower-studs-55423\\\/\",\"url\":\"https:\\\/\\\/www.purejewels.com\\\/product\\\/22ct-gold-rhodium-centre-flower-studs-55423\\\/\",\"name\":\"Shop online 22ct Gold Rhodium Centre Flower Studs | PureJewels\",\"isPartOf\":{\"@id\":\"https:\\\/\\\/www.purejewels.com\\\/#website\"},\"primaryImageOfPage\":{\"@id\":\"https:\\\/\\\/www.purejewels.com\\\/product\\\/22ct-gold-rhodium-centre-flower-studs-55423\\\/#primaryimage\"},\"image\":{\"@id\":\"https:\\\/\\\/www.purejewels.com\\\/product\\\/22ct-gold-rhodium-centre-flower-studs-55423\\\/#primaryimage\"},\"thumbnailUrl\":\"https:\\\/\\\/static.purejewels.com\\\/wp-content\\\/uploads\\\/2026\\\/04\\\/55423.jpg\",\"datePublished\":\"2026-01-03T10:38:27+00:00\",\"dateModified\":\"2026-04-03T09:47:58+00:00\",\"description\":\"Shop the 22ct Gold Rhodium Centre Flower Studs from PureJewels. Featuring a dual-tone floral design with a faceted rhodium centre, handcrafted in gold.\",\"breadcrumb\":{\"@id\":\"https:\\\/\\\/www.purejewels.com\\\/product\\\/22ct-gold-rhodium-centre-flower-studs-55423\\\/#breadcrumb\"},\"inLanguage\":\"tr\",\"potentialAction\":[{\"@type\":\"ReadAction\",\"target\":[\"https:\\\/\\\/www.purejewels.com\\\/product\\\/22ct-gold-rhodium-centre-flower-studs-55423\\\/\"]}]},{\"@type\":\"ImageObject\",\"inLanguage\":\"tr\",\"@id\":\"https:\\\/\\\/www.purejewels.com\\\/product\\\/22ct-gold-rhodium-centre-flower-studs-55423\\\/#primaryimage\",\"url\":\"https:\\\/\\\/static.purejewels.com\\\/wp-content\\\/uploads\\\/2026\\\/04\\\/55423.jpg\",\"contentUrl\":\"https:\\\/\\\/static.purejewels.com\\\/wp-content\\\/uploads\\\/2026\\\/04\\\/55423.jpg\",\"width\":1024,\"height\":1024,\"caption\":\"22ct Gold Rhodium Centre Flower Studs\"},{\"@type\":\"BreadcrumbList\",\"@id\":\"https:\\\/\\\/www.purejewels.com\\\/product\\\/22ct-gold-rhodium-centre-flower-studs-55423\\\/#breadcrumb\",\"itemListElement\":[{\"@type\":\"ListItem\",\"position\":1,\"name\":\"Home\",\"item\":\"https:\\\/\\\/www.purejewels.com\\\/\"},{\"@type\":\"ListItem\",\"position\":2,\"name\":\"Shop\",\"item\":\"https:\\\/\\\/www.purejewels.com\\\/shop\\\/\"},{\"@type\":\"ListItem\",\"position\":3,\"name\":\"22ct Gold Rhodium Centre Flower Studs\"}]},{\"@type\":\"WebSite\",\"@id\":\"https:\\\/\\\/www.purejewels.com\\\/#website\",\"url\":\"https:\\\/\\\/www.purejewels.com\\\/\",\"name\":\"PureJewels UK\",\"description\":\"Share the Love\",\"publisher\":{\"@id\":\"https:\\\/\\\/www.purejewels.com\\\/#organization\"},\"potentialAction\":[{\"@type\":\"SearchAction\",\"target\":{\"@type\":\"EntryPoint\",\"urlTemplate\":\"https:\\\/\\\/www.purejewels.com\\\/?s={search_term_string}\"},\"query-input\":{\"@type\":\"PropertyValueSpecification\",\"valueRequired\":true,\"valueName\":\"search_term_string\"}}],\"inLanguage\":\"tr\"},{\"@type\":\"Organization\",\"@id\":\"https:\\\/\\\/www.purejewels.com\\\/#organization\",\"name\":\"PureJewels UK\",\"url\":\"https:\\\/\\\/www.purejewels.com\\\/\",\"logo\":{\"@type\":\"ImageObject\",\"inLanguage\":\"tr\",\"@id\":\"https:\\\/\\\/www.purejewels.com\\\/#\\\/schema\\\/logo\\\/image\\\/\",\"url\":\"https:\\\/\\\/static.purejewels.com\\\/wp-content\\\/uploads\\\/2020\\\/11\\\/Logo-PJ-New-1.png\",\"contentUrl\":\"https:\\\/\\\/static.purejewels.com\\\/wp-content\\\/uploads\\\/2020\\\/11\\\/Logo-PJ-New-1.png\",\"width\":150,\"height\":80,\"caption\":\"PureJewels UK\"},\"image\":{\"@id\":\"https:\\\/\\\/www.purejewels.com\\\/#\\\/schema\\\/logo\\\/image\\\/\"}}]}<\/script>\n<!-- \/ Yoast SEO plugin. -->","yoast_head_json":{"title":"Online al\u0131\u015fveri\u015f 22 Ayar Alt\u0131n Rodyum Merkezli \u00c7i\u00e7ek \u00c7\u0131t\u00e7\u0131t | PureJewels","description":"PureJewels'ten 22 Ayar Alt\u0131n Rodyum Merkezli \u00c7i\u00e7ek \u00c7\u0131t\u00e7\u0131tlar\u0131 sat\u0131n al\u0131n. \u00c7ift tonlu \u00e7i\u00e7ek tasar\u0131ml\u0131, rodyum merkezli, el i\u015f\u00e7ili\u011fiyle alt\u0131n olarak \u00fcretilmi\u015ftir.","robots":{"index":"index","follow":"follow","max-snippet":"max-snippet:-1","max-image-preview":"max-image-preview:large","max-video-preview":"max-video-preview:-1"},"canonical":"https:\/\/www.purejewels.com\/tr\/urun\/22-ayar-altin-rodyum-merkez-cicek-citcit-55423\/","og_locale":"tr_TR","og_type":"article","og_title":"Shop online 22ct Gold Rhodium Centre Flower Studs | PureJewels","og_description":"Shop the 22ct Gold Rhodium Centre Flower Studs from PureJewels. Featuring a dual-tone floral design with a faceted rhodium centre, handcrafted in gold.","og_url":"https:\/\/www.purejewels.com\/tr\/urun\/22-ayar-altin-rodyum-merkez-cicek-citcit-55423\/","og_site_name":"PureJewels UK","article_modified_time":"2026-04-03T09:47:58+00:00","og_image":[{"width":1024,"height":1024,"url":"https:\/\/static.purejewels.com\/wp-content\/uploads\/2026\/04\/55423.jpg","type":"image\/jpeg"}],"twitter_card":"summary_large_image","twitter_misc":{"Tahmini okuma s\u00fcresi":"1 dakika"},"schema":{"@context":"https:\/\/schema.org","@graph":[{"@type":["WebPage","ItemPage"],"@id":"https:\/\/www.purejewels.com\/product\/22ct-gold-rhodium-centre-flower-studs-55423\/","url":"https:\/\/www.purejewels.com\/product\/22ct-gold-rhodium-centre-flower-studs-55423\/","name":"Online al\u0131\u015fveri\u015f 22 Ayar Alt\u0131n Rodyum Merkezli \u00c7i\u00e7ek \u00c7\u0131t\u00e7\u0131t | PureJewels","isPartOf":{"@id":"https:\/\/www.purejewels.com\/#website"},"primaryImageOfPage":{"@id":"https:\/\/www.purejewels.com\/product\/22ct-gold-rhodium-centre-flower-studs-55423\/#primaryimage"},"image":{"@id":"https:\/\/www.purejewels.com\/product\/22ct-gold-rhodium-centre-flower-studs-55423\/#primaryimage"},"thumbnailUrl":"https:\/\/static.purejewels.com\/wp-content\/uploads\/2026\/04\/55423.jpg","datePublished":"2026-01-03T10:38:27+00:00","dateModified":"2026-04-03T09:47:58+00:00","description":"PureJewels'ten 22 Ayar Alt\u0131n Rodyum Merkezli \u00c7i\u00e7ek \u00c7\u0131t\u00e7\u0131tlar\u0131 sat\u0131n al\u0131n. \u00c7ift tonlu \u00e7i\u00e7ek tasar\u0131ml\u0131, rodyum merkezli, el i\u015f\u00e7ili\u011fiyle alt\u0131n olarak \u00fcretilmi\u015ftir.","breadcrumb":{"@id":"https:\/\/www.purejewels.com\/product\/22ct-gold-rhodium-centre-flower-studs-55423\/#breadcrumb"},"inLanguage":"tr","potentialAction":[{"@type":"ReadAction","target":["https:\/\/www.purejewels.com\/product\/22ct-gold-rhodium-centre-flower-studs-55423\/"]}]},{"@type":"ImageObject","inLanguage":"tr","@id":"https:\/\/www.purejewels.com\/product\/22ct-gold-rhodium-centre-flower-studs-55423\/#primaryimage","url":"https:\/\/static.purejewels.com\/wp-content\/uploads\/2026\/04\/55423.jpg","contentUrl":"https:\/\/static.purejewels.com\/wp-content\/uploads\/2026\/04\/55423.jpg","width":1024,"height":1024,"caption":"22ct Gold Rhodium Centre Flower Studs"},{"@type":"BreadcrumbList","@id":"https:\/\/www.purejewels.com\/product\/22ct-gold-rhodium-centre-flower-studs-55423\/#breadcrumb","itemListElement":[{"@type":"ListItem","position":1,"name":"Home","item":"https:\/\/www.purejewels.com\/"},{"@type":"ListItem","position":2,"name":"Shop","item":"https:\/\/www.purejewels.com\/shop\/"},{"@type":"ListItem","position":3,"name":"22ct Gold Rhodium Centre Flower Studs"}]},{"@type":"WebSite","@id":"https:\/\/www.purejewels.com\/#website","url":"https:\/\/www.purejewels.com\/","name":"PureJewels \u0130ngiltere","description":"Sevgiyi Payla\u015f\u0131n","publisher":{"@id":"https:\/\/www.purejewels.com\/#organization"},"potentialAction":[{"@type":"SearchAction","target":{"@type":"EntryPoint","urlTemplate":"https:\/\/www.purejewels.com\/?s={search_term_string}"},"query-input":{"@type":"PropertyValueSpecification","valueRequired":true,"valueName":"search_term_string"}}],"inLanguage":"tr"},{"@type":"Organization","@id":"https:\/\/www.purejewels.com\/#organization","name":"PureJewels \u0130ngiltere","url":"https:\/\/www.purejewels.com\/","logo":{"@type":"ImageObject","inLanguage":"tr","@id":"https:\/\/www.purejewels.com\/#\/schema\/logo\/image\/","url":"https:\/\/static.purejewels.com\/wp-content\/uploads\/2020\/11\/Logo-PJ-New-1.png","contentUrl":"https:\/\/static.purejewels.com\/wp-content\/uploads\/2020\/11\/Logo-PJ-New-1.png","width":150,"height":80,"caption":"PureJewels UK"},"image":{"@id":"https:\/\/www.purejewels.com\/#\/schema\/logo\/image\/"}}]}},"_links":{"self":[{"href":"https:\/\/www.purejewels.com\/tr\/wp-json\/wp\/v2\/product\/428048","targetHints":{"allow":["GET"]}}],"collection":[{"href":"https:\/\/www.purejewels.com\/tr\/wp-json\/wp\/v2\/product"}],"about":[{"href":"https:\/\/www.purejewels.com\/tr\/wp-json\/wp\/v2\/types\/product"}],"replies":[{"embeddable":true,"href":"https:\/\/www.purejewels.com\/tr\/wp-json\/wp\/v2\/comments?post=428048"}],"version-history":[{"count":1,"href":"https:\/\/www.purejewels.com\/tr\/wp-json\/wp\/v2\/product\/428048\/revisions"}],"predecessor-version":[{"id":428050,"href":"https:\/\/www.purejewels.com\/tr\/wp-json\/wp\/v2\/product\/428048\/revisions\/428050"}],"wp:featuredmedia":[{"embeddable":true,"href":"https:\/\/www.purejewels.com\/tr\/wp-json\/wp\/v2\/media\/428049"}],"wp:attachment":[{"href":"https:\/\/www.purejewels.com\/tr\/wp-json\/wp\/v2\/media?parent=428048"}],"wp:term":[{"taxonomy":"product_brand","embeddable":true,"href":"https:\/\/www.purejewels.com\/tr\/wp-json\/wp\/v2\/product_brand?post=428048"},{"taxonomy":"product_cat","embeddable":true,"href":"https:\/\/www.purejewels.com\/tr\/wp-json\/wp\/v2\/product_cat?post=428048"},{"taxonomy":"product_tag","embeddable":true,"href":"https:\/\/www.purejewels.com\/tr\/wp-json\/wp\/v2\/product_tag?post=428048"}],"curies":[{"name":"wp","href":"https:\/\/api.w.org\/{rel}","templated":true}]}}