{"id":428088,"date":"2026-01-06T11:21:39","date_gmt":"2026-01-06T11:21:39","guid":{"rendered":"https:\/\/www.purejewels.com\/?post_type=product&#038;p=428088"},"modified":"2026-04-06T11:35:54","modified_gmt":"2026-04-06T10:35:54","slug":"klasik-altin-halka-kupe-54072","status":"publish","type":"product","link":"https:\/\/www.purejewels.com\/tr\/product\/classic-gold-hoop-earrings-54072\/","title":{"rendered":"Klasik Alt\u0131n Halka K\u00fcpeler"},"content":{"rendered":"<p>Abart\u0131s\u0131z zarafetin ger\u00e7ek bir ifadesi olan Klasik Alt\u0131n Halka K\u00fcpeler, her g\u00fcn tak\u0131lmak ve de\u011fer verilmek \u00fczere tasarlanm\u0131\u015ft\u0131r. Zengin 22 ayar sar\u0131 alt\u0131ndan \u00fcretilen bu k\u00fcpelerin p\u00fcr\u00fczs\u00fcz dairesel formu, her g\u00f6r\u00fcn\u00fcm\u00fc sessiz bir sofistikelikle zenginle\u015ftiren s\u0131cak ve parlak bir \u0131\u015f\u0131lt\u0131 yans\u0131t\u0131r.<\/p>\n<p>Tasar\u0131m\u0131n sadeli\u011fi, bu \u00e7emberlerin ister g\u00fcndelik k\u0131yafetlerle e\u015fle\u015ftirilsin ister daha y\u00fcksek bir stil i\u00e7in di\u011fer alt\u0131n par\u00e7alarla katmanlans\u0131n, g\u00fcnd\u00fczden ak\u015fama sorunsuz bir \u015fekilde ge\u00e7i\u015f yapmas\u0131n\u0131 sa\u011flar. Hafif yap\u0131s\u0131 rahatl\u0131k sa\u011flar ve m\u00fccevher koleksiyonunuzun vazge\u00e7ilmez bir par\u00e7as\u0131 haline getirir.<\/p>\n<p>Zamans\u0131z bir tasar\u0131ma sahip olan bu k\u00fcpeler, saf alt\u0131n\u0131n g\u00fczelli\u011fini ve zahmetsiz kullan\u0131m sanat\u0131n\u0131 kutluyor.<\/p>","protected":false},"excerpt":{"rendered":"<p>Zamans\u0131z ve \u00e7ok y\u00f6nl\u00fc olan bu 22 ayar sar\u0131 alt\u0131n klasik halka k\u00fcpeler g\u00fcnl\u00fck \u015f\u0131kl\u0131k i\u00e7in tasarlanm\u0131\u015ft\u0131r. Hafif ve m\u00fckemmel parlakl\u0131kta olan bu k\u00fcpeler, zahmetsiz stil i\u00e7in vazge\u00e7ilmezdir.<\/p>\n<p><strong>Malzeme:<\/strong>\u00a022 Ayar Alt\u0131n<strong><br \/>\nHallmark:\u00a0<\/strong>\u0130ngiliz Damgas\u0131<strong><br \/>\n<\/strong><strong>Br\u00fct A\u011f\u0131rl\u0131k: <\/strong>4.77 Gms<br \/>\n<strong>SKU:<\/strong> 54072<\/p>\n<p><strong>Fiyat ve Teslimat<\/strong>:KDV ve teslimat \u00fccreti dahil<\/p>\n<p><a href=\"https:\/\/www.purejewels.com\/tr\/i%cc%87ade-poli%cc%87ti%cc%87kasi\/\">\u0130ade Politikas\u0131<\/a><\/p>","protected":false},"featured_media":401242,"comment_status":"closed","ping_status":"closed","template":"","meta":{"_eb_attr":"","_crsspst_to_jayantr4sg-hostcom":true},"product_brand":[],"product_cat":[1791,1794,1793,1254,1229,1579,5608,1574,5349],"product_tag":[66],"class_list":{"0":"post-428088","1":"product","2":"type-product","3":"status-publish","4":"has-post-thumbnail","6":"product_cat-anniversary-gifts","7":"product_cat-christmas-gifts","8":"product_cat-diwali-gifts","9":"product_cat-gold-earrings","10":"product_cat-22ct-gold-jewellery","11":"product_cat-hoop-earrings","12":"product_cat-simple-hoops","13":"product_cat-womens-jewellery","14":"product_cat-yellow-gold-jewellery","15":"product_tag-earrings","17":"first","18":"instock","19":"taxable","20":"shipping-taxable","21":"purchasable","22":"product-type-simple","23":"add-to-wishlist-before_image"},"yoast_head":"<!-- This site is optimized with the Yoast SEO plugin v27.3 - https:\/\/yoast.com\/product\/yoast-seo-wordpress\/ -->\n<title>Classic Gold Hoop Earrings | 22ct Yellow Gold Daily Wear Hoops<\/title>\n<meta name=\"description\" content=\"Discover timeless 22ct yellow gold classic hoop earrings. Lightweight, elegant, and perfect for everyday wear. Hallmarked gold jewellery by PureJewels.\" \/>\n<meta name=\"robots\" content=\"index, follow, max-snippet:-1, max-image-preview:large, max-video-preview:-1\" \/>\n<link rel=\"canonical\" href=\"https:\/\/www.purejewels.com\/tr\/urun\/klasik-altin-halka-kupe-54072\/\" \/>\n<meta property=\"og:locale\" content=\"tr_TR\" \/>\n<meta property=\"og:type\" content=\"article\" \/>\n<meta property=\"og:title\" content=\"Classic Gold Hoop Earrings | 22ct Yellow Gold Daily Wear Hoops\" \/>\n<meta property=\"og:description\" content=\"Discover timeless 22ct yellow gold classic hoop earrings. Lightweight, elegant, and perfect for everyday wear. Hallmarked gold jewellery by PureJewels.\" \/>\n<meta property=\"og:url\" content=\"https:\/\/www.purejewels.com\/tr\/urun\/klasik-altin-halka-kupe-54072\/\" \/>\n<meta property=\"og:site_name\" content=\"PureJewels UK\" \/>\n<meta property=\"article:modified_time\" content=\"2026-04-06T10:35:54+00:00\" \/>\n<meta property=\"og:image\" content=\"https:\/\/static.purejewels.com\/wp-content\/uploads\/2024\/09\/SKU-52200.2.png\" \/>\n\t<meta property=\"og:image:width\" content=\"1000\" \/>\n\t<meta property=\"og:image:height\" content=\"1000\" \/>\n\t<meta property=\"og:image:type\" content=\"image\/png\" \/>\n<meta name=\"twitter:card\" content=\"summary_large_image\" \/>\n<meta name=\"twitter:label1\" content=\"Tahmini okuma s\u00fcresi\" \/>\n\t<meta name=\"twitter:data1\" content=\"1 dakika\" \/>\n<script type=\"application\/ld+json\" class=\"yoast-schema-graph\">{\"@context\":\"https:\\\/\\\/schema.org\",\"@graph\":[{\"@type\":[\"WebPage\",\"ItemPage\"],\"@id\":\"https:\\\/\\\/www.purejewels.com\\\/product\\\/classic-gold-hoop-earrings-54072\\\/\",\"url\":\"https:\\\/\\\/www.purejewels.com\\\/product\\\/classic-gold-hoop-earrings-54072\\\/\",\"name\":\"Classic Gold Hoop Earrings | 22ct Yellow Gold Daily Wear Hoops\",\"isPartOf\":{\"@id\":\"https:\\\/\\\/www.purejewels.com\\\/#website\"},\"primaryImageOfPage\":{\"@id\":\"https:\\\/\\\/www.purejewels.com\\\/product\\\/classic-gold-hoop-earrings-54072\\\/#primaryimage\"},\"image\":{\"@id\":\"https:\\\/\\\/www.purejewels.com\\\/product\\\/classic-gold-hoop-earrings-54072\\\/#primaryimage\"},\"thumbnailUrl\":\"https:\\\/\\\/static.purejewels.com\\\/wp-content\\\/uploads\\\/2024\\\/09\\\/SKU-52200.2.png\",\"datePublished\":\"2026-01-06T11:21:39+00:00\",\"dateModified\":\"2026-04-06T10:35:54+00:00\",\"description\":\"Discover timeless 22ct yellow gold classic hoop earrings. Lightweight, elegant, and perfect for everyday wear. Hallmarked gold jewellery by PureJewels.\",\"breadcrumb\":{\"@id\":\"https:\\\/\\\/www.purejewels.com\\\/product\\\/classic-gold-hoop-earrings-54072\\\/#breadcrumb\"},\"inLanguage\":\"tr\",\"potentialAction\":[{\"@type\":\"ReadAction\",\"target\":[\"https:\\\/\\\/www.purejewels.com\\\/product\\\/classic-gold-hoop-earrings-54072\\\/\"]}]},{\"@type\":\"ImageObject\",\"inLanguage\":\"tr\",\"@id\":\"https:\\\/\\\/www.purejewels.com\\\/product\\\/classic-gold-hoop-earrings-54072\\\/#primaryimage\",\"url\":\"https:\\\/\\\/static.purejewels.com\\\/wp-content\\\/uploads\\\/2024\\\/09\\\/SKU-52200.2.png\",\"contentUrl\":\"https:\\\/\\\/static.purejewels.com\\\/wp-content\\\/uploads\\\/2024\\\/09\\\/SKU-52200.2.png\",\"width\":1000,\"height\":1000,\"caption\":\"22ct Hoop Earrings\"},{\"@type\":\"BreadcrumbList\",\"@id\":\"https:\\\/\\\/www.purejewels.com\\\/product\\\/classic-gold-hoop-earrings-54072\\\/#breadcrumb\",\"itemListElement\":[{\"@type\":\"ListItem\",\"position\":1,\"name\":\"Home\",\"item\":\"https:\\\/\\\/www.purejewels.com\\\/\"},{\"@type\":\"ListItem\",\"position\":2,\"name\":\"Shop\",\"item\":\"https:\\\/\\\/www.purejewels.com\\\/shop\\\/\"},{\"@type\":\"ListItem\",\"position\":3,\"name\":\"Classic Gold Hoop Earrings\"}]},{\"@type\":\"WebSite\",\"@id\":\"https:\\\/\\\/www.purejewels.com\\\/#website\",\"url\":\"https:\\\/\\\/www.purejewels.com\\\/\",\"name\":\"PureJewels UK\",\"description\":\"Share the Love\",\"publisher\":{\"@id\":\"https:\\\/\\\/www.purejewels.com\\\/#organization\"},\"potentialAction\":[{\"@type\":\"SearchAction\",\"target\":{\"@type\":\"EntryPoint\",\"urlTemplate\":\"https:\\\/\\\/www.purejewels.com\\\/?s={search_term_string}\"},\"query-input\":{\"@type\":\"PropertyValueSpecification\",\"valueRequired\":true,\"valueName\":\"search_term_string\"}}],\"inLanguage\":\"tr\"},{\"@type\":\"Organization\",\"@id\":\"https:\\\/\\\/www.purejewels.com\\\/#organization\",\"name\":\"PureJewels UK\",\"url\":\"https:\\\/\\\/www.purejewels.com\\\/\",\"logo\":{\"@type\":\"ImageObject\",\"inLanguage\":\"tr\",\"@id\":\"https:\\\/\\\/www.purejewels.com\\\/#\\\/schema\\\/logo\\\/image\\\/\",\"url\":\"https:\\\/\\\/static.purejewels.com\\\/wp-content\\\/uploads\\\/2020\\\/11\\\/Logo-PJ-New-1.png\",\"contentUrl\":\"https:\\\/\\\/static.purejewels.com\\\/wp-content\\\/uploads\\\/2020\\\/11\\\/Logo-PJ-New-1.png\",\"width\":150,\"height\":80,\"caption\":\"PureJewels UK\"},\"image\":{\"@id\":\"https:\\\/\\\/www.purejewels.com\\\/#\\\/schema\\\/logo\\\/image\\\/\"}}]}<\/script>\n<!-- \/ Yoast SEO plugin. -->","yoast_head_json":{"title":"Klasik Alt\u0131n Halka K\u00fcpe | 22 Ayar Sar\u0131 Alt\u0131n G\u00fcnl\u00fck Kullan\u0131m Halkalar\u0131","description":"Zamans\u0131z 22 ayar sar\u0131 alt\u0131n klasik halka k\u00fcpeleri ke\u015ffedin. Hafif, zarif ve g\u00fcnl\u00fck kullan\u0131m i\u00e7in m\u00fckemmel. PureJewels taraf\u0131ndan damgalanm\u0131\u015f alt\u0131n tak\u0131lar.","robots":{"index":"index","follow":"follow","max-snippet":"max-snippet:-1","max-image-preview":"max-image-preview:large","max-video-preview":"max-video-preview:-1"},"canonical":"https:\/\/www.purejewels.com\/tr\/urun\/klasik-altin-halka-kupe-54072\/","og_locale":"tr_TR","og_type":"article","og_title":"Classic Gold Hoop Earrings | 22ct Yellow Gold Daily Wear Hoops","og_description":"Discover timeless 22ct yellow gold classic hoop earrings. Lightweight, elegant, and perfect for everyday wear. Hallmarked gold jewellery by PureJewels.","og_url":"https:\/\/www.purejewels.com\/tr\/urun\/klasik-altin-halka-kupe-54072\/","og_site_name":"PureJewels UK","article_modified_time":"2026-04-06T10:35:54+00:00","og_image":[{"width":1000,"height":1000,"url":"https:\/\/static.purejewels.com\/wp-content\/uploads\/2024\/09\/SKU-52200.2.png","type":"image\/png"}],"twitter_card":"summary_large_image","twitter_misc":{"Tahmini okuma s\u00fcresi":"1 dakika"},"schema":{"@context":"https:\/\/schema.org","@graph":[{"@type":["WebPage","ItemPage"],"@id":"https:\/\/www.purejewels.com\/product\/classic-gold-hoop-earrings-54072\/","url":"https:\/\/www.purejewels.com\/product\/classic-gold-hoop-earrings-54072\/","name":"Klasik Alt\u0131n Halka K\u00fcpe | 22 Ayar Sar\u0131 Alt\u0131n G\u00fcnl\u00fck Kullan\u0131m Halkalar\u0131","isPartOf":{"@id":"https:\/\/www.purejewels.com\/#website"},"primaryImageOfPage":{"@id":"https:\/\/www.purejewels.com\/product\/classic-gold-hoop-earrings-54072\/#primaryimage"},"image":{"@id":"https:\/\/www.purejewels.com\/product\/classic-gold-hoop-earrings-54072\/#primaryimage"},"thumbnailUrl":"https:\/\/static.purejewels.com\/wp-content\/uploads\/2024\/09\/SKU-52200.2.png","datePublished":"2026-01-06T11:21:39+00:00","dateModified":"2026-04-06T10:35:54+00:00","description":"Zamans\u0131z 22 ayar sar\u0131 alt\u0131n klasik halka k\u00fcpeleri ke\u015ffedin. Hafif, zarif ve g\u00fcnl\u00fck kullan\u0131m i\u00e7in m\u00fckemmel. PureJewels taraf\u0131ndan damgalanm\u0131\u015f alt\u0131n tak\u0131lar.","breadcrumb":{"@id":"https:\/\/www.purejewels.com\/product\/classic-gold-hoop-earrings-54072\/#breadcrumb"},"inLanguage":"tr","potentialAction":[{"@type":"ReadAction","target":["https:\/\/www.purejewels.com\/product\/classic-gold-hoop-earrings-54072\/"]}]},{"@type":"ImageObject","inLanguage":"tr","@id":"https:\/\/www.purejewels.com\/product\/classic-gold-hoop-earrings-54072\/#primaryimage","url":"https:\/\/static.purejewels.com\/wp-content\/uploads\/2024\/09\/SKU-52200.2.png","contentUrl":"https:\/\/static.purejewels.com\/wp-content\/uploads\/2024\/09\/SKU-52200.2.png","width":1000,"height":1000,"caption":"22ct Hoop Earrings"},{"@type":"BreadcrumbList","@id":"https:\/\/www.purejewels.com\/product\/classic-gold-hoop-earrings-54072\/#breadcrumb","itemListElement":[{"@type":"ListItem","position":1,"name":"Home","item":"https:\/\/www.purejewels.com\/"},{"@type":"ListItem","position":2,"name":"Shop","item":"https:\/\/www.purejewels.com\/shop\/"},{"@type":"ListItem","position":3,"name":"Classic Gold Hoop Earrings"}]},{"@type":"WebSite","@id":"https:\/\/www.purejewels.com\/#website","url":"https:\/\/www.purejewels.com\/","name":"PureJewels \u0130ngiltere","description":"Sevgiyi Payla\u015f\u0131n","publisher":{"@id":"https:\/\/www.purejewels.com\/#organization"},"potentialAction":[{"@type":"SearchAction","target":{"@type":"EntryPoint","urlTemplate":"https:\/\/www.purejewels.com\/?s={search_term_string}"},"query-input":{"@type":"PropertyValueSpecification","valueRequired":true,"valueName":"search_term_string"}}],"inLanguage":"tr"},{"@type":"Organization","@id":"https:\/\/www.purejewels.com\/#organization","name":"PureJewels \u0130ngiltere","url":"https:\/\/www.purejewels.com\/","logo":{"@type":"ImageObject","inLanguage":"tr","@id":"https:\/\/www.purejewels.com\/#\/schema\/logo\/image\/","url":"https:\/\/static.purejewels.com\/wp-content\/uploads\/2020\/11\/Logo-PJ-New-1.png","contentUrl":"https:\/\/static.purejewels.com\/wp-content\/uploads\/2020\/11\/Logo-PJ-New-1.png","width":150,"height":80,"caption":"PureJewels UK"},"image":{"@id":"https:\/\/www.purejewels.com\/#\/schema\/logo\/image\/"}}]}},"_links":{"self":[{"href":"https:\/\/www.purejewels.com\/tr\/wp-json\/wp\/v2\/product\/428088","targetHints":{"allow":["GET"]}}],"collection":[{"href":"https:\/\/www.purejewels.com\/tr\/wp-json\/wp\/v2\/product"}],"about":[{"href":"https:\/\/www.purejewels.com\/tr\/wp-json\/wp\/v2\/types\/product"}],"replies":[{"embeddable":true,"href":"https:\/\/www.purejewels.com\/tr\/wp-json\/wp\/v2\/comments?post=428088"}],"version-history":[{"count":1,"href":"https:\/\/www.purejewels.com\/tr\/wp-json\/wp\/v2\/product\/428088\/revisions"}],"predecessor-version":[{"id":428089,"href":"https:\/\/www.purejewels.com\/tr\/wp-json\/wp\/v2\/product\/428088\/revisions\/428089"}],"wp:featuredmedia":[{"embeddable":true,"href":"https:\/\/www.purejewels.com\/tr\/wp-json\/wp\/v2\/media\/401242"}],"wp:attachment":[{"href":"https:\/\/www.purejewels.com\/tr\/wp-json\/wp\/v2\/media?parent=428088"}],"wp:term":[{"taxonomy":"product_brand","embeddable":true,"href":"https:\/\/www.purejewels.com\/tr\/wp-json\/wp\/v2\/product_brand?post=428088"},{"taxonomy":"product_cat","embeddable":true,"href":"https:\/\/www.purejewels.com\/tr\/wp-json\/wp\/v2\/product_cat?post=428088"},{"taxonomy":"product_tag","embeddable":true,"href":"https:\/\/www.purejewels.com\/tr\/wp-json\/wp\/v2\/product_tag?post=428088"}],"curies":[{"name":"wp","href":"https:\/\/api.w.org\/{rel}","templated":true}]}}