{"id":428172,"date":"2026-01-08T04:43:10","date_gmt":"2026-01-08T04:43:10","guid":{"rendered":"https:\/\/www.purejewels.com\/?post_type=product&#038;p=428172"},"modified":"2026-04-08T04:54:57","modified_gmt":"2026-04-08T03:54:57","slug":"22-ayar-altin-rozet-celenk-mala-kolye-52601","status":"publish","type":"product","link":"https:\/\/www.purejewels.com\/tr\/product\/22ct-gold-rosette-garland-mala-necklace-52601\/","title":{"rendered":"22 Ayar Alt\u0131n Rozet Garland Mala Kolye"},"content":{"rendered":"<p><strong>Tasar\u0131m Konsepti<\/strong><\/p>\n<p>Rozet Garland Mala Kolye, hayat\u0131n yolculu\u011fundan esinlenmi\u015ftir - her bir rozet bir an\u0131, bir hat\u0131ray\u0131, zaman i\u00e7inde bir \u00e7i\u00e7e\u011fi sembolize eder. PureJewels'in kendine \u00f6zg\u00fc \u00e7i\u00e7ek dilinden esinlenen tekrar eden motif, s\u00fcreklili\u011fi, uyumu ve sessiz kutlamay\u0131 yans\u0131t\u0131yor. \u00c7elenk formu, g\u00fcn do\u011fumunda a\u00e7\u0131lan ta\u00e7 yapraklar\u0131 gibi yumu\u015fak, ritmik bir ak\u0131\u015f yarat\u0131r.<\/p>\n<p><strong>Zanaatkarl\u0131k<\/strong><\/p>\n<p>Zengin 22 ayar G\u00fcndo\u011fumu Alt\u0131n\u0131ndan \u00fcretilen bu par\u00e7a, titiz sanat\u00e7\u0131l\u0131\u011f\u0131n bir kan\u0131t\u0131d\u0131r. Her bir rozet, rafine bir inceli\u011fi korurken \u0131\u015f\u0131\u011f\u0131 g\u00fczel bir \u015fekilde yakalayan ince dokularla ince bir \u015fekilde detayland\u0131r\u0131lm\u0131\u015ft\u0131r. Kolyenin tene zarif bir \u015fekilde oturmas\u0131n\u0131 sa\u011flayan ba\u011flant\u0131lar, ak\u0131\u015fkanl\u0131k ve rahatl\u0131k sa\u011flamak \u00fczere \u00f6zenle tasarlanm\u0131\u015ft\u0131r. Safl\u0131k damgal\u0131 bu kolye, \u00f6zg\u00fcnl\u00fck ve kal\u0131c\u0131 kaliteye olan ba\u011fl\u0131l\u0131\u011f\u0131m\u0131z\u0131 yans\u0131tmaktad\u0131r.<\/p>\n<p><strong>Stil Fikirleri<\/strong><\/p>\n<p>Zahmetsizce \u00e7ok y\u00f6nl\u00fc olan bu mala, g\u00fcnd\u00fczden ak\u015fama sorunsuzca ge\u00e7i\u015f yapar.<\/p>\n<ul>\n<li>Karma\u015f\u0131k detaylar\u0131n\u0131 \u00f6ne \u00e7\u0131karan zarif ve minimal bir ifade i\u00e7in tek ba\u015f\u0131na kullan\u0131n<\/li>\n<li>\u00c7a\u011fda\u015f ve se\u00e7kin bir g\u00f6r\u00fcn\u00fcm i\u00e7in daha uzun alt\u0131n zincirlerle katmanlay\u0131n<\/li>\n<li>\u00c7i\u00e7ek ritminin zengin tekstil \u00fcr\u00fcnlerini g\u00fczel bir \u015fekilde tamamlad\u0131\u011f\u0131 bayramlarda geleneksel k\u0131yafetlerle e\u015fle\u015ftirin<\/li>\n<li>Kilometre ta\u015flar\u0131n\u0131 ve de\u011ferli anlar\u0131 i\u015faretleyen anlaml\u0131 bir hediye veya ki\u015fisel bir hat\u0131ra olarak idealdir<\/li>\n<\/ul>","protected":false},"excerpt":{"rendered":"<p>Narin rozet motiflerinin zarif bir bile\u015fimi olan bu 22 ayar alt\u0131n mala kolye, \u0131\u015f\u0131lt\u0131l\u0131 G\u00fcn Do\u011fumu Alt\u0131n\u0131ndan \u00fcretilmi\u015ftir. Boyun \u00e7izgisi boyunca zahmetsizce akacak \u015fekilde tasarlanan bu kolye, miras sanat\u0131n\u0131 ve g\u00fcnl\u00fck \u015f\u0131kl\u0131\u011f\u0131 bir araya getiriyor.<\/p>\n<p><strong>Malzeme:<\/strong>\u00a022 ayar Sunrise Gold (91,6% Saf Alt\u0131n)<strong><br \/>\nHallmark:\u00a0<\/strong>\u0130ngiliz Damgas\u0131<strong><br \/>\n<\/strong><strong>Br\u00fct A\u011f\u0131rl\u0131k: <\/strong>20.46 Gms<br \/>\n<strong>Uzunluk:<\/strong> 20 in\u00e7<br \/>\n<strong>\u00c7i\u00e7ek Geni\u015fli\u011fi:<\/strong>\u00a04 mm<br \/>\n<strong>SKU:<\/strong> 52601<\/p>\n<p><strong>Fiyat ve Teslimat<\/strong>: KDV ve teslimat \u00fccreti dahil<br \/>\n<a href=\"https:\/\/www.purejewels.com\/tr\/i%cc%87ade-poli%cc%87ti%cc%87kasi\/\">\u0130ade Politikas\u0131<\/a><\/p>\n<p>&nbsp;<\/p>","protected":false},"featured_media":428173,"comment_status":"closed","ping_status":"closed","template":"","meta":{"_eb_attr":"","_crsspst_to_jayantr4sg-hostcom":false},"product_brand":[],"product_cat":[5950,1229,1253,1779,5347,1656,5275,1573,1574,5349],"product_tag":[],"class_list":{"0":"post-428172","1":"product","2":"type-product","3":"status-publish","4":"has-post-thumbnail","6":"product_cat-bridal-necklace","7":"product_cat-22ct-gold-jewellery","8":"product_cat-gold-necklaces","9":"product_cat-mala-style-necklaces","10":"product_cat-shop-by-metal","11":"product_cat-rosettes-collections","12":"product_cat-rosettes-necklace","13":"product_cat-wedding-gifts","14":"product_cat-womens-jewellery","15":"product_cat-yellow-gold-jewellery","17":"first","18":"instock","19":"taxable","20":"shipping-taxable","21":"purchasable","22":"product-type-simple","23":"add-to-wishlist-before_image"},"yoast_head":"<!-- This site is optimized with the Yoast SEO plugin v27.3 - https:\/\/yoast.com\/product\/yoast-seo-wordpress\/ -->\n<title>22ct Gold Rosette Garland Mala Necklace | PureJewels London<\/title>\n<meta name=\"description\" content=\"Discover the 22ct Gold Rosette Garland Mala Necklace, crafted in radiant Sunrise Gold with delicate floral rosettes. Shop this necklace online today.\" \/>\n<meta name=\"robots\" content=\"index, follow, max-snippet:-1, max-image-preview:large, max-video-preview:-1\" \/>\n<link rel=\"canonical\" href=\"https:\/\/www.purejewels.com\/tr\/urun\/22-ayar-altin-rozet-celenk-mala-kolye-52601\/\" \/>\n<meta property=\"og:locale\" content=\"tr_TR\" \/>\n<meta property=\"og:type\" content=\"article\" \/>\n<meta property=\"og:title\" content=\"22ct Gold Rosette Garland Mala Necklace | PureJewels London\" \/>\n<meta property=\"og:description\" content=\"Discover the 22ct Gold Rosette Garland Mala Necklace, crafted in radiant Sunrise Gold with delicate floral rosettes. Shop this necklace online today.\" \/>\n<meta property=\"og:url\" content=\"https:\/\/www.purejewels.com\/tr\/urun\/22-ayar-altin-rozet-celenk-mala-kolye-52601\/\" \/>\n<meta property=\"og:site_name\" content=\"PureJewels UK\" \/>\n<meta property=\"article:modified_time\" content=\"2026-04-08T03:54:57+00:00\" \/>\n<meta property=\"og:image\" content=\"https:\/\/static.purejewels.com\/wp-content\/uploads\/2026\/04\/48072.jpg\" \/>\n\t<meta property=\"og:image:width\" content=\"1000\" \/>\n\t<meta property=\"og:image:height\" content=\"1000\" \/>\n\t<meta property=\"og:image:type\" content=\"image\/jpeg\" \/>\n<meta name=\"twitter:card\" content=\"summary_large_image\" \/>\n<meta name=\"twitter:label1\" content=\"Tahmini okuma s\u00fcresi\" \/>\n\t<meta name=\"twitter:data1\" content=\"1 dakika\" \/>\n<script type=\"application\/ld+json\" class=\"yoast-schema-graph\">{\"@context\":\"https:\\\/\\\/schema.org\",\"@graph\":[{\"@type\":[\"WebPage\",\"ItemPage\"],\"@id\":\"https:\\\/\\\/www.purejewels.com\\\/product\\\/22ct-gold-rosette-garland-mala-necklace-52601\\\/\",\"url\":\"https:\\\/\\\/www.purejewels.com\\\/product\\\/22ct-gold-rosette-garland-mala-necklace-52601\\\/\",\"name\":\"22ct Gold Rosette Garland Mala Necklace | PureJewels London\",\"isPartOf\":{\"@id\":\"https:\\\/\\\/www.purejewels.com\\\/#website\"},\"primaryImageOfPage\":{\"@id\":\"https:\\\/\\\/www.purejewels.com\\\/product\\\/22ct-gold-rosette-garland-mala-necklace-52601\\\/#primaryimage\"},\"image\":{\"@id\":\"https:\\\/\\\/www.purejewels.com\\\/product\\\/22ct-gold-rosette-garland-mala-necklace-52601\\\/#primaryimage\"},\"thumbnailUrl\":\"https:\\\/\\\/static.purejewels.com\\\/wp-content\\\/uploads\\\/2026\\\/04\\\/48072.jpg\",\"datePublished\":\"2026-01-08T04:43:10+00:00\",\"dateModified\":\"2026-04-08T03:54:57+00:00\",\"description\":\"Discover the 22ct Gold Rosette Garland Mala Necklace, crafted in radiant Sunrise Gold with delicate floral rosettes. Shop this necklace online today.\",\"breadcrumb\":{\"@id\":\"https:\\\/\\\/www.purejewels.com\\\/product\\\/22ct-gold-rosette-garland-mala-necklace-52601\\\/#breadcrumb\"},\"inLanguage\":\"tr\",\"potentialAction\":[{\"@type\":\"ReadAction\",\"target\":[\"https:\\\/\\\/www.purejewels.com\\\/product\\\/22ct-gold-rosette-garland-mala-necklace-52601\\\/\"]}]},{\"@type\":\"ImageObject\",\"inLanguage\":\"tr\",\"@id\":\"https:\\\/\\\/www.purejewels.com\\\/product\\\/22ct-gold-rosette-garland-mala-necklace-52601\\\/#primaryimage\",\"url\":\"https:\\\/\\\/static.purejewels.com\\\/wp-content\\\/uploads\\\/2026\\\/04\\\/48072.jpg\",\"contentUrl\":\"https:\\\/\\\/static.purejewels.com\\\/wp-content\\\/uploads\\\/2026\\\/04\\\/48072.jpg\",\"width\":1000,\"height\":1000,\"caption\":\"22ct Gold Rosette Garland Mala Necklace\"},{\"@type\":\"BreadcrumbList\",\"@id\":\"https:\\\/\\\/www.purejewels.com\\\/product\\\/22ct-gold-rosette-garland-mala-necklace-52601\\\/#breadcrumb\",\"itemListElement\":[{\"@type\":\"ListItem\",\"position\":1,\"name\":\"Home\",\"item\":\"https:\\\/\\\/www.purejewels.com\\\/\"},{\"@type\":\"ListItem\",\"position\":2,\"name\":\"Shop\",\"item\":\"https:\\\/\\\/www.purejewels.com\\\/shop\\\/\"},{\"@type\":\"ListItem\",\"position\":3,\"name\":\"22ct Gold Rosette Garland Mala Necklace\"}]},{\"@type\":\"WebSite\",\"@id\":\"https:\\\/\\\/www.purejewels.com\\\/#website\",\"url\":\"https:\\\/\\\/www.purejewels.com\\\/\",\"name\":\"PureJewels UK\",\"description\":\"Share the Love\",\"publisher\":{\"@id\":\"https:\\\/\\\/www.purejewels.com\\\/#organization\"},\"potentialAction\":[{\"@type\":\"SearchAction\",\"target\":{\"@type\":\"EntryPoint\",\"urlTemplate\":\"https:\\\/\\\/www.purejewels.com\\\/?s={search_term_string}\"},\"query-input\":{\"@type\":\"PropertyValueSpecification\",\"valueRequired\":true,\"valueName\":\"search_term_string\"}}],\"inLanguage\":\"tr\"},{\"@type\":\"Organization\",\"@id\":\"https:\\\/\\\/www.purejewels.com\\\/#organization\",\"name\":\"PureJewels UK\",\"url\":\"https:\\\/\\\/www.purejewels.com\\\/\",\"logo\":{\"@type\":\"ImageObject\",\"inLanguage\":\"tr\",\"@id\":\"https:\\\/\\\/www.purejewels.com\\\/#\\\/schema\\\/logo\\\/image\\\/\",\"url\":\"https:\\\/\\\/static.purejewels.com\\\/wp-content\\\/uploads\\\/2020\\\/11\\\/Logo-PJ-New-1.png\",\"contentUrl\":\"https:\\\/\\\/static.purejewels.com\\\/wp-content\\\/uploads\\\/2020\\\/11\\\/Logo-PJ-New-1.png\",\"width\":150,\"height\":80,\"caption\":\"PureJewels UK\"},\"image\":{\"@id\":\"https:\\\/\\\/www.purejewels.com\\\/#\\\/schema\\\/logo\\\/image\\\/\"}}]}<\/script>\n<!-- \/ Yoast SEO plugin. -->","yoast_head_json":{"title":"22 Ayar Alt\u0131n Rozet Garland Mala Kolye | PureJewels London","description":"Narin \u00e7i\u00e7ek rozetleriyle \u0131\u015f\u0131lt\u0131l\u0131 G\u00fcn Do\u011fumu Alt\u0131n\u0131 ile haz\u0131rlanm\u0131\u015f 22 Ayar Alt\u0131n Rozet Garland Mala Kolyeyi ke\u015ffedin. Bu kolyeyi bug\u00fcn online sat\u0131n al\u0131n.","robots":{"index":"index","follow":"follow","max-snippet":"max-snippet:-1","max-image-preview":"max-image-preview:large","max-video-preview":"max-video-preview:-1"},"canonical":"https:\/\/www.purejewels.com\/tr\/urun\/22-ayar-altin-rozet-celenk-mala-kolye-52601\/","og_locale":"tr_TR","og_type":"article","og_title":"22ct Gold Rosette Garland Mala Necklace | PureJewels London","og_description":"Discover the 22ct Gold Rosette Garland Mala Necklace, crafted in radiant Sunrise Gold with delicate floral rosettes. Shop this necklace online today.","og_url":"https:\/\/www.purejewels.com\/tr\/urun\/22-ayar-altin-rozet-celenk-mala-kolye-52601\/","og_site_name":"PureJewels UK","article_modified_time":"2026-04-08T03:54:57+00:00","og_image":[{"width":1000,"height":1000,"url":"https:\/\/static.purejewels.com\/wp-content\/uploads\/2026\/04\/48072.jpg","type":"image\/jpeg"}],"twitter_card":"summary_large_image","twitter_misc":{"Tahmini okuma s\u00fcresi":"1 dakika"},"schema":{"@context":"https:\/\/schema.org","@graph":[{"@type":["WebPage","ItemPage"],"@id":"https:\/\/www.purejewels.com\/product\/22ct-gold-rosette-garland-mala-necklace-52601\/","url":"https:\/\/www.purejewels.com\/product\/22ct-gold-rosette-garland-mala-necklace-52601\/","name":"22 Ayar Alt\u0131n Rozet Garland Mala Kolye | PureJewels London","isPartOf":{"@id":"https:\/\/www.purejewels.com\/#website"},"primaryImageOfPage":{"@id":"https:\/\/www.purejewels.com\/product\/22ct-gold-rosette-garland-mala-necklace-52601\/#primaryimage"},"image":{"@id":"https:\/\/www.purejewels.com\/product\/22ct-gold-rosette-garland-mala-necklace-52601\/#primaryimage"},"thumbnailUrl":"https:\/\/static.purejewels.com\/wp-content\/uploads\/2026\/04\/48072.jpg","datePublished":"2026-01-08T04:43:10+00:00","dateModified":"2026-04-08T03:54:57+00:00","description":"Narin \u00e7i\u00e7ek rozetleriyle \u0131\u015f\u0131lt\u0131l\u0131 G\u00fcn Do\u011fumu Alt\u0131n\u0131 ile haz\u0131rlanm\u0131\u015f 22 Ayar Alt\u0131n Rozet Garland Mala Kolyeyi ke\u015ffedin. Bu kolyeyi bug\u00fcn online sat\u0131n al\u0131n.","breadcrumb":{"@id":"https:\/\/www.purejewels.com\/product\/22ct-gold-rosette-garland-mala-necklace-52601\/#breadcrumb"},"inLanguage":"tr","potentialAction":[{"@type":"ReadAction","target":["https:\/\/www.purejewels.com\/product\/22ct-gold-rosette-garland-mala-necklace-52601\/"]}]},{"@type":"ImageObject","inLanguage":"tr","@id":"https:\/\/www.purejewels.com\/product\/22ct-gold-rosette-garland-mala-necklace-52601\/#primaryimage","url":"https:\/\/static.purejewels.com\/wp-content\/uploads\/2026\/04\/48072.jpg","contentUrl":"https:\/\/static.purejewels.com\/wp-content\/uploads\/2026\/04\/48072.jpg","width":1000,"height":1000,"caption":"22ct Gold Rosette Garland Mala Necklace"},{"@type":"BreadcrumbList","@id":"https:\/\/www.purejewels.com\/product\/22ct-gold-rosette-garland-mala-necklace-52601\/#breadcrumb","itemListElement":[{"@type":"ListItem","position":1,"name":"Home","item":"https:\/\/www.purejewels.com\/"},{"@type":"ListItem","position":2,"name":"Shop","item":"https:\/\/www.purejewels.com\/shop\/"},{"@type":"ListItem","position":3,"name":"22ct Gold Rosette Garland Mala Necklace"}]},{"@type":"WebSite","@id":"https:\/\/www.purejewels.com\/#website","url":"https:\/\/www.purejewels.com\/","name":"PureJewels \u0130ngiltere","description":"Sevgiyi Payla\u015f\u0131n","publisher":{"@id":"https:\/\/www.purejewels.com\/#organization"},"potentialAction":[{"@type":"SearchAction","target":{"@type":"EntryPoint","urlTemplate":"https:\/\/www.purejewels.com\/?s={search_term_string}"},"query-input":{"@type":"PropertyValueSpecification","valueRequired":true,"valueName":"search_term_string"}}],"inLanguage":"tr"},{"@type":"Organization","@id":"https:\/\/www.purejewels.com\/#organization","name":"PureJewels \u0130ngiltere","url":"https:\/\/www.purejewels.com\/","logo":{"@type":"ImageObject","inLanguage":"tr","@id":"https:\/\/www.purejewels.com\/#\/schema\/logo\/image\/","url":"https:\/\/static.purejewels.com\/wp-content\/uploads\/2020\/11\/Logo-PJ-New-1.png","contentUrl":"https:\/\/static.purejewels.com\/wp-content\/uploads\/2020\/11\/Logo-PJ-New-1.png","width":150,"height":80,"caption":"PureJewels UK"},"image":{"@id":"https:\/\/www.purejewels.com\/#\/schema\/logo\/image\/"}}]}},"_links":{"self":[{"href":"https:\/\/www.purejewels.com\/tr\/wp-json\/wp\/v2\/product\/428172","targetHints":{"allow":["GET"]}}],"collection":[{"href":"https:\/\/www.purejewels.com\/tr\/wp-json\/wp\/v2\/product"}],"about":[{"href":"https:\/\/www.purejewels.com\/tr\/wp-json\/wp\/v2\/types\/product"}],"replies":[{"embeddable":true,"href":"https:\/\/www.purejewels.com\/tr\/wp-json\/wp\/v2\/comments?post=428172"}],"version-history":[{"count":1,"href":"https:\/\/www.purejewels.com\/tr\/wp-json\/wp\/v2\/product\/428172\/revisions"}],"predecessor-version":[{"id":428174,"href":"https:\/\/www.purejewels.com\/tr\/wp-json\/wp\/v2\/product\/428172\/revisions\/428174"}],"wp:featuredmedia":[{"embeddable":true,"href":"https:\/\/www.purejewels.com\/tr\/wp-json\/wp\/v2\/media\/428173"}],"wp:attachment":[{"href":"https:\/\/www.purejewels.com\/tr\/wp-json\/wp\/v2\/media?parent=428172"}],"wp:term":[{"taxonomy":"product_brand","embeddable":true,"href":"https:\/\/www.purejewels.com\/tr\/wp-json\/wp\/v2\/product_brand?post=428172"},{"taxonomy":"product_cat","embeddable":true,"href":"https:\/\/www.purejewels.com\/tr\/wp-json\/wp\/v2\/product_cat?post=428172"},{"taxonomy":"product_tag","embeddable":true,"href":"https:\/\/www.purejewels.com\/tr\/wp-json\/wp\/v2\/product_tag?post=428172"}],"curies":[{"name":"wp","href":"https:\/\/api.w.org\/{rel}","templated":true}]}}