{"id":428206,"date":"2026-01-08T11:26:59","date_gmt":"2026-01-08T11:26:59","guid":{"rendered":"https:\/\/www.purejewels.com\/?post_type=product&#038;p=428206"},"modified":"2026-04-08T11:36:46","modified_gmt":"2026-04-08T10:36:46","slug":"22-ayar-altin-dalgali-zincir-55367","status":"publish","type":"product","link":"https:\/\/www.purejewels.com\/tr\/product\/22ct-gold-ripple-chain-55367\/","title":{"rendered":"22 Ayar Alt\u0131n | Dalgal\u0131 Zincir | 18 \u0130n\u00e7 | 0,8 mm Kal\u0131nl\u0131k"},"content":{"rendered":"<p><strong>Tasar\u0131m Konsepti<\/strong><\/p>\n<p>Dalgal\u0131 Zincir, uyum i\u00e7inde akan yumu\u015fak dalgalar gibi nazik hareketlerden esinlenmi\u015ftir. Karma\u015f\u0131k ba\u011flant\u0131 deseni s\u00fcrekli bir dalgalanma etkisi yaratarak minimal, zarif bir silueti korurken derinlik katan rafine bir doku sunar. \u00c7ok y\u00f6nl\u00fcl\u00fck i\u00e7in tasarlanan bu \u00fcr\u00fcn, hem modern hem de geleneksel stilleri tamamlayan zamans\u0131z bir unsurdur.<\/p>\n<p><strong>Zanaatkarl\u0131k<\/strong><\/p>\n<p>22 ayar alt\u0131ndan ustal\u0131kla \u00fcretilen bu zincir, kendine \u00f6zg\u00fc dalgal\u0131 dokusunu olu\u015fturan ince dokunmu\u015f baklalara sahiptir. 0,8 mm kal\u0131nl\u0131\u011f\u0131yla hafif ama dayan\u0131kl\u0131d\u0131r ve g\u00fcnl\u00fck rahat kullan\u0131m i\u00e7in tasarlanm\u0131\u015ft\u0131r. Her bir bakla ak\u0131\u015fkanl\u0131k ve dayan\u0131kl\u0131l\u0131k sa\u011flamak i\u00e7in hassas bir \u015fekilde \u015fekillendirilirken, cilal\u0131 kaplama do\u011fal \u0131\u015f\u0131lt\u0131s\u0131n\u0131 art\u0131r\u0131r. PureJewels'in kalite ve i\u015f\u00e7ili\u011fe olan ba\u011fl\u0131l\u0131\u011f\u0131n\u0131 yans\u0131tan safl\u0131k damgal\u0131d\u0131r.<\/p>\n<p><strong>Stil Fikirleri<\/strong><\/p>\n<p>Her m\u00fccevher koleksiyonuna \u00e7ok y\u00f6nl\u00fc bir katk\u0131:<\/p>\n<ul>\n<li>Sade ve minimal bir g\u00f6r\u00fcn\u00fcm i\u00e7in tek ba\u015f\u0131na kullan\u0131n<\/li>\n<li>Ki\u015fisel bir dokunu\u015f i\u00e7in Om veya sembolik bir tak\u0131 gibi bir kolye ile e\u015fle\u015ftirin<\/li>\n<li>\u00c7a\u011fda\u015f, istiflenmi\u015f bir stil i\u00e7in di\u011fer alt\u0131n zincirlerle katmanlay\u0131n<\/li>\n<li>G\u00fcnl\u00fck kullan\u0131m, hediye veya anlaml\u0131 hat\u0131ralar i\u00e7in ideal<\/li>\n<\/ul>","protected":false},"excerpt":{"rendered":"<p data-start=\"864\" data-end=\"1172\">Parlak 22 ayar alt\u0131ndan \u00fcretilen bu dalgal\u0131 zincir, \u0131\u015f\u0131\u011f\u0131 g\u00fczel bir \u015fekilde yakalayan ince dokulu deseniyle 0,8 mm'lik hassas bir profile sahiptir. Hafif ve zarif olan bu zincir, g\u00fcnl\u00fck kullan\u0131m veya favori kolyenizle e\u015fle\u015ftirmek i\u00e7in m\u00fckemmeldir.<\/p>\n<p><strong>SKU: <\/strong>55367, 55366, 55368, 55370<br \/>\n<strong>Metal: <\/strong>22 Ayar Alt\u0131n (91,6% safl\u0131kta)<br \/>\n<strong>Uzunluk: <\/strong>18 in\u00e7<br \/>\n<strong>Kal\u0131nl\u0131k:<\/strong> 0,8 mm<br \/>\n<strong>A\u011f\u0131rl\u0131k:<\/strong> 7,55 gram<br \/>\n<strong>Hallmark:<\/strong> \u0130ngiliz Damgas\u0131<br \/>\n<strong>Su\u00e7lamalar:<\/strong> Teslimat ve KDV Dahil<\/p>\n<p>G\u00f6z at\u0131n <a href=\"https:\/\/www.purejewels.com\/tr\/urun-kategori%cc%87si%cc%87\/22-ayar-altin-takilar\/altin-zincirler\/dalgalanma-zinciri\/\">Dalgal\u0131 zincir koleksiyonu<\/a><br \/>\n<a href=\"https:\/\/www.purejewels.com\/tr\/i%cc%87ade-poli%cc%87ti%cc%87kasi\/\">\u0130ade Politikas\u0131<\/a><\/p>\n<p data-start=\"864\" data-end=\"1172\">","protected":false},"featured_media":326614,"comment_status":"closed","ping_status":"closed","template":"","meta":{"_eb_attr":"","_crsspst_to_jayantr4sg-hostcom":true},"product_brand":[],"product_cat":[5014,5017,1559,1793,1475,1229,1773,1572,1774,5347,5613,5353,1574,5349],"product_tag":[3990,65,1430],"class_list":{"0":"post-428206","1":"product","2":"type-product","3":"status-publish","4":"has-post-thumbnail","6":"product_cat-18-inch-ladies-chain","7":"product_cat-18-inch-mens-chain","8":"product_cat-birthday-gifts","9":"product_cat-diwali-gifts","10":"product_cat-gold-chains","11":"product_cat-22ct-gold-jewellery","12":"product_cat-ladies-chains","13":"product_cat-mens-jewellery","14":"product_cat-mens-chains","15":"product_cat-shop-by-metal","16":"product_cat-ripple-chain","17":"product_cat-shop-by","18":"product_cat-womens-jewellery","19":"product_cat-yellow-gold-jewellery","20":"product_tag-22-carat-gold-chain","21":"product_tag-chains","22":"product_tag-diwali-gift","24":"first","25":"instock","26":"taxable","27":"shipping-taxable","28":"purchasable","29":"product-type-simple","30":"add-to-wishlist-before_image"},"yoast_head":"<!-- This site is optimized with the Yoast SEO plugin v27.3 - https:\/\/yoast.com\/product\/yoast-seo-wordpress\/ -->\n<title>22ct Gold Ripple Chain 18 Inch 0.8mm | PureJewels London<\/title>\n<meta name=\"description\" content=\"Shop the 22ct Gold Ripple Chain (18 inches, 0.8mm), crafted with a delicate textured pattern for subtle shine. Perfect for everyday wear or pairing with pendants.\" \/>\n<meta name=\"robots\" content=\"index, follow, max-snippet:-1, max-image-preview:large, max-video-preview:-1\" \/>\n<link rel=\"canonical\" href=\"https:\/\/www.purejewels.com\/tr\/urun\/22-ayar-altin-dalgali-zincir-55367\/\" \/>\n<meta property=\"og:locale\" content=\"tr_TR\" \/>\n<meta property=\"og:type\" content=\"article\" \/>\n<meta property=\"og:title\" content=\"22ct Gold Ripple Chain 18 Inch 0.8mm | PureJewels London\" \/>\n<meta property=\"og:description\" content=\"Shop the 22ct Gold Ripple Chain (18 inches, 0.8mm), crafted with a delicate textured pattern for subtle shine. Perfect for everyday wear or pairing with pendants.\" \/>\n<meta property=\"og:url\" content=\"https:\/\/www.purejewels.com\/tr\/urun\/22-ayar-altin-dalgali-zincir-55367\/\" \/>\n<meta property=\"og:site_name\" content=\"PureJewels UK\" \/>\n<meta property=\"article:modified_time\" content=\"2026-04-08T10:36:46+00:00\" \/>\n<meta property=\"og:image\" content=\"https:\/\/static.purejewels.com\/wp-content\/uploads\/2021\/09\/34349-1.jpg\" \/>\n\t<meta property=\"og:image:width\" content=\"1000\" \/>\n\t<meta property=\"og:image:height\" content=\"1000\" \/>\n\t<meta property=\"og:image:type\" content=\"image\/jpeg\" \/>\n<meta name=\"twitter:card\" content=\"summary_large_image\" \/>\n<meta name=\"twitter:label1\" content=\"Tahmini okuma s\u00fcresi\" \/>\n\t<meta name=\"twitter:data1\" content=\"1 dakika\" \/>\n<script type=\"application\/ld+json\" class=\"yoast-schema-graph\">{\"@context\":\"https:\\\/\\\/schema.org\",\"@graph\":[{\"@type\":[\"WebPage\",\"ItemPage\"],\"@id\":\"https:\\\/\\\/www.purejewels.com\\\/product\\\/22ct-gold-ripple-chain-55367\\\/\",\"url\":\"https:\\\/\\\/www.purejewels.com\\\/product\\\/22ct-gold-ripple-chain-55367\\\/\",\"name\":\"22ct Gold Ripple Chain 18 Inch 0.8mm | PureJewels London\",\"isPartOf\":{\"@id\":\"https:\\\/\\\/www.purejewels.com\\\/#website\"},\"primaryImageOfPage\":{\"@id\":\"https:\\\/\\\/www.purejewels.com\\\/product\\\/22ct-gold-ripple-chain-55367\\\/#primaryimage\"},\"image\":{\"@id\":\"https:\\\/\\\/www.purejewels.com\\\/product\\\/22ct-gold-ripple-chain-55367\\\/#primaryimage\"},\"thumbnailUrl\":\"https:\\\/\\\/static.purejewels.com\\\/wp-content\\\/uploads\\\/2021\\\/09\\\/34349-1.jpg\",\"datePublished\":\"2026-01-08T11:26:59+00:00\",\"dateModified\":\"2026-04-08T10:36:46+00:00\",\"description\":\"Shop the 22ct Gold Ripple Chain (18 inches, 0.8mm), crafted with a delicate textured pattern for subtle shine. Perfect for everyday wear or pairing with pendants.\",\"breadcrumb\":{\"@id\":\"https:\\\/\\\/www.purejewels.com\\\/product\\\/22ct-gold-ripple-chain-55367\\\/#breadcrumb\"},\"inLanguage\":\"tr\",\"potentialAction\":[{\"@type\":\"ReadAction\",\"target\":[\"https:\\\/\\\/www.purejewels.com\\\/product\\\/22ct-gold-ripple-chain-55367\\\/\"]}]},{\"@type\":\"ImageObject\",\"inLanguage\":\"tr\",\"@id\":\"https:\\\/\\\/www.purejewels.com\\\/product\\\/22ct-gold-ripple-chain-55367\\\/#primaryimage\",\"url\":\"https:\\\/\\\/static.purejewels.com\\\/wp-content\\\/uploads\\\/2021\\\/09\\\/34349-1.jpg\",\"contentUrl\":\"https:\\\/\\\/static.purejewels.com\\\/wp-content\\\/uploads\\\/2021\\\/09\\\/34349-1.jpg\",\"width\":1000,\"height\":1000,\"caption\":\"22ct Gold Ripple Chain 34349-1\"},{\"@type\":\"BreadcrumbList\",\"@id\":\"https:\\\/\\\/www.purejewels.com\\\/product\\\/22ct-gold-ripple-chain-55367\\\/#breadcrumb\",\"itemListElement\":[{\"@type\":\"ListItem\",\"position\":1,\"name\":\"Home\",\"item\":\"https:\\\/\\\/www.purejewels.com\\\/\"},{\"@type\":\"ListItem\",\"position\":2,\"name\":\"Shop\",\"item\":\"https:\\\/\\\/www.purejewels.com\\\/shop\\\/\"},{\"@type\":\"ListItem\",\"position\":3,\"name\":\"22ct Gold | Ripple Chain | 18 Inches | 0.8mm Thick\"}]},{\"@type\":\"WebSite\",\"@id\":\"https:\\\/\\\/www.purejewels.com\\\/#website\",\"url\":\"https:\\\/\\\/www.purejewels.com\\\/\",\"name\":\"PureJewels UK\",\"description\":\"Share the Love\",\"publisher\":{\"@id\":\"https:\\\/\\\/www.purejewels.com\\\/#organization\"},\"potentialAction\":[{\"@type\":\"SearchAction\",\"target\":{\"@type\":\"EntryPoint\",\"urlTemplate\":\"https:\\\/\\\/www.purejewels.com\\\/?s={search_term_string}\"},\"query-input\":{\"@type\":\"PropertyValueSpecification\",\"valueRequired\":true,\"valueName\":\"search_term_string\"}}],\"inLanguage\":\"tr\"},{\"@type\":\"Organization\",\"@id\":\"https:\\\/\\\/www.purejewels.com\\\/#organization\",\"name\":\"PureJewels UK\",\"url\":\"https:\\\/\\\/www.purejewels.com\\\/\",\"logo\":{\"@type\":\"ImageObject\",\"inLanguage\":\"tr\",\"@id\":\"https:\\\/\\\/www.purejewels.com\\\/#\\\/schema\\\/logo\\\/image\\\/\",\"url\":\"https:\\\/\\\/static.purejewels.com\\\/wp-content\\\/uploads\\\/2020\\\/11\\\/Logo-PJ-New-1.png\",\"contentUrl\":\"https:\\\/\\\/static.purejewels.com\\\/wp-content\\\/uploads\\\/2020\\\/11\\\/Logo-PJ-New-1.png\",\"width\":150,\"height\":80,\"caption\":\"PureJewels UK\"},\"image\":{\"@id\":\"https:\\\/\\\/www.purejewels.com\\\/#\\\/schema\\\/logo\\\/image\\\/\"}}]}<\/script>\n<!-- \/ Yoast SEO plugin. -->","yoast_head_json":{"title":"22 Ayar Alt\u0131n Dalgal\u0131 Zincir 18 \u0130n\u00e7 0,8 mm | PureJewels London","description":"\u0130nce bir parlakl\u0131k i\u00e7in narin dokulu bir desenle haz\u0131rlanm\u0131\u015f 22 Ayar Alt\u0131n Dalgalanma Zincirini (18 in\u00e7, 0,8 mm) sat\u0131n al\u0131n. G\u00fcnl\u00fck kullan\u0131m veya kolyelerle e\u015fle\u015ftirmek i\u00e7in m\u00fckemmeldir.","robots":{"index":"index","follow":"follow","max-snippet":"max-snippet:-1","max-image-preview":"max-image-preview:large","max-video-preview":"max-video-preview:-1"},"canonical":"https:\/\/www.purejewels.com\/tr\/urun\/22-ayar-altin-dalgali-zincir-55367\/","og_locale":"tr_TR","og_type":"article","og_title":"22ct Gold Ripple Chain 18 Inch 0.8mm | PureJewels London","og_description":"Shop the 22ct Gold Ripple Chain (18 inches, 0.8mm), crafted with a delicate textured pattern for subtle shine. Perfect for everyday wear or pairing with pendants.","og_url":"https:\/\/www.purejewels.com\/tr\/urun\/22-ayar-altin-dalgali-zincir-55367\/","og_site_name":"PureJewels UK","article_modified_time":"2026-04-08T10:36:46+00:00","og_image":[{"width":1000,"height":1000,"url":"https:\/\/static.purejewels.com\/wp-content\/uploads\/2021\/09\/34349-1.jpg","type":"image\/jpeg"}],"twitter_card":"summary_large_image","twitter_misc":{"Tahmini okuma s\u00fcresi":"1 dakika"},"schema":{"@context":"https:\/\/schema.org","@graph":[{"@type":["WebPage","ItemPage"],"@id":"https:\/\/www.purejewels.com\/product\/22ct-gold-ripple-chain-55367\/","url":"https:\/\/www.purejewels.com\/product\/22ct-gold-ripple-chain-55367\/","name":"22 Ayar Alt\u0131n Dalgal\u0131 Zincir 18 \u0130n\u00e7 0,8 mm | PureJewels London","isPartOf":{"@id":"https:\/\/www.purejewels.com\/#website"},"primaryImageOfPage":{"@id":"https:\/\/www.purejewels.com\/product\/22ct-gold-ripple-chain-55367\/#primaryimage"},"image":{"@id":"https:\/\/www.purejewels.com\/product\/22ct-gold-ripple-chain-55367\/#primaryimage"},"thumbnailUrl":"https:\/\/static.purejewels.com\/wp-content\/uploads\/2021\/09\/34349-1.jpg","datePublished":"2026-01-08T11:26:59+00:00","dateModified":"2026-04-08T10:36:46+00:00","description":"\u0130nce bir parlakl\u0131k i\u00e7in narin dokulu bir desenle haz\u0131rlanm\u0131\u015f 22 Ayar Alt\u0131n Dalgalanma Zincirini (18 in\u00e7, 0,8 mm) sat\u0131n al\u0131n. G\u00fcnl\u00fck kullan\u0131m veya kolyelerle e\u015fle\u015ftirmek i\u00e7in m\u00fckemmeldir.","breadcrumb":{"@id":"https:\/\/www.purejewels.com\/product\/22ct-gold-ripple-chain-55367\/#breadcrumb"},"inLanguage":"tr","potentialAction":[{"@type":"ReadAction","target":["https:\/\/www.purejewels.com\/product\/22ct-gold-ripple-chain-55367\/"]}]},{"@type":"ImageObject","inLanguage":"tr","@id":"https:\/\/www.purejewels.com\/product\/22ct-gold-ripple-chain-55367\/#primaryimage","url":"https:\/\/static.purejewels.com\/wp-content\/uploads\/2021\/09\/34349-1.jpg","contentUrl":"https:\/\/static.purejewels.com\/wp-content\/uploads\/2021\/09\/34349-1.jpg","width":1000,"height":1000,"caption":"22ct Gold Ripple Chain 34349-1"},{"@type":"BreadcrumbList","@id":"https:\/\/www.purejewels.com\/product\/22ct-gold-ripple-chain-55367\/#breadcrumb","itemListElement":[{"@type":"ListItem","position":1,"name":"Home","item":"https:\/\/www.purejewels.com\/"},{"@type":"ListItem","position":2,"name":"Shop","item":"https:\/\/www.purejewels.com\/shop\/"},{"@type":"ListItem","position":3,"name":"22ct Gold | Ripple Chain | 18 Inches | 0.8mm Thick"}]},{"@type":"WebSite","@id":"https:\/\/www.purejewels.com\/#website","url":"https:\/\/www.purejewels.com\/","name":"PureJewels \u0130ngiltere","description":"Sevgiyi Payla\u015f\u0131n","publisher":{"@id":"https:\/\/www.purejewels.com\/#organization"},"potentialAction":[{"@type":"SearchAction","target":{"@type":"EntryPoint","urlTemplate":"https:\/\/www.purejewels.com\/?s={search_term_string}"},"query-input":{"@type":"PropertyValueSpecification","valueRequired":true,"valueName":"search_term_string"}}],"inLanguage":"tr"},{"@type":"Organization","@id":"https:\/\/www.purejewels.com\/#organization","name":"PureJewels \u0130ngiltere","url":"https:\/\/www.purejewels.com\/","logo":{"@type":"ImageObject","inLanguage":"tr","@id":"https:\/\/www.purejewels.com\/#\/schema\/logo\/image\/","url":"https:\/\/static.purejewels.com\/wp-content\/uploads\/2020\/11\/Logo-PJ-New-1.png","contentUrl":"https:\/\/static.purejewels.com\/wp-content\/uploads\/2020\/11\/Logo-PJ-New-1.png","width":150,"height":80,"caption":"PureJewels UK"},"image":{"@id":"https:\/\/www.purejewels.com\/#\/schema\/logo\/image\/"}}]}},"_links":{"self":[{"href":"https:\/\/www.purejewels.com\/tr\/wp-json\/wp\/v2\/product\/428206","targetHints":{"allow":["GET"]}}],"collection":[{"href":"https:\/\/www.purejewels.com\/tr\/wp-json\/wp\/v2\/product"}],"about":[{"href":"https:\/\/www.purejewels.com\/tr\/wp-json\/wp\/v2\/types\/product"}],"replies":[{"embeddable":true,"href":"https:\/\/www.purejewels.com\/tr\/wp-json\/wp\/v2\/comments?post=428206"}],"version-history":[{"count":1,"href":"https:\/\/www.purejewels.com\/tr\/wp-json\/wp\/v2\/product\/428206\/revisions"}],"predecessor-version":[{"id":428207,"href":"https:\/\/www.purejewels.com\/tr\/wp-json\/wp\/v2\/product\/428206\/revisions\/428207"}],"wp:featuredmedia":[{"embeddable":true,"href":"https:\/\/www.purejewels.com\/tr\/wp-json\/wp\/v2\/media\/326614"}],"wp:attachment":[{"href":"https:\/\/www.purejewels.com\/tr\/wp-json\/wp\/v2\/media?parent=428206"}],"wp:term":[{"taxonomy":"product_brand","embeddable":true,"href":"https:\/\/www.purejewels.com\/tr\/wp-json\/wp\/v2\/product_brand?post=428206"},{"taxonomy":"product_cat","embeddable":true,"href":"https:\/\/www.purejewels.com\/tr\/wp-json\/wp\/v2\/product_cat?post=428206"},{"taxonomy":"product_tag","embeddable":true,"href":"https:\/\/www.purejewels.com\/tr\/wp-json\/wp\/v2\/product_tag?post=428206"}],"curies":[{"name":"wp","href":"https:\/\/api.w.org\/{rel}","templated":true}]}}