{"id":428229,"date":"2026-01-09T05:55:01","date_gmt":"2026-01-09T05:55:01","guid":{"rendered":"https:\/\/www.purejewels.com\/?post_type=product&#038;p=428229"},"modified":"2026-04-09T06:03:27","modified_gmt":"2026-04-09T05:03:27","slug":"22-ayar-altin-cicek-rozet-kolye-16-inc","status":"publish","type":"product","link":"https:\/\/www.purejewels.com\/tr\/product\/22ct-gold-floral-rosette-necklace-16-inch\/","title":{"rendered":"22 Ayar Alt\u0131n \u00c7i\u00e7ekli Rozet Kolye | 16 \u0130n\u00e7"},"content":{"rendered":"<p><strong>Tasar\u0131m Konsepti<\/strong><\/p>\n<p>\u00c7i\u00e7ek a\u00e7an \u00e7i\u00e7eklerin \u015fiirselli\u011finden ilham alan bu kolye, hareket halindeki bir yolculu\u011fun \u00f6z\u00fcn\u00fc yakal\u0131yor; her bir rozet bir an\u0131, bir hat\u0131ray\u0131, bir d\u00f6n\u00fcm noktas\u0131n\u0131 simgeliyor. Basamakl\u0131 d\u00fczenleme nazik bir \u00e7i\u00e7ek ya\u011fmurunu \u00e7a\u011fr\u0131\u015ft\u0131rarak hem ak\u0131c\u0131 hem de heykelsi bir his veren yumu\u015fak bir ritim yarat\u0131yor. PureJewels'in yolculuklar\u0131 kutlama felsefesine dayanan tasar\u0131m, miras motifleri ile \u00e7a\u011fda\u015f zarafeti bir araya getirerek hem anlaml\u0131 hem de ay\u0131rt edici bir par\u00e7a olu\u015fturuyor.<\/p>\n<p><strong>Zanaatkarl\u0131k<\/strong><\/p>\n<p>Zengin 22 ayar alt\u0131ndan \u00fcretilen her bir rozet, doku, \u0131\u015f\u0131k ve hareketin uyumlu bir dengesini elde etmek i\u00e7in titizlikle \u015fekillendirilmi\u015ftir. Detaylar\u0131n hassasiyeti, her bir k\u0131vr\u0131m\u0131n, ba\u011flant\u0131n\u0131n ve ba\u011flant\u0131n\u0131n d\u00fc\u015f\u00fcnceli bir \u015fekilde ger\u00e7ekle\u015ftirildi\u011fi nesillerin kuyumculuk uzmanl\u0131\u011f\u0131n\u0131 yans\u0131t\u0131yor. Kolye, karma\u015f\u0131k yap\u0131s\u0131n\u0131n b\u00fct\u00fcnl\u00fc\u011f\u00fcn\u00fc korurken ak\u0131\u015fkanl\u0131k ve rahatl\u0131k sa\u011flayarak zarif bir \u015fekilde oturacak \u015fekilde tasarlanm\u0131\u015ft\u0131r. Orijinallik damgas\u0131 ta\u015f\u0131yan bu kolye, PureJewels'in safl\u0131k ve m\u00fckemmelli\u011fe olan ba\u011fl\u0131l\u0131\u011f\u0131n\u0131n bir kan\u0131t\u0131d\u0131r.<\/p>\n<p><strong>Stil Fikirleri<\/strong><\/p>\n<p>Bu kolye, hem geleneksel hem de modern gard\u0131roplara g\u00fczel bir \u015fekilde uyum sa\u011flar.<\/p>\n<ul>\n<li>Zamans\u0131z bir zarafet ifadesi i\u00e7in gelin tak\u0131mlar\u0131 veya bayram k\u0131yafetleri ile e\u015fle\u015ftirin<\/li>\n<li>\u00c7i\u00e7ekli anlat\u0131m\u0131n\u0131 g\u00fc\u00e7lendirmek i\u00e7in ipek bir saree veya lehenga ile stilize edin<\/li>\n<li>\u00c7a\u011fda\u015f bir yakla\u015f\u0131m i\u00e7in, rozetlerin \u00f6n plana \u00e7\u0131kmas\u0131na izin vermek i\u00e7in minimalist bir yaka ile giyin<\/li>\n<li>Uyumlu alt\u0131n k\u00fcpelerle tamamlay\u0131n veya sade ama \u00e7arp\u0131c\u0131 bir g\u00f6r\u00fcn\u00fcm i\u00e7in tek ba\u015f\u0131na kullan\u0131n<\/li>\n<\/ul>","protected":false},"excerpt":{"rendered":"<p>Hareketin ve kad\u0131ns\u0131l\u0131\u011f\u0131n zarif bir ifadesi olan bu 22 Ayar Alt\u0131n \u00c7i\u00e7ekli Rozet Kolye, boyun \u00e7izgisi boyunca zahmetsizce akan zarif bir \u015fekilde d\u00fczenlenmi\u015f rozetlere sahiptir. Y\u00fcksek safl\u0131kta alt\u0131ndan \u00fcretilen bu kolye, hayat\u0131n en de\u011ferli anlar\u0131n\u0131 kutlamak i\u00e7in tasarlanm\u0131\u015f zamans\u0131z bir par\u00e7ad\u0131r.<\/p>\n<p><strong>Malzeme:<\/strong> 22 ayar Sunrise Gold (91,6% Saf Alt\u0131n)<strong><br \/>\nHallmark:\u00a0<\/strong>\u0130ngiliz Damgas\u0131<strong><br \/>\n<\/strong><strong>Br\u00fct A\u011f\u0131rl\u0131k: <\/strong>20.40 Gms<br \/>\n<strong>Uzunluk:<\/strong> 16 in\u00e7<br \/>\n<strong>SKU:<\/strong> 52801<\/p>\n<p><strong>Fiyat ve Teslimat<\/strong>: KDV ve teslimat \u00fccreti dahil<br \/>\n<a href=\"https:\/\/www.purejewels.com\/tr\/i%cc%87ade-poli%cc%87ti%cc%87kasi\/\">\u0130ade Politikas\u0131<\/a><\/p>","protected":false},"featured_media":428230,"comment_status":"closed","ping_status":"closed","template":"","meta":{"_eb_attr":"","_crsspst_to_jayantr4sg-hostcom":false},"product_brand":[],"product_cat":[1791,236,5701,1229,1253,1656,5275,1778,1573,1574,5349],"product_tag":[],"class_list":{"0":"post-428229","1":"product","2":"type-product","3":"status-publish","4":"has-post-thumbnail","6":"product_cat-anniversary-gifts","7":"product_cat-collections","8":"product_cat-eid-jewellery","9":"product_cat-22ct-gold-jewellery","10":"product_cat-gold-necklaces","11":"product_cat-rosettes-collections","12":"product_cat-rosettes-necklace","13":"product_cat-short-necklaces","14":"product_cat-wedding-gifts","15":"product_cat-womens-jewellery","16":"product_cat-yellow-gold-jewellery","18":"first","19":"instock","20":"taxable","21":"shipping-taxable","22":"purchasable","23":"product-type-simple","24":"add-to-wishlist-before_image"},"yoast_head":"<!-- This site is optimized with the Yoast SEO plugin v27.3 - https:\/\/yoast.com\/product\/yoast-seo-wordpress\/ -->\n<title>22ct Gold Floral Rosette Necklace | Luxury Indian Gold Jewellery<\/title>\n<meta name=\"description\" content=\"Discover the elegance of our 22ct Gold Floral Rosette Necklace, featuring delicate cascading rosettes crafted with precision. Shon necklace today!\" \/>\n<meta name=\"robots\" content=\"index, follow, max-snippet:-1, max-image-preview:large, max-video-preview:-1\" \/>\n<link rel=\"canonical\" href=\"https:\/\/www.purejewels.com\/tr\/urun\/22-ayar-altin-cicek-rozet-kolye-16-inc\/\" \/>\n<meta property=\"og:locale\" content=\"tr_TR\" \/>\n<meta property=\"og:type\" content=\"article\" \/>\n<meta property=\"og:title\" content=\"22ct Gold Floral Rosette Necklace | Luxury Indian Gold Jewellery\" \/>\n<meta property=\"og:description\" content=\"Discover the elegance of our 22ct Gold Floral Rosette Necklace, featuring delicate cascading rosettes crafted with precision. Shon necklace today!\" \/>\n<meta property=\"og:url\" content=\"https:\/\/www.purejewels.com\/tr\/urun\/22-ayar-altin-cicek-rozet-kolye-16-inc\/\" \/>\n<meta property=\"og:site_name\" content=\"PureJewels UK\" \/>\n<meta property=\"article:modified_time\" content=\"2026-04-09T05:03:27+00:00\" \/>\n<meta property=\"og:image\" content=\"https:\/\/static.purejewels.com\/wp-content\/uploads\/2026\/04\/50017_1.jpg\" \/>\n\t<meta property=\"og:image:width\" content=\"1000\" \/>\n\t<meta property=\"og:image:height\" content=\"1000\" \/>\n\t<meta property=\"og:image:type\" content=\"image\/jpeg\" \/>\n<meta name=\"twitter:card\" content=\"summary_large_image\" \/>\n<meta name=\"twitter:label1\" content=\"Tahmini okuma s\u00fcresi\" \/>\n\t<meta name=\"twitter:data1\" content=\"2 dakika\" \/>\n<script type=\"application\/ld+json\" class=\"yoast-schema-graph\">{\"@context\":\"https:\\\/\\\/schema.org\",\"@graph\":[{\"@type\":[\"WebPage\",\"ItemPage\"],\"@id\":\"https:\\\/\\\/www.purejewels.com\\\/product\\\/22ct-gold-floral-rosette-necklace-16-inch\\\/\",\"url\":\"https:\\\/\\\/www.purejewels.com\\\/product\\\/22ct-gold-floral-rosette-necklace-16-inch\\\/\",\"name\":\"22ct Gold Floral Rosette Necklace | Luxury Indian Gold Jewellery\",\"isPartOf\":{\"@id\":\"https:\\\/\\\/www.purejewels.com\\\/#website\"},\"primaryImageOfPage\":{\"@id\":\"https:\\\/\\\/www.purejewels.com\\\/product\\\/22ct-gold-floral-rosette-necklace-16-inch\\\/#primaryimage\"},\"image\":{\"@id\":\"https:\\\/\\\/www.purejewels.com\\\/product\\\/22ct-gold-floral-rosette-necklace-16-inch\\\/#primaryimage\"},\"thumbnailUrl\":\"https:\\\/\\\/static.purejewels.com\\\/wp-content\\\/uploads\\\/2026\\\/04\\\/50017_1.jpg\",\"datePublished\":\"2026-01-09T05:55:01+00:00\",\"dateModified\":\"2026-04-09T05:03:27+00:00\",\"description\":\"Discover the elegance of our 22ct Gold Floral Rosette Necklace, featuring delicate cascading rosettes crafted with precision. Shon necklace today!\",\"breadcrumb\":{\"@id\":\"https:\\\/\\\/www.purejewels.com\\\/product\\\/22ct-gold-floral-rosette-necklace-16-inch\\\/#breadcrumb\"},\"inLanguage\":\"tr\",\"potentialAction\":[{\"@type\":\"ReadAction\",\"target\":[\"https:\\\/\\\/www.purejewels.com\\\/product\\\/22ct-gold-floral-rosette-necklace-16-inch\\\/\"]}]},{\"@type\":\"ImageObject\",\"inLanguage\":\"tr\",\"@id\":\"https:\\\/\\\/www.purejewels.com\\\/product\\\/22ct-gold-floral-rosette-necklace-16-inch\\\/#primaryimage\",\"url\":\"https:\\\/\\\/static.purejewels.com\\\/wp-content\\\/uploads\\\/2026\\\/04\\\/50017_1.jpg\",\"contentUrl\":\"https:\\\/\\\/static.purejewels.com\\\/wp-content\\\/uploads\\\/2026\\\/04\\\/50017_1.jpg\",\"width\":1000,\"height\":1000,\"caption\":\"22ct Gold Floral Rosette Necklace | 16 Inch\"},{\"@type\":\"BreadcrumbList\",\"@id\":\"https:\\\/\\\/www.purejewels.com\\\/product\\\/22ct-gold-floral-rosette-necklace-16-inch\\\/#breadcrumb\",\"itemListElement\":[{\"@type\":\"ListItem\",\"position\":1,\"name\":\"Home\",\"item\":\"https:\\\/\\\/www.purejewels.com\\\/\"},{\"@type\":\"ListItem\",\"position\":2,\"name\":\"Shop\",\"item\":\"https:\\\/\\\/www.purejewels.com\\\/shop\\\/\"},{\"@type\":\"ListItem\",\"position\":3,\"name\":\"22ct Gold Floral Rosette Necklace | 16 Inch\"}]},{\"@type\":\"WebSite\",\"@id\":\"https:\\\/\\\/www.purejewels.com\\\/#website\",\"url\":\"https:\\\/\\\/www.purejewels.com\\\/\",\"name\":\"PureJewels UK\",\"description\":\"Share the Love\",\"publisher\":{\"@id\":\"https:\\\/\\\/www.purejewels.com\\\/#organization\"},\"potentialAction\":[{\"@type\":\"SearchAction\",\"target\":{\"@type\":\"EntryPoint\",\"urlTemplate\":\"https:\\\/\\\/www.purejewels.com\\\/?s={search_term_string}\"},\"query-input\":{\"@type\":\"PropertyValueSpecification\",\"valueRequired\":true,\"valueName\":\"search_term_string\"}}],\"inLanguage\":\"tr\"},{\"@type\":\"Organization\",\"@id\":\"https:\\\/\\\/www.purejewels.com\\\/#organization\",\"name\":\"PureJewels UK\",\"url\":\"https:\\\/\\\/www.purejewels.com\\\/\",\"logo\":{\"@type\":\"ImageObject\",\"inLanguage\":\"tr\",\"@id\":\"https:\\\/\\\/www.purejewels.com\\\/#\\\/schema\\\/logo\\\/image\\\/\",\"url\":\"https:\\\/\\\/static.purejewels.com\\\/wp-content\\\/uploads\\\/2020\\\/11\\\/Logo-PJ-New-1.png\",\"contentUrl\":\"https:\\\/\\\/static.purejewels.com\\\/wp-content\\\/uploads\\\/2020\\\/11\\\/Logo-PJ-New-1.png\",\"width\":150,\"height\":80,\"caption\":\"PureJewels UK\"},\"image\":{\"@id\":\"https:\\\/\\\/www.purejewels.com\\\/#\\\/schema\\\/logo\\\/image\\\/\"}}]}<\/script>\n<!-- \/ Yoast SEO plugin. -->","yoast_head_json":{"title":"22 Ayar Alt\u0131n \u00c7i\u00e7ekli Rozet Kolye | L\u00fcks Hint Alt\u0131n Tak\u0131lar\u0131","description":"Hassasiyetle i\u015flenmi\u015f narin basamakl\u0131 rozetler i\u00e7eren 22 Ayar Alt\u0131n \u00c7i\u00e7ekli Rozet Kolyemizin zarafetini ke\u015ffedin. Shon kolye bug\u00fcn!","robots":{"index":"index","follow":"follow","max-snippet":"max-snippet:-1","max-image-preview":"max-image-preview:large","max-video-preview":"max-video-preview:-1"},"canonical":"https:\/\/www.purejewels.com\/tr\/urun\/22-ayar-altin-cicek-rozet-kolye-16-inc\/","og_locale":"tr_TR","og_type":"article","og_title":"22ct Gold Floral Rosette Necklace | Luxury Indian Gold Jewellery","og_description":"Discover the elegance of our 22ct Gold Floral Rosette Necklace, featuring delicate cascading rosettes crafted with precision. Shon necklace today!","og_url":"https:\/\/www.purejewels.com\/tr\/urun\/22-ayar-altin-cicek-rozet-kolye-16-inc\/","og_site_name":"PureJewels UK","article_modified_time":"2026-04-09T05:03:27+00:00","og_image":[{"width":1000,"height":1000,"url":"https:\/\/static.purejewels.com\/wp-content\/uploads\/2026\/04\/50017_1.jpg","type":"image\/jpeg"}],"twitter_card":"summary_large_image","twitter_misc":{"Tahmini okuma s\u00fcresi":"2 dakika"},"schema":{"@context":"https:\/\/schema.org","@graph":[{"@type":["WebPage","ItemPage"],"@id":"https:\/\/www.purejewels.com\/product\/22ct-gold-floral-rosette-necklace-16-inch\/","url":"https:\/\/www.purejewels.com\/product\/22ct-gold-floral-rosette-necklace-16-inch\/","name":"22 Ayar Alt\u0131n \u00c7i\u00e7ekli Rozet Kolye | L\u00fcks Hint Alt\u0131n Tak\u0131lar\u0131","isPartOf":{"@id":"https:\/\/www.purejewels.com\/#website"},"primaryImageOfPage":{"@id":"https:\/\/www.purejewels.com\/product\/22ct-gold-floral-rosette-necklace-16-inch\/#primaryimage"},"image":{"@id":"https:\/\/www.purejewels.com\/product\/22ct-gold-floral-rosette-necklace-16-inch\/#primaryimage"},"thumbnailUrl":"https:\/\/static.purejewels.com\/wp-content\/uploads\/2026\/04\/50017_1.jpg","datePublished":"2026-01-09T05:55:01+00:00","dateModified":"2026-04-09T05:03:27+00:00","description":"Hassasiyetle i\u015flenmi\u015f narin basamakl\u0131 rozetler i\u00e7eren 22 Ayar Alt\u0131n \u00c7i\u00e7ekli Rozet Kolyemizin zarafetini ke\u015ffedin. Shon kolye bug\u00fcn!","breadcrumb":{"@id":"https:\/\/www.purejewels.com\/product\/22ct-gold-floral-rosette-necklace-16-inch\/#breadcrumb"},"inLanguage":"tr","potentialAction":[{"@type":"ReadAction","target":["https:\/\/www.purejewels.com\/product\/22ct-gold-floral-rosette-necklace-16-inch\/"]}]},{"@type":"ImageObject","inLanguage":"tr","@id":"https:\/\/www.purejewels.com\/product\/22ct-gold-floral-rosette-necklace-16-inch\/#primaryimage","url":"https:\/\/static.purejewels.com\/wp-content\/uploads\/2026\/04\/50017_1.jpg","contentUrl":"https:\/\/static.purejewels.com\/wp-content\/uploads\/2026\/04\/50017_1.jpg","width":1000,"height":1000,"caption":"22ct Gold Floral Rosette Necklace | 16 Inch"},{"@type":"BreadcrumbList","@id":"https:\/\/www.purejewels.com\/product\/22ct-gold-floral-rosette-necklace-16-inch\/#breadcrumb","itemListElement":[{"@type":"ListItem","position":1,"name":"Home","item":"https:\/\/www.purejewels.com\/"},{"@type":"ListItem","position":2,"name":"Shop","item":"https:\/\/www.purejewels.com\/shop\/"},{"@type":"ListItem","position":3,"name":"22ct Gold Floral Rosette Necklace | 16 Inch"}]},{"@type":"WebSite","@id":"https:\/\/www.purejewels.com\/#website","url":"https:\/\/www.purejewels.com\/","name":"PureJewels \u0130ngiltere","description":"Sevgiyi Payla\u015f\u0131n","publisher":{"@id":"https:\/\/www.purejewels.com\/#organization"},"potentialAction":[{"@type":"SearchAction","target":{"@type":"EntryPoint","urlTemplate":"https:\/\/www.purejewels.com\/?s={search_term_string}"},"query-input":{"@type":"PropertyValueSpecification","valueRequired":true,"valueName":"search_term_string"}}],"inLanguage":"tr"},{"@type":"Organization","@id":"https:\/\/www.purejewels.com\/#organization","name":"PureJewels \u0130ngiltere","url":"https:\/\/www.purejewels.com\/","logo":{"@type":"ImageObject","inLanguage":"tr","@id":"https:\/\/www.purejewels.com\/#\/schema\/logo\/image\/","url":"https:\/\/static.purejewels.com\/wp-content\/uploads\/2020\/11\/Logo-PJ-New-1.png","contentUrl":"https:\/\/static.purejewels.com\/wp-content\/uploads\/2020\/11\/Logo-PJ-New-1.png","width":150,"height":80,"caption":"PureJewels UK"},"image":{"@id":"https:\/\/www.purejewels.com\/#\/schema\/logo\/image\/"}}]}},"_links":{"self":[{"href":"https:\/\/www.purejewels.com\/tr\/wp-json\/wp\/v2\/product\/428229","targetHints":{"allow":["GET"]}}],"collection":[{"href":"https:\/\/www.purejewels.com\/tr\/wp-json\/wp\/v2\/product"}],"about":[{"href":"https:\/\/www.purejewels.com\/tr\/wp-json\/wp\/v2\/types\/product"}],"replies":[{"embeddable":true,"href":"https:\/\/www.purejewels.com\/tr\/wp-json\/wp\/v2\/comments?post=428229"}],"version-history":[{"count":1,"href":"https:\/\/www.purejewels.com\/tr\/wp-json\/wp\/v2\/product\/428229\/revisions"}],"predecessor-version":[{"id":428231,"href":"https:\/\/www.purejewels.com\/tr\/wp-json\/wp\/v2\/product\/428229\/revisions\/428231"}],"wp:featuredmedia":[{"embeddable":true,"href":"https:\/\/www.purejewels.com\/tr\/wp-json\/wp\/v2\/media\/428230"}],"wp:attachment":[{"href":"https:\/\/www.purejewels.com\/tr\/wp-json\/wp\/v2\/media?parent=428229"}],"wp:term":[{"taxonomy":"product_brand","embeddable":true,"href":"https:\/\/www.purejewels.com\/tr\/wp-json\/wp\/v2\/product_brand?post=428229"},{"taxonomy":"product_cat","embeddable":true,"href":"https:\/\/www.purejewels.com\/tr\/wp-json\/wp\/v2\/product_cat?post=428229"},{"taxonomy":"product_tag","embeddable":true,"href":"https:\/\/www.purejewels.com\/tr\/wp-json\/wp\/v2\/product_tag?post=428229"}],"curies":[{"name":"wp","href":"https:\/\/api.w.org\/{rel}","templated":true}]}}