{"id":428232,"date":"2026-01-09T06:14:22","date_gmt":"2026-01-09T06:14:22","guid":{"rendered":"https:\/\/www.purejewels.com\/?post_type=product&#038;p=428232"},"modified":"2026-04-09T06:29:49","modified_gmt":"2026-04-09T05:29:49","slug":"siyah-boncuklu-22-ayar-altin-tulsi-mala-10061","status":"publish","type":"product","link":"https:\/\/www.purejewels.com\/tr\/product\/22ct-gold-tulsi-mala-with-black-beads-10061\/","title":{"rendered":"Siyah Boncuklu 22 Ayar Alt\u0131n Tulsi Mala"},"content":{"rendered":"<p><strong>Tasar\u0131m Konsepti<\/strong><\/p>\n<p>K\u00f6kleri k\u00fclt\u00fcrel mirasa dayanan Tulsi Mala uzun zamand\u0131r koruma, denge ve ruhani topraklama ile ili\u015fkilendirilmektedir. Bu par\u00e7a, ritmik siyah boncuklar\u0131 s\u0131cak 22 ayar alt\u0131n elementlerle e\u015fle\u015ftirerek bu gelene\u011fi \u00e7a\u011fda\u015f bir bak\u0131\u015f a\u00e7\u0131s\u0131yla yeniden yorumluyor ve uyumlu bir ak\u0131\u015f yarat\u0131yor. De\u011fi\u015fen desen, hayat\u0131n ikiliklerini (g\u00fc\u00e7 ve yumu\u015fakl\u0131k, gelenek ve modernlik) yans\u0131tarak hem anlam hem de stil a\u00e7\u0131s\u0131ndan yank\u0131 uyand\u0131ran bir par\u00e7a haline getiriyor.<\/p>\n<p>PureJewels'te her tasar\u0131m yolculuklar\u0131 kutlar ve bu mala g\u00fcnl\u00fck anlar\u0131n yan\u0131 s\u0131ra \u00f6nemli d\u00f6n\u00fcm noktalar\u0131n\u0131n da sessiz bir yolda\u015f\u0131 olur.<\/p>\n<p><strong>Zanaatkarl\u0131k<\/strong><\/p>\n<p>Y\u00fcksek safl\u0131kta 22 ayar alt\u0131ndan \u00fcretilen her bir boncuk ve bakla denge, dayan\u0131kl\u0131l\u0131k ve ak\u0131\u015fkanl\u0131k sa\u011flamak i\u00e7in titizlikle bir araya getirilmi\u015ftir. Siyah boncuklar zincir boyunca tutarl\u0131 bir ritim olu\u015fturmak i\u00e7in \u00f6zenle ayarlan\u0131rken, alt\u0131n unsurlar s\u0131cakl\u0131klar\u0131n\u0131 ve dokular\u0131n\u0131 geli\u015ftirmek i\u00e7in hassasiyetle tamamlanm\u0131\u015ft\u0131r.<\/p>\n<p>Rahatl\u0131k ve uzun \u00f6m\u00fcrl\u00fcl\u00fck i\u00e7in tasarlanan kolye, boyun \u00e7izgisi boyunca zarif bir \u015fekilde oturur ve hem hafiflik hem de g\u00fc\u00e7 sunar. Orijinallik damgas\u0131 ta\u015f\u0131yan bu kolye, PureJewels'in m\u00fckemmelli\u011fe olan ba\u011fl\u0131l\u0131\u011f\u0131n\u0131 ve nesillerdir s\u00fcregelen kuyumculuk uzmanl\u0131\u011f\u0131n\u0131 yans\u0131tmaktad\u0131r.<\/p>\n<p><strong>Stil Fikirleri<\/strong><\/p>\n<p>Bu Tulsi Mala, g\u00fcnl\u00fck kullan\u0131mdan \u00f6zel g\u00fcnlere zahmetsizce ge\u00e7i\u015f yapabilen \u00e7ok y\u00f6nl\u00fc bir \u00fcr\u00fcnd\u00fcr:<\/p>\n<ul>\n<li>\u0130mza par\u00e7as\u0131 olarak g\u00fcnl\u00fck, katmanl\u0131 veya tek ba\u015f\u0131na giyin<\/li>\n<li>Zamans\u0131z bir g\u00f6r\u00fcn\u00fcm i\u00e7in sare veya \u015falvar gibi geleneksel k\u0131yafetlerle e\u015fle\u015ftirin<\/li>\n<li>\u0130nce bir k\u00fclt\u00fcrel vurgu i\u00e7in \u00e7a\u011fda\u015f k\u0131yafetlerle stilize edin<\/li>\n<li>Modern, se\u00e7kin bir estetik i\u00e7in di\u011fer narin alt\u0131n zincirlerle katmanlay\u0131n<\/li>\n<\/ul>\n<p>Sade zarafeti, g\u00fcnl\u00fck hikayenizin bir par\u00e7as\u0131 olmas\u0131n\u0131 sa\u011flar - sessiz bir \u015fekilde anlaml\u0131, sonsuza kadar giyilebilir.<\/p>","protected":false},"excerpt":{"rendered":"<div class=\"woocommerce-product-details__short-description\">\n<table class=\"sh_desc\">\n<tbody>\n<tr>\n<td>Mala T\u00fcr\u00fc<\/td>\n<td>Tulsi Mala<\/td>\n<\/tr>\n<tr>\n<td>SKU<\/td>\n<td>10061<\/td>\n<\/tr>\n<tr>\n<td>Br\u00fct A\u011f\u0131rl\u0131k<\/td>\n<td>10.80 Gms<\/td>\n<\/tr>\n<tr>\n<td>Uzunluk<\/td>\n<td>26,5 in\u00e7<\/td>\n<\/tr>\n<tr>\n<td>Metal<\/td>\n<td>22 Ayar Alt\u0131n<\/td>\n<\/tr>\n<tr>\n<td>\u00dccretler<\/td>\n<td>Teslimat ve KDV Dahil<\/td>\n<\/tr>\n<tr>\n<td>Paketleme<\/td>\n<td>Sunum Kutusu ile Birlikte Gelir<\/td>\n<\/tr>\n<tr>\n<td>Daha Fazla Bilgi<\/td>\n<td>M\u00fcsaitlik durumu ve daha fazla resim i\u00e7in bizimle canl\u0131 sohbet edin<\/td>\n<\/tr>\n<\/tbody>\n<\/table>\n<\/div>\n<div class=\"btn-atc atc-slide\"><\/div>\n<div class=\"product_meta\"><\/div>","protected":false},"featured_media":428234,"comment_status":"closed","ping_status":"closed","template":"","meta":{"_eb_attr":"","_crsspst_to_jayantr4sg-hostcom":true},"product_brand":[],"product_cat":[1617,1475,1229,1253,1779,1570,5349],"product_tag":[],"class_list":{"0":"post-428232","1":"product","2":"type-product","3":"status-publish","4":"has-post-thumbnail","6":"product_cat-fancy-mala-chains","7":"product_cat-gold-chains","8":"product_cat-22ct-gold-jewellery","9":"product_cat-gold-necklaces","10":"product_cat-mala-style-necklaces","11":"product_cat-mothers-day-gifts","12":"product_cat-yellow-gold-jewellery","14":"first","15":"instock","16":"taxable","17":"shipping-taxable","18":"purchasable","19":"product-type-simple","20":"add-to-wishlist-before_image"},"yoast_head":"<!-- This site is optimized with the Yoast SEO plugin v27.3 - https:\/\/yoast.com\/product\/yoast-seo-wordpress\/ -->\n<title>22ct Gold Tulsi Mala with Beads Necklace | Traditional Jewellery<\/title>\n<meta name=\"description\" content=\"Explore our 22ct Gold Tulsi Mala with Black Beads Necklace, a timeless blend of tradition and elegance. Crafted in pure gold, perfect for everyday wear and meaningful gifting.\" \/>\n<meta name=\"robots\" content=\"index, follow, max-snippet:-1, max-image-preview:large, max-video-preview:-1\" \/>\n<link rel=\"canonical\" href=\"https:\/\/www.purejewels.com\/tr\/urun\/siyah-boncuklu-22-ayar-altin-tulsi-mala-10061\/\" \/>\n<meta property=\"og:locale\" content=\"tr_TR\" \/>\n<meta property=\"og:type\" content=\"article\" \/>\n<meta property=\"og:title\" content=\"22ct Gold Tulsi Mala with Beads Necklace | Traditional Jewellery\" \/>\n<meta property=\"og:description\" content=\"Explore our 22ct Gold Tulsi Mala with Black Beads Necklace, a timeless blend of tradition and elegance. Crafted in pure gold, perfect for everyday wear and meaningful gifting.\" \/>\n<meta property=\"og:url\" content=\"https:\/\/www.purejewels.com\/tr\/urun\/siyah-boncuklu-22-ayar-altin-tulsi-mala-10061\/\" \/>\n<meta property=\"og:site_name\" content=\"PureJewels UK\" \/>\n<meta property=\"article:modified_time\" content=\"2026-04-09T05:29:49+00:00\" \/>\n<meta property=\"og:image\" content=\"https:\/\/static.purejewels.com\/wp-content\/uploads\/2026\/04\/10061.jpg\" \/>\n\t<meta property=\"og:image:width\" content=\"1000\" \/>\n\t<meta property=\"og:image:height\" content=\"1000\" \/>\n\t<meta property=\"og:image:type\" content=\"image\/jpeg\" \/>\n<meta name=\"twitter:card\" content=\"summary_large_image\" \/>\n<meta name=\"twitter:label1\" content=\"Tahmini okuma s\u00fcresi\" \/>\n\t<meta name=\"twitter:data1\" content=\"2 dakika\" \/>\n<script type=\"application\/ld+json\" class=\"yoast-schema-graph\">{\"@context\":\"https:\\\/\\\/schema.org\",\"@graph\":[{\"@type\":[\"WebPage\",\"ItemPage\"],\"@id\":\"https:\\\/\\\/www.purejewels.com\\\/product\\\/22ct-gold-tulsi-mala-with-black-beads-10061\\\/\",\"url\":\"https:\\\/\\\/www.purejewels.com\\\/product\\\/22ct-gold-tulsi-mala-with-black-beads-10061\\\/\",\"name\":\"22ct Gold Tulsi Mala with Beads Necklace | Traditional Jewellery\",\"isPartOf\":{\"@id\":\"https:\\\/\\\/www.purejewels.com\\\/#website\"},\"primaryImageOfPage\":{\"@id\":\"https:\\\/\\\/www.purejewels.com\\\/product\\\/22ct-gold-tulsi-mala-with-black-beads-10061\\\/#primaryimage\"},\"image\":{\"@id\":\"https:\\\/\\\/www.purejewels.com\\\/product\\\/22ct-gold-tulsi-mala-with-black-beads-10061\\\/#primaryimage\"},\"thumbnailUrl\":\"https:\\\/\\\/static.purejewels.com\\\/wp-content\\\/uploads\\\/2026\\\/04\\\/10061.jpg\",\"datePublished\":\"2026-01-09T06:14:22+00:00\",\"dateModified\":\"2026-04-09T05:29:49+00:00\",\"description\":\"Explore our 22ct Gold Tulsi Mala with Black Beads Necklace, a timeless blend of tradition and elegance. Crafted in pure gold, perfect for everyday wear and meaningful gifting.\",\"breadcrumb\":{\"@id\":\"https:\\\/\\\/www.purejewels.com\\\/product\\\/22ct-gold-tulsi-mala-with-black-beads-10061\\\/#breadcrumb\"},\"inLanguage\":\"tr\",\"potentialAction\":[{\"@type\":\"ReadAction\",\"target\":[\"https:\\\/\\\/www.purejewels.com\\\/product\\\/22ct-gold-tulsi-mala-with-black-beads-10061\\\/\"]}]},{\"@type\":\"ImageObject\",\"inLanguage\":\"tr\",\"@id\":\"https:\\\/\\\/www.purejewels.com\\\/product\\\/22ct-gold-tulsi-mala-with-black-beads-10061\\\/#primaryimage\",\"url\":\"https:\\\/\\\/static.purejewels.com\\\/wp-content\\\/uploads\\\/2026\\\/04\\\/10061.jpg\",\"contentUrl\":\"https:\\\/\\\/static.purejewels.com\\\/wp-content\\\/uploads\\\/2026\\\/04\\\/10061.jpg\",\"width\":1000,\"height\":1000,\"caption\":\"22ct Gold Tulsi Mala with Black Beads\"},{\"@type\":\"BreadcrumbList\",\"@id\":\"https:\\\/\\\/www.purejewels.com\\\/product\\\/22ct-gold-tulsi-mala-with-black-beads-10061\\\/#breadcrumb\",\"itemListElement\":[{\"@type\":\"ListItem\",\"position\":1,\"name\":\"Home\",\"item\":\"https:\\\/\\\/www.purejewels.com\\\/\"},{\"@type\":\"ListItem\",\"position\":2,\"name\":\"Shop\",\"item\":\"https:\\\/\\\/www.purejewels.com\\\/shop\\\/\"},{\"@type\":\"ListItem\",\"position\":3,\"name\":\"22ct Gold Tulsi Mala with Black Beads\"}]},{\"@type\":\"WebSite\",\"@id\":\"https:\\\/\\\/www.purejewels.com\\\/#website\",\"url\":\"https:\\\/\\\/www.purejewels.com\\\/\",\"name\":\"PureJewels UK\",\"description\":\"Share the Love\",\"publisher\":{\"@id\":\"https:\\\/\\\/www.purejewels.com\\\/#organization\"},\"potentialAction\":[{\"@type\":\"SearchAction\",\"target\":{\"@type\":\"EntryPoint\",\"urlTemplate\":\"https:\\\/\\\/www.purejewels.com\\\/?s={search_term_string}\"},\"query-input\":{\"@type\":\"PropertyValueSpecification\",\"valueRequired\":true,\"valueName\":\"search_term_string\"}}],\"inLanguage\":\"tr\"},{\"@type\":\"Organization\",\"@id\":\"https:\\\/\\\/www.purejewels.com\\\/#organization\",\"name\":\"PureJewels UK\",\"url\":\"https:\\\/\\\/www.purejewels.com\\\/\",\"logo\":{\"@type\":\"ImageObject\",\"inLanguage\":\"tr\",\"@id\":\"https:\\\/\\\/www.purejewels.com\\\/#\\\/schema\\\/logo\\\/image\\\/\",\"url\":\"https:\\\/\\\/static.purejewels.com\\\/wp-content\\\/uploads\\\/2020\\\/11\\\/Logo-PJ-New-1.png\",\"contentUrl\":\"https:\\\/\\\/static.purejewels.com\\\/wp-content\\\/uploads\\\/2020\\\/11\\\/Logo-PJ-New-1.png\",\"width\":150,\"height\":80,\"caption\":\"PureJewels UK\"},\"image\":{\"@id\":\"https:\\\/\\\/www.purejewels.com\\\/#\\\/schema\\\/logo\\\/image\\\/\"}}]}<\/script>\n<!-- \/ Yoast SEO plugin. -->","yoast_head_json":{"title":"22 Ayar Alt\u0131n Tulsi Mala Boncuklu Kolye | Geleneksel Tak\u0131lar","description":"Gelenek ve zarafetin zamans\u0131z bir kar\u0131\u015f\u0131m\u0131 olan Siyah Boncuklu 22 Ayar Alt\u0131n Tulsi Mala Kolyemizi ke\u015ffedin. Saf alt\u0131ndan \u00fcretilmi\u015ftir, g\u00fcnl\u00fck kullan\u0131m ve anlaml\u0131 hediyeler i\u00e7in m\u00fckemmeldir.","robots":{"index":"index","follow":"follow","max-snippet":"max-snippet:-1","max-image-preview":"max-image-preview:large","max-video-preview":"max-video-preview:-1"},"canonical":"https:\/\/www.purejewels.com\/tr\/urun\/siyah-boncuklu-22-ayar-altin-tulsi-mala-10061\/","og_locale":"tr_TR","og_type":"article","og_title":"22ct Gold Tulsi Mala with Beads Necklace | Traditional Jewellery","og_description":"Explore our 22ct Gold Tulsi Mala with Black Beads Necklace, a timeless blend of tradition and elegance. Crafted in pure gold, perfect for everyday wear and meaningful gifting.","og_url":"https:\/\/www.purejewels.com\/tr\/urun\/siyah-boncuklu-22-ayar-altin-tulsi-mala-10061\/","og_site_name":"PureJewels UK","article_modified_time":"2026-04-09T05:29:49+00:00","og_image":[{"width":1000,"height":1000,"url":"https:\/\/static.purejewels.com\/wp-content\/uploads\/2026\/04\/10061.jpg","type":"image\/jpeg"}],"twitter_card":"summary_large_image","twitter_misc":{"Tahmini okuma s\u00fcresi":"2 dakika"},"schema":{"@context":"https:\/\/schema.org","@graph":[{"@type":["WebPage","ItemPage"],"@id":"https:\/\/www.purejewels.com\/product\/22ct-gold-tulsi-mala-with-black-beads-10061\/","url":"https:\/\/www.purejewels.com\/product\/22ct-gold-tulsi-mala-with-black-beads-10061\/","name":"22 Ayar Alt\u0131n Tulsi Mala Boncuklu Kolye | Geleneksel Tak\u0131lar","isPartOf":{"@id":"https:\/\/www.purejewels.com\/#website"},"primaryImageOfPage":{"@id":"https:\/\/www.purejewels.com\/product\/22ct-gold-tulsi-mala-with-black-beads-10061\/#primaryimage"},"image":{"@id":"https:\/\/www.purejewels.com\/product\/22ct-gold-tulsi-mala-with-black-beads-10061\/#primaryimage"},"thumbnailUrl":"https:\/\/static.purejewels.com\/wp-content\/uploads\/2026\/04\/10061.jpg","datePublished":"2026-01-09T06:14:22+00:00","dateModified":"2026-04-09T05:29:49+00:00","description":"Gelenek ve zarafetin zamans\u0131z bir kar\u0131\u015f\u0131m\u0131 olan Siyah Boncuklu 22 Ayar Alt\u0131n Tulsi Mala Kolyemizi ke\u015ffedin. Saf alt\u0131ndan \u00fcretilmi\u015ftir, g\u00fcnl\u00fck kullan\u0131m ve anlaml\u0131 hediyeler i\u00e7in m\u00fckemmeldir.","breadcrumb":{"@id":"https:\/\/www.purejewels.com\/product\/22ct-gold-tulsi-mala-with-black-beads-10061\/#breadcrumb"},"inLanguage":"tr","potentialAction":[{"@type":"ReadAction","target":["https:\/\/www.purejewels.com\/product\/22ct-gold-tulsi-mala-with-black-beads-10061\/"]}]},{"@type":"ImageObject","inLanguage":"tr","@id":"https:\/\/www.purejewels.com\/product\/22ct-gold-tulsi-mala-with-black-beads-10061\/#primaryimage","url":"https:\/\/static.purejewels.com\/wp-content\/uploads\/2026\/04\/10061.jpg","contentUrl":"https:\/\/static.purejewels.com\/wp-content\/uploads\/2026\/04\/10061.jpg","width":1000,"height":1000,"caption":"22ct Gold Tulsi Mala with Black Beads"},{"@type":"BreadcrumbList","@id":"https:\/\/www.purejewels.com\/product\/22ct-gold-tulsi-mala-with-black-beads-10061\/#breadcrumb","itemListElement":[{"@type":"ListItem","position":1,"name":"Home","item":"https:\/\/www.purejewels.com\/"},{"@type":"ListItem","position":2,"name":"Shop","item":"https:\/\/www.purejewels.com\/shop\/"},{"@type":"ListItem","position":3,"name":"22ct Gold Tulsi Mala with Black Beads"}]},{"@type":"WebSite","@id":"https:\/\/www.purejewels.com\/#website","url":"https:\/\/www.purejewels.com\/","name":"PureJewels \u0130ngiltere","description":"Sevgiyi Payla\u015f\u0131n","publisher":{"@id":"https:\/\/www.purejewels.com\/#organization"},"potentialAction":[{"@type":"SearchAction","target":{"@type":"EntryPoint","urlTemplate":"https:\/\/www.purejewels.com\/?s={search_term_string}"},"query-input":{"@type":"PropertyValueSpecification","valueRequired":true,"valueName":"search_term_string"}}],"inLanguage":"tr"},{"@type":"Organization","@id":"https:\/\/www.purejewels.com\/#organization","name":"PureJewels \u0130ngiltere","url":"https:\/\/www.purejewels.com\/","logo":{"@type":"ImageObject","inLanguage":"tr","@id":"https:\/\/www.purejewels.com\/#\/schema\/logo\/image\/","url":"https:\/\/static.purejewels.com\/wp-content\/uploads\/2020\/11\/Logo-PJ-New-1.png","contentUrl":"https:\/\/static.purejewels.com\/wp-content\/uploads\/2020\/11\/Logo-PJ-New-1.png","width":150,"height":80,"caption":"PureJewels UK"},"image":{"@id":"https:\/\/www.purejewels.com\/#\/schema\/logo\/image\/"}}]}},"_links":{"self":[{"href":"https:\/\/www.purejewels.com\/tr\/wp-json\/wp\/v2\/product\/428232","targetHints":{"allow":["GET"]}}],"collection":[{"href":"https:\/\/www.purejewels.com\/tr\/wp-json\/wp\/v2\/product"}],"about":[{"href":"https:\/\/www.purejewels.com\/tr\/wp-json\/wp\/v2\/types\/product"}],"replies":[{"embeddable":true,"href":"https:\/\/www.purejewels.com\/tr\/wp-json\/wp\/v2\/comments?post=428232"}],"version-history":[{"count":1,"href":"https:\/\/www.purejewels.com\/tr\/wp-json\/wp\/v2\/product\/428232\/revisions"}],"predecessor-version":[{"id":428235,"href":"https:\/\/www.purejewels.com\/tr\/wp-json\/wp\/v2\/product\/428232\/revisions\/428235"}],"wp:featuredmedia":[{"embeddable":true,"href":"https:\/\/www.purejewels.com\/tr\/wp-json\/wp\/v2\/media\/428234"}],"wp:attachment":[{"href":"https:\/\/www.purejewels.com\/tr\/wp-json\/wp\/v2\/media?parent=428232"}],"wp:term":[{"taxonomy":"product_brand","embeddable":true,"href":"https:\/\/www.purejewels.com\/tr\/wp-json\/wp\/v2\/product_brand?post=428232"},{"taxonomy":"product_cat","embeddable":true,"href":"https:\/\/www.purejewels.com\/tr\/wp-json\/wp\/v2\/product_cat?post=428232"},{"taxonomy":"product_tag","embeddable":true,"href":"https:\/\/www.purejewels.com\/tr\/wp-json\/wp\/v2\/product_tag?post=428232"}],"curies":[{"name":"wp","href":"https:\/\/api.w.org\/{rel}","templated":true}]}}