{"id":428242,"date":"2026-01-09T09:50:16","date_gmt":"2026-01-09T09:50:16","guid":{"rendered":"https:\/\/www.purejewels.com\/?post_type=product&#038;p=428242"},"modified":"2026-04-09T10:33:33","modified_gmt":"2026-04-09T09:33:33","slug":"22-ayar-altin-dokulu-boncuk-zincir-mala-55442","status":"publish","type":"product","link":"https:\/\/www.purejewels.com\/tr\/product\/22ct-gold-textured-bead-chain-mala-55442\/","title":{"rendered":"22 Ayar Alt\u0131n Dokulu Boncuk Zincir Mala"},"content":{"rendered":"<p><strong>Tasar\u0131m Konsepti<\/strong><\/p>\n<p>Bu par\u00e7a, minimalizmin \u00f6zenli detaylarla bulu\u015ftu\u011fu sessiz bir sofistike ke\u015fif. Hafif aral\u0131klarla yerle\u015ftirilmi\u015f dokulu boncuklar, zincir boyunca yumu\u015fak bir ritim yaratarak m\u00fckemmel bir uyum i\u00e7inde birbirine dizilmi\u015f anlar\u0131 an\u0131msat\u0131yor.<\/p>\n<p>PureJewels'in yolculuklar\u0131 kutlama felsefesinden ilham alan her bir boncuk, ince, anlaml\u0131 ve g\u00fczel bir \u015fekilde sade bir zaman belirteci olarak g\u00f6r\u00fclebilir. Tasar\u0131m, modern duyarl\u0131l\u0131klar\u0131 kucaklarken 22 ayar alt\u0131n\u0131n zamans\u0131z \u00e7ekicili\u011fine derinlemesine ba\u011fl\u0131 kal\u0131yor.<\/p>\n<p><strong>Zanaatkarl\u0131k<\/strong><\/p>\n<p>Y\u00fcksek safl\u0131kta 22 ayar alt\u0131ndan \u00fcretilen kolye, detaylara g\u00f6sterilen titiz \u00f6zeni sergiliyor. Her bir boncuk, p\u00fcr\u00fczs\u00fcz ve cilal\u0131 zincire kar\u015f\u0131 nazik bir kontrast sunan dokulu mat bir y\u00fczeyle tamamlanm\u0131\u015ft\u0131r.<\/p>\n<p>Aral\u0131klardaki hassasiyet denge ve ak\u0131\u015fkanl\u0131k sa\u011flayarak kolyenin boyun \u00e7izgisi boyunca zarif bir \u015fekilde sarkmas\u0131na olanak tan\u0131r. Hafif ama dayan\u0131kl\u0131 olan bu kolye, ince alt\u0131n tak\u0131lar\u0131n zenginli\u011fini ve b\u00fct\u00fcnl\u00fc\u011f\u00fcn\u00fc korurken g\u00fcnl\u00fck rahatl\u0131k i\u00e7in tasarlanm\u0131\u015ft\u0131r. Orijinallik damgas\u0131 ta\u015f\u0131yan kolye, nesillerdir s\u00fcregelen uzman i\u015f\u00e7ili\u011fi yans\u0131t\u0131r.<\/p>\n<p><strong>Stil Fikirleri<\/strong><\/p>\n<p>\u00c7ok y\u00f6nl\u00fc ve zahmetsizce zarif olan bu kolye, \u00e7e\u015fitli stil ifadelerine kendini \u00f6d\u00fcn\u00e7 verir:<\/p>\n<ul>\n<li>Temiz, minimal bir ifade i\u00e7in tek ba\u015f\u0131na giyin<\/li>\n<li>\u00c7a\u011fda\u015f bir g\u00f6r\u00fcn\u00fcm i\u00e7in farkl\u0131 uzunluklardaki di\u011fer alt\u0131n zincirlerle katmanlay\u0131n<\/li>\n<li>G\u00fcnl\u00fck l\u00fcks i\u00e7in hem geleneksel k\u0131yafetlerle hem de modern sil\u00fcetlerle e\u015fle\u015ftirin<\/li>\n<li>\u0130\u015f k\u0131yafeti, hediye veya m\u00fccevher gard\u0131robunuzda temel bir par\u00e7a olarak ideal<\/li>\n<\/ul>\n<p>Abart\u0131s\u0131z cazibesi, onu tekrar tekrar ula\u015faca\u011f\u0131n\u0131z bir par\u00e7a haline getiriyor; e\u015flik etti\u011fi her an\u0131 sessizce g\u00fczelle\u015ftiriyor.<\/p>","protected":false},"excerpt":{"rendered":"<p>\u0130nce dokunun ve zarif sadeli\u011fin bir kutlamas\u0131 olan bu 22 Ayar Alt\u0131n Dokulu Boncuk Zincir Kolye, \u015f\u0131k bir alt\u0131n zincir boyunca incelikle yerle\u015ftirilmi\u015f mat y\u00fczeyli boncuklara sahiptir. Zahmetsiz g\u00fcnl\u00fck \u015f\u0131kl\u0131k i\u00e7in tasarlanan bu kolye hem modern hem de zamans\u0131zd\u0131r.<\/p>\n<p><strong>SKU:<\/strong> 55444, 55443, 55442<br \/>\n<strong>Metal:<\/strong>\u00a022 Ayar Alt\u0131n<br \/>\n<strong>Uzunluk:<\/strong> 16 in\u00e7<br \/>\n<strong>A\u011f\u0131rl\u0131k:<\/strong> 5.60 gram<br \/>\n<strong>Hallmark:<\/strong>\u00a0\u0130ngiltere Tahlil Ofisi Taraf\u0131ndan Damgalanm\u0131\u015f 22 Ayar Alt\u0131n<br \/>\n<strong>Su\u00e7lamalar:<\/strong>\u00a0Teslimat ve KDV Dahil<\/p>","protected":false},"featured_media":428244,"comment_status":"closed","ping_status":"closed","template":"","meta":{"_eb_attr":"","_crsspst_to_jayantr4sg-hostcom":true},"product_brand":[],"product_cat":[1791,1617,1559,1698,3628,1475,1229,1570,1573,1574],"product_tag":[],"class_list":{"0":"post-428242","1":"product","2":"type-product","3":"status-publish","4":"has-post-thumbnail","6":"product_cat-anniversary-gifts","7":"product_cat-fancy-mala-chains","8":"product_cat-birthday-gifts","9":"product_cat-choker-chains","10":"product_cat-glow-collections","11":"product_cat-gold-chains","12":"product_cat-22ct-gold-jewellery","13":"product_cat-mothers-day-gifts","14":"product_cat-wedding-gifts","15":"product_cat-womens-jewellery","17":"first","18":"instock","19":"taxable","20":"shipping-taxable","21":"purchasable","22":"product-type-simple","23":"add-to-wishlist-before_image"},"yoast_head":"<!-- This site is optimized with the Yoast SEO plugin v27.3 - https:\/\/yoast.com\/product\/yoast-seo-wordpress\/ -->\n<title>22ct Gold Textured Bead Chain Necklace | Elegant Gold Chain<\/title>\n<meta name=\"description\" content=\"Discover the refined beauty of our 22ct Gold Textured Bead Chain Necklace. Crafted in pure gold with delicate textured beads, perfect for everyday elegance and layering.\" \/>\n<meta name=\"robots\" content=\"index, follow, max-snippet:-1, max-image-preview:large, max-video-preview:-1\" \/>\n<link rel=\"canonical\" href=\"https:\/\/www.purejewels.com\/tr\/urun\/22-ayar-altin-dokulu-boncuk-zincir-mala-55442\/\" \/>\n<meta property=\"og:locale\" content=\"tr_TR\" \/>\n<meta property=\"og:type\" content=\"article\" \/>\n<meta property=\"og:title\" content=\"22ct Gold Textured Bead Chain Necklace | Elegant Gold Chain\" \/>\n<meta property=\"og:description\" content=\"Discover the refined beauty of our 22ct Gold Textured Bead Chain Necklace. Crafted in pure gold with delicate textured beads, perfect for everyday elegance and layering.\" \/>\n<meta property=\"og:url\" content=\"https:\/\/www.purejewels.com\/tr\/urun\/22-ayar-altin-dokulu-boncuk-zincir-mala-55442\/\" \/>\n<meta property=\"og:site_name\" content=\"PureJewels UK\" \/>\n<meta property=\"article:modified_time\" content=\"2026-04-09T09:33:33+00:00\" \/>\n<meta property=\"og:image\" content=\"https:\/\/static.purejewels.com\/wp-content\/uploads\/2026\/04\/sku-55444-side.png\" \/>\n\t<meta property=\"og:image:width\" content=\"1079\" \/>\n\t<meta property=\"og:image:height\" content=\"1920\" \/>\n\t<meta property=\"og:image:type\" content=\"image\/png\" \/>\n<meta name=\"twitter:card\" content=\"summary_large_image\" \/>\n<meta name=\"twitter:label1\" content=\"Tahmini okuma s\u00fcresi\" \/>\n\t<meta name=\"twitter:data1\" content=\"2 dakika\" \/>\n<script type=\"application\/ld+json\" class=\"yoast-schema-graph\">{\"@context\":\"https:\\\/\\\/schema.org\",\"@graph\":[{\"@type\":[\"WebPage\",\"ItemPage\"],\"@id\":\"https:\\\/\\\/www.purejewels.com\\\/product\\\/22ct-gold-textured-bead-chain-mala-55442\\\/\",\"url\":\"https:\\\/\\\/www.purejewels.com\\\/product\\\/22ct-gold-textured-bead-chain-mala-55442\\\/\",\"name\":\"22ct Gold Textured Bead Chain Necklace | Elegant Gold Chain\",\"isPartOf\":{\"@id\":\"https:\\\/\\\/www.purejewels.com\\\/#website\"},\"primaryImageOfPage\":{\"@id\":\"https:\\\/\\\/www.purejewels.com\\\/product\\\/22ct-gold-textured-bead-chain-mala-55442\\\/#primaryimage\"},\"image\":{\"@id\":\"https:\\\/\\\/www.purejewels.com\\\/product\\\/22ct-gold-textured-bead-chain-mala-55442\\\/#primaryimage\"},\"thumbnailUrl\":\"https:\\\/\\\/static.purejewels.com\\\/wp-content\\\/uploads\\\/2026\\\/04\\\/sku-55444-side.png\",\"datePublished\":\"2026-01-09T09:50:16+00:00\",\"dateModified\":\"2026-04-09T09:33:33+00:00\",\"description\":\"Discover the refined beauty of our 22ct Gold Textured Bead Chain Necklace. Crafted in pure gold with delicate textured beads, perfect for everyday elegance and layering.\",\"breadcrumb\":{\"@id\":\"https:\\\/\\\/www.purejewels.com\\\/product\\\/22ct-gold-textured-bead-chain-mala-55442\\\/#breadcrumb\"},\"inLanguage\":\"tr\",\"potentialAction\":[{\"@type\":\"ReadAction\",\"target\":[\"https:\\\/\\\/www.purejewels.com\\\/product\\\/22ct-gold-textured-bead-chain-mala-55442\\\/\"]}]},{\"@type\":\"ImageObject\",\"inLanguage\":\"tr\",\"@id\":\"https:\\\/\\\/www.purejewels.com\\\/product\\\/22ct-gold-textured-bead-chain-mala-55442\\\/#primaryimage\",\"url\":\"https:\\\/\\\/static.purejewels.com\\\/wp-content\\\/uploads\\\/2026\\\/04\\\/sku-55444-side.png\",\"contentUrl\":\"https:\\\/\\\/static.purejewels.com\\\/wp-content\\\/uploads\\\/2026\\\/04\\\/sku-55444-side.png\",\"width\":1079,\"height\":1920,\"caption\":\"22ct Gold Textured Bead Chain Mala\"},{\"@type\":\"BreadcrumbList\",\"@id\":\"https:\\\/\\\/www.purejewels.com\\\/product\\\/22ct-gold-textured-bead-chain-mala-55442\\\/#breadcrumb\",\"itemListElement\":[{\"@type\":\"ListItem\",\"position\":1,\"name\":\"Home\",\"item\":\"https:\\\/\\\/www.purejewels.com\\\/\"},{\"@type\":\"ListItem\",\"position\":2,\"name\":\"Shop\",\"item\":\"https:\\\/\\\/www.purejewels.com\\\/shop\\\/\"},{\"@type\":\"ListItem\",\"position\":3,\"name\":\"22ct Gold Textured Bead Chain Mala\"}]},{\"@type\":\"WebSite\",\"@id\":\"https:\\\/\\\/www.purejewels.com\\\/#website\",\"url\":\"https:\\\/\\\/www.purejewels.com\\\/\",\"name\":\"PureJewels UK\",\"description\":\"Share the Love\",\"publisher\":{\"@id\":\"https:\\\/\\\/www.purejewels.com\\\/#organization\"},\"potentialAction\":[{\"@type\":\"SearchAction\",\"target\":{\"@type\":\"EntryPoint\",\"urlTemplate\":\"https:\\\/\\\/www.purejewels.com\\\/?s={search_term_string}\"},\"query-input\":{\"@type\":\"PropertyValueSpecification\",\"valueRequired\":true,\"valueName\":\"search_term_string\"}}],\"inLanguage\":\"tr\"},{\"@type\":\"Organization\",\"@id\":\"https:\\\/\\\/www.purejewels.com\\\/#organization\",\"name\":\"PureJewels UK\",\"url\":\"https:\\\/\\\/www.purejewels.com\\\/\",\"logo\":{\"@type\":\"ImageObject\",\"inLanguage\":\"tr\",\"@id\":\"https:\\\/\\\/www.purejewels.com\\\/#\\\/schema\\\/logo\\\/image\\\/\",\"url\":\"https:\\\/\\\/static.purejewels.com\\\/wp-content\\\/uploads\\\/2020\\\/11\\\/Logo-PJ-New-1.png\",\"contentUrl\":\"https:\\\/\\\/static.purejewels.com\\\/wp-content\\\/uploads\\\/2020\\\/11\\\/Logo-PJ-New-1.png\",\"width\":150,\"height\":80,\"caption\":\"PureJewels UK\"},\"image\":{\"@id\":\"https:\\\/\\\/www.purejewels.com\\\/#\\\/schema\\\/logo\\\/image\\\/\"}}]}<\/script>\n<!-- \/ Yoast SEO plugin. -->","yoast_head_json":{"title":"22 Ayar Alt\u0131n Dokulu Boncuk Zincir Kolye | Zarif Alt\u0131n Zincir","description":"22ct Alt\u0131n Dokulu Boncuk Zincir Kolyemizin zarif g\u00fczelli\u011fini ke\u015ffedin. Narin dokulu boncuklarla saf alt\u0131ndan \u00fcretilmi\u015ftir, g\u00fcnl\u00fck \u015f\u0131kl\u0131k ve katmanlama i\u00e7in m\u00fckemmeldir.","robots":{"index":"index","follow":"follow","max-snippet":"max-snippet:-1","max-image-preview":"max-image-preview:large","max-video-preview":"max-video-preview:-1"},"canonical":"https:\/\/www.purejewels.com\/tr\/urun\/22-ayar-altin-dokulu-boncuk-zincir-mala-55442\/","og_locale":"tr_TR","og_type":"article","og_title":"22ct Gold Textured Bead Chain Necklace | Elegant Gold Chain","og_description":"Discover the refined beauty of our 22ct Gold Textured Bead Chain Necklace. Crafted in pure gold with delicate textured beads, perfect for everyday elegance and layering.","og_url":"https:\/\/www.purejewels.com\/tr\/urun\/22-ayar-altin-dokulu-boncuk-zincir-mala-55442\/","og_site_name":"PureJewels UK","article_modified_time":"2026-04-09T09:33:33+00:00","og_image":[{"width":1079,"height":1920,"url":"https:\/\/static.purejewels.com\/wp-content\/uploads\/2026\/04\/sku-55444-side.png","type":"image\/png"}],"twitter_card":"summary_large_image","twitter_misc":{"Tahmini okuma s\u00fcresi":"2 dakika"},"schema":{"@context":"https:\/\/schema.org","@graph":[{"@type":["WebPage","ItemPage"],"@id":"https:\/\/www.purejewels.com\/product\/22ct-gold-textured-bead-chain-mala-55442\/","url":"https:\/\/www.purejewels.com\/product\/22ct-gold-textured-bead-chain-mala-55442\/","name":"22 Ayar Alt\u0131n Dokulu Boncuk Zincir Kolye | Zarif Alt\u0131n Zincir","isPartOf":{"@id":"https:\/\/www.purejewels.com\/#website"},"primaryImageOfPage":{"@id":"https:\/\/www.purejewels.com\/product\/22ct-gold-textured-bead-chain-mala-55442\/#primaryimage"},"image":{"@id":"https:\/\/www.purejewels.com\/product\/22ct-gold-textured-bead-chain-mala-55442\/#primaryimage"},"thumbnailUrl":"https:\/\/static.purejewels.com\/wp-content\/uploads\/2026\/04\/sku-55444-side.png","datePublished":"2026-01-09T09:50:16+00:00","dateModified":"2026-04-09T09:33:33+00:00","description":"22ct Alt\u0131n Dokulu Boncuk Zincir Kolyemizin zarif g\u00fczelli\u011fini ke\u015ffedin. Narin dokulu boncuklarla saf alt\u0131ndan \u00fcretilmi\u015ftir, g\u00fcnl\u00fck \u015f\u0131kl\u0131k ve katmanlama i\u00e7in m\u00fckemmeldir.","breadcrumb":{"@id":"https:\/\/www.purejewels.com\/product\/22ct-gold-textured-bead-chain-mala-55442\/#breadcrumb"},"inLanguage":"tr","potentialAction":[{"@type":"ReadAction","target":["https:\/\/www.purejewels.com\/product\/22ct-gold-textured-bead-chain-mala-55442\/"]}]},{"@type":"ImageObject","inLanguage":"tr","@id":"https:\/\/www.purejewels.com\/product\/22ct-gold-textured-bead-chain-mala-55442\/#primaryimage","url":"https:\/\/static.purejewels.com\/wp-content\/uploads\/2026\/04\/sku-55444-side.png","contentUrl":"https:\/\/static.purejewels.com\/wp-content\/uploads\/2026\/04\/sku-55444-side.png","width":1079,"height":1920,"caption":"22ct Gold Textured Bead Chain Mala"},{"@type":"BreadcrumbList","@id":"https:\/\/www.purejewels.com\/product\/22ct-gold-textured-bead-chain-mala-55442\/#breadcrumb","itemListElement":[{"@type":"ListItem","position":1,"name":"Home","item":"https:\/\/www.purejewels.com\/"},{"@type":"ListItem","position":2,"name":"Shop","item":"https:\/\/www.purejewels.com\/shop\/"},{"@type":"ListItem","position":3,"name":"22ct Gold Textured Bead Chain Mala"}]},{"@type":"WebSite","@id":"https:\/\/www.purejewels.com\/#website","url":"https:\/\/www.purejewels.com\/","name":"PureJewels \u0130ngiltere","description":"Sevgiyi Payla\u015f\u0131n","publisher":{"@id":"https:\/\/www.purejewels.com\/#organization"},"potentialAction":[{"@type":"SearchAction","target":{"@type":"EntryPoint","urlTemplate":"https:\/\/www.purejewels.com\/?s={search_term_string}"},"query-input":{"@type":"PropertyValueSpecification","valueRequired":true,"valueName":"search_term_string"}}],"inLanguage":"tr"},{"@type":"Organization","@id":"https:\/\/www.purejewels.com\/#organization","name":"PureJewels \u0130ngiltere","url":"https:\/\/www.purejewels.com\/","logo":{"@type":"ImageObject","inLanguage":"tr","@id":"https:\/\/www.purejewels.com\/#\/schema\/logo\/image\/","url":"https:\/\/static.purejewels.com\/wp-content\/uploads\/2020\/11\/Logo-PJ-New-1.png","contentUrl":"https:\/\/static.purejewels.com\/wp-content\/uploads\/2020\/11\/Logo-PJ-New-1.png","width":150,"height":80,"caption":"PureJewels UK"},"image":{"@id":"https:\/\/www.purejewels.com\/#\/schema\/logo\/image\/"}}]}},"_links":{"self":[{"href":"https:\/\/www.purejewels.com\/tr\/wp-json\/wp\/v2\/product\/428242","targetHints":{"allow":["GET"]}}],"collection":[{"href":"https:\/\/www.purejewels.com\/tr\/wp-json\/wp\/v2\/product"}],"about":[{"href":"https:\/\/www.purejewels.com\/tr\/wp-json\/wp\/v2\/types\/product"}],"replies":[{"embeddable":true,"href":"https:\/\/www.purejewels.com\/tr\/wp-json\/wp\/v2\/comments?post=428242"}],"version-history":[{"count":1,"href":"https:\/\/www.purejewels.com\/tr\/wp-json\/wp\/v2\/product\/428242\/revisions"}],"predecessor-version":[{"id":428245,"href":"https:\/\/www.purejewels.com\/tr\/wp-json\/wp\/v2\/product\/428242\/revisions\/428245"}],"wp:featuredmedia":[{"embeddable":true,"href":"https:\/\/www.purejewels.com\/tr\/wp-json\/wp\/v2\/media\/428244"}],"wp:attachment":[{"href":"https:\/\/www.purejewels.com\/tr\/wp-json\/wp\/v2\/media?parent=428242"}],"wp:term":[{"taxonomy":"product_brand","embeddable":true,"href":"https:\/\/www.purejewels.com\/tr\/wp-json\/wp\/v2\/product_brand?post=428242"},{"taxonomy":"product_cat","embeddable":true,"href":"https:\/\/www.purejewels.com\/tr\/wp-json\/wp\/v2\/product_cat?post=428242"},{"taxonomy":"product_tag","embeddable":true,"href":"https:\/\/www.purejewels.com\/tr\/wp-json\/wp\/v2\/product_tag?post=428242"}],"curies":[{"name":"wp","href":"https:\/\/api.w.org\/{rel}","templated":true}]}}