{"id":428265,"date":"2026-04-10T08:31:43","date_gmt":"2026-04-10T07:31:43","guid":{"rendered":"https:\/\/www.purejewels.com\/?post_type=product&#038;p=428265"},"modified":"2026-04-10T09:23:53","modified_gmt":"2026-04-10T08:23:53","slug":"22-ayar-sari-altin-boncuklu-kolye-55298","status":"publish","type":"product","link":"https:\/\/www.purejewels.com\/tr\/product\/22ct-yellow-gold-beaded-necklace-55298\/","title":{"rendered":"22 Ayar Sar\u0131 Alt\u0131n Boncuklu Kolye"},"content":{"rendered":"<p><strong>Tasar\u0131m Konsepti<\/strong><\/p>\n<p>Sadeli\u011fiyle zarif olan bu boncuklu kolye, ritim ve dengenin bir kutlamas\u0131d\u0131r. Her bir alt\u0131n boncuk, her hareketiyle \u0131\u015f\u0131\u011f\u0131 yans\u0131tan uyumlu bir ak\u0131\u015f yaratmak i\u00e7in \u00f6zenle yerle\u015ftirilmi\u015ftir. PureJewels'in yolculuklar\u0131 kutlama felsefesine dayanan boncuklar\u0131n kesintisiz dizilimi, zaman i\u00e7inde bir araya gelen anlar\u0131 sembolize eder - her biri sessiz bir d\u00f6n\u00fcm noktas\u0131d\u0131r ve g\u00fczel bir \u015fekilde tamamlanm\u0131\u015f bir \u015fey olu\u015fturmak i\u00e7in bir araya gelir.<\/p>\n<p><strong>Zanaatkarl\u0131k<\/strong><\/p>\n<p>Zengin 22 ayar sar\u0131 alt\u0131ndan \u00fcretilen bu kolye, m\u00fccevher yap\u0131m\u0131nda nesillerdir s\u00fcregelen uzmanl\u0131\u011f\u0131 yans\u0131tmaktad\u0131r. Her bir boncuk, yumu\u015fak ve parlak bir \u0131\u015f\u0131lt\u0131 elde etmek i\u00e7in hassas bir \u015fekilde \u015fekillendirilmi\u015f ve parlat\u0131lm\u0131\u015ft\u0131r. Kolye, g\u00fcnl\u00fck kullan\u0131m i\u00e7in dayan\u0131kl\u0131l\u0131\u011f\u0131n\u0131 korurken cilde zarif bir \u015fekilde oturmas\u0131n\u0131 sa\u011flayan ak\u0131\u015fkanl\u0131k ve rahatl\u0131k i\u00e7in tasarlanm\u0131\u015ft\u0131r. Her ayr\u0131nt\u0131 PureJewels'in \u00f6zg\u00fcnl\u00fck, safl\u0131k ve rafine i\u015f\u00e7ili\u011fe olan ba\u011fl\u0131l\u0131\u011f\u0131n\u0131 g\u00f6stermektedir.<\/p>\n<p><strong>Stil Fikirleri<\/strong><\/p>\n<p>Farkl\u0131 ortamlara zahmetsizce uyum sa\u011flayan \u00e7ok y\u00f6nl\u00fc bir par\u00e7a:<\/p>\n<ul>\n<li>G\u00fcnl\u00fck \u015e\u0131kl\u0131k: Her k\u0131yafeti zenginle\u015ftiren temiz, minimal bir g\u00f6r\u00fcn\u00fcm i\u00e7in tek ba\u015f\u0131na kullan\u0131n.<\/li>\n<li>Katmanl\u0131 G\u00f6r\u00fcn\u00fcm: Modern ve se\u00e7kin bir stil i\u00e7in daha ince zincirler veya kolyelerle e\u015fle\u015ftirin.<\/li>\n<li>\u00d6zel Durumlara Haz\u0131r: Hem geleneksel hem de \u00e7a\u011fda\u015f k\u0131yafetleri kolayl\u0131kla tamamlar.<\/li>\n<li>Anlaml\u0131 Hediye: Do\u011fum g\u00fcnleri, y\u0131l d\u00f6n\u00fcmleri veya ki\u015fisel d\u00f6n\u00fcm noktalar\u0131 i\u00e7in m\u00fckemmel, zamans\u0131z bir par\u00e7a.<\/li>\n<\/ul>","protected":false},"excerpt":{"rendered":"<p>Zarif ve zarif bir g\u00fcnl\u00fck g\u00f6r\u00fcn\u00fcm i\u00e7in narin alt\u0131n k\u00fcrelerle tasarlanm\u0131\u015f, zamans\u0131z 22 ayar sar\u0131 alt\u0131n boncuklu kolye. Hafif, \u00e7ok y\u00f6nl\u00fc ve zahmetsizce \u015f\u0131k.<\/p>\n<p><strong>Malzeme:<\/strong> 22 Ayar Alt\u0131n (91,6% Saf Alt\u0131n)<strong><br \/>\nHallmark:\u00a0<\/strong>\u0130ngiliz Damgas\u0131<strong><br \/>\nBitir: <\/strong>Rodyum kaplama<strong><br \/>\n<\/strong><strong>Br\u00fct A\u011f\u0131rl\u0131k: <\/strong>3.31 Gms<br \/>\n<strong>SKU:<\/strong> 55298<br \/>\n<strong>Uzunluk:<\/strong> 16 \u0130n\u00e7<br \/>\n<strong>Fiyat ve Teslimat:<\/strong> KDV ve teslimat \u00fccretleri dahil<strong><br \/>\n<a href=\"https:\/\/www.purejewels.com\/tr\/i%cc%87ade-poli%cc%87ti%cc%87kasi\/\">\u0130ade Politikas\u0131<\/a><\/strong><\/p>","protected":false},"featured_media":428266,"comment_status":"closed","ping_status":"closed","template":"","meta":{"_eb_attr":"","_crsspst_to_jayantr4sg-hostcom":true},"product_brand":[],"product_cat":[1791,1559,1793,5701,1792,1229,1253,5344,1570,1778,1574,5349],"product_tag":[],"class_list":{"0":"post-428265","1":"product","2":"type-product","3":"status-publish","4":"has-post-thumbnail","6":"product_cat-anniversary-gifts","7":"product_cat-birthday-gifts","8":"product_cat-diwali-gifts","9":"product_cat-eid-jewellery","10":"product_cat-festival-gifts","11":"product_cat-22ct-gold-jewellery","12":"product_cat-gold-necklaces","13":"product_cat-jewellery-under-750","14":"product_cat-mothers-day-gifts","15":"product_cat-short-necklaces","16":"product_cat-womens-jewellery","17":"product_cat-yellow-gold-jewellery","19":"first","20":"instock","21":"taxable","22":"shipping-taxable","23":"purchasable","24":"product-type-simple","25":"add-to-wishlist-before_image"},"yoast_head":"<!-- This site is optimized with the Yoast SEO plugin v27.3 - https:\/\/yoast.com\/product\/yoast-seo-wordpress\/ -->\n<title>22ct Yellow Gold Beaded Necklace | PureJewels London<\/title>\n<meta name=\"description\" content=\"Shop a 22ct yellow gold beaded necklace, crafted for everyday elegance. Lightweight, timeless and perfect for layering or gifting. Discover PureJewels London.\" \/>\n<meta name=\"robots\" content=\"index, follow, max-snippet:-1, max-image-preview:large, max-video-preview:-1\" \/>\n<link rel=\"canonical\" href=\"https:\/\/www.purejewels.com\/tr\/urun\/22-ayar-sari-altin-boncuklu-kolye-55298\/\" \/>\n<meta property=\"og:locale\" content=\"tr_TR\" \/>\n<meta property=\"og:type\" content=\"article\" \/>\n<meta property=\"og:title\" content=\"22ct Yellow Gold Beaded Necklace | PureJewels London\" \/>\n<meta property=\"og:description\" content=\"Shop a 22ct yellow gold beaded necklace, crafted for everyday elegance. Lightweight, timeless and perfect for layering or gifting. Discover PureJewels London.\" \/>\n<meta property=\"og:url\" content=\"https:\/\/www.purejewels.com\/tr\/urun\/22-ayar-sari-altin-boncuklu-kolye-55298\/\" \/>\n<meta property=\"og:site_name\" content=\"PureJewels UK\" \/>\n<meta property=\"article:modified_time\" content=\"2026-04-10T08:23:53+00:00\" \/>\n<meta property=\"og:image\" content=\"https:\/\/static.purejewels.com\/wp-content\/uploads\/2026\/04\/sku-54077-side.jpg\" \/>\n\t<meta property=\"og:image:width\" content=\"1000\" \/>\n\t<meta property=\"og:image:height\" content=\"1000\" \/>\n\t<meta property=\"og:image:type\" content=\"image\/jpeg\" \/>\n<meta name=\"twitter:card\" content=\"summary_large_image\" \/>\n<meta name=\"twitter:label1\" content=\"Tahmini okuma s\u00fcresi\" \/>\n\t<meta name=\"twitter:data1\" content=\"2 dakika\" \/>\n<script type=\"application\/ld+json\" class=\"yoast-schema-graph\">{\"@context\":\"https:\\\/\\\/schema.org\",\"@graph\":[{\"@type\":[\"WebPage\",\"ItemPage\"],\"@id\":\"https:\\\/\\\/www.purejewels.com\\\/product\\\/22ct-yellow-gold-beaded-necklace-55298\\\/\",\"url\":\"https:\\\/\\\/www.purejewels.com\\\/product\\\/22ct-yellow-gold-beaded-necklace-55298\\\/\",\"name\":\"22ct Yellow Gold Beaded Necklace | PureJewels London\",\"isPartOf\":{\"@id\":\"https:\\\/\\\/www.purejewels.com\\\/#website\"},\"primaryImageOfPage\":{\"@id\":\"https:\\\/\\\/www.purejewels.com\\\/product\\\/22ct-yellow-gold-beaded-necklace-55298\\\/#primaryimage\"},\"image\":{\"@id\":\"https:\\\/\\\/www.purejewels.com\\\/product\\\/22ct-yellow-gold-beaded-necklace-55298\\\/#primaryimage\"},\"thumbnailUrl\":\"https:\\\/\\\/static.purejewels.com\\\/wp-content\\\/uploads\\\/2026\\\/04\\\/sku-54077-side.jpg\",\"datePublished\":\"2026-04-10T07:31:43+00:00\",\"dateModified\":\"2026-04-10T08:23:53+00:00\",\"description\":\"Shop a 22ct yellow gold beaded necklace, crafted for everyday elegance. Lightweight, timeless and perfect for layering or gifting. Discover PureJewels London.\",\"breadcrumb\":{\"@id\":\"https:\\\/\\\/www.purejewels.com\\\/product\\\/22ct-yellow-gold-beaded-necklace-55298\\\/#breadcrumb\"},\"inLanguage\":\"tr\",\"potentialAction\":[{\"@type\":\"ReadAction\",\"target\":[\"https:\\\/\\\/www.purejewels.com\\\/product\\\/22ct-yellow-gold-beaded-necklace-55298\\\/\"]}]},{\"@type\":\"ImageObject\",\"inLanguage\":\"tr\",\"@id\":\"https:\\\/\\\/www.purejewels.com\\\/product\\\/22ct-yellow-gold-beaded-necklace-55298\\\/#primaryimage\",\"url\":\"https:\\\/\\\/static.purejewels.com\\\/wp-content\\\/uploads\\\/2026\\\/04\\\/sku-54077-side.jpg\",\"contentUrl\":\"https:\\\/\\\/static.purejewels.com\\\/wp-content\\\/uploads\\\/2026\\\/04\\\/sku-54077-side.jpg\",\"width\":1000,\"height\":1000,\"caption\":\"Stacked from 10 images. Method=B (R=8,S=4)\"},{\"@type\":\"BreadcrumbList\",\"@id\":\"https:\\\/\\\/www.purejewels.com\\\/product\\\/22ct-yellow-gold-beaded-necklace-55298\\\/#breadcrumb\",\"itemListElement\":[{\"@type\":\"ListItem\",\"position\":1,\"name\":\"Home\",\"item\":\"https:\\\/\\\/www.purejewels.com\\\/\"},{\"@type\":\"ListItem\",\"position\":2,\"name\":\"Shop\",\"item\":\"https:\\\/\\\/www.purejewels.com\\\/shop\\\/\"},{\"@type\":\"ListItem\",\"position\":3,\"name\":\"22ct Yellow Gold Beaded Necklace\"}]},{\"@type\":\"WebSite\",\"@id\":\"https:\\\/\\\/www.purejewels.com\\\/#website\",\"url\":\"https:\\\/\\\/www.purejewels.com\\\/\",\"name\":\"PureJewels UK\",\"description\":\"Share the Love\",\"publisher\":{\"@id\":\"https:\\\/\\\/www.purejewels.com\\\/#organization\"},\"potentialAction\":[{\"@type\":\"SearchAction\",\"target\":{\"@type\":\"EntryPoint\",\"urlTemplate\":\"https:\\\/\\\/www.purejewels.com\\\/?s={search_term_string}\"},\"query-input\":{\"@type\":\"PropertyValueSpecification\",\"valueRequired\":true,\"valueName\":\"search_term_string\"}}],\"inLanguage\":\"tr\"},{\"@type\":\"Organization\",\"@id\":\"https:\\\/\\\/www.purejewels.com\\\/#organization\",\"name\":\"PureJewels UK\",\"url\":\"https:\\\/\\\/www.purejewels.com\\\/\",\"logo\":{\"@type\":\"ImageObject\",\"inLanguage\":\"tr\",\"@id\":\"https:\\\/\\\/www.purejewels.com\\\/#\\\/schema\\\/logo\\\/image\\\/\",\"url\":\"https:\\\/\\\/static.purejewels.com\\\/wp-content\\\/uploads\\\/2020\\\/11\\\/Logo-PJ-New-1.png\",\"contentUrl\":\"https:\\\/\\\/static.purejewels.com\\\/wp-content\\\/uploads\\\/2020\\\/11\\\/Logo-PJ-New-1.png\",\"width\":150,\"height\":80,\"caption\":\"PureJewels UK\"},\"image\":{\"@id\":\"https:\\\/\\\/www.purejewels.com\\\/#\\\/schema\\\/logo\\\/image\\\/\"}}]}<\/script>\n<!-- \/ Yoast SEO plugin. -->","yoast_head_json":{"title":"22 Ayar Sar\u0131 Alt\u0131n Boncuklu Kolye | PureJewels London","description":"G\u00fcnl\u00fck \u015f\u0131kl\u0131k i\u00e7in haz\u0131rlanm\u0131\u015f 22 ayar sar\u0131 alt\u0131n boncuklu kolye sat\u0131n al\u0131n. Hafif, zamans\u0131z ve kat kat takmak veya hediye etmek i\u00e7in m\u00fckemmel. PureJewels Londra'y\u0131 ke\u015ffedin.","robots":{"index":"index","follow":"follow","max-snippet":"max-snippet:-1","max-image-preview":"max-image-preview:large","max-video-preview":"max-video-preview:-1"},"canonical":"https:\/\/www.purejewels.com\/tr\/urun\/22-ayar-sari-altin-boncuklu-kolye-55298\/","og_locale":"tr_TR","og_type":"article","og_title":"22ct Yellow Gold Beaded Necklace | PureJewels London","og_description":"Shop a 22ct yellow gold beaded necklace, crafted for everyday elegance. Lightweight, timeless and perfect for layering or gifting. Discover PureJewels London.","og_url":"https:\/\/www.purejewels.com\/tr\/urun\/22-ayar-sari-altin-boncuklu-kolye-55298\/","og_site_name":"PureJewels UK","article_modified_time":"2026-04-10T08:23:53+00:00","og_image":[{"width":1000,"height":1000,"url":"https:\/\/static.purejewels.com\/wp-content\/uploads\/2026\/04\/sku-54077-side.jpg","type":"image\/jpeg"}],"twitter_card":"summary_large_image","twitter_misc":{"Tahmini okuma s\u00fcresi":"2 dakika"},"schema":{"@context":"https:\/\/schema.org","@graph":[{"@type":["WebPage","ItemPage"],"@id":"https:\/\/www.purejewels.com\/product\/22ct-yellow-gold-beaded-necklace-55298\/","url":"https:\/\/www.purejewels.com\/product\/22ct-yellow-gold-beaded-necklace-55298\/","name":"22 Ayar Sar\u0131 Alt\u0131n Boncuklu Kolye | PureJewels London","isPartOf":{"@id":"https:\/\/www.purejewels.com\/#website"},"primaryImageOfPage":{"@id":"https:\/\/www.purejewels.com\/product\/22ct-yellow-gold-beaded-necklace-55298\/#primaryimage"},"image":{"@id":"https:\/\/www.purejewels.com\/product\/22ct-yellow-gold-beaded-necklace-55298\/#primaryimage"},"thumbnailUrl":"https:\/\/static.purejewels.com\/wp-content\/uploads\/2026\/04\/sku-54077-side.jpg","datePublished":"2026-04-10T07:31:43+00:00","dateModified":"2026-04-10T08:23:53+00:00","description":"G\u00fcnl\u00fck \u015f\u0131kl\u0131k i\u00e7in haz\u0131rlanm\u0131\u015f 22 ayar sar\u0131 alt\u0131n boncuklu kolye sat\u0131n al\u0131n. Hafif, zamans\u0131z ve kat kat takmak veya hediye etmek i\u00e7in m\u00fckemmel. PureJewels Londra'y\u0131 ke\u015ffedin.","breadcrumb":{"@id":"https:\/\/www.purejewels.com\/product\/22ct-yellow-gold-beaded-necklace-55298\/#breadcrumb"},"inLanguage":"tr","potentialAction":[{"@type":"ReadAction","target":["https:\/\/www.purejewels.com\/product\/22ct-yellow-gold-beaded-necklace-55298\/"]}]},{"@type":"ImageObject","inLanguage":"tr","@id":"https:\/\/www.purejewels.com\/product\/22ct-yellow-gold-beaded-necklace-55298\/#primaryimage","url":"https:\/\/static.purejewels.com\/wp-content\/uploads\/2026\/04\/sku-54077-side.jpg","contentUrl":"https:\/\/static.purejewels.com\/wp-content\/uploads\/2026\/04\/sku-54077-side.jpg","width":1000,"height":1000,"caption":"Stacked from 10 images. Method=B (R=8,S=4)"},{"@type":"BreadcrumbList","@id":"https:\/\/www.purejewels.com\/product\/22ct-yellow-gold-beaded-necklace-55298\/#breadcrumb","itemListElement":[{"@type":"ListItem","position":1,"name":"Home","item":"https:\/\/www.purejewels.com\/"},{"@type":"ListItem","position":2,"name":"Shop","item":"https:\/\/www.purejewels.com\/shop\/"},{"@type":"ListItem","position":3,"name":"22ct Yellow Gold Beaded Necklace"}]},{"@type":"WebSite","@id":"https:\/\/www.purejewels.com\/#website","url":"https:\/\/www.purejewels.com\/","name":"PureJewels \u0130ngiltere","description":"Sevgiyi Payla\u015f\u0131n","publisher":{"@id":"https:\/\/www.purejewels.com\/#organization"},"potentialAction":[{"@type":"SearchAction","target":{"@type":"EntryPoint","urlTemplate":"https:\/\/www.purejewels.com\/?s={search_term_string}"},"query-input":{"@type":"PropertyValueSpecification","valueRequired":true,"valueName":"search_term_string"}}],"inLanguage":"tr"},{"@type":"Organization","@id":"https:\/\/www.purejewels.com\/#organization","name":"PureJewels \u0130ngiltere","url":"https:\/\/www.purejewels.com\/","logo":{"@type":"ImageObject","inLanguage":"tr","@id":"https:\/\/www.purejewels.com\/#\/schema\/logo\/image\/","url":"https:\/\/static.purejewels.com\/wp-content\/uploads\/2020\/11\/Logo-PJ-New-1.png","contentUrl":"https:\/\/static.purejewels.com\/wp-content\/uploads\/2020\/11\/Logo-PJ-New-1.png","width":150,"height":80,"caption":"PureJewels UK"},"image":{"@id":"https:\/\/www.purejewels.com\/#\/schema\/logo\/image\/"}}]}},"_links":{"self":[{"href":"https:\/\/www.purejewels.com\/tr\/wp-json\/wp\/v2\/product\/428265","targetHints":{"allow":["GET"]}}],"collection":[{"href":"https:\/\/www.purejewels.com\/tr\/wp-json\/wp\/v2\/product"}],"about":[{"href":"https:\/\/www.purejewels.com\/tr\/wp-json\/wp\/v2\/types\/product"}],"replies":[{"embeddable":true,"href":"https:\/\/www.purejewels.com\/tr\/wp-json\/wp\/v2\/comments?post=428265"}],"version-history":[{"count":3,"href":"https:\/\/www.purejewels.com\/tr\/wp-json\/wp\/v2\/product\/428265\/revisions"}],"predecessor-version":[{"id":428272,"href":"https:\/\/www.purejewels.com\/tr\/wp-json\/wp\/v2\/product\/428265\/revisions\/428272"}],"wp:featuredmedia":[{"embeddable":true,"href":"https:\/\/www.purejewels.com\/tr\/wp-json\/wp\/v2\/media\/428266"}],"wp:attachment":[{"href":"https:\/\/www.purejewels.com\/tr\/wp-json\/wp\/v2\/media?parent=428265"}],"wp:term":[{"taxonomy":"product_brand","embeddable":true,"href":"https:\/\/www.purejewels.com\/tr\/wp-json\/wp\/v2\/product_brand?post=428265"},{"taxonomy":"product_cat","embeddable":true,"href":"https:\/\/www.purejewels.com\/tr\/wp-json\/wp\/v2\/product_cat?post=428265"},{"taxonomy":"product_tag","embeddable":true,"href":"https:\/\/www.purejewels.com\/tr\/wp-json\/wp\/v2\/product_tag?post=428265"}],"curies":[{"name":"wp","href":"https:\/\/api.w.org\/{rel}","templated":true}]}}