{"id":428290,"date":"2026-03-10T11:00:32","date_gmt":"2026-03-10T11:00:32","guid":{"rendered":"https:\/\/www.purejewels.com\/?post_type=product&#038;p=428290"},"modified":"2026-04-10T11:15:28","modified_gmt":"2026-04-10T10:15:28","slug":"22-ayar-sari-altin-kutu-spiral-zincir-55415","status":"publish","type":"product","link":"https:\/\/www.purejewels.com\/tr\/product\/22ct-yellow-gold-box-spiral-chain-55415\/","title":{"rendered":"22 Ayar Sar\u0131 Alt\u0131n Kutu Spiral Zincir | 16 \u0130n\u00e7"},"content":{"rendered":"<p><strong>Tasar\u0131m Konsepti<\/strong><\/p>\n<p>Bu zincir bir yap\u0131 ve hareket \u00e7al\u0131\u015fmas\u0131d\u0131r. Klasik kutu halkas\u0131, hafif bir spiral ritimle yeniden tasarlanarak hem modern hem de zamans\u0131z hissettiren bir \u0131\u015f\u0131k ve doku oyunu yarat\u0131yor. De\u011fi\u015fken desen, sessiz bir dinamizm sunar - her bir par\u00e7a, temsil etti\u011fi geli\u015fen yolculuk gibi \u0131\u015f\u0131\u011f\u0131n farkl\u0131 bir y\u00f6n\u00fcn\u00fc yans\u0131t\u0131r. PureJewels'in yolculuklar\u0131 kutlama felsefesine dayanan spiral motif, s\u00fcreklili\u011fi, b\u00fcy\u00fcmeyi ve ileriye do\u011fru hareketi sembolize ediyor.<\/p>\n<p><strong>Zanaatkarl\u0131k<\/strong><\/p>\n<p>Zengin 22 ayar sar\u0131 alt\u0131ndan \u00fcretilen bu zincir, uzman kuyumculu\u011fun hassasiyetini ve miras\u0131n\u0131 yans\u0131t\u0131yor. Her bir kutu bakla, sa\u011flaml\u0131k, simetri ve kesintisiz bir ak\u0131\u015f sa\u011flamak i\u00e7in titizlikle \u015fekillendirilmi\u015f ve hizalanm\u0131\u015ft\u0131r. Spiral dokulu segmentler, derinlik ve parlakl\u0131\u011f\u0131 artt\u0131rmak i\u00e7in \u00f6zenle tamamlanm\u0131\u015ft\u0131r ve cilde kar\u015f\u0131 p\u00fcr\u00fczs\u00fcz, rahat bir his verirken dokunsal ve g\u00f6rsel bir kontrast sunar. Hem dayan\u0131kl\u0131l\u0131k hem de zarafet i\u00e7in tasarlanan bu zincir, g\u00fcnl\u00fck kullan\u0131m i\u00e7in yeterince hafif kal\u0131rken yap\u0131s\u0131n\u0131 g\u00fczel bir \u015fekilde korur; rafine i\u015f\u00e7ili\u011fin ve kal\u0131c\u0131 kalitenin somut bir \u00f6rne\u011fidir.<\/p>\n<p><strong>Stil Fikirleri<\/strong><\/p>\n<p>Stilinize zahmetsizce uyum sa\u011flayan \u00e7ok y\u00f6nl\u00fc bir zincir:<\/p>\n<ul>\n<li>\u0130fade Sadeli\u011fi: Karma\u015f\u0131k dokusunu ve yap\u0131land\u0131r\u0131lm\u0131\u015f zarafetini vurgulamak i\u00e7in tek ba\u015f\u0131na giyin.<\/li>\n<li>Katmanl\u0131 G\u00f6r\u00fcn\u00fcm: Derinlik ve \u00e7a\u011fda\u015f katmanl\u0131 bir estetik yaratmak i\u00e7in daha ince veya daha uzun zincirlerle e\u015fle\u015ftirin.<\/li>\n<li>Kolye E\u015fle\u015ftirme: Tasar\u0131m\u0131 a\u015f\u0131r\u0131ya ka\u00e7madan ki\u015fiselle\u015ftirilmi\u015f bir dokunu\u015f i\u00e7in sade bir alt\u0131n kolye ucu ekleyin.<\/li>\n<li>G\u00fcnd\u00fczden Geceye: \u0130nce detaylar\u0131 sayesinde hem g\u00fcnl\u00fck kullan\u0131m i\u00e7in hem de daha \u015f\u0131k davetler i\u00e7in uygundur.<\/li>\n<\/ul>","protected":false},"excerpt":{"rendered":"<p>\u0130nce bir b\u00fck\u00fclme efekti yaratan karma\u015f\u0131k dokulu baklalara sahip, 22 ayar sar\u0131 alt\u0131n kutu spiral zincir. Zarif, dayan\u0131kl\u0131 ve g\u00fcnl\u00fck kullan\u0131m veya katmanlama i\u00e7in ideal.<\/p>\n<p><strong>Malzeme:<\/strong>\u00a022 Ayar Alt\u0131n (91,6% Saf Alt\u0131n)<strong><br \/>\nHallmark:\u00a0<\/strong>\u0130ngiliz Damgas\u0131<strong><br \/>\n<\/strong><strong>Br\u00fct A\u011f\u0131rl\u0131k: <\/strong>5.89 Gms<br \/>\n<strong>SKU:<\/strong> 55415, 55416, 55417, 55419, 55420<br \/>\n<strong>Uzunluk:<\/strong>\u00a016 \u0130n\u00e7<br \/>\n<strong>Fiyat ve Teslimat:<\/strong>\u00a0KDV ve teslimat \u00fccretleri dahil<strong><br \/>\n<a href=\"https:\/\/www.purejewels.com\/tr\/i%cc%87ade-poli%cc%87ti%cc%87kasi\/\">\u0130ade Politikas\u0131<\/a><\/strong><\/p>","protected":false},"featured_media":428292,"comment_status":"closed","ping_status":"closed","template":"","meta":{"_eb_attr":"","_crsspst_to_jayantr4sg-hostcom":true},"product_brand":[],"product_cat":[1791,1559,5267,1794,1475,1229,5343,1569,1574,5349],"product_tag":[],"class_list":{"0":"post-428290","1":"product","2":"type-product","3":"status-publish","4":"has-post-thumbnail","6":"product_cat-anniversary-gifts","7":"product_cat-birthday-gifts","8":"product_cat-box-chain","9":"product_cat-christmas-gifts","10":"product_cat-gold-chains","11":"product_cat-22ct-gold-jewellery","12":"product_cat-jewellery-under-550","13":"product_cat-valentine-day-gifts","14":"product_cat-womens-jewellery","15":"product_cat-yellow-gold-jewellery","17":"first","18":"instock","19":"taxable","20":"shipping-taxable","21":"purchasable","22":"product-type-simple","23":"add-to-wishlist-before_image"},"yoast_head":"<!-- This site is optimized with the Yoast SEO plugin v27.3 - https:\/\/yoast.com\/product\/yoast-seo-wordpress\/ -->\n<title>Shop 22ct Yellow Gold Box Spiral Chain | PureJewels London<\/title>\n<meta name=\"description\" content=\"Explore a 22ct yellow gold box spiral chain, crafted with textured detailing for a refined everyday look. Elegant, durable and perfect for layering or solo wear.\" \/>\n<meta name=\"robots\" content=\"index, follow, max-snippet:-1, max-image-preview:large, max-video-preview:-1\" \/>\n<link rel=\"canonical\" href=\"https:\/\/www.purejewels.com\/tr\/urun\/22-ayar-sari-altin-kutu-spiral-zincir-55415\/\" \/>\n<meta property=\"og:locale\" content=\"tr_TR\" \/>\n<meta property=\"og:type\" content=\"article\" \/>\n<meta property=\"og:title\" content=\"Shop 22ct Yellow Gold Box Spiral Chain | PureJewels London\" \/>\n<meta property=\"og:description\" content=\"Explore a 22ct yellow gold box spiral chain, crafted with textured detailing for a refined everyday look. Elegant, durable and perfect for layering or solo wear.\" \/>\n<meta property=\"og:url\" content=\"https:\/\/www.purejewels.com\/tr\/urun\/22-ayar-sari-altin-kutu-spiral-zincir-55415\/\" \/>\n<meta property=\"og:site_name\" content=\"PureJewels UK\" \/>\n<meta property=\"article:modified_time\" content=\"2026-04-10T10:15:28+00:00\" \/>\n<meta property=\"og:image\" content=\"https:\/\/static.purejewels.com\/wp-content\/uploads\/2026\/04\/sku-55416-side.jpg\" \/>\n\t<meta property=\"og:image:width\" content=\"1000\" \/>\n\t<meta property=\"og:image:height\" content=\"1000\" \/>\n\t<meta property=\"og:image:type\" content=\"image\/jpeg\" \/>\n<meta name=\"twitter:card\" content=\"summary_large_image\" \/>\n<meta name=\"twitter:label1\" content=\"Tahmini okuma s\u00fcresi\" \/>\n\t<meta name=\"twitter:data1\" content=\"2 dakika\" \/>\n<script type=\"application\/ld+json\" class=\"yoast-schema-graph\">{\"@context\":\"https:\\\/\\\/schema.org\",\"@graph\":[{\"@type\":[\"WebPage\",\"ItemPage\"],\"@id\":\"https:\\\/\\\/www.purejewels.com\\\/product\\\/22ct-yellow-gold-box-spiral-chain-55415\\\/\",\"url\":\"https:\\\/\\\/www.purejewels.com\\\/product\\\/22ct-yellow-gold-box-spiral-chain-55415\\\/\",\"name\":\"Shop 22ct Yellow Gold Box Spiral Chain | PureJewels London\",\"isPartOf\":{\"@id\":\"https:\\\/\\\/www.purejewels.com\\\/#website\"},\"primaryImageOfPage\":{\"@id\":\"https:\\\/\\\/www.purejewels.com\\\/product\\\/22ct-yellow-gold-box-spiral-chain-55415\\\/#primaryimage\"},\"image\":{\"@id\":\"https:\\\/\\\/www.purejewels.com\\\/product\\\/22ct-yellow-gold-box-spiral-chain-55415\\\/#primaryimage\"},\"thumbnailUrl\":\"https:\\\/\\\/static.purejewels.com\\\/wp-content\\\/uploads\\\/2026\\\/04\\\/sku-55416-side.jpg\",\"datePublished\":\"2026-03-10T11:00:32+00:00\",\"dateModified\":\"2026-04-10T10:15:28+00:00\",\"description\":\"Explore a 22ct yellow gold box spiral chain, crafted with textured detailing for a refined everyday look. Elegant, durable and perfect for layering or solo wear.\",\"breadcrumb\":{\"@id\":\"https:\\\/\\\/www.purejewels.com\\\/product\\\/22ct-yellow-gold-box-spiral-chain-55415\\\/#breadcrumb\"},\"inLanguage\":\"tr\",\"potentialAction\":[{\"@type\":\"ReadAction\",\"target\":[\"https:\\\/\\\/www.purejewels.com\\\/product\\\/22ct-yellow-gold-box-spiral-chain-55415\\\/\"]}]},{\"@type\":\"ImageObject\",\"inLanguage\":\"tr\",\"@id\":\"https:\\\/\\\/www.purejewels.com\\\/product\\\/22ct-yellow-gold-box-spiral-chain-55415\\\/#primaryimage\",\"url\":\"https:\\\/\\\/static.purejewels.com\\\/wp-content\\\/uploads\\\/2026\\\/04\\\/sku-55416-side.jpg\",\"contentUrl\":\"https:\\\/\\\/static.purejewels.com\\\/wp-content\\\/uploads\\\/2026\\\/04\\\/sku-55416-side.jpg\",\"width\":1000,\"height\":1000,\"caption\":\"Stacked from 10 images. Method=B (R=8,S=4)\"},{\"@type\":\"BreadcrumbList\",\"@id\":\"https:\\\/\\\/www.purejewels.com\\\/product\\\/22ct-yellow-gold-box-spiral-chain-55415\\\/#breadcrumb\",\"itemListElement\":[{\"@type\":\"ListItem\",\"position\":1,\"name\":\"Home\",\"item\":\"https:\\\/\\\/www.purejewels.com\\\/\"},{\"@type\":\"ListItem\",\"position\":2,\"name\":\"Shop\",\"item\":\"https:\\\/\\\/www.purejewels.com\\\/shop\\\/\"},{\"@type\":\"ListItem\",\"position\":3,\"name\":\"22ct Yellow Gold Box Spiral Chain | 16 Inch\"}]},{\"@type\":\"WebSite\",\"@id\":\"https:\\\/\\\/www.purejewels.com\\\/#website\",\"url\":\"https:\\\/\\\/www.purejewels.com\\\/\",\"name\":\"PureJewels UK\",\"description\":\"Share the Love\",\"publisher\":{\"@id\":\"https:\\\/\\\/www.purejewels.com\\\/#organization\"},\"potentialAction\":[{\"@type\":\"SearchAction\",\"target\":{\"@type\":\"EntryPoint\",\"urlTemplate\":\"https:\\\/\\\/www.purejewels.com\\\/?s={search_term_string}\"},\"query-input\":{\"@type\":\"PropertyValueSpecification\",\"valueRequired\":true,\"valueName\":\"search_term_string\"}}],\"inLanguage\":\"tr\"},{\"@type\":\"Organization\",\"@id\":\"https:\\\/\\\/www.purejewels.com\\\/#organization\",\"name\":\"PureJewels UK\",\"url\":\"https:\\\/\\\/www.purejewels.com\\\/\",\"logo\":{\"@type\":\"ImageObject\",\"inLanguage\":\"tr\",\"@id\":\"https:\\\/\\\/www.purejewels.com\\\/#\\\/schema\\\/logo\\\/image\\\/\",\"url\":\"https:\\\/\\\/static.purejewels.com\\\/wp-content\\\/uploads\\\/2020\\\/11\\\/Logo-PJ-New-1.png\",\"contentUrl\":\"https:\\\/\\\/static.purejewels.com\\\/wp-content\\\/uploads\\\/2020\\\/11\\\/Logo-PJ-New-1.png\",\"width\":150,\"height\":80,\"caption\":\"PureJewels UK\"},\"image\":{\"@id\":\"https:\\\/\\\/www.purejewels.com\\\/#\\\/schema\\\/logo\\\/image\\\/\"}}]}<\/script>\n<!-- \/ Yoast SEO plugin. -->","yoast_head_json":{"title":"22 Ayar Sar\u0131 Alt\u0131n Kutu Spiral Zincir Ma\u011fazas\u0131 | PureJewels London","description":"Zarif bir g\u00fcnl\u00fck g\u00f6r\u00fcn\u00fcm i\u00e7in dokulu detaylarla haz\u0131rlanm\u0131\u015f 22 ayar sar\u0131 alt\u0131n kutu spiral zinciri ke\u015ffedin. Zarif, dayan\u0131kl\u0131 ve kat kat veya tek ba\u015f\u0131na kullan\u0131m i\u00e7in m\u00fckemmel.","robots":{"index":"index","follow":"follow","max-snippet":"max-snippet:-1","max-image-preview":"max-image-preview:large","max-video-preview":"max-video-preview:-1"},"canonical":"https:\/\/www.purejewels.com\/tr\/urun\/22-ayar-sari-altin-kutu-spiral-zincir-55415\/","og_locale":"tr_TR","og_type":"article","og_title":"Shop 22ct Yellow Gold Box Spiral Chain | PureJewels London","og_description":"Explore a 22ct yellow gold box spiral chain, crafted with textured detailing for a refined everyday look. Elegant, durable and perfect for layering or solo wear.","og_url":"https:\/\/www.purejewels.com\/tr\/urun\/22-ayar-sari-altin-kutu-spiral-zincir-55415\/","og_site_name":"PureJewels UK","article_modified_time":"2026-04-10T10:15:28+00:00","og_image":[{"width":1000,"height":1000,"url":"https:\/\/static.purejewels.com\/wp-content\/uploads\/2026\/04\/sku-55416-side.jpg","type":"image\/jpeg"}],"twitter_card":"summary_large_image","twitter_misc":{"Tahmini okuma s\u00fcresi":"2 dakika"},"schema":{"@context":"https:\/\/schema.org","@graph":[{"@type":["WebPage","ItemPage"],"@id":"https:\/\/www.purejewels.com\/product\/22ct-yellow-gold-box-spiral-chain-55415\/","url":"https:\/\/www.purejewels.com\/product\/22ct-yellow-gold-box-spiral-chain-55415\/","name":"22 Ayar Sar\u0131 Alt\u0131n Kutu Spiral Zincir Ma\u011fazas\u0131 | PureJewels London","isPartOf":{"@id":"https:\/\/www.purejewels.com\/#website"},"primaryImageOfPage":{"@id":"https:\/\/www.purejewels.com\/product\/22ct-yellow-gold-box-spiral-chain-55415\/#primaryimage"},"image":{"@id":"https:\/\/www.purejewels.com\/product\/22ct-yellow-gold-box-spiral-chain-55415\/#primaryimage"},"thumbnailUrl":"https:\/\/static.purejewels.com\/wp-content\/uploads\/2026\/04\/sku-55416-side.jpg","datePublished":"2026-03-10T11:00:32+00:00","dateModified":"2026-04-10T10:15:28+00:00","description":"Zarif bir g\u00fcnl\u00fck g\u00f6r\u00fcn\u00fcm i\u00e7in dokulu detaylarla haz\u0131rlanm\u0131\u015f 22 ayar sar\u0131 alt\u0131n kutu spiral zinciri ke\u015ffedin. Zarif, dayan\u0131kl\u0131 ve kat kat veya tek ba\u015f\u0131na kullan\u0131m i\u00e7in m\u00fckemmel.","breadcrumb":{"@id":"https:\/\/www.purejewels.com\/product\/22ct-yellow-gold-box-spiral-chain-55415\/#breadcrumb"},"inLanguage":"tr","potentialAction":[{"@type":"ReadAction","target":["https:\/\/www.purejewels.com\/product\/22ct-yellow-gold-box-spiral-chain-55415\/"]}]},{"@type":"ImageObject","inLanguage":"tr","@id":"https:\/\/www.purejewels.com\/product\/22ct-yellow-gold-box-spiral-chain-55415\/#primaryimage","url":"https:\/\/static.purejewels.com\/wp-content\/uploads\/2026\/04\/sku-55416-side.jpg","contentUrl":"https:\/\/static.purejewels.com\/wp-content\/uploads\/2026\/04\/sku-55416-side.jpg","width":1000,"height":1000,"caption":"Stacked from 10 images. Method=B (R=8,S=4)"},{"@type":"BreadcrumbList","@id":"https:\/\/www.purejewels.com\/product\/22ct-yellow-gold-box-spiral-chain-55415\/#breadcrumb","itemListElement":[{"@type":"ListItem","position":1,"name":"Home","item":"https:\/\/www.purejewels.com\/"},{"@type":"ListItem","position":2,"name":"Shop","item":"https:\/\/www.purejewels.com\/shop\/"},{"@type":"ListItem","position":3,"name":"22ct Yellow Gold Box Spiral Chain | 16 Inch"}]},{"@type":"WebSite","@id":"https:\/\/www.purejewels.com\/#website","url":"https:\/\/www.purejewels.com\/","name":"PureJewels \u0130ngiltere","description":"Sevgiyi Payla\u015f\u0131n","publisher":{"@id":"https:\/\/www.purejewels.com\/#organization"},"potentialAction":[{"@type":"SearchAction","target":{"@type":"EntryPoint","urlTemplate":"https:\/\/www.purejewels.com\/?s={search_term_string}"},"query-input":{"@type":"PropertyValueSpecification","valueRequired":true,"valueName":"search_term_string"}}],"inLanguage":"tr"},{"@type":"Organization","@id":"https:\/\/www.purejewels.com\/#organization","name":"PureJewels \u0130ngiltere","url":"https:\/\/www.purejewels.com\/","logo":{"@type":"ImageObject","inLanguage":"tr","@id":"https:\/\/www.purejewels.com\/#\/schema\/logo\/image\/","url":"https:\/\/static.purejewels.com\/wp-content\/uploads\/2020\/11\/Logo-PJ-New-1.png","contentUrl":"https:\/\/static.purejewels.com\/wp-content\/uploads\/2020\/11\/Logo-PJ-New-1.png","width":150,"height":80,"caption":"PureJewels UK"},"image":{"@id":"https:\/\/www.purejewels.com\/#\/schema\/logo\/image\/"}}]}},"_links":{"self":[{"href":"https:\/\/www.purejewels.com\/tr\/wp-json\/wp\/v2\/product\/428290","targetHints":{"allow":["GET"]}}],"collection":[{"href":"https:\/\/www.purejewels.com\/tr\/wp-json\/wp\/v2\/product"}],"about":[{"href":"https:\/\/www.purejewels.com\/tr\/wp-json\/wp\/v2\/types\/product"}],"replies":[{"embeddable":true,"href":"https:\/\/www.purejewels.com\/tr\/wp-json\/wp\/v2\/comments?post=428290"}],"version-history":[{"count":2,"href":"https:\/\/www.purejewels.com\/tr\/wp-json\/wp\/v2\/product\/428290\/revisions"}],"predecessor-version":[{"id":428295,"href":"https:\/\/www.purejewels.com\/tr\/wp-json\/wp\/v2\/product\/428290\/revisions\/428295"}],"wp:featuredmedia":[{"embeddable":true,"href":"https:\/\/www.purejewels.com\/tr\/wp-json\/wp\/v2\/media\/428292"}],"wp:attachment":[{"href":"https:\/\/www.purejewels.com\/tr\/wp-json\/wp\/v2\/media?parent=428290"}],"wp:term":[{"taxonomy":"product_brand","embeddable":true,"href":"https:\/\/www.purejewels.com\/tr\/wp-json\/wp\/v2\/product_brand?post=428290"},{"taxonomy":"product_cat","embeddable":true,"href":"https:\/\/www.purejewels.com\/tr\/wp-json\/wp\/v2\/product_cat?post=428290"},{"taxonomy":"product_tag","embeddable":true,"href":"https:\/\/www.purejewels.com\/tr\/wp-json\/wp\/v2\/product_tag?post=428290"}],"curies":[{"name":"wp","href":"https:\/\/api.w.org\/{rel}","templated":true}]}}