{"id":428346,"date":"2026-01-13T06:12:54","date_gmt":"2026-01-13T06:12:54","guid":{"rendered":"https:\/\/www.purejewels.com\/?post_type=product&#038;p=428346"},"modified":"2026-04-13T06:28:08","modified_gmt":"2026-04-13T05:28:08","slug":"22-ayar-altin-rodyum-kaplama-boncuklu-kutu-zincir-46599","status":"publish","type":"product","link":"https:\/\/www.purejewels.com\/tr\/product\/22ct-gold-rhodium-plated-box-chain-with-beads-46599\/","title":{"rendered":"22 Ayar Alt\u0131n Rodyum Kaplama Boncuklu Kutu Zincir - 18 \u0130n\u00e7"},"content":{"rendered":"<p><strong>Tasar\u0131m Konsepti<\/strong><br \/>\nBu zincir, kutu zincirin hassasiyetinin e\u015fit aral\u0131kl\u0131 alt\u0131n boncuklar\u0131n nazik ritmiyle bulu\u015ftu\u011fu sessiz detaylar\u0131n bir kutlamas\u0131d\u0131r. S\u0131cak 22 ayar alt\u0131n ve rodyum kaplaman\u0131n so\u011fuk parlakl\u0131\u011f\u0131n\u0131n etkile\u015fimi, zarif bir \u00e7ift ton esteti\u011fi yaratarak zamans\u0131z bir formun modern bir ifadesini sunuyor.<\/p>\n<p><strong>Zanaatkarl\u0131k<\/strong><br \/>\nAk\u0131\u015fkanl\u0131k ve finisaja odaklan\u0131larak ustal\u0131kla haz\u0131rlanan kutu zincirin her bir halkas\u0131 cilde yumu\u015fak bir \u015fekilde oturarak hem rahatl\u0131k hem de dayan\u0131kl\u0131l\u0131k sa\u011flamak \u00fczere tasarlanm\u0131\u015ft\u0131r. Boncuklar denge ve simetriyi korumak i\u00e7in titizlikle yerle\u015ftirilirken rodyum kaplama parlakl\u0131\u011f\u0131 art\u0131r\u0131r ve zarif bir kontrast katar. T\u00fcm PureJewels kreasyonlar\u0131nda oldu\u011fu gibi, \u00f6zg\u00fcnl\u00fck i\u00e7in damgalanm\u0131\u015ft\u0131r ve en y\u00fcksek standartlarda \u00fcretilmi\u015ftir.<\/p>\n<p><strong>Stil Fikirleri<\/strong><br \/>\nSadeli\u011fiyle zarif olan bu zincir, minimal bir g\u00f6r\u00fcn\u00fcm i\u00e7in tek ba\u015f\u0131na zahmetsizce tak\u0131labilir veya derinlik ve doku olu\u015fturmak i\u00e7in di\u011fer par\u00e7alarla katmanland\u0131r\u0131labilir. \u00c7ift tonlu kaplamas\u0131, hem alt\u0131n hem de beyaz metal tak\u0131larla g\u00fczel bir \u015fekilde e\u015fle\u015fmesini sa\u011flayarak hem g\u00fcnl\u00fck kullan\u0131m hem de \u00f6zel g\u00fcnler i\u00e7in \u00e7ok y\u00f6nl\u00fc bir katk\u0131 sa\u011flar.<\/p>","protected":false},"excerpt":{"rendered":"<p>Zarif boncuklarla vurgulanm\u0131\u015f ve ince bir \u00e7ift ton zarafeti i\u00e7in rodyum kaplamayla tamamlanm\u0131\u015f zarif bir 22 ayar alt\u0131n kutu zincir. 18 in\u00e7 uzunlu\u011funda tasarlanan bu par\u00e7a, g\u00fcnl\u00fck kullan\u0131m i\u00e7in zamans\u0131z bir sofistike g\u00f6r\u00fcn\u00fcm sunar.<\/p>\n<p><strong>Malzeme:<\/strong>\u00a022 Ayar Alt\u0131n (91,6% Saf Alt\u0131n)<strong><br \/>\nHallmark:\u00a0<\/strong>\u0130ngiliz Damgas\u0131<strong><br \/>\n<\/strong><strong>Br\u00fct A\u011f\u0131rl\u0131k: <\/strong>6.70 Gms<br \/>\n<strong>Uzunluk:<\/strong> 18 in\u00e7<br \/>\n<strong>Bitir:<\/strong>\u00a0Rodyum<br \/>\n<strong>SKU:<\/strong> 46599<\/p>\n<p><strong>Fiyat ve Teslimat<\/strong>: KDV ve teslimat \u00fccreti dahil<br \/>\n<a href=\"https:\/\/www.purejewels.com\/tr\/i%cc%87ade-poli%cc%87ti%cc%87kasi\/\">\u0130ade Politikas\u0131<\/a><\/p>","protected":false},"featured_media":428348,"comment_status":"closed","ping_status":"closed","template":"","meta":{"_eb_attr":"","_crsspst_to_jayantr4sg-hostcom":true},"product_brand":[],"product_cat":[5014,5264,5267,1794,1475,1229,1773,1570,1575,1573,1574],"product_tag":[],"class_list":{"0":"post-428346","1":"product","2":"type-product","3":"status-publish","4":"has-post-thumbnail","6":"product_cat-18-inch-ladies-chain","7":"product_cat-22ct-gold-chain","8":"product_cat-box-chain","9":"product_cat-christmas-gifts","10":"product_cat-gold-chains","11":"product_cat-22ct-gold-jewellery","12":"product_cat-ladies-chains","13":"product_cat-mothers-day-gifts","14":"product_cat-teenage-jewellery","15":"product_cat-wedding-gifts","16":"product_cat-womens-jewellery","18":"first","19":"instock","20":"featured","21":"taxable","22":"shipping-taxable","23":"purchasable","24":"product-type-simple","25":"add-to-wishlist-before_image"},"yoast_head":"<!-- This site is optimized with the Yoast SEO plugin v27.4 - https:\/\/yoast.com\/product\/yoast-seo-wordpress\/ -->\n<title>22ct Gold Rhodium Plated Box Chain with Beads \u2013 18 Inch<\/title>\n<meta name=\"description\" content=\"Discover a refined 22ct gold box chain with delicate beads and rhodium plating. Elegant dual-tone finish, 18 inch length. Shop timeless gold chains at PureJewels London.\" \/>\n<meta name=\"robots\" content=\"index, follow, max-snippet:-1, max-image-preview:large, max-video-preview:-1\" \/>\n<link rel=\"canonical\" href=\"https:\/\/www.purejewels.com\/tr\/urun\/22-ayar-altin-rodyum-kaplama-boncuklu-kutu-zincir-46599\/\" \/>\n<meta property=\"og:locale\" content=\"tr_TR\" \/>\n<meta property=\"og:type\" content=\"article\" \/>\n<meta property=\"og:title\" content=\"22ct Gold Rhodium Plated Box Chain with Beads \u2013 18 Inch\" \/>\n<meta property=\"og:description\" content=\"Discover a refined 22ct gold box chain with delicate beads and rhodium plating. Elegant dual-tone finish, 18 inch length. Shop timeless gold chains at PureJewels London.\" \/>\n<meta property=\"og:url\" content=\"https:\/\/www.purejewels.com\/tr\/urun\/22-ayar-altin-rodyum-kaplama-boncuklu-kutu-zincir-46599\/\" \/>\n<meta property=\"og:site_name\" content=\"PureJewels UK\" \/>\n<meta property=\"article:modified_time\" content=\"2026-04-13T05:28:08+00:00\" \/>\n<meta property=\"og:image\" content=\"https:\/\/static.purejewels.com\/wp-content\/uploads\/2026\/04\/SKU-46599-FRONT-1.jpg\" \/>\n\t<meta property=\"og:image:width\" content=\"1000\" \/>\n\t<meta property=\"og:image:height\" content=\"1000\" \/>\n\t<meta property=\"og:image:type\" content=\"image\/jpeg\" \/>\n<meta name=\"twitter:card\" content=\"summary_large_image\" \/>\n<meta name=\"twitter:label1\" content=\"Tahmini okuma s\u00fcresi\" \/>\n\t<meta name=\"twitter:data1\" content=\"1 dakika\" \/>\n<script type=\"application\/ld+json\" class=\"yoast-schema-graph\">{\"@context\":\"https:\\\/\\\/schema.org\",\"@graph\":[{\"@type\":[\"WebPage\",\"ItemPage\"],\"@id\":\"https:\\\/\\\/www.purejewels.com\\\/product\\\/22ct-gold-rhodium-plated-box-chain-with-beads-46599\\\/\",\"url\":\"https:\\\/\\\/www.purejewels.com\\\/product\\\/22ct-gold-rhodium-plated-box-chain-with-beads-46599\\\/\",\"name\":\"22ct Gold Rhodium Plated Box Chain with Beads \u2013 18 Inch\",\"isPartOf\":{\"@id\":\"https:\\\/\\\/www.purejewels.com\\\/#website\"},\"primaryImageOfPage\":{\"@id\":\"https:\\\/\\\/www.purejewels.com\\\/product\\\/22ct-gold-rhodium-plated-box-chain-with-beads-46599\\\/#primaryimage\"},\"image\":{\"@id\":\"https:\\\/\\\/www.purejewels.com\\\/product\\\/22ct-gold-rhodium-plated-box-chain-with-beads-46599\\\/#primaryimage\"},\"thumbnailUrl\":\"https:\\\/\\\/static.purejewels.com\\\/wp-content\\\/uploads\\\/2026\\\/04\\\/SKU-46599-FRONT-1.jpg\",\"datePublished\":\"2026-01-13T06:12:54+00:00\",\"dateModified\":\"2026-04-13T05:28:08+00:00\",\"description\":\"Discover a refined 22ct gold box chain with delicate beads and rhodium plating. Elegant dual-tone finish, 18 inch length. Shop timeless gold chains at PureJewels London.\",\"breadcrumb\":{\"@id\":\"https:\\\/\\\/www.purejewels.com\\\/product\\\/22ct-gold-rhodium-plated-box-chain-with-beads-46599\\\/#breadcrumb\"},\"inLanguage\":\"tr\",\"potentialAction\":[{\"@type\":\"ReadAction\",\"target\":[\"https:\\\/\\\/www.purejewels.com\\\/product\\\/22ct-gold-rhodium-plated-box-chain-with-beads-46599\\\/\"]}]},{\"@type\":\"ImageObject\",\"inLanguage\":\"tr\",\"@id\":\"https:\\\/\\\/www.purejewels.com\\\/product\\\/22ct-gold-rhodium-plated-box-chain-with-beads-46599\\\/#primaryimage\",\"url\":\"https:\\\/\\\/static.purejewels.com\\\/wp-content\\\/uploads\\\/2026\\\/04\\\/SKU-46599-FRONT-1.jpg\",\"contentUrl\":\"https:\\\/\\\/static.purejewels.com\\\/wp-content\\\/uploads\\\/2026\\\/04\\\/SKU-46599-FRONT-1.jpg\",\"width\":1000,\"height\":1000,\"caption\":\"22ct Gold Rhodium Plated Box Chain with Beads\"},{\"@type\":\"BreadcrumbList\",\"@id\":\"https:\\\/\\\/www.purejewels.com\\\/product\\\/22ct-gold-rhodium-plated-box-chain-with-beads-46599\\\/#breadcrumb\",\"itemListElement\":[{\"@type\":\"ListItem\",\"position\":1,\"name\":\"Home\",\"item\":\"https:\\\/\\\/www.purejewels.com\\\/\"},{\"@type\":\"ListItem\",\"position\":2,\"name\":\"Shop\",\"item\":\"https:\\\/\\\/www.purejewels.com\\\/shop\\\/\"},{\"@type\":\"ListItem\",\"position\":3,\"name\":\"22ct Gold Rhodium Plated Box Chain with Beads \u2013 18 Inch\"}]},{\"@type\":\"WebSite\",\"@id\":\"https:\\\/\\\/www.purejewels.com\\\/#website\",\"url\":\"https:\\\/\\\/www.purejewels.com\\\/\",\"name\":\"PureJewels UK\",\"description\":\"Share the Love\",\"publisher\":{\"@id\":\"https:\\\/\\\/www.purejewels.com\\\/#organization\"},\"potentialAction\":[{\"@type\":\"SearchAction\",\"target\":{\"@type\":\"EntryPoint\",\"urlTemplate\":\"https:\\\/\\\/www.purejewels.com\\\/?s={search_term_string}\"},\"query-input\":{\"@type\":\"PropertyValueSpecification\",\"valueRequired\":true,\"valueName\":\"search_term_string\"}}],\"inLanguage\":\"tr\"},{\"@type\":\"Organization\",\"@id\":\"https:\\\/\\\/www.purejewels.com\\\/#organization\",\"name\":\"PureJewels UK\",\"url\":\"https:\\\/\\\/www.purejewels.com\\\/\",\"logo\":{\"@type\":\"ImageObject\",\"inLanguage\":\"tr\",\"@id\":\"https:\\\/\\\/www.purejewels.com\\\/#\\\/schema\\\/logo\\\/image\\\/\",\"url\":\"https:\\\/\\\/static.purejewels.com\\\/wp-content\\\/uploads\\\/2020\\\/11\\\/Logo-PJ-New-1.png\",\"contentUrl\":\"https:\\\/\\\/static.purejewels.com\\\/wp-content\\\/uploads\\\/2020\\\/11\\\/Logo-PJ-New-1.png\",\"width\":150,\"height\":80,\"caption\":\"PureJewels UK\"},\"image\":{\"@id\":\"https:\\\/\\\/www.purejewels.com\\\/#\\\/schema\\\/logo\\\/image\\\/\"}}]}<\/script>\n<!-- \/ Yoast SEO plugin. -->","yoast_head_json":{"title":"22 Ayar Alt\u0131n Rodyum Kaplama Boncuklu Kutu Zincir - 18 \u0130n\u00e7","description":"Narin boncuklar ve rodyum kaplama ile rafine edilmi\u015f 22 ayar alt\u0131n kutu zinciri ke\u015ffedin. Zarif \u00e7ift tonlu kaplama, 18 in\u00e7 uzunluk. PureJewels London'da zamans\u0131z alt\u0131n zincirler sat\u0131n al\u0131n.","robots":{"index":"index","follow":"follow","max-snippet":"max-snippet:-1","max-image-preview":"max-image-preview:large","max-video-preview":"max-video-preview:-1"},"canonical":"https:\/\/www.purejewels.com\/tr\/urun\/22-ayar-altin-rodyum-kaplama-boncuklu-kutu-zincir-46599\/","og_locale":"tr_TR","og_type":"article","og_title":"22ct Gold Rhodium Plated Box Chain with Beads \u2013 18 Inch","og_description":"Discover a refined 22ct gold box chain with delicate beads and rhodium plating. Elegant dual-tone finish, 18 inch length. Shop timeless gold chains at PureJewels London.","og_url":"https:\/\/www.purejewels.com\/tr\/urun\/22-ayar-altin-rodyum-kaplama-boncuklu-kutu-zincir-46599\/","og_site_name":"PureJewels UK","article_modified_time":"2026-04-13T05:28:08+00:00","og_image":[{"width":1000,"height":1000,"url":"https:\/\/static.purejewels.com\/wp-content\/uploads\/2026\/04\/SKU-46599-FRONT-1.jpg","type":"image\/jpeg"}],"twitter_card":"summary_large_image","twitter_misc":{"Tahmini okuma s\u00fcresi":"1 dakika"},"schema":{"@context":"https:\/\/schema.org","@graph":[{"@type":["WebPage","ItemPage"],"@id":"https:\/\/www.purejewels.com\/product\/22ct-gold-rhodium-plated-box-chain-with-beads-46599\/","url":"https:\/\/www.purejewels.com\/product\/22ct-gold-rhodium-plated-box-chain-with-beads-46599\/","name":"22 Ayar Alt\u0131n Rodyum Kaplama Boncuklu Kutu Zincir - 18 \u0130n\u00e7","isPartOf":{"@id":"https:\/\/www.purejewels.com\/#website"},"primaryImageOfPage":{"@id":"https:\/\/www.purejewels.com\/product\/22ct-gold-rhodium-plated-box-chain-with-beads-46599\/#primaryimage"},"image":{"@id":"https:\/\/www.purejewels.com\/product\/22ct-gold-rhodium-plated-box-chain-with-beads-46599\/#primaryimage"},"thumbnailUrl":"https:\/\/static.purejewels.com\/wp-content\/uploads\/2026\/04\/SKU-46599-FRONT-1.jpg","datePublished":"2026-01-13T06:12:54+00:00","dateModified":"2026-04-13T05:28:08+00:00","description":"Narin boncuklar ve rodyum kaplama ile rafine edilmi\u015f 22 ayar alt\u0131n kutu zinciri ke\u015ffedin. Zarif \u00e7ift tonlu kaplama, 18 in\u00e7 uzunluk. PureJewels London'da zamans\u0131z alt\u0131n zincirler sat\u0131n al\u0131n.","breadcrumb":{"@id":"https:\/\/www.purejewels.com\/product\/22ct-gold-rhodium-plated-box-chain-with-beads-46599\/#breadcrumb"},"inLanguage":"tr","potentialAction":[{"@type":"ReadAction","target":["https:\/\/www.purejewels.com\/product\/22ct-gold-rhodium-plated-box-chain-with-beads-46599\/"]}]},{"@type":"ImageObject","inLanguage":"tr","@id":"https:\/\/www.purejewels.com\/product\/22ct-gold-rhodium-plated-box-chain-with-beads-46599\/#primaryimage","url":"https:\/\/static.purejewels.com\/wp-content\/uploads\/2026\/04\/SKU-46599-FRONT-1.jpg","contentUrl":"https:\/\/static.purejewels.com\/wp-content\/uploads\/2026\/04\/SKU-46599-FRONT-1.jpg","width":1000,"height":1000,"caption":"22ct Gold Rhodium Plated Box Chain with Beads"},{"@type":"BreadcrumbList","@id":"https:\/\/www.purejewels.com\/product\/22ct-gold-rhodium-plated-box-chain-with-beads-46599\/#breadcrumb","itemListElement":[{"@type":"ListItem","position":1,"name":"Home","item":"https:\/\/www.purejewels.com\/"},{"@type":"ListItem","position":2,"name":"Shop","item":"https:\/\/www.purejewels.com\/shop\/"},{"@type":"ListItem","position":3,"name":"22ct Gold Rhodium Plated Box Chain with Beads \u2013 18 Inch"}]},{"@type":"WebSite","@id":"https:\/\/www.purejewels.com\/#website","url":"https:\/\/www.purejewels.com\/","name":"PureJewels \u0130ngiltere","description":"Sevgiyi Payla\u015f\u0131n","publisher":{"@id":"https:\/\/www.purejewels.com\/#organization"},"potentialAction":[{"@type":"SearchAction","target":{"@type":"EntryPoint","urlTemplate":"https:\/\/www.purejewels.com\/?s={search_term_string}"},"query-input":{"@type":"PropertyValueSpecification","valueRequired":true,"valueName":"search_term_string"}}],"inLanguage":"tr"},{"@type":"Organization","@id":"https:\/\/www.purejewels.com\/#organization","name":"PureJewels \u0130ngiltere","url":"https:\/\/www.purejewels.com\/","logo":{"@type":"ImageObject","inLanguage":"tr","@id":"https:\/\/www.purejewels.com\/#\/schema\/logo\/image\/","url":"https:\/\/static.purejewels.com\/wp-content\/uploads\/2020\/11\/Logo-PJ-New-1.png","contentUrl":"https:\/\/static.purejewels.com\/wp-content\/uploads\/2020\/11\/Logo-PJ-New-1.png","width":150,"height":80,"caption":"PureJewels UK"},"image":{"@id":"https:\/\/www.purejewels.com\/#\/schema\/logo\/image\/"}}]}},"_links":{"self":[{"href":"https:\/\/www.purejewels.com\/tr\/wp-json\/wp\/v2\/product\/428346","targetHints":{"allow":["GET"]}}],"collection":[{"href":"https:\/\/www.purejewels.com\/tr\/wp-json\/wp\/v2\/product"}],"about":[{"href":"https:\/\/www.purejewels.com\/tr\/wp-json\/wp\/v2\/types\/product"}],"replies":[{"embeddable":true,"href":"https:\/\/www.purejewels.com\/tr\/wp-json\/wp\/v2\/comments?post=428346"}],"version-history":[{"count":1,"href":"https:\/\/www.purejewels.com\/tr\/wp-json\/wp\/v2\/product\/428346\/revisions"}],"predecessor-version":[{"id":428349,"href":"https:\/\/www.purejewels.com\/tr\/wp-json\/wp\/v2\/product\/428346\/revisions\/428349"}],"wp:featuredmedia":[{"embeddable":true,"href":"https:\/\/www.purejewels.com\/tr\/wp-json\/wp\/v2\/media\/428348"}],"wp:attachment":[{"href":"https:\/\/www.purejewels.com\/tr\/wp-json\/wp\/v2\/media?parent=428346"}],"wp:term":[{"taxonomy":"product_brand","embeddable":true,"href":"https:\/\/www.purejewels.com\/tr\/wp-json\/wp\/v2\/product_brand?post=428346"},{"taxonomy":"product_cat","embeddable":true,"href":"https:\/\/www.purejewels.com\/tr\/wp-json\/wp\/v2\/product_cat?post=428346"},{"taxonomy":"product_tag","embeddable":true,"href":"https:\/\/www.purejewels.com\/tr\/wp-json\/wp\/v2\/product_tag?post=428346"}],"curies":[{"name":"wp","href":"https:\/\/api.w.org\/{rel}","templated":true}]}}