{"id":428351,"date":"2026-01-13T06:32:41","date_gmt":"2026-01-13T06:32:41","guid":{"rendered":"https:\/\/www.purejewels.com\/?post_type=product&#038;p=428351"},"modified":"2026-04-13T06:46:00","modified_gmt":"2026-04-13T05:46:00","slug":"altin-boncuklu-22-ayar-altin-rudraksha-mala-48120","status":"publish","type":"product","link":"https:\/\/www.purejewels.com\/tr\/product\/22ct-gold-rudraksha-mala-with-gold-beads-48120\/","title":{"rendered":"Alt\u0131n Boncuklu 22 Ayar Alt\u0131n Rudraksha Mala | 26 \u0130n\u00e7"},"content":{"rendered":"<p><strong>Tasar\u0131m Konsepti<\/strong><br \/>\nK\u00f6kleri gelene\u011fe ve ruhani sembolizme dayanan bu Rudraksha mala, kutsal k\u00f6kenlerini onurland\u0131r\u0131rken ince m\u00fccevher i\u015f\u00e7ili\u011fiyle y\u00fcceltmek i\u00e7in \u00f6zenle tasarlanm\u0131\u015ft\u0131r. Rudraksha boncuklar\u0131n\u0131n do\u011fal dokusu, 22 ayar alt\u0131n boncuklar\u0131n s\u0131cakl\u0131\u011f\u0131 ve \u0131\u015f\u0131lt\u0131s\u0131yla g\u00fczel bir tezat olu\u015fturarak hem ba\u011fl\u0131l\u0131\u011f\u0131 hem de zarafeti yans\u0131tan ritmik bir denge yarat\u0131yor.<\/p>\n<p><strong>Zanaatkarl\u0131k<\/strong><br \/>\nMalan\u0131n her bir unsuru, orant\u0131 ve ak\u0131\u015fta uyum sa\u011flamak i\u00e7in \u00f6zenle bir araya getirilmi\u015ftir. Rudraksha boncuklar\u0131 do\u011fal karakterleri i\u00e7in se\u00e7ilirken, alt\u0131n boncuklar g\u00f6rsel zenginliklerini artt\u0131rmak i\u00e7in karma\u015f\u0131k bir \u015fekilde detayland\u0131r\u0131lm\u0131\u015ft\u0131r. Hassasiyetle \u00fcretilmi\u015f ve y\u00fcksek cilayla tamamlanm\u0131\u015f olan bu par\u00e7a, PureJewels'in dayan\u0131kl\u0131l\u0131k ve konfor sa\u011flarken miras i\u015f\u00e7ili\u011fini korumaya olan ba\u011fl\u0131l\u0131\u011f\u0131n\u0131 yans\u0131tmaktad\u0131r. T\u00fcm kreasyonlar\u0131m\u0131zda oldu\u011fu gibi, \u00f6zg\u00fcnl\u00fck ve kalite i\u00e7in damgalanm\u0131\u015ft\u0131r.<\/p>\n<p><strong>Stil Fikirleri<\/strong><br \/>\nBu \u00e7ok y\u00f6nl\u00fc mala, bir inan\u00e7 ifadesi olarak veya ay\u0131rt edici bir tasar\u0131m par\u00e7as\u0131 olarak tak\u0131labilir. T\u00f6renlerde geleneksel k\u0131yafetlerle g\u00fczel bir uyum sa\u011flarken, \u00e7a\u011fda\u015f k\u0131yafetlerle birlikte kullan\u0131ld\u0131\u011f\u0131nda derinlik ve karakter katar. Tek ba\u015f\u0131na tak\u0131ld\u0131\u011f\u0131nda g\u00fc\u00e7l\u00fc bir duru\u015f sergiler; kat kat tak\u0131ld\u0131\u011f\u0131nda ise ki\u015fisel tarz\u0131 ve hikayeyi yans\u0131tan anlaml\u0131 ve dokulu bir g\u00f6r\u00fcn\u00fcm yarat\u0131r.<\/p>","protected":false},"excerpt":{"rendered":"<div class=\"product_meta\">Karma\u015f\u0131k tasar\u0131ml\u0131 alt\u0131n boncuklarla vurgulanm\u0131\u015f, 26 in\u00e7 uzunlu\u011funda haz\u0131rlanm\u0131\u015f kutsal bir 22 ayar alt\u0131n Rudraksha mala. Ruhani sembolizm ve zarif zarafetin uyumlu bir kar\u0131\u015f\u0131m\u0131.<\/div>\n<div><\/div>\n<div><strong>Malzeme:<\/strong>\u00a022 Ayar Alt\u0131n (91,6% Saf Alt\u0131n)<strong><br \/>\nHallmark:\u00a0<\/strong>\u0130ngiliz Damgas\u0131<strong><br \/>\n<\/strong><strong>Ta\u015f: <\/strong>Rudraksh<strong><br \/>\n<\/strong><strong>Br\u00fct A\u011f\u0131rl\u0131k: <\/strong>33.20 Gms<br \/>\n<strong>Net A\u011f\u0131rl\u0131k:<\/strong> 31.10 Gms<br \/>\n<strong>SKU:<\/strong> 48120<br \/>\n<strong>Uzunluk:<\/strong> 26 \u0130n\u00e7<br \/>\n<strong>Fiyat ve Teslimat:<\/strong>\u00a0KDV ve teslimat \u00fccretleri dahil<strong><br \/>\n<a href=\"https:\/\/www.purejewels.com\/tr\/i%cc%87ade-poli%cc%87ti%cc%87kasi\/\">\u0130ade Politikas\u0131<\/a><\/strong><\/div>\n<div class=\"pls-deliver-return-ask-questions\"><\/div>","protected":false},"featured_media":428352,"comment_status":"closed","ping_status":"closed","template":"","meta":{"_eb_attr":"","_crsspst_to_jayantr4sg-hostcom":true},"product_brand":[],"product_cat":[5023,1617,6164,5313,1571,1475,1779,1572,1774],"product_tag":[],"class_list":{"0":"post-428351","1":"product","2":"type-product","3":"status-publish","4":"has-post-thumbnail","6":"product_cat-26-inch-mala-chain","7":"product_cat-fancy-mala-chains","8":"product_cat-chain-gents","9":"product_cat-chains-2","10":"product_cat-fathers-day-gifts","11":"product_cat-gold-chains","12":"product_cat-mala-style-necklaces","13":"product_cat-mens-jewellery","14":"product_cat-mens-chains","16":"first","17":"instock","18":"taxable","19":"shipping-taxable","20":"purchasable","21":"product-type-simple","22":"add-to-wishlist-before_image"},"yoast_head":"<!-- This site is optimized with the Yoast SEO plugin v27.4 - https:\/\/yoast.com\/product\/yoast-seo-wordpress\/ -->\n<title>Shop 22ct Gold Rudraksha Mala with Gold Beads \u2013 26 Inch<\/title>\n<meta name=\"description\" content=\"Explore a 22ct gold Rudraksha mala with intricately crafted gold beads. A 26 inch spiritual necklace blending tradition and elegance. Shop PureJewels London.\" \/>\n<meta name=\"robots\" content=\"index, follow, max-snippet:-1, max-image-preview:large, max-video-preview:-1\" \/>\n<link rel=\"canonical\" href=\"https:\/\/www.purejewels.com\/tr\/urun\/altin-boncuklu-22-ayar-altin-rudraksha-mala-48120\/\" \/>\n<meta property=\"og:locale\" content=\"tr_TR\" \/>\n<meta property=\"og:type\" content=\"article\" \/>\n<meta property=\"og:title\" content=\"Shop 22ct Gold Rudraksha Mala with Gold Beads \u2013 26 Inch\" \/>\n<meta property=\"og:description\" content=\"Explore a 22ct gold Rudraksha mala with intricately crafted gold beads. A 26 inch spiritual necklace blending tradition and elegance. Shop PureJewels London.\" \/>\n<meta property=\"og:url\" content=\"https:\/\/www.purejewels.com\/tr\/urun\/altin-boncuklu-22-ayar-altin-rudraksha-mala-48120\/\" \/>\n<meta property=\"og:site_name\" content=\"PureJewels UK\" \/>\n<meta property=\"article:modified_time\" content=\"2026-04-13T05:46:00+00:00\" \/>\n<meta property=\"og:image\" content=\"https:\/\/static.purejewels.com\/wp-content\/uploads\/2026\/04\/SKU-48120-FRONT.jpg\" \/>\n\t<meta property=\"og:image:width\" content=\"1000\" \/>\n\t<meta property=\"og:image:height\" content=\"1000\" \/>\n\t<meta property=\"og:image:type\" content=\"image\/jpeg\" \/>\n<meta name=\"twitter:card\" content=\"summary_large_image\" \/>\n<meta name=\"twitter:label1\" content=\"Tahmini okuma s\u00fcresi\" \/>\n\t<meta name=\"twitter:data1\" content=\"2 dakika\" \/>\n<script type=\"application\/ld+json\" class=\"yoast-schema-graph\">{\"@context\":\"https:\\\/\\\/schema.org\",\"@graph\":[{\"@type\":[\"WebPage\",\"ItemPage\"],\"@id\":\"https:\\\/\\\/www.purejewels.com\\\/product\\\/22ct-gold-rudraksha-mala-with-gold-beads-48120\\\/\",\"url\":\"https:\\\/\\\/www.purejewels.com\\\/product\\\/22ct-gold-rudraksha-mala-with-gold-beads-48120\\\/\",\"name\":\"Shop 22ct Gold Rudraksha Mala with Gold Beads \u2013 26 Inch\",\"isPartOf\":{\"@id\":\"https:\\\/\\\/www.purejewels.com\\\/#website\"},\"primaryImageOfPage\":{\"@id\":\"https:\\\/\\\/www.purejewels.com\\\/product\\\/22ct-gold-rudraksha-mala-with-gold-beads-48120\\\/#primaryimage\"},\"image\":{\"@id\":\"https:\\\/\\\/www.purejewels.com\\\/product\\\/22ct-gold-rudraksha-mala-with-gold-beads-48120\\\/#primaryimage\"},\"thumbnailUrl\":\"https:\\\/\\\/static.purejewels.com\\\/wp-content\\\/uploads\\\/2026\\\/04\\\/SKU-48120-FRONT.jpg\",\"datePublished\":\"2026-01-13T06:32:41+00:00\",\"dateModified\":\"2026-04-13T05:46:00+00:00\",\"description\":\"Explore a 22ct gold Rudraksha mala with intricately crafted gold beads. A 26 inch spiritual necklace blending tradition and elegance. Shop PureJewels London.\",\"breadcrumb\":{\"@id\":\"https:\\\/\\\/www.purejewels.com\\\/product\\\/22ct-gold-rudraksha-mala-with-gold-beads-48120\\\/#breadcrumb\"},\"inLanguage\":\"tr\",\"potentialAction\":[{\"@type\":\"ReadAction\",\"target\":[\"https:\\\/\\\/www.purejewels.com\\\/product\\\/22ct-gold-rudraksha-mala-with-gold-beads-48120\\\/\"]}]},{\"@type\":\"ImageObject\",\"inLanguage\":\"tr\",\"@id\":\"https:\\\/\\\/www.purejewels.com\\\/product\\\/22ct-gold-rudraksha-mala-with-gold-beads-48120\\\/#primaryimage\",\"url\":\"https:\\\/\\\/static.purejewels.com\\\/wp-content\\\/uploads\\\/2026\\\/04\\\/SKU-48120-FRONT.jpg\",\"contentUrl\":\"https:\\\/\\\/static.purejewels.com\\\/wp-content\\\/uploads\\\/2026\\\/04\\\/SKU-48120-FRONT.jpg\",\"width\":1000,\"height\":1000,\"caption\":\"22ct Gold Rudraksha Mala with Gold Beads | 26 Inch\"},{\"@type\":\"BreadcrumbList\",\"@id\":\"https:\\\/\\\/www.purejewels.com\\\/product\\\/22ct-gold-rudraksha-mala-with-gold-beads-48120\\\/#breadcrumb\",\"itemListElement\":[{\"@type\":\"ListItem\",\"position\":1,\"name\":\"Home\",\"item\":\"https:\\\/\\\/www.purejewels.com\\\/\"},{\"@type\":\"ListItem\",\"position\":2,\"name\":\"Shop\",\"item\":\"https:\\\/\\\/www.purejewels.com\\\/shop\\\/\"},{\"@type\":\"ListItem\",\"position\":3,\"name\":\"22ct Gold Rudraksha Mala with Gold Beads | 26 Inch\"}]},{\"@type\":\"WebSite\",\"@id\":\"https:\\\/\\\/www.purejewels.com\\\/#website\",\"url\":\"https:\\\/\\\/www.purejewels.com\\\/\",\"name\":\"PureJewels UK\",\"description\":\"Share the Love\",\"publisher\":{\"@id\":\"https:\\\/\\\/www.purejewels.com\\\/#organization\"},\"potentialAction\":[{\"@type\":\"SearchAction\",\"target\":{\"@type\":\"EntryPoint\",\"urlTemplate\":\"https:\\\/\\\/www.purejewels.com\\\/?s={search_term_string}\"},\"query-input\":{\"@type\":\"PropertyValueSpecification\",\"valueRequired\":true,\"valueName\":\"search_term_string\"}}],\"inLanguage\":\"tr\"},{\"@type\":\"Organization\",\"@id\":\"https:\\\/\\\/www.purejewels.com\\\/#organization\",\"name\":\"PureJewels UK\",\"url\":\"https:\\\/\\\/www.purejewels.com\\\/\",\"logo\":{\"@type\":\"ImageObject\",\"inLanguage\":\"tr\",\"@id\":\"https:\\\/\\\/www.purejewels.com\\\/#\\\/schema\\\/logo\\\/image\\\/\",\"url\":\"https:\\\/\\\/static.purejewels.com\\\/wp-content\\\/uploads\\\/2020\\\/11\\\/Logo-PJ-New-1.png\",\"contentUrl\":\"https:\\\/\\\/static.purejewels.com\\\/wp-content\\\/uploads\\\/2020\\\/11\\\/Logo-PJ-New-1.png\",\"width\":150,\"height\":80,\"caption\":\"PureJewels UK\"},\"image\":{\"@id\":\"https:\\\/\\\/www.purejewels.com\\\/#\\\/schema\\\/logo\\\/image\\\/\"}}]}<\/script>\n<!-- \/ Yoast SEO plugin. -->","yoast_head_json":{"title":"Alt\u0131n Boncuklu 22 Ayar Alt\u0131n Rudraksha Mala Al\u0131\u015fveri\u015fi - 26 \u0130n\u00e7","description":"Karma\u015f\u0131k bir \u015fekilde i\u015flenmi\u015f alt\u0131n boncuklara sahip 22 ayar alt\u0131n Rudraksha malay\u0131 ke\u015ffedin. Gelenek ve zarafeti harmanlayan 26 in\u00e7lik ruhani bir kolye. PureJewels Londra'da al\u0131\u015fveri\u015f yap\u0131n.","robots":{"index":"index","follow":"follow","max-snippet":"max-snippet:-1","max-image-preview":"max-image-preview:large","max-video-preview":"max-video-preview:-1"},"canonical":"https:\/\/www.purejewels.com\/tr\/urun\/altin-boncuklu-22-ayar-altin-rudraksha-mala-48120\/","og_locale":"tr_TR","og_type":"article","og_title":"Shop 22ct Gold Rudraksha Mala with Gold Beads \u2013 26 Inch","og_description":"Explore a 22ct gold Rudraksha mala with intricately crafted gold beads. A 26 inch spiritual necklace blending tradition and elegance. Shop PureJewels London.","og_url":"https:\/\/www.purejewels.com\/tr\/urun\/altin-boncuklu-22-ayar-altin-rudraksha-mala-48120\/","og_site_name":"PureJewels UK","article_modified_time":"2026-04-13T05:46:00+00:00","og_image":[{"width":1000,"height":1000,"url":"https:\/\/static.purejewels.com\/wp-content\/uploads\/2026\/04\/SKU-48120-FRONT.jpg","type":"image\/jpeg"}],"twitter_card":"summary_large_image","twitter_misc":{"Tahmini okuma s\u00fcresi":"2 dakika"},"schema":{"@context":"https:\/\/schema.org","@graph":[{"@type":["WebPage","ItemPage"],"@id":"https:\/\/www.purejewels.com\/product\/22ct-gold-rudraksha-mala-with-gold-beads-48120\/","url":"https:\/\/www.purejewels.com\/product\/22ct-gold-rudraksha-mala-with-gold-beads-48120\/","name":"Alt\u0131n Boncuklu 22 Ayar Alt\u0131n Rudraksha Mala Al\u0131\u015fveri\u015fi - 26 \u0130n\u00e7","isPartOf":{"@id":"https:\/\/www.purejewels.com\/#website"},"primaryImageOfPage":{"@id":"https:\/\/www.purejewels.com\/product\/22ct-gold-rudraksha-mala-with-gold-beads-48120\/#primaryimage"},"image":{"@id":"https:\/\/www.purejewels.com\/product\/22ct-gold-rudraksha-mala-with-gold-beads-48120\/#primaryimage"},"thumbnailUrl":"https:\/\/static.purejewels.com\/wp-content\/uploads\/2026\/04\/SKU-48120-FRONT.jpg","datePublished":"2026-01-13T06:32:41+00:00","dateModified":"2026-04-13T05:46:00+00:00","description":"Karma\u015f\u0131k bir \u015fekilde i\u015flenmi\u015f alt\u0131n boncuklara sahip 22 ayar alt\u0131n Rudraksha malay\u0131 ke\u015ffedin. Gelenek ve zarafeti harmanlayan 26 in\u00e7lik ruhani bir kolye. PureJewels Londra'da al\u0131\u015fveri\u015f yap\u0131n.","breadcrumb":{"@id":"https:\/\/www.purejewels.com\/product\/22ct-gold-rudraksha-mala-with-gold-beads-48120\/#breadcrumb"},"inLanguage":"tr","potentialAction":[{"@type":"ReadAction","target":["https:\/\/www.purejewels.com\/product\/22ct-gold-rudraksha-mala-with-gold-beads-48120\/"]}]},{"@type":"ImageObject","inLanguage":"tr","@id":"https:\/\/www.purejewels.com\/product\/22ct-gold-rudraksha-mala-with-gold-beads-48120\/#primaryimage","url":"https:\/\/static.purejewels.com\/wp-content\/uploads\/2026\/04\/SKU-48120-FRONT.jpg","contentUrl":"https:\/\/static.purejewels.com\/wp-content\/uploads\/2026\/04\/SKU-48120-FRONT.jpg","width":1000,"height":1000,"caption":"22ct Gold Rudraksha Mala with Gold Beads | 26 Inch"},{"@type":"BreadcrumbList","@id":"https:\/\/www.purejewels.com\/product\/22ct-gold-rudraksha-mala-with-gold-beads-48120\/#breadcrumb","itemListElement":[{"@type":"ListItem","position":1,"name":"Home","item":"https:\/\/www.purejewels.com\/"},{"@type":"ListItem","position":2,"name":"Shop","item":"https:\/\/www.purejewels.com\/shop\/"},{"@type":"ListItem","position":3,"name":"22ct Gold Rudraksha Mala with Gold Beads | 26 Inch"}]},{"@type":"WebSite","@id":"https:\/\/www.purejewels.com\/#website","url":"https:\/\/www.purejewels.com\/","name":"PureJewels \u0130ngiltere","description":"Sevgiyi Payla\u015f\u0131n","publisher":{"@id":"https:\/\/www.purejewels.com\/#organization"},"potentialAction":[{"@type":"SearchAction","target":{"@type":"EntryPoint","urlTemplate":"https:\/\/www.purejewels.com\/?s={search_term_string}"},"query-input":{"@type":"PropertyValueSpecification","valueRequired":true,"valueName":"search_term_string"}}],"inLanguage":"tr"},{"@type":"Organization","@id":"https:\/\/www.purejewels.com\/#organization","name":"PureJewels \u0130ngiltere","url":"https:\/\/www.purejewels.com\/","logo":{"@type":"ImageObject","inLanguage":"tr","@id":"https:\/\/www.purejewels.com\/#\/schema\/logo\/image\/","url":"https:\/\/static.purejewels.com\/wp-content\/uploads\/2020\/11\/Logo-PJ-New-1.png","contentUrl":"https:\/\/static.purejewels.com\/wp-content\/uploads\/2020\/11\/Logo-PJ-New-1.png","width":150,"height":80,"caption":"PureJewels UK"},"image":{"@id":"https:\/\/www.purejewels.com\/#\/schema\/logo\/image\/"}}]}},"_links":{"self":[{"href":"https:\/\/www.purejewels.com\/tr\/wp-json\/wp\/v2\/product\/428351","targetHints":{"allow":["GET"]}}],"collection":[{"href":"https:\/\/www.purejewels.com\/tr\/wp-json\/wp\/v2\/product"}],"about":[{"href":"https:\/\/www.purejewels.com\/tr\/wp-json\/wp\/v2\/types\/product"}],"replies":[{"embeddable":true,"href":"https:\/\/www.purejewels.com\/tr\/wp-json\/wp\/v2\/comments?post=428351"}],"version-history":[{"count":1,"href":"https:\/\/www.purejewels.com\/tr\/wp-json\/wp\/v2\/product\/428351\/revisions"}],"predecessor-version":[{"id":428353,"href":"https:\/\/www.purejewels.com\/tr\/wp-json\/wp\/v2\/product\/428351\/revisions\/428353"}],"wp:featuredmedia":[{"embeddable":true,"href":"https:\/\/www.purejewels.com\/tr\/wp-json\/wp\/v2\/media\/428352"}],"wp:attachment":[{"href":"https:\/\/www.purejewels.com\/tr\/wp-json\/wp\/v2\/media?parent=428351"}],"wp:term":[{"taxonomy":"product_brand","embeddable":true,"href":"https:\/\/www.purejewels.com\/tr\/wp-json\/wp\/v2\/product_brand?post=428351"},{"taxonomy":"product_cat","embeddable":true,"href":"https:\/\/www.purejewels.com\/tr\/wp-json\/wp\/v2\/product_cat?post=428351"},{"taxonomy":"product_tag","embeddable":true,"href":"https:\/\/www.purejewels.com\/tr\/wp-json\/wp\/v2\/product_tag?post=428351"}],"curies":[{"name":"wp","href":"https:\/\/api.w.org\/{rel}","templated":true}]}}