{"id":428354,"date":"2026-01-13T07:24:39","date_gmt":"2026-01-13T07:24:39","guid":{"rendered":"https:\/\/www.purejewels.com\/?post_type=product&#038;p=428354"},"modified":"2026-04-13T07:31:50","modified_gmt":"2026-04-13T06:31:50","slug":"geleneksel-22-ayar-altin-rudraksha-mala-48121","status":"publish","type":"product","link":"https:\/\/www.purejewels.com\/tr\/product\/traditional-22ct-gold-rudraksha-mala-48121\/","title":{"rendered":"Geleneksel 22 Ayar Alt\u0131n Rudraksha Mala | 26 \u0130n\u00e7"},"content":{"rendered":"<p><strong>Tasar\u0131m Konsepti<\/strong><br \/>\nK\u00f6kleri ruhani mirasa dayanan bu Geleneksel 22 Ayar Alt\u0131n Rudraksha Mala, denge ve anlam\u0131n bir kutlamas\u0131d\u0131r. Zengin dokulu Rudraksha boncuklar\u0131n\u0131n parlak alt\u0131n k\u00fcrelerle ritmik de\u011fi\u015fimi, d\u00fcnyevi ve ilahi olan aras\u0131ndaki uyumu yans\u0131tarak hem sembolik hem de zarif bir \u015fekilde sade bir par\u00e7a yarat\u0131r.<\/p>\n<p><strong>Zanaatkarl\u0131k<\/strong><br \/>\nBu malan\u0131n her bir unsuru, \u00f6zenle se\u00e7ilmi\u015f Rudraksha boncuklar\u0131n\u0131n ince i\u015flenmi\u015f 22 ayar alt\u0131n ba\u011flant\u0131larla e\u015fle\u015ftirilmesiyle \u00f6zenle olu\u015fturulmu\u015ftur. Alt\u0131n\u0131n safl\u0131\u011f\u0131 do\u011fal boncuklar\u0131n s\u0131cakl\u0131\u011f\u0131n\u0131 art\u0131r\u0131rken, hassas aral\u0131klar ve ak\u0131c\u0131 yap\u0131, zanaatkar m\u00fckemmelli\u011finin kal\u0131c\u0131 miras\u0131n\u0131 somutla\u015ft\u0131ran kusursuz bir \u00f6rt\u00fc sa\u011flar.<\/p>\n<p><strong>Stil Fikirleri<\/strong><br \/>\nZarif bir \u015fekilde \u00e7ok y\u00f6nl\u00fc olan bu 26 in\u00e7lik mala, tek ba\u015f\u0131na bir ifade olarak tak\u0131labilir veya \u00e7a\u011fda\u015f bir g\u00f6r\u00fcn\u00fcm i\u00e7in daha ince alt\u0131n zincirlerle katmanlanabilir. \u0130ster geleneksel k\u0131yafetlerle ister modern sil\u00fcetlerle e\u015fle\u015ftirilsin, g\u00fcnl\u00fck stilinize sessiz bir g\u00fc\u00e7 ve ruhani bir zarafet katar.<\/p>","protected":false},"excerpt":{"rendered":"<div class=\"product_meta\">Adanm\u0131\u015fl\u0131\u011f\u0131n zamans\u0131z bir ifadesi olan 22 ayar alt\u0131ndan bu 26 in\u00e7lik Rudraksha mala, her g\u00fcn zarafetle tak\u0131lmak \u00fczere tasarlanm\u0131\u015f kutsal sembolizmi ve zarif i\u015f\u00e7ili\u011fi bir araya getiriyor.<\/div>\n<div><\/div>\n<div><strong>Malzeme:<\/strong>\u00a022 Ayar Alt\u0131n (91,6% Saf Alt\u0131n)<strong><br \/>\nHallmark:\u00a0<\/strong>\u0130ngiliz Damgas\u0131<strong><br \/>\n<\/strong><strong>Ta\u015f: <\/strong>Rudraksh<strong><br \/>\n<\/strong><strong>Br\u00fct A\u011f\u0131rl\u0131k: <\/strong>31.90 Gms<br \/>\n<strong>Net A\u011f\u0131rl\u0131k:<\/strong> 29.80 Gms<br \/>\n<strong>SKU:<\/strong> 48121<br \/>\n<strong>Uzunluk:<\/strong> 26 \u0130n\u00e7<br \/>\n<strong>Fiyat ve Teslimat:<\/strong>\u00a0KDV ve teslimat \u00fccretleri dahil<strong><br \/>\n<a href=\"https:\/\/www.purejewels.com\/tr\/i%cc%87ade-poli%cc%87ti%cc%87kasi\/\">\u0130ade Politikas\u0131<\/a><\/strong><\/div>\n<div class=\"pls-deliver-return-ask-questions\"><\/div>","protected":false},"featured_media":428355,"comment_status":"closed","ping_status":"closed","template":"","meta":{"_eb_attr":"","_crsspst_to_jayantr4sg-hostcom":true},"product_brand":[],"product_cat":[5023,1617,6164,5313,1571,1475,1779,1572,1774],"product_tag":[],"class_list":{"0":"post-428354","1":"product","2":"type-product","3":"status-publish","4":"has-post-thumbnail","6":"product_cat-26-inch-mala-chain","7":"product_cat-fancy-mala-chains","8":"product_cat-chain-gents","9":"product_cat-chains-2","10":"product_cat-fathers-day-gifts","11":"product_cat-gold-chains","12":"product_cat-mala-style-necklaces","13":"product_cat-mens-jewellery","14":"product_cat-mens-chains","16":"first","17":"instock","18":"taxable","19":"shipping-taxable","20":"purchasable","21":"product-type-simple","22":"add-to-wishlist-before_image"},"yoast_head":"<!-- This site is optimized with the Yoast SEO plugin v27.4 - https:\/\/yoast.com\/product\/yoast-seo-wordpress\/ -->\n<title>Shop Traditional 22ct Gold Rudraksha Mala Necklace 26 Inch<\/title>\n<meta name=\"description\" content=\"Discover our Traditional 22ct Gold Rudraksha Mala Necklace, 26 inch length. Crafted in pure gold with sacred Rudraksha beads, blending heritage, devotion.\" \/>\n<meta name=\"robots\" content=\"index, follow, max-snippet:-1, max-image-preview:large, max-video-preview:-1\" \/>\n<link rel=\"canonical\" href=\"https:\/\/www.purejewels.com\/tr\/urun\/geleneksel-22-ayar-altin-rudraksha-mala-48121\/\" \/>\n<meta property=\"og:locale\" content=\"tr_TR\" \/>\n<meta property=\"og:type\" content=\"article\" \/>\n<meta property=\"og:title\" content=\"Shop Traditional 22ct Gold Rudraksha Mala Necklace 26 Inch\" \/>\n<meta property=\"og:description\" content=\"Discover our Traditional 22ct Gold Rudraksha Mala Necklace, 26 inch length. Crafted in pure gold with sacred Rudraksha beads, blending heritage, devotion.\" \/>\n<meta property=\"og:url\" content=\"https:\/\/www.purejewels.com\/tr\/urun\/geleneksel-22-ayar-altin-rudraksha-mala-48121\/\" \/>\n<meta property=\"og:site_name\" content=\"PureJewels UK\" \/>\n<meta property=\"article:modified_time\" content=\"2026-04-13T06:31:50+00:00\" \/>\n<meta property=\"og:image\" content=\"https:\/\/static.purejewels.com\/wp-content\/uploads\/2026\/04\/SKU-48121-FRONT.jpg\" \/>\n\t<meta property=\"og:image:width\" content=\"1000\" \/>\n\t<meta property=\"og:image:height\" content=\"1000\" \/>\n\t<meta property=\"og:image:type\" content=\"image\/jpeg\" \/>\n<meta name=\"twitter:card\" content=\"summary_large_image\" \/>\n<meta name=\"twitter:label1\" content=\"Tahmini okuma s\u00fcresi\" \/>\n\t<meta name=\"twitter:data1\" content=\"1 dakika\" \/>\n<script type=\"application\/ld+json\" class=\"yoast-schema-graph\">{\"@context\":\"https:\\\/\\\/schema.org\",\"@graph\":[{\"@type\":[\"WebPage\",\"ItemPage\"],\"@id\":\"https:\\\/\\\/www.purejewels.com\\\/product\\\/traditional-22ct-gold-rudraksha-mala-48121\\\/\",\"url\":\"https:\\\/\\\/www.purejewels.com\\\/product\\\/traditional-22ct-gold-rudraksha-mala-48121\\\/\",\"name\":\"Shop Traditional 22ct Gold Rudraksha Mala Necklace 26 Inch\",\"isPartOf\":{\"@id\":\"https:\\\/\\\/www.purejewels.com\\\/#website\"},\"primaryImageOfPage\":{\"@id\":\"https:\\\/\\\/www.purejewels.com\\\/product\\\/traditional-22ct-gold-rudraksha-mala-48121\\\/#primaryimage\"},\"image\":{\"@id\":\"https:\\\/\\\/www.purejewels.com\\\/product\\\/traditional-22ct-gold-rudraksha-mala-48121\\\/#primaryimage\"},\"thumbnailUrl\":\"https:\\\/\\\/static.purejewels.com\\\/wp-content\\\/uploads\\\/2026\\\/04\\\/SKU-48121-FRONT.jpg\",\"datePublished\":\"2026-01-13T07:24:39+00:00\",\"dateModified\":\"2026-04-13T06:31:50+00:00\",\"description\":\"Discover our Traditional 22ct Gold Rudraksha Mala Necklace, 26 inch length. Crafted in pure gold with sacred Rudraksha beads, blending heritage, devotion.\",\"breadcrumb\":{\"@id\":\"https:\\\/\\\/www.purejewels.com\\\/product\\\/traditional-22ct-gold-rudraksha-mala-48121\\\/#breadcrumb\"},\"inLanguage\":\"tr\",\"potentialAction\":[{\"@type\":\"ReadAction\",\"target\":[\"https:\\\/\\\/www.purejewels.com\\\/product\\\/traditional-22ct-gold-rudraksha-mala-48121\\\/\"]}]},{\"@type\":\"ImageObject\",\"inLanguage\":\"tr\",\"@id\":\"https:\\\/\\\/www.purejewels.com\\\/product\\\/traditional-22ct-gold-rudraksha-mala-48121\\\/#primaryimage\",\"url\":\"https:\\\/\\\/static.purejewels.com\\\/wp-content\\\/uploads\\\/2026\\\/04\\\/SKU-48121-FRONT.jpg\",\"contentUrl\":\"https:\\\/\\\/static.purejewels.com\\\/wp-content\\\/uploads\\\/2026\\\/04\\\/SKU-48121-FRONT.jpg\",\"width\":1000,\"height\":1000,\"caption\":\"Traditional 22ct Gold Rudraksha Mala\"},{\"@type\":\"BreadcrumbList\",\"@id\":\"https:\\\/\\\/www.purejewels.com\\\/product\\\/traditional-22ct-gold-rudraksha-mala-48121\\\/#breadcrumb\",\"itemListElement\":[{\"@type\":\"ListItem\",\"position\":1,\"name\":\"Home\",\"item\":\"https:\\\/\\\/www.purejewels.com\\\/\"},{\"@type\":\"ListItem\",\"position\":2,\"name\":\"Shop\",\"item\":\"https:\\\/\\\/www.purejewels.com\\\/shop\\\/\"},{\"@type\":\"ListItem\",\"position\":3,\"name\":\"Traditional 22ct Gold Rudraksha Mala | 26 Inch\"}]},{\"@type\":\"WebSite\",\"@id\":\"https:\\\/\\\/www.purejewels.com\\\/#website\",\"url\":\"https:\\\/\\\/www.purejewels.com\\\/\",\"name\":\"PureJewels UK\",\"description\":\"Share the Love\",\"publisher\":{\"@id\":\"https:\\\/\\\/www.purejewels.com\\\/#organization\"},\"potentialAction\":[{\"@type\":\"SearchAction\",\"target\":{\"@type\":\"EntryPoint\",\"urlTemplate\":\"https:\\\/\\\/www.purejewels.com\\\/?s={search_term_string}\"},\"query-input\":{\"@type\":\"PropertyValueSpecification\",\"valueRequired\":true,\"valueName\":\"search_term_string\"}}],\"inLanguage\":\"tr\"},{\"@type\":\"Organization\",\"@id\":\"https:\\\/\\\/www.purejewels.com\\\/#organization\",\"name\":\"PureJewels UK\",\"url\":\"https:\\\/\\\/www.purejewels.com\\\/\",\"logo\":{\"@type\":\"ImageObject\",\"inLanguage\":\"tr\",\"@id\":\"https:\\\/\\\/www.purejewels.com\\\/#\\\/schema\\\/logo\\\/image\\\/\",\"url\":\"https:\\\/\\\/static.purejewels.com\\\/wp-content\\\/uploads\\\/2020\\\/11\\\/Logo-PJ-New-1.png\",\"contentUrl\":\"https:\\\/\\\/static.purejewels.com\\\/wp-content\\\/uploads\\\/2020\\\/11\\\/Logo-PJ-New-1.png\",\"width\":150,\"height\":80,\"caption\":\"PureJewels UK\"},\"image\":{\"@id\":\"https:\\\/\\\/www.purejewels.com\\\/#\\\/schema\\\/logo\\\/image\\\/\"}}]}<\/script>\n<!-- \/ Yoast SEO plugin. -->","yoast_head_json":{"title":"Geleneksel 22 Ayar Alt\u0131n Rudraksha Mala Kolye 26 \u0130n\u00e7 Al\u0131\u015fveri\u015fi","description":"26 in\u00e7 uzunlu\u011fundaki Geleneksel 22 Ayar Alt\u0131n Rudraksha Mala Kolyemizi ke\u015ffedin. Kutsal Rudraksha boncuklar\u0131 ile saf alt\u0131ndan haz\u0131rlanm\u0131\u015f, miras ve ba\u011fl\u0131l\u0131\u011f\u0131 harmanl\u0131yor.","robots":{"index":"index","follow":"follow","max-snippet":"max-snippet:-1","max-image-preview":"max-image-preview:large","max-video-preview":"max-video-preview:-1"},"canonical":"https:\/\/www.purejewels.com\/tr\/urun\/geleneksel-22-ayar-altin-rudraksha-mala-48121\/","og_locale":"tr_TR","og_type":"article","og_title":"Shop Traditional 22ct Gold Rudraksha Mala Necklace 26 Inch","og_description":"Discover our Traditional 22ct Gold Rudraksha Mala Necklace, 26 inch length. Crafted in pure gold with sacred Rudraksha beads, blending heritage, devotion.","og_url":"https:\/\/www.purejewels.com\/tr\/urun\/geleneksel-22-ayar-altin-rudraksha-mala-48121\/","og_site_name":"PureJewels UK","article_modified_time":"2026-04-13T06:31:50+00:00","og_image":[{"width":1000,"height":1000,"url":"https:\/\/static.purejewels.com\/wp-content\/uploads\/2026\/04\/SKU-48121-FRONT.jpg","type":"image\/jpeg"}],"twitter_card":"summary_large_image","twitter_misc":{"Tahmini okuma s\u00fcresi":"1 dakika"},"schema":{"@context":"https:\/\/schema.org","@graph":[{"@type":["WebPage","ItemPage"],"@id":"https:\/\/www.purejewels.com\/product\/traditional-22ct-gold-rudraksha-mala-48121\/","url":"https:\/\/www.purejewels.com\/product\/traditional-22ct-gold-rudraksha-mala-48121\/","name":"Geleneksel 22 Ayar Alt\u0131n Rudraksha Mala Kolye 26 \u0130n\u00e7 Al\u0131\u015fveri\u015fi","isPartOf":{"@id":"https:\/\/www.purejewels.com\/#website"},"primaryImageOfPage":{"@id":"https:\/\/www.purejewels.com\/product\/traditional-22ct-gold-rudraksha-mala-48121\/#primaryimage"},"image":{"@id":"https:\/\/www.purejewels.com\/product\/traditional-22ct-gold-rudraksha-mala-48121\/#primaryimage"},"thumbnailUrl":"https:\/\/static.purejewels.com\/wp-content\/uploads\/2026\/04\/SKU-48121-FRONT.jpg","datePublished":"2026-01-13T07:24:39+00:00","dateModified":"2026-04-13T06:31:50+00:00","description":"26 in\u00e7 uzunlu\u011fundaki Geleneksel 22 Ayar Alt\u0131n Rudraksha Mala Kolyemizi ke\u015ffedin. Kutsal Rudraksha boncuklar\u0131 ile saf alt\u0131ndan haz\u0131rlanm\u0131\u015f, miras ve ba\u011fl\u0131l\u0131\u011f\u0131 harmanl\u0131yor.","breadcrumb":{"@id":"https:\/\/www.purejewels.com\/product\/traditional-22ct-gold-rudraksha-mala-48121\/#breadcrumb"},"inLanguage":"tr","potentialAction":[{"@type":"ReadAction","target":["https:\/\/www.purejewels.com\/product\/traditional-22ct-gold-rudraksha-mala-48121\/"]}]},{"@type":"ImageObject","inLanguage":"tr","@id":"https:\/\/www.purejewels.com\/product\/traditional-22ct-gold-rudraksha-mala-48121\/#primaryimage","url":"https:\/\/static.purejewels.com\/wp-content\/uploads\/2026\/04\/SKU-48121-FRONT.jpg","contentUrl":"https:\/\/static.purejewels.com\/wp-content\/uploads\/2026\/04\/SKU-48121-FRONT.jpg","width":1000,"height":1000,"caption":"Traditional 22ct Gold Rudraksha Mala"},{"@type":"BreadcrumbList","@id":"https:\/\/www.purejewels.com\/product\/traditional-22ct-gold-rudraksha-mala-48121\/#breadcrumb","itemListElement":[{"@type":"ListItem","position":1,"name":"Home","item":"https:\/\/www.purejewels.com\/"},{"@type":"ListItem","position":2,"name":"Shop","item":"https:\/\/www.purejewels.com\/shop\/"},{"@type":"ListItem","position":3,"name":"Traditional 22ct Gold Rudraksha Mala | 26 Inch"}]},{"@type":"WebSite","@id":"https:\/\/www.purejewels.com\/#website","url":"https:\/\/www.purejewels.com\/","name":"PureJewels \u0130ngiltere","description":"Sevgiyi Payla\u015f\u0131n","publisher":{"@id":"https:\/\/www.purejewels.com\/#organization"},"potentialAction":[{"@type":"SearchAction","target":{"@type":"EntryPoint","urlTemplate":"https:\/\/www.purejewels.com\/?s={search_term_string}"},"query-input":{"@type":"PropertyValueSpecification","valueRequired":true,"valueName":"search_term_string"}}],"inLanguage":"tr"},{"@type":"Organization","@id":"https:\/\/www.purejewels.com\/#organization","name":"PureJewels \u0130ngiltere","url":"https:\/\/www.purejewels.com\/","logo":{"@type":"ImageObject","inLanguage":"tr","@id":"https:\/\/www.purejewels.com\/#\/schema\/logo\/image\/","url":"https:\/\/static.purejewels.com\/wp-content\/uploads\/2020\/11\/Logo-PJ-New-1.png","contentUrl":"https:\/\/static.purejewels.com\/wp-content\/uploads\/2020\/11\/Logo-PJ-New-1.png","width":150,"height":80,"caption":"PureJewels UK"},"image":{"@id":"https:\/\/www.purejewels.com\/#\/schema\/logo\/image\/"}}]}},"_links":{"self":[{"href":"https:\/\/www.purejewels.com\/tr\/wp-json\/wp\/v2\/product\/428354","targetHints":{"allow":["GET"]}}],"collection":[{"href":"https:\/\/www.purejewels.com\/tr\/wp-json\/wp\/v2\/product"}],"about":[{"href":"https:\/\/www.purejewels.com\/tr\/wp-json\/wp\/v2\/types\/product"}],"replies":[{"embeddable":true,"href":"https:\/\/www.purejewels.com\/tr\/wp-json\/wp\/v2\/comments?post=428354"}],"version-history":[{"count":1,"href":"https:\/\/www.purejewels.com\/tr\/wp-json\/wp\/v2\/product\/428354\/revisions"}],"predecessor-version":[{"id":428356,"href":"https:\/\/www.purejewels.com\/tr\/wp-json\/wp\/v2\/product\/428354\/revisions\/428356"}],"wp:featuredmedia":[{"embeddable":true,"href":"https:\/\/www.purejewels.com\/tr\/wp-json\/wp\/v2\/media\/428355"}],"wp:attachment":[{"href":"https:\/\/www.purejewels.com\/tr\/wp-json\/wp\/v2\/media?parent=428354"}],"wp:term":[{"taxonomy":"product_brand","embeddable":true,"href":"https:\/\/www.purejewels.com\/tr\/wp-json\/wp\/v2\/product_brand?post=428354"},{"taxonomy":"product_cat","embeddable":true,"href":"https:\/\/www.purejewels.com\/tr\/wp-json\/wp\/v2\/product_cat?post=428354"},{"taxonomy":"product_tag","embeddable":true,"href":"https:\/\/www.purejewels.com\/tr\/wp-json\/wp\/v2\/product_tag?post=428354"}],"curies":[{"name":"wp","href":"https:\/\/api.w.org\/{rel}","templated":true}]}}