{"id":428358,"date":"2026-01-13T07:44:37","date_gmt":"2026-01-13T07:44:37","guid":{"rendered":"https:\/\/www.purejewels.com\/?post_type=product&#038;p=428358"},"modified":"2026-04-13T09:21:22","modified_gmt":"2026-04-13T08:21:22","slug":"geleneksel-22-ayar-altin-tulsi-mala-kolye-51788","status":"publish","type":"product","link":"https:\/\/www.purejewels.com\/tr\/product\/traditional-22ct-gold-tulsi-mala-necklace-51788\/","title":{"rendered":"Geleneksel 22 Ayar Alt\u0131n Tulsi Mala Kolye"},"content":{"rendered":"<p data-start=\"674\" data-end=\"982\"><strong data-start=\"674\" data-end=\"692\">Tasar\u0131m Konsepti<\/strong><br data-start=\"692\" data-end=\"695\" \/>Kutsal geleneklerden ilham alan bu Tulsi Mala safl\u0131\u011f\u0131, sakinli\u011fi ve ruhani ba\u011flant\u0131y\u0131 yans\u0131t\u0131r. Tulsi boncuklar\u0131n\u0131n yumu\u015fak, organik dokusu 22 ayar alt\u0131n\u0131n nazik \u0131\u015f\u0131lt\u0131s\u0131yla g\u00fczel bir tezat olu\u015fturarak huzur ve ba\u011fl\u0131l\u0131\u011f\u0131 en rafine haliyle somutla\u015ft\u0131ran uyumlu bir ritim olu\u015fturuyor.<\/p>\n<p data-start=\"984\" data-end=\"1322\"><strong data-start=\"984\" data-end=\"1001\">Zanaatkarl\u0131k<\/strong><br data-start=\"1001\" data-end=\"1004\" \/>Denge ve ak\u0131\u015fa dikkat edilerek ustal\u0131kla bir araya getirilen her Tulsi boncu\u011fu \u00f6zenle se\u00e7ilmi\u015f ve ince i\u015flenmi\u015f alt\u0131n ba\u011flant\u0131larla e\u015fle\u015ftirilmi\u015ftir. Boncuklar\u0131n do\u011fal hafifli\u011fi, y\u00fcksek safl\u0131ktaki alt\u0131n\u0131n zenginli\u011fi ile birle\u015ferek hem geleneksel teknikleri hem de kal\u0131c\u0131 i\u015f\u00e7ili\u011fi onurland\u0131ran ak\u0131c\u0131 ve rahat bir \u00f6rt\u00fc sa\u011flar.<\/p>\n<p data-start=\"1324\" data-end=\"1652\"><strong data-start=\"1324\" data-end=\"1341\">Stil Fikirleri<\/strong><br data-start=\"1341\" data-end=\"1344\" \/>Sadeli\u011fiyle zarif olan bu mala, g\u00fcnl\u00fck kullan\u0131m i\u00e7in m\u00fckemmeldir ve ince bir ruhani varl\u0131k sunar. Minimal, anlaml\u0131 bir g\u00f6r\u00fcn\u00fcm i\u00e7in tek ba\u015f\u0131na tak\u0131labilir veya hem geleneksel hem de \u00e7a\u011fda\u015f k\u0131yafetleri sorunsuz bir \u015fekilde tamamlayan modern ama k\u00f6kl\u00fc bir stil ifadesi olu\u015fturmak i\u00e7in narin alt\u0131n zincirlerle katmanlanabilir.<\/p>","protected":false},"excerpt":{"rendered":"<p>Zarif bir ba\u011fl\u0131l\u0131k sembol\u00fc olan bu Geleneksel 22 Ayar Alt\u0131n Tulsi Mala, kutsal Tulsi boncuklar\u0131n\u0131 \u0131\u015f\u0131lt\u0131l\u0131 alt\u0131nla harmanlayarak g\u00fcnl\u00fck kullan\u0131m i\u00e7in zamans\u0131z bir ruhani zarafet par\u00e7as\u0131 sunuyor.<\/p>\n<p><strong>Malzeme:<\/strong>\u00a022 Ayar Alt\u0131n (91,6% Saf Alt\u0131n)<strong><br \/>\nHallmark:\u00a0<\/strong>\u0130ngiliz Damgas\u0131<strong><br \/>\n<\/strong><strong>Ta\u015f: <\/strong>Tulsi Boncuklar\u0131<strong><br \/>\n<\/strong><strong>Br\u00fct A\u011f\u0131rl\u0131k: <\/strong>9.30 Gms<br \/>\n<strong>Net A\u011f\u0131rl\u0131k:<\/strong> 8.40 Gms<br \/>\n<strong>SKU:<\/strong> 51788<br \/>\n<strong>Uzunluk:<\/strong> 25 \u0130n\u00e7<br \/>\n<strong>Fiyat ve Teslimat:<\/strong>\u00a0KDV ve teslimat \u00fccretleri dahil<strong><br \/>\n<a href=\"https:\/\/www.purejewels.com\/tr\/i%cc%87ade-poli%cc%87ti%cc%87kasi\/\">\u0130ade Politikas\u0131<\/a><\/strong><\/p>","protected":false},"featured_media":428359,"comment_status":"closed","ping_status":"closed","template":"","meta":{"_eb_attr":"","_crsspst_to_jayantr4sg-hostcom":true},"product_brand":[],"product_cat":[1617,1475,1229,1253,1779,1570,1574,5349],"product_tag":[],"class_list":{"0":"post-428358","1":"product","2":"type-product","3":"status-publish","4":"has-post-thumbnail","6":"product_cat-fancy-mala-chains","7":"product_cat-gold-chains","8":"product_cat-22ct-gold-jewellery","9":"product_cat-gold-necklaces","10":"product_cat-mala-style-necklaces","11":"product_cat-mothers-day-gifts","12":"product_cat-womens-jewellery","13":"product_cat-yellow-gold-jewellery","15":"first","16":"instock","17":"taxable","18":"shipping-taxable","19":"purchasable","20":"product-type-simple","21":"add-to-wishlist-before_image"},"yoast_head":"<!-- This site is optimized with the Yoast SEO plugin v27.4 - https:\/\/yoast.com\/product\/yoast-seo-wordpress\/ -->\n<title>Traditional 22ct Gold Tulsi Mala Necklace | PureJewels London<\/title>\n<meta name=\"description\" content=\"Explore the Traditional 22ct Gold Tulsi Mala, crafted with sacred Tulsi beads and pure gold. A timeless expression of devotion, spirituality, and elegant heritage design.\" \/>\n<meta name=\"robots\" content=\"index, follow, max-snippet:-1, max-image-preview:large, max-video-preview:-1\" \/>\n<link rel=\"canonical\" href=\"https:\/\/www.purejewels.com\/tr\/urun\/geleneksel-22-ayar-altin-tulsi-mala-kolye-51788\/\" \/>\n<meta property=\"og:locale\" content=\"tr_TR\" \/>\n<meta property=\"og:type\" content=\"article\" \/>\n<meta property=\"og:title\" content=\"Traditional 22ct Gold Tulsi Mala Necklace | PureJewels London\" \/>\n<meta property=\"og:description\" content=\"Explore the Traditional 22ct Gold Tulsi Mala, crafted with sacred Tulsi beads and pure gold. A timeless expression of devotion, spirituality, and elegant heritage design.\" \/>\n<meta property=\"og:url\" content=\"https:\/\/www.purejewels.com\/tr\/urun\/geleneksel-22-ayar-altin-tulsi-mala-kolye-51788\/\" \/>\n<meta property=\"og:site_name\" content=\"PureJewels UK\" \/>\n<meta property=\"article:modified_time\" content=\"2026-04-13T08:21:22+00:00\" \/>\n<meta property=\"og:image\" content=\"https:\/\/static.purejewels.com\/wp-content\/uploads\/2026\/04\/SKU-51788-FRONT.jpg\" \/>\n\t<meta property=\"og:image:width\" content=\"1000\" \/>\n\t<meta property=\"og:image:height\" content=\"1000\" \/>\n\t<meta property=\"og:image:type\" content=\"image\/jpeg\" \/>\n<meta name=\"twitter:card\" content=\"summary_large_image\" \/>\n<meta name=\"twitter:label1\" content=\"Tahmini okuma s\u00fcresi\" \/>\n\t<meta name=\"twitter:data1\" content=\"1 dakika\" \/>\n<script type=\"application\/ld+json\" class=\"yoast-schema-graph\">{\"@context\":\"https:\\\/\\\/schema.org\",\"@graph\":[{\"@type\":[\"WebPage\",\"ItemPage\"],\"@id\":\"https:\\\/\\\/www.purejewels.com\\\/product\\\/traditional-22ct-gold-tulsi-mala-necklace-51788\\\/\",\"url\":\"https:\\\/\\\/www.purejewels.com\\\/product\\\/traditional-22ct-gold-tulsi-mala-necklace-51788\\\/\",\"name\":\"Traditional 22ct Gold Tulsi Mala Necklace | PureJewels London\",\"isPartOf\":{\"@id\":\"https:\\\/\\\/www.purejewels.com\\\/#website\"},\"primaryImageOfPage\":{\"@id\":\"https:\\\/\\\/www.purejewels.com\\\/product\\\/traditional-22ct-gold-tulsi-mala-necklace-51788\\\/#primaryimage\"},\"image\":{\"@id\":\"https:\\\/\\\/www.purejewels.com\\\/product\\\/traditional-22ct-gold-tulsi-mala-necklace-51788\\\/#primaryimage\"},\"thumbnailUrl\":\"https:\\\/\\\/static.purejewels.com\\\/wp-content\\\/uploads\\\/2026\\\/04\\\/SKU-51788-FRONT.jpg\",\"datePublished\":\"2026-01-13T07:44:37+00:00\",\"dateModified\":\"2026-04-13T08:21:22+00:00\",\"description\":\"Explore the Traditional 22ct Gold Tulsi Mala, crafted with sacred Tulsi beads and pure gold. A timeless expression of devotion, spirituality, and elegant heritage design.\",\"breadcrumb\":{\"@id\":\"https:\\\/\\\/www.purejewels.com\\\/product\\\/traditional-22ct-gold-tulsi-mala-necklace-51788\\\/#breadcrumb\"},\"inLanguage\":\"tr\",\"potentialAction\":[{\"@type\":\"ReadAction\",\"target\":[\"https:\\\/\\\/www.purejewels.com\\\/product\\\/traditional-22ct-gold-tulsi-mala-necklace-51788\\\/\"]}]},{\"@type\":\"ImageObject\",\"inLanguage\":\"tr\",\"@id\":\"https:\\\/\\\/www.purejewels.com\\\/product\\\/traditional-22ct-gold-tulsi-mala-necklace-51788\\\/#primaryimage\",\"url\":\"https:\\\/\\\/static.purejewels.com\\\/wp-content\\\/uploads\\\/2026\\\/04\\\/SKU-51788-FRONT.jpg\",\"contentUrl\":\"https:\\\/\\\/static.purejewels.com\\\/wp-content\\\/uploads\\\/2026\\\/04\\\/SKU-51788-FRONT.jpg\",\"width\":1000,\"height\":1000,\"caption\":\"Traditional 22ct Gold Tulsi Mala Necklace\"},{\"@type\":\"BreadcrumbList\",\"@id\":\"https:\\\/\\\/www.purejewels.com\\\/product\\\/traditional-22ct-gold-tulsi-mala-necklace-51788\\\/#breadcrumb\",\"itemListElement\":[{\"@type\":\"ListItem\",\"position\":1,\"name\":\"Home\",\"item\":\"https:\\\/\\\/www.purejewels.com\\\/\"},{\"@type\":\"ListItem\",\"position\":2,\"name\":\"Shop\",\"item\":\"https:\\\/\\\/www.purejewels.com\\\/shop\\\/\"},{\"@type\":\"ListItem\",\"position\":3,\"name\":\"Traditional 22ct Gold Tulsi Mala Necklace\"}]},{\"@type\":\"WebSite\",\"@id\":\"https:\\\/\\\/www.purejewels.com\\\/#website\",\"url\":\"https:\\\/\\\/www.purejewels.com\\\/\",\"name\":\"PureJewels UK\",\"description\":\"Share the Love\",\"publisher\":{\"@id\":\"https:\\\/\\\/www.purejewels.com\\\/#organization\"},\"potentialAction\":[{\"@type\":\"SearchAction\",\"target\":{\"@type\":\"EntryPoint\",\"urlTemplate\":\"https:\\\/\\\/www.purejewels.com\\\/?s={search_term_string}\"},\"query-input\":{\"@type\":\"PropertyValueSpecification\",\"valueRequired\":true,\"valueName\":\"search_term_string\"}}],\"inLanguage\":\"tr\"},{\"@type\":\"Organization\",\"@id\":\"https:\\\/\\\/www.purejewels.com\\\/#organization\",\"name\":\"PureJewels UK\",\"url\":\"https:\\\/\\\/www.purejewels.com\\\/\",\"logo\":{\"@type\":\"ImageObject\",\"inLanguage\":\"tr\",\"@id\":\"https:\\\/\\\/www.purejewels.com\\\/#\\\/schema\\\/logo\\\/image\\\/\",\"url\":\"https:\\\/\\\/static.purejewels.com\\\/wp-content\\\/uploads\\\/2020\\\/11\\\/Logo-PJ-New-1.png\",\"contentUrl\":\"https:\\\/\\\/static.purejewels.com\\\/wp-content\\\/uploads\\\/2020\\\/11\\\/Logo-PJ-New-1.png\",\"width\":150,\"height\":80,\"caption\":\"PureJewels UK\"},\"image\":{\"@id\":\"https:\\\/\\\/www.purejewels.com\\\/#\\\/schema\\\/logo\\\/image\\\/\"}}]}<\/script>\n<!-- \/ Yoast SEO plugin. -->","yoast_head_json":{"title":"Geleneksel 22 Ayar Alt\u0131n Tulsi Mala Kolye | PureJewels London","description":"Kutsal Tulsi boncuklar\u0131 ve saf alt\u0131n ile haz\u0131rlanm\u0131\u015f Geleneksel 22 Ayar Alt\u0131n Tulsi Mala'y\u0131 ke\u015ffedin. Ba\u011fl\u0131l\u0131\u011f\u0131n, maneviyat\u0131n ve zarif miras tasar\u0131m\u0131n\u0131n zamans\u0131z bir ifadesi.","robots":{"index":"index","follow":"follow","max-snippet":"max-snippet:-1","max-image-preview":"max-image-preview:large","max-video-preview":"max-video-preview:-1"},"canonical":"https:\/\/www.purejewels.com\/tr\/urun\/geleneksel-22-ayar-altin-tulsi-mala-kolye-51788\/","og_locale":"tr_TR","og_type":"article","og_title":"Traditional 22ct Gold Tulsi Mala Necklace | PureJewels London","og_description":"Explore the Traditional 22ct Gold Tulsi Mala, crafted with sacred Tulsi beads and pure gold. A timeless expression of devotion, spirituality, and elegant heritage design.","og_url":"https:\/\/www.purejewels.com\/tr\/urun\/geleneksel-22-ayar-altin-tulsi-mala-kolye-51788\/","og_site_name":"PureJewels UK","article_modified_time":"2026-04-13T08:21:22+00:00","og_image":[{"width":1000,"height":1000,"url":"https:\/\/static.purejewels.com\/wp-content\/uploads\/2026\/04\/SKU-51788-FRONT.jpg","type":"image\/jpeg"}],"twitter_card":"summary_large_image","twitter_misc":{"Tahmini okuma s\u00fcresi":"1 dakika"},"schema":{"@context":"https:\/\/schema.org","@graph":[{"@type":["WebPage","ItemPage"],"@id":"https:\/\/www.purejewels.com\/product\/traditional-22ct-gold-tulsi-mala-necklace-51788\/","url":"https:\/\/www.purejewels.com\/product\/traditional-22ct-gold-tulsi-mala-necklace-51788\/","name":"Geleneksel 22 Ayar Alt\u0131n Tulsi Mala Kolye | PureJewels London","isPartOf":{"@id":"https:\/\/www.purejewels.com\/#website"},"primaryImageOfPage":{"@id":"https:\/\/www.purejewels.com\/product\/traditional-22ct-gold-tulsi-mala-necklace-51788\/#primaryimage"},"image":{"@id":"https:\/\/www.purejewels.com\/product\/traditional-22ct-gold-tulsi-mala-necklace-51788\/#primaryimage"},"thumbnailUrl":"https:\/\/static.purejewels.com\/wp-content\/uploads\/2026\/04\/SKU-51788-FRONT.jpg","datePublished":"2026-01-13T07:44:37+00:00","dateModified":"2026-04-13T08:21:22+00:00","description":"Kutsal Tulsi boncuklar\u0131 ve saf alt\u0131n ile haz\u0131rlanm\u0131\u015f Geleneksel 22 Ayar Alt\u0131n Tulsi Mala'y\u0131 ke\u015ffedin. Ba\u011fl\u0131l\u0131\u011f\u0131n, maneviyat\u0131n ve zarif miras tasar\u0131m\u0131n\u0131n zamans\u0131z bir ifadesi.","breadcrumb":{"@id":"https:\/\/www.purejewels.com\/product\/traditional-22ct-gold-tulsi-mala-necklace-51788\/#breadcrumb"},"inLanguage":"tr","potentialAction":[{"@type":"ReadAction","target":["https:\/\/www.purejewels.com\/product\/traditional-22ct-gold-tulsi-mala-necklace-51788\/"]}]},{"@type":"ImageObject","inLanguage":"tr","@id":"https:\/\/www.purejewels.com\/product\/traditional-22ct-gold-tulsi-mala-necklace-51788\/#primaryimage","url":"https:\/\/static.purejewels.com\/wp-content\/uploads\/2026\/04\/SKU-51788-FRONT.jpg","contentUrl":"https:\/\/static.purejewels.com\/wp-content\/uploads\/2026\/04\/SKU-51788-FRONT.jpg","width":1000,"height":1000,"caption":"Traditional 22ct Gold Tulsi Mala Necklace"},{"@type":"BreadcrumbList","@id":"https:\/\/www.purejewels.com\/product\/traditional-22ct-gold-tulsi-mala-necklace-51788\/#breadcrumb","itemListElement":[{"@type":"ListItem","position":1,"name":"Home","item":"https:\/\/www.purejewels.com\/"},{"@type":"ListItem","position":2,"name":"Shop","item":"https:\/\/www.purejewels.com\/shop\/"},{"@type":"ListItem","position":3,"name":"Traditional 22ct Gold Tulsi Mala Necklace"}]},{"@type":"WebSite","@id":"https:\/\/www.purejewels.com\/#website","url":"https:\/\/www.purejewels.com\/","name":"PureJewels \u0130ngiltere","description":"Sevgiyi Payla\u015f\u0131n","publisher":{"@id":"https:\/\/www.purejewels.com\/#organization"},"potentialAction":[{"@type":"SearchAction","target":{"@type":"EntryPoint","urlTemplate":"https:\/\/www.purejewels.com\/?s={search_term_string}"},"query-input":{"@type":"PropertyValueSpecification","valueRequired":true,"valueName":"search_term_string"}}],"inLanguage":"tr"},{"@type":"Organization","@id":"https:\/\/www.purejewels.com\/#organization","name":"PureJewels \u0130ngiltere","url":"https:\/\/www.purejewels.com\/","logo":{"@type":"ImageObject","inLanguage":"tr","@id":"https:\/\/www.purejewels.com\/#\/schema\/logo\/image\/","url":"https:\/\/static.purejewels.com\/wp-content\/uploads\/2020\/11\/Logo-PJ-New-1.png","contentUrl":"https:\/\/static.purejewels.com\/wp-content\/uploads\/2020\/11\/Logo-PJ-New-1.png","width":150,"height":80,"caption":"PureJewels UK"},"image":{"@id":"https:\/\/www.purejewels.com\/#\/schema\/logo\/image\/"}}]}},"_links":{"self":[{"href":"https:\/\/www.purejewels.com\/tr\/wp-json\/wp\/v2\/product\/428358","targetHints":{"allow":["GET"]}}],"collection":[{"href":"https:\/\/www.purejewels.com\/tr\/wp-json\/wp\/v2\/product"}],"about":[{"href":"https:\/\/www.purejewels.com\/tr\/wp-json\/wp\/v2\/types\/product"}],"replies":[{"embeddable":true,"href":"https:\/\/www.purejewels.com\/tr\/wp-json\/wp\/v2\/comments?post=428358"}],"version-history":[{"count":1,"href":"https:\/\/www.purejewels.com\/tr\/wp-json\/wp\/v2\/product\/428358\/revisions"}],"predecessor-version":[{"id":428360,"href":"https:\/\/www.purejewels.com\/tr\/wp-json\/wp\/v2\/product\/428358\/revisions\/428360"}],"wp:featuredmedia":[{"embeddable":true,"href":"https:\/\/www.purejewels.com\/tr\/wp-json\/wp\/v2\/media\/428359"}],"wp:attachment":[{"href":"https:\/\/www.purejewels.com\/tr\/wp-json\/wp\/v2\/media?parent=428358"}],"wp:term":[{"taxonomy":"product_brand","embeddable":true,"href":"https:\/\/www.purejewels.com\/tr\/wp-json\/wp\/v2\/product_brand?post=428358"},{"taxonomy":"product_cat","embeddable":true,"href":"https:\/\/www.purejewels.com\/tr\/wp-json\/wp\/v2\/product_cat?post=428358"},{"taxonomy":"product_tag","embeddable":true,"href":"https:\/\/www.purejewels.com\/tr\/wp-json\/wp\/v2\/product_tag?post=428358"}],"curies":[{"name":"wp","href":"https:\/\/api.w.org\/{rel}","templated":true}]}}