{"id":428361,"date":"2026-01-13T09:24:29","date_gmt":"2026-01-13T09:24:29","guid":{"rendered":"https:\/\/www.purejewels.com\/?post_type=product&#038;p=428361"},"modified":"2026-04-13T09:31:42","modified_gmt":"2026-04-13T08:31:42","slug":"altin-ara-parcali-22-ayar-altin-tulsi-mala-51789","status":"publish","type":"product","link":"https:\/\/www.purejewels.com\/tr\/product\/22ct-gold-tulsi-mala-with-gold-spacers-51789\/","title":{"rendered":"Alt\u0131n Ara Par\u00e7al\u0131 22 Ayar Alt\u0131n Tulsi Mala"},"content":{"rendered":"<p data-start=\"686\" data-end=\"1005\"><strong data-start=\"686\" data-end=\"704\">Tasar\u0131m Konsepti<\/strong><br data-start=\"704\" data-end=\"707\" \/>Bu Tulsi Mala, Tulsi boncuklar\u0131n\u0131n do\u011fal yumu\u015fakl\u0131\u011f\u0131n\u0131n incelikle i\u015flenmi\u015f alt\u0131n ara par\u00e7alarla y\u00fckseltildi\u011fi uyumu ve sessiz sofistikeli\u011fi yans\u0131tmak i\u00e7in tasarlanm\u0131\u015ft\u0131r. Doku ve parlakl\u0131\u011f\u0131n kar\u015f\u0131l\u0131kl\u0131 etkile\u015fimi zarif bir ritim yaratarak hem ruhsal olarak k\u00f6kl\u00fc hem de g\u00f6rsel olarak rafine bir par\u00e7a sunuyor.<\/p>\n<p data-start=\"1007\" data-end=\"1321\"><strong data-start=\"1007\" data-end=\"1024\">Zanaatkarl\u0131k<\/strong><br data-start=\"1024\" data-end=\"1027\" \/>Her bir Tulsi boncu\u011fu \u00f6zenle se\u00e7ilmi\u015f ve ince detaylara sahip 22 ayar alt\u0131n ara par\u00e7alarla e\u015fle\u015ftirilerek tasar\u0131ma derinlik ve incelik katm\u0131\u015ft\u0131r. Dikkatli montaj, her PureJewels tasar\u0131m\u0131n\u0131 tan\u0131mlayan hassasiyet ve miras i\u015f\u00e7ili\u011fini sergileyerek denge, dayan\u0131kl\u0131l\u0131k ve ak\u0131c\u0131 bir \u00f6rt\u00fc sa\u011flar.<\/p>\n<p data-start=\"1323\" data-end=\"1627\"><strong data-start=\"1323\" data-end=\"1340\">Stil Fikirleri<\/strong><br data-start=\"1340\" data-end=\"1343\" \/>\u0130nce detaylar\u0131 takdir edenler i\u00e7in m\u00fckemmel olan bu mala, anlaml\u0131 bir g\u00fcnl\u00fck par\u00e7a olarak tek ba\u015f\u0131na tak\u0131labilir veya daha \u00e7a\u011fda\u015f bir ifade i\u00e7in ince alt\u0131n zincirlerle katmanlanabilir. Narin alt\u0131n vurgular\u0131, geleneksel k\u0131yafetler ve modern stil aras\u0131nda zahmetsizce ge\u00e7i\u015f yapmas\u0131n\u0131 sa\u011flar.<\/p>","protected":false},"excerpt":{"rendered":"<p>Maneviyat\u0131n zarif bir ifadesi olan bu alt\u0131n ara par\u00e7al\u0131 22 Ayar Alt\u0131n Tulsi Mala, hem anlaml\u0131 hem de zarif bir \u015fekilde detayland\u0131r\u0131lm\u0131\u015f bir g\u00f6r\u00fcn\u00fcm i\u00e7in kutsal Tulsi boncuklar\u0131n\u0131 ve karma\u015f\u0131k alt\u0131n aksanlar\u0131 bir araya getiriyor.<\/p>\n<p><strong>Malzeme:<\/strong>\u00a022 Ayar Alt\u0131n (91,6% Saf Alt\u0131n)<strong><br \/>\nHallmark:\u00a0<\/strong>\u0130ngiliz Damgas\u0131<strong><br \/>\n<\/strong><strong>Ta\u015f: <\/strong>Tulsi Boncuklar\u0131<strong><br \/>\n<\/strong><strong>Br\u00fct A\u011f\u0131rl\u0131k: <\/strong>14.60 Gms<br \/>\n<strong>Net A\u011f\u0131rl\u0131k:<\/strong> 13.7 Gms<br \/>\n<strong>SKU:<\/strong> 51789<br \/>\n<strong>Uzunluk:<\/strong> 25 \u0130n\u00e7<br \/>\n<strong>Fiyat ve Teslimat:<\/strong>\u00a0KDV ve teslimat \u00fccretleri dahil<strong><br \/>\n<a href=\"https:\/\/www.purejewels.com\/tr\/i%cc%87ade-poli%cc%87ti%cc%87kasi\/\">\u0130ade Politikas\u0131<\/a><\/strong><\/p>","protected":false},"featured_media":428362,"comment_status":"closed","ping_status":"closed","template":"","meta":{"_eb_attr":"","_crsspst_to_jayantr4sg-hostcom":true},"product_brand":[],"product_cat":[1617,1475,1229,1253,1779,1570,1574,5349],"product_tag":[],"class_list":{"0":"post-428361","1":"product","2":"type-product","3":"status-publish","4":"has-post-thumbnail","6":"product_cat-fancy-mala-chains","7":"product_cat-gold-chains","8":"product_cat-22ct-gold-jewellery","9":"product_cat-gold-necklaces","10":"product_cat-mala-style-necklaces","11":"product_cat-mothers-day-gifts","12":"product_cat-womens-jewellery","13":"product_cat-yellow-gold-jewellery","15":"first","16":"instock","17":"taxable","18":"shipping-taxable","19":"purchasable","20":"product-type-simple","21":"add-to-wishlist-before_image"},"yoast_head":"<!-- This site is optimized with the Yoast SEO plugin v27.4 - https:\/\/yoast.com\/product\/yoast-seo-wordpress\/ -->\n<title>22ct Gold Tulsi Mala with Gold Spacers | PureJewels UK<\/title>\n<meta name=\"description\" content=\"Discover the 22ct Gold Tulsi Mala with Gold Spacers, crafted with sacred Tulsi beads and intricate gold detailing. A timeless blend of devotion, heritage, and elegance.\" \/>\n<meta name=\"robots\" content=\"index, follow, max-snippet:-1, max-image-preview:large, max-video-preview:-1\" \/>\n<link rel=\"canonical\" href=\"https:\/\/www.purejewels.com\/tr\/urun\/altin-ara-parcali-22-ayar-altin-tulsi-mala-51789\/\" \/>\n<meta property=\"og:locale\" content=\"tr_TR\" \/>\n<meta property=\"og:type\" content=\"article\" \/>\n<meta property=\"og:title\" content=\"22ct Gold Tulsi Mala with Gold Spacers | PureJewels UK\" \/>\n<meta property=\"og:description\" content=\"Discover the 22ct Gold Tulsi Mala with Gold Spacers, crafted with sacred Tulsi beads and intricate gold detailing. A timeless blend of devotion, heritage, and elegance.\" \/>\n<meta property=\"og:url\" content=\"https:\/\/www.purejewels.com\/tr\/urun\/altin-ara-parcali-22-ayar-altin-tulsi-mala-51789\/\" \/>\n<meta property=\"og:site_name\" content=\"PureJewels UK\" \/>\n<meta property=\"article:modified_time\" content=\"2026-04-13T08:31:42+00:00\" \/>\n<meta property=\"og:image\" content=\"https:\/\/static.purejewels.com\/wp-content\/uploads\/2026\/04\/SKU-51789-FRONT.jpg\" \/>\n\t<meta property=\"og:image:width\" content=\"1000\" \/>\n\t<meta property=\"og:image:height\" content=\"1000\" \/>\n\t<meta property=\"og:image:type\" content=\"image\/jpeg\" \/>\n<meta name=\"twitter:card\" content=\"summary_large_image\" \/>\n<meta name=\"twitter:label1\" content=\"Tahmini okuma s\u00fcresi\" \/>\n\t<meta name=\"twitter:data1\" content=\"1 dakika\" \/>\n<script type=\"application\/ld+json\" class=\"yoast-schema-graph\">{\"@context\":\"https:\\\/\\\/schema.org\",\"@graph\":[{\"@type\":[\"WebPage\",\"ItemPage\"],\"@id\":\"https:\\\/\\\/www.purejewels.com\\\/product\\\/22ct-gold-tulsi-mala-with-gold-spacers-51789\\\/\",\"url\":\"https:\\\/\\\/www.purejewels.com\\\/product\\\/22ct-gold-tulsi-mala-with-gold-spacers-51789\\\/\",\"name\":\"22ct Gold Tulsi Mala with Gold Spacers | PureJewels UK\",\"isPartOf\":{\"@id\":\"https:\\\/\\\/www.purejewels.com\\\/#website\"},\"primaryImageOfPage\":{\"@id\":\"https:\\\/\\\/www.purejewels.com\\\/product\\\/22ct-gold-tulsi-mala-with-gold-spacers-51789\\\/#primaryimage\"},\"image\":{\"@id\":\"https:\\\/\\\/www.purejewels.com\\\/product\\\/22ct-gold-tulsi-mala-with-gold-spacers-51789\\\/#primaryimage\"},\"thumbnailUrl\":\"https:\\\/\\\/static.purejewels.com\\\/wp-content\\\/uploads\\\/2026\\\/04\\\/SKU-51789-FRONT.jpg\",\"datePublished\":\"2026-01-13T09:24:29+00:00\",\"dateModified\":\"2026-04-13T08:31:42+00:00\",\"description\":\"Discover the 22ct Gold Tulsi Mala with Gold Spacers, crafted with sacred Tulsi beads and intricate gold detailing. A timeless blend of devotion, heritage, and elegance.\",\"breadcrumb\":{\"@id\":\"https:\\\/\\\/www.purejewels.com\\\/product\\\/22ct-gold-tulsi-mala-with-gold-spacers-51789\\\/#breadcrumb\"},\"inLanguage\":\"tr\",\"potentialAction\":[{\"@type\":\"ReadAction\",\"target\":[\"https:\\\/\\\/www.purejewels.com\\\/product\\\/22ct-gold-tulsi-mala-with-gold-spacers-51789\\\/\"]}]},{\"@type\":\"ImageObject\",\"inLanguage\":\"tr\",\"@id\":\"https:\\\/\\\/www.purejewels.com\\\/product\\\/22ct-gold-tulsi-mala-with-gold-spacers-51789\\\/#primaryimage\",\"url\":\"https:\\\/\\\/static.purejewels.com\\\/wp-content\\\/uploads\\\/2026\\\/04\\\/SKU-51789-FRONT.jpg\",\"contentUrl\":\"https:\\\/\\\/static.purejewels.com\\\/wp-content\\\/uploads\\\/2026\\\/04\\\/SKU-51789-FRONT.jpg\",\"width\":1000,\"height\":1000,\"caption\":\"22ct Gold Tulsi Mala with Gold Spacers\"},{\"@type\":\"BreadcrumbList\",\"@id\":\"https:\\\/\\\/www.purejewels.com\\\/product\\\/22ct-gold-tulsi-mala-with-gold-spacers-51789\\\/#breadcrumb\",\"itemListElement\":[{\"@type\":\"ListItem\",\"position\":1,\"name\":\"Home\",\"item\":\"https:\\\/\\\/www.purejewels.com\\\/\"},{\"@type\":\"ListItem\",\"position\":2,\"name\":\"Shop\",\"item\":\"https:\\\/\\\/www.purejewels.com\\\/shop\\\/\"},{\"@type\":\"ListItem\",\"position\":3,\"name\":\"22ct Gold Tulsi Mala with Gold Spacers\"}]},{\"@type\":\"WebSite\",\"@id\":\"https:\\\/\\\/www.purejewels.com\\\/#website\",\"url\":\"https:\\\/\\\/www.purejewels.com\\\/\",\"name\":\"PureJewels UK\",\"description\":\"Share the Love\",\"publisher\":{\"@id\":\"https:\\\/\\\/www.purejewels.com\\\/#organization\"},\"potentialAction\":[{\"@type\":\"SearchAction\",\"target\":{\"@type\":\"EntryPoint\",\"urlTemplate\":\"https:\\\/\\\/www.purejewels.com\\\/?s={search_term_string}\"},\"query-input\":{\"@type\":\"PropertyValueSpecification\",\"valueRequired\":true,\"valueName\":\"search_term_string\"}}],\"inLanguage\":\"tr\"},{\"@type\":\"Organization\",\"@id\":\"https:\\\/\\\/www.purejewels.com\\\/#organization\",\"name\":\"PureJewels UK\",\"url\":\"https:\\\/\\\/www.purejewels.com\\\/\",\"logo\":{\"@type\":\"ImageObject\",\"inLanguage\":\"tr\",\"@id\":\"https:\\\/\\\/www.purejewels.com\\\/#\\\/schema\\\/logo\\\/image\\\/\",\"url\":\"https:\\\/\\\/static.purejewels.com\\\/wp-content\\\/uploads\\\/2020\\\/11\\\/Logo-PJ-New-1.png\",\"contentUrl\":\"https:\\\/\\\/static.purejewels.com\\\/wp-content\\\/uploads\\\/2020\\\/11\\\/Logo-PJ-New-1.png\",\"width\":150,\"height\":80,\"caption\":\"PureJewels UK\"},\"image\":{\"@id\":\"https:\\\/\\\/www.purejewels.com\\\/#\\\/schema\\\/logo\\\/image\\\/\"}}]}<\/script>\n<!-- \/ Yoast SEO plugin. -->","yoast_head_json":{"title":"Alt\u0131n Ara Par\u00e7al\u0131 22 Ayar Alt\u0131n Tulsi Mala | PureJewels UK","description":"Kutsal Tulsi boncuklar\u0131 ve karma\u015f\u0131k alt\u0131n detaylarla haz\u0131rlanm\u0131\u015f Alt\u0131n Ara Par\u00e7al\u0131 22 Ayar Alt\u0131n Tulsi Mala'y\u0131 ke\u015ffedin. Ba\u011fl\u0131l\u0131k, miras ve zarafetin zamans\u0131z bir kar\u0131\u015f\u0131m\u0131.","robots":{"index":"index","follow":"follow","max-snippet":"max-snippet:-1","max-image-preview":"max-image-preview:large","max-video-preview":"max-video-preview:-1"},"canonical":"https:\/\/www.purejewels.com\/tr\/urun\/altin-ara-parcali-22-ayar-altin-tulsi-mala-51789\/","og_locale":"tr_TR","og_type":"article","og_title":"22ct Gold Tulsi Mala with Gold Spacers | PureJewels UK","og_description":"Discover the 22ct Gold Tulsi Mala with Gold Spacers, crafted with sacred Tulsi beads and intricate gold detailing. A timeless blend of devotion, heritage, and elegance.","og_url":"https:\/\/www.purejewels.com\/tr\/urun\/altin-ara-parcali-22-ayar-altin-tulsi-mala-51789\/","og_site_name":"PureJewels UK","article_modified_time":"2026-04-13T08:31:42+00:00","og_image":[{"width":1000,"height":1000,"url":"https:\/\/static.purejewels.com\/wp-content\/uploads\/2026\/04\/SKU-51789-FRONT.jpg","type":"image\/jpeg"}],"twitter_card":"summary_large_image","twitter_misc":{"Tahmini okuma s\u00fcresi":"1 dakika"},"schema":{"@context":"https:\/\/schema.org","@graph":[{"@type":["WebPage","ItemPage"],"@id":"https:\/\/www.purejewels.com\/product\/22ct-gold-tulsi-mala-with-gold-spacers-51789\/","url":"https:\/\/www.purejewels.com\/product\/22ct-gold-tulsi-mala-with-gold-spacers-51789\/","name":"Alt\u0131n Ara Par\u00e7al\u0131 22 Ayar Alt\u0131n Tulsi Mala | PureJewels UK","isPartOf":{"@id":"https:\/\/www.purejewels.com\/#website"},"primaryImageOfPage":{"@id":"https:\/\/www.purejewels.com\/product\/22ct-gold-tulsi-mala-with-gold-spacers-51789\/#primaryimage"},"image":{"@id":"https:\/\/www.purejewels.com\/product\/22ct-gold-tulsi-mala-with-gold-spacers-51789\/#primaryimage"},"thumbnailUrl":"https:\/\/static.purejewels.com\/wp-content\/uploads\/2026\/04\/SKU-51789-FRONT.jpg","datePublished":"2026-01-13T09:24:29+00:00","dateModified":"2026-04-13T08:31:42+00:00","description":"Kutsal Tulsi boncuklar\u0131 ve karma\u015f\u0131k alt\u0131n detaylarla haz\u0131rlanm\u0131\u015f Alt\u0131n Ara Par\u00e7al\u0131 22 Ayar Alt\u0131n Tulsi Mala'y\u0131 ke\u015ffedin. Ba\u011fl\u0131l\u0131k, miras ve zarafetin zamans\u0131z bir kar\u0131\u015f\u0131m\u0131.","breadcrumb":{"@id":"https:\/\/www.purejewels.com\/product\/22ct-gold-tulsi-mala-with-gold-spacers-51789\/#breadcrumb"},"inLanguage":"tr","potentialAction":[{"@type":"ReadAction","target":["https:\/\/www.purejewels.com\/product\/22ct-gold-tulsi-mala-with-gold-spacers-51789\/"]}]},{"@type":"ImageObject","inLanguage":"tr","@id":"https:\/\/www.purejewels.com\/product\/22ct-gold-tulsi-mala-with-gold-spacers-51789\/#primaryimage","url":"https:\/\/static.purejewels.com\/wp-content\/uploads\/2026\/04\/SKU-51789-FRONT.jpg","contentUrl":"https:\/\/static.purejewels.com\/wp-content\/uploads\/2026\/04\/SKU-51789-FRONT.jpg","width":1000,"height":1000,"caption":"22ct Gold Tulsi Mala with Gold Spacers"},{"@type":"BreadcrumbList","@id":"https:\/\/www.purejewels.com\/product\/22ct-gold-tulsi-mala-with-gold-spacers-51789\/#breadcrumb","itemListElement":[{"@type":"ListItem","position":1,"name":"Home","item":"https:\/\/www.purejewels.com\/"},{"@type":"ListItem","position":2,"name":"Shop","item":"https:\/\/www.purejewels.com\/shop\/"},{"@type":"ListItem","position":3,"name":"22ct Gold Tulsi Mala with Gold Spacers"}]},{"@type":"WebSite","@id":"https:\/\/www.purejewels.com\/#website","url":"https:\/\/www.purejewels.com\/","name":"PureJewels \u0130ngiltere","description":"Sevgiyi Payla\u015f\u0131n","publisher":{"@id":"https:\/\/www.purejewels.com\/#organization"},"potentialAction":[{"@type":"SearchAction","target":{"@type":"EntryPoint","urlTemplate":"https:\/\/www.purejewels.com\/?s={search_term_string}"},"query-input":{"@type":"PropertyValueSpecification","valueRequired":true,"valueName":"search_term_string"}}],"inLanguage":"tr"},{"@type":"Organization","@id":"https:\/\/www.purejewels.com\/#organization","name":"PureJewels \u0130ngiltere","url":"https:\/\/www.purejewels.com\/","logo":{"@type":"ImageObject","inLanguage":"tr","@id":"https:\/\/www.purejewels.com\/#\/schema\/logo\/image\/","url":"https:\/\/static.purejewels.com\/wp-content\/uploads\/2020\/11\/Logo-PJ-New-1.png","contentUrl":"https:\/\/static.purejewels.com\/wp-content\/uploads\/2020\/11\/Logo-PJ-New-1.png","width":150,"height":80,"caption":"PureJewels UK"},"image":{"@id":"https:\/\/www.purejewels.com\/#\/schema\/logo\/image\/"}}]}},"_links":{"self":[{"href":"https:\/\/www.purejewels.com\/tr\/wp-json\/wp\/v2\/product\/428361","targetHints":{"allow":["GET"]}}],"collection":[{"href":"https:\/\/www.purejewels.com\/tr\/wp-json\/wp\/v2\/product"}],"about":[{"href":"https:\/\/www.purejewels.com\/tr\/wp-json\/wp\/v2\/types\/product"}],"replies":[{"embeddable":true,"href":"https:\/\/www.purejewels.com\/tr\/wp-json\/wp\/v2\/comments?post=428361"}],"version-history":[{"count":1,"href":"https:\/\/www.purejewels.com\/tr\/wp-json\/wp\/v2\/product\/428361\/revisions"}],"predecessor-version":[{"id":428363,"href":"https:\/\/www.purejewels.com\/tr\/wp-json\/wp\/v2\/product\/428361\/revisions\/428363"}],"wp:featuredmedia":[{"embeddable":true,"href":"https:\/\/www.purejewels.com\/tr\/wp-json\/wp\/v2\/media\/428362"}],"wp:attachment":[{"href":"https:\/\/www.purejewels.com\/tr\/wp-json\/wp\/v2\/media?parent=428361"}],"wp:term":[{"taxonomy":"product_brand","embeddable":true,"href":"https:\/\/www.purejewels.com\/tr\/wp-json\/wp\/v2\/product_brand?post=428361"},{"taxonomy":"product_cat","embeddable":true,"href":"https:\/\/www.purejewels.com\/tr\/wp-json\/wp\/v2\/product_cat?post=428361"},{"taxonomy":"product_tag","embeddable":true,"href":"https:\/\/www.purejewels.com\/tr\/wp-json\/wp\/v2\/product_tag?post=428361"}],"curies":[{"name":"wp","href":"https:\/\/api.w.org\/{rel}","templated":true}]}}