{"id":428364,"date":"2026-01-13T09:46:15","date_gmt":"2026-01-13T09:46:15","guid":{"rendered":"https:\/\/www.purejewels.com\/?post_type=product&#038;p=428364"},"modified":"2026-04-13T09:57:27","modified_gmt":"2026-04-13T08:57:27","slug":"22-ayar-altin-capa-baklali-zincir-55285","status":"publish","type":"product","link":"https:\/\/www.purejewels.com\/tr\/product\/22ct-gold-anchor-link-chain-55285\/","title":{"rendered":"22 Ayar Alt\u0131n \u00c7apa Ba\u011flant\u0131 Zinciri | 16 \u0130n\u00e7"},"content":{"rendered":"<p data-start=\"597\" data-end=\"876\"><strong data-start=\"597\" data-end=\"615\">Tasar\u0131m Konsepti<\/strong><br data-start=\"615\" data-end=\"618\" \/>Denizcilikte kullan\u0131lan \u00e7apa zincirlerinin kal\u0131c\u0131 g\u00fcc\u00fcnden ilham alan bu par\u00e7a, sa\u011flaml\u0131k, denge ve zamans\u0131z stili yans\u0131t\u0131yor. Birbirine kenetlenen muntazam ba\u011flant\u0131lar, temiz ve yap\u0131land\u0131r\u0131lm\u0131\u015f bir siluet olu\u015fturarak hem klasik hem de \u00e7ok y\u00f6nl\u00fc rafine bir estetik sunar.<\/p>\n<p data-start=\"878\" data-end=\"1171\"><strong data-start=\"878\" data-end=\"895\">Zanaatkarl\u0131k<\/strong><br data-start=\"895\" data-end=\"898\" \/>22 ayar alt\u0131ndan ustal\u0131kla \u00fcretilen her bir halka, dayan\u0131kl\u0131l\u0131k ve p\u00fcr\u00fczs\u00fcz, ak\u0131c\u0131 bir \u00f6rt\u00fc sa\u011flamak i\u00e7in hassas bir \u015fekilde \u015fekillendirilmi\u015f ve sorunsuz bir \u015fekilde ba\u011flanm\u0131\u015ft\u0131r. Alt\u0131n\u0131n y\u00fcksek safl\u0131\u011f\u0131 zengin, s\u0131cak \u0131\u015f\u0131lt\u0131s\u0131n\u0131 art\u0131r\u0131rken, sa\u011flam yap\u0131s\u0131 koleksiyonunuzda kal\u0131c\u0131 bir elyaf olarak kalmas\u0131n\u0131 sa\u011flar.<\/p>\n<p data-start=\"1173\" data-end=\"1454\"><strong data-start=\"1173\" data-end=\"1190\">Stil Fikirleri<\/strong><br data-start=\"1190\" data-end=\"1193\" \/>Minimal ve kendinden emin bir g\u00f6r\u00fcn\u00fcm i\u00e7in ba\u011f\u0131ms\u0131z bir zincir olarak m\u00fckemmel olan bu \u00e7apa baklal\u0131 kolye, daha ince zincirler veya kolyelerle de g\u00fczel bir \u015fekilde katmanlan\u0131r. \u0130ster g\u00fcnl\u00fck k\u0131yafetlerle ister y\u00fcksek tak\u0131mlarla stilize edilsin, her g\u00f6r\u00fcn\u00fcme abart\u0131s\u0131z bir g\u00fc\u00e7 ve sofistike bir hava katar.<\/p>","protected":false},"excerpt":{"rendered":"<p>Zamans\u0131z bir vazge\u00e7ilmez olan bu 22 Ayar Alt\u0131n \u00c7apa Ba\u011flant\u0131l\u0131 Zincir Kolye, zahmetsiz g\u00fcnl\u00fck \u015f\u0131kl\u0131k i\u00e7in tasarlanm\u0131\u015f parlak alt\u0131ndan temiz, yap\u0131land\u0131r\u0131lm\u0131\u015f ba\u011flant\u0131lar sergiliyor.<\/p>\n<p><strong>Malzeme:<\/strong>\u00a022 Ayar Alt\u0131n (91,6% Saf Alt\u0131n)<strong><br \/>\nHallmark:\u00a0<\/strong>\u0130ngiliz Damgas\u0131<strong><br \/>\n<\/strong><strong>Br\u00fct A\u011f\u0131rl\u0131k: <\/strong>5.39 Gms<br \/>\n<strong>SKU:<\/strong> 55288, 55285, 55305<br \/>\n<strong>Kal\u0131nl\u0131k:<\/strong> 1mm<br \/>\n<strong>Uzunluk:<\/strong>\u00a016 \u0130n\u00e7<br \/>\n<strong>Fiyat ve Teslimat:<\/strong>\u00a0KDV ve teslimat \u00fccretleri dahil<strong><br \/>\n<a href=\"https:\/\/www.purejewels.com\/tr\/i%cc%87ade-poli%cc%87ti%cc%87kasi\/\">\u0130ade Politikas\u0131<\/a><\/strong><\/p>","protected":false},"featured_media":428365,"comment_status":"closed","ping_status":"closed","template":"","meta":{"_eb_attr":"","_crsspst_to_jayantr4sg-hostcom":true},"product_brand":[],"product_cat":[5013,5264,1559,1475,1229,1773,5597,1574,5349],"product_tag":[65,1430],"class_list":{"0":"post-428364","1":"product","2":"type-product","3":"status-publish","4":"has-post-thumbnail","6":"product_cat-16-inch-ladies-chain","7":"product_cat-22ct-gold-chain","8":"product_cat-birthday-gifts","9":"product_cat-gold-chains","10":"product_cat-22ct-gold-jewellery","11":"product_cat-ladies-chains","12":"product_cat-link-chain","13":"product_cat-womens-jewellery","14":"product_cat-yellow-gold-jewellery","15":"product_tag-chains","16":"product_tag-diwali-gift","18":"first","19":"instock","20":"taxable","21":"shipping-taxable","22":"purchasable","23":"product-type-simple","24":"add-to-wishlist-before_image"},"yoast_head":"<!-- This site is optimized with the Yoast SEO plugin v27.4 - https:\/\/yoast.com\/product\/yoast-seo-wordpress\/ -->\n<title>22ct Gold Anchor Link Chain Necklace | PureJewels London<\/title>\n<meta name=\"description\" content=\"Shop the 22ct Gold Anchor Link Chain Necklace, crafted in pure gold with a classic anchor design. A timeless, durable chain for everyday elegance and layering.\" \/>\n<meta name=\"robots\" content=\"index, follow, max-snippet:-1, max-image-preview:large, max-video-preview:-1\" \/>\n<link rel=\"canonical\" href=\"https:\/\/www.purejewels.com\/tr\/urun\/22-ayar-altin-capa-baklali-zincir-55285\/\" \/>\n<meta property=\"og:locale\" content=\"tr_TR\" \/>\n<meta property=\"og:type\" content=\"article\" \/>\n<meta property=\"og:title\" content=\"22ct Gold Anchor Link Chain Necklace | PureJewels London\" \/>\n<meta property=\"og:description\" content=\"Shop the 22ct Gold Anchor Link Chain Necklace, crafted in pure gold with a classic anchor design. A timeless, durable chain for everyday elegance and layering.\" \/>\n<meta property=\"og:url\" content=\"https:\/\/www.purejewels.com\/tr\/urun\/22-ayar-altin-capa-baklali-zincir-55285\/\" \/>\n<meta property=\"og:site_name\" content=\"PureJewels UK\" \/>\n<meta property=\"article:modified_time\" content=\"2026-04-13T08:57:27+00:00\" \/>\n<meta property=\"og:image\" content=\"https:\/\/static.purejewels.com\/wp-content\/uploads\/2026\/04\/sku-55286-side.jpg\" \/>\n\t<meta property=\"og:image:width\" content=\"1000\" \/>\n\t<meta property=\"og:image:height\" content=\"1000\" \/>\n\t<meta property=\"og:image:type\" content=\"image\/jpeg\" \/>\n<meta name=\"twitter:card\" content=\"summary_large_image\" \/>\n<meta name=\"twitter:label1\" content=\"Tahmini okuma s\u00fcresi\" \/>\n\t<meta name=\"twitter:data1\" content=\"1 dakika\" \/>\n<script type=\"application\/ld+json\" class=\"yoast-schema-graph\">{\"@context\":\"https:\\\/\\\/schema.org\",\"@graph\":[{\"@type\":[\"WebPage\",\"ItemPage\"],\"@id\":\"https:\\\/\\\/www.purejewels.com\\\/product\\\/22ct-gold-anchor-link-chain-55285\\\/\",\"url\":\"https:\\\/\\\/www.purejewels.com\\\/product\\\/22ct-gold-anchor-link-chain-55285\\\/\",\"name\":\"22ct Gold Anchor Link Chain Necklace | PureJewels London\",\"isPartOf\":{\"@id\":\"https:\\\/\\\/www.purejewels.com\\\/#website\"},\"primaryImageOfPage\":{\"@id\":\"https:\\\/\\\/www.purejewels.com\\\/product\\\/22ct-gold-anchor-link-chain-55285\\\/#primaryimage\"},\"image\":{\"@id\":\"https:\\\/\\\/www.purejewels.com\\\/product\\\/22ct-gold-anchor-link-chain-55285\\\/#primaryimage\"},\"thumbnailUrl\":\"https:\\\/\\\/static.purejewels.com\\\/wp-content\\\/uploads\\\/2026\\\/04\\\/sku-55286-side.jpg\",\"datePublished\":\"2026-01-13T09:46:15+00:00\",\"dateModified\":\"2026-04-13T08:57:27+00:00\",\"description\":\"Shop the 22ct Gold Anchor Link Chain Necklace, crafted in pure gold with a classic anchor design. A timeless, durable chain for everyday elegance and layering.\",\"breadcrumb\":{\"@id\":\"https:\\\/\\\/www.purejewels.com\\\/product\\\/22ct-gold-anchor-link-chain-55285\\\/#breadcrumb\"},\"inLanguage\":\"tr\",\"potentialAction\":[{\"@type\":\"ReadAction\",\"target\":[\"https:\\\/\\\/www.purejewels.com\\\/product\\\/22ct-gold-anchor-link-chain-55285\\\/\"]}]},{\"@type\":\"ImageObject\",\"inLanguage\":\"tr\",\"@id\":\"https:\\\/\\\/www.purejewels.com\\\/product\\\/22ct-gold-anchor-link-chain-55285\\\/#primaryimage\",\"url\":\"https:\\\/\\\/static.purejewels.com\\\/wp-content\\\/uploads\\\/2026\\\/04\\\/sku-55286-side.jpg\",\"contentUrl\":\"https:\\\/\\\/static.purejewels.com\\\/wp-content\\\/uploads\\\/2026\\\/04\\\/sku-55286-side.jpg\",\"width\":1000,\"height\":1000,\"caption\":\"Stacked from 9 images. Method=B (R=8,S=4)\"},{\"@type\":\"BreadcrumbList\",\"@id\":\"https:\\\/\\\/www.purejewels.com\\\/product\\\/22ct-gold-anchor-link-chain-55285\\\/#breadcrumb\",\"itemListElement\":[{\"@type\":\"ListItem\",\"position\":1,\"name\":\"Home\",\"item\":\"https:\\\/\\\/www.purejewels.com\\\/\"},{\"@type\":\"ListItem\",\"position\":2,\"name\":\"Shop\",\"item\":\"https:\\\/\\\/www.purejewels.com\\\/shop\\\/\"},{\"@type\":\"ListItem\",\"position\":3,\"name\":\"22ct Gold Anchor Link Chain | 16 Inch\"}]},{\"@type\":\"WebSite\",\"@id\":\"https:\\\/\\\/www.purejewels.com\\\/#website\",\"url\":\"https:\\\/\\\/www.purejewels.com\\\/\",\"name\":\"PureJewels UK\",\"description\":\"Share the Love\",\"publisher\":{\"@id\":\"https:\\\/\\\/www.purejewels.com\\\/#organization\"},\"potentialAction\":[{\"@type\":\"SearchAction\",\"target\":{\"@type\":\"EntryPoint\",\"urlTemplate\":\"https:\\\/\\\/www.purejewels.com\\\/?s={search_term_string}\"},\"query-input\":{\"@type\":\"PropertyValueSpecification\",\"valueRequired\":true,\"valueName\":\"search_term_string\"}}],\"inLanguage\":\"tr\"},{\"@type\":\"Organization\",\"@id\":\"https:\\\/\\\/www.purejewels.com\\\/#organization\",\"name\":\"PureJewels UK\",\"url\":\"https:\\\/\\\/www.purejewels.com\\\/\",\"logo\":{\"@type\":\"ImageObject\",\"inLanguage\":\"tr\",\"@id\":\"https:\\\/\\\/www.purejewels.com\\\/#\\\/schema\\\/logo\\\/image\\\/\",\"url\":\"https:\\\/\\\/static.purejewels.com\\\/wp-content\\\/uploads\\\/2020\\\/11\\\/Logo-PJ-New-1.png\",\"contentUrl\":\"https:\\\/\\\/static.purejewels.com\\\/wp-content\\\/uploads\\\/2020\\\/11\\\/Logo-PJ-New-1.png\",\"width\":150,\"height\":80,\"caption\":\"PureJewels UK\"},\"image\":{\"@id\":\"https:\\\/\\\/www.purejewels.com\\\/#\\\/schema\\\/logo\\\/image\\\/\"}}]}<\/script>\n<!-- \/ Yoast SEO plugin. -->","yoast_head_json":{"title":"22 Ayar Alt\u0131n \u00c7apa Link Zincir Kolye | PureJewels London","description":"Klasik \u00e7apa tasar\u0131m\u0131yla saf alt\u0131ndan \u00fcretilen 22 Ayar Alt\u0131n \u00c7apa Ba\u011flant\u0131l\u0131 Zincir Kolyeyi sat\u0131n al\u0131n. G\u00fcnl\u00fck \u015f\u0131kl\u0131k ve katmanlama i\u00e7in zamans\u0131z, dayan\u0131kl\u0131 bir zincir.","robots":{"index":"index","follow":"follow","max-snippet":"max-snippet:-1","max-image-preview":"max-image-preview:large","max-video-preview":"max-video-preview:-1"},"canonical":"https:\/\/www.purejewels.com\/tr\/urun\/22-ayar-altin-capa-baklali-zincir-55285\/","og_locale":"tr_TR","og_type":"article","og_title":"22ct Gold Anchor Link Chain Necklace | PureJewels London","og_description":"Shop the 22ct Gold Anchor Link Chain Necklace, crafted in pure gold with a classic anchor design. A timeless, durable chain for everyday elegance and layering.","og_url":"https:\/\/www.purejewels.com\/tr\/urun\/22-ayar-altin-capa-baklali-zincir-55285\/","og_site_name":"PureJewels UK","article_modified_time":"2026-04-13T08:57:27+00:00","og_image":[{"width":1000,"height":1000,"url":"https:\/\/static.purejewels.com\/wp-content\/uploads\/2026\/04\/sku-55286-side.jpg","type":"image\/jpeg"}],"twitter_card":"summary_large_image","twitter_misc":{"Tahmini okuma s\u00fcresi":"1 dakika"},"schema":{"@context":"https:\/\/schema.org","@graph":[{"@type":["WebPage","ItemPage"],"@id":"https:\/\/www.purejewels.com\/product\/22ct-gold-anchor-link-chain-55285\/","url":"https:\/\/www.purejewels.com\/product\/22ct-gold-anchor-link-chain-55285\/","name":"22 Ayar Alt\u0131n \u00c7apa Link Zincir Kolye | PureJewels London","isPartOf":{"@id":"https:\/\/www.purejewels.com\/#website"},"primaryImageOfPage":{"@id":"https:\/\/www.purejewels.com\/product\/22ct-gold-anchor-link-chain-55285\/#primaryimage"},"image":{"@id":"https:\/\/www.purejewels.com\/product\/22ct-gold-anchor-link-chain-55285\/#primaryimage"},"thumbnailUrl":"https:\/\/static.purejewels.com\/wp-content\/uploads\/2026\/04\/sku-55286-side.jpg","datePublished":"2026-01-13T09:46:15+00:00","dateModified":"2026-04-13T08:57:27+00:00","description":"Klasik \u00e7apa tasar\u0131m\u0131yla saf alt\u0131ndan \u00fcretilen 22 Ayar Alt\u0131n \u00c7apa Ba\u011flant\u0131l\u0131 Zincir Kolyeyi sat\u0131n al\u0131n. G\u00fcnl\u00fck \u015f\u0131kl\u0131k ve katmanlama i\u00e7in zamans\u0131z, dayan\u0131kl\u0131 bir zincir.","breadcrumb":{"@id":"https:\/\/www.purejewels.com\/product\/22ct-gold-anchor-link-chain-55285\/#breadcrumb"},"inLanguage":"tr","potentialAction":[{"@type":"ReadAction","target":["https:\/\/www.purejewels.com\/product\/22ct-gold-anchor-link-chain-55285\/"]}]},{"@type":"ImageObject","inLanguage":"tr","@id":"https:\/\/www.purejewels.com\/product\/22ct-gold-anchor-link-chain-55285\/#primaryimage","url":"https:\/\/static.purejewels.com\/wp-content\/uploads\/2026\/04\/sku-55286-side.jpg","contentUrl":"https:\/\/static.purejewels.com\/wp-content\/uploads\/2026\/04\/sku-55286-side.jpg","width":1000,"height":1000,"caption":"Stacked from 9 images. Method=B (R=8,S=4)"},{"@type":"BreadcrumbList","@id":"https:\/\/www.purejewels.com\/product\/22ct-gold-anchor-link-chain-55285\/#breadcrumb","itemListElement":[{"@type":"ListItem","position":1,"name":"Home","item":"https:\/\/www.purejewels.com\/"},{"@type":"ListItem","position":2,"name":"Shop","item":"https:\/\/www.purejewels.com\/shop\/"},{"@type":"ListItem","position":3,"name":"22ct Gold Anchor Link Chain | 16 Inch"}]},{"@type":"WebSite","@id":"https:\/\/www.purejewels.com\/#website","url":"https:\/\/www.purejewels.com\/","name":"PureJewels \u0130ngiltere","description":"Sevgiyi Payla\u015f\u0131n","publisher":{"@id":"https:\/\/www.purejewels.com\/#organization"},"potentialAction":[{"@type":"SearchAction","target":{"@type":"EntryPoint","urlTemplate":"https:\/\/www.purejewels.com\/?s={search_term_string}"},"query-input":{"@type":"PropertyValueSpecification","valueRequired":true,"valueName":"search_term_string"}}],"inLanguage":"tr"},{"@type":"Organization","@id":"https:\/\/www.purejewels.com\/#organization","name":"PureJewels \u0130ngiltere","url":"https:\/\/www.purejewels.com\/","logo":{"@type":"ImageObject","inLanguage":"tr","@id":"https:\/\/www.purejewels.com\/#\/schema\/logo\/image\/","url":"https:\/\/static.purejewels.com\/wp-content\/uploads\/2020\/11\/Logo-PJ-New-1.png","contentUrl":"https:\/\/static.purejewels.com\/wp-content\/uploads\/2020\/11\/Logo-PJ-New-1.png","width":150,"height":80,"caption":"PureJewels UK"},"image":{"@id":"https:\/\/www.purejewels.com\/#\/schema\/logo\/image\/"}}]}},"_links":{"self":[{"href":"https:\/\/www.purejewels.com\/tr\/wp-json\/wp\/v2\/product\/428364","targetHints":{"allow":["GET"]}}],"collection":[{"href":"https:\/\/www.purejewels.com\/tr\/wp-json\/wp\/v2\/product"}],"about":[{"href":"https:\/\/www.purejewels.com\/tr\/wp-json\/wp\/v2\/types\/product"}],"replies":[{"embeddable":true,"href":"https:\/\/www.purejewels.com\/tr\/wp-json\/wp\/v2\/comments?post=428364"}],"version-history":[{"count":1,"href":"https:\/\/www.purejewels.com\/tr\/wp-json\/wp\/v2\/product\/428364\/revisions"}],"predecessor-version":[{"id":428367,"href":"https:\/\/www.purejewels.com\/tr\/wp-json\/wp\/v2\/product\/428364\/revisions\/428367"}],"wp:featuredmedia":[{"embeddable":true,"href":"https:\/\/www.purejewels.com\/tr\/wp-json\/wp\/v2\/media\/428365"}],"wp:attachment":[{"href":"https:\/\/www.purejewels.com\/tr\/wp-json\/wp\/v2\/media?parent=428364"}],"wp:term":[{"taxonomy":"product_brand","embeddable":true,"href":"https:\/\/www.purejewels.com\/tr\/wp-json\/wp\/v2\/product_brand?post=428364"},{"taxonomy":"product_cat","embeddable":true,"href":"https:\/\/www.purejewels.com\/tr\/wp-json\/wp\/v2\/product_cat?post=428364"},{"taxonomy":"product_tag","embeddable":true,"href":"https:\/\/www.purejewels.com\/tr\/wp-json\/wp\/v2\/product_tag?post=428364"}],"curies":[{"name":"wp","href":"https:\/\/api.w.org\/{rel}","templated":true}]}}