{"id":428368,"date":"2026-01-13T10:06:43","date_gmt":"2026-01-13T10:06:43","guid":{"rendered":"https:\/\/www.purejewels.com\/?post_type=product&#038;p=428368"},"modified":"2026-04-13T10:14:30","modified_gmt":"2026-04-13T09:14:30","slug":"klasik-22-ayar-altin-tilki-kuyrugu-zincir-55302","status":"publish","type":"product","link":"https:\/\/www.purejewels.com\/tr\/product\/classic-22ct-gold-foxtail-chain-55302\/","title":{"rendered":"Klasik 22 Ayar Alt\u0131n Tilki Kuyru\u011fu Zincir | 18 \u0130n\u00e7"},"content":{"rendered":"<p data-start=\"609\" data-end=\"898\"><strong data-start=\"609\" data-end=\"627\">Tasar\u0131m Konsepti<\/strong><br data-start=\"627\" data-end=\"630\" \/>Karma\u015f\u0131k dokuma yap\u0131s\u0131yla tan\u0131mlanan tilki kuyru\u011fu zincir, klasik i\u015f\u00e7ilikten ve ak\u0131c\u0131 hareketten ilham al\u0131yor. Kesintisiz deseni yumu\u015fak, s\u00fcrekli bir ak\u0131\u015f yaratarak sade l\u00fcks\u00fc ve cilde g\u00fczel bir \u015fekilde oturan zamans\u0131z tasar\u0131m\u0131 yans\u0131t\u0131r.<\/p>\n<p data-start=\"900\" data-end=\"1233\"><strong data-start=\"900\" data-end=\"917\">Zanaatkarl\u0131k<\/strong><br data-start=\"917\" data-end=\"920\" \/>22 ayar alt\u0131ndan ustal\u0131kla \u00fcretilen her bir ince halka, ola\u011fan\u00fcst\u00fc dayan\u0131kl\u0131l\u0131\u011fa sahip p\u00fcr\u00fczs\u00fcz, esnek bir zincir olu\u015fturmak i\u00e7in titizlikle birbirine kenetlenmi\u015ftir. Bu dokuma tekni\u011finin hassasiyeti, her PureJewels kreasyonunun kalbinde yer alan sanat\u0131 ve detaylara g\u00f6sterilen \u00f6zeni sergileyerek zarif bir biti\u015f ve zarif bir \u00f6rt\u00fc sa\u011flar.<\/p>\n<p data-start=\"1235\" data-end=\"1532\"><strong data-start=\"1235\" data-end=\"1252\">Stil Fikirleri<\/strong><br data-start=\"1252\" data-end=\"1255\" \/>\u00c7ok y\u00f6nl\u00fc ve zahmetsizce zarif olan bu tilki kuyru\u011fu zincir, \u015f\u0131k ve minimal bir g\u00f6r\u00fcn\u00fcm i\u00e7in tek ba\u015f\u0131na tak\u0131labilir veya daha fazla ifade i\u00e7in bir kolye ile e\u015fle\u015ftirilebilir. Ayr\u0131ca di\u011fer zincirlerle g\u00fczel bir \u015fekilde katmanla\u015farak g\u00fcnl\u00fck kullan\u0131mdan daha y\u00fcksek durumlara ge\u00e7i\u015f i\u00e7in ideal bir par\u00e7a haline gelir.<\/p>","protected":false},"excerpt":{"rendered":"<p data-start=\"418\" data-end=\"576\">Zarif ve ak\u0131c\u0131 bu Klasik 22 Ayar Alt\u0131n Tilki Kuyru\u011fu Zincir, g\u00fcnl\u00fck stil i\u00e7in zamans\u0131z bir incelik sunan, parlak alt\u0131ndan ince dokunmu\u015f bir tasar\u0131ma sahiptir.<\/p>\n<p><strong>\u00dcr\u00fcn Detaylar\u0131<\/strong><br \/>\n<strong>Zincir tipi:<\/strong> Tilki Kuyru\u011fu Zinciri<br \/>\n<strong>SKU:<\/strong> 55302, 55304, 55303<br \/>\n<strong>Metal:<\/strong> 22 Ayar Alt\u0131n<br \/>\n<strong>Uzunluk:<\/strong> 18 in\u00e7<br \/>\n<strong>A\u011f\u0131rl\u0131k:<\/strong> 5,28 gram<br \/>\n<strong>Kal\u0131nl\u0131k:<\/strong> 1,15 mm<br \/>\n<strong>Hallmark:<\/strong> \u0130ngiltere Tahlil Ofisi Taraf\u0131ndan Damgalanm\u0131\u015f 22 Ayar Alt\u0131n<br \/>\n<strong>Su\u00e7lamalar:<\/strong> Teslimat ve KDV Dahil<br \/>\n<strong>Daha fazlas\u0131n\u0131 ke\u015ffedin:<\/strong> T\u00fcm \u00fcr\u00fcnlerimize g\u00f6z at\u0131n <a href=\"https:\/\/www.purejewels.com\/tr\/urun-kategori%cc%87si%cc%87\/22-ayar-altin-takilar\/altin-zincirler\/tilki-kuyrugu-zinciri\/\">Tilki Kuyru\u011fu Zinciri Koleksiyonu<\/a> ek boyutlar ve a\u011f\u0131rl\u0131klar i\u00e7in.<\/p>","protected":false},"featured_media":327464,"comment_status":"closed","ping_status":"closed","template":"","meta":{"_eb_attr":"","_crsspst_to_jayantr4sg-hostcom":true},"product_brand":[],"product_cat":[5021,1791,1559,1576,5265,1475,1229,5344,1772,5943,5338,1575,1574,5349],"product_tag":[3990,65],"class_list":{"0":"post-428368","1":"product","2":"type-product","3":"status-publish","4":"has-post-thumbnail","6":"product_cat-18-inch-kids-chain","7":"product_cat-anniversary-gifts","8":"product_cat-birthday-gifts","9":"product_cat-childrens-jewellery","10":"product_cat-foxtail-chain","11":"product_cat-gold-chains","12":"product_cat-22ct-gold-jewellery","13":"product_cat-jewellery-under-750","14":"product_cat-kids-chains","15":"product_cat-kids-jewellery","16":"product_cat-shop-by-price","17":"product_cat-teenage-jewellery","18":"product_cat-womens-jewellery","19":"product_cat-yellow-gold-jewellery","20":"product_tag-22-carat-gold-chain","21":"product_tag-chains","23":"first","24":"instock","25":"taxable","26":"shipping-taxable","27":"purchasable","28":"product-type-simple","29":"add-to-wishlist-before_image"},"yoast_head":"<!-- This site is optimized with the Yoast SEO plugin v27.4 - https:\/\/yoast.com\/product\/yoast-seo-wordpress\/ -->\n<title>Shop Classic 22ct Gold Foxtail Chain Necklace | PureJewels UK<\/title>\n<meta name=\"description\" content=\"Shop the Classic 22ct Gold Foxtail Chain, crafted in pure gold with a smooth, woven design. A timeless, elegant chain perfect for everyday wear and layering.\" \/>\n<meta name=\"robots\" content=\"index, follow, max-snippet:-1, max-image-preview:large, max-video-preview:-1\" \/>\n<link rel=\"canonical\" href=\"https:\/\/www.purejewels.com\/tr\/urun\/klasik-22-ayar-altin-tilki-kuyrugu-zincir-55302\/\" \/>\n<meta property=\"og:locale\" content=\"tr_TR\" \/>\n<meta property=\"og:type\" content=\"article\" \/>\n<meta property=\"og:title\" content=\"Shop Classic 22ct Gold Foxtail Chain Necklace | PureJewels UK\" \/>\n<meta property=\"og:description\" content=\"Shop the Classic 22ct Gold Foxtail Chain, crafted in pure gold with a smooth, woven design. A timeless, elegant chain perfect for everyday wear and layering.\" \/>\n<meta property=\"og:url\" content=\"https:\/\/www.purejewels.com\/tr\/urun\/klasik-22-ayar-altin-tilki-kuyrugu-zincir-55302\/\" \/>\n<meta property=\"og:site_name\" content=\"PureJewels UK\" \/>\n<meta property=\"article:modified_time\" content=\"2026-04-13T09:14:30+00:00\" \/>\n<meta property=\"og:image\" content=\"https:\/\/static.purejewels.com\/wp-content\/uploads\/2020\/08\/31811-1.jpg\" \/>\n\t<meta property=\"og:image:width\" content=\"1000\" \/>\n\t<meta property=\"og:image:height\" content=\"1000\" \/>\n\t<meta property=\"og:image:type\" content=\"image\/jpeg\" \/>\n<meta name=\"twitter:card\" content=\"summary_large_image\" \/>\n<meta name=\"twitter:label1\" content=\"Tahmini okuma s\u00fcresi\" \/>\n\t<meta name=\"twitter:data1\" content=\"1 dakika\" \/>\n<script type=\"application\/ld+json\" class=\"yoast-schema-graph\">{\"@context\":\"https:\\\/\\\/schema.org\",\"@graph\":[{\"@type\":[\"WebPage\",\"ItemPage\"],\"@id\":\"https:\\\/\\\/www.purejewels.com\\\/product\\\/classic-22ct-gold-foxtail-chain-55302\\\/\",\"url\":\"https:\\\/\\\/www.purejewels.com\\\/product\\\/classic-22ct-gold-foxtail-chain-55302\\\/\",\"name\":\"Shop Classic 22ct Gold Foxtail Chain Necklace | PureJewels UK\",\"isPartOf\":{\"@id\":\"https:\\\/\\\/www.purejewels.com\\\/#website\"},\"primaryImageOfPage\":{\"@id\":\"https:\\\/\\\/www.purejewels.com\\\/product\\\/classic-22ct-gold-foxtail-chain-55302\\\/#primaryimage\"},\"image\":{\"@id\":\"https:\\\/\\\/www.purejewels.com\\\/product\\\/classic-22ct-gold-foxtail-chain-55302\\\/#primaryimage\"},\"thumbnailUrl\":\"https:\\\/\\\/static.purejewels.com\\\/wp-content\\\/uploads\\\/2020\\\/08\\\/31811-1.jpg\",\"datePublished\":\"2026-01-13T10:06:43+00:00\",\"dateModified\":\"2026-04-13T09:14:30+00:00\",\"description\":\"Shop the Classic 22ct Gold Foxtail Chain, crafted in pure gold with a smooth, woven design. A timeless, elegant chain perfect for everyday wear and layering.\",\"breadcrumb\":{\"@id\":\"https:\\\/\\\/www.purejewels.com\\\/product\\\/classic-22ct-gold-foxtail-chain-55302\\\/#breadcrumb\"},\"inLanguage\":\"tr\",\"potentialAction\":[{\"@type\":\"ReadAction\",\"target\":[\"https:\\\/\\\/www.purejewels.com\\\/product\\\/classic-22ct-gold-foxtail-chain-55302\\\/\"]}]},{\"@type\":\"ImageObject\",\"inLanguage\":\"tr\",\"@id\":\"https:\\\/\\\/www.purejewels.com\\\/product\\\/classic-22ct-gold-foxtail-chain-55302\\\/#primaryimage\",\"url\":\"https:\\\/\\\/static.purejewels.com\\\/wp-content\\\/uploads\\\/2020\\\/08\\\/31811-1.jpg\",\"contentUrl\":\"https:\\\/\\\/static.purejewels.com\\\/wp-content\\\/uploads\\\/2020\\\/08\\\/31811-1.jpg\",\"width\":1000,\"height\":1000,\"caption\":\"22ct Gold Foxtail Chain 31811-1\"},{\"@type\":\"BreadcrumbList\",\"@id\":\"https:\\\/\\\/www.purejewels.com\\\/product\\\/classic-22ct-gold-foxtail-chain-55302\\\/#breadcrumb\",\"itemListElement\":[{\"@type\":\"ListItem\",\"position\":1,\"name\":\"Home\",\"item\":\"https:\\\/\\\/www.purejewels.com\\\/\"},{\"@type\":\"ListItem\",\"position\":2,\"name\":\"Shop\",\"item\":\"https:\\\/\\\/www.purejewels.com\\\/shop\\\/\"},{\"@type\":\"ListItem\",\"position\":3,\"name\":\"Classic 22ct Gold Foxtail Chain | 18 Inch\"}]},{\"@type\":\"WebSite\",\"@id\":\"https:\\\/\\\/www.purejewels.com\\\/#website\",\"url\":\"https:\\\/\\\/www.purejewels.com\\\/\",\"name\":\"PureJewels UK\",\"description\":\"Share the Love\",\"publisher\":{\"@id\":\"https:\\\/\\\/www.purejewels.com\\\/#organization\"},\"potentialAction\":[{\"@type\":\"SearchAction\",\"target\":{\"@type\":\"EntryPoint\",\"urlTemplate\":\"https:\\\/\\\/www.purejewels.com\\\/?s={search_term_string}\"},\"query-input\":{\"@type\":\"PropertyValueSpecification\",\"valueRequired\":true,\"valueName\":\"search_term_string\"}}],\"inLanguage\":\"tr\"},{\"@type\":\"Organization\",\"@id\":\"https:\\\/\\\/www.purejewels.com\\\/#organization\",\"name\":\"PureJewels UK\",\"url\":\"https:\\\/\\\/www.purejewels.com\\\/\",\"logo\":{\"@type\":\"ImageObject\",\"inLanguage\":\"tr\",\"@id\":\"https:\\\/\\\/www.purejewels.com\\\/#\\\/schema\\\/logo\\\/image\\\/\",\"url\":\"https:\\\/\\\/static.purejewels.com\\\/wp-content\\\/uploads\\\/2020\\\/11\\\/Logo-PJ-New-1.png\",\"contentUrl\":\"https:\\\/\\\/static.purejewels.com\\\/wp-content\\\/uploads\\\/2020\\\/11\\\/Logo-PJ-New-1.png\",\"width\":150,\"height\":80,\"caption\":\"PureJewels UK\"},\"image\":{\"@id\":\"https:\\\/\\\/www.purejewels.com\\\/#\\\/schema\\\/logo\\\/image\\\/\"}}]}<\/script>\n<!-- \/ Yoast SEO plugin. -->","yoast_head_json":{"title":"Klasik 22 Ayar Alt\u0131n Tilki Kuyru\u011fu Zincir Kolye Al\u0131\u015fveri\u015fi | PureJewels UK","description":"P\u00fcr\u00fczs\u00fcz, dokuma bir tasar\u0131ma sahip saf alt\u0131ndan \u00fcretilmi\u015f Klasik 22 Ayar Alt\u0131n Tilki Kuyru\u011fu Zinciri'ni sat\u0131n al\u0131n. G\u00fcnl\u00fck kullan\u0131m ve katmanlama i\u00e7in m\u00fckemmel, zamans\u0131z ve zarif bir zincir.","robots":{"index":"index","follow":"follow","max-snippet":"max-snippet:-1","max-image-preview":"max-image-preview:large","max-video-preview":"max-video-preview:-1"},"canonical":"https:\/\/www.purejewels.com\/tr\/urun\/klasik-22-ayar-altin-tilki-kuyrugu-zincir-55302\/","og_locale":"tr_TR","og_type":"article","og_title":"Shop Classic 22ct Gold Foxtail Chain Necklace | PureJewels UK","og_description":"Shop the Classic 22ct Gold Foxtail Chain, crafted in pure gold with a smooth, woven design. A timeless, elegant chain perfect for everyday wear and layering.","og_url":"https:\/\/www.purejewels.com\/tr\/urun\/klasik-22-ayar-altin-tilki-kuyrugu-zincir-55302\/","og_site_name":"PureJewels UK","article_modified_time":"2026-04-13T09:14:30+00:00","og_image":[{"width":1000,"height":1000,"url":"https:\/\/static.purejewels.com\/wp-content\/uploads\/2020\/08\/31811-1.jpg","type":"image\/jpeg"}],"twitter_card":"summary_large_image","twitter_misc":{"Tahmini okuma s\u00fcresi":"1 dakika"},"schema":{"@context":"https:\/\/schema.org","@graph":[{"@type":["WebPage","ItemPage"],"@id":"https:\/\/www.purejewels.com\/product\/classic-22ct-gold-foxtail-chain-55302\/","url":"https:\/\/www.purejewels.com\/product\/classic-22ct-gold-foxtail-chain-55302\/","name":"Klasik 22 Ayar Alt\u0131n Tilki Kuyru\u011fu Zincir Kolye Al\u0131\u015fveri\u015fi | PureJewels UK","isPartOf":{"@id":"https:\/\/www.purejewels.com\/#website"},"primaryImageOfPage":{"@id":"https:\/\/www.purejewels.com\/product\/classic-22ct-gold-foxtail-chain-55302\/#primaryimage"},"image":{"@id":"https:\/\/www.purejewels.com\/product\/classic-22ct-gold-foxtail-chain-55302\/#primaryimage"},"thumbnailUrl":"https:\/\/static.purejewels.com\/wp-content\/uploads\/2020\/08\/31811-1.jpg","datePublished":"2026-01-13T10:06:43+00:00","dateModified":"2026-04-13T09:14:30+00:00","description":"P\u00fcr\u00fczs\u00fcz, dokuma bir tasar\u0131ma sahip saf alt\u0131ndan \u00fcretilmi\u015f Klasik 22 Ayar Alt\u0131n Tilki Kuyru\u011fu Zinciri'ni sat\u0131n al\u0131n. G\u00fcnl\u00fck kullan\u0131m ve katmanlama i\u00e7in m\u00fckemmel, zamans\u0131z ve zarif bir zincir.","breadcrumb":{"@id":"https:\/\/www.purejewels.com\/product\/classic-22ct-gold-foxtail-chain-55302\/#breadcrumb"},"inLanguage":"tr","potentialAction":[{"@type":"ReadAction","target":["https:\/\/www.purejewels.com\/product\/classic-22ct-gold-foxtail-chain-55302\/"]}]},{"@type":"ImageObject","inLanguage":"tr","@id":"https:\/\/www.purejewels.com\/product\/classic-22ct-gold-foxtail-chain-55302\/#primaryimage","url":"https:\/\/static.purejewels.com\/wp-content\/uploads\/2020\/08\/31811-1.jpg","contentUrl":"https:\/\/static.purejewels.com\/wp-content\/uploads\/2020\/08\/31811-1.jpg","width":1000,"height":1000,"caption":"22ct Gold Foxtail Chain 31811-1"},{"@type":"BreadcrumbList","@id":"https:\/\/www.purejewels.com\/product\/classic-22ct-gold-foxtail-chain-55302\/#breadcrumb","itemListElement":[{"@type":"ListItem","position":1,"name":"Home","item":"https:\/\/www.purejewels.com\/"},{"@type":"ListItem","position":2,"name":"Shop","item":"https:\/\/www.purejewels.com\/shop\/"},{"@type":"ListItem","position":3,"name":"Classic 22ct Gold Foxtail Chain | 18 Inch"}]},{"@type":"WebSite","@id":"https:\/\/www.purejewels.com\/#website","url":"https:\/\/www.purejewels.com\/","name":"PureJewels \u0130ngiltere","description":"Sevgiyi Payla\u015f\u0131n","publisher":{"@id":"https:\/\/www.purejewels.com\/#organization"},"potentialAction":[{"@type":"SearchAction","target":{"@type":"EntryPoint","urlTemplate":"https:\/\/www.purejewels.com\/?s={search_term_string}"},"query-input":{"@type":"PropertyValueSpecification","valueRequired":true,"valueName":"search_term_string"}}],"inLanguage":"tr"},{"@type":"Organization","@id":"https:\/\/www.purejewels.com\/#organization","name":"PureJewels \u0130ngiltere","url":"https:\/\/www.purejewels.com\/","logo":{"@type":"ImageObject","inLanguage":"tr","@id":"https:\/\/www.purejewels.com\/#\/schema\/logo\/image\/","url":"https:\/\/static.purejewels.com\/wp-content\/uploads\/2020\/11\/Logo-PJ-New-1.png","contentUrl":"https:\/\/static.purejewels.com\/wp-content\/uploads\/2020\/11\/Logo-PJ-New-1.png","width":150,"height":80,"caption":"PureJewels UK"},"image":{"@id":"https:\/\/www.purejewels.com\/#\/schema\/logo\/image\/"}}]}},"_links":{"self":[{"href":"https:\/\/www.purejewels.com\/tr\/wp-json\/wp\/v2\/product\/428368","targetHints":{"allow":["GET"]}}],"collection":[{"href":"https:\/\/www.purejewels.com\/tr\/wp-json\/wp\/v2\/product"}],"about":[{"href":"https:\/\/www.purejewels.com\/tr\/wp-json\/wp\/v2\/types\/product"}],"replies":[{"embeddable":true,"href":"https:\/\/www.purejewels.com\/tr\/wp-json\/wp\/v2\/comments?post=428368"}],"version-history":[{"count":1,"href":"https:\/\/www.purejewels.com\/tr\/wp-json\/wp\/v2\/product\/428368\/revisions"}],"predecessor-version":[{"id":428369,"href":"https:\/\/www.purejewels.com\/tr\/wp-json\/wp\/v2\/product\/428368\/revisions\/428369"}],"wp:featuredmedia":[{"embeddable":true,"href":"https:\/\/www.purejewels.com\/tr\/wp-json\/wp\/v2\/media\/327464"}],"wp:attachment":[{"href":"https:\/\/www.purejewels.com\/tr\/wp-json\/wp\/v2\/media?parent=428368"}],"wp:term":[{"taxonomy":"product_brand","embeddable":true,"href":"https:\/\/www.purejewels.com\/tr\/wp-json\/wp\/v2\/product_brand?post=428368"},{"taxonomy":"product_cat","embeddable":true,"href":"https:\/\/www.purejewels.com\/tr\/wp-json\/wp\/v2\/product_cat?post=428368"},{"taxonomy":"product_tag","embeddable":true,"href":"https:\/\/www.purejewels.com\/tr\/wp-json\/wp\/v2\/product_tag?post=428368"}],"curies":[{"name":"wp","href":"https:\/\/api.w.org\/{rel}","templated":true}]}}