{"id":428370,"date":"2026-01-13T10:25:59","date_gmt":"2026-01-13T10:25:59","guid":{"rendered":"https:\/\/www.purejewels.com\/?post_type=product&#038;p=428370"},"modified":"2026-04-13T10:42:56","modified_gmt":"2026-04-13T09:42:56","slug":"klasik-22-ayar-altin-boncuklu-zincir-kolye-53495","status":"publish","type":"product","link":"https:\/\/www.purejewels.com\/tr\/product\/classic-22ct-gold-beaded-chain-necklace-53495\/","title":{"rendered":"Klasik 22 Ayar Alt\u0131n Boncuklu Zincir Kolye"},"content":{"rendered":"<p data-start=\"617\" data-end=\"921\"><strong data-start=\"617\" data-end=\"635\">Tasar\u0131m Konsepti<\/strong><br data-start=\"635\" data-end=\"638\" \/>Bu boncuklu zincir kolye, ince dokulu alt\u0131n boncuklar\u0131n narin bir zincir boyunca nazik bir odak noktas\u0131 olu\u015fturdu\u011fu, abart\u0131s\u0131z bir zarafet d\u00fc\u015f\u00fcn\u00fclerek tasarlanm\u0131\u015ft\u0131r. Dengeli kompozisyon, yumu\u015fak bir g\u00f6rsel ritim yaratarak minimal ancak sessiz bir \u015fekilde etkileyici bir par\u00e7a sunuyor.<\/p>\n<p data-start=\"923\" data-end=\"1241\"><strong data-start=\"923\" data-end=\"940\">Zanaatkarl\u0131k<\/strong><br data-start=\"940\" data-end=\"943\" \/>22 ayar alt\u0131ndan \u00fcretilen her bir boncuk, dokusunu ve \u0131\u015f\u0131\u011f\u0131 yans\u0131tan kalitesini artt\u0131rmak i\u00e7in karma\u015f\u0131k bir \u015fekilde i\u015flenmi\u015ftir. G\u00fc\u00e7 ve ak\u0131\u015fkanl\u0131k sa\u011flamak i\u00e7in \u00f6zenle bir araya getirilen ince zincir, geleneksel alt\u0131n i\u015f\u00e7ili\u011finin hassasiyetini ve sanat\u0131n\u0131 sergilerken kolyenin zarif bir \u015fekilde oturmas\u0131n\u0131 sa\u011flar.<\/p>\n<p data-start=\"1243\" data-end=\"1536\"><strong data-start=\"1243\" data-end=\"1260\">Stil Fikirleri<\/strong><br data-start=\"1260\" data-end=\"1263\" \/>G\u00fcnl\u00fck kullan\u0131m i\u00e7in m\u00fckemmel olan bu kolye, ince ve g\u00f6steri\u015fli bir g\u00f6r\u00fcn\u00fcm i\u00e7in tek ba\u015f\u0131na kullan\u0131labilir veya modern, ki\u015fiselle\u015ftirilmi\u015f bir ifade yaratmak i\u00e7in di\u011fer zincirlerle katmanland\u0131r\u0131labilir. Narin detaylar\u0131 sayesinde hem g\u00fcndelik k\u0131yafetleri hem de daha zarif tak\u0131mlar\u0131 tamamlayacak kadar \u00e7ok y\u00f6nl\u00fcd\u00fcr.<\/p>","protected":false},"excerpt":{"rendered":"<p>Narin ve zarif bu Klasik 22 Ayar Alt\u0131n Boncuklu Zincir Kolye, zamans\u0131z bir siluete ince bir \u0131\u015f\u0131lt\u0131 dokunu\u015fu katan yumu\u015fak dokulu alt\u0131n boncuklara sahiptir.<\/p>\n<p><strong>Malzeme:<\/strong> 22 Ayar Alt\u0131n (91,6% Saf Alt\u0131n)<strong><br \/>\nHallmark:\u00a0<\/strong>\u0130ngiliz Damgas\u0131<strong><br \/>\n<\/strong><strong>Br\u00fct A\u011f\u0131rl\u0131k: <\/strong>2.95 Gms<br \/>\n<strong>SKU:<\/strong> 53495, 55306<br \/>\n<strong>Uzunluk:<\/strong> 16 \u0130n\u00e7<br \/>\n<strong>Fiyat ve Teslimat:<\/strong> KDV ve teslimat \u00fccretleri dahil<strong><br \/>\n<a href=\"https:\/\/www.purejewels.com\/tr\/i%cc%87ade-poli%cc%87ti%cc%87kasi\/\">\u0130ade Politikas\u0131<\/a><\/strong><\/p>","protected":false},"featured_media":428371,"comment_status":"closed","ping_status":"closed","template":"","meta":{"_eb_attr":"","_crsspst_to_jayantr4sg-hostcom":true},"product_brand":[],"product_cat":[1791,1559,1793,5701,1792,1229,1253,5344,1570,1778,1574,5349],"product_tag":[],"class_list":{"0":"post-428370","1":"product","2":"type-product","3":"status-publish","4":"has-post-thumbnail","6":"product_cat-anniversary-gifts","7":"product_cat-birthday-gifts","8":"product_cat-diwali-gifts","9":"product_cat-eid-jewellery","10":"product_cat-festival-gifts","11":"product_cat-22ct-gold-jewellery","12":"product_cat-gold-necklaces","13":"product_cat-jewellery-under-750","14":"product_cat-mothers-day-gifts","15":"product_cat-short-necklaces","16":"product_cat-womens-jewellery","17":"product_cat-yellow-gold-jewellery","19":"first","20":"instock","21":"taxable","22":"shipping-taxable","23":"purchasable","24":"product-type-simple","25":"add-to-wishlist-before_image"},"yoast_head":"<!-- This site is optimized with the Yoast SEO plugin v27.4 - https:\/\/yoast.com\/product\/yoast-seo-wordpress\/ -->\n<title>Classic 22ct Gold Beaded Chain Necklace | PureJewels London<\/title>\n<meta name=\"description\" content=\"Shop the Classic 22ct Gold Beaded Chain Necklace, featuring delicate textured gold beads on a fine chain. A timeless piece for everyday elegance and layering.\" \/>\n<meta name=\"robots\" content=\"index, follow, max-snippet:-1, max-image-preview:large, max-video-preview:-1\" \/>\n<link rel=\"canonical\" href=\"https:\/\/www.purejewels.com\/tr\/urun\/klasik-22-ayar-altin-boncuklu-zincir-kolye-53495\/\" \/>\n<meta property=\"og:locale\" content=\"tr_TR\" \/>\n<meta property=\"og:type\" content=\"article\" \/>\n<meta property=\"og:title\" content=\"Classic 22ct Gold Beaded Chain Necklace | PureJewels London\" \/>\n<meta property=\"og:description\" content=\"Shop the Classic 22ct Gold Beaded Chain Necklace, featuring delicate textured gold beads on a fine chain. A timeless piece for everyday elegance and layering.\" \/>\n<meta property=\"og:url\" content=\"https:\/\/www.purejewels.com\/tr\/urun\/klasik-22-ayar-altin-boncuklu-zincir-kolye-53495\/\" \/>\n<meta property=\"og:site_name\" content=\"PureJewels UK\" \/>\n<meta property=\"article:modified_time\" content=\"2026-04-13T09:42:56+00:00\" \/>\n<meta property=\"og:image\" content=\"https:\/\/static.purejewels.com\/wp-content\/uploads\/2026\/04\/sku-55306-side.jpg\" \/>\n\t<meta property=\"og:image:width\" content=\"1000\" \/>\n\t<meta property=\"og:image:height\" content=\"1000\" \/>\n\t<meta property=\"og:image:type\" content=\"image\/jpeg\" \/>\n<meta name=\"twitter:card\" content=\"summary_large_image\" \/>\n<meta name=\"twitter:label1\" content=\"Tahmini okuma s\u00fcresi\" \/>\n\t<meta name=\"twitter:data1\" content=\"1 dakika\" \/>\n<script type=\"application\/ld+json\" class=\"yoast-schema-graph\">{\"@context\":\"https:\\\/\\\/schema.org\",\"@graph\":[{\"@type\":[\"WebPage\",\"ItemPage\"],\"@id\":\"https:\\\/\\\/www.purejewels.com\\\/product\\\/classic-22ct-gold-beaded-chain-necklace-53495\\\/\",\"url\":\"https:\\\/\\\/www.purejewels.com\\\/product\\\/classic-22ct-gold-beaded-chain-necklace-53495\\\/\",\"name\":\"Classic 22ct Gold Beaded Chain Necklace | PureJewels London\",\"isPartOf\":{\"@id\":\"https:\\\/\\\/www.purejewels.com\\\/#website\"},\"primaryImageOfPage\":{\"@id\":\"https:\\\/\\\/www.purejewels.com\\\/product\\\/classic-22ct-gold-beaded-chain-necklace-53495\\\/#primaryimage\"},\"image\":{\"@id\":\"https:\\\/\\\/www.purejewels.com\\\/product\\\/classic-22ct-gold-beaded-chain-necklace-53495\\\/#primaryimage\"},\"thumbnailUrl\":\"https:\\\/\\\/static.purejewels.com\\\/wp-content\\\/uploads\\\/2026\\\/04\\\/sku-55306-side.jpg\",\"datePublished\":\"2026-01-13T10:25:59+00:00\",\"dateModified\":\"2026-04-13T09:42:56+00:00\",\"description\":\"Shop the Classic 22ct Gold Beaded Chain Necklace, featuring delicate textured gold beads on a fine chain. A timeless piece for everyday elegance and layering.\",\"breadcrumb\":{\"@id\":\"https:\\\/\\\/www.purejewels.com\\\/product\\\/classic-22ct-gold-beaded-chain-necklace-53495\\\/#breadcrumb\"},\"inLanguage\":\"tr\",\"potentialAction\":[{\"@type\":\"ReadAction\",\"target\":[\"https:\\\/\\\/www.purejewels.com\\\/product\\\/classic-22ct-gold-beaded-chain-necklace-53495\\\/\"]}]},{\"@type\":\"ImageObject\",\"inLanguage\":\"tr\",\"@id\":\"https:\\\/\\\/www.purejewels.com\\\/product\\\/classic-22ct-gold-beaded-chain-necklace-53495\\\/#primaryimage\",\"url\":\"https:\\\/\\\/static.purejewels.com\\\/wp-content\\\/uploads\\\/2026\\\/04\\\/sku-55306-side.jpg\",\"contentUrl\":\"https:\\\/\\\/static.purejewels.com\\\/wp-content\\\/uploads\\\/2026\\\/04\\\/sku-55306-side.jpg\",\"width\":1000,\"height\":1000,\"caption\":\"Classic 22ct Gold Beaded Chain Necklace\"},{\"@type\":\"BreadcrumbList\",\"@id\":\"https:\\\/\\\/www.purejewels.com\\\/product\\\/classic-22ct-gold-beaded-chain-necklace-53495\\\/#breadcrumb\",\"itemListElement\":[{\"@type\":\"ListItem\",\"position\":1,\"name\":\"Home\",\"item\":\"https:\\\/\\\/www.purejewels.com\\\/\"},{\"@type\":\"ListItem\",\"position\":2,\"name\":\"Shop\",\"item\":\"https:\\\/\\\/www.purejewels.com\\\/shop\\\/\"},{\"@type\":\"ListItem\",\"position\":3,\"name\":\"Classic 22ct Gold Beaded Chain Necklace\"}]},{\"@type\":\"WebSite\",\"@id\":\"https:\\\/\\\/www.purejewels.com\\\/#website\",\"url\":\"https:\\\/\\\/www.purejewels.com\\\/\",\"name\":\"PureJewels UK\",\"description\":\"Share the Love\",\"publisher\":{\"@id\":\"https:\\\/\\\/www.purejewels.com\\\/#organization\"},\"potentialAction\":[{\"@type\":\"SearchAction\",\"target\":{\"@type\":\"EntryPoint\",\"urlTemplate\":\"https:\\\/\\\/www.purejewels.com\\\/?s={search_term_string}\"},\"query-input\":{\"@type\":\"PropertyValueSpecification\",\"valueRequired\":true,\"valueName\":\"search_term_string\"}}],\"inLanguage\":\"tr\"},{\"@type\":\"Organization\",\"@id\":\"https:\\\/\\\/www.purejewels.com\\\/#organization\",\"name\":\"PureJewels UK\",\"url\":\"https:\\\/\\\/www.purejewels.com\\\/\",\"logo\":{\"@type\":\"ImageObject\",\"inLanguage\":\"tr\",\"@id\":\"https:\\\/\\\/www.purejewels.com\\\/#\\\/schema\\\/logo\\\/image\\\/\",\"url\":\"https:\\\/\\\/static.purejewels.com\\\/wp-content\\\/uploads\\\/2020\\\/11\\\/Logo-PJ-New-1.png\",\"contentUrl\":\"https:\\\/\\\/static.purejewels.com\\\/wp-content\\\/uploads\\\/2020\\\/11\\\/Logo-PJ-New-1.png\",\"width\":150,\"height\":80,\"caption\":\"PureJewels UK\"},\"image\":{\"@id\":\"https:\\\/\\\/www.purejewels.com\\\/#\\\/schema\\\/logo\\\/image\\\/\"}}]}<\/script>\n<!-- \/ Yoast SEO plugin. -->","yoast_head_json":{"title":"Klasik 22 Ayar Alt\u0131n Boncuklu Zincir Kolye | PureJewels London","description":"\u0130nce bir zincir \u00fczerinde narin dokulu alt\u0131n boncuklar i\u00e7eren Klasik 22 Ayar Alt\u0131n Boncuklu Zincir Kolye'yi sat\u0131n al\u0131n. G\u00fcnl\u00fck \u015f\u0131kl\u0131k ve katmanlar i\u00e7in zamans\u0131z bir par\u00e7a.","robots":{"index":"index","follow":"follow","max-snippet":"max-snippet:-1","max-image-preview":"max-image-preview:large","max-video-preview":"max-video-preview:-1"},"canonical":"https:\/\/www.purejewels.com\/tr\/urun\/klasik-22-ayar-altin-boncuklu-zincir-kolye-53495\/","og_locale":"tr_TR","og_type":"article","og_title":"Classic 22ct Gold Beaded Chain Necklace | PureJewels London","og_description":"Shop the Classic 22ct Gold Beaded Chain Necklace, featuring delicate textured gold beads on a fine chain. A timeless piece for everyday elegance and layering.","og_url":"https:\/\/www.purejewels.com\/tr\/urun\/klasik-22-ayar-altin-boncuklu-zincir-kolye-53495\/","og_site_name":"PureJewels UK","article_modified_time":"2026-04-13T09:42:56+00:00","og_image":[{"width":1000,"height":1000,"url":"https:\/\/static.purejewels.com\/wp-content\/uploads\/2026\/04\/sku-55306-side.jpg","type":"image\/jpeg"}],"twitter_card":"summary_large_image","twitter_misc":{"Tahmini okuma s\u00fcresi":"1 dakika"},"schema":{"@context":"https:\/\/schema.org","@graph":[{"@type":["WebPage","ItemPage"],"@id":"https:\/\/www.purejewels.com\/product\/classic-22ct-gold-beaded-chain-necklace-53495\/","url":"https:\/\/www.purejewels.com\/product\/classic-22ct-gold-beaded-chain-necklace-53495\/","name":"Klasik 22 Ayar Alt\u0131n Boncuklu Zincir Kolye | PureJewels London","isPartOf":{"@id":"https:\/\/www.purejewels.com\/#website"},"primaryImageOfPage":{"@id":"https:\/\/www.purejewels.com\/product\/classic-22ct-gold-beaded-chain-necklace-53495\/#primaryimage"},"image":{"@id":"https:\/\/www.purejewels.com\/product\/classic-22ct-gold-beaded-chain-necklace-53495\/#primaryimage"},"thumbnailUrl":"https:\/\/static.purejewels.com\/wp-content\/uploads\/2026\/04\/sku-55306-side.jpg","datePublished":"2026-01-13T10:25:59+00:00","dateModified":"2026-04-13T09:42:56+00:00","description":"\u0130nce bir zincir \u00fczerinde narin dokulu alt\u0131n boncuklar i\u00e7eren Klasik 22 Ayar Alt\u0131n Boncuklu Zincir Kolye'yi sat\u0131n al\u0131n. G\u00fcnl\u00fck \u015f\u0131kl\u0131k ve katmanlar i\u00e7in zamans\u0131z bir par\u00e7a.","breadcrumb":{"@id":"https:\/\/www.purejewels.com\/product\/classic-22ct-gold-beaded-chain-necklace-53495\/#breadcrumb"},"inLanguage":"tr","potentialAction":[{"@type":"ReadAction","target":["https:\/\/www.purejewels.com\/product\/classic-22ct-gold-beaded-chain-necklace-53495\/"]}]},{"@type":"ImageObject","inLanguage":"tr","@id":"https:\/\/www.purejewels.com\/product\/classic-22ct-gold-beaded-chain-necklace-53495\/#primaryimage","url":"https:\/\/static.purejewels.com\/wp-content\/uploads\/2026\/04\/sku-55306-side.jpg","contentUrl":"https:\/\/static.purejewels.com\/wp-content\/uploads\/2026\/04\/sku-55306-side.jpg","width":1000,"height":1000,"caption":"Classic 22ct Gold Beaded Chain Necklace"},{"@type":"BreadcrumbList","@id":"https:\/\/www.purejewels.com\/product\/classic-22ct-gold-beaded-chain-necklace-53495\/#breadcrumb","itemListElement":[{"@type":"ListItem","position":1,"name":"Home","item":"https:\/\/www.purejewels.com\/"},{"@type":"ListItem","position":2,"name":"Shop","item":"https:\/\/www.purejewels.com\/shop\/"},{"@type":"ListItem","position":3,"name":"Classic 22ct Gold Beaded Chain Necklace"}]},{"@type":"WebSite","@id":"https:\/\/www.purejewels.com\/#website","url":"https:\/\/www.purejewels.com\/","name":"PureJewels \u0130ngiltere","description":"Sevgiyi Payla\u015f\u0131n","publisher":{"@id":"https:\/\/www.purejewels.com\/#organization"},"potentialAction":[{"@type":"SearchAction","target":{"@type":"EntryPoint","urlTemplate":"https:\/\/www.purejewels.com\/?s={search_term_string}"},"query-input":{"@type":"PropertyValueSpecification","valueRequired":true,"valueName":"search_term_string"}}],"inLanguage":"tr"},{"@type":"Organization","@id":"https:\/\/www.purejewels.com\/#organization","name":"PureJewels \u0130ngiltere","url":"https:\/\/www.purejewels.com\/","logo":{"@type":"ImageObject","inLanguage":"tr","@id":"https:\/\/www.purejewels.com\/#\/schema\/logo\/image\/","url":"https:\/\/static.purejewels.com\/wp-content\/uploads\/2020\/11\/Logo-PJ-New-1.png","contentUrl":"https:\/\/static.purejewels.com\/wp-content\/uploads\/2020\/11\/Logo-PJ-New-1.png","width":150,"height":80,"caption":"PureJewels UK"},"image":{"@id":"https:\/\/www.purejewels.com\/#\/schema\/logo\/image\/"}}]}},"_links":{"self":[{"href":"https:\/\/www.purejewels.com\/tr\/wp-json\/wp\/v2\/product\/428370","targetHints":{"allow":["GET"]}}],"collection":[{"href":"https:\/\/www.purejewels.com\/tr\/wp-json\/wp\/v2\/product"}],"about":[{"href":"https:\/\/www.purejewels.com\/tr\/wp-json\/wp\/v2\/types\/product"}],"replies":[{"embeddable":true,"href":"https:\/\/www.purejewels.com\/tr\/wp-json\/wp\/v2\/comments?post=428370"}],"version-history":[{"count":1,"href":"https:\/\/www.purejewels.com\/tr\/wp-json\/wp\/v2\/product\/428370\/revisions"}],"predecessor-version":[{"id":428374,"href":"https:\/\/www.purejewels.com\/tr\/wp-json\/wp\/v2\/product\/428370\/revisions\/428374"}],"wp:featuredmedia":[{"embeddable":true,"href":"https:\/\/www.purejewels.com\/tr\/wp-json\/wp\/v2\/media\/428371"}],"wp:attachment":[{"href":"https:\/\/www.purejewels.com\/tr\/wp-json\/wp\/v2\/media?parent=428370"}],"wp:term":[{"taxonomy":"product_brand","embeddable":true,"href":"https:\/\/www.purejewels.com\/tr\/wp-json\/wp\/v2\/product_brand?post=428370"},{"taxonomy":"product_cat","embeddable":true,"href":"https:\/\/www.purejewels.com\/tr\/wp-json\/wp\/v2\/product_cat?post=428370"},{"taxonomy":"product_tag","embeddable":true,"href":"https:\/\/www.purejewels.com\/tr\/wp-json\/wp\/v2\/product_tag?post=428370"}],"curies":[{"name":"wp","href":"https:\/\/api.w.org\/{rel}","templated":true}]}}