{"id":428375,"date":"2026-01-13T10:51:30","date_gmt":"2026-01-13T10:51:30","guid":{"rendered":"https:\/\/www.purejewels.com\/?post_type=product&#038;p=428375"},"modified":"2026-04-13T11:10:56","modified_gmt":"2026-04-13T10:10:56","slug":"22-ayar-altin-duz-desen-zincir-55350","status":"publish","type":"product","link":"https:\/\/www.purejewels.com\/tr\/product\/22ct-gold-flat-pattern-chain-55350\/","title":{"rendered":"22 Ayar Alt\u0131n D\u00fcz Desenli Zincir | 18 \u0130n\u00e7"},"content":{"rendered":"<p data-start=\"582\" data-end=\"891\"><strong data-start=\"582\" data-end=\"600\">Tasar\u0131m Konsepti<\/strong><br data-start=\"600\" data-end=\"603\" \/>Bu d\u00fcz desenli zincir, modern sadeli\u011fin yan\u0131 s\u0131ra tarihi i\u015f\u00e7ili\u011fi de yans\u0131tacak \u015fekilde tasarlanm\u0131\u015ft\u0131r. Yap\u0131land\u0131r\u0131lm\u0131\u015f, dokuma formu, \u0131\u015f\u0131\u011f\u0131 g\u00fczel bir \u015fekilde yakalayan p\u00fcr\u00fczs\u00fcz, s\u00fcrekli bir y\u00fczey olu\u015fturarak hem \u00e7a\u011fda\u015f hem de zamans\u0131z hissettiren temiz ve kendinden emin bir estetik sunar.<\/p>\n<p data-start=\"893\" data-end=\"1224\"><strong data-start=\"893\" data-end=\"910\">Zanaatkarl\u0131k<\/strong><br data-start=\"910\" data-end=\"913\" \/>22 ayar alt\u0131ndan ustal\u0131kla \u00fcretilen her bir halka, cilde rahat\u00e7a oturan d\u00fcz ve esnek bir yap\u0131 olu\u015fturmak i\u00e7in titizlikle i\u00e7 i\u00e7e ge\u00e7irilmi\u015ftir. Yap\u0131daki hassasiyet, yumu\u015fak bir ak\u0131\u015fkanl\u0131k sa\u011flarken dayan\u0131kl\u0131l\u0131\u011f\u0131 da garanti eder ve her PureJewels tasar\u0131m\u0131n\u0131n ard\u0131ndaki sanatsal ve teknik m\u00fckemmelli\u011fi vurgular.<\/p>\n<p data-start=\"1226\" data-end=\"1510\"><strong data-start=\"1226\" data-end=\"1243\">Stil Fikirleri<\/strong><br data-start=\"1243\" data-end=\"1246\" \/>Abart\u0131s\u0131z sofistikeli\u011fi takdir edenler i\u00e7in m\u00fckemmel olan bu zincir, \u015f\u0131k ve g\u00f6steri\u015fli bir g\u00f6r\u00fcn\u00fcm i\u00e7in tek ba\u015f\u0131na tak\u0131labilir veya derinlik ve boyut yaratmak i\u00e7in di\u011fer dokularla katmanlanabilir. D\u00fcz profili, onu hem g\u00fcnl\u00fck kullan\u0131m hem de y\u00fcksek stil i\u00e7in ideal bir par\u00e7a haline getirir.<\/p>","protected":false},"excerpt":{"rendered":"<p>\u015e\u0131k ve zarif bu 22 Ayar Alt\u0131n D\u00fcz Desenli Zincir, p\u00fcr\u00fczs\u00fcz dokuma tasar\u0131m\u0131yla zamans\u0131z alt\u0131n zarafetine \u00e7a\u011fda\u015f bir yorum getiriyor.<\/p>\n<p><strong>Malzeme:<\/strong>\u00a022 Ayar Alt\u0131n (91,6% Saf Alt\u0131n)<strong><br \/>\nHallmark:\u00a0<\/strong>\u0130ngiliz Damgas\u0131<strong><br \/>\n<\/strong><strong>Br\u00fct A\u011f\u0131rl\u0131k: <\/strong>7.32 Gms<br \/>\n<strong>SKU:<\/strong> 55350,55351, 55352, 55354, 55355<br \/>\n<strong>Uzunluk:<\/strong> 18 \u0130n\u00e7<br \/>\n<strong>Kal\u0131nl\u0131k:<\/strong> 0,95 mm<br \/>\n<strong>Fiyat ve Teslimat:<\/strong>\u00a0KDV ve teslimat \u00fccretleri dahil<strong><br \/>\n<a href=\"https:\/\/www.purejewels.com\/tr\/i%cc%87ade-poli%cc%87ti%cc%87kasi\/\">\u0130ade Politikas\u0131<\/a><\/strong><\/p>","protected":false},"featured_media":428376,"comment_status":"closed","ping_status":"closed","template":"","meta":{"_eb_attr":"","_crsspst_to_jayantr4sg-hostcom":true},"product_brand":[],"product_cat":[5014,5017,1791,1559,5277,1475,1773,1774,1570,1575,1574,5349],"product_tag":[],"class_list":{"0":"post-428375","1":"product","2":"type-product","3":"status-publish","4":"has-post-thumbnail","6":"product_cat-18-inch-ladies-chain","7":"product_cat-18-inch-mens-chain","8":"product_cat-anniversary-gifts","9":"product_cat-birthday-gifts","10":"product_cat-flat-chain","11":"product_cat-gold-chains","12":"product_cat-ladies-chains","13":"product_cat-mens-chains","14":"product_cat-mothers-day-gifts","15":"product_cat-teenage-jewellery","16":"product_cat-womens-jewellery","17":"product_cat-yellow-gold-jewellery","19":"first","20":"instock","21":"taxable","22":"shipping-taxable","23":"purchasable","24":"product-type-simple","25":"add-to-wishlist-before_image"},"yoast_head":"<!-- This site is optimized with the Yoast SEO plugin v27.4 - https:\/\/yoast.com\/product\/yoast-seo-wordpress\/ -->\n<title>Shop 22ct Gold Flat Pattern Chain | PureJewels London<\/title>\n<meta name=\"description\" content=\"Shop the 22ct Gold Flat Pattern Chain Necklace, crafted in pure gold with a sleek woven design. A modern yet timeless chain for everyday elegance and layering.\" \/>\n<meta name=\"robots\" content=\"index, follow, max-snippet:-1, max-image-preview:large, max-video-preview:-1\" \/>\n<link rel=\"canonical\" href=\"https:\/\/www.purejewels.com\/tr\/urun\/22-ayar-altin-duz-desen-zincir-55350\/\" \/>\n<meta property=\"og:locale\" content=\"tr_TR\" \/>\n<meta property=\"og:type\" content=\"article\" \/>\n<meta property=\"og:title\" content=\"Shop 22ct Gold Flat Pattern Chain | PureJewels London\" \/>\n<meta property=\"og:description\" content=\"Shop the 22ct Gold Flat Pattern Chain Necklace, crafted in pure gold with a sleek woven design. A modern yet timeless chain for everyday elegance and layering.\" \/>\n<meta property=\"og:url\" content=\"https:\/\/www.purejewels.com\/tr\/urun\/22-ayar-altin-duz-desen-zincir-55350\/\" \/>\n<meta property=\"og:site_name\" content=\"PureJewels UK\" \/>\n<meta property=\"article:modified_time\" content=\"2026-04-13T10:10:56+00:00\" \/>\n<meta property=\"og:image\" content=\"https:\/\/static.purejewels.com\/wp-content\/uploads\/2026\/04\/sku-55353-side.jpg\" \/>\n\t<meta property=\"og:image:width\" content=\"1000\" \/>\n\t<meta property=\"og:image:height\" content=\"1000\" \/>\n\t<meta property=\"og:image:type\" content=\"image\/jpeg\" \/>\n<meta name=\"twitter:card\" content=\"summary_large_image\" \/>\n<meta name=\"twitter:label1\" content=\"Tahmini okuma s\u00fcresi\" \/>\n\t<meta name=\"twitter:data1\" content=\"1 dakika\" \/>\n<script type=\"application\/ld+json\" class=\"yoast-schema-graph\">{\"@context\":\"https:\\\/\\\/schema.org\",\"@graph\":[{\"@type\":[\"WebPage\",\"ItemPage\"],\"@id\":\"https:\\\/\\\/www.purejewels.com\\\/product\\\/22ct-gold-flat-pattern-chain-55350\\\/\",\"url\":\"https:\\\/\\\/www.purejewels.com\\\/product\\\/22ct-gold-flat-pattern-chain-55350\\\/\",\"name\":\"Shop 22ct Gold Flat Pattern Chain | PureJewels London\",\"isPartOf\":{\"@id\":\"https:\\\/\\\/www.purejewels.com\\\/#website\"},\"primaryImageOfPage\":{\"@id\":\"https:\\\/\\\/www.purejewels.com\\\/product\\\/22ct-gold-flat-pattern-chain-55350\\\/#primaryimage\"},\"image\":{\"@id\":\"https:\\\/\\\/www.purejewels.com\\\/product\\\/22ct-gold-flat-pattern-chain-55350\\\/#primaryimage\"},\"thumbnailUrl\":\"https:\\\/\\\/static.purejewels.com\\\/wp-content\\\/uploads\\\/2026\\\/04\\\/sku-55353-side.jpg\",\"datePublished\":\"2026-01-13T10:51:30+00:00\",\"dateModified\":\"2026-04-13T10:10:56+00:00\",\"description\":\"Shop the 22ct Gold Flat Pattern Chain Necklace, crafted in pure gold with a sleek woven design. A modern yet timeless chain for everyday elegance and layering.\",\"breadcrumb\":{\"@id\":\"https:\\\/\\\/www.purejewels.com\\\/product\\\/22ct-gold-flat-pattern-chain-55350\\\/#breadcrumb\"},\"inLanguage\":\"tr\",\"potentialAction\":[{\"@type\":\"ReadAction\",\"target\":[\"https:\\\/\\\/www.purejewels.com\\\/product\\\/22ct-gold-flat-pattern-chain-55350\\\/\"]}]},{\"@type\":\"ImageObject\",\"inLanguage\":\"tr\",\"@id\":\"https:\\\/\\\/www.purejewels.com\\\/product\\\/22ct-gold-flat-pattern-chain-55350\\\/#primaryimage\",\"url\":\"https:\\\/\\\/static.purejewels.com\\\/wp-content\\\/uploads\\\/2026\\\/04\\\/sku-55353-side.jpg\",\"contentUrl\":\"https:\\\/\\\/static.purejewels.com\\\/wp-content\\\/uploads\\\/2026\\\/04\\\/sku-55353-side.jpg\",\"width\":1000,\"height\":1000,\"caption\":\"22ct Gold Flat Pattern Chain\"},{\"@type\":\"BreadcrumbList\",\"@id\":\"https:\\\/\\\/www.purejewels.com\\\/product\\\/22ct-gold-flat-pattern-chain-55350\\\/#breadcrumb\",\"itemListElement\":[{\"@type\":\"ListItem\",\"position\":1,\"name\":\"Home\",\"item\":\"https:\\\/\\\/www.purejewels.com\\\/\"},{\"@type\":\"ListItem\",\"position\":2,\"name\":\"Shop\",\"item\":\"https:\\\/\\\/www.purejewels.com\\\/shop\\\/\"},{\"@type\":\"ListItem\",\"position\":3,\"name\":\"22ct Gold Flat Pattern Chain | 18 Inch\"}]},{\"@type\":\"WebSite\",\"@id\":\"https:\\\/\\\/www.purejewels.com\\\/#website\",\"url\":\"https:\\\/\\\/www.purejewels.com\\\/\",\"name\":\"PureJewels UK\",\"description\":\"Share the Love\",\"publisher\":{\"@id\":\"https:\\\/\\\/www.purejewels.com\\\/#organization\"},\"potentialAction\":[{\"@type\":\"SearchAction\",\"target\":{\"@type\":\"EntryPoint\",\"urlTemplate\":\"https:\\\/\\\/www.purejewels.com\\\/?s={search_term_string}\"},\"query-input\":{\"@type\":\"PropertyValueSpecification\",\"valueRequired\":true,\"valueName\":\"search_term_string\"}}],\"inLanguage\":\"tr\"},{\"@type\":\"Organization\",\"@id\":\"https:\\\/\\\/www.purejewels.com\\\/#organization\",\"name\":\"PureJewels UK\",\"url\":\"https:\\\/\\\/www.purejewels.com\\\/\",\"logo\":{\"@type\":\"ImageObject\",\"inLanguage\":\"tr\",\"@id\":\"https:\\\/\\\/www.purejewels.com\\\/#\\\/schema\\\/logo\\\/image\\\/\",\"url\":\"https:\\\/\\\/static.purejewels.com\\\/wp-content\\\/uploads\\\/2020\\\/11\\\/Logo-PJ-New-1.png\",\"contentUrl\":\"https:\\\/\\\/static.purejewels.com\\\/wp-content\\\/uploads\\\/2020\\\/11\\\/Logo-PJ-New-1.png\",\"width\":150,\"height\":80,\"caption\":\"PureJewels UK\"},\"image\":{\"@id\":\"https:\\\/\\\/www.purejewels.com\\\/#\\\/schema\\\/logo\\\/image\\\/\"}}]}<\/script>\n<!-- \/ Yoast SEO plugin. -->","yoast_head_json":{"title":"22 Ayar Alt\u0131n D\u00fcz Desenli Zincir Al\u0131\u015fveri\u015fi | PureJewels London","description":"\u015e\u0131k dokuma tasar\u0131m\u0131yla saf alt\u0131ndan \u00fcretilen 22 Ayar Alt\u0131n D\u00fcz Desenli Zincir Kolyeyi sat\u0131n al\u0131n. G\u00fcnl\u00fck \u015f\u0131kl\u0131k ve katmanlama i\u00e7in modern ama zamans\u0131z bir zincir.","robots":{"index":"index","follow":"follow","max-snippet":"max-snippet:-1","max-image-preview":"max-image-preview:large","max-video-preview":"max-video-preview:-1"},"canonical":"https:\/\/www.purejewels.com\/tr\/urun\/22-ayar-altin-duz-desen-zincir-55350\/","og_locale":"tr_TR","og_type":"article","og_title":"Shop 22ct Gold Flat Pattern Chain | PureJewels London","og_description":"Shop the 22ct Gold Flat Pattern Chain Necklace, crafted in pure gold with a sleek woven design. A modern yet timeless chain for everyday elegance and layering.","og_url":"https:\/\/www.purejewels.com\/tr\/urun\/22-ayar-altin-duz-desen-zincir-55350\/","og_site_name":"PureJewels UK","article_modified_time":"2026-04-13T10:10:56+00:00","og_image":[{"width":1000,"height":1000,"url":"https:\/\/static.purejewels.com\/wp-content\/uploads\/2026\/04\/sku-55353-side.jpg","type":"image\/jpeg"}],"twitter_card":"summary_large_image","twitter_misc":{"Tahmini okuma s\u00fcresi":"1 dakika"},"schema":{"@context":"https:\/\/schema.org","@graph":[{"@type":["WebPage","ItemPage"],"@id":"https:\/\/www.purejewels.com\/product\/22ct-gold-flat-pattern-chain-55350\/","url":"https:\/\/www.purejewels.com\/product\/22ct-gold-flat-pattern-chain-55350\/","name":"22 Ayar Alt\u0131n D\u00fcz Desenli Zincir Al\u0131\u015fveri\u015fi | PureJewels London","isPartOf":{"@id":"https:\/\/www.purejewels.com\/#website"},"primaryImageOfPage":{"@id":"https:\/\/www.purejewels.com\/product\/22ct-gold-flat-pattern-chain-55350\/#primaryimage"},"image":{"@id":"https:\/\/www.purejewels.com\/product\/22ct-gold-flat-pattern-chain-55350\/#primaryimage"},"thumbnailUrl":"https:\/\/static.purejewels.com\/wp-content\/uploads\/2026\/04\/sku-55353-side.jpg","datePublished":"2026-01-13T10:51:30+00:00","dateModified":"2026-04-13T10:10:56+00:00","description":"\u015e\u0131k dokuma tasar\u0131m\u0131yla saf alt\u0131ndan \u00fcretilen 22 Ayar Alt\u0131n D\u00fcz Desenli Zincir Kolyeyi sat\u0131n al\u0131n. G\u00fcnl\u00fck \u015f\u0131kl\u0131k ve katmanlama i\u00e7in modern ama zamans\u0131z bir zincir.","breadcrumb":{"@id":"https:\/\/www.purejewels.com\/product\/22ct-gold-flat-pattern-chain-55350\/#breadcrumb"},"inLanguage":"tr","potentialAction":[{"@type":"ReadAction","target":["https:\/\/www.purejewels.com\/product\/22ct-gold-flat-pattern-chain-55350\/"]}]},{"@type":"ImageObject","inLanguage":"tr","@id":"https:\/\/www.purejewels.com\/product\/22ct-gold-flat-pattern-chain-55350\/#primaryimage","url":"https:\/\/static.purejewels.com\/wp-content\/uploads\/2026\/04\/sku-55353-side.jpg","contentUrl":"https:\/\/static.purejewels.com\/wp-content\/uploads\/2026\/04\/sku-55353-side.jpg","width":1000,"height":1000,"caption":"22ct Gold Flat Pattern Chain"},{"@type":"BreadcrumbList","@id":"https:\/\/www.purejewels.com\/product\/22ct-gold-flat-pattern-chain-55350\/#breadcrumb","itemListElement":[{"@type":"ListItem","position":1,"name":"Home","item":"https:\/\/www.purejewels.com\/"},{"@type":"ListItem","position":2,"name":"Shop","item":"https:\/\/www.purejewels.com\/shop\/"},{"@type":"ListItem","position":3,"name":"22ct Gold Flat Pattern Chain | 18 Inch"}]},{"@type":"WebSite","@id":"https:\/\/www.purejewels.com\/#website","url":"https:\/\/www.purejewels.com\/","name":"PureJewels \u0130ngiltere","description":"Sevgiyi Payla\u015f\u0131n","publisher":{"@id":"https:\/\/www.purejewels.com\/#organization"},"potentialAction":[{"@type":"SearchAction","target":{"@type":"EntryPoint","urlTemplate":"https:\/\/www.purejewels.com\/?s={search_term_string}"},"query-input":{"@type":"PropertyValueSpecification","valueRequired":true,"valueName":"search_term_string"}}],"inLanguage":"tr"},{"@type":"Organization","@id":"https:\/\/www.purejewels.com\/#organization","name":"PureJewels \u0130ngiltere","url":"https:\/\/www.purejewels.com\/","logo":{"@type":"ImageObject","inLanguage":"tr","@id":"https:\/\/www.purejewels.com\/#\/schema\/logo\/image\/","url":"https:\/\/static.purejewels.com\/wp-content\/uploads\/2020\/11\/Logo-PJ-New-1.png","contentUrl":"https:\/\/static.purejewels.com\/wp-content\/uploads\/2020\/11\/Logo-PJ-New-1.png","width":150,"height":80,"caption":"PureJewels UK"},"image":{"@id":"https:\/\/www.purejewels.com\/#\/schema\/logo\/image\/"}}]}},"_links":{"self":[{"href":"https:\/\/www.purejewels.com\/tr\/wp-json\/wp\/v2\/product\/428375","targetHints":{"allow":["GET"]}}],"collection":[{"href":"https:\/\/www.purejewels.com\/tr\/wp-json\/wp\/v2\/product"}],"about":[{"href":"https:\/\/www.purejewels.com\/tr\/wp-json\/wp\/v2\/types\/product"}],"replies":[{"embeddable":true,"href":"https:\/\/www.purejewels.com\/tr\/wp-json\/wp\/v2\/comments?post=428375"}],"version-history":[{"count":3,"href":"https:\/\/www.purejewels.com\/tr\/wp-json\/wp\/v2\/product\/428375\/revisions"}],"predecessor-version":[{"id":428380,"href":"https:\/\/www.purejewels.com\/tr\/wp-json\/wp\/v2\/product\/428375\/revisions\/428380"}],"wp:featuredmedia":[{"embeddable":true,"href":"https:\/\/www.purejewels.com\/tr\/wp-json\/wp\/v2\/media\/428376"}],"wp:attachment":[{"href":"https:\/\/www.purejewels.com\/tr\/wp-json\/wp\/v2\/media?parent=428375"}],"wp:term":[{"taxonomy":"product_brand","embeddable":true,"href":"https:\/\/www.purejewels.com\/tr\/wp-json\/wp\/v2\/product_brand?post=428375"},{"taxonomy":"product_cat","embeddable":true,"href":"https:\/\/www.purejewels.com\/tr\/wp-json\/wp\/v2\/product_cat?post=428375"},{"taxonomy":"product_tag","embeddable":true,"href":"https:\/\/www.purejewels.com\/tr\/wp-json\/wp\/v2\/product_tag?post=428375"}],"curies":[{"name":"wp","href":"https:\/\/api.w.org\/{rel}","templated":true}]}}