{"id":428389,"date":"2026-01-13T13:07:21","date_gmt":"2026-01-13T13:07:21","guid":{"rendered":"https:\/\/www.purejewels.com\/?post_type=product&#038;p=428389"},"modified":"2026-04-13T13:35:04","modified_gmt":"2026-04-13T12:35:04","slug":"22-ayar-gundogumu-altin-cicekli-mangalsutra-55137","status":"publish","type":"product","link":"https:\/\/www.purejewels.com\/tr\/product\/22ct-sunrise-gold-floral-mangalsutra-55137\/","title":{"rendered":"22 Ayar G\u00fcndo\u011fumu Alt\u0131n \u00c7i\u00e7ekli Mangalsutra"},"content":{"rendered":"<p data-start=\"605\" data-end=\"919\"><strong data-start=\"605\" data-end=\"623\">Tasar\u0131m Konsepti<\/strong><br data-start=\"623\" data-end=\"626\" \/>\u00c7i\u00e7ek a\u00e7an \u00e7i\u00e7eklerin g\u00fczelli\u011finden ilham alan bu mangalsutra, gelene\u011fi nazik ve kad\u0131ns\u0131 bir dokunu\u015fla yeniden yorumluyor. \u0130nce detayl\u0131 \u00e7i\u00e7ek motifleri b\u00fcy\u00fcmeyi, a\u015fk\u0131 ve yeni ba\u015flang\u0131\u00e7lar\u0131 simgeleyen zarif bir merkez olu\u015ftururken, klasik siyah boncuk zinciri k\u00fclt\u00fcrel \u00f6nemini koruyor.<\/p>\n<p data-start=\"921\" data-end=\"1256\"><strong data-start=\"921\" data-end=\"938\">Zanaatkarl\u0131k<\/strong><br data-start=\"938\" data-end=\"941\" \/>22 ayar alt\u0131ndan \u00fcretilen her bir \u00e7i\u00e7ek unsuru, ince detaylar ve derinlik yakalamak i\u00e7in karma\u015f\u0131k bir \u015fekilde \u015fekillendirilmi\u015ftir. Siyah boncuklar denge ve dayan\u0131kl\u0131l\u0131k sa\u011flamak i\u00e7in \u00f6zenle dizilmi\u015f ve aral\u0131kl\u0131 olarak yerle\u015ftirilmi\u015ftir; alt\u0131n merkez par\u00e7as\u0131 ise PureJewels ile e\u015fanlaml\u0131 hassasiyet ve miras i\u015f\u00e7ili\u011fini yans\u0131tacak \u015fekilde kusursuzca entegre edilmi\u015ftir.<\/p>\n<p data-start=\"1258\" data-end=\"1549\"><strong data-start=\"1258\" data-end=\"1275\">Stil Fikirleri<\/strong><br data-start=\"1275\" data-end=\"1278\" \/>Zarif ve \u00e7ok y\u00f6nl\u00fc olan bu mangalsutra, anlaml\u0131 bir imza par\u00e7as\u0131 olarak g\u00fcnl\u00fck tak\u0131labilir veya katmanl\u0131, \u00e7a\u011fda\u015f bir g\u00f6r\u00fcn\u00fcm i\u00e7in di\u011fer narin alt\u0131n zincirlerle \u015fekillendirilebilir. \u00c7i\u00e7ek detaylar\u0131 yumu\u015fak bir \u00e7ekicilik katar ve hem geleneksel durumlar hem de modern giyim i\u00e7in m\u00fckemmeldir.<\/p>","protected":false},"excerpt":{"rendered":"<p>Gelene\u011fin zarif bir ifadesi olan bu 22 Ayar Alt\u0131n \u00c7i\u00e7ekli Mangalsutra, a\u015fk\u0131n zamans\u0131z sembol\u00fcne yumu\u015fakl\u0131k ve zarafet katan karma\u015f\u0131k \u00e7i\u00e7ek motiflerine sahiptir.<\/p>\n<p><strong>Malzeme:<\/strong> 22 ayar Sunrise Gold (91,6% Saf Alt\u0131n)<br \/>\n<strong>Hallmark:<\/strong> \u0130ngiliz Damgas\u0131<br \/>\n<strong>Br\u00fct A\u011f\u0131rl\u0131k:\u00a0<\/strong> 6.70 Gms<br \/>\n<strong>SKU:<\/strong> 55137<\/p>\n<p><strong>Fiyat ve Teslimat:\u00a0<\/strong>KDV ve teslimat \u00fccretleri dahil<strong><br \/>\n<a href=\"https:\/\/www.purejewels.com\/tr\/i%cc%87ade-poli%cc%87ti%cc%87kasi\/\">\u0130ade Politikas\u0131<\/a><\/strong><\/p>","protected":false},"featured_media":428391,"comment_status":"closed","ping_status":"closed","template":"","meta":{"_eb_attr":"","_crsspst_to_jayantr4sg-hostcom":false},"product_brand":[],"product_cat":[1791,1559,236,1775,1793,1792,1229,1284,5666,1656,6081,1573],"product_tag":[],"class_list":{"0":"post-428389","1":"product","2":"type-product","3":"status-publish","4":"has-post-thumbnail","6":"product_cat-anniversary-gifts","7":"product_cat-birthday-gifts","8":"product_cat-collections","9":"product_cat-daily-wear-mangalsutras","10":"product_cat-diwali-gifts","11":"product_cat-festival-gifts","12":"product_cat-22ct-gold-jewellery","13":"product_cat-gold-mangalsutras","14":"product_cat-rosette-mangalsutra","15":"product_cat-rosettes-collections","16":"product_cat-sunrise-gold","17":"product_cat-wedding-gifts","19":"first","20":"instock","21":"taxable","22":"shipping-taxable","23":"purchasable","24":"product-type-simple","25":"add-to-wishlist-before_image"},"yoast_head":"<!-- This site is optimized with the Yoast SEO plugin v27.4 - https:\/\/yoast.com\/product\/yoast-seo-wordpress\/ -->\n<title>22ct Gold Floral Mangalsutra Necklace | PureJewels London<\/title>\n<meta name=\"description\" content=\"Discover the 22ct Gold Floral Mangalsutra Necklace, featuring delicate floral motifs in pure gold. A timeless blend of tradition, elegance, and modern design.\" \/>\n<meta name=\"robots\" content=\"index, follow, max-snippet:-1, max-image-preview:large, max-video-preview:-1\" \/>\n<link rel=\"canonical\" href=\"https:\/\/www.purejewels.com\/tr\/urun\/22-ayar-gundogumu-altin-cicekli-mangalsutra-55137\/\" \/>\n<meta property=\"og:locale\" content=\"tr_TR\" \/>\n<meta property=\"og:type\" content=\"article\" \/>\n<meta property=\"og:title\" content=\"22ct Gold Floral Mangalsutra Necklace | PureJewels London\" \/>\n<meta property=\"og:description\" content=\"Discover the 22ct Gold Floral Mangalsutra Necklace, featuring delicate floral motifs in pure gold. A timeless blend of tradition, elegance, and modern design.\" \/>\n<meta property=\"og:url\" content=\"https:\/\/www.purejewels.com\/tr\/urun\/22-ayar-gundogumu-altin-cicekli-mangalsutra-55137\/\" \/>\n<meta property=\"og:site_name\" content=\"PureJewels UK\" \/>\n<meta property=\"article:modified_time\" content=\"2026-04-13T12:35:04+00:00\" \/>\n<meta property=\"og:image\" content=\"https:\/\/static.purejewels.com\/wp-content\/uploads\/2026\/04\/SKU-55137-FRONT.jpg\" \/>\n\t<meta property=\"og:image:width\" content=\"1000\" \/>\n\t<meta property=\"og:image:height\" content=\"1000\" \/>\n\t<meta property=\"og:image:type\" content=\"image\/jpeg\" \/>\n<meta name=\"twitter:card\" content=\"summary_large_image\" \/>\n<meta name=\"twitter:label1\" content=\"Tahmini okuma s\u00fcresi\" \/>\n\t<meta name=\"twitter:data1\" content=\"1 dakika\" \/>\n<script type=\"application\/ld+json\" class=\"yoast-schema-graph\">{\"@context\":\"https:\\\/\\\/schema.org\",\"@graph\":[{\"@type\":[\"WebPage\",\"ItemPage\"],\"@id\":\"https:\\\/\\\/www.purejewels.com\\\/product\\\/22ct-sunrise-gold-floral-mangalsutra-55137\\\/\",\"url\":\"https:\\\/\\\/www.purejewels.com\\\/product\\\/22ct-sunrise-gold-floral-mangalsutra-55137\\\/\",\"name\":\"22ct Gold Floral Mangalsutra Necklace | PureJewels London\",\"isPartOf\":{\"@id\":\"https:\\\/\\\/www.purejewels.com\\\/#website\"},\"primaryImageOfPage\":{\"@id\":\"https:\\\/\\\/www.purejewels.com\\\/product\\\/22ct-sunrise-gold-floral-mangalsutra-55137\\\/#primaryimage\"},\"image\":{\"@id\":\"https:\\\/\\\/www.purejewels.com\\\/product\\\/22ct-sunrise-gold-floral-mangalsutra-55137\\\/#primaryimage\"},\"thumbnailUrl\":\"https:\\\/\\\/static.purejewels.com\\\/wp-content\\\/uploads\\\/2026\\\/04\\\/SKU-55137-FRONT.jpg\",\"datePublished\":\"2026-01-13T13:07:21+00:00\",\"dateModified\":\"2026-04-13T12:35:04+00:00\",\"description\":\"Discover the 22ct Gold Floral Mangalsutra Necklace, featuring delicate floral motifs in pure gold. A timeless blend of tradition, elegance, and modern design.\",\"breadcrumb\":{\"@id\":\"https:\\\/\\\/www.purejewels.com\\\/product\\\/22ct-sunrise-gold-floral-mangalsutra-55137\\\/#breadcrumb\"},\"inLanguage\":\"tr\",\"potentialAction\":[{\"@type\":\"ReadAction\",\"target\":[\"https:\\\/\\\/www.purejewels.com\\\/product\\\/22ct-sunrise-gold-floral-mangalsutra-55137\\\/\"]}]},{\"@type\":\"ImageObject\",\"inLanguage\":\"tr\",\"@id\":\"https:\\\/\\\/www.purejewels.com\\\/product\\\/22ct-sunrise-gold-floral-mangalsutra-55137\\\/#primaryimage\",\"url\":\"https:\\\/\\\/static.purejewels.com\\\/wp-content\\\/uploads\\\/2026\\\/04\\\/SKU-55137-FRONT.jpg\",\"contentUrl\":\"https:\\\/\\\/static.purejewels.com\\\/wp-content\\\/uploads\\\/2026\\\/04\\\/SKU-55137-FRONT.jpg\",\"width\":1000,\"height\":1000,\"caption\":\"22ct Sunrise Gold Floral Mangalsutra\"},{\"@type\":\"BreadcrumbList\",\"@id\":\"https:\\\/\\\/www.purejewels.com\\\/product\\\/22ct-sunrise-gold-floral-mangalsutra-55137\\\/#breadcrumb\",\"itemListElement\":[{\"@type\":\"ListItem\",\"position\":1,\"name\":\"Home\",\"item\":\"https:\\\/\\\/www.purejewels.com\\\/\"},{\"@type\":\"ListItem\",\"position\":2,\"name\":\"Shop\",\"item\":\"https:\\\/\\\/www.purejewels.com\\\/shop\\\/\"},{\"@type\":\"ListItem\",\"position\":3,\"name\":\"22ct Sunrise Gold Floral Mangalsutra\"}]},{\"@type\":\"WebSite\",\"@id\":\"https:\\\/\\\/www.purejewels.com\\\/#website\",\"url\":\"https:\\\/\\\/www.purejewels.com\\\/\",\"name\":\"PureJewels UK\",\"description\":\"Share the Love\",\"publisher\":{\"@id\":\"https:\\\/\\\/www.purejewels.com\\\/#organization\"},\"potentialAction\":[{\"@type\":\"SearchAction\",\"target\":{\"@type\":\"EntryPoint\",\"urlTemplate\":\"https:\\\/\\\/www.purejewels.com\\\/?s={search_term_string}\"},\"query-input\":{\"@type\":\"PropertyValueSpecification\",\"valueRequired\":true,\"valueName\":\"search_term_string\"}}],\"inLanguage\":\"tr\"},{\"@type\":\"Organization\",\"@id\":\"https:\\\/\\\/www.purejewels.com\\\/#organization\",\"name\":\"PureJewels UK\",\"url\":\"https:\\\/\\\/www.purejewels.com\\\/\",\"logo\":{\"@type\":\"ImageObject\",\"inLanguage\":\"tr\",\"@id\":\"https:\\\/\\\/www.purejewels.com\\\/#\\\/schema\\\/logo\\\/image\\\/\",\"url\":\"https:\\\/\\\/static.purejewels.com\\\/wp-content\\\/uploads\\\/2020\\\/11\\\/Logo-PJ-New-1.png\",\"contentUrl\":\"https:\\\/\\\/static.purejewels.com\\\/wp-content\\\/uploads\\\/2020\\\/11\\\/Logo-PJ-New-1.png\",\"width\":150,\"height\":80,\"caption\":\"PureJewels UK\"},\"image\":{\"@id\":\"https:\\\/\\\/www.purejewels.com\\\/#\\\/schema\\\/logo\\\/image\\\/\"}}]}<\/script>\n<!-- \/ Yoast SEO plugin. -->","yoast_head_json":{"title":"22 Ayar Alt\u0131n \u00c7i\u00e7ekli Mangalsutra Kolye | PureJewels London","description":"Saf alt\u0131ndan narin \u00e7i\u00e7ek motifleri i\u00e7eren 22 Ayar Alt\u0131n \u00c7i\u00e7ekli Mangalsutra Kolyeyi ke\u015ffedin. Gelenek, zarafet ve modern tasar\u0131m\u0131n zamans\u0131z bir kar\u0131\u015f\u0131m\u0131.","robots":{"index":"index","follow":"follow","max-snippet":"max-snippet:-1","max-image-preview":"max-image-preview:large","max-video-preview":"max-video-preview:-1"},"canonical":"https:\/\/www.purejewels.com\/tr\/urun\/22-ayar-gundogumu-altin-cicekli-mangalsutra-55137\/","og_locale":"tr_TR","og_type":"article","og_title":"22ct Gold Floral Mangalsutra Necklace | PureJewels London","og_description":"Discover the 22ct Gold Floral Mangalsutra Necklace, featuring delicate floral motifs in pure gold. A timeless blend of tradition, elegance, and modern design.","og_url":"https:\/\/www.purejewels.com\/tr\/urun\/22-ayar-gundogumu-altin-cicekli-mangalsutra-55137\/","og_site_name":"PureJewels UK","article_modified_time":"2026-04-13T12:35:04+00:00","og_image":[{"width":1000,"height":1000,"url":"https:\/\/static.purejewels.com\/wp-content\/uploads\/2026\/04\/SKU-55137-FRONT.jpg","type":"image\/jpeg"}],"twitter_card":"summary_large_image","twitter_misc":{"Tahmini okuma s\u00fcresi":"1 dakika"},"schema":{"@context":"https:\/\/schema.org","@graph":[{"@type":["WebPage","ItemPage"],"@id":"https:\/\/www.purejewels.com\/product\/22ct-sunrise-gold-floral-mangalsutra-55137\/","url":"https:\/\/www.purejewels.com\/product\/22ct-sunrise-gold-floral-mangalsutra-55137\/","name":"22 Ayar Alt\u0131n \u00c7i\u00e7ekli Mangalsutra Kolye | PureJewels London","isPartOf":{"@id":"https:\/\/www.purejewels.com\/#website"},"primaryImageOfPage":{"@id":"https:\/\/www.purejewels.com\/product\/22ct-sunrise-gold-floral-mangalsutra-55137\/#primaryimage"},"image":{"@id":"https:\/\/www.purejewels.com\/product\/22ct-sunrise-gold-floral-mangalsutra-55137\/#primaryimage"},"thumbnailUrl":"https:\/\/static.purejewels.com\/wp-content\/uploads\/2026\/04\/SKU-55137-FRONT.jpg","datePublished":"2026-01-13T13:07:21+00:00","dateModified":"2026-04-13T12:35:04+00:00","description":"Saf alt\u0131ndan narin \u00e7i\u00e7ek motifleri i\u00e7eren 22 Ayar Alt\u0131n \u00c7i\u00e7ekli Mangalsutra Kolyeyi ke\u015ffedin. Gelenek, zarafet ve modern tasar\u0131m\u0131n zamans\u0131z bir kar\u0131\u015f\u0131m\u0131.","breadcrumb":{"@id":"https:\/\/www.purejewels.com\/product\/22ct-sunrise-gold-floral-mangalsutra-55137\/#breadcrumb"},"inLanguage":"tr","potentialAction":[{"@type":"ReadAction","target":["https:\/\/www.purejewels.com\/product\/22ct-sunrise-gold-floral-mangalsutra-55137\/"]}]},{"@type":"ImageObject","inLanguage":"tr","@id":"https:\/\/www.purejewels.com\/product\/22ct-sunrise-gold-floral-mangalsutra-55137\/#primaryimage","url":"https:\/\/static.purejewels.com\/wp-content\/uploads\/2026\/04\/SKU-55137-FRONT.jpg","contentUrl":"https:\/\/static.purejewels.com\/wp-content\/uploads\/2026\/04\/SKU-55137-FRONT.jpg","width":1000,"height":1000,"caption":"22ct Sunrise Gold Floral Mangalsutra"},{"@type":"BreadcrumbList","@id":"https:\/\/www.purejewels.com\/product\/22ct-sunrise-gold-floral-mangalsutra-55137\/#breadcrumb","itemListElement":[{"@type":"ListItem","position":1,"name":"Home","item":"https:\/\/www.purejewels.com\/"},{"@type":"ListItem","position":2,"name":"Shop","item":"https:\/\/www.purejewels.com\/shop\/"},{"@type":"ListItem","position":3,"name":"22ct Sunrise Gold Floral Mangalsutra"}]},{"@type":"WebSite","@id":"https:\/\/www.purejewels.com\/#website","url":"https:\/\/www.purejewels.com\/","name":"PureJewels \u0130ngiltere","description":"Sevgiyi Payla\u015f\u0131n","publisher":{"@id":"https:\/\/www.purejewels.com\/#organization"},"potentialAction":[{"@type":"SearchAction","target":{"@type":"EntryPoint","urlTemplate":"https:\/\/www.purejewels.com\/?s={search_term_string}"},"query-input":{"@type":"PropertyValueSpecification","valueRequired":true,"valueName":"search_term_string"}}],"inLanguage":"tr"},{"@type":"Organization","@id":"https:\/\/www.purejewels.com\/#organization","name":"PureJewels \u0130ngiltere","url":"https:\/\/www.purejewels.com\/","logo":{"@type":"ImageObject","inLanguage":"tr","@id":"https:\/\/www.purejewels.com\/#\/schema\/logo\/image\/","url":"https:\/\/static.purejewels.com\/wp-content\/uploads\/2020\/11\/Logo-PJ-New-1.png","contentUrl":"https:\/\/static.purejewels.com\/wp-content\/uploads\/2020\/11\/Logo-PJ-New-1.png","width":150,"height":80,"caption":"PureJewels UK"},"image":{"@id":"https:\/\/www.purejewels.com\/#\/schema\/logo\/image\/"}}]}},"_links":{"self":[{"href":"https:\/\/www.purejewels.com\/tr\/wp-json\/wp\/v2\/product\/428389","targetHints":{"allow":["GET"]}}],"collection":[{"href":"https:\/\/www.purejewels.com\/tr\/wp-json\/wp\/v2\/product"}],"about":[{"href":"https:\/\/www.purejewels.com\/tr\/wp-json\/wp\/v2\/types\/product"}],"replies":[{"embeddable":true,"href":"https:\/\/www.purejewels.com\/tr\/wp-json\/wp\/v2\/comments?post=428389"}],"version-history":[{"count":2,"href":"https:\/\/www.purejewels.com\/tr\/wp-json\/wp\/v2\/product\/428389\/revisions"}],"predecessor-version":[{"id":428392,"href":"https:\/\/www.purejewels.com\/tr\/wp-json\/wp\/v2\/product\/428389\/revisions\/428392"}],"wp:featuredmedia":[{"embeddable":true,"href":"https:\/\/www.purejewels.com\/tr\/wp-json\/wp\/v2\/media\/428391"}],"wp:attachment":[{"href":"https:\/\/www.purejewels.com\/tr\/wp-json\/wp\/v2\/media?parent=428389"}],"wp:term":[{"taxonomy":"product_brand","embeddable":true,"href":"https:\/\/www.purejewels.com\/tr\/wp-json\/wp\/v2\/product_brand?post=428389"},{"taxonomy":"product_cat","embeddable":true,"href":"https:\/\/www.purejewels.com\/tr\/wp-json\/wp\/v2\/product_cat?post=428389"},{"taxonomy":"product_tag","embeddable":true,"href":"https:\/\/www.purejewels.com\/tr\/wp-json\/wp\/v2\/product_tag?post=428389"}],"curies":[{"name":"wp","href":"https:\/\/api.w.org\/{rel}","templated":true}]}}