{"id":428393,"date":"2026-01-13T13:47:00","date_gmt":"2026-01-13T13:47:00","guid":{"rendered":"https:\/\/www.purejewels.com\/?post_type=product&#038;p=428393"},"modified":"2026-04-13T14:04:24","modified_gmt":"2026-04-13T13:04:24","slug":"18-ayar-beyaz-altin-dokuma-tilki-kuyrugu-zincir-55114","status":"publish","type":"product","link":"https:\/\/www.purejewels.com\/tr\/product\/18ct-white-gold-woven-foxtail-chain-55114\/","title":{"rendered":"18 Ayar Beyaz Alt\u0131n Dokuma Tilki Kuyru\u011fu Zincir"},"content":{"rendered":"<p data-start=\"599\" data-end=\"877\"><strong data-start=\"599\" data-end=\"617\">Tasar\u0131m Konsepti<\/strong><br data-start=\"617\" data-end=\"620\" \/>Bu dokuma tilki kuyru\u011fu zincir, ak\u0131c\u0131 tasar\u0131m\u0131n ve modern zarafetin bir kutlamas\u0131d\u0131r. Karma\u015f\u0131k deseni, \u0131\u015f\u0131\u011f\u0131 ince bir parlakl\u0131kla yans\u0131tan s\u00fcrekli, ak\u0131c\u0131 bir doku olu\u015fturarak zamans\u0131z zarafete dayanan temiz ve \u00e7a\u011fda\u015f bir estetik sunar.<\/p>\n<p data-start=\"879\" data-end=\"1192\"><strong data-start=\"879\" data-end=\"896\">Zanaatkarl\u0131k<\/strong><br data-start=\"896\" data-end=\"899\" \/>18 ayar beyaz alt\u0131ndan ustal\u0131kla \u00fcretilen her bir ince halka, p\u00fcr\u00fczs\u00fcz ve esnek bir zincir olu\u015fturmak i\u00e7in titizlikle \u00f6r\u00fclm\u00fc\u015ft\u00fcr. Bu tekni\u011fin hassasiyeti hem sa\u011flaml\u0131k hem de ak\u0131\u015fkanl\u0131k sa\u011flayarak ola\u011fan\u00fcst\u00fc i\u015f\u00e7ilik ve detaylara g\u00f6sterilen \u00f6zeni sergilerken g\u00fczelce \u00f6rten bir par\u00e7a ortaya \u00e7\u0131kar\u0131r.<\/p>\n<p data-start=\"1194\" data-end=\"1497\"><strong data-start=\"1194\" data-end=\"1211\">Stil Fikirleri<\/strong><br data-start=\"1211\" data-end=\"1214\" \/>G\u00fcnl\u00fck sofistikelik i\u00e7in m\u00fckemmel olan bu zincir, \u015f\u0131k ve minimal bir g\u00f6r\u00fcn\u00fcm i\u00e7in tek ba\u015f\u0131na tak\u0131labilir veya daha fazla ifade i\u00e7in bir kolye ile e\u015fle\u015ftirilebilir. So\u011fuk beyaz alt\u0131n tonu, di\u011fer par\u00e7alarla zahmetsizce uyum sa\u011flayarak hem modern hem de klasik m\u00fccevher koleksiyonlar\u0131na \u00e7ok y\u00f6nl\u00fc bir katk\u0131 sa\u011flar.<\/p>","protected":false},"excerpt":{"rendered":"<p>\u015e\u0131k ve sofistike bu 18 Ayar Beyaz Alt\u0131n Dokuma Tilki Kuyru\u011fu Zincir, rafine bir parlakl\u0131k ve ak\u0131c\u0131 bir zarafet sunan karma\u015f\u0131k bir dokuma tasar\u0131ma sahiptir.<\/p>\n<p><strong>Zincir tipi:<\/strong> Tilki Kuyru\u011fu Zinciri<br \/>\n<strong>SKU:<\/strong> 55114<br \/>\n<strong>A\u011f\u0131rl\u0131k:<\/strong> 1.30 Gms<br \/>\n<strong>Metal:<\/strong> 18 Ayar Beyaz Alt\u0131n<br \/>\n<strong>Kal\u0131nl\u0131k:<\/strong> 0,5 mm<br \/>\n<strong>Uzunluk:<\/strong> 16 in\u00e7<br \/>\n<strong>Hallmark:<\/strong> Londra Tahlil Ofisi taraf\u0131ndan damgalanm\u0131\u015f 18 Ayar Beyaz Alt\u0131n<br \/>\n<strong>\u00dccretler<\/strong>: Teslimat ve KDV Dahil<\/p>\n<p><strong>Daha Fazla Bilgi<\/strong><br \/>\nM\u00fcsaitlik durumu ve daha fazla resim i\u00e7in bizimle canl\u0131 sohbet edin<br \/>\nErkek Zincirimizi Ke\u015ffedin<\/p>","protected":false},"featured_media":428395,"comment_status":"closed","ping_status":"closed","template":"","meta":{"_eb_attr":"","_crsspst_to_jayantr4sg-hostcom":true},"product_brand":[],"product_cat":[5013,5020,5316,5679,1559,1576,1794,1793,5265,5343,1772,1773,5348,1574],"product_tag":[65],"class_list":{"0":"post-428393","1":"product","2":"type-product","3":"status-publish","4":"has-post-thumbnail","6":"product_cat-16-inch-ladies-chain","7":"product_cat-16-inch-kids-chain","8":"product_cat-18ct-white-gold-chain","9":"product_cat-18ct-gold-jewellery","10":"product_cat-birthday-gifts","11":"product_cat-childrens-jewellery","12":"product_cat-christmas-gifts","13":"product_cat-diwali-gifts","14":"product_cat-foxtail-chain","15":"product_cat-jewellery-under-550","16":"product_cat-kids-chains","17":"product_cat-ladies-chains","18":"product_cat-white-gold-jewellery","19":"product_cat-womens-jewellery","20":"product_tag-chains","22":"first","23":"instock","24":"taxable","25":"shipping-taxable","26":"purchasable","27":"product-type-simple","28":"add-to-wishlist-before_image"},"yoast_head":"<!-- This site is optimized with the Yoast SEO plugin v27.4 - https:\/\/yoast.com\/product\/yoast-seo-wordpress\/ -->\n<title>18ct White Gold Woven Foxtail Chain Necklace | PureJewels UK<\/title>\n<meta name=\"description\" content=\"Discover the 18ct White Gold Woven Foxtail Chain, crafted with an intricate woven design for a sleek, modern finish. Perfect for everyday elegance and layering.\" \/>\n<meta name=\"robots\" content=\"index, follow, max-snippet:-1, max-image-preview:large, max-video-preview:-1\" \/>\n<link rel=\"canonical\" href=\"https:\/\/www.purejewels.com\/tr\/urun\/18-ayar-beyaz-altin-dokuma-tilki-kuyrugu-zincir-55114\/\" \/>\n<meta property=\"og:locale\" content=\"tr_TR\" \/>\n<meta property=\"og:type\" content=\"article\" \/>\n<meta property=\"og:title\" content=\"18ct White Gold Woven Foxtail Chain Necklace | PureJewels UK\" \/>\n<meta property=\"og:description\" content=\"Discover the 18ct White Gold Woven Foxtail Chain, crafted with an intricate woven design for a sleek, modern finish. Perfect for everyday elegance and layering.\" \/>\n<meta property=\"og:url\" content=\"https:\/\/www.purejewels.com\/tr\/urun\/18-ayar-beyaz-altin-dokuma-tilki-kuyrugu-zincir-55114\/\" \/>\n<meta property=\"og:site_name\" content=\"PureJewels UK\" \/>\n<meta property=\"article:modified_time\" content=\"2026-04-13T13:04:24+00:00\" \/>\n<meta property=\"og:image\" content=\"https:\/\/static.purejewels.com\/wp-content\/uploads\/2026\/01\/sku-55114-side.jpg\" \/>\n\t<meta property=\"og:image:width\" content=\"1000\" \/>\n\t<meta property=\"og:image:height\" content=\"1000\" \/>\n\t<meta property=\"og:image:type\" content=\"image\/jpeg\" \/>\n<meta name=\"twitter:card\" content=\"summary_large_image\" \/>\n<meta name=\"twitter:label1\" content=\"Tahmini okuma s\u00fcresi\" \/>\n\t<meta name=\"twitter:data1\" content=\"1 dakika\" \/>\n<script type=\"application\/ld+json\" class=\"yoast-schema-graph\">{\"@context\":\"https:\\\/\\\/schema.org\",\"@graph\":[{\"@type\":[\"WebPage\",\"ItemPage\"],\"@id\":\"https:\\\/\\\/www.purejewels.com\\\/product\\\/18ct-white-gold-woven-foxtail-chain-55114\\\/\",\"url\":\"https:\\\/\\\/www.purejewels.com\\\/product\\\/18ct-white-gold-woven-foxtail-chain-55114\\\/\",\"name\":\"18ct White Gold Woven Foxtail Chain Necklace | PureJewels UK\",\"isPartOf\":{\"@id\":\"https:\\\/\\\/www.purejewels.com\\\/#website\"},\"primaryImageOfPage\":{\"@id\":\"https:\\\/\\\/www.purejewels.com\\\/product\\\/18ct-white-gold-woven-foxtail-chain-55114\\\/#primaryimage\"},\"image\":{\"@id\":\"https:\\\/\\\/www.purejewels.com\\\/product\\\/18ct-white-gold-woven-foxtail-chain-55114\\\/#primaryimage\"},\"thumbnailUrl\":\"https:\\\/\\\/static.purejewels.com\\\/wp-content\\\/uploads\\\/2026\\\/01\\\/sku-55114-side.jpg\",\"datePublished\":\"2026-01-13T13:47:00+00:00\",\"dateModified\":\"2026-04-13T13:04:24+00:00\",\"description\":\"Discover the 18ct White Gold Woven Foxtail Chain, crafted with an intricate woven design for a sleek, modern finish. Perfect for everyday elegance and layering.\",\"breadcrumb\":{\"@id\":\"https:\\\/\\\/www.purejewels.com\\\/product\\\/18ct-white-gold-woven-foxtail-chain-55114\\\/#breadcrumb\"},\"inLanguage\":\"tr\",\"potentialAction\":[{\"@type\":\"ReadAction\",\"target\":[\"https:\\\/\\\/www.purejewels.com\\\/product\\\/18ct-white-gold-woven-foxtail-chain-55114\\\/\"]}]},{\"@type\":\"ImageObject\",\"inLanguage\":\"tr\",\"@id\":\"https:\\\/\\\/www.purejewels.com\\\/product\\\/18ct-white-gold-woven-foxtail-chain-55114\\\/#primaryimage\",\"url\":\"https:\\\/\\\/static.purejewels.com\\\/wp-content\\\/uploads\\\/2026\\\/01\\\/sku-55114-side.jpg\",\"contentUrl\":\"https:\\\/\\\/static.purejewels.com\\\/wp-content\\\/uploads\\\/2026\\\/01\\\/sku-55114-side.jpg\",\"width\":1000,\"height\":1000,\"caption\":\"Stacked from 10 images. Method=B (R=8,S=4)\"},{\"@type\":\"BreadcrumbList\",\"@id\":\"https:\\\/\\\/www.purejewels.com\\\/product\\\/18ct-white-gold-woven-foxtail-chain-55114\\\/#breadcrumb\",\"itemListElement\":[{\"@type\":\"ListItem\",\"position\":1,\"name\":\"Home\",\"item\":\"https:\\\/\\\/www.purejewels.com\\\/\"},{\"@type\":\"ListItem\",\"position\":2,\"name\":\"Shop\",\"item\":\"https:\\\/\\\/www.purejewels.com\\\/shop\\\/\"},{\"@type\":\"ListItem\",\"position\":3,\"name\":\"18ct White Gold Woven Foxtail Chain\"}]},{\"@type\":\"WebSite\",\"@id\":\"https:\\\/\\\/www.purejewels.com\\\/#website\",\"url\":\"https:\\\/\\\/www.purejewels.com\\\/\",\"name\":\"PureJewels UK\",\"description\":\"Share the Love\",\"publisher\":{\"@id\":\"https:\\\/\\\/www.purejewels.com\\\/#organization\"},\"potentialAction\":[{\"@type\":\"SearchAction\",\"target\":{\"@type\":\"EntryPoint\",\"urlTemplate\":\"https:\\\/\\\/www.purejewels.com\\\/?s={search_term_string}\"},\"query-input\":{\"@type\":\"PropertyValueSpecification\",\"valueRequired\":true,\"valueName\":\"search_term_string\"}}],\"inLanguage\":\"tr\"},{\"@type\":\"Organization\",\"@id\":\"https:\\\/\\\/www.purejewels.com\\\/#organization\",\"name\":\"PureJewels UK\",\"url\":\"https:\\\/\\\/www.purejewels.com\\\/\",\"logo\":{\"@type\":\"ImageObject\",\"inLanguage\":\"tr\",\"@id\":\"https:\\\/\\\/www.purejewels.com\\\/#\\\/schema\\\/logo\\\/image\\\/\",\"url\":\"https:\\\/\\\/static.purejewels.com\\\/wp-content\\\/uploads\\\/2020\\\/11\\\/Logo-PJ-New-1.png\",\"contentUrl\":\"https:\\\/\\\/static.purejewels.com\\\/wp-content\\\/uploads\\\/2020\\\/11\\\/Logo-PJ-New-1.png\",\"width\":150,\"height\":80,\"caption\":\"PureJewels UK\"},\"image\":{\"@id\":\"https:\\\/\\\/www.purejewels.com\\\/#\\\/schema\\\/logo\\\/image\\\/\"}}]}<\/script>\n<!-- \/ Yoast SEO plugin. -->","yoast_head_json":{"title":"18 Ayar Beyaz Alt\u0131n Dokuma Tilki Kuyru\u011fu Zincir Kolye | PureJewels UK","description":"\u015e\u0131k ve modern bir g\u00f6r\u00fcn\u00fcm i\u00e7in karma\u015f\u0131k bir dokuma tasar\u0131m\u0131yla haz\u0131rlanm\u0131\u015f 18 Ayar Beyaz Alt\u0131n Dokuma Tilki Kuyru\u011fu Zinciri ke\u015ffedin. G\u00fcnl\u00fck \u015f\u0131kl\u0131k ve katmanlama i\u00e7in m\u00fckemmeldir.","robots":{"index":"index","follow":"follow","max-snippet":"max-snippet:-1","max-image-preview":"max-image-preview:large","max-video-preview":"max-video-preview:-1"},"canonical":"https:\/\/www.purejewels.com\/tr\/urun\/18-ayar-beyaz-altin-dokuma-tilki-kuyrugu-zincir-55114\/","og_locale":"tr_TR","og_type":"article","og_title":"18ct White Gold Woven Foxtail Chain Necklace | PureJewels UK","og_description":"Discover the 18ct White Gold Woven Foxtail Chain, crafted with an intricate woven design for a sleek, modern finish. Perfect for everyday elegance and layering.","og_url":"https:\/\/www.purejewels.com\/tr\/urun\/18-ayar-beyaz-altin-dokuma-tilki-kuyrugu-zincir-55114\/","og_site_name":"PureJewels UK","article_modified_time":"2026-04-13T13:04:24+00:00","og_image":[{"width":1000,"height":1000,"url":"https:\/\/static.purejewels.com\/wp-content\/uploads\/2026\/01\/sku-55114-side.jpg","type":"image\/jpeg"}],"twitter_card":"summary_large_image","twitter_misc":{"Tahmini okuma s\u00fcresi":"1 dakika"},"schema":{"@context":"https:\/\/schema.org","@graph":[{"@type":["WebPage","ItemPage"],"@id":"https:\/\/www.purejewels.com\/product\/18ct-white-gold-woven-foxtail-chain-55114\/","url":"https:\/\/www.purejewels.com\/product\/18ct-white-gold-woven-foxtail-chain-55114\/","name":"18 Ayar Beyaz Alt\u0131n Dokuma Tilki Kuyru\u011fu Zincir Kolye | PureJewels UK","isPartOf":{"@id":"https:\/\/www.purejewels.com\/#website"},"primaryImageOfPage":{"@id":"https:\/\/www.purejewels.com\/product\/18ct-white-gold-woven-foxtail-chain-55114\/#primaryimage"},"image":{"@id":"https:\/\/www.purejewels.com\/product\/18ct-white-gold-woven-foxtail-chain-55114\/#primaryimage"},"thumbnailUrl":"https:\/\/static.purejewels.com\/wp-content\/uploads\/2026\/01\/sku-55114-side.jpg","datePublished":"2026-01-13T13:47:00+00:00","dateModified":"2026-04-13T13:04:24+00:00","description":"\u015e\u0131k ve modern bir g\u00f6r\u00fcn\u00fcm i\u00e7in karma\u015f\u0131k bir dokuma tasar\u0131m\u0131yla haz\u0131rlanm\u0131\u015f 18 Ayar Beyaz Alt\u0131n Dokuma Tilki Kuyru\u011fu Zinciri ke\u015ffedin. G\u00fcnl\u00fck \u015f\u0131kl\u0131k ve katmanlama i\u00e7in m\u00fckemmeldir.","breadcrumb":{"@id":"https:\/\/www.purejewels.com\/product\/18ct-white-gold-woven-foxtail-chain-55114\/#breadcrumb"},"inLanguage":"tr","potentialAction":[{"@type":"ReadAction","target":["https:\/\/www.purejewels.com\/product\/18ct-white-gold-woven-foxtail-chain-55114\/"]}]},{"@type":"ImageObject","inLanguage":"tr","@id":"https:\/\/www.purejewels.com\/product\/18ct-white-gold-woven-foxtail-chain-55114\/#primaryimage","url":"https:\/\/static.purejewels.com\/wp-content\/uploads\/2026\/01\/sku-55114-side.jpg","contentUrl":"https:\/\/static.purejewels.com\/wp-content\/uploads\/2026\/01\/sku-55114-side.jpg","width":1000,"height":1000,"caption":"Stacked from 10 images. Method=B (R=8,S=4)"},{"@type":"BreadcrumbList","@id":"https:\/\/www.purejewels.com\/product\/18ct-white-gold-woven-foxtail-chain-55114\/#breadcrumb","itemListElement":[{"@type":"ListItem","position":1,"name":"Home","item":"https:\/\/www.purejewels.com\/"},{"@type":"ListItem","position":2,"name":"Shop","item":"https:\/\/www.purejewels.com\/shop\/"},{"@type":"ListItem","position":3,"name":"18ct White Gold Woven Foxtail Chain"}]},{"@type":"WebSite","@id":"https:\/\/www.purejewels.com\/#website","url":"https:\/\/www.purejewels.com\/","name":"PureJewels \u0130ngiltere","description":"Sevgiyi Payla\u015f\u0131n","publisher":{"@id":"https:\/\/www.purejewels.com\/#organization"},"potentialAction":[{"@type":"SearchAction","target":{"@type":"EntryPoint","urlTemplate":"https:\/\/www.purejewels.com\/?s={search_term_string}"},"query-input":{"@type":"PropertyValueSpecification","valueRequired":true,"valueName":"search_term_string"}}],"inLanguage":"tr"},{"@type":"Organization","@id":"https:\/\/www.purejewels.com\/#organization","name":"PureJewels \u0130ngiltere","url":"https:\/\/www.purejewels.com\/","logo":{"@type":"ImageObject","inLanguage":"tr","@id":"https:\/\/www.purejewels.com\/#\/schema\/logo\/image\/","url":"https:\/\/static.purejewels.com\/wp-content\/uploads\/2020\/11\/Logo-PJ-New-1.png","contentUrl":"https:\/\/static.purejewels.com\/wp-content\/uploads\/2020\/11\/Logo-PJ-New-1.png","width":150,"height":80,"caption":"PureJewels UK"},"image":{"@id":"https:\/\/www.purejewels.com\/#\/schema\/logo\/image\/"}}]}},"_links":{"self":[{"href":"https:\/\/www.purejewels.com\/tr\/wp-json\/wp\/v2\/product\/428393","targetHints":{"allow":["GET"]}}],"collection":[{"href":"https:\/\/www.purejewels.com\/tr\/wp-json\/wp\/v2\/product"}],"about":[{"href":"https:\/\/www.purejewels.com\/tr\/wp-json\/wp\/v2\/types\/product"}],"replies":[{"embeddable":true,"href":"https:\/\/www.purejewels.com\/tr\/wp-json\/wp\/v2\/comments?post=428393"}],"version-history":[{"count":1,"href":"https:\/\/www.purejewels.com\/tr\/wp-json\/wp\/v2\/product\/428393\/revisions"}],"predecessor-version":[{"id":428394,"href":"https:\/\/www.purejewels.com\/tr\/wp-json\/wp\/v2\/product\/428393\/revisions\/428394"}],"wp:featuredmedia":[{"embeddable":true,"href":"https:\/\/www.purejewels.com\/tr\/wp-json\/wp\/v2\/media\/428395"}],"wp:attachment":[{"href":"https:\/\/www.purejewels.com\/tr\/wp-json\/wp\/v2\/media?parent=428393"}],"wp:term":[{"taxonomy":"product_brand","embeddable":true,"href":"https:\/\/www.purejewels.com\/tr\/wp-json\/wp\/v2\/product_brand?post=428393"},{"taxonomy":"product_cat","embeddable":true,"href":"https:\/\/www.purejewels.com\/tr\/wp-json\/wp\/v2\/product_cat?post=428393"},{"taxonomy":"product_tag","embeddable":true,"href":"https:\/\/www.purejewels.com\/tr\/wp-json\/wp\/v2\/product_tag?post=428393"}],"curies":[{"name":"wp","href":"https:\/\/api.w.org\/{rel}","templated":true}]}}