{"id":428403,"date":"2026-01-14T07:36:28","date_gmt":"2026-01-14T07:36:28","guid":{"rendered":"https:\/\/www.purejewels.com\/?post_type=product&#038;p=428403"},"modified":"2026-04-14T07:45:47","modified_gmt":"2026-04-14T06:45:47","slug":"22-ayar-altin-boncuk-damla-kolye-rozet-koleksiyonu","status":"publish","type":"product","link":"https:\/\/www.purejewels.com\/tr\/product\/22ct-gold-bead-drop-necklace-rosette-collection\/","title":{"rendered":"22 Ayar Alt\u0131n Boncuklu Damla Kolye | Rozet Koleksiyonu"},"content":{"rendered":"<p><strong>Tasar\u0131m Konsepti<\/strong><br \/>\nDo\u011fan\u0131n \u015fiirselli\u011finden ilham alan Rosette Koleksiyonu, narin \u00e7i\u00e7ek motifleriyle hayat\u0131n yolculu\u011funu kutluyor. Bu 22 ayar alt\u0131n boncuk damla kolye, yumu\u015fak bir \u015fekilde yontulmu\u015f rozet ba\u011flant\u0131lar\u0131 ile basamakl\u0131 alt\u0131n damlac\u0131klar\u0131 bir araya getirerek hareketi, zarafeti ve sessiz sofistikeli\u011fi \u00e7a\u011fr\u0131\u015ft\u0131ran ak\u0131c\u0131 bir tasar\u0131m yarat\u0131yor. Her bir unsur, uyumlu bir b\u00fct\u00fcn olu\u015fturmak i\u00e7in g\u00fczel bir \u015fekilde birbirine ba\u011flanan bir an\u0131 yans\u0131t\u0131yor.<\/p>\n<p><strong>Zanaatkarl\u0131k<\/strong><br \/>\nZengin 22 ayar sar\u0131 alt\u0131ndan \u00fcretilen kolye, PureJewels'in miras i\u015f\u00e7ili\u011fine ve rafine detaylara olan ba\u011fl\u0131l\u0131\u011f\u0131n\u0131 temsil ediyor. Her bir rozet ince bir doku ile karma\u015f\u0131k bir \u015fekilde olu\u015fturulurken, boncuk damlalar\u0131 nazik, ritmik bir ak\u0131\u015f olu\u015fturmak i\u00e7in hassas bir \u015fekilde as\u0131lm\u0131\u015ft\u0131r. Hem zarafet hem de dayan\u0131kl\u0131l\u0131k sa\u011flayan yap\u0131, par\u00e7an\u0131n l\u00fcks ama hafif bir hisle boyun \u00e7izgisi boyunca zarif\u00e7e oturmas\u0131n\u0131 sa\u011flar.<\/p>\n<p><strong>Stil Fikirleri<\/strong><br \/>\nZahmetsizce \u00e7ok y\u00f6nl\u00fc olan bu kolye, g\u00fcnd\u00fczden ak\u015fama kolayl\u0131kla ge\u00e7i\u015f yapar. Karma\u015f\u0131k detaylar\u0131n\u0131 vurgulamak i\u00e7in tek ba\u015f\u0131na tak\u0131n veya daha \u00e7a\u011fda\u015f bir g\u00f6r\u00fcn\u00fcm i\u00e7in ince alt\u0131n zincirlerle katmanlay\u0131n. Hem geleneksel k\u0131yafetlerle hem de modern sil\u00fcetlerle g\u00fczel bir uyum sa\u011flayan bu kolye, koleksiyonunuza anlaml\u0131 bir katk\u0131 sa\u011flayarak \u015f\u0131kl\u0131k ve bireysellik yolculu\u011funuzu yans\u0131t\u0131r.<\/p>","protected":false},"excerpt":{"rendered":"<p>Rosette Koleksiyonu'ndan, zamans\u0131z, kad\u0131ns\u0131 bir g\u00f6r\u00fcn\u00fcm i\u00e7in karma\u015f\u0131k \u00e7i\u00e7ek ba\u011flant\u0131lar\u0131 ve zarif boncuk damlalar\u0131 i\u00e7eren zarif bir 22 ayar alt\u0131n kolye.<\/p>\n<p><strong>Malzeme:<\/strong>\u00a022 ayar Sunrise Gold (91,6% Saf Alt\u0131n)<strong><br \/>\nHallmark:\u00a0<\/strong>\u0130ngiliz Damgas\u0131<strong><br \/>\n<\/strong><strong>Br\u00fct A\u011f\u0131rl\u0131k: <\/strong>18.75 Gms<br \/>\n<strong>Uzunluk:<\/strong> 17 in\u00e7<br \/>\n<strong>SKU:<\/strong> 55271<\/p>\n<p><strong>Fiyat ve Teslimat<\/strong>: KDV ve teslimat \u00fccreti dahil<br \/>\n<a href=\"https:\/\/www.purejewels.com\/tr\/i%cc%87ade-poli%cc%87ti%cc%87kasi\/\">\u0130ade Politikas\u0131<\/a><\/p>\n<p>&nbsp;<\/p>","protected":false},"featured_media":342188,"comment_status":"closed","ping_status":"closed","template":"","meta":{"_eb_attr":"","_crsspst_to_jayantr4sg-hostcom":false},"product_brand":[],"product_cat":[1791,1793,5701,1229,1253,1779,1570,1656,5275,1778,1573,1574,5349],"product_tag":[],"class_list":{"0":"post-428403","1":"product","2":"type-product","3":"status-publish","4":"has-post-thumbnail","6":"product_cat-anniversary-gifts","7":"product_cat-diwali-gifts","8":"product_cat-eid-jewellery","9":"product_cat-22ct-gold-jewellery","10":"product_cat-gold-necklaces","11":"product_cat-mala-style-necklaces","12":"product_cat-mothers-day-gifts","13":"product_cat-rosettes-collections","14":"product_cat-rosettes-necklace","15":"product_cat-short-necklaces","16":"product_cat-wedding-gifts","17":"product_cat-womens-jewellery","18":"product_cat-yellow-gold-jewellery","20":"first","21":"instock","22":"taxable","23":"shipping-taxable","24":"purchasable","25":"product-type-simple","26":"add-to-wishlist-before_image"},"yoast_head":"<!-- This site is optimized with the Yoast SEO plugin v27.4 - https:\/\/yoast.com\/product\/yoast-seo-wordpress\/ -->\n<title>22ct Gold Bead Drop Necklace \u2013 Rosette Collection | PureJewels<\/title>\n<meta name=\"description\" content=\"Discover the 22ct gold bead drop necklace from our Rosette Collection, featuring delicate floral links and graceful bead drops\u2014crafted for timeless elegance.\" \/>\n<meta name=\"robots\" content=\"index, follow, max-snippet:-1, max-image-preview:large, max-video-preview:-1\" \/>\n<link rel=\"canonical\" href=\"https:\/\/www.purejewels.com\/tr\/urun\/22-ayar-altin-boncuk-damla-kolye-rozet-koleksiyonu\/\" \/>\n<meta property=\"og:locale\" content=\"tr_TR\" \/>\n<meta property=\"og:type\" content=\"article\" \/>\n<meta property=\"og:title\" content=\"22ct Gold Bead Drop Necklace \u2013 Rosette Collection | PureJewels\" \/>\n<meta property=\"og:description\" content=\"Discover the 22ct gold bead drop necklace from our Rosette Collection, featuring delicate floral links and graceful bead drops\u2014crafted for timeless elegance.\" \/>\n<meta property=\"og:url\" content=\"https:\/\/www.purejewels.com\/tr\/urun\/22-ayar-altin-boncuk-damla-kolye-rozet-koleksiyonu\/\" \/>\n<meta property=\"og:site_name\" content=\"PureJewels UK\" \/>\n<meta property=\"article:modified_time\" content=\"2026-04-14T06:45:47+00:00\" \/>\n<meta property=\"og:image\" content=\"https:\/\/static.purejewels.com\/wp-content\/uploads\/2022\/12\/43786-2.jpg\" \/>\n\t<meta property=\"og:image:width\" content=\"1000\" \/>\n\t<meta property=\"og:image:height\" content=\"1000\" \/>\n\t<meta property=\"og:image:type\" content=\"image\/jpeg\" \/>\n<meta name=\"twitter:card\" content=\"summary_large_image\" \/>\n<meta name=\"twitter:label1\" content=\"Tahmini okuma s\u00fcresi\" \/>\n\t<meta name=\"twitter:data1\" content=\"1 dakika\" \/>\n<script type=\"application\/ld+json\" class=\"yoast-schema-graph\">{\"@context\":\"https:\\\/\\\/schema.org\",\"@graph\":[{\"@type\":[\"WebPage\",\"ItemPage\"],\"@id\":\"https:\\\/\\\/www.purejewels.com\\\/product\\\/22ct-gold-bead-drop-necklace-rosette-collection\\\/\",\"url\":\"https:\\\/\\\/www.purejewels.com\\\/product\\\/22ct-gold-bead-drop-necklace-rosette-collection\\\/\",\"name\":\"22ct Gold Bead Drop Necklace \u2013 Rosette Collection | PureJewels\",\"isPartOf\":{\"@id\":\"https:\\\/\\\/www.purejewels.com\\\/#website\"},\"primaryImageOfPage\":{\"@id\":\"https:\\\/\\\/www.purejewels.com\\\/product\\\/22ct-gold-bead-drop-necklace-rosette-collection\\\/#primaryimage\"},\"image\":{\"@id\":\"https:\\\/\\\/www.purejewels.com\\\/product\\\/22ct-gold-bead-drop-necklace-rosette-collection\\\/#primaryimage\"},\"thumbnailUrl\":\"https:\\\/\\\/static.purejewels.com\\\/wp-content\\\/uploads\\\/2022\\\/12\\\/43786-2.jpg\",\"datePublished\":\"2026-01-14T07:36:28+00:00\",\"dateModified\":\"2026-04-14T06:45:47+00:00\",\"description\":\"Discover the 22ct gold bead drop necklace from our Rosette Collection, featuring delicate floral links and graceful bead drops\u2014crafted for timeless elegance.\",\"breadcrumb\":{\"@id\":\"https:\\\/\\\/www.purejewels.com\\\/product\\\/22ct-gold-bead-drop-necklace-rosette-collection\\\/#breadcrumb\"},\"inLanguage\":\"tr\",\"potentialAction\":[{\"@type\":\"ReadAction\",\"target\":[\"https:\\\/\\\/www.purejewels.com\\\/product\\\/22ct-gold-bead-drop-necklace-rosette-collection\\\/\"]}]},{\"@type\":\"ImageObject\",\"inLanguage\":\"tr\",\"@id\":\"https:\\\/\\\/www.purejewels.com\\\/product\\\/22ct-gold-bead-drop-necklace-rosette-collection\\\/#primaryimage\",\"url\":\"https:\\\/\\\/static.purejewels.com\\\/wp-content\\\/uploads\\\/2022\\\/12\\\/43786-2.jpg\",\"contentUrl\":\"https:\\\/\\\/static.purejewels.com\\\/wp-content\\\/uploads\\\/2022\\\/12\\\/43786-2.jpg\",\"width\":1000,\"height\":1000,\"caption\":\"22ct Gold Necklace | Rosettes Collection\"},{\"@type\":\"BreadcrumbList\",\"@id\":\"https:\\\/\\\/www.purejewels.com\\\/product\\\/22ct-gold-bead-drop-necklace-rosette-collection\\\/#breadcrumb\",\"itemListElement\":[{\"@type\":\"ListItem\",\"position\":1,\"name\":\"Home\",\"item\":\"https:\\\/\\\/www.purejewels.com\\\/\"},{\"@type\":\"ListItem\",\"position\":2,\"name\":\"Shop\",\"item\":\"https:\\\/\\\/www.purejewels.com\\\/shop\\\/\"},{\"@type\":\"ListItem\",\"position\":3,\"name\":\"22ct Gold Bead Drop Necklace | Rosette Collection\"}]},{\"@type\":\"WebSite\",\"@id\":\"https:\\\/\\\/www.purejewels.com\\\/#website\",\"url\":\"https:\\\/\\\/www.purejewels.com\\\/\",\"name\":\"PureJewels UK\",\"description\":\"Share the Love\",\"publisher\":{\"@id\":\"https:\\\/\\\/www.purejewels.com\\\/#organization\"},\"potentialAction\":[{\"@type\":\"SearchAction\",\"target\":{\"@type\":\"EntryPoint\",\"urlTemplate\":\"https:\\\/\\\/www.purejewels.com\\\/?s={search_term_string}\"},\"query-input\":{\"@type\":\"PropertyValueSpecification\",\"valueRequired\":true,\"valueName\":\"search_term_string\"}}],\"inLanguage\":\"tr\"},{\"@type\":\"Organization\",\"@id\":\"https:\\\/\\\/www.purejewels.com\\\/#organization\",\"name\":\"PureJewels UK\",\"url\":\"https:\\\/\\\/www.purejewels.com\\\/\",\"logo\":{\"@type\":\"ImageObject\",\"inLanguage\":\"tr\",\"@id\":\"https:\\\/\\\/www.purejewels.com\\\/#\\\/schema\\\/logo\\\/image\\\/\",\"url\":\"https:\\\/\\\/static.purejewels.com\\\/wp-content\\\/uploads\\\/2020\\\/11\\\/Logo-PJ-New-1.png\",\"contentUrl\":\"https:\\\/\\\/static.purejewels.com\\\/wp-content\\\/uploads\\\/2020\\\/11\\\/Logo-PJ-New-1.png\",\"width\":150,\"height\":80,\"caption\":\"PureJewels UK\"},\"image\":{\"@id\":\"https:\\\/\\\/www.purejewels.com\\\/#\\\/schema\\\/logo\\\/image\\\/\"}}]}<\/script>\n<!-- \/ Yoast SEO plugin. -->","yoast_head_json":{"title":"22 Ayar Alt\u0131n Boncuklu Damla Kolye - Rozet Koleksiyonu | PureJewels","description":"Rosette Koleksiyonumuzdan, narin \u00e7i\u00e7ek ba\u011flant\u0131lar\u0131 ve zarif boncuk damlalar\u0131 i\u00e7eren, zamans\u0131z bir zarafet i\u00e7in haz\u0131rlanm\u0131\u015f 22 ayar alt\u0131n boncuk damla kolyeyi ke\u015ffedin.","robots":{"index":"index","follow":"follow","max-snippet":"max-snippet:-1","max-image-preview":"max-image-preview:large","max-video-preview":"max-video-preview:-1"},"canonical":"https:\/\/www.purejewels.com\/tr\/urun\/22-ayar-altin-boncuk-damla-kolye-rozet-koleksiyonu\/","og_locale":"tr_TR","og_type":"article","og_title":"22ct Gold Bead Drop Necklace \u2013 Rosette Collection | PureJewels","og_description":"Discover the 22ct gold bead drop necklace from our Rosette Collection, featuring delicate floral links and graceful bead drops\u2014crafted for timeless elegance.","og_url":"https:\/\/www.purejewels.com\/tr\/urun\/22-ayar-altin-boncuk-damla-kolye-rozet-koleksiyonu\/","og_site_name":"PureJewels UK","article_modified_time":"2026-04-14T06:45:47+00:00","og_image":[{"width":1000,"height":1000,"url":"https:\/\/static.purejewels.com\/wp-content\/uploads\/2022\/12\/43786-2.jpg","type":"image\/jpeg"}],"twitter_card":"summary_large_image","twitter_misc":{"Tahmini okuma s\u00fcresi":"1 dakika"},"schema":{"@context":"https:\/\/schema.org","@graph":[{"@type":["WebPage","ItemPage"],"@id":"https:\/\/www.purejewels.com\/product\/22ct-gold-bead-drop-necklace-rosette-collection\/","url":"https:\/\/www.purejewels.com\/product\/22ct-gold-bead-drop-necklace-rosette-collection\/","name":"22 Ayar Alt\u0131n Boncuklu Damla Kolye - Rozet Koleksiyonu | PureJewels","isPartOf":{"@id":"https:\/\/www.purejewels.com\/#website"},"primaryImageOfPage":{"@id":"https:\/\/www.purejewels.com\/product\/22ct-gold-bead-drop-necklace-rosette-collection\/#primaryimage"},"image":{"@id":"https:\/\/www.purejewels.com\/product\/22ct-gold-bead-drop-necklace-rosette-collection\/#primaryimage"},"thumbnailUrl":"https:\/\/static.purejewels.com\/wp-content\/uploads\/2022\/12\/43786-2.jpg","datePublished":"2026-01-14T07:36:28+00:00","dateModified":"2026-04-14T06:45:47+00:00","description":"Rosette Koleksiyonumuzdan, narin \u00e7i\u00e7ek ba\u011flant\u0131lar\u0131 ve zarif boncuk damlalar\u0131 i\u00e7eren, zamans\u0131z bir zarafet i\u00e7in haz\u0131rlanm\u0131\u015f 22 ayar alt\u0131n boncuk damla kolyeyi ke\u015ffedin.","breadcrumb":{"@id":"https:\/\/www.purejewels.com\/product\/22ct-gold-bead-drop-necklace-rosette-collection\/#breadcrumb"},"inLanguage":"tr","potentialAction":[{"@type":"ReadAction","target":["https:\/\/www.purejewels.com\/product\/22ct-gold-bead-drop-necklace-rosette-collection\/"]}]},{"@type":"ImageObject","inLanguage":"tr","@id":"https:\/\/www.purejewels.com\/product\/22ct-gold-bead-drop-necklace-rosette-collection\/#primaryimage","url":"https:\/\/static.purejewels.com\/wp-content\/uploads\/2022\/12\/43786-2.jpg","contentUrl":"https:\/\/static.purejewels.com\/wp-content\/uploads\/2022\/12\/43786-2.jpg","width":1000,"height":1000,"caption":"22ct Gold Necklace | Rosettes Collection"},{"@type":"BreadcrumbList","@id":"https:\/\/www.purejewels.com\/product\/22ct-gold-bead-drop-necklace-rosette-collection\/#breadcrumb","itemListElement":[{"@type":"ListItem","position":1,"name":"Home","item":"https:\/\/www.purejewels.com\/"},{"@type":"ListItem","position":2,"name":"Shop","item":"https:\/\/www.purejewels.com\/shop\/"},{"@type":"ListItem","position":3,"name":"22ct Gold Bead Drop Necklace | Rosette Collection"}]},{"@type":"WebSite","@id":"https:\/\/www.purejewels.com\/#website","url":"https:\/\/www.purejewels.com\/","name":"PureJewels \u0130ngiltere","description":"Sevgiyi Payla\u015f\u0131n","publisher":{"@id":"https:\/\/www.purejewels.com\/#organization"},"potentialAction":[{"@type":"SearchAction","target":{"@type":"EntryPoint","urlTemplate":"https:\/\/www.purejewels.com\/?s={search_term_string}"},"query-input":{"@type":"PropertyValueSpecification","valueRequired":true,"valueName":"search_term_string"}}],"inLanguage":"tr"},{"@type":"Organization","@id":"https:\/\/www.purejewels.com\/#organization","name":"PureJewels \u0130ngiltere","url":"https:\/\/www.purejewels.com\/","logo":{"@type":"ImageObject","inLanguage":"tr","@id":"https:\/\/www.purejewels.com\/#\/schema\/logo\/image\/","url":"https:\/\/static.purejewels.com\/wp-content\/uploads\/2020\/11\/Logo-PJ-New-1.png","contentUrl":"https:\/\/static.purejewels.com\/wp-content\/uploads\/2020\/11\/Logo-PJ-New-1.png","width":150,"height":80,"caption":"PureJewels UK"},"image":{"@id":"https:\/\/www.purejewels.com\/#\/schema\/logo\/image\/"}}]}},"_links":{"self":[{"href":"https:\/\/www.purejewels.com\/tr\/wp-json\/wp\/v2\/product\/428403","targetHints":{"allow":["GET"]}}],"collection":[{"href":"https:\/\/www.purejewels.com\/tr\/wp-json\/wp\/v2\/product"}],"about":[{"href":"https:\/\/www.purejewels.com\/tr\/wp-json\/wp\/v2\/types\/product"}],"replies":[{"embeddable":true,"href":"https:\/\/www.purejewels.com\/tr\/wp-json\/wp\/v2\/comments?post=428403"}],"version-history":[{"count":1,"href":"https:\/\/www.purejewels.com\/tr\/wp-json\/wp\/v2\/product\/428403\/revisions"}],"predecessor-version":[{"id":428404,"href":"https:\/\/www.purejewels.com\/tr\/wp-json\/wp\/v2\/product\/428403\/revisions\/428404"}],"wp:featuredmedia":[{"embeddable":true,"href":"https:\/\/www.purejewels.com\/tr\/wp-json\/wp\/v2\/media\/342188"}],"wp:attachment":[{"href":"https:\/\/www.purejewels.com\/tr\/wp-json\/wp\/v2\/media?parent=428403"}],"wp:term":[{"taxonomy":"product_brand","embeddable":true,"href":"https:\/\/www.purejewels.com\/tr\/wp-json\/wp\/v2\/product_brand?post=428403"},{"taxonomy":"product_cat","embeddable":true,"href":"https:\/\/www.purejewels.com\/tr\/wp-json\/wp\/v2\/product_cat?post=428403"},{"taxonomy":"product_tag","embeddable":true,"href":"https:\/\/www.purejewels.com\/tr\/wp-json\/wp\/v2\/product_tag?post=428403"}],"curies":[{"name":"wp","href":"https:\/\/api.w.org\/{rel}","templated":true}]}}