{"id":428463,"date":"2026-01-14T12:41:29","date_gmt":"2026-01-14T12:41:29","guid":{"rendered":"https:\/\/www.purejewels.com\/?post_type=product&#038;p=428463"},"modified":"2026-04-14T13:17:09","modified_gmt":"2026-04-14T12:17:09","slug":"22-ayar-gundogumu-altin-cicek-baklali-bileklik-7-inc-55236","status":"publish","type":"product","link":"https:\/\/www.purejewels.com\/tr\/product\/22ct-sunrise-gold-flower-link-bracelet-7-inch-55236\/","title":{"rendered":"22 Ayar G\u00fcndo\u011fumu Alt\u0131n \u00c7i\u00e7ek Link Bileklik - 7 \u0130n\u00e7"},"content":{"rendered":"<p data-start=\"546\" data-end=\"974\"><strong data-start=\"546\" data-end=\"564\">Tasar\u0131m Konsepti<\/strong><br data-start=\"564\" data-end=\"567\" \/>Do\u011fan\u0131n sessiz g\u00fczelli\u011finden yumu\u015fak bir \u015fekilde ilham alan <strong data-start=\"613\" data-end=\"655\">22 Ayar G\u00fcndo\u011fumu Alt\u0131n \u00c7i\u00e7ek Link Bileklik<\/strong> zarif, ritmik bir tasar\u0131mda \u00e7i\u00e7ek a\u00e7an \u00e7i\u00e7eklerin \u00f6z\u00fcn\u00fc yakalar. Her bir \u00e7i\u00e7ek halkas\u0131, hayat\u0131n yolculu\u011funu yans\u0131tan s\u00fcrekli bir ak\u0131\u015fta bir araya getirilen b\u00fcy\u00fcme ve ba\u011flant\u0131 anlar\u0131n\u0131 sembolize eder. S\u0131cak g\u00fcn do\u011fumu alt\u0131n tonu, zamans\u0131z \u00e7i\u00e7ek motiflerine modern bir yorum getirerek yumu\u015fak \u0131\u015f\u0131lt\u0131s\u0131n\u0131 art\u0131r\u0131yor.<\/p>\n<p data-start=\"976\" data-end=\"1459\"><strong data-start=\"976\" data-end=\"993\">Zanaatkarl\u0131k<\/strong><br data-start=\"993\" data-end=\"996\" \/>I\u015f\u0131lt\u0131l\u0131 22 ayar Sunrise alt\u0131ndan ustal\u0131kla \u00fcretilen bu bileklik, PureJewels'in miras i\u015f\u00e7ili\u011fine ve hassasiyetine olan ba\u011fl\u0131l\u0131\u011f\u0131n\u0131 sergiliyor. Her bir \u00e7i\u00e7ek halkas\u0131, derinlik ve yumu\u015fak bir \u0131\u015f\u0131k etkile\u015fimi yaratan ince bir doku ile hassas bir \u015fekilde yontulmu\u015ftur. Ba\u011flant\u0131lar, g\u00fcnl\u00fck kullan\u0131m i\u00e7in dayan\u0131kl\u0131l\u0131\u011f\u0131 korurken, ak\u0131c\u0131 hareket ve rahat bir uyum sa\u011flamak i\u00e7in dikkatlice ba\u011flanm\u0131\u015ft\u0131r. 7 in\u00e7lik boyutuyla bile\u011fe zarif bir \u015fekilde oturur ve zarif ama hafif bir duru\u015f sunar.<\/p>\n<p data-start=\"1461\" data-end=\"1884\" data-is-last-node=\"\" data-is-only-node=\"\"><strong data-start=\"1461\" data-end=\"1478\">Stil Fikirleri<\/strong><br data-start=\"1478\" data-end=\"1481\" \/>Sadeli\u011fiyle zarif olan bu bilezik, hem g\u00fcnl\u00fck kullan\u0131m hem de \u00f6zel g\u00fcnler i\u00e7in m\u00fckemmeldir. \u0130nce, kad\u0131ns\u0131 bir ifade i\u00e7in tek ba\u015f\u0131na tak\u0131n veya daha \u00e7a\u011fda\u015f bir g\u00f6r\u00fcn\u00fcm i\u00e7in di\u011fer alt\u0131n bilezik ve bilekliklerle katmanlay\u0131n. S\u0131cak tonu ve zarif detaylar\u0131 hem geleneksel hem de modern stillerle g\u00fczel bir uyum sa\u011flar ve zahmetsizce ki\u015fisel hikayenizin bir par\u00e7as\u0131 haline gelen \u00e7ok y\u00f6nl\u00fc bir par\u00e7a haline getirir.<\/p>","protected":false},"excerpt":{"rendered":"<table class=\"sh_desc\" style=\"width: 100%;\">\n<tbody>\n<tr>\n<td style=\"width: 23.8333%;\">Bilezik T\u00fcr\u00fc<\/td>\n<td style=\"width: 76%;\">22 Ayar Alt\u0131n Bileklik<\/td>\n<\/tr>\n<tr>\n<td style=\"width: 23.8333%;\">SKU<\/td>\n<td style=\"width: 76%;\">55234, 55236<\/td>\n<\/tr>\n<tr>\n<td style=\"width: 23.8333%;\">A\u011f\u0131rl\u0131k<\/td>\n<td style=\"width: 76%;\">8.68 Gms<\/td>\n<\/tr>\n<tr>\n<td style=\"width: 23.8333%;\">\u00c7i\u00e7ek Geni\u015fli\u011fi<\/td>\n<td style=\"width: 76%;\">6mm<\/td>\n<\/tr>\n<tr>\n<td style=\"width: 23.8333%;\">Uzunluk<\/td>\n<td style=\"width: 76%;\">7 \u0130n\u00e7<\/td>\n<\/tr>\n<tr>\n<td style=\"width: 23.8333%;\">Hallmark<\/td>\n<td style=\"width: 76%;\">Londra Tahlil Ofisi Taraf\u0131ndan Damgalanm\u0131\u015f 22 Ayar Alt\u0131n<\/td>\n<\/tr>\n<tr>\n<td style=\"width: 23.8333%;\">\u00dccretler<\/td>\n<td style=\"width: 76%;\">Teslimat ve KDV Dahil<\/td>\n<\/tr>\n<tr>\n<td style=\"width: 23.8333%;\">Paketleme<\/td>\n<td style=\"width: 76%;\">Sunum Kutusu ile Birlikte Gelir<\/td>\n<\/tr>\n<tr>\n<td style=\"width: 23.8333%;\">Daha Fazla Bilgi<\/td>\n<td style=\"width: 76%;\">Alt\u0131n Bileklik stok durumu ve daha fazla g\u00f6rsel i\u00e7in bizimle canl\u0131 sohbet edin<\/td>\n<\/tr>\n<\/tbody>\n<\/table>","protected":false},"featured_media":359403,"comment_status":"closed","ping_status":"closed","template":"","meta":{"_eb_attr":"","_crsspst_to_jayantr4sg-hostcom":false},"product_brand":[],"product_cat":[6179,1791,5441,1559,236,5701,1790,1324,1229,1570,5586,1656,1569,1573,1574,5349],"product_tag":[5634],"class_list":{"0":"post-428463","1":"product","2":"type-product","3":"status-publish","4":"has-post-thumbnail","6":"product_cat-1-tola-gold-jewellery","7":"product_cat-anniversary-gifts","8":"product_cat-gold-bead-bracelets","9":"product_cat-birthday-gifts","10":"product_cat-collections","11":"product_cat-eid-jewellery","12":"product_cat-for-whom-when","13":"product_cat-gold-bracelet","14":"product_cat-22ct-gold-jewellery","15":"product_cat-mothers-day-gifts","16":"product_cat-rosette-bracelet","17":"product_cat-rosettes-collections","18":"product_cat-valentine-day-gifts","19":"product_cat-wedding-gifts","20":"product_cat-womens-jewellery","21":"product_cat-yellow-gold-jewellery","22":"product_tag-22ct-gold-bracelet-for-ladies","24":"first","25":"instock","26":"taxable","27":"shipping-taxable","28":"purchasable","29":"product-type-simple","30":"add-to-wishlist-before_image"},"yoast_head":"<!-- This site is optimized with the Yoast SEO plugin v27.4 - https:\/\/yoast.com\/product\/yoast-seo-wordpress\/ -->\n<title>22ct Sunrise Gold Flower Link Bracelet \u2013 7 Inch | PureJewels UK<\/title>\n<meta name=\"description\" content=\"Discover the 22ct Sunrise Gold Flower Link Bracelet, featuring delicate floral links in a warm golden hue\u2014crafted for timeless elegance and everyday wear.\" \/>\n<meta name=\"robots\" content=\"index, follow, max-snippet:-1, max-image-preview:large, max-video-preview:-1\" \/>\n<link rel=\"canonical\" href=\"https:\/\/www.purejewels.com\/tr\/urun\/22-ayar-gundogumu-altin-cicek-baklali-bileklik-7-inc-55236\/\" \/>\n<meta property=\"og:locale\" content=\"tr_TR\" \/>\n<meta property=\"og:type\" content=\"article\" \/>\n<meta property=\"og:title\" content=\"22ct Sunrise Gold Flower Link Bracelet \u2013 7 Inch | PureJewels UK\" \/>\n<meta property=\"og:description\" content=\"Discover the 22ct Sunrise Gold Flower Link Bracelet, featuring delicate floral links in a warm golden hue\u2014crafted for timeless elegance and everyday wear.\" \/>\n<meta property=\"og:url\" content=\"https:\/\/www.purejewels.com\/tr\/urun\/22-ayar-gundogumu-altin-cicek-baklali-bileklik-7-inc-55236\/\" \/>\n<meta property=\"og:site_name\" content=\"PureJewels UK\" \/>\n<meta property=\"article:modified_time\" content=\"2026-04-14T12:17:09+00:00\" \/>\n<meta property=\"og:image\" content=\"https:\/\/static.purejewels.com\/wp-content\/uploads\/2024\/03\/47840.png\" \/>\n\t<meta property=\"og:image:width\" content=\"1000\" \/>\n\t<meta property=\"og:image:height\" content=\"1000\" \/>\n\t<meta property=\"og:image:type\" content=\"image\/png\" \/>\n<meta name=\"twitter:card\" content=\"summary_large_image\" \/>\n<meta name=\"twitter:label1\" content=\"Tahmini okuma s\u00fcresi\" \/>\n\t<meta name=\"twitter:data1\" content=\"2 dakika\" \/>\n<script type=\"application\/ld+json\" class=\"yoast-schema-graph\">{\"@context\":\"https:\\\/\\\/schema.org\",\"@graph\":[{\"@type\":[\"WebPage\",\"ItemPage\"],\"@id\":\"https:\\\/\\\/www.purejewels.com\\\/product\\\/22ct-sunrise-gold-flower-link-bracelet-7-inch-55236\\\/\",\"url\":\"https:\\\/\\\/www.purejewels.com\\\/product\\\/22ct-sunrise-gold-flower-link-bracelet-7-inch-55236\\\/\",\"name\":\"22ct Sunrise Gold Flower Link Bracelet \u2013 7 Inch | PureJewels UK\",\"isPartOf\":{\"@id\":\"https:\\\/\\\/www.purejewels.com\\\/#website\"},\"primaryImageOfPage\":{\"@id\":\"https:\\\/\\\/www.purejewels.com\\\/product\\\/22ct-sunrise-gold-flower-link-bracelet-7-inch-55236\\\/#primaryimage\"},\"image\":{\"@id\":\"https:\\\/\\\/www.purejewels.com\\\/product\\\/22ct-sunrise-gold-flower-link-bracelet-7-inch-55236\\\/#primaryimage\"},\"thumbnailUrl\":\"https:\\\/\\\/static.purejewels.com\\\/wp-content\\\/uploads\\\/2024\\\/03\\\/47840.png\",\"datePublished\":\"2026-01-14T12:41:29+00:00\",\"dateModified\":\"2026-04-14T12:17:09+00:00\",\"description\":\"Discover the 22ct Sunrise Gold Flower Link Bracelet, featuring delicate floral links in a warm golden hue\u2014crafted for timeless elegance and everyday wear.\",\"breadcrumb\":{\"@id\":\"https:\\\/\\\/www.purejewels.com\\\/product\\\/22ct-sunrise-gold-flower-link-bracelet-7-inch-55236\\\/#breadcrumb\"},\"inLanguage\":\"tr\",\"potentialAction\":[{\"@type\":\"ReadAction\",\"target\":[\"https:\\\/\\\/www.purejewels.com\\\/product\\\/22ct-sunrise-gold-flower-link-bracelet-7-inch-55236\\\/\"]}]},{\"@type\":\"ImageObject\",\"inLanguage\":\"tr\",\"@id\":\"https:\\\/\\\/www.purejewels.com\\\/product\\\/22ct-sunrise-gold-flower-link-bracelet-7-inch-55236\\\/#primaryimage\",\"url\":\"https:\\\/\\\/static.purejewels.com\\\/wp-content\\\/uploads\\\/2024\\\/03\\\/47840.png\",\"contentUrl\":\"https:\\\/\\\/static.purejewels.com\\\/wp-content\\\/uploads\\\/2024\\\/03\\\/47840.png\",\"width\":1000,\"height\":1000,\"caption\":\"22ct Gold Bracelet\"},{\"@type\":\"BreadcrumbList\",\"@id\":\"https:\\\/\\\/www.purejewels.com\\\/product\\\/22ct-sunrise-gold-flower-link-bracelet-7-inch-55236\\\/#breadcrumb\",\"itemListElement\":[{\"@type\":\"ListItem\",\"position\":1,\"name\":\"Home\",\"item\":\"https:\\\/\\\/www.purejewels.com\\\/\"},{\"@type\":\"ListItem\",\"position\":2,\"name\":\"Shop\",\"item\":\"https:\\\/\\\/www.purejewels.com\\\/shop\\\/\"},{\"@type\":\"ListItem\",\"position\":3,\"name\":\"22ct Sunrise Gold Flower Link Bracelet \u2013 7 Inch\"}]},{\"@type\":\"WebSite\",\"@id\":\"https:\\\/\\\/www.purejewels.com\\\/#website\",\"url\":\"https:\\\/\\\/www.purejewels.com\\\/\",\"name\":\"PureJewels UK\",\"description\":\"Share the Love\",\"publisher\":{\"@id\":\"https:\\\/\\\/www.purejewels.com\\\/#organization\"},\"potentialAction\":[{\"@type\":\"SearchAction\",\"target\":{\"@type\":\"EntryPoint\",\"urlTemplate\":\"https:\\\/\\\/www.purejewels.com\\\/?s={search_term_string}\"},\"query-input\":{\"@type\":\"PropertyValueSpecification\",\"valueRequired\":true,\"valueName\":\"search_term_string\"}}],\"inLanguage\":\"tr\"},{\"@type\":\"Organization\",\"@id\":\"https:\\\/\\\/www.purejewels.com\\\/#organization\",\"name\":\"PureJewels UK\",\"url\":\"https:\\\/\\\/www.purejewels.com\\\/\",\"logo\":{\"@type\":\"ImageObject\",\"inLanguage\":\"tr\",\"@id\":\"https:\\\/\\\/www.purejewels.com\\\/#\\\/schema\\\/logo\\\/image\\\/\",\"url\":\"https:\\\/\\\/static.purejewels.com\\\/wp-content\\\/uploads\\\/2020\\\/11\\\/Logo-PJ-New-1.png\",\"contentUrl\":\"https:\\\/\\\/static.purejewels.com\\\/wp-content\\\/uploads\\\/2020\\\/11\\\/Logo-PJ-New-1.png\",\"width\":150,\"height\":80,\"caption\":\"PureJewels UK\"},\"image\":{\"@id\":\"https:\\\/\\\/www.purejewels.com\\\/#\\\/schema\\\/logo\\\/image\\\/\"}}]}<\/script>\n<!-- \/ Yoast SEO plugin. -->","yoast_head_json":{"title":"22 Ayar G\u00fcndo\u011fumu Alt\u0131n \u00c7i\u00e7ek Link Bileklik - 7 \u0130n\u00e7 | PureJewels UK","description":"Zamans\u0131z \u015f\u0131kl\u0131k ve g\u00fcnl\u00fck kullan\u0131m i\u00e7in \u00fcretilmi\u015f, s\u0131cak alt\u0131n tonunda narin \u00e7i\u00e7ekli ba\u011flant\u0131lara sahip 22 ayar Sunrise Gold Flower Link Bilezi\u011fi ke\u015ffedin.","robots":{"index":"index","follow":"follow","max-snippet":"max-snippet:-1","max-image-preview":"max-image-preview:large","max-video-preview":"max-video-preview:-1"},"canonical":"https:\/\/www.purejewels.com\/tr\/urun\/22-ayar-gundogumu-altin-cicek-baklali-bileklik-7-inc-55236\/","og_locale":"tr_TR","og_type":"article","og_title":"22ct Sunrise Gold Flower Link Bracelet \u2013 7 Inch | PureJewels UK","og_description":"Discover the 22ct Sunrise Gold Flower Link Bracelet, featuring delicate floral links in a warm golden hue\u2014crafted for timeless elegance and everyday wear.","og_url":"https:\/\/www.purejewels.com\/tr\/urun\/22-ayar-gundogumu-altin-cicek-baklali-bileklik-7-inc-55236\/","og_site_name":"PureJewels UK","article_modified_time":"2026-04-14T12:17:09+00:00","og_image":[{"width":1000,"height":1000,"url":"https:\/\/static.purejewels.com\/wp-content\/uploads\/2024\/03\/47840.png","type":"image\/png"}],"twitter_card":"summary_large_image","twitter_misc":{"Tahmini okuma s\u00fcresi":"2 dakika"},"schema":{"@context":"https:\/\/schema.org","@graph":[{"@type":["WebPage","ItemPage"],"@id":"https:\/\/www.purejewels.com\/product\/22ct-sunrise-gold-flower-link-bracelet-7-inch-55236\/","url":"https:\/\/www.purejewels.com\/product\/22ct-sunrise-gold-flower-link-bracelet-7-inch-55236\/","name":"22 Ayar G\u00fcndo\u011fumu Alt\u0131n \u00c7i\u00e7ek Link Bileklik - 7 \u0130n\u00e7 | PureJewels UK","isPartOf":{"@id":"https:\/\/www.purejewels.com\/#website"},"primaryImageOfPage":{"@id":"https:\/\/www.purejewels.com\/product\/22ct-sunrise-gold-flower-link-bracelet-7-inch-55236\/#primaryimage"},"image":{"@id":"https:\/\/www.purejewels.com\/product\/22ct-sunrise-gold-flower-link-bracelet-7-inch-55236\/#primaryimage"},"thumbnailUrl":"https:\/\/static.purejewels.com\/wp-content\/uploads\/2024\/03\/47840.png","datePublished":"2026-01-14T12:41:29+00:00","dateModified":"2026-04-14T12:17:09+00:00","description":"Zamans\u0131z \u015f\u0131kl\u0131k ve g\u00fcnl\u00fck kullan\u0131m i\u00e7in \u00fcretilmi\u015f, s\u0131cak alt\u0131n tonunda narin \u00e7i\u00e7ekli ba\u011flant\u0131lara sahip 22 ayar Sunrise Gold Flower Link Bilezi\u011fi ke\u015ffedin.","breadcrumb":{"@id":"https:\/\/www.purejewels.com\/product\/22ct-sunrise-gold-flower-link-bracelet-7-inch-55236\/#breadcrumb"},"inLanguage":"tr","potentialAction":[{"@type":"ReadAction","target":["https:\/\/www.purejewels.com\/product\/22ct-sunrise-gold-flower-link-bracelet-7-inch-55236\/"]}]},{"@type":"ImageObject","inLanguage":"tr","@id":"https:\/\/www.purejewels.com\/product\/22ct-sunrise-gold-flower-link-bracelet-7-inch-55236\/#primaryimage","url":"https:\/\/static.purejewels.com\/wp-content\/uploads\/2024\/03\/47840.png","contentUrl":"https:\/\/static.purejewels.com\/wp-content\/uploads\/2024\/03\/47840.png","width":1000,"height":1000,"caption":"22ct Gold Bracelet"},{"@type":"BreadcrumbList","@id":"https:\/\/www.purejewels.com\/product\/22ct-sunrise-gold-flower-link-bracelet-7-inch-55236\/#breadcrumb","itemListElement":[{"@type":"ListItem","position":1,"name":"Home","item":"https:\/\/www.purejewels.com\/"},{"@type":"ListItem","position":2,"name":"Shop","item":"https:\/\/www.purejewels.com\/shop\/"},{"@type":"ListItem","position":3,"name":"22ct Sunrise Gold Flower Link Bracelet \u2013 7 Inch"}]},{"@type":"WebSite","@id":"https:\/\/www.purejewels.com\/#website","url":"https:\/\/www.purejewels.com\/","name":"PureJewels \u0130ngiltere","description":"Sevgiyi Payla\u015f\u0131n","publisher":{"@id":"https:\/\/www.purejewels.com\/#organization"},"potentialAction":[{"@type":"SearchAction","target":{"@type":"EntryPoint","urlTemplate":"https:\/\/www.purejewels.com\/?s={search_term_string}"},"query-input":{"@type":"PropertyValueSpecification","valueRequired":true,"valueName":"search_term_string"}}],"inLanguage":"tr"},{"@type":"Organization","@id":"https:\/\/www.purejewels.com\/#organization","name":"PureJewels \u0130ngiltere","url":"https:\/\/www.purejewels.com\/","logo":{"@type":"ImageObject","inLanguage":"tr","@id":"https:\/\/www.purejewels.com\/#\/schema\/logo\/image\/","url":"https:\/\/static.purejewels.com\/wp-content\/uploads\/2020\/11\/Logo-PJ-New-1.png","contentUrl":"https:\/\/static.purejewels.com\/wp-content\/uploads\/2020\/11\/Logo-PJ-New-1.png","width":150,"height":80,"caption":"PureJewels UK"},"image":{"@id":"https:\/\/www.purejewels.com\/#\/schema\/logo\/image\/"}}]}},"_links":{"self":[{"href":"https:\/\/www.purejewels.com\/tr\/wp-json\/wp\/v2\/product\/428463","targetHints":{"allow":["GET"]}}],"collection":[{"href":"https:\/\/www.purejewels.com\/tr\/wp-json\/wp\/v2\/product"}],"about":[{"href":"https:\/\/www.purejewels.com\/tr\/wp-json\/wp\/v2\/types\/product"}],"replies":[{"embeddable":true,"href":"https:\/\/www.purejewels.com\/tr\/wp-json\/wp\/v2\/comments?post=428463"}],"version-history":[{"count":1,"href":"https:\/\/www.purejewels.com\/tr\/wp-json\/wp\/v2\/product\/428463\/revisions"}],"predecessor-version":[{"id":428464,"href":"https:\/\/www.purejewels.com\/tr\/wp-json\/wp\/v2\/product\/428463\/revisions\/428464"}],"wp:featuredmedia":[{"embeddable":true,"href":"https:\/\/www.purejewels.com\/tr\/wp-json\/wp\/v2\/media\/359403"}],"wp:attachment":[{"href":"https:\/\/www.purejewels.com\/tr\/wp-json\/wp\/v2\/media?parent=428463"}],"wp:term":[{"taxonomy":"product_brand","embeddable":true,"href":"https:\/\/www.purejewels.com\/tr\/wp-json\/wp\/v2\/product_brand?post=428463"},{"taxonomy":"product_cat","embeddable":true,"href":"https:\/\/www.purejewels.com\/tr\/wp-json\/wp\/v2\/product_cat?post=428463"},{"taxonomy":"product_tag","embeddable":true,"href":"https:\/\/www.purejewels.com\/tr\/wp-json\/wp\/v2\/product_tag?post=428463"}],"curies":[{"name":"wp","href":"https:\/\/api.w.org\/{rel}","templated":true}]}}