{"id":428465,"date":"2026-01-14T13:22:37","date_gmt":"2026-01-14T13:22:37","guid":{"rendered":"https:\/\/www.purejewels.com\/?post_type=product&#038;p=428465"},"modified":"2026-04-14T13:31:07","modified_gmt":"2026-04-14T12:31:07","slug":"22-ayar-gundogumu-altin-cicekli-zincir-bileklik-55274","status":"publish","type":"product","link":"https:\/\/www.purejewels.com\/tr\/product\/22ct-sunrise-gold-floral-chain-bracelet-55274\/","title":{"rendered":"22 Ayar G\u00fcndo\u011fumu Alt\u0131n \u00c7i\u00e7ekli Zincir Bileklik"},"content":{"rendered":"<p data-start=\"710\" data-end=\"1129\"><strong data-start=\"710\" data-end=\"728\">Tasar\u0131m Konsepti<\/strong><br data-start=\"728\" data-end=\"731\" \/>\u00c7i\u00e7ek a\u00e7an \u00e7i\u00e7eklerin nazik \u015fiirselli\u011finden ilham alan <strong data-start=\"786\" data-end=\"829\">22 Ayar G\u00fcndo\u011fumu Alt\u0131n \u00c7i\u00e7ekli Zincir Bileklik<\/strong> do\u011fa ve tasar\u0131m\u0131 hassas ba\u011flant\u0131lar\u0131n kusursuz ak\u0131\u015f\u0131nda bir araya getiriyor. Her bir \u00e7i\u00e7ek unsuru yolculu\u011funuzdaki bir an\u0131 temsil ediyor; birbirine ba\u011fl\u0131, geli\u015fen ve g\u00fczel bir \u015fekilde dengelenmi\u015f. G\u00fcndo\u011fumu alt\u0131n\u0131n\u0131n yumu\u015fak s\u0131cakl\u0131\u011f\u0131, par\u00e7an\u0131n kad\u0131ns\u0131l\u0131\u011f\u0131n\u0131 art\u0131rarak zarafetin modern ama zamans\u0131z bir ifadesini sunuyor.<\/p>\n<p data-start=\"1131\" data-end=\"1630\"><strong data-start=\"1131\" data-end=\"1148\">Zanaatkarl\u0131k<\/strong><br data-start=\"1148\" data-end=\"1151\" \/>I\u015f\u0131lt\u0131l\u0131 22 ayar Sunrise alt\u0131ndan \u00fcretilen bu bileklik, PureJewels'in hassasiyete ve geleneksel i\u015f\u00e7ili\u011fe olan ba\u011fl\u0131l\u0131\u011f\u0131n\u0131 yans\u0131t\u0131yor. Her bir \u00e7i\u00e7ek halkas\u0131, \u0131\u015f\u0131\u011f\u0131n y\u00fczeyinde yumu\u015fak bir \u015fekilde dans etmesini sa\u011flayan ince bir dokuyla karma\u015f\u0131k bir \u015fekilde \u015fekillendirilmi\u015ftir. Ak\u0131c\u0131 hareket ve rahatl\u0131k i\u00e7in tasarlanan zincir, g\u00fcnl\u00fck kullan\u0131m i\u00e7in dayan\u0131kl\u0131l\u0131\u011f\u0131n\u0131 korurken bile\u011fe zarif bir \u015fekilde oturmas\u0131n\u0131 sa\u011flar. Her ayr\u0131nt\u0131, yetenekli zanaatkarlar taraf\u0131ndan \u00f6zenle tamamlanarak hem sanat hem de uzun \u00f6m\u00fcrl\u00fcl\u00fck onurland\u0131r\u0131lm\u0131\u015ft\u0131r.<\/p>\n<p data-start=\"1632\" data-end=\"2032\" data-is-last-node=\"\" data-is-only-node=\"\"><strong data-start=\"1632\" data-end=\"1649\">Stil Fikirleri<\/strong><br data-start=\"1649\" data-end=\"1652\" \/>Zahmetsizce \u00e7ok y\u00f6nl\u00fc olan bu bilezik, sade bir zarafet i\u00e7in tek ba\u015f\u0131na zarif bir par\u00e7a olarak tak\u0131labilir veya daha etkileyici, \u00e7a\u011fda\u015f bir g\u00f6r\u00fcn\u00fcm i\u00e7in di\u011fer alt\u0131n bileziklerle katmanland\u0131r\u0131labilir. S\u0131cak tonu hem geleneksel k\u0131yafetlerle hem de modern sil\u00fcetlerle g\u00fczel bir uyum sa\u011flayarak koleksiyonunuza zamans\u0131z bir katk\u0131 sa\u011flar; tarz\u0131n\u0131zla birlikte geli\u015fir ve yolculu\u011funuzu kutlar.<\/p>","protected":false},"excerpt":{"rendered":"<table class=\"sh_desc\" style=\"width: 100%;\">\n<tbody>\n<tr>\n<td style=\"width: 23.8333%;\">Bilezik T\u00fcr\u00fc<\/td>\n<td style=\"width: 76%;\">22 Ayar Alt\u0131n Bileklik<\/td>\n<\/tr>\n<tr>\n<td style=\"width: 23.8333%;\">SKU<\/td>\n<td style=\"width: 76%;\">55274, 55273, 52668<\/td>\n<\/tr>\n<tr>\n<td style=\"width: 23.8333%;\">A\u011f\u0131rl\u0131k<\/td>\n<td style=\"width: 76%;\">7.07 Gms<\/td>\n<\/tr>\n<tr>\n<td style=\"width: 23.8333%;\">\u00c7i\u00e7ek Geni\u015fli\u011fi<\/td>\n<td style=\"width: 76%;\">4mm<\/td>\n<\/tr>\n<tr>\n<td style=\"width: 23.8333%;\">Uzunluk<\/td>\n<td style=\"width: 76%;\">7,5 \u0130n\u00e7<\/td>\n<\/tr>\n<tr>\n<td style=\"width: 23.8333%;\">Hallmark<\/td>\n<td style=\"width: 76%;\">Londra Tahlil Ofisi Taraf\u0131ndan Damgalanm\u0131\u015f 22 Ayar Alt\u0131n<\/td>\n<\/tr>\n<tr>\n<td style=\"width: 23.8333%;\">\u00dccretler<\/td>\n<td style=\"width: 76%;\">Teslimat ve KDV Dahil<\/td>\n<\/tr>\n<tr>\n<td style=\"width: 23.8333%;\">Paketleme<\/td>\n<td style=\"width: 76%;\">Sunum Kutusu ile Birlikte Gelir<\/td>\n<\/tr>\n<tr>\n<td style=\"width: 23.8333%;\">Daha Fazla Bilgi<\/td>\n<td style=\"width: 76%;\">Alt\u0131n Bileklik stok durumu ve daha fazla g\u00f6rsel i\u00e7in bizimle canl\u0131 sohbet edin<\/td>\n<\/tr>\n<\/tbody>\n<\/table>","protected":false},"featured_media":359403,"comment_status":"closed","ping_status":"closed","template":"","meta":{"_eb_attr":"","_crsspst_to_jayantr4sg-hostcom":false},"product_brand":[],"product_cat":[6179,1791,5441,1559,236,5701,1790,1324,1229,1570,5586,1656,1569,1573,1574,5349],"product_tag":[5634],"class_list":{"0":"post-428465","1":"product","2":"type-product","3":"status-publish","4":"has-post-thumbnail","6":"product_cat-1-tola-gold-jewellery","7":"product_cat-anniversary-gifts","8":"product_cat-gold-bead-bracelets","9":"product_cat-birthday-gifts","10":"product_cat-collections","11":"product_cat-eid-jewellery","12":"product_cat-for-whom-when","13":"product_cat-gold-bracelet","14":"product_cat-22ct-gold-jewellery","15":"product_cat-mothers-day-gifts","16":"product_cat-rosette-bracelet","17":"product_cat-rosettes-collections","18":"product_cat-valentine-day-gifts","19":"product_cat-wedding-gifts","20":"product_cat-womens-jewellery","21":"product_cat-yellow-gold-jewellery","22":"product_tag-22ct-gold-bracelet-for-ladies","24":"first","25":"instock","26":"taxable","27":"shipping-taxable","28":"purchasable","29":"product-type-simple","30":"add-to-wishlist-before_image"},"yoast_head":"<!-- This site is optimized with the Yoast SEO plugin v27.4 - https:\/\/yoast.com\/product\/yoast-seo-wordpress\/ -->\n<title>22ct Sunrise Gold Floral Chain Bracelet | Elegant Gold Jewellery<\/title>\n<meta name=\"description\" content=\"Explore the 22ct Sunrise Gold Floral Chain Bracelet, featuring delicate floral links in a warm golden tone\u2014crafted for timeless elegance and everyday wear.\" \/>\n<meta name=\"robots\" content=\"index, follow, max-snippet:-1, max-image-preview:large, max-video-preview:-1\" \/>\n<link rel=\"canonical\" href=\"https:\/\/www.purejewels.com\/tr\/urun\/22-ayar-gundogumu-altin-cicekli-zincir-bileklik-55274\/\" \/>\n<meta property=\"og:locale\" content=\"tr_TR\" \/>\n<meta property=\"og:type\" content=\"article\" \/>\n<meta property=\"og:title\" content=\"22ct Sunrise Gold Floral Chain Bracelet | Elegant Gold Jewellery\" \/>\n<meta property=\"og:description\" content=\"Explore the 22ct Sunrise Gold Floral Chain Bracelet, featuring delicate floral links in a warm golden tone\u2014crafted for timeless elegance and everyday wear.\" \/>\n<meta property=\"og:url\" content=\"https:\/\/www.purejewels.com\/tr\/urun\/22-ayar-gundogumu-altin-cicekli-zincir-bileklik-55274\/\" \/>\n<meta property=\"og:site_name\" content=\"PureJewels UK\" \/>\n<meta property=\"article:modified_time\" content=\"2026-04-14T12:31:07+00:00\" \/>\n<meta property=\"og:image\" content=\"https:\/\/static.purejewels.com\/wp-content\/uploads\/2024\/03\/47840.png\" \/>\n\t<meta property=\"og:image:width\" content=\"1000\" \/>\n\t<meta property=\"og:image:height\" content=\"1000\" \/>\n\t<meta property=\"og:image:type\" content=\"image\/png\" \/>\n<meta name=\"twitter:card\" content=\"summary_large_image\" \/>\n<meta name=\"twitter:label1\" content=\"Tahmini okuma s\u00fcresi\" \/>\n\t<meta name=\"twitter:data1\" content=\"2 dakika\" \/>\n<script type=\"application\/ld+json\" class=\"yoast-schema-graph\">{\"@context\":\"https:\\\/\\\/schema.org\",\"@graph\":[{\"@type\":[\"WebPage\",\"ItemPage\"],\"@id\":\"https:\\\/\\\/www.purejewels.com\\\/product\\\/22ct-sunrise-gold-floral-chain-bracelet-55274\\\/\",\"url\":\"https:\\\/\\\/www.purejewels.com\\\/product\\\/22ct-sunrise-gold-floral-chain-bracelet-55274\\\/\",\"name\":\"22ct Sunrise Gold Floral Chain Bracelet | Elegant Gold Jewellery\",\"isPartOf\":{\"@id\":\"https:\\\/\\\/www.purejewels.com\\\/#website\"},\"primaryImageOfPage\":{\"@id\":\"https:\\\/\\\/www.purejewels.com\\\/product\\\/22ct-sunrise-gold-floral-chain-bracelet-55274\\\/#primaryimage\"},\"image\":{\"@id\":\"https:\\\/\\\/www.purejewels.com\\\/product\\\/22ct-sunrise-gold-floral-chain-bracelet-55274\\\/#primaryimage\"},\"thumbnailUrl\":\"https:\\\/\\\/static.purejewels.com\\\/wp-content\\\/uploads\\\/2024\\\/03\\\/47840.png\",\"datePublished\":\"2026-01-14T13:22:37+00:00\",\"dateModified\":\"2026-04-14T12:31:07+00:00\",\"description\":\"Explore the 22ct Sunrise Gold Floral Chain Bracelet, featuring delicate floral links in a warm golden tone\u2014crafted for timeless elegance and everyday wear.\",\"breadcrumb\":{\"@id\":\"https:\\\/\\\/www.purejewels.com\\\/product\\\/22ct-sunrise-gold-floral-chain-bracelet-55274\\\/#breadcrumb\"},\"inLanguage\":\"tr\",\"potentialAction\":[{\"@type\":\"ReadAction\",\"target\":[\"https:\\\/\\\/www.purejewels.com\\\/product\\\/22ct-sunrise-gold-floral-chain-bracelet-55274\\\/\"]}]},{\"@type\":\"ImageObject\",\"inLanguage\":\"tr\",\"@id\":\"https:\\\/\\\/www.purejewels.com\\\/product\\\/22ct-sunrise-gold-floral-chain-bracelet-55274\\\/#primaryimage\",\"url\":\"https:\\\/\\\/static.purejewels.com\\\/wp-content\\\/uploads\\\/2024\\\/03\\\/47840.png\",\"contentUrl\":\"https:\\\/\\\/static.purejewels.com\\\/wp-content\\\/uploads\\\/2024\\\/03\\\/47840.png\",\"width\":1000,\"height\":1000,\"caption\":\"22ct Gold Bracelet\"},{\"@type\":\"BreadcrumbList\",\"@id\":\"https:\\\/\\\/www.purejewels.com\\\/product\\\/22ct-sunrise-gold-floral-chain-bracelet-55274\\\/#breadcrumb\",\"itemListElement\":[{\"@type\":\"ListItem\",\"position\":1,\"name\":\"Home\",\"item\":\"https:\\\/\\\/www.purejewels.com\\\/\"},{\"@type\":\"ListItem\",\"position\":2,\"name\":\"Shop\",\"item\":\"https:\\\/\\\/www.purejewels.com\\\/shop\\\/\"},{\"@type\":\"ListItem\",\"position\":3,\"name\":\"22ct Sunrise Gold Floral Chain Bracelet\"}]},{\"@type\":\"WebSite\",\"@id\":\"https:\\\/\\\/www.purejewels.com\\\/#website\",\"url\":\"https:\\\/\\\/www.purejewels.com\\\/\",\"name\":\"PureJewels UK\",\"description\":\"Share the Love\",\"publisher\":{\"@id\":\"https:\\\/\\\/www.purejewels.com\\\/#organization\"},\"potentialAction\":[{\"@type\":\"SearchAction\",\"target\":{\"@type\":\"EntryPoint\",\"urlTemplate\":\"https:\\\/\\\/www.purejewels.com\\\/?s={search_term_string}\"},\"query-input\":{\"@type\":\"PropertyValueSpecification\",\"valueRequired\":true,\"valueName\":\"search_term_string\"}}],\"inLanguage\":\"tr\"},{\"@type\":\"Organization\",\"@id\":\"https:\\\/\\\/www.purejewels.com\\\/#organization\",\"name\":\"PureJewels UK\",\"url\":\"https:\\\/\\\/www.purejewels.com\\\/\",\"logo\":{\"@type\":\"ImageObject\",\"inLanguage\":\"tr\",\"@id\":\"https:\\\/\\\/www.purejewels.com\\\/#\\\/schema\\\/logo\\\/image\\\/\",\"url\":\"https:\\\/\\\/static.purejewels.com\\\/wp-content\\\/uploads\\\/2020\\\/11\\\/Logo-PJ-New-1.png\",\"contentUrl\":\"https:\\\/\\\/static.purejewels.com\\\/wp-content\\\/uploads\\\/2020\\\/11\\\/Logo-PJ-New-1.png\",\"width\":150,\"height\":80,\"caption\":\"PureJewels UK\"},\"image\":{\"@id\":\"https:\\\/\\\/www.purejewels.com\\\/#\\\/schema\\\/logo\\\/image\\\/\"}}]}<\/script>\n<!-- \/ Yoast SEO plugin. -->","yoast_head_json":{"title":"22 Ayar Sunrise Alt\u0131n \u00c7i\u00e7ekli Zincir Bileklik | Zarif Alt\u0131n Tak\u0131lar","description":"Zamans\u0131z \u015f\u0131kl\u0131k ve g\u00fcnl\u00fck kullan\u0131m i\u00e7in haz\u0131rlanm\u0131\u015f, s\u0131cak alt\u0131n tonunda narin \u00e7i\u00e7ekli ba\u011flant\u0131lara sahip 22 ayar Sunrise Alt\u0131n \u00c7i\u00e7ekli Zincir Bilezi\u011fi ke\u015ffedin.","robots":{"index":"index","follow":"follow","max-snippet":"max-snippet:-1","max-image-preview":"max-image-preview:large","max-video-preview":"max-video-preview:-1"},"canonical":"https:\/\/www.purejewels.com\/tr\/urun\/22-ayar-gundogumu-altin-cicekli-zincir-bileklik-55274\/","og_locale":"tr_TR","og_type":"article","og_title":"22ct Sunrise Gold Floral Chain Bracelet | Elegant Gold Jewellery","og_description":"Explore the 22ct Sunrise Gold Floral Chain Bracelet, featuring delicate floral links in a warm golden tone\u2014crafted for timeless elegance and everyday wear.","og_url":"https:\/\/www.purejewels.com\/tr\/urun\/22-ayar-gundogumu-altin-cicekli-zincir-bileklik-55274\/","og_site_name":"PureJewels UK","article_modified_time":"2026-04-14T12:31:07+00:00","og_image":[{"width":1000,"height":1000,"url":"https:\/\/static.purejewels.com\/wp-content\/uploads\/2024\/03\/47840.png","type":"image\/png"}],"twitter_card":"summary_large_image","twitter_misc":{"Tahmini okuma s\u00fcresi":"2 dakika"},"schema":{"@context":"https:\/\/schema.org","@graph":[{"@type":["WebPage","ItemPage"],"@id":"https:\/\/www.purejewels.com\/product\/22ct-sunrise-gold-floral-chain-bracelet-55274\/","url":"https:\/\/www.purejewels.com\/product\/22ct-sunrise-gold-floral-chain-bracelet-55274\/","name":"22 Ayar Sunrise Alt\u0131n \u00c7i\u00e7ekli Zincir Bileklik | Zarif Alt\u0131n Tak\u0131lar","isPartOf":{"@id":"https:\/\/www.purejewels.com\/#website"},"primaryImageOfPage":{"@id":"https:\/\/www.purejewels.com\/product\/22ct-sunrise-gold-floral-chain-bracelet-55274\/#primaryimage"},"image":{"@id":"https:\/\/www.purejewels.com\/product\/22ct-sunrise-gold-floral-chain-bracelet-55274\/#primaryimage"},"thumbnailUrl":"https:\/\/static.purejewels.com\/wp-content\/uploads\/2024\/03\/47840.png","datePublished":"2026-01-14T13:22:37+00:00","dateModified":"2026-04-14T12:31:07+00:00","description":"Zamans\u0131z \u015f\u0131kl\u0131k ve g\u00fcnl\u00fck kullan\u0131m i\u00e7in haz\u0131rlanm\u0131\u015f, s\u0131cak alt\u0131n tonunda narin \u00e7i\u00e7ekli ba\u011flant\u0131lara sahip 22 ayar Sunrise Alt\u0131n \u00c7i\u00e7ekli Zincir Bilezi\u011fi ke\u015ffedin.","breadcrumb":{"@id":"https:\/\/www.purejewels.com\/product\/22ct-sunrise-gold-floral-chain-bracelet-55274\/#breadcrumb"},"inLanguage":"tr","potentialAction":[{"@type":"ReadAction","target":["https:\/\/www.purejewels.com\/product\/22ct-sunrise-gold-floral-chain-bracelet-55274\/"]}]},{"@type":"ImageObject","inLanguage":"tr","@id":"https:\/\/www.purejewels.com\/product\/22ct-sunrise-gold-floral-chain-bracelet-55274\/#primaryimage","url":"https:\/\/static.purejewels.com\/wp-content\/uploads\/2024\/03\/47840.png","contentUrl":"https:\/\/static.purejewels.com\/wp-content\/uploads\/2024\/03\/47840.png","width":1000,"height":1000,"caption":"22ct Gold Bracelet"},{"@type":"BreadcrumbList","@id":"https:\/\/www.purejewels.com\/product\/22ct-sunrise-gold-floral-chain-bracelet-55274\/#breadcrumb","itemListElement":[{"@type":"ListItem","position":1,"name":"Home","item":"https:\/\/www.purejewels.com\/"},{"@type":"ListItem","position":2,"name":"Shop","item":"https:\/\/www.purejewels.com\/shop\/"},{"@type":"ListItem","position":3,"name":"22ct Sunrise Gold Floral Chain Bracelet"}]},{"@type":"WebSite","@id":"https:\/\/www.purejewels.com\/#website","url":"https:\/\/www.purejewels.com\/","name":"PureJewels \u0130ngiltere","description":"Sevgiyi Payla\u015f\u0131n","publisher":{"@id":"https:\/\/www.purejewels.com\/#organization"},"potentialAction":[{"@type":"SearchAction","target":{"@type":"EntryPoint","urlTemplate":"https:\/\/www.purejewels.com\/?s={search_term_string}"},"query-input":{"@type":"PropertyValueSpecification","valueRequired":true,"valueName":"search_term_string"}}],"inLanguage":"tr"},{"@type":"Organization","@id":"https:\/\/www.purejewels.com\/#organization","name":"PureJewels \u0130ngiltere","url":"https:\/\/www.purejewels.com\/","logo":{"@type":"ImageObject","inLanguage":"tr","@id":"https:\/\/www.purejewels.com\/#\/schema\/logo\/image\/","url":"https:\/\/static.purejewels.com\/wp-content\/uploads\/2020\/11\/Logo-PJ-New-1.png","contentUrl":"https:\/\/static.purejewels.com\/wp-content\/uploads\/2020\/11\/Logo-PJ-New-1.png","width":150,"height":80,"caption":"PureJewels UK"},"image":{"@id":"https:\/\/www.purejewels.com\/#\/schema\/logo\/image\/"}}]}},"_links":{"self":[{"href":"https:\/\/www.purejewels.com\/tr\/wp-json\/wp\/v2\/product\/428465","targetHints":{"allow":["GET"]}}],"collection":[{"href":"https:\/\/www.purejewels.com\/tr\/wp-json\/wp\/v2\/product"}],"about":[{"href":"https:\/\/www.purejewels.com\/tr\/wp-json\/wp\/v2\/types\/product"}],"replies":[{"embeddable":true,"href":"https:\/\/www.purejewels.com\/tr\/wp-json\/wp\/v2\/comments?post=428465"}],"version-history":[{"count":1,"href":"https:\/\/www.purejewels.com\/tr\/wp-json\/wp\/v2\/product\/428465\/revisions"}],"predecessor-version":[{"id":428466,"href":"https:\/\/www.purejewels.com\/tr\/wp-json\/wp\/v2\/product\/428465\/revisions\/428466"}],"wp:featuredmedia":[{"embeddable":true,"href":"https:\/\/www.purejewels.com\/tr\/wp-json\/wp\/v2\/media\/359403"}],"wp:attachment":[{"href":"https:\/\/www.purejewels.com\/tr\/wp-json\/wp\/v2\/media?parent=428465"}],"wp:term":[{"taxonomy":"product_brand","embeddable":true,"href":"https:\/\/www.purejewels.com\/tr\/wp-json\/wp\/v2\/product_brand?post=428465"},{"taxonomy":"product_cat","embeddable":true,"href":"https:\/\/www.purejewels.com\/tr\/wp-json\/wp\/v2\/product_cat?post=428465"},{"taxonomy":"product_tag","embeddable":true,"href":"https:\/\/www.purejewels.com\/tr\/wp-json\/wp\/v2\/product_tag?post=428465"}],"curies":[{"name":"wp","href":"https:\/\/api.w.org\/{rel}","templated":true}]}}